{"id":4011,"date":"2024-09-21T08:24:14","date_gmt":"2024-09-21T08:24:14","guid":{"rendered":"https:\/\/legitgrams.com\/?post_type=product&#038;p=4011"},"modified":"2025-01-14T10:05:46","modified_gmt":"2025-01-14T10:05:46","slug":"hachis-de-caramelo-marroqui","status":"publish","type":"product","link":"https:\/\/legitgrams.com\/es\/producto\/hachis-de-caramelo-marroqui\/","title":{"rendered":"Hach\u00eds marroqu\u00ed de caramelo"},"content":{"rendered":"<h2>Compra Hash Caramelizado de Marruecos en l\u00ednea<\/h2>\n<p>En l\u00ednea, comprar <a href=\"https:\/\/legitgrams.com\/es\/producto\/hachis-de-caramelo-marroqui\/\">Hach\u00eds marroqu\u00ed con caramelo<\/a>El hach\u00eds marroqu\u00ed Caramello es un clon del hach\u00eds. En general, es legal y lo seguir\u00e1 siendo hasta el fin de los tiempos. No contiene cannabinoides sint\u00e9ticos, THC ni otros compuestos de grado de investigaci\u00f3n (como JWH-018, JWH-073, JWH-250, AM-2209, etc.). Es muy probable que sea el mejor hach\u00eds legal disponible. Solo se utilizan sustancias comunes de grado alimenticio. Huele a c\u00e1\u00f1amo, se siente como hach\u00eds, parece hach\u00eds y tiende a tener un sabor fant\u00e1stico en general. La \u00fanica forma en que el hach\u00eds marroqu\u00ed Caramello se diferencia de nuestros otros productos es en el tono. Si est\u00e1 interesado en nuestros productos, primero debe obtener un paquete de muestra. comprar medicamentos recetados en l\u00ednea. <a href=\"https:\/\/legitgrams.com\/es\/\">LegitGrams<\/a><\/p>\n<p>Comprar Hash Caramelizado Marroqu\u00ed Online: Comprar hach\u00eds, comprar Hash Caramelizado Marroqu\u00ed, comprar Hash Caramelizado Marroqu\u00ed en Internet, D\u00f3nde Comprar Hash Caramelizado Marroqu\u00ed, D\u00f3nde Comprar Hash Caramelizado Marroqu\u00ed Online, D\u00f3nde Comprar Hash Caramelizado Marroqu\u00ed en EE. UU., Canad\u00e1 y el Reino Unido, D\u00f3nde Comprar Hash Caramelizado Marroqu\u00ed Online, Proveedores, Entrega Segura, A\u00fan puedes conseguir el Hash Caramelizado Marroqu\u00ed. \u00bfEs posible comprar Hash Caramelizado Marroqu\u00ed? <a href=\"https:\/\/en.wikipedia.org\/wiki\/Hashish\">Hash<\/a> \u00bfEn l\u00ednea? \u00bfEs legal consumir Caramelo Hash Marroqu\u00ed en los EE. UU.? \u00bfCanad\u00e1 permite el Caramelo Hash Marroqu\u00ed?<\/p>\n<h2><\/h2>\n<h2><\/h2>","protected":false},"excerpt":{"rendered":"<p>Purchase Caramello Hash from Morocco Online Online, purchase Moroccan Caramel Hash. Morocco&#8217;s Caramello hash is a hash clone. In general, it is legal and will remain so till the end of time. Synthetic cannabinoids, THC, and other research-grade compounds (such JWH-018, JWH-073, JWH-250, AM-2209, and so forth) are not present. It&#8217;s most likely the best &hellip;<\/p>\n<p class=\"read-more\"> <a class=\"\" href=\"https:\/\/legitgrams.com\/es\/producto\/hachis-de-caramelo-marroqui\/\"> <span class=\"screen-reader-text\">Hach\u00eds marroqu\u00ed de caramelo<\/span> Leer m\u00e1s \"<\/a><\/p>","protected":false},"featured_media":5382,"comment_status":"open","ping_status":"closed","template":"","meta":{"_uag_custom_page_level_css":"","site-sidebar-layout":"default","site-content-layout":"default","ast-global-header-display":"","ast-main-header-display":"","ast-hfb-above-header-display":"","ast-hfb-below-header-display":"","ast-hfb-mobile-header-display":"","site-post-title":"","ast-breadcrumbs-content":"","ast-featured-img":"","footer-sml-layout":"","theme-transparent-header-meta":"default","adv-header-id-meta":"","stick-header-meta":"default","header-above-stick-meta":"","header-main-stick-meta":"","header-below-stick-meta":"","_joinchat":[]},"product_brand":[],"product_cat":[605],"product_tag":[2831,2821,617,2813,2828,2825,2820,2812,2815,2823,2816,2814,2824,2826,2833,2834,2832,2829,2818,2830,2827,625,2819,2822,2817],"class_list":{"0":"post-4011","1":"product","2":"type-product","3":"status-publish","4":"has-post-thumbnail","6":"product_cat-hash-hashish","7":"product_tag-best-cheap-price-moroccan-caramello-hash","8":"product_tag-best-place-to-buy-moroccan-caramello-hash","9":"product_tag-bulk-online","10":"product_tag-buy-moroccan-caramello-hash","11":"product_tag-cheap-moroccan-caramello-hash","12":"product_tag-high-quality-moroccan-caramello-hash","13":"product_tag-how-to-buy-moroccan-caramello-hash","14":"product_tag-moroccan-caramello-hash","15":"product_tag-moroccan-caramello-hash-for-sale","16":"product_tag-moroccan-caramello-hash-legally","17":"product_tag-moroccan-caramello-hash-moroccan-caramello-hash-supplier","18":"product_tag-moroccan-caramello-hash-online","19":"product_tag-moroccan-caramello-hash-price","20":"product_tag-moroccan-caramello-hash-store","21":"product_tag-moroccan-caramello-hash-use","22":"product_tag-moroccan-caramello-hash-wiki","23":"product_tag-moroccan-caramello-hash-worldwide","24":"product_tag-moroccan-caramello-hashs","25":"product_tag-order-moroccan-caramello-hash","26":"product_tag-purcharse-moroccan-caramello-hash","27":"product_tag-shop-moroccan-caramello-hash","28":"product_tag-top-quality","29":"product_tag-where-to-buy-moroccan-caramello-hash","30":"product_tag-where-to-order-moroccan-caramello-hash","31":"product_tag-wholesale-moroccan-caramello-hash","32":"desktop-align-left","33":"tablet-align-left","34":"mobile-align-left","35":"ast-product-gallery-layout-horizontal","36":"ast-product-gallery-with-no-image","37":"ast-product-single-variable","38":"ast-product-tabs-layout-horizontal","39":"ast-qv-on-image","41":"first","42":"instock","43":"shipping-taxable","44":"purchasable","45":"product-type-variable"},"yoast_head":"<!-- This site is optimized with the Yoast SEO plugin v25.9 - https:\/\/yoast.com\/wordpress\/plugins\/seo\/ -->\n<title>Moroccan Caramello Hash for Sale - BuyMoroccan Caramello Hash<\/title>\n<meta name=\"description\" content=\"Explore our online store for Moroccan Caramello Hash for sale, offering high-quality Moroccan Caramello Hash . Buy Moroccan Caramello Hash online securely and embark on your research journey with confidence. Place your order now!\" \/>\n<meta name=\"robots\" content=\"index, follow, max-snippet:-1, max-image-preview:large, max-video-preview:-1\" \/>\n<link rel=\"canonical\" href=\"https:\/\/legitgrams.com\/es\/producto\/hachis-de-caramelo-marroqui\/\" \/>\n<meta property=\"og:locale\" content=\"es_ES\" \/>\n<meta property=\"og:type\" content=\"article\" \/>\n<meta property=\"og:title\" content=\"Moroccan Caramello Hash for Sale - BuyMoroccan Caramello Hash\" \/>\n<meta property=\"og:description\" content=\"Explore our online store for Moroccan Caramello Hash for sale, offering high-quality Moroccan Caramello Hash . Buy Moroccan Caramello Hash online securely and embark on your research journey with confidence. Place your order now!\" \/>\n<meta property=\"og:url\" content=\"https:\/\/legitgrams.com\/es\/producto\/hachis-de-caramelo-marroqui\/\" \/>\n<meta property=\"og:site_name\" content=\"Legit Grams\" \/>\n<meta property=\"article:modified_time\" content=\"2025-01-14T10:05:46+00:00\" \/>\n<meta property=\"og:image\" content=\"https:\/\/legitgrams.com\/wp-content\/uploads\/2024\/09\/Buy-Moroccan-Caramello-Hash.jpg\" \/>\n\t<meta property=\"og:image:width\" content=\"600\" \/>\n\t<meta property=\"og:image:height\" content=\"600\" \/>\n\t<meta property=\"og:image:type\" content=\"image\/jpeg\" \/>\n<meta name=\"twitter:card\" content=\"summary_large_image\" \/>\n<meta name=\"twitter:label1\" content=\"Tiempo de lectura\" \/>\n\t<meta name=\"twitter:data1\" content=\"2 minutos\" \/>\n<script type=\"application\/ld+json\" class=\"yoast-schema-graph\">{\"@context\":\"https:\/\/schema.org\",\"@graph\":[{\"@type\":\"WebPage\",\"@id\":\"https:\/\/legitgrams.com\/product\/moroccan-caramello-hash\/\",\"url\":\"https:\/\/legitgrams.com\/product\/moroccan-caramello-hash\/\",\"name\":\"Moroccan Caramello Hash for Sale - BuyMoroccan Caramello Hash\",\"isPartOf\":{\"@id\":\"https:\/\/legitgrams.com\/#website\"},\"primaryImageOfPage\":{\"@id\":\"https:\/\/legitgrams.com\/product\/moroccan-caramello-hash\/#primaryimage\"},\"image\":{\"@id\":\"https:\/\/legitgrams.com\/product\/moroccan-caramello-hash\/#primaryimage\"},\"thumbnailUrl\":\"https:\/\/legitgrams.com\/wp-content\/uploads\/2024\/09\/Buy-Moroccan-Caramello-Hash.jpg\",\"datePublished\":\"2024-09-21T08:24:14+00:00\",\"dateModified\":\"2025-01-14T10:05:46+00:00\",\"description\":\"Explore our online store for Moroccan Caramello Hash for sale, offering high-quality Moroccan Caramello Hash . Buy Moroccan Caramello Hash online securely and embark on your research journey with confidence. Place your order now!\",\"breadcrumb\":{\"@id\":\"https:\/\/legitgrams.com\/product\/moroccan-caramello-hash\/#breadcrumb\"},\"inLanguage\":\"es\",\"potentialAction\":[{\"@type\":\"ReadAction\",\"target\":[\"https:\/\/legitgrams.com\/product\/moroccan-caramello-hash\/\"]}]},{\"@type\":\"ImageObject\",\"inLanguage\":\"es\",\"@id\":\"https:\/\/legitgrams.com\/product\/moroccan-caramello-hash\/#primaryimage\",\"url\":\"https:\/\/legitgrams.com\/wp-content\/uploads\/2024\/09\/Buy-Moroccan-Caramello-Hash.jpg\",\"contentUrl\":\"https:\/\/legitgrams.com\/wp-content\/uploads\/2024\/09\/Buy-Moroccan-Caramello-Hash.jpg\",\"width\":600,\"height\":600,\"caption\":\"Moroccan Caramello Hash for Sale\"},{\"@type\":\"BreadcrumbList\",\"@id\":\"https:\/\/legitgrams.com\/product\/moroccan-caramello-hash\/#breadcrumb\",\"itemListElement\":[{\"@type\":\"ListItem\",\"position\":1,\"name\":\"Home\",\"item\":\"https:\/\/legitgrams.com\/\"},{\"@type\":\"ListItem\",\"position\":2,\"name\":\"Shop\",\"item\":\"https:\/\/legitgrams.com\/shop\/\"},{\"@type\":\"ListItem\",\"position\":3,\"name\":\"Moroccan Caramello Hash\"}]},{\"@type\":\"WebSite\",\"@id\":\"https:\/\/legitgrams.com\/#website\",\"url\":\"https:\/\/legitgrams.com\/\",\"name\":\"Legit Grams\",\"description\":\"My WordPress Blog\",\"publisher\":{\"@id\":\"https:\/\/legitgrams.com\/#organization\"},\"potentialAction\":[{\"@type\":\"SearchAction\",\"target\":{\"@type\":\"EntryPoint\",\"urlTemplate\":\"https:\/\/legitgrams.com\/?s={search_term_string}\"},\"query-input\":{\"@type\":\"PropertyValueSpecification\",\"valueRequired\":true,\"valueName\":\"search_term_string\"}}],\"inLanguage\":\"es\"},{\"@type\":\"Organization\",\"@id\":\"https:\/\/legitgrams.com\/#organization\",\"name\":\"Legit Grams\",\"url\":\"https:\/\/legitgrams.com\/\",\"logo\":{\"@type\":\"ImageObject\",\"inLanguage\":\"es\",\"@id\":\"https:\/\/legitgrams.com\/#\/schema\/logo\/image\/\",\"url\":\"https:\/\/legitgrams.com\/wp-content\/uploads\/2024\/09\/main-logo.png\",\"contentUrl\":\"https:\/\/legitgrams.com\/wp-content\/uploads\/2024\/09\/main-logo.png\",\"width\":270,\"height\":75,\"caption\":\"Legit Grams\"},\"image\":{\"@id\":\"https:\/\/legitgrams.com\/#\/schema\/logo\/image\/\"}}]}<\/script>\n<!-- \/ Yoast SEO plugin. -->","yoast_head_json":{"title":"Hash de caramelo marroqu\u00ed a la venta - Comprar Hash de caramelo marroqu\u00ed","description":"Explore nuestra tienda en l\u00ednea para Caramello marroqu\u00ed Hash en venta, que ofrece alta calidad Caramello marroqu\u00ed Hash . Compre Moroccan Caramello Hash en l\u00ednea de forma segura y emprenda su viaje de investigaci\u00f3n con confianza. \u00a1Haga su pedido ahora!","robots":{"index":"index","follow":"follow","max-snippet":"max-snippet:-1","max-image-preview":"max-image-preview:large","max-video-preview":"max-video-preview:-1"},"canonical":"https:\/\/legitgrams.com\/es\/producto\/hachis-de-caramelo-marroqui\/","og_locale":"es_ES","og_type":"article","og_title":"Moroccan Caramello Hash for Sale - BuyMoroccan Caramello Hash","og_description":"Explore our online store for Moroccan Caramello Hash for sale, offering high-quality Moroccan Caramello Hash . Buy Moroccan Caramello Hash online securely and embark on your research journey with confidence. Place your order now!","og_url":"https:\/\/legitgrams.com\/es\/producto\/hachis-de-caramelo-marroqui\/","og_site_name":"Legit Grams","article_modified_time":"2025-01-14T10:05:46+00:00","og_image":[{"width":600,"height":600,"url":"https:\/\/legitgrams.com\/wp-content\/uploads\/2024\/09\/Buy-Moroccan-Caramello-Hash.jpg","type":"image\/jpeg"}],"twitter_card":"summary_large_image","twitter_misc":{"Tiempo de lectura":"2 minutos"},"schema":{"@context":"https:\/\/schema.org","@graph":[{"@type":"WebPage","@id":"https:\/\/legitgrams.com\/product\/moroccan-caramello-hash\/","url":"https:\/\/legitgrams.com\/product\/moroccan-caramello-hash\/","name":"Hash de caramelo marroqu\u00ed a la venta - Comprar Hash de caramelo marroqu\u00ed","isPartOf":{"@id":"https:\/\/legitgrams.com\/#website"},"primaryImageOfPage":{"@id":"https:\/\/legitgrams.com\/product\/moroccan-caramello-hash\/#primaryimage"},"image":{"@id":"https:\/\/legitgrams.com\/product\/moroccan-caramello-hash\/#primaryimage"},"thumbnailUrl":"https:\/\/legitgrams.com\/wp-content\/uploads\/2024\/09\/Buy-Moroccan-Caramello-Hash.jpg","datePublished":"2024-09-21T08:24:14+00:00","dateModified":"2025-01-14T10:05:46+00:00","description":"Explore nuestra tienda en l\u00ednea para Caramello marroqu\u00ed Hash en venta, que ofrece alta calidad Caramello marroqu\u00ed Hash . Compre Moroccan Caramello Hash en l\u00ednea de forma segura y emprenda su viaje de investigaci\u00f3n con confianza. \u00a1Haga su pedido ahora!","breadcrumb":{"@id":"https:\/\/legitgrams.com\/product\/moroccan-caramello-hash\/#breadcrumb"},"inLanguage":"es","potentialAction":[{"@type":"ReadAction","target":["https:\/\/legitgrams.com\/product\/moroccan-caramello-hash\/"]}]},{"@type":"ImageObject","inLanguage":"es","@id":"https:\/\/legitgrams.com\/product\/moroccan-caramello-hash\/#primaryimage","url":"https:\/\/legitgrams.com\/wp-content\/uploads\/2024\/09\/Buy-Moroccan-Caramello-Hash.jpg","contentUrl":"https:\/\/legitgrams.com\/wp-content\/uploads\/2024\/09\/Buy-Moroccan-Caramello-Hash.jpg","width":600,"height":600,"caption":"Moroccan Caramello Hash for Sale"},{"@type":"BreadcrumbList","@id":"https:\/\/legitgrams.com\/product\/moroccan-caramello-hash\/#breadcrumb","itemListElement":[{"@type":"ListItem","position":1,"name":"Home","item":"https:\/\/legitgrams.com\/"},{"@type":"ListItem","position":2,"name":"Shop","item":"https:\/\/legitgrams.com\/shop\/"},{"@type":"ListItem","position":3,"name":"Moroccan Caramello Hash"}]},{"@type":"WebSite","@id":"https:\/\/legitgrams.com\/#website","url":"https:\/\/legitgrams.com\/","name":"Gramos leg\u00edtimos","description":"Mi blog de WordPress","publisher":{"@id":"https:\/\/legitgrams.com\/#organization"},"potentialAction":[{"@type":"SearchAction","target":{"@type":"EntryPoint","urlTemplate":"https:\/\/legitgrams.com\/?s={search_term_string}"},"query-input":{"@type":"PropertyValueSpecification","valueRequired":true,"valueName":"search_term_string"}}],"inLanguage":"es"},{"@type":"Organization","@id":"https:\/\/legitgrams.com\/#organization","name":"Gramos leg\u00edtimos","url":"https:\/\/legitgrams.com\/","logo":{"@type":"ImageObject","inLanguage":"es","@id":"https:\/\/legitgrams.com\/#\/schema\/logo\/image\/","url":"https:\/\/legitgrams.com\/wp-content\/uploads\/2024\/09\/main-logo.png","contentUrl":"https:\/\/legitgrams.com\/wp-content\/uploads\/2024\/09\/main-logo.png","width":270,"height":75,"caption":"Legit Grams"},"image":{"@id":"https:\/\/legitgrams.com\/#\/schema\/logo\/image\/"}}]}},"uagb_featured_image_src":{"full":["https:\/\/legitgrams.com\/wp-content\/uploads\/2024\/09\/Buy-Moroccan-Caramello-Hash.jpg",600,600,false],"thumbnail":["https:\/\/legitgrams.com\/wp-content\/uploads\/2024\/09\/Buy-Moroccan-Caramello-Hash-150x150.jpg",150,150,true],"medium":["https:\/\/legitgrams.com\/wp-content\/uploads\/2024\/09\/Buy-Moroccan-Caramello-Hash-300x300.jpg",300,300,true],"medium_large":["https:\/\/legitgrams.com\/wp-content\/uploads\/2024\/09\/Buy-Moroccan-Caramello-Hash.jpg",600,600,false],"large":["https:\/\/legitgrams.com\/wp-content\/uploads\/2024\/09\/Buy-Moroccan-Caramello-Hash.jpg",600,600,false],"1536x1536":["https:\/\/legitgrams.com\/wp-content\/uploads\/2024\/09\/Buy-Moroccan-Caramello-Hash.jpg",600,600,false],"2048x2048":["https:\/\/legitgrams.com\/wp-content\/uploads\/2024\/09\/Buy-Moroccan-Caramello-Hash.jpg",600,600,false],"trp-custom-language-flag":["https:\/\/legitgrams.com\/wp-content\/uploads\/2024\/09\/Buy-Moroccan-Caramello-Hash-12x12.jpg",12,12,true],"woocommerce_thumbnail":["https:\/\/legitgrams.com\/wp-content\/uploads\/2024\/09\/Buy-Moroccan-Caramello-Hash-300x300.jpg",300,300,true],"woocommerce_single":["https:\/\/legitgrams.com\/wp-content\/uploads\/2024\/09\/Buy-Moroccan-Caramello-Hash.jpg",600,600,false],"woocommerce_gallery_thumbnail":["https:\/\/legitgrams.com\/wp-content\/uploads\/2024\/09\/Buy-Moroccan-Caramello-Hash-100x100.jpg",100,100,true]},"uagb_author_info":{"display_name":"cokeblog18","author_link":"https:\/\/legitgrams.com\/es\/author\/"},"uagb_comment_info":0,"uagb_excerpt":"Purchase Caramello Hash from Morocco Online Online, purchase Moroccan Caramel Hash. Morocco&#8217;s Caramello hash is a hash clone. In general, it is legal and will remain so till the end of time. Synthetic cannabinoids, THC, and other research-grade compounds (such JWH-018, JWH-073, JWH-250, AM-2209, and so forth) are not present. It&#8217;s most likely the best&hellip;","_links":{"self":[{"href":"https:\/\/legitgrams.com\/es\/wp-json\/wp\/v2\/product\/4011","targetHints":{"allow":["GET"]}}],"collection":[{"href":"https:\/\/legitgrams.com\/es\/wp-json\/wp\/v2\/product"}],"about":[{"href":"https:\/\/legitgrams.com\/es\/wp-json\/wp\/v2\/types\/product"}],"replies":[{"embeddable":true,"href":"https:\/\/legitgrams.com\/es\/wp-json\/wp\/v2\/comments?post=4011"}],"wp:featuredmedia":[{"embeddable":true,"href":"https:\/\/legitgrams.com\/es\/wp-json\/wp\/v2\/media\/5382"}],"wp:attachment":[{"href":"https:\/\/legitgrams.com\/es\/wp-json\/wp\/v2\/media?parent=4011"}],"wp:term":[{"taxonomy":"product_brand","embeddable":true,"href":"https:\/\/legitgrams.com\/es\/wp-json\/wp\/v2\/product_brand?post=4011"},{"taxonomy":"product_cat","embeddable":true,"href":"https:\/\/legitgrams.com\/es\/wp-json\/wp\/v2\/product_cat?post=4011"},{"taxonomy":"product_tag","embeddable":true,"href":"https:\/\/legitgrams.com\/es\/wp-json\/wp\/v2\/product_tag?post=4011"}],"curies":[{"name":"wp","href":"https:\/\/api.w.org\/{rel}","templated":true}]}}