{"id":4013,"date":"2024-09-21T08:38:10","date_gmt":"2024-09-21T08:38:10","guid":{"rendered":"https:\/\/legitgrams.com\/?post_type=product&#038;p=4013"},"modified":"2025-01-14T10:17:54","modified_gmt":"2025-01-14T10:17:54","slug":"hachis-nederhash","status":"publish","type":"product","link":"https:\/\/legitgrams.com\/es\/producto\/hachis-nederhash\/","title":{"rendered":"Nederhash Hach\u00eds"},"content":{"rendered":"<h2>Compra de hach\u00eds Nederhash en l\u00ednea<\/h2>\n<p>\u00bfQu\u00e9 es el hach\u00eds? En Holanda se cultivan las plantas de cannabis que se utilizan para elaborar el hach\u00eds. Hay algunas peque\u00f1as mejoras en exterior e invernadero, pero la mayor parte del desarrollo de las plantas se lleva a cabo en interiores. Producci\u00f3n: El m\u00e9todo de ensamblaje var\u00eda seg\u00fan el fabricante. Al igual que en Marruecos, el cribado proporciona la mayor parte del hach\u00eds; sin embargo, tambi\u00e9n hay una peque\u00f1a cantidad de hach\u00eds triturado a mano generado mediante el m\u00e9todo afgano, que claramente ha mejorado mucho. En cualquier caso, el hach\u00eds solo contiene una peque\u00f1a porci\u00f3n del cannabis original. Color: Normalmente un poco verde, aunque esto var\u00eda seg\u00fan el dise\u00f1ador y el tipo de cannabis utilizado. Olor: Dependiendo del tipo de hierba, puede ser ligeramente herb\u00e1ceo o parecido al skunk. Sabor: El mismo que el que ya se ha explicado. Consistencia: El hach\u00eds holand\u00e9s no siempre se prensa con precisi\u00f3n. En general, los hocicos se parten con demasiada facilidad, y eso es arte. De todos modos, tienden a adaptarse r\u00e1pidamente y la consistencia ha mejorado recientemente. El hach\u00eds triturado a mano, que es mucho m\u00e1s delicado que el afgano, obviamente no se menciona en lo mencionado anteriormente. Por lo general, el hach\u00eds son solo las cabezas femeninas exprimidas y trituradas bajo grandes pesos, lo que da como resultado una irregularidad severa que se convierte casi por completo en polvo. Impacto: El tipo de subid\u00f3n generado var\u00eda seg\u00fan la variedad de cannabis utilizada, pero en general, es bastante intelectual y energizante. Intensidad: Este material es incre\u00edblemente potente y funciona mejor que cualquier otro tipo de hach\u00eds que el usuario t\u00edpico podr\u00eda utilizar. Incluso funciona mejor que casi todos los afganos decentes y la mayor\u00eda de los nepal\u00edes (THC hasta 59%). Disponibilidad: Muy poco com\u00fan fuera de los Pa\u00edses Bajos y sus pa\u00edses vecinos. No creo que haya muchas posibilidades de que este producto llegue alguna vez al mercado brit\u00e1nico. Sonstiges: En cualquier caso, el costo siempre es alto y hay variaciones en la calidad. No hay una categor\u00eda definida para el hach\u00eds holand\u00e9s. Sensi-Hash, el incre\u00edble polvo, es b\u00e1sicamente cristales de THC empaquetados muy juntos.<\/p>\n<h3>\u00bfC\u00f3mo se hacen los hash?<\/h3>\n<p>La mayor\u00eda de las variedades de hach\u00eds se crean frotando plantas secas contra una malla muy fina. Tras su paso por el tamiz, los tricomas se separan del material vegetal. Una vez recogidas, las gl\u00e1ndulas de resina se comprimen y se calientan para crear una masa cohesiva de <a href=\"https:\/\/en.wikipedia.org\/wiki\/Hashish\">hach\u00eds<\/a>.<\/p>\n<h3>\u00bfHierba o hach\u00eds?<\/h3>\n<p>En primer lugar, hablemos de la evidente similitud entre el hach\u00eds y la marihuana: ambos se derivan de las mismas plantas de cannabis. Como sin duda bien sabes, la marihuana es el brote en flor de la planta de cannabis hembra. Los mismos cogollos se utilizan para el hach\u00eds, pero se trata de forma diferente. Cuando una planta de cannabis est\u00e1 en plena floraci\u00f3n, se cosechan los capullos florales, y el agricultor proceder\u00e1 a continuaci\u00f3n de una de estas dos maneras. En el caso de la droga de hach\u00eds, las flores se cuelgan para que se sequen. El resultado final es la planta que todos conocemos; despu\u00e9s de que se haya secado por completo, se retiran todas las semillas, los resortes y las hojas sobrantes. T\u00fa decides lo que prefieres Puedes tener preferencia por el hach\u00eds o la marihuana, pero la \u00fanica forma de beneficiarte plenamente del cannabis es informarte sobre \u00e9l. Antes de encenderlo, haz los deberes y, como siempre, \u00a1suscr\u00edbete para recibir m\u00e1s consejos!<\/p>\n<h3>\u00bfQu\u00e9 es el hach\u00eds?<\/h3>\n<p>\u00bfQu\u00e9 es la droga hach\u00eds? El hach\u00eds, com\u00fanmente conocido como \"hash\", es la flor de cannabis que se crea procesando y comprimiendo los tricomas de la planta de cannabis. Se fuma, normalmente en pipa, pipa de agua, vaporizador o porro, aunque tambi\u00e9n se puede ingerir. \u00bfC\u00f3mo se fabrica el hach\u00eds? Comprar Hach\u00eds Nederhash Online Estos tricomas se extraen de los cogollos, hojas y tallos de la planta y se calientan o comprimen para producir hach\u00eds, que es una sustancia potente.<\/p>\n<h3>\u00bfC\u00f3mo se fuma el hach\u00eds en un porro?<\/h3>\n<p>Comb\u00ednalo con tabaco y cannabis en un canuto. Si tienes un bloque seco, s\u00f3lo tienes que aplastarlo o romper peque\u00f1as piedrecitas y a\u00f1adirlas al porro al liarlo. Comb\u00ednalo con marihuana o \u00fasalo con tabaco. Si eres un buscador de aventuras, sin duda querr\u00e1s experimentar el coloc\u00f3n m\u00e1s fuerte que sugiere el segundo enfoque. El mejor m\u00e9todo para liar un porro de hach\u00eds es romper el hach\u00eds y combinarlo con un poco de cannabis. Como es f\u00e1cil de compartir y el sabor del hach\u00eds realza el porro perfectamente, \u00e9sta es realmente la mejor manera de fumar hach\u00eds. \u00bfEs legal fumar hach\u00eds? En 1989 se prohibi\u00f3 la venta, sin embargo rara vez se imponen leyes y la marihuana se comercializa libremente en muchas regiones del pa\u00eds. Barbados, Permitido para uso piadoso por autorizados<\/p>\n<h3>\u00bfEfectos del hach\u00eds?<\/h3>\n<p>El consumo de hach\u00eds puede provocar diversos efectos secundarios a corto plazo, como alteraciones de la memoria y el aprendizaje, alteraciones de la percepci\u00f3n del tiempo, el espacio y el tacto, dificultad para pensar con claridad y resolver problemas, p\u00e9rdida de coordinaci\u00f3n, aumento de la frecuencia cardiaca, ansiedad y ataques de p\u00e1nico. Dado que el hach\u00eds y otros concentrados contienen una gran cantidad de THC, los efectos podr\u00edan ser m\u00e1s potentes. <a href=\"https:\/\/legitgrams.com\/es\/\">LegitGrams<\/a><\/p>\n<p>El hach\u00eds burbujeante es un producto concentrado de cannabis elaborado a partir de millones de tricomas, o gl\u00e1ndulas pegajosas, que se extraen de la planta mediante agitaci\u00f3n, tamizado y congelaci\u00f3n del agua. Su nombre se debe a la forma en que el hach\u00eds burbujea cuando entra en contacto con las llamas. Para prepararlo en casa, tambi\u00e9n se llaman \"bolsas de burbujas\".<\/p>\n<p>La variedad cl\u00e1sica de Sensi Seeds Hash Plant mantiene su tama\u00f1o compacto durante su excepcionalmente breve per\u00edodo de floraci\u00f3n. Una cuidadosa selecci\u00f3n gen\u00e9tica produjo esta 90% India, a juego con la enigm\u00e1tica Northern Lights Hash Plant original de Estados Unidos.<\/p>\n<p>Comprar <a href=\"https:\/\/legitgrams.com\/es\/producto\/hachis-nederhash\/\">Nederhash Hach\u00eds<\/a> Online - Comprar hach\u00eds, comprar hach\u00eds, comprar hach\u00eds online, donde comprar hach\u00eds, donde comprar hach\u00eds online, donde comprar hach\u00eds online, donde comprar hach\u00eds online, comprar hach\u00eds online, proveedores, entrega segura, USA, Canada, UK, El hach\u00eds Nederhash todav\u00eda est\u00e1 disponible; es legal en Estados Unidos; puedes conseguirlo online; puedes adquirir hach\u00eds Nederhash; y es legal en Canad\u00e1.<\/p>","protected":false},"excerpt":{"rendered":"<p>Nederhash Hashish Online Purchase What is a hash? The Netherlands is where the cannabis plants used to make the hash are cultivated. There are a few tiny outdoor and greenhouse advancements, but the majority of plant development takes place indoors. Generation: The manner of assembling differs depending on the manufacturer. Similar to Morocco, screening provides &hellip;<\/p>\n<p class=\"read-more\"> <a class=\"\" href=\"https:\/\/legitgrams.com\/es\/producto\/hachis-nederhash\/\"> <span class=\"screen-reader-text\">Nederhash Hach\u00eds<\/span> Leer m\u00e1s \"<\/a><\/p>","protected":false},"featured_media":5384,"comment_status":"open","ping_status":"closed","template":"","meta":{"_uag_custom_page_level_css":"","site-sidebar-layout":"default","site-content-layout":"default","ast-global-header-display":"","ast-main-header-display":"","ast-hfb-above-header-display":"","ast-hfb-below-header-display":"","ast-hfb-mobile-header-display":"","site-post-title":"","ast-breadcrumbs-content":"","ast-featured-img":"","footer-sml-layout":"","theme-transparent-header-meta":"default","adv-header-id-meta":"","stick-header-meta":"default","header-above-stick-meta":"","header-main-stick-meta":"","header-below-stick-meta":"","_joinchat":[]},"product_brand":[],"product_cat":[605],"product_tag":[2785,2775,617,2767,2782,2779,2774,2766,2769,2777,2770,2768,2778,2780,2787,2788,2786,2783,2772,2784,2781,625,2773,2776,2771],"class_list":{"0":"post-4013","1":"product","2":"type-product","3":"status-publish","4":"has-post-thumbnail","6":"product_cat-hash-hashish","7":"product_tag-best-cheap-price-nederhash-hashish","8":"product_tag-best-place-to-buy-nederhash-hashish","9":"product_tag-bulk-online","10":"product_tag-buy-nederhash-hashish","11":"product_tag-cheap-nederhash-hashish","12":"product_tag-high-quality-nederhash-hashish","13":"product_tag-how-to-buy-nederhash-hashish","14":"product_tag-nederhash-hashish","15":"product_tag-nederhash-hashish-for-sale","16":"product_tag-nederhash-hashish-legally","17":"product_tag-nederhash-hashish-nederhash-hashish-supplier","18":"product_tag-nederhash-hashish-online","19":"product_tag-nederhash-hashish-price","20":"product_tag-nederhash-hashish-store","21":"product_tag-nederhash-hashish-use","22":"product_tag-nederhash-hashish-wiki","23":"product_tag-nederhash-hashish-worldwide","24":"product_tag-nederhash-hashishs","25":"product_tag-order-nederhash-hashish","26":"product_tag-purcharse-nederhash-hashish","27":"product_tag-shop-nederhash-hashish","28":"product_tag-top-quality","29":"product_tag-where-to-buy-nederhash-hashish","30":"product_tag-where-to-order-nederhash-hashish","31":"product_tag-wholesale-nederhash-hashish","32":"desktop-align-left","33":"tablet-align-left","34":"mobile-align-left","35":"ast-product-gallery-layout-horizontal","36":"ast-product-gallery-with-no-image","37":"ast-product-single-variable","38":"ast-product-tabs-layout-horizontal","39":"ast-qv-on-image","41":"first","42":"instock","43":"shipping-taxable","44":"purchasable","45":"product-type-variable"},"yoast_head":"<!-- This site is optimized with the Yoast SEO plugin v25.9 - https:\/\/yoast.com\/wordpress\/plugins\/seo\/ -->\n<title>Nederhash Hashish for Sale - Buy Nederhash Hashish Online<\/title>\n<meta name=\"description\" content=\"Discover top-notch Nederhash Hashish for sale at our online store - buy Nederhash Hashish conveniently and securely to fuel your research. Explore and buy Nederhash Hashish online, advancing your scientific endeavors with ease. Order Now!\" \/>\n<meta name=\"robots\" content=\"index, follow, max-snippet:-1, max-image-preview:large, max-video-preview:-1\" \/>\n<link rel=\"canonical\" href=\"https:\/\/legitgrams.com\/es\/producto\/hachis-nederhash\/\" \/>\n<meta property=\"og:locale\" content=\"es_ES\" \/>\n<meta property=\"og:type\" content=\"article\" \/>\n<meta property=\"og:title\" content=\"Nederhash Hashish for Sale - Buy Nederhash Hashish Online\" \/>\n<meta property=\"og:description\" content=\"Discover top-notch Nederhash Hashish for sale at our online store - buy Nederhash Hashish conveniently and securely to fuel your research. Explore and buy Nederhash Hashish online, advancing your scientific endeavors with ease. Order Now!\" \/>\n<meta property=\"og:url\" content=\"https:\/\/legitgrams.com\/es\/producto\/hachis-nederhash\/\" \/>\n<meta property=\"og:site_name\" content=\"Legit Grams\" \/>\n<meta property=\"article:modified_time\" content=\"2025-01-14T10:17:54+00:00\" \/>\n<meta property=\"og:image\" content=\"https:\/\/legitgrams.com\/wp-content\/uploads\/2024\/09\/Buy-Nederhash-Hashish-Online.jpg\" \/>\n\t<meta property=\"og:image:width\" content=\"600\" \/>\n\t<meta property=\"og:image:height\" content=\"600\" \/>\n\t<meta property=\"og:image:type\" content=\"image\/jpeg\" \/>\n<meta name=\"twitter:card\" content=\"summary_large_image\" \/>\n<meta name=\"twitter:label1\" content=\"Tiempo de lectura\" \/>\n\t<meta name=\"twitter:data1\" content=\"5 minutos\" \/>\n<script type=\"application\/ld+json\" class=\"yoast-schema-graph\">{\"@context\":\"https:\/\/schema.org\",\"@graph\":[{\"@type\":\"WebPage\",\"@id\":\"https:\/\/legitgrams.com\/product\/nederhash-hashish\/\",\"url\":\"https:\/\/legitgrams.com\/product\/nederhash-hashish\/\",\"name\":\"Nederhash Hashish for Sale - Buy Nederhash Hashish Online\",\"isPartOf\":{\"@id\":\"https:\/\/legitgrams.com\/#website\"},\"primaryImageOfPage\":{\"@id\":\"https:\/\/legitgrams.com\/product\/nederhash-hashish\/#primaryimage\"},\"image\":{\"@id\":\"https:\/\/legitgrams.com\/product\/nederhash-hashish\/#primaryimage\"},\"thumbnailUrl\":\"https:\/\/legitgrams.com\/wp-content\/uploads\/2024\/09\/Buy-Nederhash-Hashish-Online.jpg\",\"datePublished\":\"2024-09-21T08:38:10+00:00\",\"dateModified\":\"2025-01-14T10:17:54+00:00\",\"description\":\"Discover top-notch Nederhash Hashish for sale at our online store - buy Nederhash Hashish conveniently and securely to fuel your research. Explore and buy Nederhash Hashish online, advancing your scientific endeavors with ease. Order Now!\",\"breadcrumb\":{\"@id\":\"https:\/\/legitgrams.com\/product\/nederhash-hashish\/#breadcrumb\"},\"inLanguage\":\"es\",\"potentialAction\":[{\"@type\":\"ReadAction\",\"target\":[\"https:\/\/legitgrams.com\/product\/nederhash-hashish\/\"]}]},{\"@type\":\"ImageObject\",\"inLanguage\":\"es\",\"@id\":\"https:\/\/legitgrams.com\/product\/nederhash-hashish\/#primaryimage\",\"url\":\"https:\/\/legitgrams.com\/wp-content\/uploads\/2024\/09\/Buy-Nederhash-Hashish-Online.jpg\",\"contentUrl\":\"https:\/\/legitgrams.com\/wp-content\/uploads\/2024\/09\/Buy-Nederhash-Hashish-Online.jpg\",\"width\":600,\"height\":600,\"caption\":\"Nederhash Hashish for Sale\"},{\"@type\":\"BreadcrumbList\",\"@id\":\"https:\/\/legitgrams.com\/product\/nederhash-hashish\/#breadcrumb\",\"itemListElement\":[{\"@type\":\"ListItem\",\"position\":1,\"name\":\"Home\",\"item\":\"https:\/\/legitgrams.com\/\"},{\"@type\":\"ListItem\",\"position\":2,\"name\":\"Shop\",\"item\":\"https:\/\/legitgrams.com\/shop\/\"},{\"@type\":\"ListItem\",\"position\":3,\"name\":\"Nederhash Hashish\"}]},{\"@type\":\"WebSite\",\"@id\":\"https:\/\/legitgrams.com\/#website\",\"url\":\"https:\/\/legitgrams.com\/\",\"name\":\"Legit Grams\",\"description\":\"My WordPress Blog\",\"publisher\":{\"@id\":\"https:\/\/legitgrams.com\/#organization\"},\"potentialAction\":[{\"@type\":\"SearchAction\",\"target\":{\"@type\":\"EntryPoint\",\"urlTemplate\":\"https:\/\/legitgrams.com\/?s={search_term_string}\"},\"query-input\":{\"@type\":\"PropertyValueSpecification\",\"valueRequired\":true,\"valueName\":\"search_term_string\"}}],\"inLanguage\":\"es\"},{\"@type\":\"Organization\",\"@id\":\"https:\/\/legitgrams.com\/#organization\",\"name\":\"Legit Grams\",\"url\":\"https:\/\/legitgrams.com\/\",\"logo\":{\"@type\":\"ImageObject\",\"inLanguage\":\"es\",\"@id\":\"https:\/\/legitgrams.com\/#\/schema\/logo\/image\/\",\"url\":\"https:\/\/legitgrams.com\/wp-content\/uploads\/2024\/09\/main-logo.png\",\"contentUrl\":\"https:\/\/legitgrams.com\/wp-content\/uploads\/2024\/09\/main-logo.png\",\"width\":270,\"height\":75,\"caption\":\"Legit Grams\"},\"image\":{\"@id\":\"https:\/\/legitgrams.com\/#\/schema\/logo\/image\/\"}}]}<\/script>\n<!-- \/ Yoast SEO plugin. -->","yoast_head_json":{"title":"Venta de hach\u00eds Nederhash: compre hach\u00eds Nederhash en l\u00ednea","description":"Descubre Nederhash Hashish de primera calidad a la venta en nuestra tienda online - compra Nederhash Hashish de forma c\u00f3moda y segura para alimentar tu investigaci\u00f3n. Explore y compre Nederhash Hach\u00eds en l\u00ednea, avanzando en sus esfuerzos cient\u00edficos con facilidad. \u00a1Haz tu pedido ahora!","robots":{"index":"index","follow":"follow","max-snippet":"max-snippet:-1","max-image-preview":"max-image-preview:large","max-video-preview":"max-video-preview:-1"},"canonical":"https:\/\/legitgrams.com\/es\/producto\/hachis-nederhash\/","og_locale":"es_ES","og_type":"article","og_title":"Nederhash Hashish for Sale - Buy Nederhash Hashish Online","og_description":"Discover top-notch Nederhash Hashish for sale at our online store - buy Nederhash Hashish conveniently and securely to fuel your research. Explore and buy Nederhash Hashish online, advancing your scientific endeavors with ease. Order Now!","og_url":"https:\/\/legitgrams.com\/es\/producto\/hachis-nederhash\/","og_site_name":"Legit Grams","article_modified_time":"2025-01-14T10:17:54+00:00","og_image":[{"width":600,"height":600,"url":"https:\/\/legitgrams.com\/wp-content\/uploads\/2024\/09\/Buy-Nederhash-Hashish-Online.jpg","type":"image\/jpeg"}],"twitter_card":"summary_large_image","twitter_misc":{"Tiempo de lectura":"5 minutos"},"schema":{"@context":"https:\/\/schema.org","@graph":[{"@type":"WebPage","@id":"https:\/\/legitgrams.com\/product\/nederhash-hashish\/","url":"https:\/\/legitgrams.com\/product\/nederhash-hashish\/","name":"Venta de hach\u00eds Nederhash: compre hach\u00eds Nederhash en l\u00ednea","isPartOf":{"@id":"https:\/\/legitgrams.com\/#website"},"primaryImageOfPage":{"@id":"https:\/\/legitgrams.com\/product\/nederhash-hashish\/#primaryimage"},"image":{"@id":"https:\/\/legitgrams.com\/product\/nederhash-hashish\/#primaryimage"},"thumbnailUrl":"https:\/\/legitgrams.com\/wp-content\/uploads\/2024\/09\/Buy-Nederhash-Hashish-Online.jpg","datePublished":"2024-09-21T08:38:10+00:00","dateModified":"2025-01-14T10:17:54+00:00","description":"Descubre Nederhash Hashish de primera calidad a la venta en nuestra tienda online - compra Nederhash Hashish de forma c\u00f3moda y segura para alimentar tu investigaci\u00f3n. Explore y compre Nederhash Hach\u00eds en l\u00ednea, avanzando en sus esfuerzos cient\u00edficos con facilidad. \u00a1Haz tu pedido ahora!","breadcrumb":{"@id":"https:\/\/legitgrams.com\/product\/nederhash-hashish\/#breadcrumb"},"inLanguage":"es","potentialAction":[{"@type":"ReadAction","target":["https:\/\/legitgrams.com\/product\/nederhash-hashish\/"]}]},{"@type":"ImageObject","inLanguage":"es","@id":"https:\/\/legitgrams.com\/product\/nederhash-hashish\/#primaryimage","url":"https:\/\/legitgrams.com\/wp-content\/uploads\/2024\/09\/Buy-Nederhash-Hashish-Online.jpg","contentUrl":"https:\/\/legitgrams.com\/wp-content\/uploads\/2024\/09\/Buy-Nederhash-Hashish-Online.jpg","width":600,"height":600,"caption":"Nederhash Hashish for Sale"},{"@type":"BreadcrumbList","@id":"https:\/\/legitgrams.com\/product\/nederhash-hashish\/#breadcrumb","itemListElement":[{"@type":"ListItem","position":1,"name":"Home","item":"https:\/\/legitgrams.com\/"},{"@type":"ListItem","position":2,"name":"Shop","item":"https:\/\/legitgrams.com\/shop\/"},{"@type":"ListItem","position":3,"name":"Nederhash Hashish"}]},{"@type":"WebSite","@id":"https:\/\/legitgrams.com\/#website","url":"https:\/\/legitgrams.com\/","name":"Gramos leg\u00edtimos","description":"Mi blog de WordPress","publisher":{"@id":"https:\/\/legitgrams.com\/#organization"},"potentialAction":[{"@type":"SearchAction","target":{"@type":"EntryPoint","urlTemplate":"https:\/\/legitgrams.com\/?s={search_term_string}"},"query-input":{"@type":"PropertyValueSpecification","valueRequired":true,"valueName":"search_term_string"}}],"inLanguage":"es"},{"@type":"Organization","@id":"https:\/\/legitgrams.com\/#organization","name":"Gramos leg\u00edtimos","url":"https:\/\/legitgrams.com\/","logo":{"@type":"ImageObject","inLanguage":"es","@id":"https:\/\/legitgrams.com\/#\/schema\/logo\/image\/","url":"https:\/\/legitgrams.com\/wp-content\/uploads\/2024\/09\/main-logo.png","contentUrl":"https:\/\/legitgrams.com\/wp-content\/uploads\/2024\/09\/main-logo.png","width":270,"height":75,"caption":"Legit Grams"},"image":{"@id":"https:\/\/legitgrams.com\/#\/schema\/logo\/image\/"}}]}},"uagb_featured_image_src":{"full":["https:\/\/legitgrams.com\/wp-content\/uploads\/2024\/09\/Buy-Nederhash-Hashish-Online.jpg",600,600,false],"thumbnail":["https:\/\/legitgrams.com\/wp-content\/uploads\/2024\/09\/Buy-Nederhash-Hashish-Online-150x150.jpg",150,150,true],"medium":["https:\/\/legitgrams.com\/wp-content\/uploads\/2024\/09\/Buy-Nederhash-Hashish-Online-300x300.jpg",300,300,true],"medium_large":["https:\/\/legitgrams.com\/wp-content\/uploads\/2024\/09\/Buy-Nederhash-Hashish-Online.jpg",600,600,false],"large":["https:\/\/legitgrams.com\/wp-content\/uploads\/2024\/09\/Buy-Nederhash-Hashish-Online.jpg",600,600,false],"1536x1536":["https:\/\/legitgrams.com\/wp-content\/uploads\/2024\/09\/Buy-Nederhash-Hashish-Online.jpg",600,600,false],"2048x2048":["https:\/\/legitgrams.com\/wp-content\/uploads\/2024\/09\/Buy-Nederhash-Hashish-Online.jpg",600,600,false],"trp-custom-language-flag":["https:\/\/legitgrams.com\/wp-content\/uploads\/2024\/09\/Buy-Nederhash-Hashish-Online-12x12.jpg",12,12,true],"woocommerce_thumbnail":["https:\/\/legitgrams.com\/wp-content\/uploads\/2024\/09\/Buy-Nederhash-Hashish-Online-300x300.jpg",300,300,true],"woocommerce_single":["https:\/\/legitgrams.com\/wp-content\/uploads\/2024\/09\/Buy-Nederhash-Hashish-Online.jpg",600,600,false],"woocommerce_gallery_thumbnail":["https:\/\/legitgrams.com\/wp-content\/uploads\/2024\/09\/Buy-Nederhash-Hashish-Online-100x100.jpg",100,100,true]},"uagb_author_info":{"display_name":"cokeblog18","author_link":"https:\/\/legitgrams.com\/es\/author\/"},"uagb_comment_info":0,"uagb_excerpt":"Nederhash Hashish Online Purchase What is a hash? The Netherlands is where the cannabis plants used to make the hash are cultivated. There are a few tiny outdoor and greenhouse advancements, but the majority of plant development takes place indoors. Generation: The manner of assembling differs depending on the manufacturer. Similar to Morocco, screening provides&hellip;","_links":{"self":[{"href":"https:\/\/legitgrams.com\/es\/wp-json\/wp\/v2\/product\/4013","targetHints":{"allow":["GET"]}}],"collection":[{"href":"https:\/\/legitgrams.com\/es\/wp-json\/wp\/v2\/product"}],"about":[{"href":"https:\/\/legitgrams.com\/es\/wp-json\/wp\/v2\/types\/product"}],"replies":[{"embeddable":true,"href":"https:\/\/legitgrams.com\/es\/wp-json\/wp\/v2\/comments?post=4013"}],"wp:featuredmedia":[{"embeddable":true,"href":"https:\/\/legitgrams.com\/es\/wp-json\/wp\/v2\/media\/5384"}],"wp:attachment":[{"href":"https:\/\/legitgrams.com\/es\/wp-json\/wp\/v2\/media?parent=4013"}],"wp:term":[{"taxonomy":"product_brand","embeddable":true,"href":"https:\/\/legitgrams.com\/es\/wp-json\/wp\/v2\/product_brand?post=4013"},{"taxonomy":"product_cat","embeddable":true,"href":"https:\/\/legitgrams.com\/es\/wp-json\/wp\/v2\/product_cat?post=4013"},{"taxonomy":"product_tag","embeddable":true,"href":"https:\/\/legitgrams.com\/es\/wp-json\/wp\/v2\/product_tag?post=4013"}],"curies":[{"name":"wp","href":"https:\/\/api.w.org\/{rel}","templated":true}]}}