{"id":4174,"date":"2024-09-21T12:04:04","date_gmt":"2024-09-21T12:04:04","guid":{"rendered":"https:\/\/legitgrams.com\/?post_type=product&#038;p=4174"},"modified":"2025-01-15T05:57:26","modified_gmt":"2025-01-15T05:57:26","slug":"white-widow-shatter-top-shelf","status":"publish","type":"product","link":"https:\/\/legitgrams.com\/es\/producto\/white-widow-shatter-top-shelf\/","title":{"rendered":"White Widow Shatter - Top Shelf"},"content":{"rendered":"<h2>El shatter de viuda blanca est\u00e1 disponible para su compra en el estante superior de Internet.<\/h2>\n<p>Comprar el <a href=\"https:\/\/legitgrams.com\/es\/producto\/white-widow-shatter-top-shelf\/\">White Widow Shatter<\/a>; una raza h\u00edbrida popular que data de principios de la d\u00e9cada de 1990. El men\u00fa principal de casi todos los caf\u00e9s de \u00c1msterdam sirve esta cepa, que es bien conocida en todo el mundo. La popularidad de White Widow ha aumentado debido a la serie de televisi\u00f3n Weeds y las referencias en la cultura del rap. La proporci\u00f3n sativa\/indica bien equilibrada de 60:40 de esta cepa (sativa brasile\u00f1a x indica del sur de la India) proporciona tanto un efecto calmante como un rendimiento cognitivo mejorado. Los pacientes elegir\u00e1n White Widow cuando busquen emoci\u00f3n que les permita relajarse y descansar sin dejar de sentirse mentalmente alerta. Esta cepa es eficaz para el dolor, la tensi\u00f3n, la depresi\u00f3n y el trastorno de estr\u00e9s postraum\u00e1tico. Todo el exterior de White Widow est\u00e1 cubierto de cristales blancos, de ah\u00ed su nombre. Sin embargo, tenga en cuenta, especialmente si es un fumador principiante, que este humo azucarado puede causar una tos severa y primero se expande dr\u00e1sticamente. En t\u00e9rminos de aroma, espere matices c\u00edtricos, picantes y algo alimonados. Esta cepa es ideal para actividades al aire libre, como dar un paseo tranquilo o pasear por la playa. <a href=\"https:\/\/legitgrams.com\/es\/\">LegitGrams<\/a><\/p>\n<p>Venta de shatter de viuda blanca, venta de shatter de viuda blanca, venta de shatter de viuda blanca, Estante superior: d\u00f3nde comprar shatter de viuda blanca D\u00f3nde comprar shatter de viuda blanca en l\u00ednea, Shatter de viuda en l\u00ednea cerca de m\u00ed, <a href=\"https:\/\/en.wikipedia.org\/wiki\/White_Widow_(Cannabis)\">Viuda blanca<\/a> Proveedores de Shatter, entrega segura, Widow Shatter a la venta en EE. UU., Canad\u00e1 y el Reino Unido, White Widow Shatter en l\u00ednea cerca de m\u00ed, d\u00f3nde comprar White Widow Shatter en l\u00ednea, White Widow Shatter todav\u00eda est\u00e1 disponible, es legal en EE. UU., puede solicitarlo en l\u00ednea y es legal en Canad\u00e1.<\/p>\n<p>&nbsp;<\/p>\n<p>&nbsp;<\/p>","protected":false},"excerpt":{"rendered":"<p>White widow shatter is available for purchase on the top shelf of the internet. Purchase the White Widow Shatter; a popular hybrid breed that dates back to the early 1990s. The top menu at almost every Amsterdam cafe serves this strain, which is well-known worldwide. White Widow&#8217;s popularity has surged due to the Weeds television &hellip;<\/p>\n<p class=\"read-more\"> <a class=\"\" href=\"https:\/\/legitgrams.com\/es\/producto\/white-widow-shatter-top-shelf\/\"> <span class=\"screen-reader-text\">White Widow Shatter - Top Shelf<\/span> Leer m\u00e1s \"<\/a><\/p>","protected":false},"featured_media":5352,"comment_status":"open","ping_status":"closed","template":"","meta":{"_uag_custom_page_level_css":"","site-sidebar-layout":"default","site-content-layout":"default","ast-global-header-display":"","ast-main-header-display":"","ast-hfb-above-header-display":"","ast-hfb-below-header-display":"","ast-hfb-mobile-header-display":"","site-post-title":"","ast-breadcrumbs-content":"","ast-featured-img":"","footer-sml-layout":"","theme-transparent-header-meta":"default","adv-header-id-meta":"","stick-header-meta":"default","header-above-stick-meta":"","header-main-stick-meta":"","header-below-stick-meta":"","_joinchat":[]},"product_brand":[],"product_cat":[600,604],"product_tag":[2693,2683,617,2675,2690,2687,2682,2680,2692,2689,625,2681,2684,2674,2677,2685,2676,2686,2688,2695,2678,2696,2694,2691,2679],"class_list":{"0":"post-4174","1":"product","2":"type-product","3":"status-publish","4":"has-post-thumbnail","6":"product_cat-research-chemicals-and-bath-salt","7":"product_cat-shatter","8":"product_tag-best-cheap-price-white-widow-shatter-top-shelf","9":"product_tag-best-place-to-buy-white-widow-shatter-top-shelf","10":"product_tag-bulk-online","11":"product_tag-buy-white-widow-shatter-top-shelf","12":"product_tag-cheap-white-widow-shatter-top-shelf","13":"product_tag-high-quality-white-widow-shatter-top-shelf","14":"product_tag-how-to-buy-white-widow-shatter-top-shelf","15":"product_tag-order-white-widow-shatter-top-shelf","16":"product_tag-purcharse-white-widow-shatter-top-shelf","17":"product_tag-shop-white-widow-shatter-top-shelf","18":"product_tag-top-quality","19":"product_tag-where-to-buy-white-widow-shatter-top-shelf","20":"product_tag-where-to-order-white-widow-shatter-top-shelf","21":"product_tag-white-widow-shatter-top-shelf","22":"product_tag-white-widow-shatter-top-shelf-for-sale","23":"product_tag-white-widow-shatter-top-shelf-legally","24":"product_tag-white-widow-shatter-top-shelf-online","25":"product_tag-white-widow-shatter-top-shelf-price","26":"product_tag-white-widow-shatter-top-shelf-store","27":"product_tag-white-widow-shatter-top-shelf-use","28":"product_tag-white-widow-shatter-top-shelf-white-widow-shatter-top-shelf-supplier","29":"product_tag-white-widow-shatter-top-shelf-wiki","30":"product_tag-white-widow-shatter-top-shelf-worldwide","31":"product_tag-white-widow-shatter-top-shelfs","32":"product_tag-wholesale-white-widow-shatter-top-shelf","33":"desktop-align-left","34":"tablet-align-left","35":"mobile-align-left","36":"ast-product-gallery-layout-horizontal","37":"ast-product-gallery-with-no-image","38":"ast-product-single-variable","39":"ast-product-tabs-layout-horizontal","40":"ast-qv-on-image","42":"first","43":"instock","44":"shipping-taxable","45":"purchasable","46":"product-type-variable"},"yoast_head":"<!-- This site is optimized with the Yoast SEO plugin v25.9 - https:\/\/yoast.com\/wordpress\/plugins\/seo\/ -->\n<title>White Widow Shatter for sale - Order White Widow Shatter Online<\/title>\n<meta name=\"description\" content=\"Looking to buy white widow shatter online? discover a seamless platform at our online store where you can buy white widow shatter, ensuring top-grade quality for your research needs.\" \/>\n<meta name=\"robots\" content=\"index, follow, max-snippet:-1, max-image-preview:large, max-video-preview:-1\" \/>\n<link rel=\"canonical\" href=\"https:\/\/legitgrams.com\/es\/producto\/white-widow-shatter-top-shelf\/\" \/>\n<meta property=\"og:locale\" content=\"es_ES\" \/>\n<meta property=\"og:type\" content=\"article\" \/>\n<meta property=\"og:title\" content=\"White Widow Shatter for sale - Order White Widow Shatter Online\" \/>\n<meta property=\"og:description\" content=\"Looking to buy white widow shatter online? discover a seamless platform at our online store where you can buy white widow shatter, ensuring top-grade quality for your research needs.\" \/>\n<meta property=\"og:url\" content=\"https:\/\/legitgrams.com\/es\/producto\/white-widow-shatter-top-shelf\/\" \/>\n<meta property=\"og:site_name\" content=\"Legit Grams\" \/>\n<meta property=\"article:modified_time\" content=\"2025-01-15T05:57:26+00:00\" \/>\n<meta property=\"og:image\" content=\"https:\/\/legitgrams.com\/wp-content\/uploads\/2024\/09\/Buy-White-Widow-Shatter.jpg\" \/>\n\t<meta property=\"og:image:width\" content=\"600\" \/>\n\t<meta property=\"og:image:height\" content=\"600\" \/>\n\t<meta property=\"og:image:type\" content=\"image\/jpeg\" \/>\n<meta name=\"twitter:card\" content=\"summary_large_image\" \/>\n<meta name=\"twitter:label1\" content=\"Tiempo de lectura\" \/>\n\t<meta name=\"twitter:data1\" content=\"2 minutos\" \/>\n<script type=\"application\/ld+json\" class=\"yoast-schema-graph\">{\"@context\":\"https:\/\/schema.org\",\"@graph\":[{\"@type\":\"WebPage\",\"@id\":\"https:\/\/legitgrams.com\/product\/white-widow-shatter-top-shelf\/\",\"url\":\"https:\/\/legitgrams.com\/product\/white-widow-shatter-top-shelf\/\",\"name\":\"White Widow Shatter for sale - Order White Widow Shatter Online\",\"isPartOf\":{\"@id\":\"https:\/\/legitgrams.com\/#website\"},\"primaryImageOfPage\":{\"@id\":\"https:\/\/legitgrams.com\/product\/white-widow-shatter-top-shelf\/#primaryimage\"},\"image\":{\"@id\":\"https:\/\/legitgrams.com\/product\/white-widow-shatter-top-shelf\/#primaryimage\"},\"thumbnailUrl\":\"https:\/\/legitgrams.com\/wp-content\/uploads\/2024\/09\/Buy-White-Widow-Shatter.jpg\",\"datePublished\":\"2024-09-21T12:04:04+00:00\",\"dateModified\":\"2025-01-15T05:57:26+00:00\",\"description\":\"Looking to buy white widow shatter online? discover a seamless platform at our online store where you can buy white widow shatter, ensuring top-grade quality for your research needs.\",\"breadcrumb\":{\"@id\":\"https:\/\/legitgrams.com\/product\/white-widow-shatter-top-shelf\/#breadcrumb\"},\"inLanguage\":\"es\",\"potentialAction\":[{\"@type\":\"ReadAction\",\"target\":[\"https:\/\/legitgrams.com\/product\/white-widow-shatter-top-shelf\/\"]}]},{\"@type\":\"ImageObject\",\"inLanguage\":\"es\",\"@id\":\"https:\/\/legitgrams.com\/product\/white-widow-shatter-top-shelf\/#primaryimage\",\"url\":\"https:\/\/legitgrams.com\/wp-content\/uploads\/2024\/09\/Buy-White-Widow-Shatter.jpg\",\"contentUrl\":\"https:\/\/legitgrams.com\/wp-content\/uploads\/2024\/09\/Buy-White-Widow-Shatter.jpg\",\"width\":600,\"height\":600,\"caption\":\"White Widow Shatter for Sale\"},{\"@type\":\"BreadcrumbList\",\"@id\":\"https:\/\/legitgrams.com\/product\/white-widow-shatter-top-shelf\/#breadcrumb\",\"itemListElement\":[{\"@type\":\"ListItem\",\"position\":1,\"name\":\"Home\",\"item\":\"https:\/\/legitgrams.com\/\"},{\"@type\":\"ListItem\",\"position\":2,\"name\":\"Shop\",\"item\":\"https:\/\/legitgrams.com\/shop\/\"},{\"@type\":\"ListItem\",\"position\":3,\"name\":\"White Widow Shatter \u2013 Top Shelf\"}]},{\"@type\":\"WebSite\",\"@id\":\"https:\/\/legitgrams.com\/#website\",\"url\":\"https:\/\/legitgrams.com\/\",\"name\":\"Legit Grams\",\"description\":\"My WordPress Blog\",\"publisher\":{\"@id\":\"https:\/\/legitgrams.com\/#organization\"},\"potentialAction\":[{\"@type\":\"SearchAction\",\"target\":{\"@type\":\"EntryPoint\",\"urlTemplate\":\"https:\/\/legitgrams.com\/?s={search_term_string}\"},\"query-input\":{\"@type\":\"PropertyValueSpecification\",\"valueRequired\":true,\"valueName\":\"search_term_string\"}}],\"inLanguage\":\"es\"},{\"@type\":\"Organization\",\"@id\":\"https:\/\/legitgrams.com\/#organization\",\"name\":\"Legit Grams\",\"url\":\"https:\/\/legitgrams.com\/\",\"logo\":{\"@type\":\"ImageObject\",\"inLanguage\":\"es\",\"@id\":\"https:\/\/legitgrams.com\/#\/schema\/logo\/image\/\",\"url\":\"https:\/\/legitgrams.com\/wp-content\/uploads\/2024\/09\/main-logo.png\",\"contentUrl\":\"https:\/\/legitgrams.com\/wp-content\/uploads\/2024\/09\/main-logo.png\",\"width\":270,\"height\":75,\"caption\":\"Legit Grams\"},\"image\":{\"@id\":\"https:\/\/legitgrams.com\/#\/schema\/logo\/image\/\"}}]}<\/script>\n<!-- \/ Yoast SEO plugin. -->","yoast_head_json":{"title":"White Widow Shatter en venta - Pedir White Widow Shatter Online","description":"\u00bfBusca comprar White Widow Shatter en l\u00ednea? Descubra una plataforma sin fisuras en nuestra tienda en l\u00ednea donde puede comprar White Widow Shatter, garantizando la m\u00e1xima calidad para sus necesidades de investigaci\u00f3n.","robots":{"index":"index","follow":"follow","max-snippet":"max-snippet:-1","max-image-preview":"max-image-preview:large","max-video-preview":"max-video-preview:-1"},"canonical":"https:\/\/legitgrams.com\/es\/producto\/white-widow-shatter-top-shelf\/","og_locale":"es_ES","og_type":"article","og_title":"White Widow Shatter for sale - Order White Widow Shatter Online","og_description":"Looking to buy white widow shatter online? discover a seamless platform at our online store where you can buy white widow shatter, ensuring top-grade quality for your research needs.","og_url":"https:\/\/legitgrams.com\/es\/producto\/white-widow-shatter-top-shelf\/","og_site_name":"Legit Grams","article_modified_time":"2025-01-15T05:57:26+00:00","og_image":[{"width":600,"height":600,"url":"https:\/\/legitgrams.com\/wp-content\/uploads\/2024\/09\/Buy-White-Widow-Shatter.jpg","type":"image\/jpeg"}],"twitter_card":"summary_large_image","twitter_misc":{"Tiempo de lectura":"2 minutos"},"schema":{"@context":"https:\/\/schema.org","@graph":[{"@type":"WebPage","@id":"https:\/\/legitgrams.com\/product\/white-widow-shatter-top-shelf\/","url":"https:\/\/legitgrams.com\/product\/white-widow-shatter-top-shelf\/","name":"White Widow Shatter en venta - Pedir White Widow Shatter Online","isPartOf":{"@id":"https:\/\/legitgrams.com\/#website"},"primaryImageOfPage":{"@id":"https:\/\/legitgrams.com\/product\/white-widow-shatter-top-shelf\/#primaryimage"},"image":{"@id":"https:\/\/legitgrams.com\/product\/white-widow-shatter-top-shelf\/#primaryimage"},"thumbnailUrl":"https:\/\/legitgrams.com\/wp-content\/uploads\/2024\/09\/Buy-White-Widow-Shatter.jpg","datePublished":"2024-09-21T12:04:04+00:00","dateModified":"2025-01-15T05:57:26+00:00","description":"\u00bfBusca comprar White Widow Shatter en l\u00ednea? Descubra una plataforma sin fisuras en nuestra tienda en l\u00ednea donde puede comprar White Widow Shatter, garantizando la m\u00e1xima calidad para sus necesidades de investigaci\u00f3n.","breadcrumb":{"@id":"https:\/\/legitgrams.com\/product\/white-widow-shatter-top-shelf\/#breadcrumb"},"inLanguage":"es","potentialAction":[{"@type":"ReadAction","target":["https:\/\/legitgrams.com\/product\/white-widow-shatter-top-shelf\/"]}]},{"@type":"ImageObject","inLanguage":"es","@id":"https:\/\/legitgrams.com\/product\/white-widow-shatter-top-shelf\/#primaryimage","url":"https:\/\/legitgrams.com\/wp-content\/uploads\/2024\/09\/Buy-White-Widow-Shatter.jpg","contentUrl":"https:\/\/legitgrams.com\/wp-content\/uploads\/2024\/09\/Buy-White-Widow-Shatter.jpg","width":600,"height":600,"caption":"White Widow Shatter for Sale"},{"@type":"BreadcrumbList","@id":"https:\/\/legitgrams.com\/product\/white-widow-shatter-top-shelf\/#breadcrumb","itemListElement":[{"@type":"ListItem","position":1,"name":"Home","item":"https:\/\/legitgrams.com\/"},{"@type":"ListItem","position":2,"name":"Shop","item":"https:\/\/legitgrams.com\/shop\/"},{"@type":"ListItem","position":3,"name":"White Widow Shatter \u2013 Top Shelf"}]},{"@type":"WebSite","@id":"https:\/\/legitgrams.com\/#website","url":"https:\/\/legitgrams.com\/","name":"Gramos leg\u00edtimos","description":"Mi blog de WordPress","publisher":{"@id":"https:\/\/legitgrams.com\/#organization"},"potentialAction":[{"@type":"SearchAction","target":{"@type":"EntryPoint","urlTemplate":"https:\/\/legitgrams.com\/?s={search_term_string}"},"query-input":{"@type":"PropertyValueSpecification","valueRequired":true,"valueName":"search_term_string"}}],"inLanguage":"es"},{"@type":"Organization","@id":"https:\/\/legitgrams.com\/#organization","name":"Gramos leg\u00edtimos","url":"https:\/\/legitgrams.com\/","logo":{"@type":"ImageObject","inLanguage":"es","@id":"https:\/\/legitgrams.com\/#\/schema\/logo\/image\/","url":"https:\/\/legitgrams.com\/wp-content\/uploads\/2024\/09\/main-logo.png","contentUrl":"https:\/\/legitgrams.com\/wp-content\/uploads\/2024\/09\/main-logo.png","width":270,"height":75,"caption":"Legit Grams"},"image":{"@id":"https:\/\/legitgrams.com\/#\/schema\/logo\/image\/"}}]}},"uagb_featured_image_src":{"full":["https:\/\/legitgrams.com\/wp-content\/uploads\/2024\/09\/Buy-White-Widow-Shatter.jpg",600,600,false],"thumbnail":["https:\/\/legitgrams.com\/wp-content\/uploads\/2024\/09\/Buy-White-Widow-Shatter-150x150.jpg",150,150,true],"medium":["https:\/\/legitgrams.com\/wp-content\/uploads\/2024\/09\/Buy-White-Widow-Shatter-300x300.jpg",300,300,true],"medium_large":["https:\/\/legitgrams.com\/wp-content\/uploads\/2024\/09\/Buy-White-Widow-Shatter.jpg",600,600,false],"large":["https:\/\/legitgrams.com\/wp-content\/uploads\/2024\/09\/Buy-White-Widow-Shatter.jpg",600,600,false],"1536x1536":["https:\/\/legitgrams.com\/wp-content\/uploads\/2024\/09\/Buy-White-Widow-Shatter.jpg",600,600,false],"2048x2048":["https:\/\/legitgrams.com\/wp-content\/uploads\/2024\/09\/Buy-White-Widow-Shatter.jpg",600,600,false],"trp-custom-language-flag":["https:\/\/legitgrams.com\/wp-content\/uploads\/2024\/09\/Buy-White-Widow-Shatter-12x12.jpg",12,12,true],"woocommerce_thumbnail":["https:\/\/legitgrams.com\/wp-content\/uploads\/2024\/09\/Buy-White-Widow-Shatter-300x300.jpg",300,300,true],"woocommerce_single":["https:\/\/legitgrams.com\/wp-content\/uploads\/2024\/09\/Buy-White-Widow-Shatter.jpg",600,600,false],"woocommerce_gallery_thumbnail":["https:\/\/legitgrams.com\/wp-content\/uploads\/2024\/09\/Buy-White-Widow-Shatter-100x100.jpg",100,100,true]},"uagb_author_info":{"display_name":"cokeblog18","author_link":"https:\/\/legitgrams.com\/es\/author\/"},"uagb_comment_info":0,"uagb_excerpt":"White widow shatter is available for purchase on the top shelf of the internet. Purchase the White Widow Shatter; a popular hybrid breed that dates back to the early 1990s. The top menu at almost every Amsterdam cafe serves this strain, which is well-known worldwide. White Widow&#8217;s popularity has surged due to the Weeds television&hellip;","_links":{"self":[{"href":"https:\/\/legitgrams.com\/es\/wp-json\/wp\/v2\/product\/4174","targetHints":{"allow":["GET"]}}],"collection":[{"href":"https:\/\/legitgrams.com\/es\/wp-json\/wp\/v2\/product"}],"about":[{"href":"https:\/\/legitgrams.com\/es\/wp-json\/wp\/v2\/types\/product"}],"replies":[{"embeddable":true,"href":"https:\/\/legitgrams.com\/es\/wp-json\/wp\/v2\/comments?post=4174"}],"wp:featuredmedia":[{"embeddable":true,"href":"https:\/\/legitgrams.com\/es\/wp-json\/wp\/v2\/media\/5352"}],"wp:attachment":[{"href":"https:\/\/legitgrams.com\/es\/wp-json\/wp\/v2\/media?parent=4174"}],"wp:term":[{"taxonomy":"product_brand","embeddable":true,"href":"https:\/\/legitgrams.com\/es\/wp-json\/wp\/v2\/product_brand?post=4174"},{"taxonomy":"product_cat","embeddable":true,"href":"https:\/\/legitgrams.com\/es\/wp-json\/wp\/v2\/product_cat?post=4174"},{"taxonomy":"product_tag","embeddable":true,"href":"https:\/\/legitgrams.com\/es\/wp-json\/wp\/v2\/product_tag?post=4174"}],"curies":[{"name":"wp","href":"https:\/\/api.w.org\/{rel}","templated":true}]}}