{"id":4179,"date":"2024-09-21T12:15:48","date_gmt":"2024-09-21T12:15:48","guid":{"rendered":"https:\/\/legitgrams.com\/?post_type=product&#038;p=4179"},"modified":"2025-04-04T05:22:07","modified_gmt":"2025-04-04T05:22:07","slug":"hachis-de-charas","status":"publish","type":"product","link":"https:\/\/legitgrams.com\/es\/producto\/hachis-de-charas\/","title":{"rendered":"Comprar Charas Hash en l\u00ednea"},"content":{"rendered":"<h2>Hash Charas en venta<\/h2>\n<p>Comprar<a href=\"https:\/\/legitgrams.com\/es\/producto\/hachis-de-charas\/\"> Charas Hash en l\u00ednea<\/a>Se genera acariciando suavemente los cogollos femeninos entre las palmas de las manos. Antes de transportarlo, la resina se comprime en los t\u00edpicos trozos y se distribuye como bolas de hach\u00eds. Tono: Oscuro, negro por fuera o verde claro por dentro. Aroma: De picante a muy \u00e1cido. Un aroma \u00fanico. Sabor: A diferencia del afgano, es un poco \u00e1spero para la garganta y muy picante. Consistencia: Es incre\u00edblemente suave y se puede masajear bien, como el afgano. A veces muy fino, pero siempre espeso. Impacto: Alegre e intenso. Conectado al cerebro. Fuerza: Excepcionalmente potente y fuerte. <a href=\"https:\/\/www.google.com\/search?q=Comprar+Charas+Hash+en+lnea&amp;sca_esv=eddefdb7b92e7545&amp;sxsrf=AHTn8zq4SJQrDuYU7uX37NFFgIofJUMVsg1743743623658&amp;ei=h2rvZ6D3J-jB0PEP2JyTiAQ&amp;ved=0ahUKEwjg1pGaz72MAxXoIDQIHVjOBEEQ4dUDCBA&amp;uact=5&amp;oq=Comprar+Charas+Hash+en+lnea&amp;gs_lp=Egxnd3Mtd2l6LXNlcnAiHUNvbXByYXIgQ2hhcmFzIEhhc2ggZW4gbMOtbmVhSPEGUNECWNECcAF4AJABAJgBAKABAKoBALgBA8gBAPgBAvgBAZgCAKACAJgDAIgGAZIHAKAHALIHALgHAA&amp;sclient=gws-wiz-serp\">Charas<\/a> Suele ser una fumada excelente, similar a la nepal\u00ed. (10-26 % de THC). Disponibilidad: extremadamente poco com\u00fan; solo se consiguen cantidades muy peque\u00f1as peri\u00f3dicamente. La mayor parte de este tipo es importado por turistas particulares. El hach\u00eds a la India es, por supuesto, caro en comparaci\u00f3n con el nepal\u00ed. <a href=\"https:\/\/www.bing.com\/search?q=ComprarCharasHashenlnea&amp;qs=n&amp;form=QBRE&amp;sp=-1&amp;lq=0&amp;pq=comprarcharashashenlnea&amp;sc=12-28&amp;sk=&amp;cvid=5DDD21F4AC464033AB94A567ABD229A2&amp;ghsh=0&amp;ghacc=0&amp;ghpl=\">Charas<\/a> is usually sold as a hash piece called a &#8220;finger,&#8221; which resembles a hotdog. <a href=\"https:\/\/legitgrams.com\/es\/\">LegitGrams<\/a><\/p>\n<p>Comprar Charas Hash en l\u00ednea \u2013 Comprar Hash, Comprar Charas Hash, Comprar <a href=\"https:\/\/en.wikipedia.org\/wiki\/Charas\">Charas<\/a> Hash, D\u00f3nde comprar Charas Hash, Comprar Charas Hash a la venta, Comprar Charas Hash en EE. UU., Canad\u00e1, Reino Unido, Comprar en l\u00ednea, Proveedores, Entrega segura, Comprar en l\u00ednea, <a href=\"https:\/\/duckduckgo.com\/?q=Buy+Charas+Hash+Online&amp;t=h_&amp;ia=web\">Charas Hash<\/a> Todav\u00eda est\u00e1 disponible; puedes verificar su legalidad en EE. UU., adquirirlo en l\u00ednea y ver si es legal en Canad\u00e1.<\/p>","protected":false},"excerpt":{"rendered":"<p>Hash Charas for Sale Purchase Charas Hash online. generated by gently stroking the female buds between your palms. Prior to transportation, the pitch is compressed into the typical pieces and distributed as hash balls. Shading: Dark, black on the outside, or light green inside. Scent: Hot to very tangy. A unique scent. Taste: Unlike Afghani, &hellip;<\/p>\n<p class=\"read-more\"> <a class=\"\" href=\"https:\/\/legitgrams.com\/es\/producto\/hachis-de-charas\/\"> <span class=\"screen-reader-text\">Comprar Charas Hash en l\u00ednea<\/span> Leer m\u00e1s \"<\/a><\/p>","protected":false},"featured_media":5372,"comment_status":"open","ping_status":"closed","template":"","meta":{"_uag_custom_page_level_css":"","site-sidebar-layout":"default","site-content-layout":"default","ast-global-header-display":"","ast-main-header-display":"","ast-hfb-above-header-display":"","ast-hfb-below-header-display":"","ast-hfb-mobile-header-display":"","site-post-title":"","ast-breadcrumbs-content":"","ast-featured-img":"","footer-sml-layout":"","theme-transparent-header-meta":"default","adv-header-id-meta":"","stick-header-meta":"default","header-above-stick-meta":"","header-main-stick-meta":"","header-below-stick-meta":"","_joinchat":[]},"product_brand":[],"product_cat":[605],"product_tag":[2532,2522,617,2514,2513,2517,2516,2524,2515,2525,2527,2534,2535,2533,2530,2529,2526,2521,2519,2531,2528,625,2520,2523,2518],"class_list":{"0":"post-4179","1":"product","2":"type-product","3":"status-publish","4":"has-post-thumbnail","6":"product_cat-hash-hashish","7":"product_tag-best-cheap-price-charas-hash","8":"product_tag-best-place-to-buy-charas-hash","9":"product_tag-bulk-online","10":"product_tag-buy-charas-hash","11":"product_tag-charas-hash","12":"product_tag-charas-hash-charas-hash-supplier","13":"product_tag-charas-hash-for-sale","14":"product_tag-charas-hash-legally","15":"product_tag-charas-hash-online","16":"product_tag-charas-hash-price","17":"product_tag-charas-hash-store","18":"product_tag-charas-hash-use","19":"product_tag-charas-hash-wiki","20":"product_tag-charas-hash-worldwide","21":"product_tag-charas-hashs","22":"product_tag-cheap-charas-hash","23":"product_tag-high-quality-charas-hash","24":"product_tag-how-to-buy-charas-hash","25":"product_tag-order-charas-hash","26":"product_tag-purcharse-charas-hash","27":"product_tag-shop-charas-hash","28":"product_tag-top-quality","29":"product_tag-where-to-buy-charas-hash","30":"product_tag-where-to-order-charas-hash","31":"product_tag-wholesale-charas-hash","32":"desktop-align-left","33":"tablet-align-left","34":"mobile-align-left","35":"ast-product-gallery-layout-horizontal","36":"ast-product-gallery-with-no-image","37":"ast-product-single-variable","38":"ast-product-tabs-layout-horizontal","39":"ast-qv-on-image","41":"first","42":"instock","43":"featured","44":"shipping-taxable","45":"purchasable","46":"product-type-variable"},"yoast_head":"<!-- This site is optimized with the Yoast SEO plugin v25.9 - https:\/\/yoast.com\/wordpress\/plugins\/seo\/ -->\n<title>Charas Hash for Sale - Buy Charas Hash Online - Order Hash<\/title>\n<meta name=\"description\" content=\"Looking for a reliable source to buy Charas Hash online? Your search ends here. Order Charas Hash online from our trusted store and enjoy a seamless buying process tailored for your research needs.\" \/>\n<meta name=\"robots\" content=\"index, follow, max-snippet:-1, max-image-preview:large, max-video-preview:-1\" \/>\n<link rel=\"canonical\" href=\"https:\/\/legitgrams.com\/es\/producto\/hachis-de-charas\/\" \/>\n<meta property=\"og:locale\" content=\"es_ES\" \/>\n<meta property=\"og:type\" content=\"article\" \/>\n<meta property=\"og:title\" content=\"Charas Hash for Sale - Buy Charas Hash Online - Order Hash\" \/>\n<meta property=\"og:description\" content=\"Looking for a reliable source to buy Charas Hash online? Your search ends here. Order Charas Hash online from our trusted store and enjoy a seamless buying process tailored for your research needs.\" \/>\n<meta property=\"og:url\" content=\"https:\/\/legitgrams.com\/es\/producto\/hachis-de-charas\/\" \/>\n<meta property=\"og:site_name\" content=\"Legit Grams\" \/>\n<meta property=\"article:modified_time\" content=\"2025-04-04T05:22:07+00:00\" \/>\n<meta property=\"og:image\" content=\"https:\/\/legitgrams.com\/wp-content\/uploads\/2024\/09\/Buy-Charas-Hash-Online.jpg\" \/>\n\t<meta property=\"og:image:width\" content=\"600\" \/>\n\t<meta property=\"og:image:height\" content=\"600\" \/>\n\t<meta property=\"og:image:type\" content=\"image\/jpeg\" \/>\n<meta name=\"twitter:card\" content=\"summary_large_image\" \/>\n<meta name=\"twitter:label1\" content=\"Tiempo de lectura\" \/>\n\t<meta name=\"twitter:data1\" content=\"2 minutos\" \/>\n<script type=\"application\/ld+json\" class=\"yoast-schema-graph\">{\"@context\":\"https:\/\/schema.org\",\"@graph\":[{\"@type\":\"WebPage\",\"@id\":\"https:\/\/legitgrams.com\/product\/charas-hash\/\",\"url\":\"https:\/\/legitgrams.com\/product\/charas-hash\/\",\"name\":\"Charas Hash for Sale - Buy Charas Hash Online - Order Hash\",\"isPartOf\":{\"@id\":\"https:\/\/legitgrams.com\/#website\"},\"primaryImageOfPage\":{\"@id\":\"https:\/\/legitgrams.com\/product\/charas-hash\/#primaryimage\"},\"image\":{\"@id\":\"https:\/\/legitgrams.com\/product\/charas-hash\/#primaryimage\"},\"thumbnailUrl\":\"https:\/\/legitgrams.com\/wp-content\/uploads\/2024\/09\/Buy-Charas-Hash-Online.jpg\",\"datePublished\":\"2024-09-21T12:15:48+00:00\",\"dateModified\":\"2025-04-04T05:22:07+00:00\",\"description\":\"Looking for a reliable source to buy Charas Hash online? Your search ends here. Order Charas Hash online from our trusted store and enjoy a seamless buying process tailored for your research needs.\",\"breadcrumb\":{\"@id\":\"https:\/\/legitgrams.com\/product\/charas-hash\/#breadcrumb\"},\"inLanguage\":\"es\",\"potentialAction\":[{\"@type\":\"ReadAction\",\"target\":[\"https:\/\/legitgrams.com\/product\/charas-hash\/\"]}]},{\"@type\":\"ImageObject\",\"inLanguage\":\"es\",\"@id\":\"https:\/\/legitgrams.com\/product\/charas-hash\/#primaryimage\",\"url\":\"https:\/\/legitgrams.com\/wp-content\/uploads\/2024\/09\/Buy-Charas-Hash-Online.jpg\",\"contentUrl\":\"https:\/\/legitgrams.com\/wp-content\/uploads\/2024\/09\/Buy-Charas-Hash-Online.jpg\",\"width\":600,\"height\":600,\"caption\":\"Charas Hash for Sale\"},{\"@type\":\"BreadcrumbList\",\"@id\":\"https:\/\/legitgrams.com\/product\/charas-hash\/#breadcrumb\",\"itemListElement\":[{\"@type\":\"ListItem\",\"position\":1,\"name\":\"Home\",\"item\":\"https:\/\/legitgrams.com\/\"},{\"@type\":\"ListItem\",\"position\":2,\"name\":\"Shop\",\"item\":\"https:\/\/legitgrams.com\/shop\/\"},{\"@type\":\"ListItem\",\"position\":3,\"name\":\"Buy Charas Hash Online\"}]},{\"@type\":\"WebSite\",\"@id\":\"https:\/\/legitgrams.com\/#website\",\"url\":\"https:\/\/legitgrams.com\/\",\"name\":\"Legit Grams\",\"description\":\"My WordPress Blog\",\"publisher\":{\"@id\":\"https:\/\/legitgrams.com\/#organization\"},\"potentialAction\":[{\"@type\":\"SearchAction\",\"target\":{\"@type\":\"EntryPoint\",\"urlTemplate\":\"https:\/\/legitgrams.com\/?s={search_term_string}\"},\"query-input\":{\"@type\":\"PropertyValueSpecification\",\"valueRequired\":true,\"valueName\":\"search_term_string\"}}],\"inLanguage\":\"es\"},{\"@type\":\"Organization\",\"@id\":\"https:\/\/legitgrams.com\/#organization\",\"name\":\"Legit Grams\",\"url\":\"https:\/\/legitgrams.com\/\",\"logo\":{\"@type\":\"ImageObject\",\"inLanguage\":\"es\",\"@id\":\"https:\/\/legitgrams.com\/#\/schema\/logo\/image\/\",\"url\":\"https:\/\/legitgrams.com\/wp-content\/uploads\/2024\/09\/main-logo.png\",\"contentUrl\":\"https:\/\/legitgrams.com\/wp-content\/uploads\/2024\/09\/main-logo.png\",\"width\":270,\"height\":75,\"caption\":\"Legit Grams\"},\"image\":{\"@id\":\"https:\/\/legitgrams.com\/#\/schema\/logo\/image\/\"}}]}<\/script>\n<!-- \/ Yoast SEO plugin. -->","yoast_head_json":{"title":"Charas Hash en Venta - Comprar Charas Hash Online - Pedir Hash","description":"\u00bfBusca una fuente fiable para comprar Charas Hash en l\u00ednea? Tu b\u00fasqueda termina aqu\u00ed. Pide Charas Hash online en nuestra tienda de confianza y disfruta de un proceso de compra sin complicaciones adaptado a tus necesidades de investigaci\u00f3n.","robots":{"index":"index","follow":"follow","max-snippet":"max-snippet:-1","max-image-preview":"max-image-preview:large","max-video-preview":"max-video-preview:-1"},"canonical":"https:\/\/legitgrams.com\/es\/producto\/hachis-de-charas\/","og_locale":"es_ES","og_type":"article","og_title":"Charas Hash for Sale - Buy Charas Hash Online - Order Hash","og_description":"Looking for a reliable source to buy Charas Hash online? Your search ends here. Order Charas Hash online from our trusted store and enjoy a seamless buying process tailored for your research needs.","og_url":"https:\/\/legitgrams.com\/es\/producto\/hachis-de-charas\/","og_site_name":"Legit Grams","article_modified_time":"2025-04-04T05:22:07+00:00","og_image":[{"width":600,"height":600,"url":"https:\/\/legitgrams.com\/wp-content\/uploads\/2024\/09\/Buy-Charas-Hash-Online.jpg","type":"image\/jpeg"}],"twitter_card":"summary_large_image","twitter_misc":{"Tiempo de lectura":"2 minutos"},"schema":{"@context":"https:\/\/schema.org","@graph":[{"@type":"WebPage","@id":"https:\/\/legitgrams.com\/product\/charas-hash\/","url":"https:\/\/legitgrams.com\/product\/charas-hash\/","name":"Charas Hash en Venta - Comprar Charas Hash Online - Pedir Hash","isPartOf":{"@id":"https:\/\/legitgrams.com\/#website"},"primaryImageOfPage":{"@id":"https:\/\/legitgrams.com\/product\/charas-hash\/#primaryimage"},"image":{"@id":"https:\/\/legitgrams.com\/product\/charas-hash\/#primaryimage"},"thumbnailUrl":"https:\/\/legitgrams.com\/wp-content\/uploads\/2024\/09\/Buy-Charas-Hash-Online.jpg","datePublished":"2024-09-21T12:15:48+00:00","dateModified":"2025-04-04T05:22:07+00:00","description":"\u00bfBusca una fuente fiable para comprar Charas Hash en l\u00ednea? Tu b\u00fasqueda termina aqu\u00ed. Pide Charas Hash online en nuestra tienda de confianza y disfruta de un proceso de compra sin complicaciones adaptado a tus necesidades de investigaci\u00f3n.","breadcrumb":{"@id":"https:\/\/legitgrams.com\/product\/charas-hash\/#breadcrumb"},"inLanguage":"es","potentialAction":[{"@type":"ReadAction","target":["https:\/\/legitgrams.com\/product\/charas-hash\/"]}]},{"@type":"ImageObject","inLanguage":"es","@id":"https:\/\/legitgrams.com\/product\/charas-hash\/#primaryimage","url":"https:\/\/legitgrams.com\/wp-content\/uploads\/2024\/09\/Buy-Charas-Hash-Online.jpg","contentUrl":"https:\/\/legitgrams.com\/wp-content\/uploads\/2024\/09\/Buy-Charas-Hash-Online.jpg","width":600,"height":600,"caption":"Charas Hash for Sale"},{"@type":"BreadcrumbList","@id":"https:\/\/legitgrams.com\/product\/charas-hash\/#breadcrumb","itemListElement":[{"@type":"ListItem","position":1,"name":"Home","item":"https:\/\/legitgrams.com\/"},{"@type":"ListItem","position":2,"name":"Shop","item":"https:\/\/legitgrams.com\/shop\/"},{"@type":"ListItem","position":3,"name":"Buy Charas Hash Online"}]},{"@type":"WebSite","@id":"https:\/\/legitgrams.com\/#website","url":"https:\/\/legitgrams.com\/","name":"Gramos leg\u00edtimos","description":"Mi blog de WordPress","publisher":{"@id":"https:\/\/legitgrams.com\/#organization"},"potentialAction":[{"@type":"SearchAction","target":{"@type":"EntryPoint","urlTemplate":"https:\/\/legitgrams.com\/?s={search_term_string}"},"query-input":{"@type":"PropertyValueSpecification","valueRequired":true,"valueName":"search_term_string"}}],"inLanguage":"es"},{"@type":"Organization","@id":"https:\/\/legitgrams.com\/#organization","name":"Gramos leg\u00edtimos","url":"https:\/\/legitgrams.com\/","logo":{"@type":"ImageObject","inLanguage":"es","@id":"https:\/\/legitgrams.com\/#\/schema\/logo\/image\/","url":"https:\/\/legitgrams.com\/wp-content\/uploads\/2024\/09\/main-logo.png","contentUrl":"https:\/\/legitgrams.com\/wp-content\/uploads\/2024\/09\/main-logo.png","width":270,"height":75,"caption":"Legit Grams"},"image":{"@id":"https:\/\/legitgrams.com\/#\/schema\/logo\/image\/"}}]}},"uagb_featured_image_src":{"full":["https:\/\/legitgrams.com\/wp-content\/uploads\/2024\/09\/Buy-Charas-Hash-Online.jpg",600,600,false],"thumbnail":["https:\/\/legitgrams.com\/wp-content\/uploads\/2024\/09\/Buy-Charas-Hash-Online-150x150.jpg",150,150,true],"medium":["https:\/\/legitgrams.com\/wp-content\/uploads\/2024\/09\/Buy-Charas-Hash-Online-300x300.jpg",300,300,true],"medium_large":["https:\/\/legitgrams.com\/wp-content\/uploads\/2024\/09\/Buy-Charas-Hash-Online.jpg",600,600,false],"large":["https:\/\/legitgrams.com\/wp-content\/uploads\/2024\/09\/Buy-Charas-Hash-Online.jpg",600,600,false],"1536x1536":["https:\/\/legitgrams.com\/wp-content\/uploads\/2024\/09\/Buy-Charas-Hash-Online.jpg",600,600,false],"2048x2048":["https:\/\/legitgrams.com\/wp-content\/uploads\/2024\/09\/Buy-Charas-Hash-Online.jpg",600,600,false],"trp-custom-language-flag":["https:\/\/legitgrams.com\/wp-content\/uploads\/2024\/09\/Buy-Charas-Hash-Online-12x12.jpg",12,12,true],"woocommerce_thumbnail":["https:\/\/legitgrams.com\/wp-content\/uploads\/2024\/09\/Buy-Charas-Hash-Online-300x300.jpg",300,300,true],"woocommerce_single":["https:\/\/legitgrams.com\/wp-content\/uploads\/2024\/09\/Buy-Charas-Hash-Online.jpg",600,600,false],"woocommerce_gallery_thumbnail":["https:\/\/legitgrams.com\/wp-content\/uploads\/2024\/09\/Buy-Charas-Hash-Online-100x100.jpg",100,100,true]},"uagb_author_info":{"display_name":"cokeblog18","author_link":"https:\/\/legitgrams.com\/es\/author\/"},"uagb_comment_info":0,"uagb_excerpt":"Hash Charas for Sale Purchase Charas Hash online. generated by gently stroking the female buds between your palms. Prior to transportation, the pitch is compressed into the typical pieces and distributed as hash balls. Shading: Dark, black on the outside, or light green inside. Scent: Hot to very tangy. A unique scent. Taste: Unlike Afghani,&hellip;","_links":{"self":[{"href":"https:\/\/legitgrams.com\/es\/wp-json\/wp\/v2\/product\/4179","targetHints":{"allow":["GET"]}}],"collection":[{"href":"https:\/\/legitgrams.com\/es\/wp-json\/wp\/v2\/product"}],"about":[{"href":"https:\/\/legitgrams.com\/es\/wp-json\/wp\/v2\/types\/product"}],"replies":[{"embeddable":true,"href":"https:\/\/legitgrams.com\/es\/wp-json\/wp\/v2\/comments?post=4179"}],"wp:featuredmedia":[{"embeddable":true,"href":"https:\/\/legitgrams.com\/es\/wp-json\/wp\/v2\/media\/5372"}],"wp:attachment":[{"href":"https:\/\/legitgrams.com\/es\/wp-json\/wp\/v2\/media?parent=4179"}],"wp:term":[{"taxonomy":"product_brand","embeddable":true,"href":"https:\/\/legitgrams.com\/es\/wp-json\/wp\/v2\/product_brand?post=4179"},{"taxonomy":"product_cat","embeddable":true,"href":"https:\/\/legitgrams.com\/es\/wp-json\/wp\/v2\/product_cat?post=4179"},{"taxonomy":"product_tag","embeddable":true,"href":"https:\/\/legitgrams.com\/es\/wp-json\/wp\/v2\/product_tag?post=4179"}],"curies":[{"name":"wp","href":"https:\/\/api.w.org\/{rel}","templated":true}]}}