{"id":4189,"date":"2024-09-21T12:41:57","date_gmt":"2024-09-21T12:41:57","guid":{"rendered":"https:\/\/legitgrams.com\/?post_type=product&#038;p=4189"},"modified":"2025-04-03T19:20:46","modified_gmt":"2025-04-03T19:20:46","slug":"maestro-de-oro","status":"publish","type":"product","link":"https:\/\/legitgrams.com\/es\/producto\/maestro-de-oro\/","title":{"rendered":"Comprar Golden Teacher en l\u00ednea"},"content":{"rendered":"<h2>Comprar Golden Teacher en l\u00ednea<\/h2>\n<p><a href=\"https:\/\/legitgrams.com\/es\/producto\/maestro-de-oro\/\">Profesores de oro<\/a> creen que <a href=\"https:\/\/en.wikipedia.org\/wiki\/Psilocybe_cubensis\">psilocybe cubensis<\/a> es un tipo especial de hongo, aunque reci\u00e9n se volvi\u00f3 popular como hongo m\u00e1gico en la d\u00e9cada de 1980. El <a href=\"https:\/\/www.bing.com\/search?q=Buy%20Golden%20Teacher%20Online&amp;qs=n&amp;form=QBRE&amp;sp=-1&amp;lq=0&amp;pq=buy%20golden%20teacher%20online&amp;sc=11-25&amp;sk=&amp;cvid=162DB480EB1D46FEA660EC0D3BA8E423&amp;ghsh=0&amp;ghacc=0&amp;ghpl=\">Profesor de oro<\/a> Comprar Golden Teacher Online suele ser m\u00e1s potente que muchas otras cepas de psilocibina cubensis, ya que no crece tan r\u00e1pido.<br \/>\nA los cultivadores les encanta cultivar Golden Teachers porque generan grandes cosechas y altos rendimientos. A pesar de su lento crecimiento, lo compensan con creces con sus abundantes cosechas y su llamativo color dorado. Esta especie de Psilocybe cubensis tiene dos ingredientes activos: psilocibina y psilocina. <a href=\"https:\/\/legitgrams.com\/es\/\">LegitGrams<\/a><\/p>\n<p>En realidad estos hongos tienen fisiolog\u00edas similares.<\/p>\n<p>a sus primos de la familia Cubensis. MMJDirect ofrece hongos secos que tienen una excelente capacidad de almacenamiento a largo plazo. \u00a1Para un flujo constante de experiencias psicod\u00e9licas, compre Golden Teachers en el sitio web canadiense! <a href=\"https:\/\/www.google.com\/search?q=Comprar+Golden+Teacher+en+lnea&amp;sca_esv=eddefdb7b92e7545&amp;sxsrf=AHTn8zrY7ho7nY0wufBGiz7Zd42zQyFIxg1743708194818&amp;ei=IuDuZ7jZMe-p0PEPmLTQwAU&amp;ved=0ahUKEwi48qycy7yMAxXvFDQIHRgaFFgQ4dUDCBA&amp;uact=5&amp;oq=Comprar+Golden+Teacher+en+lnea&amp;gs_lp=Egxnd3Mtd2l6LXNlcnAiIENvbXByYXIgR29sZGVuIFRlYWNoZXIgZW4gbMOtbmVhSIAFUABYAHAAeACQAQCYAYgDoAGIA6oBAzMtMbgBA8gBAPgBAvgBAZgCAKACAJgDAJIHAKAHVLIHALgHAA&amp;sclient=gws-wiz-serp\">buy Golden Teachers<\/a> \u00a1del sitio web canadiense!<\/p>\n<h3>Efectos reales de los hongos Golden Teachers<\/h3>\n<p><a href=\"https:\/\/www.google.com\/search?q=Comprar+Golden+Teacher+en+lnea&amp;sca_esv=eddefdb7b92e7545&amp;sxsrf=AHTn8zrY7ho7nY0wufBGiz7Zd42zQyFIxg1743708194818&amp;ei=IuDuZ7jZMe-p0PEPmLTQwAU&amp;ved=0ahUKEwi48qycy7yMAxXvFDQIHRgaFFgQ4dUDCBA&amp;uact=5&amp;oq=Comprar+Golden+Teacher+en+lnea&amp;gs_lp=Egxnd3Mtd2l6LXNlcnAiIENvbXByYXIgR29sZGVuIFRlYWNoZXIgZW4gbMOtbmVhSIAFUABYAHAAeACQAQCYAYgDoAGIA6oBAzMtMbgBA8gBAPgBAvgBAZgCAKACAJgDAJIHAKAHVLIHALgHAA&amp;sclient=gws-wiz-serp\">Profesores de oro<\/a> Es una excelente opci\u00f3n para quienes se inician en el mundo de los psicod\u00e9licos y los hongos. Tiene un efecto psicoactivo de leve a intenso que la mayor\u00eda de las personas pueden tolerar, incluso en dosis altas. Por otro lado, los Golden Teachers son completamente metaf\u00edsicos y espirituales. Se te muestra un portal que te lleva a lo m\u00e1s profundo de tu espiritualidad y un puente que te conecta con las regiones m\u00e1s remotas del Universo. Legit Grams<\/p>\n<p>La mayor\u00eda de los consumidores dicen que han tenido una sensaci\u00f3n de conexi\u00f3n con el mundo natural y el medio ambiente. Es comparable a la conexi\u00f3n con el n\u00facleo del mundo en tu conciencia, aumentando tu sensibilidad a sus resonancias y cambios. Despu\u00e9s de eso, debes dejar que esta sensaci\u00f3n de libertad total e iluminaci\u00f3n interior te cambie de adentro hacia afuera. Durante las siguientes tres a seis horas, disfrutar\u00e1s de tu unidad con la naturaleza y el mundo.<\/p>\n<p>Other effects include impressions of time distortion, where you perceive time to be going more slowly than usual. It\u2019s only been twenty minutes, for instance, even though you could seem that two hours have passed since you took the Golden Teachers Canada. On the other hand, psilocybin usually causes time dilation, which results in future temporal skips.<\/p>\n<h3>Aspectos a tener en cuenta antes de utilizar Golden Teachers<\/h3>\n<p>Sin ninguna recomendaci\u00f3n \u00fatil esto <a href=\"https:\/\/duckduckgo.com\/?q=Comprar+Golden+Teacher+en+lnea&amp;t=h_&amp;ia=web\">Profesores de oro<\/a> Esta rese\u00f1a no estar\u00eda completa sin consejos pr\u00e1cticos sobre c\u00f3mo prepararse adecuadamente antes del consumo. Ante todo, siempre deber\u00edas contar con alguien que te supervise si es la primera vez que consumes hongos psicod\u00e9licos. Asimismo, si planeas tomar una dosis mayor, contrata a un acompa\u00f1ante para asegurarte de que no ocurra nada malo durante tu experiencia psicod\u00e9lica. En caso de emergencia, el acompa\u00f1ante estar\u00e1 listo para brindarte asistencia oportuna.<\/p>\n<p>En caso de que hayas consumido demasiados Golden Teachers, los supresores psicod\u00e9licos conocidos incluyen alimentos, agua y vitamina C. Sin embargo, debes consultar a un profesional antes de crear tus propias dosis. Como alternativa, puedes hacerlo por tu cuenta y aumentar progresivamente la dosis hasta encontrar la que mejor se adapte a ti.<\/p>\n<h3>\u00bfPor qu\u00e9 se llama Maestros Dorados?<\/h3>\n<p>La palabra \u201cdorado\u201d describe el tono dorado amarillento inherente del hongo. Puedes estar seguro de que el hongo est\u00e1 completamente desarrollado y es comestible en ese momento. Los hongos secos a\u00fan tendr\u00e1n los tonos dorados en sus sombreros, lo que significa su calidad y potencial para efectos psicod\u00e9licos.<\/p>\n<p>En cuanto a las propiedades cham\u00e1nicas y espirituales de este hongo en particular, el t\u00e9rmino \u201cmaestro\u201d tiene m\u00faltiples interpretaciones. Consumir m\u00e1s de \u00e9l podr\u00eda literalmente brindarte una perspectiva completamente nueva sobre el mundo. Quiz\u00e1s obtengas una nueva comprensi\u00f3n del cosmos y de ti mismo. Este tipo de instrucci\u00f3n se centra en el significado m\u00e1s profundo de la naturaleza y en lo \u00fanico e irreemplazable que es para cada cliente.<\/p>\n<p>La trascendencia y, en su forma m\u00e1s extrema, la muerte del ego son las interpretaciones definitivas de los Golden Teachers. Esto despertar\u00e1 totalmente tus tendencias espirituales subyacentes y te proporcionar\u00e1 nuevas perspectivas sobre los misterios de la naturaleza. Este hongo psilocibio es una gu\u00eda cham\u00e1nica que te ayuda a comprender tu lugar en el universo a un nivel mucho m\u00e1s profundo. \u00a1Compru\u00e9balo t\u00fa mismo comprando Golden Teachers en la tienda en l\u00ednea de Canad\u00e1!<\/p>","protected":false},"excerpt":{"rendered":"<p>Purchase Golden Teacher Online Golden Teachers believe that psilocybe cubensis is a special kind of mushroom, even though it only recently became popular as a magical mushroom in the 1980s. The Golden Teacher is often more potent than many other strains of psilocybin cubensis since it does not grow as quickly. Growers love growing cultures &hellip;<\/p>\n<p class=\"read-more\"> <a class=\"\" href=\"https:\/\/legitgrams.com\/es\/producto\/maestro-de-oro\/\"> <span class=\"screen-reader-text\">Comprar Golden Teacher en l\u00ednea<\/span> Leer m\u00e1s \"<\/a><\/p>","protected":false},"featured_media":5240,"comment_status":"open","ping_status":"closed","template":"","meta":{"_uag_custom_page_level_css":"","site-sidebar-layout":"default","site-content-layout":"default","ast-global-header-display":"","ast-main-header-display":"","ast-hfb-above-header-display":"","ast-hfb-below-header-display":"","ast-hfb-mobile-header-display":"","site-post-title":"","ast-breadcrumbs-content":"","ast-featured-img":"","footer-sml-layout":"","theme-transparent-header-meta":"default","adv-header-id-meta":"","stick-header-meta":"default","header-above-stick-meta":"","header-main-stick-meta":"","header-below-stick-meta":"","_joinchat":[]},"product_brand":[],"product_cat":[599],"product_tag":[2348,2338,617,2330,2345,2329,2332,2333,2340,2331,2343,2350,2351,2349,2341,2346,2342,2337,2335,2347,2344,625,2336,2339,2334],"class_list":{"0":"post-4189","1":"product","2":"type-product","3":"status-publish","4":"has-post-thumbnail","6":"product_cat-psilocybin-or-magic-mushrooms","7":"product_tag-best-cheap-price-golden-teacher","8":"product_tag-best-place-to-buy-golden-teacher","9":"product_tag-bulk-online","10":"product_tag-buy-golden-teacher","11":"product_tag-cheap-golden-teacher","12":"product_tag-golden-teacher","13":"product_tag-golden-teacher-for-sale","14":"product_tag-golden-teacher-golden-teacher-supplier","15":"product_tag-golden-teacher-legally","16":"product_tag-golden-teacher-online","17":"product_tag-golden-teacher-store","18":"product_tag-golden-teacher-use","19":"product_tag-golden-teacher-wiki","20":"product_tag-golden-teacher-worldwide","21":"product_tag-golden-teacherprice","22":"product_tag-golden-teachers","23":"product_tag-high-quality-golden-teacher","24":"product_tag-how-to-buy-golden-teacher","25":"product_tag-order-golden-teacher","26":"product_tag-purcharse-golden-teacher","27":"product_tag-shop-golden-teacher","28":"product_tag-top-quality","29":"product_tag-where-to-buy-golden-teacher","30":"product_tag-where-to-order-golden-teacher","31":"product_tag-wholesale-golden-teacher","32":"desktop-align-left","33":"tablet-align-left","34":"mobile-align-left","35":"ast-product-gallery-layout-horizontal","36":"ast-product-gallery-with-no-image","37":"ast-product-single-variable","38":"ast-product-tabs-layout-horizontal","39":"ast-qv-on-image","41":"first","42":"instock","43":"shipping-taxable","44":"purchasable","45":"product-type-variable"},"yoast_head":"<!-- This site is optimized with the Yoast SEO plugin v25.9 - https:\/\/yoast.com\/wordpress\/plugins\/seo\/ -->\n<title>Golden Teacher Psilocybin for Sale - Order Golden Teacher Online<\/title>\n<meta name=\"description\" content=\"At our Legitgrams, you can get Golden Teacher for sale at cheap rates. We deal with A-grade quality products only. Buy Golden Teacher online from our store now with fast &amp; secure shipping service.\" \/>\n<meta name=\"robots\" content=\"index, follow, max-snippet:-1, max-image-preview:large, max-video-preview:-1\" \/>\n<link rel=\"canonical\" href=\"https:\/\/legitgrams.com\/es\/producto\/maestro-de-oro\/\" \/>\n<meta property=\"og:locale\" content=\"es_ES\" \/>\n<meta property=\"og:type\" content=\"article\" \/>\n<meta property=\"og:title\" content=\"Golden Teacher Psilocybin for Sale - Order Golden Teacher Online\" \/>\n<meta property=\"og:description\" content=\"At our Legitgrams, you can get Golden Teacher for sale at cheap rates. We deal with A-grade quality products only. Buy Golden Teacher online from our store now with fast &amp; secure shipping service.\" \/>\n<meta property=\"og:url\" content=\"https:\/\/legitgrams.com\/es\/producto\/maestro-de-oro\/\" \/>\n<meta property=\"og:site_name\" content=\"Legit Grams\" \/>\n<meta property=\"article:modified_time\" content=\"2025-04-03T19:20:46+00:00\" \/>\n<meta property=\"og:image\" content=\"https:\/\/legitgrams.com\/wp-content\/uploads\/2024\/09\/golden-teacherpsilocybin-or-magic-mushrooms.jpg\" \/>\n\t<meta property=\"og:image:width\" content=\"430\" \/>\n\t<meta property=\"og:image:height\" content=\"430\" \/>\n\t<meta property=\"og:image:type\" content=\"image\/jpeg\" \/>\n<meta name=\"twitter:card\" content=\"summary_large_image\" \/>\n<meta name=\"twitter:label1\" content=\"Tiempo de lectura\" \/>\n\t<meta name=\"twitter:data1\" content=\"4 minutos\" \/>\n<script type=\"application\/ld+json\" class=\"yoast-schema-graph\">{\"@context\":\"https:\/\/schema.org\",\"@graph\":[{\"@type\":\"WebPage\",\"@id\":\"https:\/\/legitgrams.com\/product\/golden-teacher\/\",\"url\":\"https:\/\/legitgrams.com\/product\/golden-teacher\/\",\"name\":\"Golden Teacher Psilocybin for Sale - Order Golden Teacher Online\",\"isPartOf\":{\"@id\":\"https:\/\/legitgrams.com\/#website\"},\"primaryImageOfPage\":{\"@id\":\"https:\/\/legitgrams.com\/product\/golden-teacher\/#primaryimage\"},\"image\":{\"@id\":\"https:\/\/legitgrams.com\/product\/golden-teacher\/#primaryimage\"},\"thumbnailUrl\":\"https:\/\/legitgrams.com\/wp-content\/uploads\/2024\/09\/golden-teacherpsilocybin-or-magic-mushrooms.jpg\",\"datePublished\":\"2024-09-21T12:41:57+00:00\",\"dateModified\":\"2025-04-03T19:20:46+00:00\",\"description\":\"At our Legitgrams, you can get Golden Teacher for sale at cheap rates. We deal with A-grade quality products only. Buy Golden Teacher online from our store now with fast & secure shipping service.\",\"breadcrumb\":{\"@id\":\"https:\/\/legitgrams.com\/product\/golden-teacher\/#breadcrumb\"},\"inLanguage\":\"es\",\"potentialAction\":[{\"@type\":\"ReadAction\",\"target\":[\"https:\/\/legitgrams.com\/product\/golden-teacher\/\"]}]},{\"@type\":\"ImageObject\",\"inLanguage\":\"es\",\"@id\":\"https:\/\/legitgrams.com\/product\/golden-teacher\/#primaryimage\",\"url\":\"https:\/\/legitgrams.com\/wp-content\/uploads\/2024\/09\/golden-teacherpsilocybin-or-magic-mushrooms.jpg\",\"contentUrl\":\"https:\/\/legitgrams.com\/wp-content\/uploads\/2024\/09\/golden-teacherpsilocybin-or-magic-mushrooms.jpg\",\"width\":430,\"height\":430,\"caption\":\"Golden Teacher Psilocybin for Sale\"},{\"@type\":\"BreadcrumbList\",\"@id\":\"https:\/\/legitgrams.com\/product\/golden-teacher\/#breadcrumb\",\"itemListElement\":[{\"@type\":\"ListItem\",\"position\":1,\"name\":\"Home\",\"item\":\"https:\/\/legitgrams.com\/\"},{\"@type\":\"ListItem\",\"position\":2,\"name\":\"Shop\",\"item\":\"https:\/\/legitgrams.com\/shop\/\"},{\"@type\":\"ListItem\",\"position\":3,\"name\":\"Buy Golden Teacher Online\"}]},{\"@type\":\"WebSite\",\"@id\":\"https:\/\/legitgrams.com\/#website\",\"url\":\"https:\/\/legitgrams.com\/\",\"name\":\"Legit Grams\",\"description\":\"My WordPress Blog\",\"publisher\":{\"@id\":\"https:\/\/legitgrams.com\/#organization\"},\"potentialAction\":[{\"@type\":\"SearchAction\",\"target\":{\"@type\":\"EntryPoint\",\"urlTemplate\":\"https:\/\/legitgrams.com\/?s={search_term_string}\"},\"query-input\":{\"@type\":\"PropertyValueSpecification\",\"valueRequired\":true,\"valueName\":\"search_term_string\"}}],\"inLanguage\":\"es\"},{\"@type\":\"Organization\",\"@id\":\"https:\/\/legitgrams.com\/#organization\",\"name\":\"Legit Grams\",\"url\":\"https:\/\/legitgrams.com\/\",\"logo\":{\"@type\":\"ImageObject\",\"inLanguage\":\"es\",\"@id\":\"https:\/\/legitgrams.com\/#\/schema\/logo\/image\/\",\"url\":\"https:\/\/legitgrams.com\/wp-content\/uploads\/2024\/09\/main-logo.png\",\"contentUrl\":\"https:\/\/legitgrams.com\/wp-content\/uploads\/2024\/09\/main-logo.png\",\"width\":270,\"height\":75,\"caption\":\"Legit Grams\"},\"image\":{\"@id\":\"https:\/\/legitgrams.com\/#\/schema\/logo\/image\/\"}}]}<\/script>\n<!-- \/ Yoast SEO plugin. -->","yoast_head_json":{"title":"Venta de Psilocibina Golden Teacher - Compra Golden Teacher Online","description":"En nuestra Legitgrams, usted puede conseguir Golden Teacher a la venta a precios baratos. Nos ocupamos s\u00f3lo de productos de calidad de grado A. Comprar Golden Teacher en l\u00ednea de nuestra tienda ahora con el servicio de env\u00edo r\u00e1pido y seguro.","robots":{"index":"index","follow":"follow","max-snippet":"max-snippet:-1","max-image-preview":"max-image-preview:large","max-video-preview":"max-video-preview:-1"},"canonical":"https:\/\/legitgrams.com\/es\/producto\/maestro-de-oro\/","og_locale":"es_ES","og_type":"article","og_title":"Golden Teacher Psilocybin for Sale - Order Golden Teacher Online","og_description":"At our Legitgrams, you can get Golden Teacher for sale at cheap rates. We deal with A-grade quality products only. Buy Golden Teacher online from our store now with fast & secure shipping service.","og_url":"https:\/\/legitgrams.com\/es\/producto\/maestro-de-oro\/","og_site_name":"Legit Grams","article_modified_time":"2025-04-03T19:20:46+00:00","og_image":[{"width":430,"height":430,"url":"https:\/\/legitgrams.com\/wp-content\/uploads\/2024\/09\/golden-teacherpsilocybin-or-magic-mushrooms.jpg","type":"image\/jpeg"}],"twitter_card":"summary_large_image","twitter_misc":{"Tiempo de lectura":"4 minutos"},"schema":{"@context":"https:\/\/schema.org","@graph":[{"@type":"WebPage","@id":"https:\/\/legitgrams.com\/product\/golden-teacher\/","url":"https:\/\/legitgrams.com\/product\/golden-teacher\/","name":"Venta de Psilocibina Golden Teacher - Compra Golden Teacher Online","isPartOf":{"@id":"https:\/\/legitgrams.com\/#website"},"primaryImageOfPage":{"@id":"https:\/\/legitgrams.com\/product\/golden-teacher\/#primaryimage"},"image":{"@id":"https:\/\/legitgrams.com\/product\/golden-teacher\/#primaryimage"},"thumbnailUrl":"https:\/\/legitgrams.com\/wp-content\/uploads\/2024\/09\/golden-teacherpsilocybin-or-magic-mushrooms.jpg","datePublished":"2024-09-21T12:41:57+00:00","dateModified":"2025-04-03T19:20:46+00:00","description":"En nuestra Legitgrams, usted puede conseguir Golden Teacher a la venta a precios baratos. Nos ocupamos s\u00f3lo de productos de calidad de grado A. Comprar Golden Teacher en l\u00ednea de nuestra tienda ahora con el servicio de env\u00edo r\u00e1pido y seguro.","breadcrumb":{"@id":"https:\/\/legitgrams.com\/product\/golden-teacher\/#breadcrumb"},"inLanguage":"es","potentialAction":[{"@type":"ReadAction","target":["https:\/\/legitgrams.com\/product\/golden-teacher\/"]}]},{"@type":"ImageObject","inLanguage":"es","@id":"https:\/\/legitgrams.com\/product\/golden-teacher\/#primaryimage","url":"https:\/\/legitgrams.com\/wp-content\/uploads\/2024\/09\/golden-teacherpsilocybin-or-magic-mushrooms.jpg","contentUrl":"https:\/\/legitgrams.com\/wp-content\/uploads\/2024\/09\/golden-teacherpsilocybin-or-magic-mushrooms.jpg","width":430,"height":430,"caption":"Golden Teacher Psilocybin for Sale"},{"@type":"BreadcrumbList","@id":"https:\/\/legitgrams.com\/product\/golden-teacher\/#breadcrumb","itemListElement":[{"@type":"ListItem","position":1,"name":"Home","item":"https:\/\/legitgrams.com\/"},{"@type":"ListItem","position":2,"name":"Shop","item":"https:\/\/legitgrams.com\/shop\/"},{"@type":"ListItem","position":3,"name":"Buy Golden Teacher Online"}]},{"@type":"WebSite","@id":"https:\/\/legitgrams.com\/#website","url":"https:\/\/legitgrams.com\/","name":"Gramos leg\u00edtimos","description":"Mi blog de WordPress","publisher":{"@id":"https:\/\/legitgrams.com\/#organization"},"potentialAction":[{"@type":"SearchAction","target":{"@type":"EntryPoint","urlTemplate":"https:\/\/legitgrams.com\/?s={search_term_string}"},"query-input":{"@type":"PropertyValueSpecification","valueRequired":true,"valueName":"search_term_string"}}],"inLanguage":"es"},{"@type":"Organization","@id":"https:\/\/legitgrams.com\/#organization","name":"Gramos leg\u00edtimos","url":"https:\/\/legitgrams.com\/","logo":{"@type":"ImageObject","inLanguage":"es","@id":"https:\/\/legitgrams.com\/#\/schema\/logo\/image\/","url":"https:\/\/legitgrams.com\/wp-content\/uploads\/2024\/09\/main-logo.png","contentUrl":"https:\/\/legitgrams.com\/wp-content\/uploads\/2024\/09\/main-logo.png","width":270,"height":75,"caption":"Legit Grams"},"image":{"@id":"https:\/\/legitgrams.com\/#\/schema\/logo\/image\/"}}]}},"uagb_featured_image_src":{"full":["https:\/\/legitgrams.com\/wp-content\/uploads\/2024\/09\/golden-teacherpsilocybin-or-magic-mushrooms.jpg",430,430,false],"thumbnail":["https:\/\/legitgrams.com\/wp-content\/uploads\/2024\/09\/golden-teacherpsilocybin-or-magic-mushrooms-150x150.jpg",150,150,true],"medium":["https:\/\/legitgrams.com\/wp-content\/uploads\/2024\/09\/golden-teacherpsilocybin-or-magic-mushrooms-300x300.jpg",300,300,true],"medium_large":["https:\/\/legitgrams.com\/wp-content\/uploads\/2024\/09\/golden-teacherpsilocybin-or-magic-mushrooms.jpg",430,430,false],"large":["https:\/\/legitgrams.com\/wp-content\/uploads\/2024\/09\/golden-teacherpsilocybin-or-magic-mushrooms.jpg",430,430,false],"1536x1536":["https:\/\/legitgrams.com\/wp-content\/uploads\/2024\/09\/golden-teacherpsilocybin-or-magic-mushrooms.jpg",430,430,false],"2048x2048":["https:\/\/legitgrams.com\/wp-content\/uploads\/2024\/09\/golden-teacherpsilocybin-or-magic-mushrooms.jpg",430,430,false],"trp-custom-language-flag":["https:\/\/legitgrams.com\/wp-content\/uploads\/2024\/09\/golden-teacherpsilocybin-or-magic-mushrooms-12x12.jpg",12,12,true],"woocommerce_thumbnail":["https:\/\/legitgrams.com\/wp-content\/uploads\/2024\/09\/golden-teacherpsilocybin-or-magic-mushrooms-300x300.jpg",300,300,true],"woocommerce_single":["https:\/\/legitgrams.com\/wp-content\/uploads\/2024\/09\/golden-teacherpsilocybin-or-magic-mushrooms.jpg",430,430,false],"woocommerce_gallery_thumbnail":["https:\/\/legitgrams.com\/wp-content\/uploads\/2024\/09\/golden-teacherpsilocybin-or-magic-mushrooms-100x100.jpg",100,100,true]},"uagb_author_info":{"display_name":"cokeblog18","author_link":"https:\/\/legitgrams.com\/es\/author\/"},"uagb_comment_info":0,"uagb_excerpt":"Purchase Golden Teacher Online Golden Teachers believe that psilocybe cubensis is a special kind of mushroom, even though it only recently became popular as a magical mushroom in the 1980s. The Golden Teacher is often more potent than many other strains of psilocybin cubensis since it does not grow as quickly. Growers love growing cultures&hellip;","_links":{"self":[{"href":"https:\/\/legitgrams.com\/es\/wp-json\/wp\/v2\/product\/4189","targetHints":{"allow":["GET"]}}],"collection":[{"href":"https:\/\/legitgrams.com\/es\/wp-json\/wp\/v2\/product"}],"about":[{"href":"https:\/\/legitgrams.com\/es\/wp-json\/wp\/v2\/types\/product"}],"replies":[{"embeddable":true,"href":"https:\/\/legitgrams.com\/es\/wp-json\/wp\/v2\/comments?post=4189"}],"wp:featuredmedia":[{"embeddable":true,"href":"https:\/\/legitgrams.com\/es\/wp-json\/wp\/v2\/media\/5240"}],"wp:attachment":[{"href":"https:\/\/legitgrams.com\/es\/wp-json\/wp\/v2\/media?parent=4189"}],"wp:term":[{"taxonomy":"product_brand","embeddable":true,"href":"https:\/\/legitgrams.com\/es\/wp-json\/wp\/v2\/product_brand?post=4189"},{"taxonomy":"product_cat","embeddable":true,"href":"https:\/\/legitgrams.com\/es\/wp-json\/wp\/v2\/product_cat?post=4189"},{"taxonomy":"product_tag","embeddable":true,"href":"https:\/\/legitgrams.com\/es\/wp-json\/wp\/v2\/product_tag?post=4189"}],"curies":[{"name":"wp","href":"https:\/\/api.w.org\/{rel}","templated":true}]}}