{"id":4193,"date":"2024-09-21T12:36:06","date_gmt":"2024-09-21T12:36:06","guid":{"rendered":"https:\/\/legitgrams.com\/?post_type=product&#038;p=4193"},"modified":"2025-01-14T06:26:21","modified_gmt":"2025-01-14T06:26:21","slug":"india-charas-hachis-negro","status":"publish","type":"product","link":"https:\/\/legitgrams.com\/es\/producto\/india-charas-hachis-negro\/","title":{"rendered":"India Charas Black Hash"},"content":{"rendered":"<h2>Compra de hach\u00eds negro Charas de la India en l\u00ednea<\/h2>\n<p>Comprar <a href=\"https:\/\/legitgrams.com\/es\/producto\/india-charas-hachis-negro\/\">Black Hash India Charas<\/a> India. Se genera acariciando suavemente los cogollos femeninos entre las palmas de las manos. Antes de transportarlo, la brea se comprime en los trozos t\u00edpicos y se distribuye como bolas de hach\u00eds. Tono: oscuro, negro por fuera o verde claro por dentro. Aroma: picante a muy \u00e1cido. Un aroma \u00fanico. Sabor: a diferencia del afgano, es un poco \u00e1spero para la garganta y muy picante. Consistencia: es incre\u00edblemente suave y se puede masajear adecuadamente, como el afgano. A veces muy fino, pero siempre espeso. Impacto: alegre y bastante intenso. Conectado al cerebro. Fuerza: excepcionalmente potente y fuerte. El charas suele ser un humo excelente, muy parecido al nepal\u00ed. (10\u201326% de THC) Disponibilidad: extremadamente poco com\u00fan; solo se ponen a disposici\u00f3n cantidades extremadamente peque\u00f1as peri\u00f3dicamente. La mayor\u00eda de los viajeros privados que entran en la India importan este tipo de hach\u00eds. El costo es obviamente caro para los est\u00e1ndares nepal\u00edes. El charas generalmente se vende como un trozo de hach\u00eds llamado \"dedo\", que se parece a un hot dog. <a href=\"https:\/\/legitgrams.com\/es\/\">LegitGrams<\/a><\/p>\n<p>Comprar India Charas Black Hash: comprar Black Hash, comprar Charas Black Hash, comprar India Charas Black Hash en l\u00ednea, d\u00f3nde comprar India <a href=\"https:\/\/en.wikipedia.org\/wiki\/Charas\">Charas<\/a> Black Hash, d\u00f3nde comprar India Charas Black Hash, d\u00f3nde comprar India Charas Black Hash, c\u00f3mo comprar India Charas Black Hash, c\u00f3mo comprar India Charas Black Hash en l\u00ednea, comprar India Charas Black Hash en l\u00ednea, comprar India Charas Black Hash en l\u00ednea, comprar India Charas Black Hash en l\u00ednea, comprar India Charas Black Hash en l\u00ednea, comprar India Charas Black Hash en l\u00ednea, comprar India Charas Black Hash en l\u00ednea, comprar en l\u00ednea, proveedores, entrega segura, India Charas Black Hash todav\u00eda est\u00e1 disponible para su compra. Adem\u00e1s, puede averiguar c\u00f3mo solicitarlo, si es legal en los EE. UU. y si se puede comprar en l\u00ednea.<\/p>\n<h2><\/h2>\n<h2><\/h2>\n<p>&nbsp;<\/p>","protected":false},"excerpt":{"rendered":"<p>Purchase of India Charas Black Hash Online Buy Black Hash India Charas India. generated by gently stroking the female buds between your palms. Prior to transportation, the pitch is compressed into the typical pieces and distributed as hash balls. Shading: Dark, black on the outside, or light green inside. Scent: Hot to very tangy. A &hellip;<\/p>\n<p class=\"read-more\"> <a class=\"\" href=\"https:\/\/legitgrams.com\/es\/producto\/india-charas-hachis-negro\/\"> <span class=\"screen-reader-text\">India Charas Black Hash<\/span> Leer m\u00e1s \"<\/a><\/p>","protected":false},"featured_media":5376,"comment_status":"open","ping_status":"closed","template":"","meta":{"_uag_custom_page_level_css":"","site-sidebar-layout":"default","site-content-layout":"default","ast-global-header-display":"","ast-main-header-display":"","ast-hfb-above-header-display":"","ast-hfb-below-header-display":"","ast-hfb-mobile-header-display":"","site-post-title":"","ast-breadcrumbs-content":"","ast-featured-img":"","footer-sml-layout":"","theme-transparent-header-meta":"default","adv-header-id-meta":"","stick-header-meta":"default","header-above-stick-meta":"","header-main-stick-meta":"","header-below-stick-meta":"","_joinchat":[]},"product_brand":[],"product_cat":[605],"product_tag":[2440,2430,617,2422,2437,2434,2429,2421,2424,2425,2432,2423,2435,2442,2443,2441,2433,2438,2427,2439,2436,625,2428,2431,2426],"class_list":{"0":"post-4193","1":"product","2":"type-product","3":"status-publish","4":"has-post-thumbnail","6":"product_cat-hash-hashish","7":"product_tag-best-cheap-price-india-charas-black-hash","8":"product_tag-best-place-to-buy-india-charas-black-hash","9":"product_tag-bulk-online","10":"product_tag-buy-india-charas-black-hash","11":"product_tag-cheap-india-charas-black-hash","12":"product_tag-high-quality-india-charas-black-hash","13":"product_tag-how-to-buy-india-charas-black-hash","14":"product_tag-india-charas-black-hash","15":"product_tag-india-charas-black-hash-for-sale","16":"product_tag-india-charas-black-hash-india-charas-black-hash-supplier","17":"product_tag-india-charas-black-hash-legally","18":"product_tag-india-charas-black-hash-online","19":"product_tag-india-charas-black-hash-store","20":"product_tag-india-charas-black-hash-use","21":"product_tag-india-charas-black-hash-wiki","22":"product_tag-india-charas-black-hash-worldwide","23":"product_tag-india-charas-black-hashprice","24":"product_tag-india-charas-black-hashs","25":"product_tag-order-india-charas-black-hash","26":"product_tag-purcharse-india-charas-black-hash","27":"product_tag-shop-india-charas-black-hash","28":"product_tag-top-quality","29":"product_tag-where-to-buy-india-charas-black-hash","30":"product_tag-where-to-order-india-charas-black-hash","31":"product_tag-wholesale-india-charas-black-hash","32":"desktop-align-left","33":"tablet-align-left","34":"mobile-align-left","35":"ast-product-gallery-layout-horizontal","36":"ast-product-gallery-with-no-image","37":"ast-product-single-variable","38":"ast-product-tabs-layout-horizontal","39":"ast-qv-on-image","41":"first","42":"instock","43":"shipping-taxable","44":"purchasable","45":"product-type-variable"},"yoast_head":"<!-- This site is optimized with the Yoast SEO plugin v25.9 - https:\/\/yoast.com\/wordpress\/plugins\/seo\/ -->\n<title>India Charas Black Hash for Sale - Buy India Charas Black Online<\/title>\n<meta name=\"description\" content=\"At our Legitgrams, you can get India Charas Black Hash for sale at cheap rates. We deal with A-grade quality products only. Buy India Charas Black Hash online from our store now with fast &amp; secure shipping service.\" \/>\n<meta name=\"robots\" content=\"index, follow, max-snippet:-1, max-image-preview:large, max-video-preview:-1\" \/>\n<link rel=\"canonical\" href=\"https:\/\/legitgrams.com\/es\/producto\/india-charas-hachis-negro\/\" \/>\n<meta property=\"og:locale\" content=\"es_ES\" \/>\n<meta property=\"og:type\" content=\"article\" \/>\n<meta property=\"og:title\" content=\"India Charas Black Hash for Sale - Buy India Charas Black Online\" \/>\n<meta property=\"og:description\" content=\"At our Legitgrams, you can get India Charas Black Hash for sale at cheap rates. We deal with A-grade quality products only. Buy India Charas Black Hash online from our store now with fast &amp; secure shipping service.\" \/>\n<meta property=\"og:url\" content=\"https:\/\/legitgrams.com\/es\/producto\/india-charas-hachis-negro\/\" \/>\n<meta property=\"og:site_name\" content=\"Legit Grams\" \/>\n<meta property=\"article:modified_time\" content=\"2025-01-14T06:26:21+00:00\" \/>\n<meta property=\"og:image\" content=\"https:\/\/legitgrams.com\/wp-content\/uploads\/2024\/09\/Buy-India-Charas-Black-Hash.jpg\" \/>\n\t<meta property=\"og:image:width\" content=\"600\" \/>\n\t<meta property=\"og:image:height\" content=\"600\" \/>\n\t<meta property=\"og:image:type\" content=\"image\/jpeg\" \/>\n<meta name=\"twitter:card\" content=\"summary_large_image\" \/>\n<meta name=\"twitter:label1\" content=\"Tiempo de lectura\" \/>\n\t<meta name=\"twitter:data1\" content=\"2 minutos\" \/>\n<script type=\"application\/ld+json\" class=\"yoast-schema-graph\">{\"@context\":\"https:\/\/schema.org\",\"@graph\":[{\"@type\":\"WebPage\",\"@id\":\"https:\/\/legitgrams.com\/product\/india-charas-black-hash\/\",\"url\":\"https:\/\/legitgrams.com\/product\/india-charas-black-hash\/\",\"name\":\"India Charas Black Hash for Sale - Buy India Charas Black Online\",\"isPartOf\":{\"@id\":\"https:\/\/legitgrams.com\/#website\"},\"primaryImageOfPage\":{\"@id\":\"https:\/\/legitgrams.com\/product\/india-charas-black-hash\/#primaryimage\"},\"image\":{\"@id\":\"https:\/\/legitgrams.com\/product\/india-charas-black-hash\/#primaryimage\"},\"thumbnailUrl\":\"https:\/\/legitgrams.com\/wp-content\/uploads\/2024\/09\/Buy-India-Charas-Black-Hash.jpg\",\"datePublished\":\"2024-09-21T12:36:06+00:00\",\"dateModified\":\"2025-01-14T06:26:21+00:00\",\"description\":\"At our Legitgrams, you can get India Charas Black Hash for sale at cheap rates. We deal with A-grade quality products only. Buy India Charas Black Hash online from our store now with fast & secure shipping service.\",\"breadcrumb\":{\"@id\":\"https:\/\/legitgrams.com\/product\/india-charas-black-hash\/#breadcrumb\"},\"inLanguage\":\"es\",\"potentialAction\":[{\"@type\":\"ReadAction\",\"target\":[\"https:\/\/legitgrams.com\/product\/india-charas-black-hash\/\"]}]},{\"@type\":\"ImageObject\",\"inLanguage\":\"es\",\"@id\":\"https:\/\/legitgrams.com\/product\/india-charas-black-hash\/#primaryimage\",\"url\":\"https:\/\/legitgrams.com\/wp-content\/uploads\/2024\/09\/Buy-India-Charas-Black-Hash.jpg\",\"contentUrl\":\"https:\/\/legitgrams.com\/wp-content\/uploads\/2024\/09\/Buy-India-Charas-Black-Hash.jpg\",\"width\":600,\"height\":600,\"caption\":\"India Charas Black Hash for Sale\"},{\"@type\":\"BreadcrumbList\",\"@id\":\"https:\/\/legitgrams.com\/product\/india-charas-black-hash\/#breadcrumb\",\"itemListElement\":[{\"@type\":\"ListItem\",\"position\":1,\"name\":\"Home\",\"item\":\"https:\/\/legitgrams.com\/\"},{\"@type\":\"ListItem\",\"position\":2,\"name\":\"Shop\",\"item\":\"https:\/\/legitgrams.com\/shop\/\"},{\"@type\":\"ListItem\",\"position\":3,\"name\":\"India Charas Black Hash\"}]},{\"@type\":\"WebSite\",\"@id\":\"https:\/\/legitgrams.com\/#website\",\"url\":\"https:\/\/legitgrams.com\/\",\"name\":\"Legit Grams\",\"description\":\"My WordPress Blog\",\"publisher\":{\"@id\":\"https:\/\/legitgrams.com\/#organization\"},\"potentialAction\":[{\"@type\":\"SearchAction\",\"target\":{\"@type\":\"EntryPoint\",\"urlTemplate\":\"https:\/\/legitgrams.com\/?s={search_term_string}\"},\"query-input\":{\"@type\":\"PropertyValueSpecification\",\"valueRequired\":true,\"valueName\":\"search_term_string\"}}],\"inLanguage\":\"es\"},{\"@type\":\"Organization\",\"@id\":\"https:\/\/legitgrams.com\/#organization\",\"name\":\"Legit Grams\",\"url\":\"https:\/\/legitgrams.com\/\",\"logo\":{\"@type\":\"ImageObject\",\"inLanguage\":\"es\",\"@id\":\"https:\/\/legitgrams.com\/#\/schema\/logo\/image\/\",\"url\":\"https:\/\/legitgrams.com\/wp-content\/uploads\/2024\/09\/main-logo.png\",\"contentUrl\":\"https:\/\/legitgrams.com\/wp-content\/uploads\/2024\/09\/main-logo.png\",\"width\":270,\"height\":75,\"caption\":\"Legit Grams\"},\"image\":{\"@id\":\"https:\/\/legitgrams.com\/#\/schema\/logo\/image\/\"}}]}<\/script>\n<!-- \/ Yoast SEO plugin. -->","yoast_head_json":{"title":"Venta de hach\u00eds negro Charas de la India: compre hach\u00eds negro Charas de la India en l\u00ednea","description":"En nuestra Legitgrams, usted puede conseguir la India Charas Negro Hash a la venta a precios baratos. Tratamos con productos de calidad de grado A solamente. Comprar India Charas Black Hash en l\u00ednea de nuestra tienda ahora con el servicio de env\u00edo r\u00e1pido y seguro.","robots":{"index":"index","follow":"follow","max-snippet":"max-snippet:-1","max-image-preview":"max-image-preview:large","max-video-preview":"max-video-preview:-1"},"canonical":"https:\/\/legitgrams.com\/es\/producto\/india-charas-hachis-negro\/","og_locale":"es_ES","og_type":"article","og_title":"India Charas Black Hash for Sale - Buy India Charas Black Online","og_description":"At our Legitgrams, you can get India Charas Black Hash for sale at cheap rates. We deal with A-grade quality products only. Buy India Charas Black Hash online from our store now with fast & secure shipping service.","og_url":"https:\/\/legitgrams.com\/es\/producto\/india-charas-hachis-negro\/","og_site_name":"Legit Grams","article_modified_time":"2025-01-14T06:26:21+00:00","og_image":[{"width":600,"height":600,"url":"https:\/\/legitgrams.com\/wp-content\/uploads\/2024\/09\/Buy-India-Charas-Black-Hash.jpg","type":"image\/jpeg"}],"twitter_card":"summary_large_image","twitter_misc":{"Tiempo de lectura":"2 minutos"},"schema":{"@context":"https:\/\/schema.org","@graph":[{"@type":"WebPage","@id":"https:\/\/legitgrams.com\/product\/india-charas-black-hash\/","url":"https:\/\/legitgrams.com\/product\/india-charas-black-hash\/","name":"Venta de hach\u00eds negro Charas de la India: compre hach\u00eds negro Charas de la India en l\u00ednea","isPartOf":{"@id":"https:\/\/legitgrams.com\/#website"},"primaryImageOfPage":{"@id":"https:\/\/legitgrams.com\/product\/india-charas-black-hash\/#primaryimage"},"image":{"@id":"https:\/\/legitgrams.com\/product\/india-charas-black-hash\/#primaryimage"},"thumbnailUrl":"https:\/\/legitgrams.com\/wp-content\/uploads\/2024\/09\/Buy-India-Charas-Black-Hash.jpg","datePublished":"2024-09-21T12:36:06+00:00","dateModified":"2025-01-14T06:26:21+00:00","description":"En nuestra Legitgrams, usted puede conseguir la India Charas Negro Hash a la venta a precios baratos. Tratamos con productos de calidad de grado A solamente. Comprar India Charas Black Hash en l\u00ednea de nuestra tienda ahora con el servicio de env\u00edo r\u00e1pido y seguro.","breadcrumb":{"@id":"https:\/\/legitgrams.com\/product\/india-charas-black-hash\/#breadcrumb"},"inLanguage":"es","potentialAction":[{"@type":"ReadAction","target":["https:\/\/legitgrams.com\/product\/india-charas-black-hash\/"]}]},{"@type":"ImageObject","inLanguage":"es","@id":"https:\/\/legitgrams.com\/product\/india-charas-black-hash\/#primaryimage","url":"https:\/\/legitgrams.com\/wp-content\/uploads\/2024\/09\/Buy-India-Charas-Black-Hash.jpg","contentUrl":"https:\/\/legitgrams.com\/wp-content\/uploads\/2024\/09\/Buy-India-Charas-Black-Hash.jpg","width":600,"height":600,"caption":"India Charas Black Hash for Sale"},{"@type":"BreadcrumbList","@id":"https:\/\/legitgrams.com\/product\/india-charas-black-hash\/#breadcrumb","itemListElement":[{"@type":"ListItem","position":1,"name":"Home","item":"https:\/\/legitgrams.com\/"},{"@type":"ListItem","position":2,"name":"Shop","item":"https:\/\/legitgrams.com\/shop\/"},{"@type":"ListItem","position":3,"name":"India Charas Black Hash"}]},{"@type":"WebSite","@id":"https:\/\/legitgrams.com\/#website","url":"https:\/\/legitgrams.com\/","name":"Gramos leg\u00edtimos","description":"Mi blog de WordPress","publisher":{"@id":"https:\/\/legitgrams.com\/#organization"},"potentialAction":[{"@type":"SearchAction","target":{"@type":"EntryPoint","urlTemplate":"https:\/\/legitgrams.com\/?s={search_term_string}"},"query-input":{"@type":"PropertyValueSpecification","valueRequired":true,"valueName":"search_term_string"}}],"inLanguage":"es"},{"@type":"Organization","@id":"https:\/\/legitgrams.com\/#organization","name":"Gramos leg\u00edtimos","url":"https:\/\/legitgrams.com\/","logo":{"@type":"ImageObject","inLanguage":"es","@id":"https:\/\/legitgrams.com\/#\/schema\/logo\/image\/","url":"https:\/\/legitgrams.com\/wp-content\/uploads\/2024\/09\/main-logo.png","contentUrl":"https:\/\/legitgrams.com\/wp-content\/uploads\/2024\/09\/main-logo.png","width":270,"height":75,"caption":"Legit Grams"},"image":{"@id":"https:\/\/legitgrams.com\/#\/schema\/logo\/image\/"}}]}},"uagb_featured_image_src":{"full":["https:\/\/legitgrams.com\/wp-content\/uploads\/2024\/09\/Buy-India-Charas-Black-Hash.jpg",600,600,false],"thumbnail":["https:\/\/legitgrams.com\/wp-content\/uploads\/2024\/09\/Buy-India-Charas-Black-Hash-150x150.jpg",150,150,true],"medium":["https:\/\/legitgrams.com\/wp-content\/uploads\/2024\/09\/Buy-India-Charas-Black-Hash-300x300.jpg",300,300,true],"medium_large":["https:\/\/legitgrams.com\/wp-content\/uploads\/2024\/09\/Buy-India-Charas-Black-Hash.jpg",600,600,false],"large":["https:\/\/legitgrams.com\/wp-content\/uploads\/2024\/09\/Buy-India-Charas-Black-Hash.jpg",600,600,false],"1536x1536":["https:\/\/legitgrams.com\/wp-content\/uploads\/2024\/09\/Buy-India-Charas-Black-Hash.jpg",600,600,false],"2048x2048":["https:\/\/legitgrams.com\/wp-content\/uploads\/2024\/09\/Buy-India-Charas-Black-Hash.jpg",600,600,false],"trp-custom-language-flag":["https:\/\/legitgrams.com\/wp-content\/uploads\/2024\/09\/Buy-India-Charas-Black-Hash-12x12.jpg",12,12,true],"woocommerce_thumbnail":["https:\/\/legitgrams.com\/wp-content\/uploads\/2024\/09\/Buy-India-Charas-Black-Hash-300x300.jpg",300,300,true],"woocommerce_single":["https:\/\/legitgrams.com\/wp-content\/uploads\/2024\/09\/Buy-India-Charas-Black-Hash.jpg",600,600,false],"woocommerce_gallery_thumbnail":["https:\/\/legitgrams.com\/wp-content\/uploads\/2024\/09\/Buy-India-Charas-Black-Hash-100x100.jpg",100,100,true]},"uagb_author_info":{"display_name":"cokeblog18","author_link":"https:\/\/legitgrams.com\/es\/author\/"},"uagb_comment_info":0,"uagb_excerpt":"Purchase of India Charas Black Hash Online Buy Black Hash India Charas India. generated by gently stroking the female buds between your palms. Prior to transportation, the pitch is compressed into the typical pieces and distributed as hash balls. Shading: Dark, black on the outside, or light green inside. Scent: Hot to very tangy. A&hellip;","_links":{"self":[{"href":"https:\/\/legitgrams.com\/es\/wp-json\/wp\/v2\/product\/4193","targetHints":{"allow":["GET"]}}],"collection":[{"href":"https:\/\/legitgrams.com\/es\/wp-json\/wp\/v2\/product"}],"about":[{"href":"https:\/\/legitgrams.com\/es\/wp-json\/wp\/v2\/types\/product"}],"replies":[{"embeddable":true,"href":"https:\/\/legitgrams.com\/es\/wp-json\/wp\/v2\/comments?post=4193"}],"wp:featuredmedia":[{"embeddable":true,"href":"https:\/\/legitgrams.com\/es\/wp-json\/wp\/v2\/media\/5376"}],"wp:attachment":[{"href":"https:\/\/legitgrams.com\/es\/wp-json\/wp\/v2\/media?parent=4193"}],"wp:term":[{"taxonomy":"product_brand","embeddable":true,"href":"https:\/\/legitgrams.com\/es\/wp-json\/wp\/v2\/product_brand?post=4193"},{"taxonomy":"product_cat","embeddable":true,"href":"https:\/\/legitgrams.com\/es\/wp-json\/wp\/v2\/product_cat?post=4193"},{"taxonomy":"product_tag","embeddable":true,"href":"https:\/\/legitgrams.com\/es\/wp-json\/wp\/v2\/product_tag?post=4193"}],"curies":[{"name":"wp","href":"https:\/\/api.w.org\/{rel}","templated":true}]}}