{"id":4196,"date":"2024-09-21T12:43:39","date_gmt":"2024-09-21T12:43:39","guid":{"rendered":"https:\/\/legitgrams.com\/?post_type=product&#038;p=4196"},"modified":"2025-01-11T10:29:49","modified_gmt":"2025-01-11T10:29:49","slug":"2c-e-investigacion-quimica","status":"publish","type":"product","link":"https:\/\/legitgrams.com\/es\/producto\/2c-e-investigacion-quimica\/","title":{"rendered":"2C-E Investigaci\u00f3n Qu\u00edmica"},"content":{"rendered":"<h2>Venta de productos qu\u00edmicos de investigaci\u00f3n 2C-E<\/h2>\n<p>Proveedor 2C, <a href=\"https:\/\/legitgrams.com\/es\/producto\/2c-e-investigacion-quimica\/\">An\u00e1lisis qu\u00edmico 2CE<\/a>Adquisici\u00f3n de 2C y venta de 2C<br \/>\n4, 2-Dimetoxi-Etilfenetilamina<br \/>\nUn grupo de 2,5-fenetilaminas, com\u00fanmente conocidas como 2C, tienen propiedades psicotr\u00f3picas y a veces se las clasifica como sustancias il\u00edcitas. La representaci\u00f3n formal de 2C-E es 2,5-dimetoxi-4-etilfenetilamina. Al igual que otras 2C, 2C-E es un inhibidor de la monoaminooxidasa que inhibe la descomposici\u00f3n de la dopamina, pero no de la serotonina o la noradrenalina (estimaciones de CI50 de 72 y 89 \u03bcM, respectivamente). Se describe su digesti\u00f3n.2. Esperamos utilizar este art\u00edculo en aplicaciones que puedan medirse.<\/p>\n<p>Si le parece bien, tenga en cuenta que proporcionamos <a href=\"https:\/\/en.wikipedia.org\/wiki\/2C-E\">2C-E<\/a> y otros elementos de prueba con pautas expl\u00edcitas para utilizarlos solo para un estudio adecuado y racional en un entorno seguro y regulado de acuerdo con las leyes y regulaciones pertinentes del vecindario del cliente. El uso humano de nuestros productos est\u00e1 estrictamente prohibido, sin excepciones.<\/p>\n<p>Enviaremos su paquete a cualquier parte de los Estados Unidos, Europa o el mundo si realiza una transacci\u00f3n hoy. Para desarrollar RC, nuestra empresa colabora directamente con muchos laboratorios internacionales din\u00e1micos, y obtener descubrimientos de primer nivel es uno de nuestros principales objetivos. Su solicitud es realmente importante por esto. Nuestro vendedor tiene su sede en los EE. UU. y realiza negocios en todo el mundo. En Internet, los clientes pueden confirmar r\u00e1pidamente la accesibilidad y la estimaci\u00f3n de RC. Para saber c\u00f3mo presentar una solicitud, simplemente comun\u00edquese con nuestro servicio de atenci\u00f3n al cliente \u00fatil y multiling\u00fce. En el caso improbable de que desee solicitar una combinaci\u00f3n de sustancias o a un precio reducido, comun\u00edquese con nosotros para obtener m\u00e1s detalles. Apreciamos a nuestros clientes, por lo que si necesita ayuda para seleccionar el art\u00edculo ideal, no dude en ponerse en contacto con nosotros. Al adquirir productos qu\u00edmicos para investigaci\u00f3n, la calidad es esencial. Cada d\u00eda, la lista de art\u00edculos donados se hace m\u00e1s larga. Brindar a los clientes una evaluaci\u00f3n, desarrollo y mejora de la calidad a largo plazo es siempre nuestro objetivo. A cada cliente se le brinda la m\u00e1xima confianza en todos los materiales que se proporcionan. Somos el lugar donde puedes obtener rc y descubrir todo lo que necesitas saber sobre ellos, sus beneficios y las drogas sint\u00e9ticas adecuadas. <a href=\"https:\/\/legitgrams.com\/es\/\">LegitGrams<\/a><\/p>\n<p>Dos estudios sobre productos qu\u00edmicos<\/p>\n<p>4, 2-Dimetoxi-Etilfenetilamina<\/p>\n<p>Un cambio en las concentraciones de 2,5-fenetilamina,<\/p>\n<p>Se cree que un grupo de sustancias denominadas 2,5-fenetilaminas, o 2Cs, a menudo categorizadas como narc\u00f3ticos il\u00edcitos, una clase de mol\u00e9culas conocidas como 2,5-fenetilaminas, o 2Cs para abreviar, producen efectos psicod\u00e9licos. Formalmente, se utiliza 2,5-dimetoxi-4-etilfenetilamina para representar 2C\u2013E. Al igual que otras 2C, la 2C-E inhibe la monoaminooxidasa, que detiene la descomposici\u00f3n de la dopamina pero no de la serotonina o la noradrenalina (valores de CI50 de 72 y 89 \u03bcM, respectivamente). Se describe su absorci\u00f3n.2. Esto es com\u00fan para aplicaciones mensurables.<\/p>\n<p>Si a\u00fan no lo tienes claro, solo permitimos el uso de 2C-E y otros elementos de evaluaci\u00f3n para investigaciones legales certificadas que se llevan a cabo en un entorno seguro y controlado de conformidad con las normas locales, estatales y federales aplicables. Est\u00e1 estrictamente prohibido que los seres humanos utilicen nuestros productos, sin excepciones.<\/p>\n<p>Planifique con anticipaci\u00f3n y le enviaremos su paquete a cualquier direcci\u00f3n en los Estados Unidos, Europa o el mundo. Nuestra empresa trabaja con muchos de los mejores laboratorios de todo el mundo para desarrollar RC, y necesitamos urgentemente adquirir productos de calidad excepcional para satisfacer esta demanda. Por lo tanto, su deseo es de la m\u00e1s alta justicia. Nuestro proveedor brinda servicios a clientes en todo el mundo y tiene su sede en los Estados Unidos. En Internet, los clientes pueden confirmar f\u00e1cilmente la disponibilidad y evaluaci\u00f3n de RC. Simplemente comun\u00edquese con nuestro amable servicio de atenci\u00f3n al cliente multiling\u00fce para obtener informaci\u00f3n sobre c\u00f3mo enviar una solicitud. Si est\u00e1 ansioso por hablar sobre productos farmac\u00e9uticos combinados o en general, comun\u00edquese con nosotros en cualquier momento para obtener detalles adicionales sobre el reembolso. No dude en comunicarse con nosotros para obtener ayuda si tiene dificultades para encontrar el art\u00edculo ideal, ya que nos preocupamos por nuestros clientes. La calidad es el factor m\u00e1s importante cuando se habla de productos qu\u00edmicos para la investigaci\u00f3n. La lista de cosas que se ofrecen crece constantemente. Debemos evaluar constantemente el dolor, el progreso y la mejora de la calidad para nuestros clientes. Se brinda el mayor nivel de garant\u00eda con respecto a la cantidad total de material suministrado a todos y cada uno de los clientes. No solo vendemos rc, sino que tambi\u00e9n proporcionamos todos los detalles que a menudo se pasan por alto sobre ellos, incluidas sus ventajas y recetas bien elaboradas.<\/p>\n<p>\u00bfD\u00f3nde puedo comprar el producto qu\u00edmico de investigaci\u00f3n 2C-E? \u00bfD\u00f3nde puedo comprar el producto qu\u00edmico de investigaci\u00f3n 2C-E a la venta? \u00bfD\u00f3nde puedo comprar el producto qu\u00edmico de investigaci\u00f3n 2C-E en l\u00ednea? \u2013 Compra de productos qu\u00edmicos, compra de productos qu\u00edmicos de investigaci\u00f3n 2C-E, compra de productos qu\u00edmicos de investigaci\u00f3n en l\u00ednea<\/p>","protected":false},"excerpt":{"rendered":"<p>Sale of 2C-E Research Chemical 2C supplier, 2CE chemical analysis, 2C acquisition, and 2C sale 4, 2-Dimethoxy-Ethylphenethylamine A group of 2,5-phenethylamines, commonly known as 2Cs, have psychotropic properties and are sometimes categorized as illicit substances. The formal representation of 2C-E is 2,5-dimethoxy-4-ethylphenethylamine. Like other 2Cs, 2C-E is a monoamine oxidase inhibitor that inhibits the breakdown &hellip;<\/p>\n<p class=\"read-more\"> <a class=\"\" href=\"https:\/\/legitgrams.com\/es\/producto\/2c-e-investigacion-quimica\/\"> <span class=\"screen-reader-text\">2C-E Investigaci\u00f3n Qu\u00edmica<\/span> Leer m\u00e1s \"<\/a><\/p>","protected":false},"featured_media":5254,"comment_status":"open","ping_status":"closed","template":"","meta":{"_uag_custom_page_level_css":"","site-sidebar-layout":"default","site-content-layout":"default","ast-global-header-display":"","ast-main-header-display":"","ast-hfb-above-header-display":"","ast-hfb-below-header-display":"","ast-hfb-mobile-header-display":"","site-post-title":"","ast-breadcrumbs-content":"","ast-featured-img":"","footer-sml-layout":"","theme-transparent-header-meta":"default","adv-header-id-meta":"","stick-header-meta":"default","header-above-stick-meta":"","header-main-stick-meta":"","header-below-stick-meta":"","_joinchat":[]},"product_brand":[],"product_cat":[600],"product_tag":[2260,2264,2263,2271,2262,2274,2281,2282,2280,2272,2277,2279,2269,617,2261,2276,2273,2268,2266,2278,2275,625,2267,2270,2265],"class_list":{"0":"post-4196","1":"product","2":"type-product","3":"status-publish","4":"has-post-thumbnail","6":"product_cat-research-chemicals-and-bath-salt","7":"product_tag-2c-e-research-chemical","8":"product_tag-2c-e-research-chemical-2c-e-research-chemical-supplier","9":"product_tag-2c-e-research-chemical-for-sale","10":"product_tag-2c-e-research-chemical-legally","11":"product_tag-2c-e-research-chemical-online","12":"product_tag-2c-e-research-chemical-store","13":"product_tag-2c-e-research-chemical-use","14":"product_tag-2c-e-research-chemical-wiki","15":"product_tag-2c-e-research-chemical-worldwide","16":"product_tag-2c-e-research-chemicalprice","17":"product_tag-2c-e-research-chemicals","18":"product_tag-best-cheap-price-2c-e-research-chemical","19":"product_tag-best-place-to-buy-2c-e-research-chemical","20":"product_tag-bulk-online","21":"product_tag-buy-2c-e-research-chemical","22":"product_tag-cheap-2c-e-research-chemical","23":"product_tag-high-quality-2c-e-research-chemical","24":"product_tag-how-to-buy-2c-e-research-chemical","25":"product_tag-order-2c-e-research-chemical","26":"product_tag-purcharse-2c-e-research-chemical","27":"product_tag-shop-2c-e-research-chemical","28":"product_tag-top-quality","29":"product_tag-where-to-buy-2c-e-research-chemical","30":"product_tag-where-to-order-2c-e-research-chemical","31":"product_tag-wholesale-2c-e-research-chemical","32":"desktop-align-left","33":"tablet-align-left","34":"mobile-align-left","35":"ast-product-gallery-layout-horizontal","36":"ast-product-gallery-with-no-image","37":"ast-product-single-variable","38":"ast-product-tabs-layout-horizontal","39":"ast-qv-on-image","41":"first","42":"instock","43":"shipping-taxable","44":"purchasable","45":"product-type-variable"},"yoast_head":"<!-- This site is optimized with the Yoast SEO plugin v25.9 - https:\/\/yoast.com\/wordpress\/plugins\/seo\/ -->\n<title>2C-E for Sale - Order 2C-E Research Chemical Powder Online<\/title>\n<meta name=\"description\" content=\"You can get 2C-E for sale at our LegitGrams store and get it at your doorstep without any hassle. We help you buy 2C-E online with unlock exclusive discounts on products. Limited offer, act fast!\" \/>\n<meta name=\"robots\" content=\"index, follow, max-snippet:-1, max-image-preview:large, max-video-preview:-1\" \/>\n<link rel=\"canonical\" href=\"https:\/\/legitgrams.com\/es\/producto\/2c-e-investigacion-quimica\/\" \/>\n<meta property=\"og:locale\" content=\"es_ES\" \/>\n<meta property=\"og:type\" content=\"article\" \/>\n<meta property=\"og:title\" content=\"2C-E for Sale - Order 2C-E Research Chemical Powder Online\" \/>\n<meta property=\"og:description\" content=\"You can get 2C-E for sale at our LegitGrams store and get it at your doorstep without any hassle. We help you buy 2C-E online with unlock exclusive discounts on products. Limited offer, act fast!\" \/>\n<meta property=\"og:url\" content=\"https:\/\/legitgrams.com\/es\/producto\/2c-e-investigacion-quimica\/\" \/>\n<meta property=\"og:site_name\" content=\"Legit Grams\" \/>\n<meta property=\"article:modified_time\" content=\"2025-01-11T10:29:49+00:00\" \/>\n<meta property=\"og:image\" content=\"https:\/\/legitgrams.com\/wp-content\/uploads\/2024\/09\/buy-etizolam-powder-online.jpg\" \/>\n\t<meta property=\"og:image:width\" content=\"600\" \/>\n\t<meta property=\"og:image:height\" content=\"600\" \/>\n\t<meta property=\"og:image:type\" content=\"image\/jpeg\" \/>\n<meta name=\"twitter:card\" content=\"summary_large_image\" \/>\n<meta name=\"twitter:label1\" content=\"Tiempo de lectura\" \/>\n\t<meta name=\"twitter:data1\" content=\"4 minutos\" \/>\n<script type=\"application\/ld+json\" class=\"yoast-schema-graph\">{\"@context\":\"https:\/\/schema.org\",\"@graph\":[{\"@type\":\"WebPage\",\"@id\":\"https:\/\/legitgrams.com\/product\/2c-e-research-chemical\/\",\"url\":\"https:\/\/legitgrams.com\/product\/2c-e-research-chemical\/\",\"name\":\"2C-E for Sale - Order 2C-E Research Chemical Powder Online\",\"isPartOf\":{\"@id\":\"https:\/\/legitgrams.com\/#website\"},\"primaryImageOfPage\":{\"@id\":\"https:\/\/legitgrams.com\/product\/2c-e-research-chemical\/#primaryimage\"},\"image\":{\"@id\":\"https:\/\/legitgrams.com\/product\/2c-e-research-chemical\/#primaryimage\"},\"thumbnailUrl\":\"https:\/\/legitgrams.com\/wp-content\/uploads\/2024\/09\/buy-etizolam-powder-online.jpg\",\"datePublished\":\"2024-09-21T12:43:39+00:00\",\"dateModified\":\"2025-01-11T10:29:49+00:00\",\"description\":\"You can get 2C-E for sale at our LegitGrams store and get it at your doorstep without any hassle. We help you buy 2C-E online with unlock exclusive discounts on products. Limited offer, act fast!\",\"breadcrumb\":{\"@id\":\"https:\/\/legitgrams.com\/product\/2c-e-research-chemical\/#breadcrumb\"},\"inLanguage\":\"es\",\"potentialAction\":[{\"@type\":\"ReadAction\",\"target\":[\"https:\/\/legitgrams.com\/product\/2c-e-research-chemical\/\"]}]},{\"@type\":\"ImageObject\",\"inLanguage\":\"es\",\"@id\":\"https:\/\/legitgrams.com\/product\/2c-e-research-chemical\/#primaryimage\",\"url\":\"https:\/\/legitgrams.com\/wp-content\/uploads\/2024\/09\/buy-etizolam-powder-online.jpg\",\"contentUrl\":\"https:\/\/legitgrams.com\/wp-content\/uploads\/2024\/09\/buy-etizolam-powder-online.jpg\",\"width\":600,\"height\":600,\"caption\":\"2C-E for Sale\"},{\"@type\":\"BreadcrumbList\",\"@id\":\"https:\/\/legitgrams.com\/product\/2c-e-research-chemical\/#breadcrumb\",\"itemListElement\":[{\"@type\":\"ListItem\",\"position\":1,\"name\":\"Home\",\"item\":\"https:\/\/legitgrams.com\/\"},{\"@type\":\"ListItem\",\"position\":2,\"name\":\"Shop\",\"item\":\"https:\/\/legitgrams.com\/shop\/\"},{\"@type\":\"ListItem\",\"position\":3,\"name\":\"2C-E Research Chemical\"}]},{\"@type\":\"WebSite\",\"@id\":\"https:\/\/legitgrams.com\/#website\",\"url\":\"https:\/\/legitgrams.com\/\",\"name\":\"Legit Grams\",\"description\":\"My WordPress Blog\",\"publisher\":{\"@id\":\"https:\/\/legitgrams.com\/#organization\"},\"potentialAction\":[{\"@type\":\"SearchAction\",\"target\":{\"@type\":\"EntryPoint\",\"urlTemplate\":\"https:\/\/legitgrams.com\/?s={search_term_string}\"},\"query-input\":{\"@type\":\"PropertyValueSpecification\",\"valueRequired\":true,\"valueName\":\"search_term_string\"}}],\"inLanguage\":\"es\"},{\"@type\":\"Organization\",\"@id\":\"https:\/\/legitgrams.com\/#organization\",\"name\":\"Legit Grams\",\"url\":\"https:\/\/legitgrams.com\/\",\"logo\":{\"@type\":\"ImageObject\",\"inLanguage\":\"es\",\"@id\":\"https:\/\/legitgrams.com\/#\/schema\/logo\/image\/\",\"url\":\"https:\/\/legitgrams.com\/wp-content\/uploads\/2024\/09\/main-logo.png\",\"contentUrl\":\"https:\/\/legitgrams.com\/wp-content\/uploads\/2024\/09\/main-logo.png\",\"width\":270,\"height\":75,\"caption\":\"Legit Grams\"},\"image\":{\"@id\":\"https:\/\/legitgrams.com\/#\/schema\/logo\/image\/\"}}]}<\/script>\n<!-- \/ Yoast SEO plugin. -->","yoast_head_json":{"title":"2C-E for Sale - Pedir 2C-E Polvo Qu\u00edmico de Investigaci\u00f3n Online","description":"Usted puede obtener 2C-E a la venta en nuestra tienda LegitGrams y recibirlo en su puerta sin ning\u00fan tipo de molestia. Le ayudamos a comprar 2C-E en l\u00ednea con desbloquear descuentos exclusivos en productos. Oferta limitada, \u00a1act\u00faa r\u00e1pido!","robots":{"index":"index","follow":"follow","max-snippet":"max-snippet:-1","max-image-preview":"max-image-preview:large","max-video-preview":"max-video-preview:-1"},"canonical":"https:\/\/legitgrams.com\/es\/producto\/2c-e-investigacion-quimica\/","og_locale":"es_ES","og_type":"article","og_title":"2C-E for Sale - Order 2C-E Research Chemical Powder Online","og_description":"You can get 2C-E for sale at our LegitGrams store and get it at your doorstep without any hassle. We help you buy 2C-E online with unlock exclusive discounts on products. Limited offer, act fast!","og_url":"https:\/\/legitgrams.com\/es\/producto\/2c-e-investigacion-quimica\/","og_site_name":"Legit Grams","article_modified_time":"2025-01-11T10:29:49+00:00","og_image":[{"width":600,"height":600,"url":"https:\/\/legitgrams.com\/wp-content\/uploads\/2024\/09\/buy-etizolam-powder-online.jpg","type":"image\/jpeg"}],"twitter_card":"summary_large_image","twitter_misc":{"Tiempo de lectura":"4 minutos"},"schema":{"@context":"https:\/\/schema.org","@graph":[{"@type":"WebPage","@id":"https:\/\/legitgrams.com\/product\/2c-e-research-chemical\/","url":"https:\/\/legitgrams.com\/product\/2c-e-research-chemical\/","name":"2C-E for Sale - Pedir 2C-E Polvo Qu\u00edmico de Investigaci\u00f3n Online","isPartOf":{"@id":"https:\/\/legitgrams.com\/#website"},"primaryImageOfPage":{"@id":"https:\/\/legitgrams.com\/product\/2c-e-research-chemical\/#primaryimage"},"image":{"@id":"https:\/\/legitgrams.com\/product\/2c-e-research-chemical\/#primaryimage"},"thumbnailUrl":"https:\/\/legitgrams.com\/wp-content\/uploads\/2024\/09\/buy-etizolam-powder-online.jpg","datePublished":"2024-09-21T12:43:39+00:00","dateModified":"2025-01-11T10:29:49+00:00","description":"Usted puede obtener 2C-E a la venta en nuestra tienda LegitGrams y recibirlo en su puerta sin ning\u00fan tipo de molestia. Le ayudamos a comprar 2C-E en l\u00ednea con desbloquear descuentos exclusivos en productos. Oferta limitada, \u00a1act\u00faa r\u00e1pido!","breadcrumb":{"@id":"https:\/\/legitgrams.com\/product\/2c-e-research-chemical\/#breadcrumb"},"inLanguage":"es","potentialAction":[{"@type":"ReadAction","target":["https:\/\/legitgrams.com\/product\/2c-e-research-chemical\/"]}]},{"@type":"ImageObject","inLanguage":"es","@id":"https:\/\/legitgrams.com\/product\/2c-e-research-chemical\/#primaryimage","url":"https:\/\/legitgrams.com\/wp-content\/uploads\/2024\/09\/buy-etizolam-powder-online.jpg","contentUrl":"https:\/\/legitgrams.com\/wp-content\/uploads\/2024\/09\/buy-etizolam-powder-online.jpg","width":600,"height":600,"caption":"2C-E for Sale"},{"@type":"BreadcrumbList","@id":"https:\/\/legitgrams.com\/product\/2c-e-research-chemical\/#breadcrumb","itemListElement":[{"@type":"ListItem","position":1,"name":"Home","item":"https:\/\/legitgrams.com\/"},{"@type":"ListItem","position":2,"name":"Shop","item":"https:\/\/legitgrams.com\/shop\/"},{"@type":"ListItem","position":3,"name":"2C-E Research Chemical"}]},{"@type":"WebSite","@id":"https:\/\/legitgrams.com\/#website","url":"https:\/\/legitgrams.com\/","name":"Gramos leg\u00edtimos","description":"Mi blog de WordPress","publisher":{"@id":"https:\/\/legitgrams.com\/#organization"},"potentialAction":[{"@type":"SearchAction","target":{"@type":"EntryPoint","urlTemplate":"https:\/\/legitgrams.com\/?s={search_term_string}"},"query-input":{"@type":"PropertyValueSpecification","valueRequired":true,"valueName":"search_term_string"}}],"inLanguage":"es"},{"@type":"Organization","@id":"https:\/\/legitgrams.com\/#organization","name":"Gramos leg\u00edtimos","url":"https:\/\/legitgrams.com\/","logo":{"@type":"ImageObject","inLanguage":"es","@id":"https:\/\/legitgrams.com\/#\/schema\/logo\/image\/","url":"https:\/\/legitgrams.com\/wp-content\/uploads\/2024\/09\/main-logo.png","contentUrl":"https:\/\/legitgrams.com\/wp-content\/uploads\/2024\/09\/main-logo.png","width":270,"height":75,"caption":"Legit Grams"},"image":{"@id":"https:\/\/legitgrams.com\/#\/schema\/logo\/image\/"}}]}},"uagb_featured_image_src":{"full":["https:\/\/legitgrams.com\/wp-content\/uploads\/2024\/09\/buy-etizolam-powder-online.jpg",600,600,false],"thumbnail":["https:\/\/legitgrams.com\/wp-content\/uploads\/2024\/09\/buy-etizolam-powder-online-150x150.jpg",150,150,true],"medium":["https:\/\/legitgrams.com\/wp-content\/uploads\/2024\/09\/buy-etizolam-powder-online-300x300.jpg",300,300,true],"medium_large":["https:\/\/legitgrams.com\/wp-content\/uploads\/2024\/09\/buy-etizolam-powder-online.jpg",600,600,false],"large":["https:\/\/legitgrams.com\/wp-content\/uploads\/2024\/09\/buy-etizolam-powder-online.jpg",600,600,false],"1536x1536":["https:\/\/legitgrams.com\/wp-content\/uploads\/2024\/09\/buy-etizolam-powder-online.jpg",600,600,false],"2048x2048":["https:\/\/legitgrams.com\/wp-content\/uploads\/2024\/09\/buy-etizolam-powder-online.jpg",600,600,false],"trp-custom-language-flag":["https:\/\/legitgrams.com\/wp-content\/uploads\/2024\/09\/buy-etizolam-powder-online-12x12.jpg",12,12,true],"woocommerce_thumbnail":["https:\/\/legitgrams.com\/wp-content\/uploads\/2024\/09\/buy-etizolam-powder-online-300x300.jpg",300,300,true],"woocommerce_single":["https:\/\/legitgrams.com\/wp-content\/uploads\/2024\/09\/buy-etizolam-powder-online.jpg",600,600,false],"woocommerce_gallery_thumbnail":["https:\/\/legitgrams.com\/wp-content\/uploads\/2024\/09\/buy-etizolam-powder-online-100x100.jpg",100,100,true]},"uagb_author_info":{"display_name":"cokeblog18","author_link":"https:\/\/legitgrams.com\/es\/author\/"},"uagb_comment_info":0,"uagb_excerpt":"Sale of 2C-E Research Chemical 2C supplier, 2CE chemical analysis, 2C acquisition, and 2C sale 4, 2-Dimethoxy-Ethylphenethylamine A group of 2,5-phenethylamines, commonly known as 2Cs, have psychotropic properties and are sometimes categorized as illicit substances. The formal representation of 2C-E is 2,5-dimethoxy-4-ethylphenethylamine. Like other 2Cs, 2C-E is a monoamine oxidase inhibitor that inhibits the breakdown&hellip;","_links":{"self":[{"href":"https:\/\/legitgrams.com\/es\/wp-json\/wp\/v2\/product\/4196","targetHints":{"allow":["GET"]}}],"collection":[{"href":"https:\/\/legitgrams.com\/es\/wp-json\/wp\/v2\/product"}],"about":[{"href":"https:\/\/legitgrams.com\/es\/wp-json\/wp\/v2\/types\/product"}],"replies":[{"embeddable":true,"href":"https:\/\/legitgrams.com\/es\/wp-json\/wp\/v2\/comments?post=4196"}],"wp:featuredmedia":[{"embeddable":true,"href":"https:\/\/legitgrams.com\/es\/wp-json\/wp\/v2\/media\/5254"}],"wp:attachment":[{"href":"https:\/\/legitgrams.com\/es\/wp-json\/wp\/v2\/media?parent=4196"}],"wp:term":[{"taxonomy":"product_brand","embeddable":true,"href":"https:\/\/legitgrams.com\/es\/wp-json\/wp\/v2\/product_brand?post=4196"},{"taxonomy":"product_cat","embeddable":true,"href":"https:\/\/legitgrams.com\/es\/wp-json\/wp\/v2\/product_cat?post=4196"},{"taxonomy":"product_tag","embeddable":true,"href":"https:\/\/legitgrams.com\/es\/wp-json\/wp\/v2\/product_tag?post=4196"}],"curies":[{"name":"wp","href":"https:\/\/api.w.org\/{rel}","templated":true}]}}