{"id":4200,"date":"2024-09-22T05:48:26","date_gmt":"2024-09-22T05:48:26","guid":{"rendered":"https:\/\/legitgrams.com\/?post_type=product&#038;p=4200"},"modified":"2025-01-14T10:47:35","modified_gmt":"2025-01-14T10:47:35","slug":"psilocybe-cyanescens","status":"publish","type":"product","link":"https:\/\/legitgrams.com\/es\/producto\/psilocybe-cyanescens\/","title":{"rendered":"Psilocybe Cyanescens"},"content":{"rendered":"<h2>Comprar Psilocybe Cyanescens en l\u00ednea<\/h2>\n<p>El hongo Psilocybe Azurescens, una de las 180 especies del g\u00e9nero Psilocybe, prospera en una variedad de entornos. Flying Saucers, Indigo Psilocybe, Azzies y Blue Angels son otros nombres para Psilocybe Azurscens.<\/p>\n<p>Los investigadores han escrito mucho sobre este descubrimiento desde que se hizo por primera vez en 1979. Por ejemplo, Paul Stamets le dio a la especie el nombre de Azurescens en su libro de 1996 \u201cPsilocybin shrooms of the world\u201d. El color azul celeste del hongo se traduce aproximadamente como \u201cAzurescens\u201d.<\/p>\n<p>El hongo tiene 1,8% de psilocibina, 0,5% de psilocina y 0,4% de baeocistina. Es la especie m\u00e1s potente en la s\u00edntesis de triptamina. Como ejemplo, esta especie tiene tres veces la potencia de <a href=\"https:\/\/legitgrams.com\/es\/producto\/psilocybe-cyanescens\/\">Psilocybe Cyanscens<\/a> y Psilocybe Cubensis combinados.<\/p>\n<p>Un examen m\u00e1s detallado de este hongo revela caracter\u00edsticas \u00fanicas y poco comunes. Entre los atributos se encuentran los siguientes:<\/p>\n<p>Esporas: Esta seta tiene dos variedades de color de esporas: marr\u00f3n p\u00farpura oscuro y negro p\u00farpura. Se diferencian de otras setas del mismo g\u00e9nero por su forma elipsoidal. <a href=\"https:\/\/legitgrams.com\/es\/\">LegitGrams<\/a><\/p>\n<p>Pileus: La forma c\u00f3nica o convexa de los sombreros de las setas se denomina piloseus. El piloseus adquiere un tono marr\u00f3n o caramelo cuando la seta es a\u00fan joven. Pero la zona oscura y profunda del lugar se vuelve de color pajizo claro hasta que se seca por completo cuando las setas empiezan a marchitarse.<\/p>\n<p>Pie: El tallo de la seta, que tiene un aspecto curvado y se engrosa alrededor de la base. De aspecto blanco sedoso, el estipe acaba volvi\u00e9ndose azul-\u00edndigo debido a la alta concentraci\u00f3n de indol.<\/p>\n<p>Laminillas: Estas estructuras de dos niveles tambi\u00e9n se conocen como las branquias de la seta. La laminilla adquiere un tono caramelo o casta\u00f1o cuando est\u00e1 fresca.<\/p>\n<h3>Descripci\u00f3n de la seta m\u00e1gica Psilocybe Azurescens<\/h3>\n<p>Como ya se ha indicado, Psilocybe Azeruscens pertenece al g\u00e9nero Psilocybe, compuesto por 180 especies. Las distintas especies se desarrollan en entornos diferentes con distintos niveles de humedad. Por ejemplo, esta especie en concreto crece bien en el exterior.<\/p>\n<p>Para cosechar todos los efectos del hongo, se necesitan los bioqu\u00edmicos psilocibina, baeocistina y psilocina que son altamente potentes. Dentro de este g\u00e9nero hay otras dos especies valiosas: Psilocybe Cubensis y <a href=\"https:\/\/en.wikipedia.org\/wiki\/Psilocybe_cyanescens\">Psilocybe Cyanescens<\/a>. Esta seta es muy apreciada en el noroeste del Pac\u00edfico estadounidense.<\/p>\n<p>Podemos rastrear la historia de esta seta hasta 1979, cuando los Boys Scouts de Oreg\u00f3n la descubrieron. Descubrieron que estas setas eran psicotr\u00f3picas despu\u00e9s de observarlas m\u00e1s de cerca. Paul Stamets la bautiz\u00f3 posteriormente como Psilocybe Azurescens en 1996. El tono azul del estipe fue el tema de Azurescens, seg\u00fan el art\u00edculo de Stamets. Algunos afirman que el nombre se inspir\u00f3 en su hijo, que compart\u00eda un nombre similar.<\/p>\n<h3>Efectos de las setas Psilocybe Azurescens<\/h3>\n<p>Sustancias psicoactivas como la psilocibina, la baeocistina y la psilocina abundan en el azerolactus. Los componentes qu\u00edmicos de esta especie de Psilocybe son los que confieren a las setas sus propiedades alucin\u00f3genas. El entumecimiento de las extremidades es una caracter\u00edstica de los efectos psicod\u00e9licos. Sin embargo, la euforia y las alucinaciones superan este efecto. Comer setas puede hacer que te sientas m\u00e1s inclinado a relacionarte con la gente y a participar en diferentes actividades.<\/p>\n<h3>Informaci\u00f3n sobre el crecimiento de la seta m\u00e1gica Psilocybe Azurscens<\/h3>\n<p>Debido a la abundancia de material le\u00f1oso, es m\u00e1s f\u00e1cil encontrar P. azurscens en las orillas del agua que en otros lugares. La hierba de las dunas crece tambi\u00e9n a lo largo de las orillas y crea una alfombra que sirve de soporte a los d\u00e9biles hongos.<\/p>\n<p>La Azurscens tambi\u00e9n puede soportar temperaturas muy bajas, lo que la ayuda a prosperar en zonas con inviernos rigurosos. Adem\u00e1s, las setas pueden prosperar en madera caducifolia algo h\u00fameda. Esta especie crece con frecuencia entre zarzamoras y matorrales.<\/p>\n<h3>Usos medicinales del hongo Psilocybe Azurscens<\/h3>\n<p>La alta concentraci\u00f3n de psilocibina de este hongo tiene una serie de beneficios terap\u00e9uticos. Sus efectos pueden ayudar en el tratamiento de trastornos de ansiedad. El componente qu\u00edmico tambi\u00e9n ayuda en el tratamiento de la depresi\u00f3n, la ansiedad, el trastorno por d\u00e9ficit de atenci\u00f3n con hiperactividad (TDAH) y el trastorno obsesivo-compulsivo (TOC).<\/p>\n<h3>Particulares<\/h3>\n<p>Las personas que luchan contra el alcoholismo y la adicci\u00f3n al tabaco tambi\u00e9n podr\u00edan beneficiarse del consumo de setas como forma de tratamiento para tratar sus enfermedades. Seg\u00fan los estudios, la psilocibina reduce el deseo de consumir, lo que es un gran m\u00e9todo para tratar la adicci\u00f3n. La P. Azurscens es aconsejada por los m\u00e9dicos para pacientes con problemas de habla, ya que aumenta la confianza social.<\/p>\n<h3>Efectos secundarios de las setas m\u00e1gicas Psilocybe Azurscens<\/h3>\n<p>La exposici\u00f3n a la seta m\u00e1gica P. Azurscens puede provocar diversos efectos adversos. Algunos de ellos pueden ser letales, aunque la mayor\u00eda s\u00f3lo duran poco tiempo. Los efectos adversos m\u00e1s frecuentes son malestar estomacal, ataques de v\u00f3mitos y ataques de p\u00e1nico. En situaciones graves, la elevaci\u00f3n de la presi\u00f3n sangu\u00ednea y del pulso puede provocar infartos.<\/p>\n<h3>En resumen<\/h3>\n<p>La Azurscens podr\u00eda ocupar pronto el primer puesto en cuanto a beneficios recreativos y terap\u00e9uticos. Su adaptabilidad y sus bajos requisitos de crecimiento las hacen perfectas tanto para cultivadores experimentados como inexpertos.<\/p>\n<p>Son tu mejor opci\u00f3n si necesitas ayuda para tratar diferentes trastornos mentales y superar una adicci\u00f3n. En lugar de consumir drogas para colocarte, opta por una soluci\u00f3n sencilla pero eficaz. Mientras disfrutas de las ventajas de este hongo, ten en cuenta sus reacciones adversas concomitantes.<\/p>\n<p>Psilocybe Cyanescens: Comprar en l\u00ednea<\/p>\n<p>En venta: Psilocybe Cyanescens<\/p>","protected":false},"excerpt":{"rendered":"<p>Purchase Online Psilocybe Cyanescens The Psilocybe Azurescens mushroom, one of the 180 species in the Psilocybe genus, thrives in a range of environments. Flying Saucers, Indigo Psilocybe, Azzies, and Blue Angels are some other names for Psilocybe Azurscens. Researchers have written a great deal about the discovery since it was first made in 1979. For &hellip;<\/p>\n<p class=\"read-more\"> <a class=\"\" href=\"https:\/\/legitgrams.com\/es\/producto\/psilocybe-cyanescens\/\"> <span class=\"screen-reader-text\">Psilocybe Cyanescens<\/span> Leer m\u00e1s \"<\/a><\/p>","protected":false},"featured_media":5245,"comment_status":"open","ping_status":"closed","template":"","meta":{"_uag_custom_page_level_css":"","site-sidebar-layout":"default","site-content-layout":"default","ast-global-header-display":"","ast-main-header-display":"","ast-hfb-above-header-display":"","ast-hfb-below-header-display":"","ast-hfb-mobile-header-display":"","site-post-title":"","ast-breadcrumbs-content":"","ast-featured-img":"","footer-sml-layout":"","theme-transparent-header-meta":"default","adv-header-id-meta":"","stick-header-meta":"default","header-above-stick-meta":"","header-main-stick-meta":"","header-below-stick-meta":"","_joinchat":[]},"product_brand":[],"product_cat":[599],"product_tag":[2118,2108,617,2100,2115,2112,2107,2105,2099,2102,2110,2101,2103,2113,2120,2121,2119,2111,2116,2117,2114,625,2106,2109,2104],"class_list":{"0":"post-4200","1":"product","2":"type-product","3":"status-publish","4":"has-post-thumbnail","6":"product_cat-psilocybin-or-magic-mushrooms","7":"product_tag-best-cheap-price-psilocybe-cyanescens","8":"product_tag-best-place-to-buy-psilocybe-cyanescens","9":"product_tag-bulk-online","10":"product_tag-buy-psilocybe-cyanescens","11":"product_tag-cheap-psilocybe-cyanescens","12":"product_tag-high-quality-psilocybe-cyanescens","13":"product_tag-how-to-buy-psilocybe-cyanescens","14":"product_tag-order-psilocybe-cyanescens","15":"product_tag-psilocybe-cyanescens","16":"product_tag-psilocybe-cyanescens-for-sale","17":"product_tag-psilocybe-cyanescens-legally","18":"product_tag-psilocybe-cyanescens-online","19":"product_tag-psilocybe-cyanescens-psilocybe-cyanescens-supplier","20":"product_tag-psilocybe-cyanescens-store","21":"product_tag-psilocybe-cyanescens-use","22":"product_tag-psilocybe-cyanescens-wiki","23":"product_tag-psilocybe-cyanescens-worldwide","24":"product_tag-psilocybe-cyanescensprice","25":"product_tag-psilocybe-cyanescenss","26":"product_tag-purcharse-psilocybe-cyanescens","27":"product_tag-shop-psilocybe-cyanescens","28":"product_tag-top-quality","29":"product_tag-where-to-buy-psilocybe-cyanescens","30":"product_tag-where-to-order-psilocybe-cyanescens","31":"product_tag-wholesale-psilocybe-cyanescens","32":"desktop-align-left","33":"tablet-align-left","34":"mobile-align-left","35":"ast-product-gallery-layout-horizontal","36":"ast-product-gallery-with-no-image","37":"ast-product-single-variable","38":"ast-product-tabs-layout-horizontal","39":"ast-qv-on-image","41":"first","42":"instock","43":"shipping-taxable","44":"purchasable","45":"product-type-variable"},"yoast_head":"<!-- This site is optimized with the Yoast SEO plugin v25.9 - https:\/\/yoast.com\/wordpress\/plugins\/seo\/ -->\n<title>Psilocybe Cyanescens for Sale - Buy Psilocybe Cyanescens Online<\/title>\n<meta name=\"description\" content=\"If you want to buy psilocybe cyanescens online and looking for a reliable online store, then buy here. We offer only high-quality psilocybe cyanescens for sale at an affordable price. Order Psilocybe Cyanescens Now!\" \/>\n<meta name=\"robots\" content=\"index, follow, max-snippet:-1, max-image-preview:large, max-video-preview:-1\" \/>\n<link rel=\"canonical\" href=\"https:\/\/legitgrams.com\/es\/producto\/psilocybe-cyanescens\/\" \/>\n<meta property=\"og:locale\" content=\"es_ES\" \/>\n<meta property=\"og:type\" content=\"article\" \/>\n<meta property=\"og:title\" content=\"Psilocybe Cyanescens for Sale - Buy Psilocybe Cyanescens Online\" \/>\n<meta property=\"og:description\" content=\"If you want to buy psilocybe cyanescens online and looking for a reliable online store, then buy here. We offer only high-quality psilocybe cyanescens for sale at an affordable price. Order Psilocybe Cyanescens Now!\" \/>\n<meta property=\"og:url\" content=\"https:\/\/legitgrams.com\/es\/producto\/psilocybe-cyanescens\/\" \/>\n<meta property=\"og:site_name\" content=\"Legit Grams\" \/>\n<meta property=\"article:modified_time\" content=\"2025-01-14T10:47:35+00:00\" \/>\n<meta property=\"og:image\" content=\"https:\/\/legitgrams.com\/wp-content\/uploads\/2024\/09\/psilocybe-cyanescenshome.jpg\" \/>\n\t<meta property=\"og:image:width\" content=\"430\" \/>\n\t<meta property=\"og:image:height\" content=\"430\" \/>\n\t<meta property=\"og:image:type\" content=\"image\/jpeg\" \/>\n<meta name=\"twitter:card\" content=\"summary_large_image\" \/>\n<meta name=\"twitter:label1\" content=\"Tiempo de lectura\" \/>\n\t<meta name=\"twitter:data1\" content=\"4 minutos\" \/>\n<script type=\"application\/ld+json\" class=\"yoast-schema-graph\">{\"@context\":\"https:\/\/schema.org\",\"@graph\":[{\"@type\":\"WebPage\",\"@id\":\"https:\/\/legitgrams.com\/product\/psilocybe-cyanescens\/\",\"url\":\"https:\/\/legitgrams.com\/product\/psilocybe-cyanescens\/\",\"name\":\"Psilocybe Cyanescens for Sale - Buy Psilocybe Cyanescens Online\",\"isPartOf\":{\"@id\":\"https:\/\/legitgrams.com\/#website\"},\"primaryImageOfPage\":{\"@id\":\"https:\/\/legitgrams.com\/product\/psilocybe-cyanescens\/#primaryimage\"},\"image\":{\"@id\":\"https:\/\/legitgrams.com\/product\/psilocybe-cyanescens\/#primaryimage\"},\"thumbnailUrl\":\"https:\/\/legitgrams.com\/wp-content\/uploads\/2024\/09\/psilocybe-cyanescenshome.jpg\",\"datePublished\":\"2024-09-22T05:48:26+00:00\",\"dateModified\":\"2025-01-14T10:47:35+00:00\",\"description\":\"If you want to buy psilocybe cyanescens online and looking for a reliable online store, then buy here. We offer only high-quality psilocybe cyanescens for sale at an affordable price. Order Psilocybe Cyanescens Now!\",\"breadcrumb\":{\"@id\":\"https:\/\/legitgrams.com\/product\/psilocybe-cyanescens\/#breadcrumb\"},\"inLanguage\":\"es\",\"potentialAction\":[{\"@type\":\"ReadAction\",\"target\":[\"https:\/\/legitgrams.com\/product\/psilocybe-cyanescens\/\"]}]},{\"@type\":\"ImageObject\",\"inLanguage\":\"es\",\"@id\":\"https:\/\/legitgrams.com\/product\/psilocybe-cyanescens\/#primaryimage\",\"url\":\"https:\/\/legitgrams.com\/wp-content\/uploads\/2024\/09\/psilocybe-cyanescenshome.jpg\",\"contentUrl\":\"https:\/\/legitgrams.com\/wp-content\/uploads\/2024\/09\/psilocybe-cyanescenshome.jpg\",\"width\":430,\"height\":430,\"caption\":\"Psilocybe Cyanescens for Sale\"},{\"@type\":\"BreadcrumbList\",\"@id\":\"https:\/\/legitgrams.com\/product\/psilocybe-cyanescens\/#breadcrumb\",\"itemListElement\":[{\"@type\":\"ListItem\",\"position\":1,\"name\":\"Home\",\"item\":\"https:\/\/legitgrams.com\/\"},{\"@type\":\"ListItem\",\"position\":2,\"name\":\"Shop\",\"item\":\"https:\/\/legitgrams.com\/shop\/\"},{\"@type\":\"ListItem\",\"position\":3,\"name\":\"Psilocybe Cyanescens\"}]},{\"@type\":\"WebSite\",\"@id\":\"https:\/\/legitgrams.com\/#website\",\"url\":\"https:\/\/legitgrams.com\/\",\"name\":\"Legit Grams\",\"description\":\"My WordPress Blog\",\"publisher\":{\"@id\":\"https:\/\/legitgrams.com\/#organization\"},\"potentialAction\":[{\"@type\":\"SearchAction\",\"target\":{\"@type\":\"EntryPoint\",\"urlTemplate\":\"https:\/\/legitgrams.com\/?s={search_term_string}\"},\"query-input\":{\"@type\":\"PropertyValueSpecification\",\"valueRequired\":true,\"valueName\":\"search_term_string\"}}],\"inLanguage\":\"es\"},{\"@type\":\"Organization\",\"@id\":\"https:\/\/legitgrams.com\/#organization\",\"name\":\"Legit Grams\",\"url\":\"https:\/\/legitgrams.com\/\",\"logo\":{\"@type\":\"ImageObject\",\"inLanguage\":\"es\",\"@id\":\"https:\/\/legitgrams.com\/#\/schema\/logo\/image\/\",\"url\":\"https:\/\/legitgrams.com\/wp-content\/uploads\/2024\/09\/main-logo.png\",\"contentUrl\":\"https:\/\/legitgrams.com\/wp-content\/uploads\/2024\/09\/main-logo.png\",\"width\":270,\"height\":75,\"caption\":\"Legit Grams\"},\"image\":{\"@id\":\"https:\/\/legitgrams.com\/#\/schema\/logo\/image\/\"}}]}<\/script>\n<!-- \/ Yoast SEO plugin. -->","yoast_head_json":{"title":"Psilocybe Cyanescens en venta - Comprar Psilocybe Cyanescens en l\u00ednea","description":"Si desea comprar psilocybe cyanescens en l\u00ednea y busca una tienda en l\u00ednea fiable, entonces compre aqu\u00ed. Ofrecemos s\u00f3lo de alta calidad psilocybe cyanescens a la venta a un precio asequible. \u00a1Pida Psilocybe Cyanescens ahora!","robots":{"index":"index","follow":"follow","max-snippet":"max-snippet:-1","max-image-preview":"max-image-preview:large","max-video-preview":"max-video-preview:-1"},"canonical":"https:\/\/legitgrams.com\/es\/producto\/psilocybe-cyanescens\/","og_locale":"es_ES","og_type":"article","og_title":"Psilocybe Cyanescens for Sale - Buy Psilocybe Cyanescens Online","og_description":"If you want to buy psilocybe cyanescens online and looking for a reliable online store, then buy here. We offer only high-quality psilocybe cyanescens for sale at an affordable price. Order Psilocybe Cyanescens Now!","og_url":"https:\/\/legitgrams.com\/es\/producto\/psilocybe-cyanescens\/","og_site_name":"Legit Grams","article_modified_time":"2025-01-14T10:47:35+00:00","og_image":[{"width":430,"height":430,"url":"https:\/\/legitgrams.com\/wp-content\/uploads\/2024\/09\/psilocybe-cyanescenshome.jpg","type":"image\/jpeg"}],"twitter_card":"summary_large_image","twitter_misc":{"Tiempo de lectura":"4 minutos"},"schema":{"@context":"https:\/\/schema.org","@graph":[{"@type":"WebPage","@id":"https:\/\/legitgrams.com\/product\/psilocybe-cyanescens\/","url":"https:\/\/legitgrams.com\/product\/psilocybe-cyanescens\/","name":"Psilocybe Cyanescens en venta - Comprar Psilocybe Cyanescens en l\u00ednea","isPartOf":{"@id":"https:\/\/legitgrams.com\/#website"},"primaryImageOfPage":{"@id":"https:\/\/legitgrams.com\/product\/psilocybe-cyanescens\/#primaryimage"},"image":{"@id":"https:\/\/legitgrams.com\/product\/psilocybe-cyanescens\/#primaryimage"},"thumbnailUrl":"https:\/\/legitgrams.com\/wp-content\/uploads\/2024\/09\/psilocybe-cyanescenshome.jpg","datePublished":"2024-09-22T05:48:26+00:00","dateModified":"2025-01-14T10:47:35+00:00","description":"Si desea comprar psilocybe cyanescens en l\u00ednea y busca una tienda en l\u00ednea fiable, entonces compre aqu\u00ed. Ofrecemos s\u00f3lo de alta calidad psilocybe cyanescens a la venta a un precio asequible. \u00a1Pida Psilocybe Cyanescens ahora!","breadcrumb":{"@id":"https:\/\/legitgrams.com\/product\/psilocybe-cyanescens\/#breadcrumb"},"inLanguage":"es","potentialAction":[{"@type":"ReadAction","target":["https:\/\/legitgrams.com\/product\/psilocybe-cyanescens\/"]}]},{"@type":"ImageObject","inLanguage":"es","@id":"https:\/\/legitgrams.com\/product\/psilocybe-cyanescens\/#primaryimage","url":"https:\/\/legitgrams.com\/wp-content\/uploads\/2024\/09\/psilocybe-cyanescenshome.jpg","contentUrl":"https:\/\/legitgrams.com\/wp-content\/uploads\/2024\/09\/psilocybe-cyanescenshome.jpg","width":430,"height":430,"caption":"Psilocybe Cyanescens for Sale"},{"@type":"BreadcrumbList","@id":"https:\/\/legitgrams.com\/product\/psilocybe-cyanescens\/#breadcrumb","itemListElement":[{"@type":"ListItem","position":1,"name":"Home","item":"https:\/\/legitgrams.com\/"},{"@type":"ListItem","position":2,"name":"Shop","item":"https:\/\/legitgrams.com\/shop\/"},{"@type":"ListItem","position":3,"name":"Psilocybe Cyanescens"}]},{"@type":"WebSite","@id":"https:\/\/legitgrams.com\/#website","url":"https:\/\/legitgrams.com\/","name":"Gramos leg\u00edtimos","description":"Mi blog de WordPress","publisher":{"@id":"https:\/\/legitgrams.com\/#organization"},"potentialAction":[{"@type":"SearchAction","target":{"@type":"EntryPoint","urlTemplate":"https:\/\/legitgrams.com\/?s={search_term_string}"},"query-input":{"@type":"PropertyValueSpecification","valueRequired":true,"valueName":"search_term_string"}}],"inLanguage":"es"},{"@type":"Organization","@id":"https:\/\/legitgrams.com\/#organization","name":"Gramos leg\u00edtimos","url":"https:\/\/legitgrams.com\/","logo":{"@type":"ImageObject","inLanguage":"es","@id":"https:\/\/legitgrams.com\/#\/schema\/logo\/image\/","url":"https:\/\/legitgrams.com\/wp-content\/uploads\/2024\/09\/main-logo.png","contentUrl":"https:\/\/legitgrams.com\/wp-content\/uploads\/2024\/09\/main-logo.png","width":270,"height":75,"caption":"Legit Grams"},"image":{"@id":"https:\/\/legitgrams.com\/#\/schema\/logo\/image\/"}}]}},"uagb_featured_image_src":{"full":["https:\/\/legitgrams.com\/wp-content\/uploads\/2024\/09\/psilocybe-cyanescenshome.jpg",430,430,false],"thumbnail":["https:\/\/legitgrams.com\/wp-content\/uploads\/2024\/09\/psilocybe-cyanescenshome-150x150.jpg",150,150,true],"medium":["https:\/\/legitgrams.com\/wp-content\/uploads\/2024\/09\/psilocybe-cyanescenshome-300x300.jpg",300,300,true],"medium_large":["https:\/\/legitgrams.com\/wp-content\/uploads\/2024\/09\/psilocybe-cyanescenshome.jpg",430,430,false],"large":["https:\/\/legitgrams.com\/wp-content\/uploads\/2024\/09\/psilocybe-cyanescenshome.jpg",430,430,false],"1536x1536":["https:\/\/legitgrams.com\/wp-content\/uploads\/2024\/09\/psilocybe-cyanescenshome.jpg",430,430,false],"2048x2048":["https:\/\/legitgrams.com\/wp-content\/uploads\/2024\/09\/psilocybe-cyanescenshome.jpg",430,430,false],"trp-custom-language-flag":["https:\/\/legitgrams.com\/wp-content\/uploads\/2024\/09\/psilocybe-cyanescenshome-12x12.jpg",12,12,true],"woocommerce_thumbnail":["https:\/\/legitgrams.com\/wp-content\/uploads\/2024\/09\/psilocybe-cyanescenshome-300x300.jpg",300,300,true],"woocommerce_single":["https:\/\/legitgrams.com\/wp-content\/uploads\/2024\/09\/psilocybe-cyanescenshome.jpg",430,430,false],"woocommerce_gallery_thumbnail":["https:\/\/legitgrams.com\/wp-content\/uploads\/2024\/09\/psilocybe-cyanescenshome-100x100.jpg",100,100,true]},"uagb_author_info":{"display_name":"cokeblog18","author_link":"https:\/\/legitgrams.com\/es\/author\/"},"uagb_comment_info":0,"uagb_excerpt":"Purchase Online Psilocybe Cyanescens The Psilocybe Azurescens mushroom, one of the 180 species in the Psilocybe genus, thrives in a range of environments. Flying Saucers, Indigo Psilocybe, Azzies, and Blue Angels are some other names for Psilocybe Azurscens. Researchers have written a great deal about the discovery since it was first made in 1979. For&hellip;","_links":{"self":[{"href":"https:\/\/legitgrams.com\/es\/wp-json\/wp\/v2\/product\/4200","targetHints":{"allow":["GET"]}}],"collection":[{"href":"https:\/\/legitgrams.com\/es\/wp-json\/wp\/v2\/product"}],"about":[{"href":"https:\/\/legitgrams.com\/es\/wp-json\/wp\/v2\/types\/product"}],"replies":[{"embeddable":true,"href":"https:\/\/legitgrams.com\/es\/wp-json\/wp\/v2\/comments?post=4200"}],"wp:featuredmedia":[{"embeddable":true,"href":"https:\/\/legitgrams.com\/es\/wp-json\/wp\/v2\/media\/5245"}],"wp:attachment":[{"href":"https:\/\/legitgrams.com\/es\/wp-json\/wp\/v2\/media?parent=4200"}],"wp:term":[{"taxonomy":"product_brand","embeddable":true,"href":"https:\/\/legitgrams.com\/es\/wp-json\/wp\/v2\/product_brand?post=4200"},{"taxonomy":"product_cat","embeddable":true,"href":"https:\/\/legitgrams.com\/es\/wp-json\/wp\/v2\/product_cat?post=4200"},{"taxonomy":"product_tag","embeddable":true,"href":"https:\/\/legitgrams.com\/es\/wp-json\/wp\/v2\/product_tag?post=4200"}],"curies":[{"name":"wp","href":"https:\/\/api.w.org\/{rel}","templated":true}]}}