{"id":4218,"date":"2024-09-22T06:05:19","date_gmt":"2024-09-22T06:05:19","guid":{"rendered":"https:\/\/legitgrams.com\/?post_type=product&#038;p=4218"},"modified":"2025-04-03T10:49:23","modified_gmt":"2025-04-03T10:49:23","slug":"psilocybe-azurescens","status":"publish","type":"product","link":"https:\/\/legitgrams.com\/es\/producto\/psilocybe-azurescens\/","title":{"rendered":"Comprar Psilocybe Azurescens en l\u00ednea"},"content":{"rendered":"<h2>Comprar Psilocybe Azurescens en l\u00ednea<\/h2>\n<h3>En venta: Psilocybe Azurescens<\/h3>\n<p>Entre las 180 especies de setas del g\u00e9nero Psilocybe, <a href=\"https:\/\/legitgrams.com\/es\/producto\/psilocybe-azurescens\/\">Psilocybe Azurescens<\/a> grows in a variety of habitats. Other names for <a href=\"https:\/\/www.bing.com\/search?q=ComprarPsilocybeAzurescensenlnea&amp;qs=n&amp;form=QBRE&amp;sp=-1&amp;lq=0&amp;pq=comprarpsilocybeazurescensenlnea&amp;sc=0-37&amp;sk=&amp;cvid=DC4A8904178E457D90E314A223387F79&amp;ghsh=0&amp;ghacc=0&amp;ghpl=\">Psilocybe<\/a> Los Azurscens incluyen platillos voladores, psilocybe \u00edndigo, azzies y \u00e1ngeles azules.<\/p>\n<p>Desde que se hizo el hallazgo inicial en 1979, los investigadores han publicado numerosos art\u00edculos sobre ella. Por ejemplo, Paul Stamets nombr\u00f3 la especie Azurescens en su libro de 1996 \"Psilocybin shrooms of the world\". El t\u00e9rmino Azurescens se deriva de la traducci\u00f3n aproximada del color azur o azul de la seta.<\/p>\n<p>El hongo tiene 1,8% de psilocibina, 0,5% de psilocina y 0,4% de baeocistina. Es la especie m\u00e1s potente en la s\u00edntesis de triptamina. Esta especie, por ejemplo, tiene tres veces la potencia de la <a href=\"https:\/\/en.wikipedia.org\/wiki\/Psilocybe_cubensis\">Psilocybe Cubensis<\/a> y Cyanscens psilocybe.<\/p>\n<p>Un examen m\u00e1s detallado de este hongo revela caracter\u00edsticas \u00fanicas y poco comunes. Entre los atributos se encuentran los siguientes:<\/p>\n<p>Esporas: Esta seta tiene dos variedades de color de esporas: marr\u00f3n p\u00farpura oscuro y negro p\u00farpura. Se diferencian de otras setas del mismo g\u00e9nero por su forma elipsoidal. <a href=\"https:\/\/legitgrams.com\/es\/\">LegitGrams<\/a><\/p>\n<p>P\u00edleo: El t\u00e9rmino \u201cp\u00edleo\u201d se refiere a la forma c\u00f3nica o convexa que tienen los sombreros de los hongos. Cuando el p\u00edleo es joven, adquiere un color marr\u00f3n o caramelo. Pero a medida que los hongos comienzan a marchitarse, la zona oscura y profunda del lugar se vuelve de un color pajizo claro hasta que se seca por completo.<\/p>\n<p>El tallo curvado del hongo, que se engrosa cerca de la base, se llama tallo. El mayor contenido de indol hace que el tallo blanco y liso se vuelva azul \u00edndigo.<\/p>\n<p>L\u00e1minas: Las l\u00e1minas del hongo son otro nombre para estas estructuras de dos niveles. Cuando las l\u00e1minas est\u00e1n frescas, adquieren un color marr\u00f3n caramelo o casta\u00f1o.<\/p>\n<h3>Descripci\u00f3n del hongo m\u00e1gico Psilocybe Azurescens<\/h3>\n<p><a href=\"https:\/\/www.google.com\/search?q=Comprar+Psilocybe+Azurescens+en+lnea&amp;sca_esv=eddefdb7b92e7545&amp;sxsrf=AHTn8zriEuDTw2xk03KT0M3x7YtgiBO6Ow1743677760145&amp;ei=QGnuZ6TOCLnA0PEP-_vg4Aw&amp;ved=0ahUKEwik7vvr2buMAxU5IDQIHfs9GMwQ4dUDCBA&amp;uact=5&amp;oq=Comprar+Psilocybe+Azurescens+en+lnea&amp;gs_lp=Egxnd3Mtd2l6LXNlcnAiJkNvbXByYXIgUHNpbG9jeWJlIEF6dXJlc2NlbnMgZW4gbMOtbmVhSIcFUABYAHAAeACQAQCYAZMDoAGTA6oBAzQtMbgBA8gBAPgBAvgBAZgCAKACAJgDAJIHAKAHWrIHALgHAA&amp;sclient=gws-wiz-serp\">Psilocybe Azurescens<\/a> Pertenece al g\u00e9nero Psilocybe, con 180 especies, como se mencion\u00f3 anteriormente. Distintas especies utilizan diferentes h\u00e1bitats con distintos niveles de humedad para su desarrollo. Esta especie, por ejemplo, prospera en exteriores.<\/p>\n<p>Se necesitan sustancias bioqu\u00edmicas de psilocibina, baeocistina y psilocina excepcionalmente potentes para experimentar todos los efectos del hongo. Psilocybe Cubensis y <a href=\"https:\/\/duckduckgo.com\/?q=Buy+Psilocybe+Azurescens+Online&amp;t=h_&amp;ia=web\">Psilocybe Cyanescens<\/a> Son otras dos especies valiosas de este g\u00e9nero. En el noroeste del Pac\u00edfico de Estados Unidos, este hongo es muy popular.<\/p>\n<p>Los Boy Scouts introdujeron este hongo en 1979. La identificaci\u00f3n de este hongo comenz\u00f3 en 1979 cuando los Boy Scouts lo encontraron en Oreg\u00f3n. Tras una investigaci\u00f3n adicional, los cient\u00edficos descubrieron que estos hongos tienen propiedades psicoactivas. Paul Stamets lo rebautiz\u00f3 como Psilocybe Azurescens en 1996. El tono azul del est\u00edpite fue el foco de atenci\u00f3n de Azurescens basado en la publicaci\u00f3n de Stamets. Otros sostienen que el nombre se inspir\u00f3 en \u00e9l porque su hijo ten\u00eda el mismo nombre.<\/p>\n<h3>Efectos de Psilocybe Azurescens sobre los hongos<\/h3>\n<p>Azurescens contiene una variedad de compuestos psicoactivos, entre ellos psilocibina, baeocistina y psilocina. Los componentes qu\u00edmicos que dan a los hongos sus cualidades alucin\u00f3genas est\u00e1n presentes en esta especie de psilocibina. Una de las caracter\u00edsticas de las experiencias psicod\u00e9licas es el entumecimiento de las extremidades. Sin embargo, este efecto se ve compensado por la excitaci\u00f3n y las alucinaciones. El consumo de hongos puede hacer que los pacientes quieran participar en m\u00e1s interacciones sociales y en una variedad de actividades.<\/p>\n<p>Detalles sobre el crecimiento de los hongos m\u00e1gicos Psilocybe Azurscens. Los hongos azurscens son m\u00e1s f\u00e1ciles de encontrar en las orillas del agua que en otros lugares debido a la disponibilidad de material le\u00f1oso. Adem\u00e1s, la hierba de las dunas se desarrolla a lo largo de las orillas, lo que produce una alfombra que mantiene a los hongos d\u00e9biles en posici\u00f3n vertical.<\/p>\n<p><strong>Aspergillus aureus<\/strong><\/p>\n<p>En regiones con inviernos severos, el azaurscens prospera gracias a su capacidad para tolerar temperaturas extremadamente bajas. Adem\u00e1s, los hongos pueden crecer en madera de \u00e1rboles caducifolios que sean un poco h\u00famedos. Es com\u00fan ver a esta especie creciendo en matorrales y entre zarzamoras.<\/p>\n<h3>Aplicaciones del hongo Psilocybe Azurscens en medicina<\/h3>\n<p>El alto contenido de psilocibina de este hongo tiene varias ventajas medicinales. Los trastornos de ansiedad pueden beneficiarse de los efectos de la euforia. Adem\u00e1s, el medicamento puede tratar el trastorno obsesivo-compulsivo (TOC), la depresi\u00f3n, la ansiedad y el trastorno por d\u00e9ficit de atenci\u00f3n con hiperactividad (TDAH).<\/p>\n<p>Tambi\u00e9n puede ser beneficioso para las personas que luchan contra el alcoholismo y la adicci\u00f3n al tabaco utilizar hongos como cura para sus dolencias. La psilocibina es una excelente manera de reducir los antojos. Los estudios demuestran que se puede utilizar para tratar la adicci\u00f3n. Debido a que P. azurscens aumenta la confianza social, los m\u00e9dicos lo recomiendan a las personas con problemas del habla.<\/p>\n<h3>Efectos secundarios del hongo m\u00e1gico Psilocybe Azurescens<\/h3>\n<p>La exposici\u00f3n a los hongos m\u00e1gicos P. azurscens puede tener numerosas consecuencias negativas. Aunque la mayor\u00eda de ellas solo duran unos minutos, algunas pueden llegar a ser mortales. Los efectos secundarios m\u00e1s comunes son ataques de p\u00e1nico, v\u00f3mitos y malestar estomacal. La presi\u00f3n arterial y el pulso elevados pueden provocar ataques card\u00edacos en casos extremos.<\/p>\n<h3>En conclusi\u00f3n<\/h3>\n<p>En lo que se refiere a beneficios terap\u00e9uticos y recreativos, las azurscens podr\u00edan superar pronto a todas las dem\u00e1s. Su versatilidad y sus bajos requisitos de crecimiento las hacen ideales tanto para cultivadores novatos como experimentados.<\/p>\n<p>Son la mejor opci\u00f3n si necesitas ayuda para superar una adicci\u00f3n y controlar otros problemas de salud mental. Elige un m\u00e9todo simple pero efectivo para drogarte en lugar de consumir drogas. Mientras disfrutas de los beneficios de este hongo, ten en cuenta los posibles efectos secundarios.<br \/>\nEn venta: La psilocybe Azurescens<br \/>\nEsporas de Psilocybe Azurescens a la venta<br \/>\nVendemos psilocybe azurescens seca.<\/p>","protected":false},"excerpt":{"rendered":"<p>Purchase Psilocybe Azurescens Online For Sale: Psilocybe Azurescens Among the 180 species of mushrooms in the Psilocybe genus, Psilocybe Azurescens grows in a variety of habitats. Other names for Psilocybe Azurscens include Flying Saucers, Indigo Psilocybe, Azzies, and Blue Angels. Since the initial finding was made in 1979, numerous articles about it have been published &hellip;<\/p>\n<p class=\"read-more\"> <a class=\"\" href=\"https:\/\/legitgrams.com\/es\/producto\/psilocybe-azurescens\/\"> <span class=\"screen-reader-text\">Comprar Psilocybe Azurescens en l\u00ednea<\/span> Leer m\u00e1s \"<\/a><\/p>","protected":false},"featured_media":5242,"comment_status":"open","ping_status":"closed","template":"","meta":{"_uag_custom_page_level_css":"","site-sidebar-layout":"default","site-content-layout":"default","ast-global-header-display":"","ast-main-header-display":"","ast-hfb-above-header-display":"","ast-hfb-below-header-display":"","ast-hfb-mobile-header-display":"","site-post-title":"","ast-breadcrumbs-content":"","ast-featured-img":"","footer-sml-layout":"","theme-transparent-header-meta":"default","adv-header-id-meta":"","stick-header-meta":"default","header-above-stick-meta":"","header-main-stick-meta":"","header-below-stick-meta":"","_joinchat":[]},"product_brand":[],"product_cat":[599],"product_tag":[2049,2039,617,2031,2046,2043,2038,2036,2030,2033,2041,2032,2034,2044,2051,2052,2050,2042,2047,2048,2045,625,2037,2040,2035],"class_list":{"0":"post-4218","1":"product","2":"type-product","3":"status-publish","4":"has-post-thumbnail","6":"product_cat-psilocybin-or-magic-mushrooms","7":"product_tag-best-cheap-price-psilocybe-azurescens","8":"product_tag-best-place-to-buy-psilocybe-azurescens","9":"product_tag-bulk-online","10":"product_tag-buy-psilocybe-azurescens","11":"product_tag-cheap-psilocybe-azurescens","12":"product_tag-high-quality-psilocybe-azurescens","13":"product_tag-how-to-buy-psilocybe-azurescens","14":"product_tag-order-psilocybe-azurescens","15":"product_tag-psilocybe-azurescens","16":"product_tag-psilocybe-azurescens-for-sale","17":"product_tag-psilocybe-azurescens-legally","18":"product_tag-psilocybe-azurescens-online","19":"product_tag-psilocybe-azurescens-psilocybe-azurescens-supplier","20":"product_tag-psilocybe-azurescens-store","21":"product_tag-psilocybe-azurescens-use","22":"product_tag-psilocybe-azurescens-wiki","23":"product_tag-psilocybe-azurescens-worldwide","24":"product_tag-psilocybe-azurescensprice","25":"product_tag-psilocybe-azurescenss","26":"product_tag-purcharse-psilocybe-azurescens","27":"product_tag-shop-psilocybe-azurescens","28":"product_tag-top-quality","29":"product_tag-where-to-buy-psilocybe-azurescens","30":"product_tag-where-to-order-psilocybe-azurescens","31":"product_tag-wholesale-psilocybe-azurescens","32":"desktop-align-left","33":"tablet-align-left","34":"mobile-align-left","35":"ast-product-gallery-layout-horizontal","36":"ast-product-gallery-with-no-image","37":"ast-product-single-variable","38":"ast-product-tabs-layout-horizontal","39":"ast-qv-on-image","41":"first","42":"instock","43":"shipping-taxable","44":"purchasable","45":"product-type-variable"},"yoast_head":"<!-- This site is optimized with the Yoast SEO plugin v25.9 - https:\/\/yoast.com\/wordpress\/plugins\/seo\/ -->\n<title>Psilocybe Azurescens for Sale - Buy Psilocybe Azurescens Online<\/title>\n<meta name=\"description\" content=\"If you want to buy Psilocybe Azurescens online and looking for a reliable online shop, then buy here. We offer only high-quality Psilocybe Azurescens for sale at an affordable price. Order Psilocybe Azurescens Now!\" \/>\n<meta name=\"robots\" content=\"index, follow, max-snippet:-1, max-image-preview:large, max-video-preview:-1\" \/>\n<link rel=\"canonical\" href=\"https:\/\/legitgrams.com\/es\/producto\/psilocybe-azurescens\/\" \/>\n<meta property=\"og:locale\" content=\"es_ES\" \/>\n<meta property=\"og:type\" content=\"article\" \/>\n<meta property=\"og:title\" content=\"Psilocybe Azurescens for Sale - Buy Psilocybe Azurescens Online\" \/>\n<meta property=\"og:description\" content=\"If you want to buy Psilocybe Azurescens online and looking for a reliable online shop, then buy here. We offer only high-quality Psilocybe Azurescens for sale at an affordable price. Order Psilocybe Azurescens Now!\" \/>\n<meta property=\"og:url\" content=\"https:\/\/legitgrams.com\/es\/producto\/psilocybe-azurescens\/\" \/>\n<meta property=\"og:site_name\" content=\"Legit Grams\" \/>\n<meta property=\"article:modified_time\" content=\"2025-04-03T10:49:23+00:00\" \/>\n<meta property=\"og:image\" content=\"https:\/\/legitgrams.com\/wp-content\/uploads\/2024\/09\/psilocybe-azurescens-onlinepsilocybin-or-magic-mushrooms.jpg\" \/>\n\t<meta property=\"og:image:width\" content=\"430\" \/>\n\t<meta property=\"og:image:height\" content=\"430\" \/>\n\t<meta property=\"og:image:type\" content=\"image\/jpeg\" \/>\n<meta name=\"twitter:card\" content=\"summary_large_image\" \/>\n<meta name=\"twitter:label1\" content=\"Tiempo de lectura\" \/>\n\t<meta name=\"twitter:data1\" content=\"4 minutos\" \/>\n<script type=\"application\/ld+json\" class=\"yoast-schema-graph\">{\"@context\":\"https:\/\/schema.org\",\"@graph\":[{\"@type\":\"WebPage\",\"@id\":\"https:\/\/legitgrams.com\/product\/psilocybe-azurescens\/\",\"url\":\"https:\/\/legitgrams.com\/product\/psilocybe-azurescens\/\",\"name\":\"Psilocybe Azurescens for Sale - Buy Psilocybe Azurescens Online\",\"isPartOf\":{\"@id\":\"https:\/\/legitgrams.com\/#website\"},\"primaryImageOfPage\":{\"@id\":\"https:\/\/legitgrams.com\/product\/psilocybe-azurescens\/#primaryimage\"},\"image\":{\"@id\":\"https:\/\/legitgrams.com\/product\/psilocybe-azurescens\/#primaryimage\"},\"thumbnailUrl\":\"https:\/\/legitgrams.com\/wp-content\/uploads\/2024\/09\/psilocybe-azurescens-onlinepsilocybin-or-magic-mushrooms.jpg\",\"datePublished\":\"2024-09-22T06:05:19+00:00\",\"dateModified\":\"2025-04-03T10:49:23+00:00\",\"description\":\"If you want to buy Psilocybe Azurescens online and looking for a reliable online shop, then buy here. We offer only high-quality Psilocybe Azurescens for sale at an affordable price. Order Psilocybe Azurescens Now!\",\"breadcrumb\":{\"@id\":\"https:\/\/legitgrams.com\/product\/psilocybe-azurescens\/#breadcrumb\"},\"inLanguage\":\"es\",\"potentialAction\":[{\"@type\":\"ReadAction\",\"target\":[\"https:\/\/legitgrams.com\/product\/psilocybe-azurescens\/\"]}]},{\"@type\":\"ImageObject\",\"inLanguage\":\"es\",\"@id\":\"https:\/\/legitgrams.com\/product\/psilocybe-azurescens\/#primaryimage\",\"url\":\"https:\/\/legitgrams.com\/wp-content\/uploads\/2024\/09\/psilocybe-azurescens-onlinepsilocybin-or-magic-mushrooms.jpg\",\"contentUrl\":\"https:\/\/legitgrams.com\/wp-content\/uploads\/2024\/09\/psilocybe-azurescens-onlinepsilocybin-or-magic-mushrooms.jpg\",\"width\":430,\"height\":430,\"caption\":\"Psilocybe Azurescens for Sale\"},{\"@type\":\"BreadcrumbList\",\"@id\":\"https:\/\/legitgrams.com\/product\/psilocybe-azurescens\/#breadcrumb\",\"itemListElement\":[{\"@type\":\"ListItem\",\"position\":1,\"name\":\"Home\",\"item\":\"https:\/\/legitgrams.com\/\"},{\"@type\":\"ListItem\",\"position\":2,\"name\":\"Shop\",\"item\":\"https:\/\/legitgrams.com\/shop\/\"},{\"@type\":\"ListItem\",\"position\":3,\"name\":\"Buy Psilocybe Azurescens Online\"}]},{\"@type\":\"WebSite\",\"@id\":\"https:\/\/legitgrams.com\/#website\",\"url\":\"https:\/\/legitgrams.com\/\",\"name\":\"Legit Grams\",\"description\":\"My WordPress Blog\",\"publisher\":{\"@id\":\"https:\/\/legitgrams.com\/#organization\"},\"potentialAction\":[{\"@type\":\"SearchAction\",\"target\":{\"@type\":\"EntryPoint\",\"urlTemplate\":\"https:\/\/legitgrams.com\/?s={search_term_string}\"},\"query-input\":{\"@type\":\"PropertyValueSpecification\",\"valueRequired\":true,\"valueName\":\"search_term_string\"}}],\"inLanguage\":\"es\"},{\"@type\":\"Organization\",\"@id\":\"https:\/\/legitgrams.com\/#organization\",\"name\":\"Legit Grams\",\"url\":\"https:\/\/legitgrams.com\/\",\"logo\":{\"@type\":\"ImageObject\",\"inLanguage\":\"es\",\"@id\":\"https:\/\/legitgrams.com\/#\/schema\/logo\/image\/\",\"url\":\"https:\/\/legitgrams.com\/wp-content\/uploads\/2024\/09\/main-logo.png\",\"contentUrl\":\"https:\/\/legitgrams.com\/wp-content\/uploads\/2024\/09\/main-logo.png\",\"width\":270,\"height\":75,\"caption\":\"Legit Grams\"},\"image\":{\"@id\":\"https:\/\/legitgrams.com\/#\/schema\/logo\/image\/\"}}]}<\/script>\n<!-- \/ Yoast SEO plugin. -->","yoast_head_json":{"title":"Psilocybe Azurescens en venta - Comprar Psilocybe Azurescens en l\u00ednea","description":"Si desea comprar Psilocybe Azurescens en l\u00ednea y busca una tienda en l\u00ednea de confianza, entonces compre aqu\u00ed. Ofrecemos s\u00f3lo de alta calidad Psilocybe Azurescens a la venta a un precio asequible. \u00a1Pida Psilocybe Azurescens ahora!","robots":{"index":"index","follow":"follow","max-snippet":"max-snippet:-1","max-image-preview":"max-image-preview:large","max-video-preview":"max-video-preview:-1"},"canonical":"https:\/\/legitgrams.com\/es\/producto\/psilocybe-azurescens\/","og_locale":"es_ES","og_type":"article","og_title":"Psilocybe Azurescens for Sale - Buy Psilocybe Azurescens Online","og_description":"If you want to buy Psilocybe Azurescens online and looking for a reliable online shop, then buy here. We offer only high-quality Psilocybe Azurescens for sale at an affordable price. Order Psilocybe Azurescens Now!","og_url":"https:\/\/legitgrams.com\/es\/producto\/psilocybe-azurescens\/","og_site_name":"Legit Grams","article_modified_time":"2025-04-03T10:49:23+00:00","og_image":[{"width":430,"height":430,"url":"https:\/\/legitgrams.com\/wp-content\/uploads\/2024\/09\/psilocybe-azurescens-onlinepsilocybin-or-magic-mushrooms.jpg","type":"image\/jpeg"}],"twitter_card":"summary_large_image","twitter_misc":{"Tiempo de lectura":"4 minutos"},"schema":{"@context":"https:\/\/schema.org","@graph":[{"@type":"WebPage","@id":"https:\/\/legitgrams.com\/product\/psilocybe-azurescens\/","url":"https:\/\/legitgrams.com\/product\/psilocybe-azurescens\/","name":"Psilocybe Azurescens en venta - Comprar Psilocybe Azurescens en l\u00ednea","isPartOf":{"@id":"https:\/\/legitgrams.com\/#website"},"primaryImageOfPage":{"@id":"https:\/\/legitgrams.com\/product\/psilocybe-azurescens\/#primaryimage"},"image":{"@id":"https:\/\/legitgrams.com\/product\/psilocybe-azurescens\/#primaryimage"},"thumbnailUrl":"https:\/\/legitgrams.com\/wp-content\/uploads\/2024\/09\/psilocybe-azurescens-onlinepsilocybin-or-magic-mushrooms.jpg","datePublished":"2024-09-22T06:05:19+00:00","dateModified":"2025-04-03T10:49:23+00:00","description":"Si desea comprar Psilocybe Azurescens en l\u00ednea y busca una tienda en l\u00ednea de confianza, entonces compre aqu\u00ed. Ofrecemos s\u00f3lo de alta calidad Psilocybe Azurescens a la venta a un precio asequible. \u00a1Pida Psilocybe Azurescens ahora!","breadcrumb":{"@id":"https:\/\/legitgrams.com\/product\/psilocybe-azurescens\/#breadcrumb"},"inLanguage":"es","potentialAction":[{"@type":"ReadAction","target":["https:\/\/legitgrams.com\/product\/psilocybe-azurescens\/"]}]},{"@type":"ImageObject","inLanguage":"es","@id":"https:\/\/legitgrams.com\/product\/psilocybe-azurescens\/#primaryimage","url":"https:\/\/legitgrams.com\/wp-content\/uploads\/2024\/09\/psilocybe-azurescens-onlinepsilocybin-or-magic-mushrooms.jpg","contentUrl":"https:\/\/legitgrams.com\/wp-content\/uploads\/2024\/09\/psilocybe-azurescens-onlinepsilocybin-or-magic-mushrooms.jpg","width":430,"height":430,"caption":"Psilocybe Azurescens for Sale"},{"@type":"BreadcrumbList","@id":"https:\/\/legitgrams.com\/product\/psilocybe-azurescens\/#breadcrumb","itemListElement":[{"@type":"ListItem","position":1,"name":"Home","item":"https:\/\/legitgrams.com\/"},{"@type":"ListItem","position":2,"name":"Shop","item":"https:\/\/legitgrams.com\/shop\/"},{"@type":"ListItem","position":3,"name":"Buy Psilocybe Azurescens Online"}]},{"@type":"WebSite","@id":"https:\/\/legitgrams.com\/#website","url":"https:\/\/legitgrams.com\/","name":"Gramos leg\u00edtimos","description":"Mi blog de WordPress","publisher":{"@id":"https:\/\/legitgrams.com\/#organization"},"potentialAction":[{"@type":"SearchAction","target":{"@type":"EntryPoint","urlTemplate":"https:\/\/legitgrams.com\/?s={search_term_string}"},"query-input":{"@type":"PropertyValueSpecification","valueRequired":true,"valueName":"search_term_string"}}],"inLanguage":"es"},{"@type":"Organization","@id":"https:\/\/legitgrams.com\/#organization","name":"Gramos leg\u00edtimos","url":"https:\/\/legitgrams.com\/","logo":{"@type":"ImageObject","inLanguage":"es","@id":"https:\/\/legitgrams.com\/#\/schema\/logo\/image\/","url":"https:\/\/legitgrams.com\/wp-content\/uploads\/2024\/09\/main-logo.png","contentUrl":"https:\/\/legitgrams.com\/wp-content\/uploads\/2024\/09\/main-logo.png","width":270,"height":75,"caption":"Legit Grams"},"image":{"@id":"https:\/\/legitgrams.com\/#\/schema\/logo\/image\/"}}]}},"uagb_featured_image_src":{"full":["https:\/\/legitgrams.com\/wp-content\/uploads\/2024\/09\/psilocybe-azurescens-onlinepsilocybin-or-magic-mushrooms.jpg",430,430,false],"thumbnail":["https:\/\/legitgrams.com\/wp-content\/uploads\/2024\/09\/psilocybe-azurescens-onlinepsilocybin-or-magic-mushrooms-150x150.jpg",150,150,true],"medium":["https:\/\/legitgrams.com\/wp-content\/uploads\/2024\/09\/psilocybe-azurescens-onlinepsilocybin-or-magic-mushrooms-300x300.jpg",300,300,true],"medium_large":["https:\/\/legitgrams.com\/wp-content\/uploads\/2024\/09\/psilocybe-azurescens-onlinepsilocybin-or-magic-mushrooms.jpg",430,430,false],"large":["https:\/\/legitgrams.com\/wp-content\/uploads\/2024\/09\/psilocybe-azurescens-onlinepsilocybin-or-magic-mushrooms.jpg",430,430,false],"1536x1536":["https:\/\/legitgrams.com\/wp-content\/uploads\/2024\/09\/psilocybe-azurescens-onlinepsilocybin-or-magic-mushrooms.jpg",430,430,false],"2048x2048":["https:\/\/legitgrams.com\/wp-content\/uploads\/2024\/09\/psilocybe-azurescens-onlinepsilocybin-or-magic-mushrooms.jpg",430,430,false],"trp-custom-language-flag":["https:\/\/legitgrams.com\/wp-content\/uploads\/2024\/09\/psilocybe-azurescens-onlinepsilocybin-or-magic-mushrooms-12x12.jpg",12,12,true],"woocommerce_thumbnail":["https:\/\/legitgrams.com\/wp-content\/uploads\/2024\/09\/psilocybe-azurescens-onlinepsilocybin-or-magic-mushrooms-300x300.jpg",300,300,true],"woocommerce_single":["https:\/\/legitgrams.com\/wp-content\/uploads\/2024\/09\/psilocybe-azurescens-onlinepsilocybin-or-magic-mushrooms.jpg",430,430,false],"woocommerce_gallery_thumbnail":["https:\/\/legitgrams.com\/wp-content\/uploads\/2024\/09\/psilocybe-azurescens-onlinepsilocybin-or-magic-mushrooms-100x100.jpg",100,100,true]},"uagb_author_info":{"display_name":"cokeblog18","author_link":"https:\/\/legitgrams.com\/es\/author\/"},"uagb_comment_info":0,"uagb_excerpt":"Purchase Psilocybe Azurescens Online For Sale: Psilocybe Azurescens Among the 180 species of mushrooms in the Psilocybe genus, Psilocybe Azurescens grows in a variety of habitats. Other names for Psilocybe Azurscens include Flying Saucers, Indigo Psilocybe, Azzies, and Blue Angels. Since the initial finding was made in 1979, numerous articles about it have been published&hellip;","_links":{"self":[{"href":"https:\/\/legitgrams.com\/es\/wp-json\/wp\/v2\/product\/4218","targetHints":{"allow":["GET"]}}],"collection":[{"href":"https:\/\/legitgrams.com\/es\/wp-json\/wp\/v2\/product"}],"about":[{"href":"https:\/\/legitgrams.com\/es\/wp-json\/wp\/v2\/types\/product"}],"replies":[{"embeddable":true,"href":"https:\/\/legitgrams.com\/es\/wp-json\/wp\/v2\/comments?post=4218"}],"wp:featuredmedia":[{"embeddable":true,"href":"https:\/\/legitgrams.com\/es\/wp-json\/wp\/v2\/media\/5242"}],"wp:attachment":[{"href":"https:\/\/legitgrams.com\/es\/wp-json\/wp\/v2\/media?parent=4218"}],"wp:term":[{"taxonomy":"product_brand","embeddable":true,"href":"https:\/\/legitgrams.com\/es\/wp-json\/wp\/v2\/product_brand?post=4218"},{"taxonomy":"product_cat","embeddable":true,"href":"https:\/\/legitgrams.com\/es\/wp-json\/wp\/v2\/product_cat?post=4218"},{"taxonomy":"product_tag","embeddable":true,"href":"https:\/\/legitgrams.com\/es\/wp-json\/wp\/v2\/product_tag?post=4218"}],"curies":[{"name":"wp","href":"https:\/\/api.w.org\/{rel}","templated":true}]}}