{"id":4221,"date":"2024-09-22T06:14:11","date_gmt":"2024-09-22T06:14:11","guid":{"rendered":"https:\/\/legitgrams.com\/?post_type=product&#038;p=4221"},"modified":"2025-04-03T10:22:11","modified_gmt":"2025-04-03T10:22:11","slug":"mdma-powder","status":"publish","type":"product","link":"https:\/\/legitgrams.com\/es\/producto\/mdma-powder\/","title":{"rendered":"Comprar polvo de MDMA en l\u00ednea"},"content":{"rendered":"<h2>Compre polvo de MDMA genuino en l\u00ednea.<\/h2>\n<p>Comprar genuina <a href=\"https:\/\/legitgrams.com\/es\/producto\/mdma-powder\/\">MDMA en polvo<\/a> En l\u00ednea. Tenemos el polvo de MDMA (\u00e9xtasis\/Molly) de la m\u00e1s alta calidad disponible para comprar aqu\u00ed.<\/p>\n<p><a href=\"https:\/\/www.bing.com\/search?q=Buy%20MDMA%20Powder%20Online&amp;qs=n&amp;form=QBRE&amp;sp=-1&amp;lq=0&amp;pq=buy%20mdma%20powder%20online&amp;sc=0-22&amp;sk=&amp;cvid=535EEE1EF66F471792227A1FFBB85945&amp;ghsh=0&amp;ghacc=0&amp;ghpl=\">Pure MDMA powder<\/a> Se puede comprar en l\u00ednea. Es posible comprar \u00e9xtasis\/Molly en polvo en l\u00ednea.<\/p>\n<p>Una droga psicoactiva categorizada como un sustituto de la anfetamina y la metilendioxifenetilamina es <a href=\"https:\/\/www.google.com\/search?q=Comprar+polvo+de+MDMA+en+lnea&amp;sca_esv=eddefdb7b92e7545&amp;sxsrf=AHTn8zoKInw8Kh1kDEwlJThjrXEKM7CsjA1743675283558&amp;ei=k1_uZ_LgIcWm0PEPk5riqQw&amp;ved=0ahUKEwiy9oTP0LuMAxVFEzQIHRONOMUQ4dUDCBA&amp;uact=5&amp;oq=Comprar+polvo+de+MDMA+en+lnea&amp;gs_lp=Egxnd3Mtd2l6LXNlcnAiH0NvbXByYXIgcG9sdm8gZGUgTURNQSBlbiBsw61uZWEyBRAhGKABSP0EUABYAHAAeACQAQCYAYwDoAGMA6oBAzMtMbgBA8gBAPgBAvgBAZgCAaAClAOYAwCSBwM0LTGgB9ABsgcDNC0xuAeUAw&amp;sclient=gws-wiz-serp\">MDMA<\/a> (3,4-metilendioximetanfetamina negociada), que se puede comprar en l\u00ednea. Se utiliza principalmente por sus efectos simp\u00e1ticos y euf\u00f3ricos. Farmacia: Compre MDMA en polvo puro. El MDMA libera serotonina, noradrenalina y dopamina, adem\u00e1s de actuar como inhibidor de la recaptaci\u00f3n. <a href=\"https:\/\/legitgrams.com\/es\/\">LegitGrams<\/a> ofrece polvo de MDMA para la venta en l\u00ednea.<\/p>\n<p>El t\u00e9rmino \u201c\u00e9xtasis\u201d (abreviado como \u201cE\u201d, \u201cX\u201d o \u201cXTC\u201d), que suele utilizarse para referirse al MDMA vendido en l\u00ednea, generalmente se refiere a la forma de tableta, aunque tambi\u00e9n puede indicar la posibilidad de que se trate de un suplemento fraudulento.<\/p>\n<p>La expresi\u00f3n \u201ca la venta, Mandy\u201d En los EE. UU. y el Reino Unido, \u201cMolly a la venta\u201d describe al MDMA como un polvo cristalino que en su mayor parte no contiene ingredientes falsificados. En ocasiones, Molly podr\u00eda estar haciendo referencia a medicamentos similares como la mefedrona, la metilona, \u200b\u200bla compra de MDMA puro en polvo, la compra de MDPV en l\u00ednea o cualquier otra clase de sustancias qu\u00edmicas farmacol\u00f3gicas llamadas sales de ba\u00f1o.<\/p>\n<p>Comprar <a href=\"https:\/\/duckduckgo.com\/?q=Compre+MDMA+en+polvo+en+lnea&amp;t=h_&amp;ia=web\">pure MDMA powder<\/a> En l\u00ednea, comprando pura <a href=\"https:\/\/en.wikipedia.org\/wiki\/MDMA\">MDMA<\/a> polvo en los EE. UU., comprar polvo de MDMA puro en l\u00ednea en los EE. UU., d\u00f3nde comprar polvo de MDMA puro, d\u00f3nde comprar polvo de MDMA puro cerca, d\u00f3nde comprar polvo de MDMA puro, d\u00f3nde comprar polvo de MDMA puro en los EE. UU., Canad\u00e1 y el Reino Unido, d\u00f3nde comprar polvo de MDMA puro en l\u00ednea, proveedores, env\u00edo seguro El polvo de MDMA puro todav\u00eda se puede obtener de ciertas maneras, incluso averiguando c\u00f3mo pedirlo o si es legal comprarlo en l\u00ednea en los EE. UU. \u00bfCanad\u00e1 permite el uso de polvo de MDMA puro?<\/p>\n<h2><\/h2>\n<h2><\/h2>\n<p>&nbsp;<\/p>","protected":false},"excerpt":{"rendered":"<p>Purchase genuine MDMA powder online. Buy genuine MDMA powder online. We have the highest grade MDMA (Ecstasy\/Molly) Powder available for purchase here. Pure MDMA powder can be purchased online. It is possible to buy Ecstasy\/Molly Powder online. A psychoactive drug categorized as an amphetamine and methylenedioxyphenethylamine substitute is MDMA (negotiated 3,4-methylenedioxy-methamphetamine), which may be purchased &hellip;<\/p>\n<p class=\"read-more\"> <a class=\"\" href=\"https:\/\/legitgrams.com\/es\/producto\/mdma-powder\/\"> <span class=\"screen-reader-text\">Comprar polvo de MDMA en l\u00ednea<\/span> Leer m\u00e1s \"<\/a><\/p>","protected":false},"featured_media":5301,"comment_status":"open","ping_status":"closed","template":"","meta":{"_uag_custom_page_level_css":"","site-sidebar-layout":"default","site-content-layout":"default","ast-global-header-display":"","ast-main-header-display":"","ast-hfb-above-header-display":"","ast-hfb-below-header-display":"","ast-hfb-mobile-header-display":"","site-post-title":"","ast-breadcrumbs-content":"","ast-featured-img":"","footer-sml-layout":"","theme-transparent-header-meta":"default","adv-header-id-meta":"","stick-header-meta":"default","header-above-stick-meta":"","header-main-stick-meta":"","header-below-stick-meta":"","_joinchat":[]},"product_brand":[],"product_cat":[600],"product_tag":[1980,1970,617,1962,1977,1974,1969,1961,1964,1972,1965,1963,1975,1982,1983,1981,1973,1978,1967,1979,1976,625,1968,1971,1966],"class_list":{"0":"post-4221","1":"product","2":"type-product","3":"status-publish","4":"has-post-thumbnail","6":"product_cat-research-chemicals-and-bath-salt","7":"product_tag-best-cheap-price-mdma-powder","8":"product_tag-best-place-to-buy-mdma-powder","9":"product_tag-bulk-online","10":"product_tag-buy-mdma-powder","11":"product_tag-cheap-mdma-powder","12":"product_tag-high-quality-mdma-powder","13":"product_tag-how-to-buy-mdma-powder","14":"product_tag-mdma-powder","15":"product_tag-mdma-powder-for-sale","16":"product_tag-mdma-powder-legally","17":"product_tag-mdma-powder-mdma-powder-supplier","18":"product_tag-mdma-powder-online","19":"product_tag-mdma-powder-store","20":"product_tag-mdma-powder-use","21":"product_tag-mdma-powder-wiki","22":"product_tag-mdma-powder-worldwide","23":"product_tag-mdma-powderprice","24":"product_tag-mdma-powders","25":"product_tag-order-mdma-powder","26":"product_tag-purcharse-mdma-powder","27":"product_tag-shop-mdma-powder","28":"product_tag-top-quality","29":"product_tag-where-to-buy-mdma-powder","30":"product_tag-where-to-order-mdma-powder","31":"product_tag-wholesale-mdma-powder","32":"desktop-align-left","33":"tablet-align-left","34":"mobile-align-left","35":"ast-product-gallery-layout-horizontal","36":"ast-product-gallery-with-no-image","37":"ast-product-single-variable","38":"ast-product-tabs-layout-horizontal","39":"ast-qv-on-image","41":"first","42":"instock","43":"shipping-taxable","44":"purchasable","45":"product-type-variable"},"yoast_head":"<!-- This site is optimized with the Yoast SEO plugin v25.9 - https:\/\/yoast.com\/wordpress\/plugins\/seo\/ -->\n<title>MDMA Powder for Sale - Buy MDMA Powder Online | LegitGrams<\/title>\n<meta name=\"description\" content=\"Looking to buy MDMA powder online at a reasonable price? Visit our reputable Legitgrams online store and get MDMA powder for sale today. Place an order now!\" \/>\n<meta name=\"robots\" content=\"index, follow, max-snippet:-1, max-image-preview:large, max-video-preview:-1\" \/>\n<link rel=\"canonical\" href=\"https:\/\/legitgrams.com\/es\/producto\/mdma-powder\/\" \/>\n<meta property=\"og:locale\" content=\"es_ES\" \/>\n<meta property=\"og:type\" content=\"article\" \/>\n<meta property=\"og:title\" content=\"MDMA Powder for Sale - Buy MDMA Powder Online | LegitGrams\" \/>\n<meta property=\"og:description\" content=\"Looking to buy MDMA powder online at a reasonable price? Visit our reputable Legitgrams online store and get MDMA powder for sale today. Place an order now!\" \/>\n<meta property=\"og:url\" content=\"https:\/\/legitgrams.com\/es\/producto\/mdma-powder\/\" \/>\n<meta property=\"og:site_name\" content=\"Legit Grams\" \/>\n<meta property=\"article:modified_time\" content=\"2025-04-03T10:22:11+00:00\" \/>\n<meta property=\"og:image\" content=\"https:\/\/legitgrams.com\/wp-content\/uploads\/2024\/09\/Buy-pure-MDMA-powder-online.jpg\" \/>\n\t<meta property=\"og:image:width\" content=\"600\" \/>\n\t<meta property=\"og:image:height\" content=\"600\" \/>\n\t<meta property=\"og:image:type\" content=\"image\/jpeg\" \/>\n<meta name=\"twitter:card\" content=\"summary_large_image\" \/>\n<meta name=\"twitter:label1\" content=\"Tiempo de lectura\" \/>\n\t<meta name=\"twitter:data1\" content=\"2 minutos\" \/>\n<script type=\"application\/ld+json\" class=\"yoast-schema-graph\">{\"@context\":\"https:\/\/schema.org\",\"@graph\":[{\"@type\":\"WebPage\",\"@id\":\"https:\/\/legitgrams.com\/product\/mdma-powder\/\",\"url\":\"https:\/\/legitgrams.com\/product\/mdma-powder\/\",\"name\":\"MDMA Powder for Sale - Buy MDMA Powder Online | LegitGrams\",\"isPartOf\":{\"@id\":\"https:\/\/legitgrams.com\/#website\"},\"primaryImageOfPage\":{\"@id\":\"https:\/\/legitgrams.com\/product\/mdma-powder\/#primaryimage\"},\"image\":{\"@id\":\"https:\/\/legitgrams.com\/product\/mdma-powder\/#primaryimage\"},\"thumbnailUrl\":\"https:\/\/legitgrams.com\/wp-content\/uploads\/2024\/09\/Buy-pure-MDMA-powder-online.jpg\",\"datePublished\":\"2024-09-22T06:14:11+00:00\",\"dateModified\":\"2025-04-03T10:22:11+00:00\",\"description\":\"Looking to buy MDMA powder online at a reasonable price? Visit our reputable Legitgrams online store and get MDMA powder for sale today. Place an order now!\",\"breadcrumb\":{\"@id\":\"https:\/\/legitgrams.com\/product\/mdma-powder\/#breadcrumb\"},\"inLanguage\":\"es\",\"potentialAction\":[{\"@type\":\"ReadAction\",\"target\":[\"https:\/\/legitgrams.com\/product\/mdma-powder\/\"]}]},{\"@type\":\"ImageObject\",\"inLanguage\":\"es\",\"@id\":\"https:\/\/legitgrams.com\/product\/mdma-powder\/#primaryimage\",\"url\":\"https:\/\/legitgrams.com\/wp-content\/uploads\/2024\/09\/Buy-pure-MDMA-powder-online.jpg\",\"contentUrl\":\"https:\/\/legitgrams.com\/wp-content\/uploads\/2024\/09\/Buy-pure-MDMA-powder-online.jpg\",\"width\":600,\"height\":600,\"caption\":\"MDMA Powder for Sale\"},{\"@type\":\"BreadcrumbList\",\"@id\":\"https:\/\/legitgrams.com\/product\/mdma-powder\/#breadcrumb\",\"itemListElement\":[{\"@type\":\"ListItem\",\"position\":1,\"name\":\"Home\",\"item\":\"https:\/\/legitgrams.com\/\"},{\"@type\":\"ListItem\",\"position\":2,\"name\":\"Shop\",\"item\":\"https:\/\/legitgrams.com\/shop\/\"},{\"@type\":\"ListItem\",\"position\":3,\"name\":\"Buy MDMA Powder Online\"}]},{\"@type\":\"WebSite\",\"@id\":\"https:\/\/legitgrams.com\/#website\",\"url\":\"https:\/\/legitgrams.com\/\",\"name\":\"Legit Grams\",\"description\":\"My WordPress Blog\",\"publisher\":{\"@id\":\"https:\/\/legitgrams.com\/#organization\"},\"potentialAction\":[{\"@type\":\"SearchAction\",\"target\":{\"@type\":\"EntryPoint\",\"urlTemplate\":\"https:\/\/legitgrams.com\/?s={search_term_string}\"},\"query-input\":{\"@type\":\"PropertyValueSpecification\",\"valueRequired\":true,\"valueName\":\"search_term_string\"}}],\"inLanguage\":\"es\"},{\"@type\":\"Organization\",\"@id\":\"https:\/\/legitgrams.com\/#organization\",\"name\":\"Legit Grams\",\"url\":\"https:\/\/legitgrams.com\/\",\"logo\":{\"@type\":\"ImageObject\",\"inLanguage\":\"es\",\"@id\":\"https:\/\/legitgrams.com\/#\/schema\/logo\/image\/\",\"url\":\"https:\/\/legitgrams.com\/wp-content\/uploads\/2024\/09\/main-logo.png\",\"contentUrl\":\"https:\/\/legitgrams.com\/wp-content\/uploads\/2024\/09\/main-logo.png\",\"width\":270,\"height\":75,\"caption\":\"Legit Grams\"},\"image\":{\"@id\":\"https:\/\/legitgrams.com\/#\/schema\/logo\/image\/\"}}]}<\/script>\n<!-- \/ Yoast SEO plugin. -->","yoast_head_json":{"title":"Venta de polvo de MDMA: compre polvo de MDMA en l\u00ednea | LegitGrams","description":"\u00bfBusca comprar MDMA en polvo en l\u00ednea a un precio razonable? Visite nuestra tienda en l\u00ednea Legitgrams de buena reputaci\u00f3n y obtener MDMA en polvo para la venta hoy. \u00a1Haga un pedido ahora!","robots":{"index":"index","follow":"follow","max-snippet":"max-snippet:-1","max-image-preview":"max-image-preview:large","max-video-preview":"max-video-preview:-1"},"canonical":"https:\/\/legitgrams.com\/es\/producto\/mdma-powder\/","og_locale":"es_ES","og_type":"article","og_title":"MDMA Powder for Sale - Buy MDMA Powder Online | LegitGrams","og_description":"Looking to buy MDMA powder online at a reasonable price? Visit our reputable Legitgrams online store and get MDMA powder for sale today. Place an order now!","og_url":"https:\/\/legitgrams.com\/es\/producto\/mdma-powder\/","og_site_name":"Legit Grams","article_modified_time":"2025-04-03T10:22:11+00:00","og_image":[{"width":600,"height":600,"url":"https:\/\/legitgrams.com\/wp-content\/uploads\/2024\/09\/Buy-pure-MDMA-powder-online.jpg","type":"image\/jpeg"}],"twitter_card":"summary_large_image","twitter_misc":{"Tiempo de lectura":"2 minutos"},"schema":{"@context":"https:\/\/schema.org","@graph":[{"@type":"WebPage","@id":"https:\/\/legitgrams.com\/product\/mdma-powder\/","url":"https:\/\/legitgrams.com\/product\/mdma-powder\/","name":"Venta de polvo de MDMA: compre polvo de MDMA en l\u00ednea | LegitGrams","isPartOf":{"@id":"https:\/\/legitgrams.com\/#website"},"primaryImageOfPage":{"@id":"https:\/\/legitgrams.com\/product\/mdma-powder\/#primaryimage"},"image":{"@id":"https:\/\/legitgrams.com\/product\/mdma-powder\/#primaryimage"},"thumbnailUrl":"https:\/\/legitgrams.com\/wp-content\/uploads\/2024\/09\/Buy-pure-MDMA-powder-online.jpg","datePublished":"2024-09-22T06:14:11+00:00","dateModified":"2025-04-03T10:22:11+00:00","description":"\u00bfBusca comprar MDMA en polvo en l\u00ednea a un precio razonable? Visite nuestra tienda en l\u00ednea Legitgrams de buena reputaci\u00f3n y obtener MDMA en polvo para la venta hoy. \u00a1Haga un pedido ahora!","breadcrumb":{"@id":"https:\/\/legitgrams.com\/product\/mdma-powder\/#breadcrumb"},"inLanguage":"es","potentialAction":[{"@type":"ReadAction","target":["https:\/\/legitgrams.com\/product\/mdma-powder\/"]}]},{"@type":"ImageObject","inLanguage":"es","@id":"https:\/\/legitgrams.com\/product\/mdma-powder\/#primaryimage","url":"https:\/\/legitgrams.com\/wp-content\/uploads\/2024\/09\/Buy-pure-MDMA-powder-online.jpg","contentUrl":"https:\/\/legitgrams.com\/wp-content\/uploads\/2024\/09\/Buy-pure-MDMA-powder-online.jpg","width":600,"height":600,"caption":"MDMA Powder for Sale"},{"@type":"BreadcrumbList","@id":"https:\/\/legitgrams.com\/product\/mdma-powder\/#breadcrumb","itemListElement":[{"@type":"ListItem","position":1,"name":"Home","item":"https:\/\/legitgrams.com\/"},{"@type":"ListItem","position":2,"name":"Shop","item":"https:\/\/legitgrams.com\/shop\/"},{"@type":"ListItem","position":3,"name":"Buy MDMA Powder Online"}]},{"@type":"WebSite","@id":"https:\/\/legitgrams.com\/#website","url":"https:\/\/legitgrams.com\/","name":"Gramos leg\u00edtimos","description":"Mi blog de WordPress","publisher":{"@id":"https:\/\/legitgrams.com\/#organization"},"potentialAction":[{"@type":"SearchAction","target":{"@type":"EntryPoint","urlTemplate":"https:\/\/legitgrams.com\/?s={search_term_string}"},"query-input":{"@type":"PropertyValueSpecification","valueRequired":true,"valueName":"search_term_string"}}],"inLanguage":"es"},{"@type":"Organization","@id":"https:\/\/legitgrams.com\/#organization","name":"Gramos leg\u00edtimos","url":"https:\/\/legitgrams.com\/","logo":{"@type":"ImageObject","inLanguage":"es","@id":"https:\/\/legitgrams.com\/#\/schema\/logo\/image\/","url":"https:\/\/legitgrams.com\/wp-content\/uploads\/2024\/09\/main-logo.png","contentUrl":"https:\/\/legitgrams.com\/wp-content\/uploads\/2024\/09\/main-logo.png","width":270,"height":75,"caption":"Legit Grams"},"image":{"@id":"https:\/\/legitgrams.com\/#\/schema\/logo\/image\/"}}]}},"uagb_featured_image_src":{"full":["https:\/\/legitgrams.com\/wp-content\/uploads\/2024\/09\/Buy-pure-MDMA-powder-online.jpg",600,600,false],"thumbnail":["https:\/\/legitgrams.com\/wp-content\/uploads\/2024\/09\/Buy-pure-MDMA-powder-online-150x150.jpg",150,150,true],"medium":["https:\/\/legitgrams.com\/wp-content\/uploads\/2024\/09\/Buy-pure-MDMA-powder-online-300x300.jpg",300,300,true],"medium_large":["https:\/\/legitgrams.com\/wp-content\/uploads\/2024\/09\/Buy-pure-MDMA-powder-online.jpg",600,600,false],"large":["https:\/\/legitgrams.com\/wp-content\/uploads\/2024\/09\/Buy-pure-MDMA-powder-online.jpg",600,600,false],"1536x1536":["https:\/\/legitgrams.com\/wp-content\/uploads\/2024\/09\/Buy-pure-MDMA-powder-online.jpg",600,600,false],"2048x2048":["https:\/\/legitgrams.com\/wp-content\/uploads\/2024\/09\/Buy-pure-MDMA-powder-online.jpg",600,600,false],"trp-custom-language-flag":["https:\/\/legitgrams.com\/wp-content\/uploads\/2024\/09\/Buy-pure-MDMA-powder-online-12x12.jpg",12,12,true],"woocommerce_thumbnail":["https:\/\/legitgrams.com\/wp-content\/uploads\/2024\/09\/Buy-pure-MDMA-powder-online-300x300.jpg",300,300,true],"woocommerce_single":["https:\/\/legitgrams.com\/wp-content\/uploads\/2024\/09\/Buy-pure-MDMA-powder-online.jpg",600,600,false],"woocommerce_gallery_thumbnail":["https:\/\/legitgrams.com\/wp-content\/uploads\/2024\/09\/Buy-pure-MDMA-powder-online-100x100.jpg",100,100,true]},"uagb_author_info":{"display_name":"cokeblog18","author_link":"https:\/\/legitgrams.com\/es\/author\/"},"uagb_comment_info":0,"uagb_excerpt":"Purchase genuine MDMA powder online. Buy genuine MDMA powder online. We have the highest grade MDMA (Ecstasy\/Molly) Powder available for purchase here. Pure MDMA powder can be purchased online. It is possible to buy Ecstasy\/Molly Powder online. A psychoactive drug categorized as an amphetamine and methylenedioxyphenethylamine substitute is MDMA (negotiated 3,4-methylenedioxy-methamphetamine), which may be purchased&hellip;","_links":{"self":[{"href":"https:\/\/legitgrams.com\/es\/wp-json\/wp\/v2\/product\/4221","targetHints":{"allow":["GET"]}}],"collection":[{"href":"https:\/\/legitgrams.com\/es\/wp-json\/wp\/v2\/product"}],"about":[{"href":"https:\/\/legitgrams.com\/es\/wp-json\/wp\/v2\/types\/product"}],"replies":[{"embeddable":true,"href":"https:\/\/legitgrams.com\/es\/wp-json\/wp\/v2\/comments?post=4221"}],"wp:featuredmedia":[{"embeddable":true,"href":"https:\/\/legitgrams.com\/es\/wp-json\/wp\/v2\/media\/5301"}],"wp:attachment":[{"href":"https:\/\/legitgrams.com\/es\/wp-json\/wp\/v2\/media?parent=4221"}],"wp:term":[{"taxonomy":"product_brand","embeddable":true,"href":"https:\/\/legitgrams.com\/es\/wp-json\/wp\/v2\/product_brand?post=4221"},{"taxonomy":"product_cat","embeddable":true,"href":"https:\/\/legitgrams.com\/es\/wp-json\/wp\/v2\/product_cat?post=4221"},{"taxonomy":"product_tag","embeddable":true,"href":"https:\/\/legitgrams.com\/es\/wp-json\/wp\/v2\/product_tag?post=4221"}],"curies":[{"name":"wp","href":"https:\/\/api.w.org\/{rel}","templated":true}]}}