{"id":4232,"date":"2024-09-22T06:37:50","date_gmt":"2024-09-22T06:37:50","guid":{"rendered":"https:\/\/legitgrams.com\/?post_type=product&#038;p=4232"},"modified":"2025-01-14T10:54:04","modified_gmt":"2025-01-14T10:54:04","slug":"pirazolam-0-5-mg-granulos","status":"publish","type":"product","link":"https:\/\/legitgrams.com\/es\/producto\/pirazolam-0-5-mg-granulos\/","title":{"rendered":"Pirazolam 0,5 mg gr\u00e1nulos"},"content":{"rendered":"<h2>Compre pellets de 0,5 mg de pirazolam en l\u00ednea.<br \/>\n\u00bfPor qu\u00e9 se utiliza pirazolam?<\/h2>\n<p>El alprazolam, un miembro b\u00e1sico de la clase de sustancias qu\u00edmicas de las benzodiazepinas, es otro compuesto sint\u00e9tico que se est\u00e1 estudiando. Se cree que, debido a su estructura, se unir\u00eda alost\u00e9ricamente al receptor GABA de una manera comparable a la del flubromazepam y el etizolam, pero con una mayor afinidad y una vida media de medio d\u00eda. Es razonable suponer, bas\u00e1ndose en la estructura, que el pirazolam causa menos ataxia y act\u00faa m\u00e1s como un ansiol\u00edtico que como un narc\u00f3tico. Sin embargo, esto es solo informaci\u00f3n hipot\u00e9tica, en el caso de que el pirazolam se autorice para la investigaci\u00f3n in vivo (en un organismo vivo). Muchos investigadores que utilizan etizolam pueden descubrir pirazolam, un ligando incre\u00edblemente cercano, tanto en sus pruebas de acoplamiento como en el examen de referencia general.<\/p>\n<h3>\u00bfPara qu\u00e9 fines se utiliza el pirazolam?<\/h3>\n<p><a href=\"https:\/\/en.wikipedia.org\/wiki\/Pyrazolam\">Pirazolam<\/a> puede ser un buen ligando para iniciar estudios autorizados y serios de restricci\u00f3n con el receptor GABA porque es un compuesto exploratorio cuyo uso s\u00f3lo est\u00e1 permitido in vitro (un organismo vivo externo). Los cient\u00edficos podr\u00edan perfilar completamente la proclividad al acoplamiento y la capacidad de supervivencia del pirazolam utilizando una pel\u00edcula sint\u00e9tica infundida con receptores GABA. Dado que el pirazolam se disuelve en agua, tambi\u00e9n puede utilizarse, diluido, en una soluci\u00f3n acuosa para la mayor parte de la superficie extrema. El pirazolam es un sorprendente f\u00e1rmaco exploratorio que puede combinarse con otros medicamentos sint\u00e9ticos a base de benzodiacepinas, como el flubromazepam.<br \/>\nLas bibliotecas sint\u00e9ticas de referencia que recopilan datos sobre investigaciones de sustancias para cada nuevo compuesto pueden emplear pirazolam. El pirazolam puede utilizarse como fuente de puntos de vista para an\u00e1lisis FTIR, RMN, HPLC y GC\/MS. El pirazolam tambi\u00e9n es aplicable para pruebas de reactivos b\u00e1sicos necesarios. <a href=\"https:\/\/legitgrams.com\/es\/\">LegitGrams<\/a><\/p>\n<p>Estearato de magnesio y celulosa microcristalina, que se utilizan en el ciclo de peletizaci\u00f3n, est\u00e1n presentes en nuestros pellets de pirazolam. Debido a que la baja cantidad de este sint\u00e9tico es tan din\u00e1mica, hemos decidido granular nuestro pirazolam para permitir a los cient\u00edficos tener una medida exacta simplemente para utilizar un tipo de la sustancia. Tambi\u00e9n es menos arriesgado incluir el compuesto dentro de un pellet protegido para evitar derrames accidentales o una posible inhalaci\u00f3n hacia el interior.<\/p>\n<p>\u00bfD\u00f3nde comprar pirazolam? Comprar pirazolam 0,5 mg pellets en l\u00ednea - comprar <a href=\"https:\/\/legitgrams.com\/es\/producto\/pirazolam-0-5-mg-granulos\/\">Pirazolam<\/a> 0,5 mg pellets, comprar Pyrazolam 0,5 mg pellets usa, comprar Pyrazolam 0,5 mg pellets online USA conseguir Pyrazolam 0,5 mg pellets online cerca de mi, donde conseguir Pyrazolam 0,5 mg pellets online, Pyrazolam 0.5 mg pellets a la venta en EE.UU., Canad\u00e1 y el Reino Unido, comprar, en l\u00ednea, proveedores, entrega segura, 0,5 mg pellets, Pyrazolam 0,5 mg pellets a la venta, Pyrazolam 0,5 mg pellets a la venta cerca de m\u00ed, A\u00fan puede obtener Pyrazolam 0,5 mg pellets. Tambi\u00e9n puede averiguar si los gr\u00e1nulos de pirazolam 0,5 mg son legales en Estados Unidos, c\u00f3mo encargar gr\u00e1nulos de pirazolam 0,5 mg y si son legales en Canad\u00e1.<\/p>","protected":false},"excerpt":{"rendered":"<p>Purchase 0.5 mg pellets of Pyrazolam online. Why is pyrazolam used? Alprazolam, a basic member of the benzodiazepine class of chemicals, is another synthetic that is being studied. It is thought that because of its structure, it would allosterically bind to the GABA receptor in a way that is comparable to that of flubromazepam and &hellip;<\/p>\n<p class=\"read-more\"> <a class=\"\" href=\"https:\/\/legitgrams.com\/es\/producto\/pirazolam-0-5-mg-granulos\/\"> <span class=\"screen-reader-text\">Pirazolam 0,5 mg gr\u00e1nulos<\/span> Leer m\u00e1s \"<\/a><\/p>","protected":false},"featured_media":5309,"comment_status":"open","ping_status":"closed","template":"","meta":{"_uag_custom_page_level_css":"","site-sidebar-layout":"default","site-content-layout":"default","ast-global-header-display":"","ast-main-header-display":"","ast-hfb-above-header-display":"","ast-hfb-below-header-display":"","ast-hfb-mobile-header-display":"","site-post-title":"","ast-breadcrumbs-content":"","ast-featured-img":"","footer-sml-layout":"","theme-transparent-header-meta":"default","adv-header-id-meta":"","stick-header-meta":"default","header-above-stick-meta":"","header-main-stick-meta":"","header-below-stick-meta":"","_joinchat":[]},"product_brand":[],"product_cat":[600],"product_tag":[1957,1947,617,1939,1954,1951,1946,1944,1956,1938,1941,1949,1940,1942,1952,1959,1960,1958,1950,1955,1953,625,1945,1948,1943],"class_list":{"0":"post-4232","1":"product","2":"type-product","3":"status-publish","4":"has-post-thumbnail","6":"product_cat-research-chemicals-and-bath-salt","7":"product_tag-best-cheap-price-pyrazolam-0-5-mg-pellets","8":"product_tag-best-place-to-buy-pyrazolam-0-5-mg-pellets","9":"product_tag-bulk-online","10":"product_tag-buy-pyrazolam-0-5-mg-pellets","11":"product_tag-cheap-pyrazolam-0-5-mg-pellets","12":"product_tag-high-quality-pyrazolam-0-5-mg-pellets","13":"product_tag-how-to-buy-pyrazolam-0-5-mg-pellets","14":"product_tag-order-pyrazolam-0-5-mg-pellets","15":"product_tag-purcharse-pyrazolam-0-5-mg-pellets","16":"product_tag-pyrazolam-0-5-mg-pellets","17":"product_tag-pyrazolam-0-5-mg-pellets-for-sale","18":"product_tag-pyrazolam-0-5-mg-pellets-legally","19":"product_tag-pyrazolam-0-5-mg-pellets-online","20":"product_tag-pyrazolam-0-5-mg-pellets-pyrazolam-0-5-mg-pellets-supplier","21":"product_tag-pyrazolam-0-5-mg-pellets-store","22":"product_tag-pyrazolam-0-5-mg-pellets-use","23":"product_tag-pyrazolam-0-5-mg-pellets-wiki","24":"product_tag-pyrazolam-0-5-mg-pellets-worldwide","25":"product_tag-pyrazolam-0-5-mg-pelletsprice","26":"product_tag-pyrazolam-0-5-mg-pelletss","27":"product_tag-shop-pyrazolam-0-5-mg-pellets","28":"product_tag-top-quality","29":"product_tag-where-to-buy-pyrazolam-0-5-mg-pellets","30":"product_tag-where-to-order-pyrazolam-0-5-mg-pellets","31":"product_tag-wholesale-pyrazolam-0-5-mg-pellets","32":"desktop-align-left","33":"tablet-align-left","34":"mobile-align-left","35":"ast-product-gallery-layout-horizontal","36":"ast-product-gallery-with-no-image","37":"ast-product-single-variable","38":"ast-product-tabs-layout-horizontal","39":"ast-qv-on-image","41":"first","42":"instock","43":"shipping-taxable","44":"purchasable","45":"product-type-variable"},"yoast_head":"<!-- This site is optimized with the Yoast SEO plugin v25.9 - https:\/\/yoast.com\/wordpress\/plugins\/seo\/ -->\n<title>Order Pyrazolam 0.5mg Pellets Online @ Best Price | LegitGrams<\/title>\n<meta name=\"description\" content=\"Looking to further your research? Buy pyrazolam 0.5mg pellets conveniently and securely online, with a straightforward ordering process for pyrazolam 0.5mg pellets for sale. Order Now with Fast and Discreet Shipping!\" \/>\n<meta name=\"robots\" content=\"index, follow, max-snippet:-1, max-image-preview:large, max-video-preview:-1\" \/>\n<link rel=\"canonical\" href=\"https:\/\/legitgrams.com\/es\/producto\/pirazolam-0-5-mg-granulos\/\" \/>\n<meta property=\"og:locale\" content=\"es_ES\" \/>\n<meta property=\"og:type\" content=\"article\" \/>\n<meta property=\"og:title\" content=\"Order Pyrazolam 0.5mg Pellets Online @ Best Price | LegitGrams\" \/>\n<meta property=\"og:description\" content=\"Looking to further your research? Buy pyrazolam 0.5mg pellets conveniently and securely online, with a straightforward ordering process for pyrazolam 0.5mg pellets for sale. Order Now with Fast and Discreet Shipping!\" \/>\n<meta property=\"og:url\" content=\"https:\/\/legitgrams.com\/es\/producto\/pirazolam-0-5-mg-granulos\/\" \/>\n<meta property=\"og:site_name\" content=\"Legit Grams\" \/>\n<meta property=\"article:modified_time\" content=\"2025-01-14T10:54:04+00:00\" \/>\n<meta property=\"og:image\" content=\"https:\/\/legitgrams.com\/wp-content\/uploads\/2024\/09\/buy-pyrazolam-0-5-mg-pellets-online.jpg\" \/>\n\t<meta property=\"og:image:width\" content=\"600\" \/>\n\t<meta property=\"og:image:height\" content=\"600\" \/>\n\t<meta property=\"og:image:type\" content=\"image\/jpeg\" \/>\n<meta name=\"twitter:card\" content=\"summary_large_image\" \/>\n<meta name=\"twitter:label1\" content=\"Tiempo de lectura\" \/>\n\t<meta name=\"twitter:data1\" content=\"3 minutos\" \/>\n<script type=\"application\/ld+json\" class=\"yoast-schema-graph\">{\"@context\":\"https:\/\/schema.org\",\"@graph\":[{\"@type\":\"WebPage\",\"@id\":\"https:\/\/legitgrams.com\/product\/pyrazolam-0-5-mg-pellets\/\",\"url\":\"https:\/\/legitgrams.com\/product\/pyrazolam-0-5-mg-pellets\/\",\"name\":\"Order Pyrazolam 0.5mg Pellets Online @ Best Price | LegitGrams\",\"isPartOf\":{\"@id\":\"https:\/\/legitgrams.com\/#website\"},\"primaryImageOfPage\":{\"@id\":\"https:\/\/legitgrams.com\/product\/pyrazolam-0-5-mg-pellets\/#primaryimage\"},\"image\":{\"@id\":\"https:\/\/legitgrams.com\/product\/pyrazolam-0-5-mg-pellets\/#primaryimage\"},\"thumbnailUrl\":\"https:\/\/legitgrams.com\/wp-content\/uploads\/2024\/09\/buy-pyrazolam-0-5-mg-pellets-online.jpg\",\"datePublished\":\"2024-09-22T06:37:50+00:00\",\"dateModified\":\"2025-01-14T10:54:04+00:00\",\"description\":\"Looking to further your research? Buy pyrazolam 0.5mg pellets conveniently and securely online, with a straightforward ordering process for pyrazolam 0.5mg pellets for sale. Order Now with Fast and Discreet Shipping!\",\"breadcrumb\":{\"@id\":\"https:\/\/legitgrams.com\/product\/pyrazolam-0-5-mg-pellets\/#breadcrumb\"},\"inLanguage\":\"es\",\"potentialAction\":[{\"@type\":\"ReadAction\",\"target\":[\"https:\/\/legitgrams.com\/product\/pyrazolam-0-5-mg-pellets\/\"]}]},{\"@type\":\"ImageObject\",\"inLanguage\":\"es\",\"@id\":\"https:\/\/legitgrams.com\/product\/pyrazolam-0-5-mg-pellets\/#primaryimage\",\"url\":\"https:\/\/legitgrams.com\/wp-content\/uploads\/2024\/09\/buy-pyrazolam-0-5-mg-pellets-online.jpg\",\"contentUrl\":\"https:\/\/legitgrams.com\/wp-content\/uploads\/2024\/09\/buy-pyrazolam-0-5-mg-pellets-online.jpg\",\"width\":600,\"height\":600,\"caption\":\"Pyrazolam 0.5mg Pellets for Sale\"},{\"@type\":\"BreadcrumbList\",\"@id\":\"https:\/\/legitgrams.com\/product\/pyrazolam-0-5-mg-pellets\/#breadcrumb\",\"itemListElement\":[{\"@type\":\"ListItem\",\"position\":1,\"name\":\"Home\",\"item\":\"https:\/\/legitgrams.com\/\"},{\"@type\":\"ListItem\",\"position\":2,\"name\":\"Shop\",\"item\":\"https:\/\/legitgrams.com\/shop\/\"},{\"@type\":\"ListItem\",\"position\":3,\"name\":\"Pyrazolam 0.5 mg pellets\"}]},{\"@type\":\"WebSite\",\"@id\":\"https:\/\/legitgrams.com\/#website\",\"url\":\"https:\/\/legitgrams.com\/\",\"name\":\"Legit Grams\",\"description\":\"My WordPress Blog\",\"publisher\":{\"@id\":\"https:\/\/legitgrams.com\/#organization\"},\"potentialAction\":[{\"@type\":\"SearchAction\",\"target\":{\"@type\":\"EntryPoint\",\"urlTemplate\":\"https:\/\/legitgrams.com\/?s={search_term_string}\"},\"query-input\":{\"@type\":\"PropertyValueSpecification\",\"valueRequired\":true,\"valueName\":\"search_term_string\"}}],\"inLanguage\":\"es\"},{\"@type\":\"Organization\",\"@id\":\"https:\/\/legitgrams.com\/#organization\",\"name\":\"Legit Grams\",\"url\":\"https:\/\/legitgrams.com\/\",\"logo\":{\"@type\":\"ImageObject\",\"inLanguage\":\"es\",\"@id\":\"https:\/\/legitgrams.com\/#\/schema\/logo\/image\/\",\"url\":\"https:\/\/legitgrams.com\/wp-content\/uploads\/2024\/09\/main-logo.png\",\"contentUrl\":\"https:\/\/legitgrams.com\/wp-content\/uploads\/2024\/09\/main-logo.png\",\"width\":270,\"height\":75,\"caption\":\"Legit Grams\"},\"image\":{\"@id\":\"https:\/\/legitgrams.com\/#\/schema\/logo\/image\/\"}}]}<\/script>\n<!-- \/ Yoast SEO plugin. -->","yoast_head_json":{"title":"Comprar P\u00edldoras de Pirazolam 0.5mg en l\u00ednea al mejor precio | LegitGrams","description":"\u00bfQuiere seguir investigando? Compre los gr\u00e1nulos de pirazolam 0,5 mg en l\u00ednea de forma c\u00f3moda y segura, con un sencillo proceso de pedido de gr\u00e1nulos de pirazolam 0,5 mg en venta. \u00a1Haga su pedido ahora con env\u00edo r\u00e1pido y discreto!","robots":{"index":"index","follow":"follow","max-snippet":"max-snippet:-1","max-image-preview":"max-image-preview:large","max-video-preview":"max-video-preview:-1"},"canonical":"https:\/\/legitgrams.com\/es\/producto\/pirazolam-0-5-mg-granulos\/","og_locale":"es_ES","og_type":"article","og_title":"Order Pyrazolam 0.5mg Pellets Online @ Best Price | LegitGrams","og_description":"Looking to further your research? Buy pyrazolam 0.5mg pellets conveniently and securely online, with a straightforward ordering process for pyrazolam 0.5mg pellets for sale. Order Now with Fast and Discreet Shipping!","og_url":"https:\/\/legitgrams.com\/es\/producto\/pirazolam-0-5-mg-granulos\/","og_site_name":"Legit Grams","article_modified_time":"2025-01-14T10:54:04+00:00","og_image":[{"width":600,"height":600,"url":"https:\/\/legitgrams.com\/wp-content\/uploads\/2024\/09\/buy-pyrazolam-0-5-mg-pellets-online.jpg","type":"image\/jpeg"}],"twitter_card":"summary_large_image","twitter_misc":{"Tiempo de lectura":"3 minutos"},"schema":{"@context":"https:\/\/schema.org","@graph":[{"@type":"WebPage","@id":"https:\/\/legitgrams.com\/product\/pyrazolam-0-5-mg-pellets\/","url":"https:\/\/legitgrams.com\/product\/pyrazolam-0-5-mg-pellets\/","name":"Comprar P\u00edldoras de Pirazolam 0.5mg en l\u00ednea al mejor precio | LegitGrams","isPartOf":{"@id":"https:\/\/legitgrams.com\/#website"},"primaryImageOfPage":{"@id":"https:\/\/legitgrams.com\/product\/pyrazolam-0-5-mg-pellets\/#primaryimage"},"image":{"@id":"https:\/\/legitgrams.com\/product\/pyrazolam-0-5-mg-pellets\/#primaryimage"},"thumbnailUrl":"https:\/\/legitgrams.com\/wp-content\/uploads\/2024\/09\/buy-pyrazolam-0-5-mg-pellets-online.jpg","datePublished":"2024-09-22T06:37:50+00:00","dateModified":"2025-01-14T10:54:04+00:00","description":"\u00bfQuiere seguir investigando? Compre los gr\u00e1nulos de pirazolam 0,5 mg en l\u00ednea de forma c\u00f3moda y segura, con un sencillo proceso de pedido de gr\u00e1nulos de pirazolam 0,5 mg en venta. \u00a1Haga su pedido ahora con env\u00edo r\u00e1pido y discreto!","breadcrumb":{"@id":"https:\/\/legitgrams.com\/product\/pyrazolam-0-5-mg-pellets\/#breadcrumb"},"inLanguage":"es","potentialAction":[{"@type":"ReadAction","target":["https:\/\/legitgrams.com\/product\/pyrazolam-0-5-mg-pellets\/"]}]},{"@type":"ImageObject","inLanguage":"es","@id":"https:\/\/legitgrams.com\/product\/pyrazolam-0-5-mg-pellets\/#primaryimage","url":"https:\/\/legitgrams.com\/wp-content\/uploads\/2024\/09\/buy-pyrazolam-0-5-mg-pellets-online.jpg","contentUrl":"https:\/\/legitgrams.com\/wp-content\/uploads\/2024\/09\/buy-pyrazolam-0-5-mg-pellets-online.jpg","width":600,"height":600,"caption":"Pyrazolam 0.5mg Pellets for Sale"},{"@type":"BreadcrumbList","@id":"https:\/\/legitgrams.com\/product\/pyrazolam-0-5-mg-pellets\/#breadcrumb","itemListElement":[{"@type":"ListItem","position":1,"name":"Home","item":"https:\/\/legitgrams.com\/"},{"@type":"ListItem","position":2,"name":"Shop","item":"https:\/\/legitgrams.com\/shop\/"},{"@type":"ListItem","position":3,"name":"Pyrazolam 0.5 mg pellets"}]},{"@type":"WebSite","@id":"https:\/\/legitgrams.com\/#website","url":"https:\/\/legitgrams.com\/","name":"Gramos leg\u00edtimos","description":"Mi blog de WordPress","publisher":{"@id":"https:\/\/legitgrams.com\/#organization"},"potentialAction":[{"@type":"SearchAction","target":{"@type":"EntryPoint","urlTemplate":"https:\/\/legitgrams.com\/?s={search_term_string}"},"query-input":{"@type":"PropertyValueSpecification","valueRequired":true,"valueName":"search_term_string"}}],"inLanguage":"es"},{"@type":"Organization","@id":"https:\/\/legitgrams.com\/#organization","name":"Gramos leg\u00edtimos","url":"https:\/\/legitgrams.com\/","logo":{"@type":"ImageObject","inLanguage":"es","@id":"https:\/\/legitgrams.com\/#\/schema\/logo\/image\/","url":"https:\/\/legitgrams.com\/wp-content\/uploads\/2024\/09\/main-logo.png","contentUrl":"https:\/\/legitgrams.com\/wp-content\/uploads\/2024\/09\/main-logo.png","width":270,"height":75,"caption":"Legit Grams"},"image":{"@id":"https:\/\/legitgrams.com\/#\/schema\/logo\/image\/"}}]}},"uagb_featured_image_src":{"full":["https:\/\/legitgrams.com\/wp-content\/uploads\/2024\/09\/buy-pyrazolam-0-5-mg-pellets-online.jpg",600,600,false],"thumbnail":["https:\/\/legitgrams.com\/wp-content\/uploads\/2024\/09\/buy-pyrazolam-0-5-mg-pellets-online-150x150.jpg",150,150,true],"medium":["https:\/\/legitgrams.com\/wp-content\/uploads\/2024\/09\/buy-pyrazolam-0-5-mg-pellets-online-300x300.jpg",300,300,true],"medium_large":["https:\/\/legitgrams.com\/wp-content\/uploads\/2024\/09\/buy-pyrazolam-0-5-mg-pellets-online.jpg",600,600,false],"large":["https:\/\/legitgrams.com\/wp-content\/uploads\/2024\/09\/buy-pyrazolam-0-5-mg-pellets-online.jpg",600,600,false],"1536x1536":["https:\/\/legitgrams.com\/wp-content\/uploads\/2024\/09\/buy-pyrazolam-0-5-mg-pellets-online.jpg",600,600,false],"2048x2048":["https:\/\/legitgrams.com\/wp-content\/uploads\/2024\/09\/buy-pyrazolam-0-5-mg-pellets-online.jpg",600,600,false],"trp-custom-language-flag":["https:\/\/legitgrams.com\/wp-content\/uploads\/2024\/09\/buy-pyrazolam-0-5-mg-pellets-online-12x12.jpg",12,12,true],"woocommerce_thumbnail":["https:\/\/legitgrams.com\/wp-content\/uploads\/2024\/09\/buy-pyrazolam-0-5-mg-pellets-online-300x300.jpg",300,300,true],"woocommerce_single":["https:\/\/legitgrams.com\/wp-content\/uploads\/2024\/09\/buy-pyrazolam-0-5-mg-pellets-online.jpg",600,600,false],"woocommerce_gallery_thumbnail":["https:\/\/legitgrams.com\/wp-content\/uploads\/2024\/09\/buy-pyrazolam-0-5-mg-pellets-online-100x100.jpg",100,100,true]},"uagb_author_info":{"display_name":"cokeblog18","author_link":"https:\/\/legitgrams.com\/es\/author\/"},"uagb_comment_info":0,"uagb_excerpt":"Purchase 0.5 mg pellets of Pyrazolam online. Why is pyrazolam used? Alprazolam, a basic member of the benzodiazepine class of chemicals, is another synthetic that is being studied. It is thought that because of its structure, it would allosterically bind to the GABA receptor in a way that is comparable to that of flubromazepam and&hellip;","_links":{"self":[{"href":"https:\/\/legitgrams.com\/es\/wp-json\/wp\/v2\/product\/4232","targetHints":{"allow":["GET"]}}],"collection":[{"href":"https:\/\/legitgrams.com\/es\/wp-json\/wp\/v2\/product"}],"about":[{"href":"https:\/\/legitgrams.com\/es\/wp-json\/wp\/v2\/types\/product"}],"replies":[{"embeddable":true,"href":"https:\/\/legitgrams.com\/es\/wp-json\/wp\/v2\/comments?post=4232"}],"wp:featuredmedia":[{"embeddable":true,"href":"https:\/\/legitgrams.com\/es\/wp-json\/wp\/v2\/media\/5309"}],"wp:attachment":[{"href":"https:\/\/legitgrams.com\/es\/wp-json\/wp\/v2\/media?parent=4232"}],"wp:term":[{"taxonomy":"product_brand","embeddable":true,"href":"https:\/\/legitgrams.com\/es\/wp-json\/wp\/v2\/product_brand?post=4232"},{"taxonomy":"product_cat","embeddable":true,"href":"https:\/\/legitgrams.com\/es\/wp-json\/wp\/v2\/product_cat?post=4232"},{"taxonomy":"product_tag","embeddable":true,"href":"https:\/\/legitgrams.com\/es\/wp-json\/wp\/v2\/product_tag?post=4232"}],"curies":[{"name":"wp","href":"https:\/\/api.w.org\/{rel}","templated":true}]}}