{"id":4233,"date":"2024-09-22T06:43:20","date_gmt":"2024-09-22T06:43:20","guid":{"rendered":"https:\/\/legitgrams.com\/?post_type=product&#038;p=4233"},"modified":"2025-04-03T08:12:13","modified_gmt":"2025-04-03T08:12:13","slug":"metadona-hcl-polvo","status":"publish","type":"product","link":"https:\/\/legitgrams.com\/es\/producto\/metadona-hcl-polvo\/","title":{"rendered":"Comprar metadona HCL en polvo en l\u00ednea"},"content":{"rendered":"<h2>Compre polvo de metadona HCL 99,8% puro en l\u00ednea a precios de mayorista.<\/h2>\n<p>El dolor moderado a intenso se trata con <a href=\"https:\/\/legitgrams.com\/es\/producto\/metadona-hcl-polvo\/\">metho (metadona HCL<\/a>).<\/p>\n<p>Adem\u00e1s de la supervisi\u00f3n y asistencia m\u00e9dica, tambi\u00e9n se utiliza para tratar la adicci\u00f3n a las drogas o controlar los s\u00edntomas de abstinencia en personas que est\u00e1n en terapia. Este f\u00e1rmaco act\u00faa como narc\u00f3tico para reducir el dolor.<\/p>\n<h3>\u00bfC\u00f3mo se env\u00edan los paquetes?<\/h3>\n<p>Cargamos meticulosamente el objeto con papel carb\u00f3n y tungsteno para que pase por el equipo de rayos X de la aduana del aeropuerto. Los paquetes se envuelven meticulosamente en papel de regalo por fuera.<\/p>\n<p><a href=\"https:\/\/www.bing.com\/search?q=PolvodeclorhidratodemetadonaBMethoenlnea&amp;qs=n&amp;form=QBRE&amp;sp=-1&amp;lq=0&amp;pq=polvodeclorhidratodemetadonabmethoenlnea&amp;sc=0-48&amp;sk=&amp;cvid=EEA7F8D19DE24A8CBEA2A40F4E11C12E&amp;ghsh=0&amp;ghacc=0&amp;ghpl=\">Polvo de meto (clorhidrato de metadona)<\/a> Sal: El clorhidrato de metadona se utiliza para aliviar el dolor moderado a intenso. Este medicamento es ideal para el tratamiento de la adicci\u00f3n a las drogas y el seguimiento m\u00e9dico. Ayuda a controlar los s\u00edntomas de abstinencia.<\/p>\n<p><a href=\"https:\/\/www.google.com\/search?q=Compre+clorhidrato+de+metadona+en+polvo+en+lnea&amp;sca_esv=eddefdb7b92e7545&amp;sxsrf=AHTn8zq5JKDM_r0rMOFHSMDsv-1pC1xZHQ1743666099517&amp;ei=szvuZ96qH8bw0PEPy4iR6QQ&amp;ved=0ahUKEwie0N-zrruMAxVGODQIHUtEJE0Q4dUDCBA&amp;uact=5&amp;oq=Compre+clorhidrato+de+metadona+en+polvo+en+lnea&amp;gs_lp=Egxnd3Mtd2l6LXNlcnAiMUNvbXByZSBjbG9yaGlkcmF0byBkZSBtZXRhZG9uYSBlbiBwb2x2byBlbiBsw61uZWEyBxAhGKABGAoyBxAhGKABGAoyBxAhGKABGApIvwVQAFgAcAB4AJABAJgBigOgAYoDqgEDMy0xuAEDyAEA-AEC-AEBmAIBoAKQA5gDAJIHAzQtMaAHtAWyBwM0LTG4B5AD&amp;sclient=gws-wiz-serp\">Comprar metadona HCL en polvo en l\u00ednea<\/a>Compre metadona en l\u00ednea en EE. UU. y tambi\u00e9n metadona clorhidrato en polvo. \u00bfD\u00f3nde puedo comprar metadona clorhidrato en polvo? \u00bfD\u00f3nde puedo comprarla? <a href=\"https:\/\/en.wikipedia.org\/wiki\/Methadone\">metadona HCL<\/a> \u00bfD\u00f3nde puedo comprar metadona HCL en polvo en l\u00ednea? \u00bfD\u00f3nde puedo comprar metadona HCL en polvo en l\u00ednea? \u00bfD\u00f3nde puedo comprar metadona HCL en polvo en l\u00ednea? \u00bfD\u00f3nde puedo comprar metadona HCL en polvo en l\u00ednea? EE. UU., Canad\u00e1, Reino Unido, comprar, en l\u00ednea, proveedores, entrega segura. La metadona HCL en polvo todav\u00eda est\u00e1 disponible. \u00bfEs legal comprar metadona HCL en polvo en Estados Unidos? \u00bfC\u00f3mo puedo hacer un pedido en l\u00ednea? <a href=\"https:\/\/duckduckgo.com\/?q=Compre+clorhidrato+de+metadona+en+polvo+en+lnea&amp;t=h_\">polvo de clorhidrato de metadona<\/a>? Is it legal to use metho methadone HCL powder in Canada? <a href=\"https:\/\/legitgrams.com\/es\/\">LegitGrams<\/a><\/p>","protected":false},"excerpt":{"rendered":"<p>Purchase 99.8% Pure Metho Methadone HCL Powder Online at Wholesale Prices. Moderate to severe pain is treated with metho (methadone HCL). Along with medical supervision and assistance, it is also used to treat drug addiction or control withdrawal symptoms in individuals undergoing therapy. This drug acts as a narcotic to reduce pain. How do packages &hellip;<\/p>\n<p class=\"read-more\"> <a class=\"\" href=\"https:\/\/legitgrams.com\/es\/producto\/metadona-hcl-polvo\/\"> <span class=\"screen-reader-text\">Comprar metadona HCL en polvo en l\u00ednea<\/span> Leer m\u00e1s \"<\/a><\/p>","protected":false},"featured_media":5288,"comment_status":"open","ping_status":"closed","template":"","meta":{"_uag_custom_page_level_css":"","site-sidebar-layout":"default","site-content-layout":"default","ast-global-header-display":"","ast-main-header-display":"","ast-hfb-above-header-display":"","ast-hfb-below-header-display":"","ast-hfb-mobile-header-display":"","site-post-title":"","ast-breadcrumbs-content":"","ast-featured-img":"","footer-sml-layout":"","theme-transparent-header-meta":"default","adv-header-id-meta":"","stick-header-meta":"default","header-above-stick-meta":"","header-main-stick-meta":"","header-below-stick-meta":"","_joinchat":[]},"product_brand":[],"product_cat":[600],"product_tag":[1750,1740,617,1732,1747,1744,1739,1731,1734,1742,1735,1733,1745,1752,1753,1751,1743,1748,1737,1749,1746,625,1738,1741,1736],"class_list":{"0":"post-4233","1":"product","2":"type-product","3":"status-publish","4":"has-post-thumbnail","6":"product_cat-research-chemicals-and-bath-salt","7":"product_tag-best-cheap-price-metho-methadone-hcl-powder","8":"product_tag-best-place-to-buy-metho-methadone-hcl-powder","9":"product_tag-bulk-online","10":"product_tag-buy-metho-methadone-hcl-powder","11":"product_tag-cheap-metho-methadone-hcl-powder","12":"product_tag-high-quality-metho-methadone-hcl-powder","13":"product_tag-how-to-buy-metho-methadone-hcl-powder","14":"product_tag-metho-methadone-hcl-powder","15":"product_tag-metho-methadone-hcl-powder-for-sale","16":"product_tag-metho-methadone-hcl-powder-legally","17":"product_tag-metho-methadone-hcl-powder-metho-methadone-hcl-powder-supplier","18":"product_tag-metho-methadone-hcl-powder-online","19":"product_tag-metho-methadone-hcl-powder-store","20":"product_tag-metho-methadone-hcl-powder-use","21":"product_tag-metho-methadone-hcl-powder-wiki","22":"product_tag-metho-methadone-hcl-powder-worldwide","23":"product_tag-metho-methadone-hcl-powderprice","24":"product_tag-metho-methadone-hcl-powders","25":"product_tag-order-metho-methadone-hcl-powder","26":"product_tag-purcharse-metho-methadone-hcl-powder","27":"product_tag-shop-metho-methadone-hcl-powder","28":"product_tag-top-quality","29":"product_tag-where-to-buy-metho-methadone-hcl-powder","30":"product_tag-where-to-order-metho-methadone-hcl-powder","31":"product_tag-wholesale-metho-methadone-hcl-powder","32":"desktop-align-left","33":"tablet-align-left","34":"mobile-align-left","35":"ast-product-gallery-layout-horizontal","36":"ast-product-gallery-with-no-image","37":"ast-product-single-variable","38":"ast-product-tabs-layout-horizontal","39":"ast-qv-on-image","41":"first","42":"instock","43":"shipping-taxable","44":"purchasable","45":"product-type-variable"},"yoast_head":"<!-- This site is optimized with the Yoast SEO plugin v25.9 - https:\/\/yoast.com\/wordpress\/plugins\/seo\/ -->\n<title>Metho Methadone HCL Powder for Sale - Buy Metho Methadone<\/title>\n<meta name=\"description\" content=\"If you have not tried Metho Methadone HCL powder from our store, then you are missing a lot. We will help you buy Metho Methadone HCL powder online at cheap rates. Get Metho Methadone HCL powder for sale today!\" \/>\n<meta name=\"robots\" content=\"index, follow, max-snippet:-1, max-image-preview:large, max-video-preview:-1\" \/>\n<link rel=\"canonical\" href=\"https:\/\/legitgrams.com\/es\/producto\/metadona-hcl-polvo\/\" \/>\n<meta property=\"og:locale\" content=\"es_ES\" \/>\n<meta property=\"og:type\" content=\"article\" \/>\n<meta property=\"og:title\" content=\"Metho Methadone HCL Powder for Sale - Buy Metho Methadone\" \/>\n<meta property=\"og:description\" content=\"If you have not tried Metho Methadone HCL powder from our store, then you are missing a lot. We will help you buy Metho Methadone HCL powder online at cheap rates. Get Metho Methadone HCL powder for sale today!\" \/>\n<meta property=\"og:url\" content=\"https:\/\/legitgrams.com\/es\/producto\/metadona-hcl-polvo\/\" \/>\n<meta property=\"og:site_name\" content=\"Legit Grams\" \/>\n<meta property=\"article:modified_time\" content=\"2025-04-03T08:12:13+00:00\" \/>\n<meta property=\"og:image\" content=\"https:\/\/legitgrams.com\/wp-content\/uploads\/2024\/09\/buy-metho-methadone-hcl-powder-online.jpg\" \/>\n\t<meta property=\"og:image:width\" content=\"600\" \/>\n\t<meta property=\"og:image:height\" content=\"600\" \/>\n\t<meta property=\"og:image:type\" content=\"image\/jpeg\" \/>\n<meta name=\"twitter:card\" content=\"summary_large_image\" \/>\n<meta name=\"twitter:label1\" content=\"Tiempo de lectura\" \/>\n\t<meta name=\"twitter:data1\" content=\"2 minutos\" \/>\n<script type=\"application\/ld+json\" class=\"yoast-schema-graph\">{\"@context\":\"https:\/\/schema.org\",\"@graph\":[{\"@type\":\"WebPage\",\"@id\":\"https:\/\/legitgrams.com\/product\/metho-methadone-hcl-powder\/\",\"url\":\"https:\/\/legitgrams.com\/product\/metho-methadone-hcl-powder\/\",\"name\":\"Metho Methadone HCL Powder for Sale - Buy Metho Methadone\",\"isPartOf\":{\"@id\":\"https:\/\/legitgrams.com\/#website\"},\"primaryImageOfPage\":{\"@id\":\"https:\/\/legitgrams.com\/product\/metho-methadone-hcl-powder\/#primaryimage\"},\"image\":{\"@id\":\"https:\/\/legitgrams.com\/product\/metho-methadone-hcl-powder\/#primaryimage\"},\"thumbnailUrl\":\"https:\/\/legitgrams.com\/wp-content\/uploads\/2024\/09\/buy-metho-methadone-hcl-powder-online.jpg\",\"datePublished\":\"2024-09-22T06:43:20+00:00\",\"dateModified\":\"2025-04-03T08:12:13+00:00\",\"description\":\"If you have not tried Metho Methadone HCL powder from our store, then you are missing a lot. We will help you buy Metho Methadone HCL powder online at cheap rates. Get Metho Methadone HCL powder for sale today!\",\"breadcrumb\":{\"@id\":\"https:\/\/legitgrams.com\/product\/metho-methadone-hcl-powder\/#breadcrumb\"},\"inLanguage\":\"es\",\"potentialAction\":[{\"@type\":\"ReadAction\",\"target\":[\"https:\/\/legitgrams.com\/product\/metho-methadone-hcl-powder\/\"]}]},{\"@type\":\"ImageObject\",\"inLanguage\":\"es\",\"@id\":\"https:\/\/legitgrams.com\/product\/metho-methadone-hcl-powder\/#primaryimage\",\"url\":\"https:\/\/legitgrams.com\/wp-content\/uploads\/2024\/09\/buy-metho-methadone-hcl-powder-online.jpg\",\"contentUrl\":\"https:\/\/legitgrams.com\/wp-content\/uploads\/2024\/09\/buy-metho-methadone-hcl-powder-online.jpg\",\"width\":600,\"height\":600,\"caption\":\"Metho Methadone HCL Powder for Sale\"},{\"@type\":\"BreadcrumbList\",\"@id\":\"https:\/\/legitgrams.com\/product\/metho-methadone-hcl-powder\/#breadcrumb\",\"itemListElement\":[{\"@type\":\"ListItem\",\"position\":1,\"name\":\"Home\",\"item\":\"https:\/\/legitgrams.com\/\"},{\"@type\":\"ListItem\",\"position\":2,\"name\":\"Shop\",\"item\":\"https:\/\/legitgrams.com\/shop\/\"},{\"@type\":\"ListItem\",\"position\":3,\"name\":\"Buy Metho Methadone HCL powder Online\"}]},{\"@type\":\"WebSite\",\"@id\":\"https:\/\/legitgrams.com\/#website\",\"url\":\"https:\/\/legitgrams.com\/\",\"name\":\"Legit Grams\",\"description\":\"My WordPress Blog\",\"publisher\":{\"@id\":\"https:\/\/legitgrams.com\/#organization\"},\"potentialAction\":[{\"@type\":\"SearchAction\",\"target\":{\"@type\":\"EntryPoint\",\"urlTemplate\":\"https:\/\/legitgrams.com\/?s={search_term_string}\"},\"query-input\":{\"@type\":\"PropertyValueSpecification\",\"valueRequired\":true,\"valueName\":\"search_term_string\"}}],\"inLanguage\":\"es\"},{\"@type\":\"Organization\",\"@id\":\"https:\/\/legitgrams.com\/#organization\",\"name\":\"Legit Grams\",\"url\":\"https:\/\/legitgrams.com\/\",\"logo\":{\"@type\":\"ImageObject\",\"inLanguage\":\"es\",\"@id\":\"https:\/\/legitgrams.com\/#\/schema\/logo\/image\/\",\"url\":\"https:\/\/legitgrams.com\/wp-content\/uploads\/2024\/09\/main-logo.png\",\"contentUrl\":\"https:\/\/legitgrams.com\/wp-content\/uploads\/2024\/09\/main-logo.png\",\"width\":270,\"height\":75,\"caption\":\"Legit Grams\"},\"image\":{\"@id\":\"https:\/\/legitgrams.com\/#\/schema\/logo\/image\/\"}}]}<\/script>\n<!-- \/ Yoast SEO plugin. -->","yoast_head_json":{"title":"Venta de polvo de clorhidrato de metometano metadona: compre metometano metadona","description":"Si usted no ha probado Metho Methadone HCL polvo de nuestra tienda, entonces usted est\u00e1 perdiendo mucho. Le ayudaremos a comprar Metho Methadone HCL polvo en l\u00ednea a precios baratos. \u00a1Obtener Metho Methadone HCL en polvo para la venta hoy!","robots":{"index":"index","follow":"follow","max-snippet":"max-snippet:-1","max-image-preview":"max-image-preview:large","max-video-preview":"max-video-preview:-1"},"canonical":"https:\/\/legitgrams.com\/es\/producto\/metadona-hcl-polvo\/","og_locale":"es_ES","og_type":"article","og_title":"Metho Methadone HCL Powder for Sale - Buy Metho Methadone","og_description":"If you have not tried Metho Methadone HCL powder from our store, then you are missing a lot. We will help you buy Metho Methadone HCL powder online at cheap rates. Get Metho Methadone HCL powder for sale today!","og_url":"https:\/\/legitgrams.com\/es\/producto\/metadona-hcl-polvo\/","og_site_name":"Legit Grams","article_modified_time":"2025-04-03T08:12:13+00:00","og_image":[{"width":600,"height":600,"url":"https:\/\/legitgrams.com\/wp-content\/uploads\/2024\/09\/buy-metho-methadone-hcl-powder-online.jpg","type":"image\/jpeg"}],"twitter_card":"summary_large_image","twitter_misc":{"Tiempo de lectura":"2 minutos"},"schema":{"@context":"https:\/\/schema.org","@graph":[{"@type":"WebPage","@id":"https:\/\/legitgrams.com\/product\/metho-methadone-hcl-powder\/","url":"https:\/\/legitgrams.com\/product\/metho-methadone-hcl-powder\/","name":"Venta de polvo de clorhidrato de metometano metadona: compre metometano metadona","isPartOf":{"@id":"https:\/\/legitgrams.com\/#website"},"primaryImageOfPage":{"@id":"https:\/\/legitgrams.com\/product\/metho-methadone-hcl-powder\/#primaryimage"},"image":{"@id":"https:\/\/legitgrams.com\/product\/metho-methadone-hcl-powder\/#primaryimage"},"thumbnailUrl":"https:\/\/legitgrams.com\/wp-content\/uploads\/2024\/09\/buy-metho-methadone-hcl-powder-online.jpg","datePublished":"2024-09-22T06:43:20+00:00","dateModified":"2025-04-03T08:12:13+00:00","description":"Si usted no ha probado Metho Methadone HCL polvo de nuestra tienda, entonces usted est\u00e1 perdiendo mucho. Le ayudaremos a comprar Metho Methadone HCL polvo en l\u00ednea a precios baratos. \u00a1Obtener Metho Methadone HCL en polvo para la venta hoy!","breadcrumb":{"@id":"https:\/\/legitgrams.com\/product\/metho-methadone-hcl-powder\/#breadcrumb"},"inLanguage":"es","potentialAction":[{"@type":"ReadAction","target":["https:\/\/legitgrams.com\/product\/metho-methadone-hcl-powder\/"]}]},{"@type":"ImageObject","inLanguage":"es","@id":"https:\/\/legitgrams.com\/product\/metho-methadone-hcl-powder\/#primaryimage","url":"https:\/\/legitgrams.com\/wp-content\/uploads\/2024\/09\/buy-metho-methadone-hcl-powder-online.jpg","contentUrl":"https:\/\/legitgrams.com\/wp-content\/uploads\/2024\/09\/buy-metho-methadone-hcl-powder-online.jpg","width":600,"height":600,"caption":"Metho Methadone HCL Powder for Sale"},{"@type":"BreadcrumbList","@id":"https:\/\/legitgrams.com\/product\/metho-methadone-hcl-powder\/#breadcrumb","itemListElement":[{"@type":"ListItem","position":1,"name":"Home","item":"https:\/\/legitgrams.com\/"},{"@type":"ListItem","position":2,"name":"Shop","item":"https:\/\/legitgrams.com\/shop\/"},{"@type":"ListItem","position":3,"name":"Buy Metho Methadone HCL powder Online"}]},{"@type":"WebSite","@id":"https:\/\/legitgrams.com\/#website","url":"https:\/\/legitgrams.com\/","name":"Gramos leg\u00edtimos","description":"Mi blog de WordPress","publisher":{"@id":"https:\/\/legitgrams.com\/#organization"},"potentialAction":[{"@type":"SearchAction","target":{"@type":"EntryPoint","urlTemplate":"https:\/\/legitgrams.com\/?s={search_term_string}"},"query-input":{"@type":"PropertyValueSpecification","valueRequired":true,"valueName":"search_term_string"}}],"inLanguage":"es"},{"@type":"Organization","@id":"https:\/\/legitgrams.com\/#organization","name":"Gramos leg\u00edtimos","url":"https:\/\/legitgrams.com\/","logo":{"@type":"ImageObject","inLanguage":"es","@id":"https:\/\/legitgrams.com\/#\/schema\/logo\/image\/","url":"https:\/\/legitgrams.com\/wp-content\/uploads\/2024\/09\/main-logo.png","contentUrl":"https:\/\/legitgrams.com\/wp-content\/uploads\/2024\/09\/main-logo.png","width":270,"height":75,"caption":"Legit Grams"},"image":{"@id":"https:\/\/legitgrams.com\/#\/schema\/logo\/image\/"}}]}},"uagb_featured_image_src":{"full":["https:\/\/legitgrams.com\/wp-content\/uploads\/2024\/09\/buy-metho-methadone-hcl-powder-online.jpg",600,600,false],"thumbnail":["https:\/\/legitgrams.com\/wp-content\/uploads\/2024\/09\/buy-metho-methadone-hcl-powder-online-150x150.jpg",150,150,true],"medium":["https:\/\/legitgrams.com\/wp-content\/uploads\/2024\/09\/buy-metho-methadone-hcl-powder-online-300x300.jpg",300,300,true],"medium_large":["https:\/\/legitgrams.com\/wp-content\/uploads\/2024\/09\/buy-metho-methadone-hcl-powder-online.jpg",600,600,false],"large":["https:\/\/legitgrams.com\/wp-content\/uploads\/2024\/09\/buy-metho-methadone-hcl-powder-online.jpg",600,600,false],"1536x1536":["https:\/\/legitgrams.com\/wp-content\/uploads\/2024\/09\/buy-metho-methadone-hcl-powder-online.jpg",600,600,false],"2048x2048":["https:\/\/legitgrams.com\/wp-content\/uploads\/2024\/09\/buy-metho-methadone-hcl-powder-online.jpg",600,600,false],"trp-custom-language-flag":["https:\/\/legitgrams.com\/wp-content\/uploads\/2024\/09\/buy-metho-methadone-hcl-powder-online-12x12.jpg",12,12,true],"woocommerce_thumbnail":["https:\/\/legitgrams.com\/wp-content\/uploads\/2024\/09\/buy-metho-methadone-hcl-powder-online-300x300.jpg",300,300,true],"woocommerce_single":["https:\/\/legitgrams.com\/wp-content\/uploads\/2024\/09\/buy-metho-methadone-hcl-powder-online.jpg",600,600,false],"woocommerce_gallery_thumbnail":["https:\/\/legitgrams.com\/wp-content\/uploads\/2024\/09\/buy-metho-methadone-hcl-powder-online-100x100.jpg",100,100,true]},"uagb_author_info":{"display_name":"cokeblog18","author_link":"https:\/\/legitgrams.com\/es\/author\/"},"uagb_comment_info":0,"uagb_excerpt":"Purchase 99.8% Pure Metho Methadone HCL Powder Online at Wholesale Prices. Moderate to severe pain is treated with metho (methadone HCL). Along with medical supervision and assistance, it is also used to treat drug addiction or control withdrawal symptoms in individuals undergoing therapy. This drug acts as a narcotic to reduce pain. How do packages&hellip;","_links":{"self":[{"href":"https:\/\/legitgrams.com\/es\/wp-json\/wp\/v2\/product\/4233","targetHints":{"allow":["GET"]}}],"collection":[{"href":"https:\/\/legitgrams.com\/es\/wp-json\/wp\/v2\/product"}],"about":[{"href":"https:\/\/legitgrams.com\/es\/wp-json\/wp\/v2\/types\/product"}],"replies":[{"embeddable":true,"href":"https:\/\/legitgrams.com\/es\/wp-json\/wp\/v2\/comments?post=4233"}],"wp:featuredmedia":[{"embeddable":true,"href":"https:\/\/legitgrams.com\/es\/wp-json\/wp\/v2\/media\/5288"}],"wp:attachment":[{"href":"https:\/\/legitgrams.com\/es\/wp-json\/wp\/v2\/media?parent=4233"}],"wp:term":[{"taxonomy":"product_brand","embeddable":true,"href":"https:\/\/legitgrams.com\/es\/wp-json\/wp\/v2\/product_brand?post=4233"},{"taxonomy":"product_cat","embeddable":true,"href":"https:\/\/legitgrams.com\/es\/wp-json\/wp\/v2\/product_cat?post=4233"},{"taxonomy":"product_tag","embeddable":true,"href":"https:\/\/legitgrams.com\/es\/wp-json\/wp\/v2\/product_tag?post=4233"}],"curies":[{"name":"wp","href":"https:\/\/api.w.org\/{rel}","templated":true}]}}