{"id":4251,"date":"2024-09-22T07:18:59","date_gmt":"2024-09-22T07:18:59","guid":{"rendered":"https:\/\/legitgrams.com\/?post_type=product&#038;p=4251"},"modified":"2025-03-05T09:21:49","modified_gmt":"2025-03-05T09:21:49","slug":"k2-incienso-spray-spice","status":"publish","type":"product","link":"https:\/\/legitgrams.com\/es\/producto\/k2-incienso-spray-spice\/","title":{"rendered":"Comprar Incienso en Spray K2 (SPICE) en l\u00ednea"},"content":{"rendered":"<h2>Incienso en spray K2: compra online<\/h2>\n<p><a href=\"https:\/\/www.bing.com\/search?q=ComprarInciensoenSprayK2(SPICE)enlnea&amp;qs=n&amp;form=QBRE&amp;sp=-1&amp;lq=0&amp;pq=comprarinciensoensprayk2(spice)enlnea&amp;sc=0-45&amp;sk=&amp;cvid=40A53E2695894783BBC4323630030978&amp;ghsh=0&amp;ghacc=0&amp;ghpl=\">Comprar Incienso en Spray K2<\/a>: We also sell <a href=\"https:\/\/legitgrams.com\/es\/producto\/k2-incienso-spray-spice\/\">Papel K2<\/a>Hay tipos de aerosol K2 incoloros e inodoros disponibles. Se necesitan 25 ml para rociar una hoja de papel A4 entera. El aerosol de incienso K2 (SPICE) se puede comprar en l\u00ednea.<\/p>\n<p>Los dos t\u00e9rminos principales para describir la marihuana sint\u00e9tica son sabor y K2. Se crea inyectando material vegetal seco con un cannabinoide espec\u00edfico. Al igual que el delta-9-tetrahidrocannabinol (THC), el componente principal que le da sus efectos a la marihuana, los cannabinoides espec\u00edficos son mezclas sint\u00e9ticas que estimulan los receptores cannabinoides del cerebro. Los consumidores de Spice afirman haber experimentado efectos similares a los de la marihuana, una planta que contiene varios cannabinoides. <a href=\"https:\/\/www.google.com\/search?q=Comprar+Incienso+en+Spray+K2+SPICE+en+lnea&amp;sca_esv=eddefdb7b92e7545&amp;sxsrf=AHTn8zqVQzachk9Eh2UML9uJdDO1UVCIBw1743665749785&amp;ei=VTruZ9DZL6LJ0PEP7-7C0Ak&amp;ved=0ahUKEwiQ2P2MrbuMAxWiJDQIHW-3EJoQ4dUDCBA&amp;uact=5&amp;oq=Comprar+Incienso+en+Spray+K2+SPICE+en+lnea&amp;gs_lp=Egxnd3Mtd2l6LXNlcnAiLkNvbXByYXIgSW5jaWVuc28gZW4gU3ByYXkgSzIgKFNQSUNFKSBlbiBsw61uZWFInAZQAFgAcAB4AJABAJgBoAOgAaADqgEDNC0xuAEDyAEA-AEC-AEBmAIAoAIAmAMAkgcAoAdisgcAuAcA&amp;sclient=gws-wiz-serp\">K2<\/a> \u00abSabor\u00bb y \u00absabor\u00bb son dos palabras que se refieren a un conjunto de medicamentos recetados llamados cannabis \u00abdise\u00f1ado\u00bb o \u00abcreado\u00bb. Est\u00e1n hechos de partes deshidratadas de la planta, rociadas con compuestos sint\u00e9ticos que tienen la capacidad de cambiar la mente de las personas. Estos medicamentos sintetizados fueron inicialmente preparados por analistas para fines de prueba. <a href=\"https:\/\/legitgrams.com\/es\/\">LegitGrams<\/a><\/p>\n<h3>El spray de incienso K2 (SPICE) se puede comprar online.<\/h3>\n<p>Adem\u00e1s, el K2 se puede comprar en forma l\u00edquida para cigarrillos electr\u00f3nicos. Tambi\u00e9n se puede fumar en pipas, porros o preparar t\u00e9. Posteriormente, se espolvorea K2 sobre fibras l\u00edquidas, papel y plantas. Las principales razones por las que la gente fuma Spice son sus conocidas propiedades y su modestia, aunque pueda tener efectos similares a los de la marihuana. Esta sustancia se suele vender como producto vegetal. Aun as\u00ed, ofrecemos un sabor K2 excepcional, y cada una de nuestras mezclas personalizadas cumple con la legislaci\u00f3n vigente. Incienso herbal K2 potente para despertar los sentidos: \u00a1Compra incienso herbal en l\u00ednea! A diferencia de otros comerciantes que ofrecen mezclas sin vida ni imitaciones, nuestra calidad habla por s\u00ed sola cuando compras K2 con nosotros sin ning\u00fan problema. Nos distinguimos de otros distribuidores de hierbas picantes por ofrecer incienso herbal de alta calidad. El saborizante, tambi\u00e9n conocido como marihuana sint\u00e9tica, hierba sint\u00e9tica o K2, es un espray de incienso artificial que contiene muchos sabores y qu\u00edmicos falsos. <a href=\"https:\/\/duckduckgo.com\/?q=K2+Incense+Spray+(SPICE)&amp;t=h_&amp;ia=web\">K2 l\u00edquido sobre papel<\/a>Compra incienso l\u00edquido y espray K2 online. Recibe papel K2 zing de primera calidad en tu casa haciendo un pedido online. Est\u00e1s en la tienda indicada para organizar la distribuci\u00f3n online de e-l\u00edquidos, espolvoreados e inciensos K2 locales. Ofrecemos los dominios locales de l\u00edquido K2 al precio m\u00e1s asequible para satisfacer las necesidades de todos los clientes en EE. UU. y en todo el mundo. Otro uso destacado es crear una ducha de K2; por lo tanto, se suele usar t\u00f3picamente. Es realmente esencial. \"Sabor\" o \"K2\" son otros nombres para los cannabinoides manufacturados que se comercializaron por primera vez en Estados Unidos en la d\u00e9cada del 2000. Aut\u00e9ntico documento K2 High Spice. Ofrecemos el mejor papel K2 mixto disponible online. Cons\u00edguelo ahora mismo. \u00bfQu\u00e9 es K2, Spice o cannabinoides manufacturados, otro nombre para la marihuana sint\u00e9tica? Tenemos el mejor incienso local online disponible.<\/p>\n<p>Comprar K2 <a href=\"https:\/\/en.wikipedia.org\/wiki\/Incense\">Incienso<\/a> Spray, el K2, l\u00edquido K2 en las c\u00e1rceles, incienso de hierbas Bizarro e incienso l\u00edquido K2. comprar K2 Spice Spray, droga K2, cannabis sint\u00e9tico, marihuana sint\u00e9tica, D\u00f3nde comprar gotas l\u00edquidas K2, especia l\u00edquida K2 y c\u00f3mo aplicar l\u00edquido K2 en papel \u00bfD\u00f3nde puedo comprar spray K2, e-l\u00edquido K2, spray l\u00edquido K2 e incienso Bizarro? Compras online de Bizarro K2 Liquid Spray K2 Weed, K2 Chemical, K2 Spray, K2 Incense, K2 Spray on Paper, K2 Spray for Sale y K2 Liquid Bizarro K2 spray on paper, Diablo liquid incens, Diablo herbal incens, Diablo herbal incensary for sale, comprar, comprar, seguro, online, Diablo, K2 weed, K2 spray, K2, Diablo K2, K2 for sale, cannabis sint\u00e9tico.<\/p>\n<p>&nbsp;<\/p>","protected":false},"excerpt":{"rendered":"<p>K2 Incense Spray: Purchase Online Purchase K2 Incense Spray: We also sell K2 paper. There are colorless and odorless types of K2 spray available. It takes 25ml to spray a whole A4 sheet of paper. K2 Incense Spray (SPICE) can be bought online. The two main words used to describe synthetic marijuana are taste and &hellip;<\/p>\n<p class=\"read-more\"> <a class=\"\" href=\"https:\/\/legitgrams.com\/es\/producto\/k2-incienso-spray-spice\/\"> <span class=\"screen-reader-text\">Comprar Incienso en Spray K2 (SPICE) en l\u00ednea<\/span> Leer m\u00e1s \"<\/a><\/p>","protected":false},"featured_media":5341,"comment_status":"open","ping_status":"closed","template":"","meta":{"_uag_custom_page_level_css":"","site-sidebar-layout":"default","site-content-layout":"default","ast-global-header-display":"","ast-main-header-display":"","ast-hfb-above-header-display":"","ast-hfb-below-header-display":"","ast-hfb-mobile-header-display":"","site-post-title":"","ast-breadcrumbs-content":"","ast-featured-img":"","footer-sml-layout":"","theme-transparent-header-meta":"default","adv-header-id-meta":"","stick-header-meta":"default","header-above-stick-meta":"","header-main-stick-meta":"","header-below-stick-meta":"","_joinchat":[]},"product_brand":[],"product_cat":[602],"product_tag":[1614,1604,617,1596,1611,1608,1603,1595,1598,1599,1606,1597,1609,1616,1617,1615,1607,1612,1601,1613,1610,625,1602,1605,1600],"class_list":{"0":"post-4251","1":"product","2":"type-product","3":"status-publish","4":"has-post-thumbnail","6":"product_cat-k2-paper-and-spray","7":"product_tag-best-cheap-price-k2-incense-spray-spice","8":"product_tag-best-place-to-buy-k2-incense-spray-spice","9":"product_tag-bulk-online","10":"product_tag-buy-k2-incense-spray-spice","11":"product_tag-cheap-k2-incense-spray-spice","12":"product_tag-high-quality-k2-incense-spray-spice","13":"product_tag-how-to-buy-k2-incense-spray-spice","14":"product_tag-k2-incense-spray-spice","15":"product_tag-k2-incense-spray-spice-for-sale","16":"product_tag-k2-incense-spray-spice-k2-incense-spray-spice-supplier","17":"product_tag-k2-incense-spray-spice-legally","18":"product_tag-k2-incense-spray-spice-online","19":"product_tag-k2-incense-spray-spice-store","20":"product_tag-k2-incense-spray-spice-use","21":"product_tag-k2-incense-spray-spice-wiki","22":"product_tag-k2-incense-spray-spice-worldwide","23":"product_tag-k2-incense-spray-spiceprice","24":"product_tag-k2-incense-spray-spices","25":"product_tag-order-k2-incense-spray-spice","26":"product_tag-purcharse-k2-incense-spray-spice","27":"product_tag-shop-k2-incense-spray-spice","28":"product_tag-top-quality","29":"product_tag-where-to-buy-k2-incense-spray-spice","30":"product_tag-where-to-order-k2-incense-spray-spice","31":"product_tag-wholesale-k2-incense-spray-spice","32":"desktop-align-left","33":"tablet-align-left","34":"mobile-align-left","35":"ast-product-gallery-layout-horizontal","36":"ast-product-gallery-with-no-image","37":"ast-product-single-variable","38":"ast-product-tabs-layout-horizontal","39":"ast-qv-on-image","41":"first","42":"instock","43":"featured","44":"shipping-taxable","45":"purchasable","46":"product-type-variable"},"yoast_head":"<!-- This site is optimized with the Yoast SEO plugin v25.9 - https:\/\/yoast.com\/wordpress\/plugins\/seo\/ -->\n<title>K2 Incense Spray for Sale - Order K2 Incense Spray Online | LG<\/title>\n<meta name=\"description\" content=\"At our Legitgrams, you can get K2 Incense Spray for sale at cheap rates. We deal with A-grade quality products only. Buy K2 Incense Spray online from our store now with fast &amp; secure shipping service.\" \/>\n<meta name=\"robots\" content=\"index, follow, max-snippet:-1, max-image-preview:large, max-video-preview:-1\" \/>\n<link rel=\"canonical\" href=\"https:\/\/legitgrams.com\/es\/producto\/k2-incienso-spray-spice\/\" \/>\n<meta property=\"og:locale\" content=\"es_ES\" \/>\n<meta property=\"og:type\" content=\"article\" \/>\n<meta property=\"og:title\" content=\"K2 Incense Spray for Sale - Order K2 Incense Spray Online | LG\" \/>\n<meta property=\"og:description\" content=\"At our Legitgrams, you can get K2 Incense Spray for sale at cheap rates. We deal with A-grade quality products only. Buy K2 Incense Spray online from our store now with fast &amp; secure shipping service.\" \/>\n<meta property=\"og:url\" content=\"https:\/\/legitgrams.com\/es\/producto\/k2-incienso-spray-spice\/\" \/>\n<meta property=\"og:site_name\" content=\"Legit Grams\" \/>\n<meta property=\"article:modified_time\" content=\"2025-03-05T09:21:49+00:00\" \/>\n<meta property=\"og:image\" content=\"https:\/\/legitgrams.com\/wp-content\/uploads\/2024\/09\/buy-k2-incense-spray-spice.jpg\" \/>\n\t<meta property=\"og:image:width\" content=\"600\" \/>\n\t<meta property=\"og:image:height\" content=\"600\" \/>\n\t<meta property=\"og:image:type\" content=\"image\/jpeg\" \/>\n<meta name=\"twitter:card\" content=\"summary_large_image\" \/>\n<meta name=\"twitter:label1\" content=\"Tiempo de lectura\" \/>\n\t<meta name=\"twitter:data1\" content=\"3 minutos\" \/>\n<script type=\"application\/ld+json\" class=\"yoast-schema-graph\">{\"@context\":\"https:\/\/schema.org\",\"@graph\":[{\"@type\":\"WebPage\",\"@id\":\"https:\/\/legitgrams.com\/product\/k2-incense-spray-spice\/\",\"url\":\"https:\/\/legitgrams.com\/product\/k2-incense-spray-spice\/\",\"name\":\"K2 Incense Spray for Sale - Order K2 Incense Spray Online | LG\",\"isPartOf\":{\"@id\":\"https:\/\/legitgrams.com\/#website\"},\"primaryImageOfPage\":{\"@id\":\"https:\/\/legitgrams.com\/product\/k2-incense-spray-spice\/#primaryimage\"},\"image\":{\"@id\":\"https:\/\/legitgrams.com\/product\/k2-incense-spray-spice\/#primaryimage\"},\"thumbnailUrl\":\"https:\/\/legitgrams.com\/wp-content\/uploads\/2024\/09\/buy-k2-incense-spray-spice.jpg\",\"datePublished\":\"2024-09-22T07:18:59+00:00\",\"dateModified\":\"2025-03-05T09:21:49+00:00\",\"description\":\"At our Legitgrams, you can get K2 Incense Spray for sale at cheap rates. We deal with A-grade quality products only. Buy K2 Incense Spray online from our store now with fast & secure shipping service.\",\"breadcrumb\":{\"@id\":\"https:\/\/legitgrams.com\/product\/k2-incense-spray-spice\/#breadcrumb\"},\"inLanguage\":\"es\",\"potentialAction\":[{\"@type\":\"ReadAction\",\"target\":[\"https:\/\/legitgrams.com\/product\/k2-incense-spray-spice\/\"]}]},{\"@type\":\"ImageObject\",\"inLanguage\":\"es\",\"@id\":\"https:\/\/legitgrams.com\/product\/k2-incense-spray-spice\/#primaryimage\",\"url\":\"https:\/\/legitgrams.com\/wp-content\/uploads\/2024\/09\/buy-k2-incense-spray-spice.jpg\",\"contentUrl\":\"https:\/\/legitgrams.com\/wp-content\/uploads\/2024\/09\/buy-k2-incense-spray-spice.jpg\",\"width\":600,\"height\":600,\"caption\":\"K2 Incense Spray for Sale\"},{\"@type\":\"BreadcrumbList\",\"@id\":\"https:\/\/legitgrams.com\/product\/k2-incense-spray-spice\/#breadcrumb\",\"itemListElement\":[{\"@type\":\"ListItem\",\"position\":1,\"name\":\"Home\",\"item\":\"https:\/\/legitgrams.com\/\"},{\"@type\":\"ListItem\",\"position\":2,\"name\":\"Shop\",\"item\":\"https:\/\/legitgrams.com\/shop\/\"},{\"@type\":\"ListItem\",\"position\":3,\"name\":\"Buy K2 Incense Spray (SPICE) Online\"}]},{\"@type\":\"WebSite\",\"@id\":\"https:\/\/legitgrams.com\/#website\",\"url\":\"https:\/\/legitgrams.com\/\",\"name\":\"Legit Grams\",\"description\":\"My WordPress Blog\",\"publisher\":{\"@id\":\"https:\/\/legitgrams.com\/#organization\"},\"potentialAction\":[{\"@type\":\"SearchAction\",\"target\":{\"@type\":\"EntryPoint\",\"urlTemplate\":\"https:\/\/legitgrams.com\/?s={search_term_string}\"},\"query-input\":{\"@type\":\"PropertyValueSpecification\",\"valueRequired\":true,\"valueName\":\"search_term_string\"}}],\"inLanguage\":\"es\"},{\"@type\":\"Organization\",\"@id\":\"https:\/\/legitgrams.com\/#organization\",\"name\":\"Legit Grams\",\"url\":\"https:\/\/legitgrams.com\/\",\"logo\":{\"@type\":\"ImageObject\",\"inLanguage\":\"es\",\"@id\":\"https:\/\/legitgrams.com\/#\/schema\/logo\/image\/\",\"url\":\"https:\/\/legitgrams.com\/wp-content\/uploads\/2024\/09\/main-logo.png\",\"contentUrl\":\"https:\/\/legitgrams.com\/wp-content\/uploads\/2024\/09\/main-logo.png\",\"width\":270,\"height\":75,\"caption\":\"Legit Grams\"},\"image\":{\"@id\":\"https:\/\/legitgrams.com\/#\/schema\/logo\/image\/\"}}]}<\/script>\n<!-- \/ Yoast SEO plugin. -->","yoast_head_json":{"title":"Venta de Incienso K2 en Spray - Comprar Incienso K2 en Spray Online | LG","description":"En nuestra Legitgrams, usted puede conseguir K2 Incienso Spray a la venta a precios baratos. Nos ocupamos de productos de calidad de grado A solamente. Comprar K2 Incense Spray en l\u00ednea de nuestra tienda ahora con el servicio de env\u00edo r\u00e1pido y seguro.","robots":{"index":"index","follow":"follow","max-snippet":"max-snippet:-1","max-image-preview":"max-image-preview:large","max-video-preview":"max-video-preview:-1"},"canonical":"https:\/\/legitgrams.com\/es\/producto\/k2-incienso-spray-spice\/","og_locale":"es_ES","og_type":"article","og_title":"K2 Incense Spray for Sale - Order K2 Incense Spray Online | LG","og_description":"At our Legitgrams, you can get K2 Incense Spray for sale at cheap rates. We deal with A-grade quality products only. Buy K2 Incense Spray online from our store now with fast & secure shipping service.","og_url":"https:\/\/legitgrams.com\/es\/producto\/k2-incienso-spray-spice\/","og_site_name":"Legit Grams","article_modified_time":"2025-03-05T09:21:49+00:00","og_image":[{"width":600,"height":600,"url":"https:\/\/legitgrams.com\/wp-content\/uploads\/2024\/09\/buy-k2-incense-spray-spice.jpg","type":"image\/jpeg"}],"twitter_card":"summary_large_image","twitter_misc":{"Tiempo de lectura":"3 minutos"},"schema":{"@context":"https:\/\/schema.org","@graph":[{"@type":"WebPage","@id":"https:\/\/legitgrams.com\/product\/k2-incense-spray-spice\/","url":"https:\/\/legitgrams.com\/product\/k2-incense-spray-spice\/","name":"Venta de Incienso K2 en Spray - Comprar Incienso K2 en Spray Online | LG","isPartOf":{"@id":"https:\/\/legitgrams.com\/#website"},"primaryImageOfPage":{"@id":"https:\/\/legitgrams.com\/product\/k2-incense-spray-spice\/#primaryimage"},"image":{"@id":"https:\/\/legitgrams.com\/product\/k2-incense-spray-spice\/#primaryimage"},"thumbnailUrl":"https:\/\/legitgrams.com\/wp-content\/uploads\/2024\/09\/buy-k2-incense-spray-spice.jpg","datePublished":"2024-09-22T07:18:59+00:00","dateModified":"2025-03-05T09:21:49+00:00","description":"En nuestra Legitgrams, usted puede conseguir K2 Incienso Spray a la venta a precios baratos. Nos ocupamos de productos de calidad de grado A solamente. Comprar K2 Incense Spray en l\u00ednea de nuestra tienda ahora con el servicio de env\u00edo r\u00e1pido y seguro.","breadcrumb":{"@id":"https:\/\/legitgrams.com\/product\/k2-incense-spray-spice\/#breadcrumb"},"inLanguage":"es","potentialAction":[{"@type":"ReadAction","target":["https:\/\/legitgrams.com\/product\/k2-incense-spray-spice\/"]}]},{"@type":"ImageObject","inLanguage":"es","@id":"https:\/\/legitgrams.com\/product\/k2-incense-spray-spice\/#primaryimage","url":"https:\/\/legitgrams.com\/wp-content\/uploads\/2024\/09\/buy-k2-incense-spray-spice.jpg","contentUrl":"https:\/\/legitgrams.com\/wp-content\/uploads\/2024\/09\/buy-k2-incense-spray-spice.jpg","width":600,"height":600,"caption":"K2 Incense Spray for Sale"},{"@type":"BreadcrumbList","@id":"https:\/\/legitgrams.com\/product\/k2-incense-spray-spice\/#breadcrumb","itemListElement":[{"@type":"ListItem","position":1,"name":"Home","item":"https:\/\/legitgrams.com\/"},{"@type":"ListItem","position":2,"name":"Shop","item":"https:\/\/legitgrams.com\/shop\/"},{"@type":"ListItem","position":3,"name":"Buy K2 Incense Spray (SPICE) Online"}]},{"@type":"WebSite","@id":"https:\/\/legitgrams.com\/#website","url":"https:\/\/legitgrams.com\/","name":"Gramos leg\u00edtimos","description":"Mi blog de WordPress","publisher":{"@id":"https:\/\/legitgrams.com\/#organization"},"potentialAction":[{"@type":"SearchAction","target":{"@type":"EntryPoint","urlTemplate":"https:\/\/legitgrams.com\/?s={search_term_string}"},"query-input":{"@type":"PropertyValueSpecification","valueRequired":true,"valueName":"search_term_string"}}],"inLanguage":"es"},{"@type":"Organization","@id":"https:\/\/legitgrams.com\/#organization","name":"Gramos leg\u00edtimos","url":"https:\/\/legitgrams.com\/","logo":{"@type":"ImageObject","inLanguage":"es","@id":"https:\/\/legitgrams.com\/#\/schema\/logo\/image\/","url":"https:\/\/legitgrams.com\/wp-content\/uploads\/2024\/09\/main-logo.png","contentUrl":"https:\/\/legitgrams.com\/wp-content\/uploads\/2024\/09\/main-logo.png","width":270,"height":75,"caption":"Legit Grams"},"image":{"@id":"https:\/\/legitgrams.com\/#\/schema\/logo\/image\/"}}]}},"uagb_featured_image_src":{"full":["https:\/\/legitgrams.com\/wp-content\/uploads\/2024\/09\/buy-k2-incense-spray-spice.jpg",600,600,false],"thumbnail":["https:\/\/legitgrams.com\/wp-content\/uploads\/2024\/09\/buy-k2-incense-spray-spice-150x150.jpg",150,150,true],"medium":["https:\/\/legitgrams.com\/wp-content\/uploads\/2024\/09\/buy-k2-incense-spray-spice-300x300.jpg",300,300,true],"medium_large":["https:\/\/legitgrams.com\/wp-content\/uploads\/2024\/09\/buy-k2-incense-spray-spice.jpg",600,600,false],"large":["https:\/\/legitgrams.com\/wp-content\/uploads\/2024\/09\/buy-k2-incense-spray-spice.jpg",600,600,false],"1536x1536":["https:\/\/legitgrams.com\/wp-content\/uploads\/2024\/09\/buy-k2-incense-spray-spice.jpg",600,600,false],"2048x2048":["https:\/\/legitgrams.com\/wp-content\/uploads\/2024\/09\/buy-k2-incense-spray-spice.jpg",600,600,false],"trp-custom-language-flag":["https:\/\/legitgrams.com\/wp-content\/uploads\/2024\/09\/buy-k2-incense-spray-spice-12x12.jpg",12,12,true],"woocommerce_thumbnail":["https:\/\/legitgrams.com\/wp-content\/uploads\/2024\/09\/buy-k2-incense-spray-spice-300x300.jpg",300,300,true],"woocommerce_single":["https:\/\/legitgrams.com\/wp-content\/uploads\/2024\/09\/buy-k2-incense-spray-spice.jpg",600,600,false],"woocommerce_gallery_thumbnail":["https:\/\/legitgrams.com\/wp-content\/uploads\/2024\/09\/buy-k2-incense-spray-spice-100x100.jpg",100,100,true]},"uagb_author_info":{"display_name":"cokeblog18","author_link":"https:\/\/legitgrams.com\/es\/author\/"},"uagb_comment_info":0,"uagb_excerpt":"K2 Incense Spray: Purchase Online Purchase K2 Incense Spray: We also sell K2 paper. There are colorless and odorless types of K2 spray available. It takes 25ml to spray a whole A4 sheet of paper. K2 Incense Spray (SPICE) can be bought online. The two main words used to describe synthetic marijuana are taste and&hellip;","_links":{"self":[{"href":"https:\/\/legitgrams.com\/es\/wp-json\/wp\/v2\/product\/4251","targetHints":{"allow":["GET"]}}],"collection":[{"href":"https:\/\/legitgrams.com\/es\/wp-json\/wp\/v2\/product"}],"about":[{"href":"https:\/\/legitgrams.com\/es\/wp-json\/wp\/v2\/types\/product"}],"replies":[{"embeddable":true,"href":"https:\/\/legitgrams.com\/es\/wp-json\/wp\/v2\/comments?post=4251"}],"wp:featuredmedia":[{"embeddable":true,"href":"https:\/\/legitgrams.com\/es\/wp-json\/wp\/v2\/media\/5341"}],"wp:attachment":[{"href":"https:\/\/legitgrams.com\/es\/wp-json\/wp\/v2\/media?parent=4251"}],"wp:term":[{"taxonomy":"product_brand","embeddable":true,"href":"https:\/\/legitgrams.com\/es\/wp-json\/wp\/v2\/product_brand?post=4251"},{"taxonomy":"product_cat","embeddable":true,"href":"https:\/\/legitgrams.com\/es\/wp-json\/wp\/v2\/product_cat?post=4251"},{"taxonomy":"product_tag","embeddable":true,"href":"https:\/\/legitgrams.com\/es\/wp-json\/wp\/v2\/product_tag?post=4251"}],"curies":[{"name":"wp","href":"https:\/\/api.w.org\/{rel}","templated":true}]}}