{"id":4252,"date":"2024-09-22T07:21:15","date_gmt":"2024-09-22T07:21:15","guid":{"rendered":"https:\/\/legitgrams.com\/?post_type=product&#038;p=4252"},"modified":"2025-01-14T08:23:46","modified_gmt":"2025-01-14T08:23:46","slug":"lsd-100mcg-blotters","status":"publish","type":"product","link":"https:\/\/legitgrams.com\/es\/producto\/lsd-100mcg-blotters\/","title":{"rendered":"Lsd 100mcg Blotters"},"content":{"rendered":"<h2>Compra de Blotters de LSD de 100 mcg en l\u00ednea<\/h2>\n<p>Comprar <a href=\"https:\/\/legitgrams.com\/es\/producto\/lsd-100mcg-blotters\/\">LSD 100mcg BLOTTERS<\/a> En l\u00ednea. Welaos est\u00e1 vendiendo <a href=\"https:\/\/en.wikipedia.org\/wiki\/LSD\">LSD<\/a> Tabletas. Para obtener m\u00e1s informaci\u00f3n sobre el LSD, haga clic aqu\u00ed.<\/p>\n<p>Tiendas online que venden secantes de LSD Durante sus viajes medievales, la dietilamida del \u00e1cido lis\u00e9rgico, o LSD, era una droga de uso com\u00fan. Destacamos los efectos, efectos secundarios, mecanismo de acci\u00f3n y farmacolog\u00eda de los receptores del LSD de esta manera. Ansiol\u00edtico, potenciador de la sugesti\u00f3n, potenciador de la eficacia y potenciador de la creatividad son algunos de los usos psiqui\u00e1tricos fascinantes de esta droga. Tambi\u00e9n se ha utilizado eficazmente como parte de una terapia psicod\u00e9lica de alta gama para enfermedades terminales y para tratar la adicci\u00f3n a las drogas y al alcohol. <a href=\"https:\/\/legitgrams.com\/es\/\">LegitGrams<\/a><\/p>\n<p>Comprar BOTTERS de LSD de 100 mcg en l\u00ednea: Comprar BLOTTERS, Comprar BOTTERS de LSD de 100 mcg, Comprar LSD de 100 mcg en l\u00ednea, D\u00f3nde comprar BOTTERS de LSD de 100 mcg, Comprar LSD de 100 mcg, Botellas de LSD de 100 mcg, Comprar botellas de LSD de 100 mcg en l\u00ednea, Comprar botellas de LSD de 100 mcg en l\u00ednea, Comprar botellas de LSD de 100 mcg en l\u00ednea, Comprar botellas de LSD de 100 mcg en l\u00ednea, Comprar botellas de LSD de 100 mcg en l\u00ednea, Comprar botellas de LSD de 100 mcg en l\u00ednea, Comprar botellas de LSD de 100 mcg en l\u00ednea, Comprar botellas de LSD de 100 mcg EN EE. UU., Canad\u00e1, Reino Unido, comprar en l\u00ednea, proveedores, entrega segura, Todav\u00eda hay BLOTTERS de LSD de 100 mcg disponibles. C\u00f3mo pedirlos, si son legales en Canad\u00e1 y si son legales en EE. UU. Todo se puede averiguar.<\/p>\n<h2><\/h2>\n<h2><\/h2>\n<p>&nbsp;<\/p>","protected":false},"excerpt":{"rendered":"<p>Purchase of LSD 100mcg Blotters Online Buy LSD 100mcg BLOTTERS online. Welaos is selling LSD tablets. For more information about LSD, click here. Online Stores Selling LSD Blotters During your medieval travels, lysergic acid diethylamide, or LSD, was a commonly used drug. We highlight the effects, side effects, mechanism of action, and receptor pharmacology of &hellip;<\/p>\n<p class=\"read-more\"> <a class=\"\" href=\"https:\/\/legitgrams.com\/es\/producto\/lsd-100mcg-blotters\/\"> <span class=\"screen-reader-text\">Lsd 100mcg Blotters<\/span> Leer m\u00e1s \"<\/a><\/p>","protected":false},"featured_media":5185,"comment_status":"open","ping_status":"closed","template":"","meta":{"_uag_custom_page_level_css":"","site-sidebar-layout":"default","site-content-layout":"default","ast-global-header-display":"","ast-main-header-display":"","ast-hfb-above-header-display":"","ast-hfb-below-header-display":"","ast-hfb-mobile-header-display":"","site-post-title":"","ast-breadcrumbs-content":"","ast-featured-img":"","footer-sml-layout":"","theme-transparent-header-meta":"default","adv-header-id-meta":"","stick-header-meta":"default","header-above-stick-meta":"","header-main-stick-meta":"","header-below-stick-meta":"","_joinchat":[]},"product_brand":[],"product_cat":[595],"product_tag":[1591,1581,617,1573,1588,1585,1580,1572,1575,1583,1576,1574,1586,1593,1594,1592,1584,1589,1578,1590,1587,625,1579,1582,1577],"class_list":{"0":"post-4252","1":"product","2":"type-product","3":"status-publish","4":"has-post-thumbnail","6":"product_cat-psychedelic-drugs","7":"product_tag-best-cheap-price-lsd-100mcg-blotters","8":"product_tag-best-place-to-buy-lsd-100mcg-blotters","9":"product_tag-bulk-online","10":"product_tag-buy-lsd-100mcg-blotters","11":"product_tag-cheap-lsd-100mcg-blotters","12":"product_tag-high-quality-lsd-100mcg-blotters","13":"product_tag-how-to-buy-lsd-100mcg-blotters","14":"product_tag-lsd-100mcg-blotters","15":"product_tag-lsd-100mcg-blotters-for-sale","16":"product_tag-lsd-100mcg-blotters-legally","17":"product_tag-lsd-100mcg-blotters-lsd-100mcg-blotters-supplier","18":"product_tag-lsd-100mcg-blotters-online","19":"product_tag-lsd-100mcg-blotters-store","20":"product_tag-lsd-100mcg-blotters-use","21":"product_tag-lsd-100mcg-blotters-wiki","22":"product_tag-lsd-100mcg-blotters-worldwide","23":"product_tag-lsd-100mcg-blottersprice","24":"product_tag-lsd-100mcg-blotterss","25":"product_tag-order-lsd-100mcg-blotters","26":"product_tag-purcharse-lsd-100mcg-blotters","27":"product_tag-shop-lsd-100mcg-blotters","28":"product_tag-top-quality","29":"product_tag-where-to-buy-lsd-100mcg-blotters","30":"product_tag-where-to-order-lsd-100mcg-blotters","31":"product_tag-wholesale-lsd-100mcg-blotters","32":"desktop-align-left","33":"tablet-align-left","34":"mobile-align-left","35":"ast-product-gallery-layout-horizontal","36":"ast-product-gallery-with-no-image","37":"ast-product-single-variable","38":"ast-product-tabs-layout-horizontal","39":"ast-qv-on-image","41":"first","42":"instock","43":"shipping-taxable","44":"purchasable","45":"product-type-variable"},"yoast_head":"<!-- This site is optimized with the Yoast SEO plugin v25.9 - https:\/\/yoast.com\/wordpress\/plugins\/seo\/ -->\n<title>Lsd 100mcg Blotters for Sale - Buy Lsd 100mcg Blotters Online<\/title>\n<meta name=\"description\" content=\"You can buy Lsd 100mcg Blotters online at the best prices from our online store. We have cheap and high-quality Lsd 100mcg Blotters for sale and providing worldwide delivery. You can order from anytime, anywhere.\" \/>\n<meta name=\"robots\" content=\"index, follow, max-snippet:-1, max-image-preview:large, max-video-preview:-1\" \/>\n<link rel=\"canonical\" href=\"https:\/\/legitgrams.com\/es\/producto\/lsd-100mcg-blotters\/\" \/>\n<meta property=\"og:locale\" content=\"es_ES\" \/>\n<meta property=\"og:type\" content=\"article\" \/>\n<meta property=\"og:title\" content=\"Lsd 100mcg Blotters for Sale - Buy Lsd 100mcg Blotters Online\" \/>\n<meta property=\"og:description\" content=\"You can buy Lsd 100mcg Blotters online at the best prices from our online store. We have cheap and high-quality Lsd 100mcg Blotters for sale and providing worldwide delivery. You can order from anytime, anywhere.\" \/>\n<meta property=\"og:url\" content=\"https:\/\/legitgrams.com\/es\/producto\/lsd-100mcg-blotters\/\" \/>\n<meta property=\"og:site_name\" content=\"Legit Grams\" \/>\n<meta property=\"article:modified_time\" content=\"2025-01-14T08:23:46+00:00\" \/>\n<meta property=\"og:image\" content=\"https:\/\/legitgrams.com\/wp-content\/uploads\/2024\/09\/Buy-LSD-100mcg-BLOTTERS.jpg\" \/>\n\t<meta property=\"og:image:width\" content=\"600\" \/>\n\t<meta property=\"og:image:height\" content=\"600\" \/>\n\t<meta property=\"og:image:type\" content=\"image\/jpeg\" \/>\n<meta name=\"twitter:card\" content=\"summary_large_image\" \/>\n<meta name=\"twitter:label1\" content=\"Tiempo de lectura\" \/>\n\t<meta name=\"twitter:data1\" content=\"2 minutos\" \/>\n<script type=\"application\/ld+json\" class=\"yoast-schema-graph\">{\"@context\":\"https:\/\/schema.org\",\"@graph\":[{\"@type\":\"WebPage\",\"@id\":\"https:\/\/legitgrams.com\/product\/lsd-100mcg-blotters\/\",\"url\":\"https:\/\/legitgrams.com\/product\/lsd-100mcg-blotters\/\",\"name\":\"Lsd 100mcg Blotters for Sale - Buy Lsd 100mcg Blotters Online\",\"isPartOf\":{\"@id\":\"https:\/\/legitgrams.com\/#website\"},\"primaryImageOfPage\":{\"@id\":\"https:\/\/legitgrams.com\/product\/lsd-100mcg-blotters\/#primaryimage\"},\"image\":{\"@id\":\"https:\/\/legitgrams.com\/product\/lsd-100mcg-blotters\/#primaryimage\"},\"thumbnailUrl\":\"https:\/\/legitgrams.com\/wp-content\/uploads\/2024\/09\/Buy-LSD-100mcg-BLOTTERS.jpg\",\"datePublished\":\"2024-09-22T07:21:15+00:00\",\"dateModified\":\"2025-01-14T08:23:46+00:00\",\"description\":\"You can buy Lsd 100mcg Blotters online at the best prices from our online store. We have cheap and high-quality Lsd 100mcg Blotters for sale and providing worldwide delivery. You can order from anytime, anywhere.\",\"breadcrumb\":{\"@id\":\"https:\/\/legitgrams.com\/product\/lsd-100mcg-blotters\/#breadcrumb\"},\"inLanguage\":\"es\",\"potentialAction\":[{\"@type\":\"ReadAction\",\"target\":[\"https:\/\/legitgrams.com\/product\/lsd-100mcg-blotters\/\"]}]},{\"@type\":\"ImageObject\",\"inLanguage\":\"es\",\"@id\":\"https:\/\/legitgrams.com\/product\/lsd-100mcg-blotters\/#primaryimage\",\"url\":\"https:\/\/legitgrams.com\/wp-content\/uploads\/2024\/09\/Buy-LSD-100mcg-BLOTTERS.jpg\",\"contentUrl\":\"https:\/\/legitgrams.com\/wp-content\/uploads\/2024\/09\/Buy-LSD-100mcg-BLOTTERS.jpg\",\"width\":600,\"height\":600,\"caption\":\"Lsd 100mcg Blotters for Sale\"},{\"@type\":\"BreadcrumbList\",\"@id\":\"https:\/\/legitgrams.com\/product\/lsd-100mcg-blotters\/#breadcrumb\",\"itemListElement\":[{\"@type\":\"ListItem\",\"position\":1,\"name\":\"Home\",\"item\":\"https:\/\/legitgrams.com\/\"},{\"@type\":\"ListItem\",\"position\":2,\"name\":\"Shop\",\"item\":\"https:\/\/legitgrams.com\/shop\/\"},{\"@type\":\"ListItem\",\"position\":3,\"name\":\"Lsd 100mcg Blotters\"}]},{\"@type\":\"WebSite\",\"@id\":\"https:\/\/legitgrams.com\/#website\",\"url\":\"https:\/\/legitgrams.com\/\",\"name\":\"Legit Grams\",\"description\":\"My WordPress Blog\",\"publisher\":{\"@id\":\"https:\/\/legitgrams.com\/#organization\"},\"potentialAction\":[{\"@type\":\"SearchAction\",\"target\":{\"@type\":\"EntryPoint\",\"urlTemplate\":\"https:\/\/legitgrams.com\/?s={search_term_string}\"},\"query-input\":{\"@type\":\"PropertyValueSpecification\",\"valueRequired\":true,\"valueName\":\"search_term_string\"}}],\"inLanguage\":\"es\"},{\"@type\":\"Organization\",\"@id\":\"https:\/\/legitgrams.com\/#organization\",\"name\":\"Legit Grams\",\"url\":\"https:\/\/legitgrams.com\/\",\"logo\":{\"@type\":\"ImageObject\",\"inLanguage\":\"es\",\"@id\":\"https:\/\/legitgrams.com\/#\/schema\/logo\/image\/\",\"url\":\"https:\/\/legitgrams.com\/wp-content\/uploads\/2024\/09\/main-logo.png\",\"contentUrl\":\"https:\/\/legitgrams.com\/wp-content\/uploads\/2024\/09\/main-logo.png\",\"width\":270,\"height\":75,\"caption\":\"Legit Grams\"},\"image\":{\"@id\":\"https:\/\/legitgrams.com\/#\/schema\/logo\/image\/\"}}]}<\/script>\n<!-- \/ Yoast SEO plugin. -->","yoast_head_json":{"title":"Lsd 100mcg Blotters for Sale - Buy Lsd 100mcg Blotters Online","description":"Usted puede comprar Lsd 100mcg Blotters en l\u00ednea a los mejores precios de nuestra tienda en l\u00ednea. Tenemos barato y de alta calidad Lsd 100mcg Blotters a la venta y proporcionar la entrega en todo el mundo. Usted puede ordenar en cualquier momento y en cualquier lugar.","robots":{"index":"index","follow":"follow","max-snippet":"max-snippet:-1","max-image-preview":"max-image-preview:large","max-video-preview":"max-video-preview:-1"},"canonical":"https:\/\/legitgrams.com\/es\/producto\/lsd-100mcg-blotters\/","og_locale":"es_ES","og_type":"article","og_title":"Lsd 100mcg Blotters for Sale - Buy Lsd 100mcg Blotters Online","og_description":"You can buy Lsd 100mcg Blotters online at the best prices from our online store. We have cheap and high-quality Lsd 100mcg Blotters for sale and providing worldwide delivery. You can order from anytime, anywhere.","og_url":"https:\/\/legitgrams.com\/es\/producto\/lsd-100mcg-blotters\/","og_site_name":"Legit Grams","article_modified_time":"2025-01-14T08:23:46+00:00","og_image":[{"width":600,"height":600,"url":"https:\/\/legitgrams.com\/wp-content\/uploads\/2024\/09\/Buy-LSD-100mcg-BLOTTERS.jpg","type":"image\/jpeg"}],"twitter_card":"summary_large_image","twitter_misc":{"Tiempo de lectura":"2 minutos"},"schema":{"@context":"https:\/\/schema.org","@graph":[{"@type":"WebPage","@id":"https:\/\/legitgrams.com\/product\/lsd-100mcg-blotters\/","url":"https:\/\/legitgrams.com\/product\/lsd-100mcg-blotters\/","name":"Lsd 100mcg Blotters for Sale - Buy Lsd 100mcg Blotters Online","isPartOf":{"@id":"https:\/\/legitgrams.com\/#website"},"primaryImageOfPage":{"@id":"https:\/\/legitgrams.com\/product\/lsd-100mcg-blotters\/#primaryimage"},"image":{"@id":"https:\/\/legitgrams.com\/product\/lsd-100mcg-blotters\/#primaryimage"},"thumbnailUrl":"https:\/\/legitgrams.com\/wp-content\/uploads\/2024\/09\/Buy-LSD-100mcg-BLOTTERS.jpg","datePublished":"2024-09-22T07:21:15+00:00","dateModified":"2025-01-14T08:23:46+00:00","description":"Usted puede comprar Lsd 100mcg Blotters en l\u00ednea a los mejores precios de nuestra tienda en l\u00ednea. Tenemos barato y de alta calidad Lsd 100mcg Blotters a la venta y proporcionar la entrega en todo el mundo. Usted puede ordenar en cualquier momento y en cualquier lugar.","breadcrumb":{"@id":"https:\/\/legitgrams.com\/product\/lsd-100mcg-blotters\/#breadcrumb"},"inLanguage":"es","potentialAction":[{"@type":"ReadAction","target":["https:\/\/legitgrams.com\/product\/lsd-100mcg-blotters\/"]}]},{"@type":"ImageObject","inLanguage":"es","@id":"https:\/\/legitgrams.com\/product\/lsd-100mcg-blotters\/#primaryimage","url":"https:\/\/legitgrams.com\/wp-content\/uploads\/2024\/09\/Buy-LSD-100mcg-BLOTTERS.jpg","contentUrl":"https:\/\/legitgrams.com\/wp-content\/uploads\/2024\/09\/Buy-LSD-100mcg-BLOTTERS.jpg","width":600,"height":600,"caption":"Lsd 100mcg Blotters for Sale"},{"@type":"BreadcrumbList","@id":"https:\/\/legitgrams.com\/product\/lsd-100mcg-blotters\/#breadcrumb","itemListElement":[{"@type":"ListItem","position":1,"name":"Home","item":"https:\/\/legitgrams.com\/"},{"@type":"ListItem","position":2,"name":"Shop","item":"https:\/\/legitgrams.com\/shop\/"},{"@type":"ListItem","position":3,"name":"Lsd 100mcg Blotters"}]},{"@type":"WebSite","@id":"https:\/\/legitgrams.com\/#website","url":"https:\/\/legitgrams.com\/","name":"Gramos leg\u00edtimos","description":"Mi blog de WordPress","publisher":{"@id":"https:\/\/legitgrams.com\/#organization"},"potentialAction":[{"@type":"SearchAction","target":{"@type":"EntryPoint","urlTemplate":"https:\/\/legitgrams.com\/?s={search_term_string}"},"query-input":{"@type":"PropertyValueSpecification","valueRequired":true,"valueName":"search_term_string"}}],"inLanguage":"es"},{"@type":"Organization","@id":"https:\/\/legitgrams.com\/#organization","name":"Gramos leg\u00edtimos","url":"https:\/\/legitgrams.com\/","logo":{"@type":"ImageObject","inLanguage":"es","@id":"https:\/\/legitgrams.com\/#\/schema\/logo\/image\/","url":"https:\/\/legitgrams.com\/wp-content\/uploads\/2024\/09\/main-logo.png","contentUrl":"https:\/\/legitgrams.com\/wp-content\/uploads\/2024\/09\/main-logo.png","width":270,"height":75,"caption":"Legit Grams"},"image":{"@id":"https:\/\/legitgrams.com\/#\/schema\/logo\/image\/"}}]}},"uagb_featured_image_src":{"full":["https:\/\/legitgrams.com\/wp-content\/uploads\/2024\/09\/Buy-LSD-100mcg-BLOTTERS.jpg",600,600,false],"thumbnail":["https:\/\/legitgrams.com\/wp-content\/uploads\/2024\/09\/Buy-LSD-100mcg-BLOTTERS-150x150.jpg",150,150,true],"medium":["https:\/\/legitgrams.com\/wp-content\/uploads\/2024\/09\/Buy-LSD-100mcg-BLOTTERS-300x300.jpg",300,300,true],"medium_large":["https:\/\/legitgrams.com\/wp-content\/uploads\/2024\/09\/Buy-LSD-100mcg-BLOTTERS.jpg",600,600,false],"large":["https:\/\/legitgrams.com\/wp-content\/uploads\/2024\/09\/Buy-LSD-100mcg-BLOTTERS.jpg",600,600,false],"1536x1536":["https:\/\/legitgrams.com\/wp-content\/uploads\/2024\/09\/Buy-LSD-100mcg-BLOTTERS.jpg",600,600,false],"2048x2048":["https:\/\/legitgrams.com\/wp-content\/uploads\/2024\/09\/Buy-LSD-100mcg-BLOTTERS.jpg",600,600,false],"trp-custom-language-flag":["https:\/\/legitgrams.com\/wp-content\/uploads\/2024\/09\/Buy-LSD-100mcg-BLOTTERS-12x12.jpg",12,12,true],"woocommerce_thumbnail":["https:\/\/legitgrams.com\/wp-content\/uploads\/2024\/09\/Buy-LSD-100mcg-BLOTTERS-300x300.jpg",300,300,true],"woocommerce_single":["https:\/\/legitgrams.com\/wp-content\/uploads\/2024\/09\/Buy-LSD-100mcg-BLOTTERS.jpg",600,600,false],"woocommerce_gallery_thumbnail":["https:\/\/legitgrams.com\/wp-content\/uploads\/2024\/09\/Buy-LSD-100mcg-BLOTTERS-100x100.jpg",100,100,true]},"uagb_author_info":{"display_name":"cokeblog18","author_link":"https:\/\/legitgrams.com\/es\/author\/"},"uagb_comment_info":0,"uagb_excerpt":"Purchase of LSD 100mcg Blotters Online Buy LSD 100mcg BLOTTERS online. Welaos is selling LSD tablets. For more information about LSD, click here. Online Stores Selling LSD Blotters During your medieval travels, lysergic acid diethylamide, or LSD, was a commonly used drug. We highlight the effects, side effects, mechanism of action, and receptor pharmacology of&hellip;","_links":{"self":[{"href":"https:\/\/legitgrams.com\/es\/wp-json\/wp\/v2\/product\/4252","targetHints":{"allow":["GET"]}}],"collection":[{"href":"https:\/\/legitgrams.com\/es\/wp-json\/wp\/v2\/product"}],"about":[{"href":"https:\/\/legitgrams.com\/es\/wp-json\/wp\/v2\/types\/product"}],"replies":[{"embeddable":true,"href":"https:\/\/legitgrams.com\/es\/wp-json\/wp\/v2\/comments?post=4252"}],"wp:featuredmedia":[{"embeddable":true,"href":"https:\/\/legitgrams.com\/es\/wp-json\/wp\/v2\/media\/5185"}],"wp:attachment":[{"href":"https:\/\/legitgrams.com\/es\/wp-json\/wp\/v2\/media?parent=4252"}],"wp:term":[{"taxonomy":"product_brand","embeddable":true,"href":"https:\/\/legitgrams.com\/es\/wp-json\/wp\/v2\/product_brand?post=4252"},{"taxonomy":"product_cat","embeddable":true,"href":"https:\/\/legitgrams.com\/es\/wp-json\/wp\/v2\/product_cat?post=4252"},{"taxonomy":"product_tag","embeddable":true,"href":"https:\/\/legitgrams.com\/es\/wp-json\/wp\/v2\/product_tag?post=4252"}],"curies":[{"name":"wp","href":"https:\/\/api.w.org\/{rel}","templated":true}]}}