{"id":4255,"date":"2024-09-22T07:36:52","date_gmt":"2024-09-22T07:36:52","guid":{"rendered":"https:\/\/legitgrams.com\/?post_type=product&#038;p=4255"},"modified":"2025-01-14T10:46:43","modified_gmt":"2025-01-14T10:46:43","slug":"psilocybe-baeocystis","status":"publish","type":"product","link":"https:\/\/legitgrams.com\/es\/producto\/psilocybe-baeocystis\/","title":{"rendered":"Psilocybe Baeocystis"},"content":{"rendered":"<h2>Comprar Psilocybe Baeocystis en l\u00ednea<\/h2>\n<p>En resumen, <a href=\"https:\/\/legitgrams.com\/es\/producto\/psilocybe-baeocystis\/\">Psilocybe baeocystis<\/a> debe su nombre a su caracter\u00edstica corona ondulada; la palabra baeo-cystis significa \"vejiga peque\u00f1a\", que es el aspecto que tiene el hongo cuando es joven. Comprar psilocybe baeocystis en l\u00ednea. Es m\u00e1s com\u00fan encontrarlo con los nombres de \"tapones de botella\", \"tapas nudosas\", \"campanas azules\" o \"tapones de oliva\", que son alusiones a las diversas caracter\u00edsticas de los tapones. Cuando se trata o envejece, el tap\u00f3n se ti\u00f1e r\u00e1pidamente de un verde oliva, marr\u00f3n casta\u00f1o a un azul oscuro brillante, junto con las ondulaciones onduladas. <a href=\"https:\/\/legitgrams.com\/es\/\">LegitGrams<\/a><\/p>\n<p>Esta especie es una anomal\u00eda relativa en el sentido de que su potencia es significativamente mayor cuando est\u00e1 fresca y a menudo disminuye al menos a la mitad despu\u00e9s de secarse. Las alt\u00edsimas concentraciones del precursor alucin\u00f3geno de la psilocibina, la baeocistina, pueden ser la causa de ello.<\/p>\n<p>Env\u00edo internacional de setas m\u00e1gicas y psicod\u00e9licos. para m\u00e1s informaci\u00f3n<\/p>\n<h3>CONSIGUE PSILOCYBE BAEOCYSTIS Y HONGOS M\u00c1GICOS ONLINE<\/h3>\n<p>El hongo que fue el primero en ser identificado y registrado del g\u00e9nero es la fuente del nombre de este compuesto. Aunque normalmente se encuentra en cantidades mucho menores, es muy apreciado dentro de la comunidad de psilocibina.<\/p>\n<p>La mol\u00e9cula con el mismo nombre, P. baeocystis, tambi\u00e9n exhibe niveles de psilocina que se encuentran entre los tres primeros. Al igual que P. cubensis, esta especie tiene un contenido de psilocibina de moderado a bajo. Sin embargo, tambi\u00e9n contiene una peque\u00f1a pero notable cantidad de norbaeocistina, un alcaloide similar a los dem\u00e1s. Todo esto se combina para formar un hongo extremadamente potente cuando est\u00e1 fresco: de uno a tres hongos, o hasta cinco gramos, se considerar\u00eda una dosis grande. Un gramo del material proporcionar\u00e1 efectos intensos cuando se seca.<\/p>\n<h3>En venta: PSILOCYBE BAEOCYSTIS<\/h3>\n<p>Por su valor \u00fanico en cuanto a la frescura de los cuerpos fruct\u00edferos y su potencia general, P. baeocystis es una elecci\u00f3n poco com\u00fan pero ventajosa para el cultivo dom\u00e9stico. Su tolerancia al sustrato es bastante variable, por lo que ser\u00eda mejor utilizar turba, mantillos y sustratos a base de humus. Aunque puede confundirse con especies estrechamente emparentadas como P. cyanescens, P. aztecorum o P. quebecensis, su uso principal es como cultivar silvestre com\u00fan para conseguir una frescura total.<\/p>\n<p>Esta especie identific\u00f3 una sustancia com\u00fan que se a\u00f1ade a <a href=\"https:\/\/en.wikipedia.org\/wiki\/Psilocybe_cubensis\">psilocybe<\/a> la \"magia\" de las setas. Las muestras secas o, para el afortunado explorador, frescas, garantizan una poderosa sensaci\u00f3n.<\/p>\n<p>En venta: Psilocybe Baeocystis<\/p>\n<p>Comprar psicod\u00e9licos en l\u00ednea<\/p>\n<p>Compras psicod\u00e9licas en l\u00ednea<\/p>\n<p>Sustancia psicod\u00e9lica<\/p>","protected":false},"excerpt":{"rendered":"<p>Purchase Psilocybe Baeocystis Online In summary, Psilocybe baeocystis is named from its characteristic rippling crown; the word baeo-cystis means &#8220;small-bladder,&#8221; which is how the fungus looks when it&#8217;s young. Buy psilocybe baeocystis online. It is more commonly found going by the names &#8220;bottle caps,&#8221; &#8220;knobby tops,&#8221; &#8220;blue bells,&#8221; or &#8220;olive caps,&#8221; which are all allusions &hellip;<\/p>\n<p class=\"read-more\"> <a class=\"\" href=\"https:\/\/legitgrams.com\/es\/producto\/psilocybe-baeocystis\/\"> <span class=\"screen-reader-text\">Psilocybe Baeocystis<\/span> Leer m\u00e1s \"<\/a><\/p>","protected":false},"featured_media":5243,"comment_status":"open","ping_status":"closed","template":"","meta":{"_uag_custom_page_level_css":"","site-sidebar-layout":"default","site-content-layout":"default","ast-global-header-display":"","ast-main-header-display":"","ast-hfb-above-header-display":"","ast-hfb-below-header-display":"","ast-hfb-mobile-header-display":"","site-post-title":"","ast-breadcrumbs-content":"","ast-featured-img":"","footer-sml-layout":"","theme-transparent-header-meta":"default","adv-header-id-meta":"","stick-header-meta":"default","header-above-stick-meta":"","header-main-stick-meta":"","header-below-stick-meta":"","_joinchat":[]},"product_brand":[],"product_cat":[599],"product_tag":[1522,1512,617,1504,1519,1516,1511,1509,1503,1506,1514,1505,1507,1517,1524,1525,1523,1515,1520,1521,1518,625,1510,1513,1508],"class_list":{"0":"post-4255","1":"product","2":"type-product","3":"status-publish","4":"has-post-thumbnail","6":"product_cat-psilocybin-or-magic-mushrooms","7":"product_tag-best-cheap-price-psilocybe-baeocystis","8":"product_tag-best-place-to-buy-psilocybe-baeocystis","9":"product_tag-bulk-online","10":"product_tag-buy-psilocybe-baeocystis","11":"product_tag-cheap-psilocybe-baeocystis","12":"product_tag-high-quality-psilocybe-baeocystis","13":"product_tag-how-to-buy-psilocybe-baeocystis","14":"product_tag-order-psilocybe-baeocystis","15":"product_tag-psilocybe-baeocystis","16":"product_tag-psilocybe-baeocystis-for-sale","17":"product_tag-psilocybe-baeocystis-legally","18":"product_tag-psilocybe-baeocystis-online","19":"product_tag-psilocybe-baeocystis-psilocybe-baeocystis-supplier","20":"product_tag-psilocybe-baeocystis-store","21":"product_tag-psilocybe-baeocystis-use","22":"product_tag-psilocybe-baeocystis-wiki","23":"product_tag-psilocybe-baeocystis-worldwide","24":"product_tag-psilocybe-baeocystisprice","25":"product_tag-psilocybe-baeocystiss","26":"product_tag-purcharse-psilocybe-baeocystis","27":"product_tag-shop-psilocybe-baeocystis","28":"product_tag-top-quality","29":"product_tag-where-to-buy-psilocybe-baeocystis","30":"product_tag-where-to-order-psilocybe-baeocystis","31":"product_tag-wholesale-psilocybe-baeocystis","32":"desktop-align-left","33":"tablet-align-left","34":"mobile-align-left","35":"ast-product-gallery-layout-horizontal","36":"ast-product-gallery-with-no-image","37":"ast-product-single-variable","38":"ast-product-tabs-layout-horizontal","39":"ast-qv-on-image","41":"first","42":"instock","43":"shipping-taxable","44":"purchasable","45":"product-type-variable"},"yoast_head":"<!-- This site is optimized with the Yoast SEO plugin v25.9 - https:\/\/yoast.com\/wordpress\/plugins\/seo\/ -->\n<title>Psilocybe Baeocystis for Sale - Order Psilocybe Baeocystis Online<\/title>\n<meta name=\"description\" content=\"Explore our online store for Psilocybe Baeocystis for sale, offering high-quality Psilocybe Baeocystis. Buy Psilocybe Baeocystis online securely and embark on your research journey with confidence. Place your order now!\" \/>\n<meta name=\"robots\" content=\"index, follow, max-snippet:-1, max-image-preview:large, max-video-preview:-1\" \/>\n<link rel=\"canonical\" href=\"https:\/\/legitgrams.com\/es\/producto\/psilocybe-baeocystis\/\" \/>\n<meta property=\"og:locale\" content=\"es_ES\" \/>\n<meta property=\"og:type\" content=\"article\" \/>\n<meta property=\"og:title\" content=\"Psilocybe Baeocystis for Sale - Order Psilocybe Baeocystis Online\" \/>\n<meta property=\"og:description\" content=\"Explore our online store for Psilocybe Baeocystis for sale, offering high-quality Psilocybe Baeocystis. Buy Psilocybe Baeocystis online securely and embark on your research journey with confidence. Place your order now!\" \/>\n<meta property=\"og:url\" content=\"https:\/\/legitgrams.com\/es\/producto\/psilocybe-baeocystis\/\" \/>\n<meta property=\"og:site_name\" content=\"Legit Grams\" \/>\n<meta property=\"article:modified_time\" content=\"2025-01-14T10:46:43+00:00\" \/>\n<meta property=\"og:image\" content=\"https:\/\/legitgrams.com\/wp-content\/uploads\/2024\/09\/psilocybe-baeocystis-for-salepsilocybin-or-magic-mushrooms.jpg\" \/>\n\t<meta property=\"og:image:width\" content=\"430\" \/>\n\t<meta property=\"og:image:height\" content=\"430\" \/>\n\t<meta property=\"og:image:type\" content=\"image\/jpeg\" \/>\n<meta name=\"twitter:card\" content=\"summary_large_image\" \/>\n<meta name=\"twitter:label1\" content=\"Tiempo de lectura\" \/>\n\t<meta name=\"twitter:data1\" content=\"2 minutos\" \/>\n<script type=\"application\/ld+json\" class=\"yoast-schema-graph\">{\"@context\":\"https:\/\/schema.org\",\"@graph\":[{\"@type\":\"WebPage\",\"@id\":\"https:\/\/legitgrams.com\/product\/psilocybe-baeocystis\/\",\"url\":\"https:\/\/legitgrams.com\/product\/psilocybe-baeocystis\/\",\"name\":\"Psilocybe Baeocystis for Sale - Order Psilocybe Baeocystis Online\",\"isPartOf\":{\"@id\":\"https:\/\/legitgrams.com\/#website\"},\"primaryImageOfPage\":{\"@id\":\"https:\/\/legitgrams.com\/product\/psilocybe-baeocystis\/#primaryimage\"},\"image\":{\"@id\":\"https:\/\/legitgrams.com\/product\/psilocybe-baeocystis\/#primaryimage\"},\"thumbnailUrl\":\"https:\/\/legitgrams.com\/wp-content\/uploads\/2024\/09\/psilocybe-baeocystis-for-salepsilocybin-or-magic-mushrooms.jpg\",\"datePublished\":\"2024-09-22T07:36:52+00:00\",\"dateModified\":\"2025-01-14T10:46:43+00:00\",\"description\":\"Explore our online store for Psilocybe Baeocystis for sale, offering high-quality Psilocybe Baeocystis. Buy Psilocybe Baeocystis online securely and embark on your research journey with confidence. Place your order now!\",\"breadcrumb\":{\"@id\":\"https:\/\/legitgrams.com\/product\/psilocybe-baeocystis\/#breadcrumb\"},\"inLanguage\":\"es\",\"potentialAction\":[{\"@type\":\"ReadAction\",\"target\":[\"https:\/\/legitgrams.com\/product\/psilocybe-baeocystis\/\"]}]},{\"@type\":\"ImageObject\",\"inLanguage\":\"es\",\"@id\":\"https:\/\/legitgrams.com\/product\/psilocybe-baeocystis\/#primaryimage\",\"url\":\"https:\/\/legitgrams.com\/wp-content\/uploads\/2024\/09\/psilocybe-baeocystis-for-salepsilocybin-or-magic-mushrooms.jpg\",\"contentUrl\":\"https:\/\/legitgrams.com\/wp-content\/uploads\/2024\/09\/psilocybe-baeocystis-for-salepsilocybin-or-magic-mushrooms.jpg\",\"width\":430,\"height\":430,\"caption\":\"Psilocybe Baeocystis for Sale\"},{\"@type\":\"BreadcrumbList\",\"@id\":\"https:\/\/legitgrams.com\/product\/psilocybe-baeocystis\/#breadcrumb\",\"itemListElement\":[{\"@type\":\"ListItem\",\"position\":1,\"name\":\"Home\",\"item\":\"https:\/\/legitgrams.com\/\"},{\"@type\":\"ListItem\",\"position\":2,\"name\":\"Shop\",\"item\":\"https:\/\/legitgrams.com\/shop\/\"},{\"@type\":\"ListItem\",\"position\":3,\"name\":\"Psilocybe Baeocystis\"}]},{\"@type\":\"WebSite\",\"@id\":\"https:\/\/legitgrams.com\/#website\",\"url\":\"https:\/\/legitgrams.com\/\",\"name\":\"Legit Grams\",\"description\":\"My WordPress Blog\",\"publisher\":{\"@id\":\"https:\/\/legitgrams.com\/#organization\"},\"potentialAction\":[{\"@type\":\"SearchAction\",\"target\":{\"@type\":\"EntryPoint\",\"urlTemplate\":\"https:\/\/legitgrams.com\/?s={search_term_string}\"},\"query-input\":{\"@type\":\"PropertyValueSpecification\",\"valueRequired\":true,\"valueName\":\"search_term_string\"}}],\"inLanguage\":\"es\"},{\"@type\":\"Organization\",\"@id\":\"https:\/\/legitgrams.com\/#organization\",\"name\":\"Legit Grams\",\"url\":\"https:\/\/legitgrams.com\/\",\"logo\":{\"@type\":\"ImageObject\",\"inLanguage\":\"es\",\"@id\":\"https:\/\/legitgrams.com\/#\/schema\/logo\/image\/\",\"url\":\"https:\/\/legitgrams.com\/wp-content\/uploads\/2024\/09\/main-logo.png\",\"contentUrl\":\"https:\/\/legitgrams.com\/wp-content\/uploads\/2024\/09\/main-logo.png\",\"width\":270,\"height\":75,\"caption\":\"Legit Grams\"},\"image\":{\"@id\":\"https:\/\/legitgrams.com\/#\/schema\/logo\/image\/\"}}]}<\/script>\n<!-- \/ Yoast SEO plugin. -->","yoast_head_json":{"title":"Venta de Psilocybe Baeocystis - Comprar Psilocybe Baeocystis en l\u00ednea","description":"Explore nuestra tienda en l\u00ednea de Psilocybe Baeocystis en venta, que ofrece Psilocybe Baeocystis de alta calidad. Compre Psilocybe Baeocystis en l\u00ednea de forma segura y emprenda su viaje de investigaci\u00f3n con confianza. \u00a1Haga su pedido ahora!","robots":{"index":"index","follow":"follow","max-snippet":"max-snippet:-1","max-image-preview":"max-image-preview:large","max-video-preview":"max-video-preview:-1"},"canonical":"https:\/\/legitgrams.com\/es\/producto\/psilocybe-baeocystis\/","og_locale":"es_ES","og_type":"article","og_title":"Psilocybe Baeocystis for Sale - Order Psilocybe Baeocystis Online","og_description":"Explore our online store for Psilocybe Baeocystis for sale, offering high-quality Psilocybe Baeocystis. Buy Psilocybe Baeocystis online securely and embark on your research journey with confidence. Place your order now!","og_url":"https:\/\/legitgrams.com\/es\/producto\/psilocybe-baeocystis\/","og_site_name":"Legit Grams","article_modified_time":"2025-01-14T10:46:43+00:00","og_image":[{"width":430,"height":430,"url":"https:\/\/legitgrams.com\/wp-content\/uploads\/2024\/09\/psilocybe-baeocystis-for-salepsilocybin-or-magic-mushrooms.jpg","type":"image\/jpeg"}],"twitter_card":"summary_large_image","twitter_misc":{"Tiempo de lectura":"2 minutos"},"schema":{"@context":"https:\/\/schema.org","@graph":[{"@type":"WebPage","@id":"https:\/\/legitgrams.com\/product\/psilocybe-baeocystis\/","url":"https:\/\/legitgrams.com\/product\/psilocybe-baeocystis\/","name":"Venta de Psilocybe Baeocystis - Comprar Psilocybe Baeocystis en l\u00ednea","isPartOf":{"@id":"https:\/\/legitgrams.com\/#website"},"primaryImageOfPage":{"@id":"https:\/\/legitgrams.com\/product\/psilocybe-baeocystis\/#primaryimage"},"image":{"@id":"https:\/\/legitgrams.com\/product\/psilocybe-baeocystis\/#primaryimage"},"thumbnailUrl":"https:\/\/legitgrams.com\/wp-content\/uploads\/2024\/09\/psilocybe-baeocystis-for-salepsilocybin-or-magic-mushrooms.jpg","datePublished":"2024-09-22T07:36:52+00:00","dateModified":"2025-01-14T10:46:43+00:00","description":"Explore nuestra tienda en l\u00ednea de Psilocybe Baeocystis en venta, que ofrece Psilocybe Baeocystis de alta calidad. Compre Psilocybe Baeocystis en l\u00ednea de forma segura y emprenda su viaje de investigaci\u00f3n con confianza. \u00a1Haga su pedido ahora!","breadcrumb":{"@id":"https:\/\/legitgrams.com\/product\/psilocybe-baeocystis\/#breadcrumb"},"inLanguage":"es","potentialAction":[{"@type":"ReadAction","target":["https:\/\/legitgrams.com\/product\/psilocybe-baeocystis\/"]}]},{"@type":"ImageObject","inLanguage":"es","@id":"https:\/\/legitgrams.com\/product\/psilocybe-baeocystis\/#primaryimage","url":"https:\/\/legitgrams.com\/wp-content\/uploads\/2024\/09\/psilocybe-baeocystis-for-salepsilocybin-or-magic-mushrooms.jpg","contentUrl":"https:\/\/legitgrams.com\/wp-content\/uploads\/2024\/09\/psilocybe-baeocystis-for-salepsilocybin-or-magic-mushrooms.jpg","width":430,"height":430,"caption":"Psilocybe Baeocystis for Sale"},{"@type":"BreadcrumbList","@id":"https:\/\/legitgrams.com\/product\/psilocybe-baeocystis\/#breadcrumb","itemListElement":[{"@type":"ListItem","position":1,"name":"Home","item":"https:\/\/legitgrams.com\/"},{"@type":"ListItem","position":2,"name":"Shop","item":"https:\/\/legitgrams.com\/shop\/"},{"@type":"ListItem","position":3,"name":"Psilocybe Baeocystis"}]},{"@type":"WebSite","@id":"https:\/\/legitgrams.com\/#website","url":"https:\/\/legitgrams.com\/","name":"Gramos leg\u00edtimos","description":"Mi blog de WordPress","publisher":{"@id":"https:\/\/legitgrams.com\/#organization"},"potentialAction":[{"@type":"SearchAction","target":{"@type":"EntryPoint","urlTemplate":"https:\/\/legitgrams.com\/?s={search_term_string}"},"query-input":{"@type":"PropertyValueSpecification","valueRequired":true,"valueName":"search_term_string"}}],"inLanguage":"es"},{"@type":"Organization","@id":"https:\/\/legitgrams.com\/#organization","name":"Gramos leg\u00edtimos","url":"https:\/\/legitgrams.com\/","logo":{"@type":"ImageObject","inLanguage":"es","@id":"https:\/\/legitgrams.com\/#\/schema\/logo\/image\/","url":"https:\/\/legitgrams.com\/wp-content\/uploads\/2024\/09\/main-logo.png","contentUrl":"https:\/\/legitgrams.com\/wp-content\/uploads\/2024\/09\/main-logo.png","width":270,"height":75,"caption":"Legit Grams"},"image":{"@id":"https:\/\/legitgrams.com\/#\/schema\/logo\/image\/"}}]}},"uagb_featured_image_src":{"full":["https:\/\/legitgrams.com\/wp-content\/uploads\/2024\/09\/psilocybe-baeocystis-for-salepsilocybin-or-magic-mushrooms.jpg",430,430,false],"thumbnail":["https:\/\/legitgrams.com\/wp-content\/uploads\/2024\/09\/psilocybe-baeocystis-for-salepsilocybin-or-magic-mushrooms-150x150.jpg",150,150,true],"medium":["https:\/\/legitgrams.com\/wp-content\/uploads\/2024\/09\/psilocybe-baeocystis-for-salepsilocybin-or-magic-mushrooms-300x300.jpg",300,300,true],"medium_large":["https:\/\/legitgrams.com\/wp-content\/uploads\/2024\/09\/psilocybe-baeocystis-for-salepsilocybin-or-magic-mushrooms.jpg",430,430,false],"large":["https:\/\/legitgrams.com\/wp-content\/uploads\/2024\/09\/psilocybe-baeocystis-for-salepsilocybin-or-magic-mushrooms.jpg",430,430,false],"1536x1536":["https:\/\/legitgrams.com\/wp-content\/uploads\/2024\/09\/psilocybe-baeocystis-for-salepsilocybin-or-magic-mushrooms.jpg",430,430,false],"2048x2048":["https:\/\/legitgrams.com\/wp-content\/uploads\/2024\/09\/psilocybe-baeocystis-for-salepsilocybin-or-magic-mushrooms.jpg",430,430,false],"trp-custom-language-flag":["https:\/\/legitgrams.com\/wp-content\/uploads\/2024\/09\/psilocybe-baeocystis-for-salepsilocybin-or-magic-mushrooms-12x12.jpg",12,12,true],"woocommerce_thumbnail":["https:\/\/legitgrams.com\/wp-content\/uploads\/2024\/09\/psilocybe-baeocystis-for-salepsilocybin-or-magic-mushrooms-300x300.jpg",300,300,true],"woocommerce_single":["https:\/\/legitgrams.com\/wp-content\/uploads\/2024\/09\/psilocybe-baeocystis-for-salepsilocybin-or-magic-mushrooms.jpg",430,430,false],"woocommerce_gallery_thumbnail":["https:\/\/legitgrams.com\/wp-content\/uploads\/2024\/09\/psilocybe-baeocystis-for-salepsilocybin-or-magic-mushrooms-100x100.jpg",100,100,true]},"uagb_author_info":{"display_name":"cokeblog18","author_link":"https:\/\/legitgrams.com\/es\/author\/"},"uagb_comment_info":0,"uagb_excerpt":"Purchase Psilocybe Baeocystis Online In summary, Psilocybe baeocystis is named from its characteristic rippling crown; the word baeo-cystis means &#8220;small-bladder,&#8221; which is how the fungus looks when it&#8217;s young. Buy psilocybe baeocystis online. It is more commonly found going by the names &#8220;bottle caps,&#8221; &#8220;knobby tops,&#8221; &#8220;blue bells,&#8221; or &#8220;olive caps,&#8221; which are all allusions&hellip;","_links":{"self":[{"href":"https:\/\/legitgrams.com\/es\/wp-json\/wp\/v2\/product\/4255","targetHints":{"allow":["GET"]}}],"collection":[{"href":"https:\/\/legitgrams.com\/es\/wp-json\/wp\/v2\/product"}],"about":[{"href":"https:\/\/legitgrams.com\/es\/wp-json\/wp\/v2\/types\/product"}],"replies":[{"embeddable":true,"href":"https:\/\/legitgrams.com\/es\/wp-json\/wp\/v2\/comments?post=4255"}],"wp:featuredmedia":[{"embeddable":true,"href":"https:\/\/legitgrams.com\/es\/wp-json\/wp\/v2\/media\/5243"}],"wp:attachment":[{"href":"https:\/\/legitgrams.com\/es\/wp-json\/wp\/v2\/media?parent=4255"}],"wp:term":[{"taxonomy":"product_brand","embeddable":true,"href":"https:\/\/legitgrams.com\/es\/wp-json\/wp\/v2\/product_brand?post=4255"},{"taxonomy":"product_cat","embeddable":true,"href":"https:\/\/legitgrams.com\/es\/wp-json\/wp\/v2\/product_cat?post=4255"},{"taxonomy":"product_tag","embeddable":true,"href":"https:\/\/legitgrams.com\/es\/wp-json\/wp\/v2\/product_tag?post=4255"}],"curies":[{"name":"wp","href":"https:\/\/api.w.org\/{rel}","templated":true}]}}