{"id":4270,"date":"2024-09-22T08:08:41","date_gmt":"2024-09-22T08:08:41","guid":{"rendered":"https:\/\/legitgrams.com\/?post_type=product&#038;p=4270"},"modified":"2025-04-03T05:36:09","modified_gmt":"2025-04-03T05:36:09","slug":"comprar-cocaina-en-polvo-online-98-8-pura","status":"publish","type":"product","link":"https:\/\/legitgrams.com\/es\/producto\/comprar-cocaina-en-polvo-online-98-8-pura\/","title":{"rendered":"Comprar coca\u00edna en polvo en l\u00ednea 98.8% pura"},"content":{"rendered":"<h2>Compra y ordena coca\u00edna en polvo en l\u00ednea.<\/h2>\n<p>La forma m\u00e1s popular de coca\u00edna es <a href=\"https:\/\/legitgrams.com\/es\/producto\/comprar-cocaina-en-polvo-online-98-8-pura\/\">coca\u00edna en polvo<\/a>. For this reason, it is also referred to as a street drug. The <a href=\"https:\/\/www.bing.com\/search?q=Buy+Powdered+cocaine+online+98.8%25+pure&amp;qs=n&amp;form=QBRE&amp;sp=-1&amp;lq=0&amp;pq=buy+powdered+cocaine+online+98.8%25+pure&amp;sc=0-38&amp;sk=&amp;cvid=8EA0788297494D1E80E84D8828103EFF&amp;ghsh=0&amp;ghacc=0&amp;ghpl=\">Coca<\/a> Para fabricar este polvo se utilizan plantas que se encuentran principalmente en los pa\u00edses del Sur.<br \/>\nEs un potente estimulante que act\u00faa directamente sobre el cerebro central para curar una amplia gama de enfermedades. Las sustancias qu\u00edmicas espec\u00edficas del cerebro se ven potenciadas por este estimulante, permitiendo que el sistema de \u00f3rganos humanos responda como es debido. Es el tipo de coca\u00edna m\u00e1s utilizado en todo el mundo debido a sus numerosos beneficios.<\/p>\n<p><a href=\"https:\/\/www.google.com\/search?q=Comprar+cocana+en+polvo+en+lnea+98.8+pura&amp;sca_esv=eddefdb7b92e7545&amp;sxsrf=AHTn8zrpPcsh7QdNldLR3se-oHvhTW7knQ1743657641219&amp;ei=qRruZ_qTDc600PEPuL-R6AQ&amp;ved=0ahUKEwi6jMLyjruMAxVOGjQIHbhfBE0Q4dUDCBA&amp;uact=5&amp;oq=Comprar+cocana+en+polvo+en+lnea+98.8+pura&amp;gs_lp=Egxnd3Mtd2l6LXNlcnAiLkNvbXByYXIgY29jYcOtbmEgZW4gcG9sdm8gZW4gbMOtbmVhIDk4LjglIHB1cmEyBRAhGKABMgUQIRigATIFECEYoAEyBRAhGKABSLwEUABYAHAAeACQAQCYAYwDoAGMA6oBAzMtMbgBA8gBAPgBAvgBAZgCAaAClAOYAwCSBwM0LTGgB4wEsgcDNC0xuAeUAw&amp;sclient=gws-wiz-serp\">polvo de coca\u00edna<\/a> Es diferente de otras formas de coca\u00edna.<\/p>\n<h3>C\u00f3mo tomar coca\u00edna en polvo<\/h3>\n<p><a href=\"https:\/\/www.bing.com\/search?q=Comprarcocanaenpolvoenlnea98.8pura&amp;qs=n&amp;form=QBRE&amp;sp=-1&amp;lq=0&amp;pq=comprarcocanaenpolvoenlnea98.8pura&amp;sc=0-44&amp;sk=&amp;cvid=FC22C0FEA9584E4EB0BBA9A53F13500B&amp;ghsh=0&amp;ghacc=0&amp;ghpl=\">polvo de coca\u00edna<\/a> Ofrece ventajas fuera del cuerpo humano. Pero la principal raz\u00f3n de su \u00e9xito es que presenta un menor riesgo para la salud humana. Se usa com\u00fanmente en combinaci\u00f3n con otros medicamentos recetados como el fentanilo, el talco, etc. Sin embargo, podr\u00eda ser perjudicial para la salud humana si se usa con fentanilo sin supervisi\u00f3n.<\/p>\n<p>Por lo tanto, antes de emplear una pro-droga tan potente, hay que examinarla. La gente utiliza esta sustancia en forma de polvo de diversas maneras, como inyect\u00e1ndola directamente en una vena o fum\u00e1ndola como un cigarrillo. La mejor t\u00e9cnica para utilizarla depende de las circunstancias f\u00edsicas y mentales \u00fanicas de cada persona. <a href=\"https:\/\/legitgrams.com\/es\/\">LegitGrams<\/a><\/p>\n<p>Aunque mezclar este polvo con refrescos es otra forma en que algunas personas lo han utilizado, hacerlo es extremadamente arriesgado.<\/p>\n<h3>Coca\u00edna en polvo con fines m\u00e9dicos<\/h3>\n<p>Adem\u00e1s, la coca\u00edna en polvo estimula el sistema de respuesta del cerebro, a\u00f1adiendo m\u00e1s sustancias qu\u00edmicas. <a href=\"https:\/\/duckduckgo.com\/?q=Buy+Powdered+cocaine+online+98.8%25+pure&amp;t=h_&amp;ia=web\">coca\u00edna en polvo<\/a> Tambi\u00e9n fortalece su sistema de respuesta. Al tratar a pacientes con apat\u00eda en sus comportamientos y movimientos, los m\u00e9dicos recetan este medicamento. A la venta: clorhidrato de coca\u00edna.<\/p>\n<p>Adem\u00e1s, los m\u00e9dicos la utilizan para disminuir las molestias durante muchas intervenciones quir\u00fargicas. Debido a que proporciona a la mente una sensaci\u00f3n de alegr\u00eda y vitalidad, su breve duraci\u00f3n es inmensamente beneficiosa para los seres humanos. Estas cualidades hacen que sea muy apreciado por un gran n\u00famero de personas en todo el mundo.<\/p>\n<p>Todo el mundo tiene f\u00e1cil acceso a la disponibilidad de coca\u00edna en polvo en el mercado de Internet. Este polvo especial tambi\u00e9n est\u00e1 disponible a precios muy asequibles en nuestra tienda en l\u00ednea. Adem\u00e1s, ofrecemos la entrega m\u00e1s r\u00e1pida posible del producto directamente a su puerta.<\/p>\n<p>Comprar 98,8% puro en polvo <a href=\"https:\/\/en.wikipedia.org\/wiki\/Cocaine\">coca\u00edna<\/a> en l\u00ednea en este sitio web. La coca\u00edna en polvo se puede comprar en l\u00ednea. 98,8% pura, conseguir coca\u00edna en polvo online, \u00bfD\u00f3nde puedo comprar coca\u00edna en polvo online? En l\u00ednea, coca\u00edna en polvo 98,8% pura El producto tiene una pureza de 98,8% y se puede comprar en l\u00ednea. Se puede comprar en l\u00ednea, y hay varios lugares donde conseguirla. A la venta: 98,8% pura, EE.UU., Canad\u00e1, Reino Unido, proveedores, compra en l\u00ednea, entrega segura, La coca\u00edna en polvo sigue estando disponible en l\u00ednea. 98.8% pura, \u00bfEs legal comprar coca\u00edna en polvo 98.8% pura online en Estados Unidos? \u00bfC\u00f3mo pedir coca\u00edna en polvo en l\u00ednea en los Estados Unidos? Tiene una pureza de 98,8%. \u00bfEs legal en Canad\u00e1 comprar coca\u00edna en polvo pura 98,8% en l\u00ednea?<\/p>","protected":false},"excerpt":{"rendered":"<p>Purchase and order cocaine powder online. The most popular form of cocaine is cocaine powder. For this reason, it is also referred to as a street drug. The Coca plants, which are primarily found in Southern countries, are used to make this powder. It is a potent stimulant that acts directly on the central brain &hellip;<\/p>\n<p class=\"read-more\"> <a class=\"\" href=\"https:\/\/legitgrams.com\/es\/producto\/comprar-cocaina-en-polvo-online-98-8-pura\/\"> <span class=\"screen-reader-text\">Comprar coca\u00edna en polvo en l\u00ednea 98.8% pura<\/span> Leer m\u00e1s \"<\/a><\/p>","protected":false},"featured_media":5333,"comment_status":"open","ping_status":"closed","template":"","meta":{"_uag_custom_page_level_css":"","site-sidebar-layout":"default","site-content-layout":"default","ast-global-header-display":"","ast-main-header-display":"","ast-hfb-above-header-display":"","ast-hfb-below-header-display":"","ast-hfb-mobile-header-display":"","site-post-title":"","ast-breadcrumbs-content":"","ast-featured-img":"","footer-sml-layout":"","theme-transparent-header-meta":"default","adv-header-id-meta":"","stick-header-meta":"default","header-above-stick-meta":"","header-main-stick-meta":"","header-below-stick-meta":"","_joinchat":[]},"product_brand":[],"product_cat":[70],"product_tag":[1361,1351,617,1343,1358,1355,1350,1348,1342,1345,1353,1344,1346,1356,1363,1364,1362,1354,1359,1360,1357,625,1349,1352,1347],"class_list":{"0":"post-4270","1":"product","2":"type-product","3":"status-publish","4":"has-post-thumbnail","6":"product_cat-cocaine","7":"product_tag-best-cheap-price-powdered-cocaine-online-98-8-pure","8":"product_tag-best-place-to-buy-powdered-cocaine-online-98-8-pure","9":"product_tag-bulk-online","10":"product_tag-buy-powdered-cocaine-online-98-8-pure","11":"product_tag-cheap-powdered-cocaine-online-98-8-pure","12":"product_tag-high-quality-powdered-cocaine-online-98-8-pure","13":"product_tag-how-to-buy-powdered-cocaine-online-98-8-pure","14":"product_tag-order-powdered-cocaine-online-98-8-pure","15":"product_tag-powdered-cocaine-online-98-8-pure","16":"product_tag-powdered-cocaine-online-98-8-pure-for-sale","17":"product_tag-powdered-cocaine-online-98-8-pure-legally","18":"product_tag-powdered-cocaine-online-98-8-pure-online","19":"product_tag-powdered-cocaine-online-98-8-pure-powdered-cocaine-online-98-8-pure-supplier","20":"product_tag-powdered-cocaine-online-98-8-pure-store","21":"product_tag-powdered-cocaine-online-98-8-pure-use","22":"product_tag-powdered-cocaine-online-98-8-pure-wiki","23":"product_tag-powdered-cocaine-online-98-8-pure-worldwide","24":"product_tag-powdered-cocaine-online-98-8-pureprice","25":"product_tag-powdered-cocaine-online-98-8-pures","26":"product_tag-purcharse-powdered-cocaine-online-98-8-pure","27":"product_tag-shop-powdered-cocaine-online-98-8-pure","28":"product_tag-top-quality","29":"product_tag-where-to-buy-powdered-cocaine-online-98-8-pure","30":"product_tag-where-to-order-powdered-cocaine-online-98-8-pure","31":"product_tag-wholesale-powdered-cocaine-online-98-8-pure","32":"desktop-align-left","33":"tablet-align-left","34":"mobile-align-left","35":"ast-product-gallery-layout-horizontal","36":"ast-product-gallery-with-no-image","37":"ast-product-single-variable","38":"ast-product-tabs-layout-horizontal","39":"ast-qv-on-image","41":"first","42":"instock","43":"shipping-taxable","44":"purchasable","45":"product-type-variable"},"yoast_head":"<!-- This site is optimized with the Yoast SEO plugin v25.9 - https:\/\/yoast.com\/wordpress\/plugins\/seo\/ -->\n<title>Powdered Cocaine for Sale - Order Powdered Cocaine Online<\/title>\n<meta name=\"description\" content=\"Find premium Powdered Cocaine for sale at our online store, providing a secure platform to buy Powdered Cocaine online with ease, catering to your research needs.\" \/>\n<meta name=\"robots\" content=\"index, follow, max-snippet:-1, max-image-preview:large, max-video-preview:-1\" \/>\n<link rel=\"canonical\" href=\"https:\/\/legitgrams.com\/es\/producto\/comprar-cocaina-en-polvo-online-98-8-pura\/\" \/>\n<meta property=\"og:locale\" content=\"es_ES\" \/>\n<meta property=\"og:type\" content=\"article\" \/>\n<meta property=\"og:title\" content=\"Powdered Cocaine for Sale - Order Powdered Cocaine Online\" \/>\n<meta property=\"og:description\" content=\"Find premium Powdered Cocaine for sale at our online store, providing a secure platform to buy Powdered Cocaine online with ease, catering to your research needs.\" \/>\n<meta property=\"og:url\" content=\"https:\/\/legitgrams.com\/es\/producto\/comprar-cocaina-en-polvo-online-98-8-pura\/\" \/>\n<meta property=\"og:site_name\" content=\"Legit Grams\" \/>\n<meta property=\"article:modified_time\" content=\"2025-04-03T05:36:09+00:00\" \/>\n<meta property=\"og:image\" content=\"https:\/\/legitgrams.com\/wp-content\/uploads\/2024\/09\/order-powdered-cocaine-online-98-8-pure.jpg\" \/>\n\t<meta property=\"og:image:width\" content=\"600\" \/>\n\t<meta property=\"og:image:height\" content=\"600\" \/>\n\t<meta property=\"og:image:type\" content=\"image\/jpeg\" \/>\n<meta name=\"twitter:card\" content=\"summary_large_image\" \/>\n<meta name=\"twitter:label1\" content=\"Tiempo de lectura\" \/>\n\t<meta name=\"twitter:data1\" content=\"3 minutos\" \/>\n<script type=\"application\/ld+json\" class=\"yoast-schema-graph\">{\"@context\":\"https:\/\/schema.org\",\"@graph\":[{\"@type\":\"WebPage\",\"@id\":\"https:\/\/legitgrams.com\/product\/order-powdered-cocaine-online-98-8-pure\/\",\"url\":\"https:\/\/legitgrams.com\/product\/order-powdered-cocaine-online-98-8-pure\/\",\"name\":\"Powdered Cocaine for Sale - Order Powdered Cocaine Online\",\"isPartOf\":{\"@id\":\"https:\/\/legitgrams.com\/#website\"},\"primaryImageOfPage\":{\"@id\":\"https:\/\/legitgrams.com\/product\/order-powdered-cocaine-online-98-8-pure\/#primaryimage\"},\"image\":{\"@id\":\"https:\/\/legitgrams.com\/product\/order-powdered-cocaine-online-98-8-pure\/#primaryimage\"},\"thumbnailUrl\":\"https:\/\/legitgrams.com\/wp-content\/uploads\/2024\/09\/order-powdered-cocaine-online-98-8-pure.jpg\",\"datePublished\":\"2024-09-22T08:08:41+00:00\",\"dateModified\":\"2025-04-03T05:36:09+00:00\",\"description\":\"Find premium Powdered Cocaine for sale at our online store, providing a secure platform to buy Powdered Cocaine online with ease, catering to your research needs.\",\"breadcrumb\":{\"@id\":\"https:\/\/legitgrams.com\/product\/order-powdered-cocaine-online-98-8-pure\/#breadcrumb\"},\"inLanguage\":\"es\",\"potentialAction\":[{\"@type\":\"ReadAction\",\"target\":[\"https:\/\/legitgrams.com\/product\/order-powdered-cocaine-online-98-8-pure\/\"]}]},{\"@type\":\"ImageObject\",\"inLanguage\":\"es\",\"@id\":\"https:\/\/legitgrams.com\/product\/order-powdered-cocaine-online-98-8-pure\/#primaryimage\",\"url\":\"https:\/\/legitgrams.com\/wp-content\/uploads\/2024\/09\/order-powdered-cocaine-online-98-8-pure.jpg\",\"contentUrl\":\"https:\/\/legitgrams.com\/wp-content\/uploads\/2024\/09\/order-powdered-cocaine-online-98-8-pure.jpg\",\"width\":600,\"height\":600,\"caption\":\"Powdered Cocaine for Sale\"},{\"@type\":\"BreadcrumbList\",\"@id\":\"https:\/\/legitgrams.com\/product\/order-powdered-cocaine-online-98-8-pure\/#breadcrumb\",\"itemListElement\":[{\"@type\":\"ListItem\",\"position\":1,\"name\":\"Home\",\"item\":\"https:\/\/legitgrams.com\/\"},{\"@type\":\"ListItem\",\"position\":2,\"name\":\"Shop\",\"item\":\"https:\/\/legitgrams.com\/shop\/\"},{\"@type\":\"ListItem\",\"position\":3,\"name\":\"Buy Powdered cocaine online 98.8% pure\"}]},{\"@type\":\"WebSite\",\"@id\":\"https:\/\/legitgrams.com\/#website\",\"url\":\"https:\/\/legitgrams.com\/\",\"name\":\"Legit Grams\",\"description\":\"My WordPress Blog\",\"publisher\":{\"@id\":\"https:\/\/legitgrams.com\/#organization\"},\"potentialAction\":[{\"@type\":\"SearchAction\",\"target\":{\"@type\":\"EntryPoint\",\"urlTemplate\":\"https:\/\/legitgrams.com\/?s={search_term_string}\"},\"query-input\":{\"@type\":\"PropertyValueSpecification\",\"valueRequired\":true,\"valueName\":\"search_term_string\"}}],\"inLanguage\":\"es\"},{\"@type\":\"Organization\",\"@id\":\"https:\/\/legitgrams.com\/#organization\",\"name\":\"Legit Grams\",\"url\":\"https:\/\/legitgrams.com\/\",\"logo\":{\"@type\":\"ImageObject\",\"inLanguage\":\"es\",\"@id\":\"https:\/\/legitgrams.com\/#\/schema\/logo\/image\/\",\"url\":\"https:\/\/legitgrams.com\/wp-content\/uploads\/2024\/09\/main-logo.png\",\"contentUrl\":\"https:\/\/legitgrams.com\/wp-content\/uploads\/2024\/09\/main-logo.png\",\"width\":270,\"height\":75,\"caption\":\"Legit Grams\"},\"image\":{\"@id\":\"https:\/\/legitgrams.com\/#\/schema\/logo\/image\/\"}}]}<\/script>\n<!-- \/ Yoast SEO plugin. -->","yoast_head_json":{"title":"Venta de coca\u00edna en polvo - Pedido de coca\u00edna en polvo en l\u00ednea","description":"Encuentre Coca\u00edna en Polvo de primera calidad a la venta en nuestra tienda en l\u00ednea, que proporciona una plataforma segura para comprar Coca\u00edna en Polvo en l\u00ednea con facilidad, atendiendo a sus necesidades de investigaci\u00f3n.","robots":{"index":"index","follow":"follow","max-snippet":"max-snippet:-1","max-image-preview":"max-image-preview:large","max-video-preview":"max-video-preview:-1"},"canonical":"https:\/\/legitgrams.com\/es\/producto\/comprar-cocaina-en-polvo-online-98-8-pura\/","og_locale":"es_ES","og_type":"article","og_title":"Powdered Cocaine for Sale - Order Powdered Cocaine Online","og_description":"Find premium Powdered Cocaine for sale at our online store, providing a secure platform to buy Powdered Cocaine online with ease, catering to your research needs.","og_url":"https:\/\/legitgrams.com\/es\/producto\/comprar-cocaina-en-polvo-online-98-8-pura\/","og_site_name":"Legit Grams","article_modified_time":"2025-04-03T05:36:09+00:00","og_image":[{"width":600,"height":600,"url":"https:\/\/legitgrams.com\/wp-content\/uploads\/2024\/09\/order-powdered-cocaine-online-98-8-pure.jpg","type":"image\/jpeg"}],"twitter_card":"summary_large_image","twitter_misc":{"Tiempo de lectura":"3 minutos"},"schema":{"@context":"https:\/\/schema.org","@graph":[{"@type":"WebPage","@id":"https:\/\/legitgrams.com\/product\/order-powdered-cocaine-online-98-8-pure\/","url":"https:\/\/legitgrams.com\/product\/order-powdered-cocaine-online-98-8-pure\/","name":"Venta de coca\u00edna en polvo - Pedido de coca\u00edna en polvo en l\u00ednea","isPartOf":{"@id":"https:\/\/legitgrams.com\/#website"},"primaryImageOfPage":{"@id":"https:\/\/legitgrams.com\/product\/order-powdered-cocaine-online-98-8-pure\/#primaryimage"},"image":{"@id":"https:\/\/legitgrams.com\/product\/order-powdered-cocaine-online-98-8-pure\/#primaryimage"},"thumbnailUrl":"https:\/\/legitgrams.com\/wp-content\/uploads\/2024\/09\/order-powdered-cocaine-online-98-8-pure.jpg","datePublished":"2024-09-22T08:08:41+00:00","dateModified":"2025-04-03T05:36:09+00:00","description":"Encuentre Coca\u00edna en Polvo de primera calidad a la venta en nuestra tienda en l\u00ednea, que proporciona una plataforma segura para comprar Coca\u00edna en Polvo en l\u00ednea con facilidad, atendiendo a sus necesidades de investigaci\u00f3n.","breadcrumb":{"@id":"https:\/\/legitgrams.com\/product\/order-powdered-cocaine-online-98-8-pure\/#breadcrumb"},"inLanguage":"es","potentialAction":[{"@type":"ReadAction","target":["https:\/\/legitgrams.com\/product\/order-powdered-cocaine-online-98-8-pure\/"]}]},{"@type":"ImageObject","inLanguage":"es","@id":"https:\/\/legitgrams.com\/product\/order-powdered-cocaine-online-98-8-pure\/#primaryimage","url":"https:\/\/legitgrams.com\/wp-content\/uploads\/2024\/09\/order-powdered-cocaine-online-98-8-pure.jpg","contentUrl":"https:\/\/legitgrams.com\/wp-content\/uploads\/2024\/09\/order-powdered-cocaine-online-98-8-pure.jpg","width":600,"height":600,"caption":"Powdered Cocaine for Sale"},{"@type":"BreadcrumbList","@id":"https:\/\/legitgrams.com\/product\/order-powdered-cocaine-online-98-8-pure\/#breadcrumb","itemListElement":[{"@type":"ListItem","position":1,"name":"Home","item":"https:\/\/legitgrams.com\/"},{"@type":"ListItem","position":2,"name":"Shop","item":"https:\/\/legitgrams.com\/shop\/"},{"@type":"ListItem","position":3,"name":"Buy Powdered cocaine online 98.8% pure"}]},{"@type":"WebSite","@id":"https:\/\/legitgrams.com\/#website","url":"https:\/\/legitgrams.com\/","name":"Gramos leg\u00edtimos","description":"Mi blog de WordPress","publisher":{"@id":"https:\/\/legitgrams.com\/#organization"},"potentialAction":[{"@type":"SearchAction","target":{"@type":"EntryPoint","urlTemplate":"https:\/\/legitgrams.com\/?s={search_term_string}"},"query-input":{"@type":"PropertyValueSpecification","valueRequired":true,"valueName":"search_term_string"}}],"inLanguage":"es"},{"@type":"Organization","@id":"https:\/\/legitgrams.com\/#organization","name":"Gramos leg\u00edtimos","url":"https:\/\/legitgrams.com\/","logo":{"@type":"ImageObject","inLanguage":"es","@id":"https:\/\/legitgrams.com\/#\/schema\/logo\/image\/","url":"https:\/\/legitgrams.com\/wp-content\/uploads\/2024\/09\/main-logo.png","contentUrl":"https:\/\/legitgrams.com\/wp-content\/uploads\/2024\/09\/main-logo.png","width":270,"height":75,"caption":"Legit Grams"},"image":{"@id":"https:\/\/legitgrams.com\/#\/schema\/logo\/image\/"}}]}},"uagb_featured_image_src":{"full":["https:\/\/legitgrams.com\/wp-content\/uploads\/2024\/09\/order-powdered-cocaine-online-98-8-pure.jpg",600,600,false],"thumbnail":["https:\/\/legitgrams.com\/wp-content\/uploads\/2024\/09\/order-powdered-cocaine-online-98-8-pure-150x150.jpg",150,150,true],"medium":["https:\/\/legitgrams.com\/wp-content\/uploads\/2024\/09\/order-powdered-cocaine-online-98-8-pure-300x300.jpg",300,300,true],"medium_large":["https:\/\/legitgrams.com\/wp-content\/uploads\/2024\/09\/order-powdered-cocaine-online-98-8-pure.jpg",600,600,false],"large":["https:\/\/legitgrams.com\/wp-content\/uploads\/2024\/09\/order-powdered-cocaine-online-98-8-pure.jpg",600,600,false],"1536x1536":["https:\/\/legitgrams.com\/wp-content\/uploads\/2024\/09\/order-powdered-cocaine-online-98-8-pure.jpg",600,600,false],"2048x2048":["https:\/\/legitgrams.com\/wp-content\/uploads\/2024\/09\/order-powdered-cocaine-online-98-8-pure.jpg",600,600,false],"trp-custom-language-flag":["https:\/\/legitgrams.com\/wp-content\/uploads\/2024\/09\/order-powdered-cocaine-online-98-8-pure-12x12.jpg",12,12,true],"woocommerce_thumbnail":["https:\/\/legitgrams.com\/wp-content\/uploads\/2024\/09\/order-powdered-cocaine-online-98-8-pure-300x300.jpg",300,300,true],"woocommerce_single":["https:\/\/legitgrams.com\/wp-content\/uploads\/2024\/09\/order-powdered-cocaine-online-98-8-pure.jpg",600,600,false],"woocommerce_gallery_thumbnail":["https:\/\/legitgrams.com\/wp-content\/uploads\/2024\/09\/order-powdered-cocaine-online-98-8-pure-100x100.jpg",100,100,true]},"uagb_author_info":{"display_name":"cokeblog18","author_link":"https:\/\/legitgrams.com\/es\/author\/"},"uagb_comment_info":0,"uagb_excerpt":"Purchase and order cocaine powder online. The most popular form of cocaine is cocaine powder. For this reason, it is also referred to as a street drug. The Coca plants, which are primarily found in Southern countries, are used to make this powder. It is a potent stimulant that acts directly on the central brain&hellip;","_links":{"self":[{"href":"https:\/\/legitgrams.com\/es\/wp-json\/wp\/v2\/product\/4270","targetHints":{"allow":["GET"]}}],"collection":[{"href":"https:\/\/legitgrams.com\/es\/wp-json\/wp\/v2\/product"}],"about":[{"href":"https:\/\/legitgrams.com\/es\/wp-json\/wp\/v2\/types\/product"}],"replies":[{"embeddable":true,"href":"https:\/\/legitgrams.com\/es\/wp-json\/wp\/v2\/comments?post=4270"}],"wp:featuredmedia":[{"embeddable":true,"href":"https:\/\/legitgrams.com\/es\/wp-json\/wp\/v2\/media\/5333"}],"wp:attachment":[{"href":"https:\/\/legitgrams.com\/es\/wp-json\/wp\/v2\/media?parent=4270"}],"wp:term":[{"taxonomy":"product_brand","embeddable":true,"href":"https:\/\/legitgrams.com\/es\/wp-json\/wp\/v2\/product_brand?post=4270"},{"taxonomy":"product_cat","embeddable":true,"href":"https:\/\/legitgrams.com\/es\/wp-json\/wp\/v2\/product_cat?post=4270"},{"taxonomy":"product_tag","embeddable":true,"href":"https:\/\/legitgrams.com\/es\/wp-json\/wp\/v2\/product_tag?post=4270"}],"curies":[{"name":"wp","href":"https:\/\/api.w.org\/{rel}","templated":true}]}}