{"id":4273,"date":"2024-09-22T08:18:05","date_gmt":"2024-09-22T08:18:05","guid":{"rendered":"https:\/\/legitgrams.com\/?post_type=product&#038;p=4273"},"modified":"2025-04-03T04:59:34","modified_gmt":"2025-04-03T04:59:34","slug":"pastillas-reales-de-extasis-de-manzana-verde","status":"publish","type":"product","link":"https:\/\/legitgrams.com\/es\/producto\/pastillas-reales-de-extasis-de-manzana-verde\/","title":{"rendered":"Comprar pastillas de \u00e9xtasis de manzana verde real en l\u00ednea"},"content":{"rendered":"<h2>Compra de pastillas de \u00e9xtasis de manzana verde genuinas en l\u00ednea<\/h2>\n<p>Espero que este axioma te haya hecho famoso. Seg\u00fan el proverbio, \u00abUna manzana al d\u00eda mantiene al especialista a raya\u00bb. Dadas todas las ventajas para la salud de comer manzanas, este aforismo diet\u00e9tico puede no ser del todo inexacto. Algunas de las ventajas para la salud de comer verduras... <a href=\"https:\/\/www.bing.com\/search?q=Comprapastillasdextasisdemanzanaverdeautnticaenlnea&amp;qs=n&amp;form=QBRE&amp;sp=-1&amp;lq=0&amp;pq=comprapastillasdextasisdemanzanaverdeautnticaenlnea&amp;sc=0-63&amp;sk=&amp;cvid=EFE580BFDC5E43BEACF7A8F535826DF5&amp;ghsh=0&amp;ghacc=0&amp;ghpl=\">manzanas<\/a> Incluya lo siguiente.<\/p>\n<p>Se ha demostrado que comer manzanas mejora la salud del coraz\u00f3n y reduce el riesgo de enfermedades cardiovasculares.<\/p>\n<p>No es del todo obvio por qu\u00e9 las manzanas son cardiosaludables. Dado que la fibra diet\u00e9tica se ha asociado con una reducci\u00f3n del colesterol LDL, <a href=\"https:\/\/www.google.com\/search?q=Compra+pastillas+de+xtasis+de+manzana+verde+autntica+en+lnea&amp;sca_esv=eddefdb7b92e7545&amp;sxsrf=AHTn8zqZHlt6KdWnMz08gcw7MeRQOVGTAQ1743656430783&amp;ei=7hXuZ-7AL_2v0PEPpZuQqAI&amp;ved=0ahUKEwju76qxiruMAxX9FzQIHaUNBCUQ4dUDCBA&amp;uact=5&amp;oq=Compra+pastillas+de+xtasis+de+manzana+verde+autntica+en+lnea&amp;gs_lp=Egxnd3Mtd2l6LXNlcnAiQkNvbXByYSBwYXN0aWxsYXMgZGUgw6l4dGFzaXMgZGUgbWFuemFuYSB2ZXJkZSBhdXTDqW50aWNhIGVuIGzDrW5lYUj4BFAAWABwAHgAkAEAmAGBA6ABgQOqAQMzLTG4AQPIAQD4AQL4AQGYAgCgAgCYAwCSBwCgB3ayBwC4BwA&amp;sclient=gws-wiz-serp\">manzanas<\/a>\u2018El alto contenido de fibra diet\u00e9tica puede ser un factor contribuyente.<\/p>\n<h3>Reduzca sus posibilidades de padecer diabetes tipo 2<\/h3>\n<p>Seg\u00fan un estudio, comer tan solo unas pocas manzanas verdes por semana puede reducir el riesgo de padecer diabetes tipo 2, pero se necesitan m\u00e1s investigaciones. Todav\u00eda se desconoce si los compuestos de las manzanas verdes pueden ayudar a las personas a controlar los s\u00edntomas de la diabetes.s<\/p>\n<p>Existen varias ventajas en el uso de comprimidos de manzana verde, al igual que las hay en el consumo de manzanas verdes. El tema de los comprimidos de manzana verde es tema de debate.<\/p>\n<p><a href=\"https:\/\/legitgrams.com\/es\/producto\/pastillas-reales-de-extasis-de-manzana-verde\/\">manzanas verdes<\/a> Las pastillas de manzana verde llevar\u00e1n tu experiencia y satisfacci\u00f3n a un nivel completamente nuevo si quieres beber jugo de manzana fresco en un d\u00eda caluroso de verano. El equipo ha combinado el mejor cannabis disponible con pastillas de manzana verde, que se producen en Washington. Al considerar la dosis, el THC puede ser dif\u00edcil de quemar, especialmente si los recipientes no tienen marcas muy obvias. Las pastillas de manzana verde, que producen tres variaciones de potencia distintas de su famosa combinaci\u00f3n de 12 onzas, han cambiado eso por completo. Su combinaci\u00f3n m\u00e1s potente, que tiene 100 mg y viene en 12 onzas, ser\u00e1 apreciada por los consumidores habituales.<\/p>\n<p><a href=\"https:\/\/duckduckgo.com\/?q=Buy+Real+Green+Apple+Ecstasy+Pills+Online&amp;t=h_&amp;ia=web\">Pastillas de manzana verde<\/a> Son ideales para quienes necesitan drogarse pero no pueden soportar la variedad de pastillas, ya que incorporan cannabis al medicamento de una forma novedosa que elimina el sabor y el olor a cannabis. Adem\u00e1s, como vapear o fumar cannabis puede volverse t\u00f3xico con el tiempo, consumir cannabis ayuda a promover un estilo de vida m\u00e1s saludable. La pastilla de manzana verde tiene una vida \u00fatil de un a\u00f1o y no contiene muchas calor\u00edas, lo que significa que la \u00fanica preocupaci\u00f3n es dejar de tomar el medicamento despu\u00e9s de tomarlo. <a href=\"https:\/\/legitgrams.com\/es\/\">LegitGrams<\/a><\/p>\n<h3>El color verde<\/h3>\n<h3>Medidas: 279 mg<\/h3>\n<p>Pastillas de \u00e9xtasis, manzana verde aut\u00e9ntica <a href=\"https:\/\/en.wikipedia.org\/wiki\/Ecstasy\">\u00c9xtasis<\/a> Pastillas, Pastillas de \u00e9xtasis de manzana verde genuinas, comprar pastillas de \u00e9xtasis, comprar pastillas de \u00e9xtasis de manzana verde genuinas en l\u00ednea, \u00e9xtasis en l\u00ednea, d\u00f3nde comprar pastillas de \u00e9xtasis de manzana verde reales, d\u00f3nde comprar pastillas de \u00e9xtasis de manzana verde reales a la venta, d\u00f3nde comprar pastillas de \u00e9xtasis de manzana verde reales: Las pastillas de \u00e9xtasis de manzana verde reales todav\u00eda est\u00e1n disponibles para su compra en los EE. UU., Canad\u00e1 y el Reino Unido. Puede comprarlas en l\u00ednea a trav\u00e9s de proveedores y recibirlas de forma segura. Adem\u00e1s, puede obtener informaci\u00f3n sobre si son legales en Canad\u00e1, c\u00f3mo adquirirlas en l\u00ednea y si son legales en los Estados Unidos. Tambi\u00e9n puedes comprar pastillas de \u00e9xtasis, comprar pastillas de \u00e9xtasis de manzana verde real en l\u00ednea, d\u00f3nde comprar pastillas de \u00e9xtasis de manzana verde real, d\u00f3nde comprar \u00e9xtasis en l\u00ednea, d\u00f3nde comprar pastillas de \u00e9xtasis en l\u00ednea, pastillas de \u00e9xtasis de manzana verde real a la venta en Estados Unidos, Canad\u00e1 y el Reino Unido, comprar en l\u00ednea, proveedores, entrega segura, todav\u00eda hay pastillas de \u00e9xtasis de manzana verde real disponibles, son legales en los EE. UU., puedes comprarlas en l\u00ednea y son legales en Canad\u00e1.<\/p>\n<h2><\/h2>\n<p>&nbsp;<\/p>","protected":false},"excerpt":{"rendered":"<p>Purchase of Genuine Green Apple Ecstasy Pills Online I hope this axiom has made you famous. According to the proverb, &#8220;An apple a day keeps the specialist at bay.&#8221; Given all of the health advantages of eating apples, this diet aphorism may not be entirely inaccurate. Some of the health advantages of eating green apples &hellip;<\/p>\n<p class=\"read-more\"> <a class=\"\" href=\"https:\/\/legitgrams.com\/es\/producto\/pastillas-reales-de-extasis-de-manzana-verde\/\"> <span class=\"screen-reader-text\">Comprar pastillas de \u00e9xtasis de manzana verde real en l\u00ednea<\/span> Leer m\u00e1s \"<\/a><\/p>","protected":false},"featured_media":5203,"comment_status":"open","ping_status":"closed","template":"","meta":{"_uag_custom_page_level_css":"","site-sidebar-layout":"default","site-content-layout":"default","ast-global-header-display":"","ast-main-header-display":"","ast-hfb-above-header-display":"","ast-hfb-below-header-display":"","ast-hfb-mobile-header-display":"","site-post-title":"","ast-breadcrumbs-content":"","ast-featured-img":"","footer-sml-layout":"","theme-transparent-header-meta":"default","adv-header-id-meta":"","stick-header-meta":"default","header-above-stick-meta":"","header-main-stick-meta":"","header-below-stick-meta":"","_joinchat":[]},"product_brand":[],"product_cat":[596],"product_tag":[1292,1282,617,1274,1289,1286,1281,1279,1291,1273,1276,1284,1275,1277,1287,1294,1295,1293,1285,1290,1288,625,1280,1283,1278],"class_list":{"0":"post-4273","1":"product","2":"type-product","3":"status-publish","4":"has-post-thumbnail","6":"product_cat-ecstasy-pills-mdma","7":"product_tag-best-cheap-price-real-green-apple-ecstasy-pills","8":"product_tag-best-place-to-buy-real-green-apple-ecstasy-pills","9":"product_tag-bulk-online","10":"product_tag-buy-real-green-apple-ecstasy-pills","11":"product_tag-cheap-real-green-apple-ecstasy-pills","12":"product_tag-high-quality-real-green-apple-ecstasy-pills","13":"product_tag-how-to-buy-real-green-apple-ecstasy-pills","14":"product_tag-order-real-green-apple-ecstasy-pills","15":"product_tag-purcharse-real-green-apple-ecstasy-pills","16":"product_tag-real-green-apple-ecstasy-pills","17":"product_tag-real-green-apple-ecstasy-pills-for-sale","18":"product_tag-real-green-apple-ecstasy-pills-legally","19":"product_tag-real-green-apple-ecstasy-pills-online","20":"product_tag-real-green-apple-ecstasy-pills-real-green-apple-ecstasy-pills-supplier","21":"product_tag-real-green-apple-ecstasy-pills-store","22":"product_tag-real-green-apple-ecstasy-pills-use","23":"product_tag-real-green-apple-ecstasy-pills-wiki","24":"product_tag-real-green-apple-ecstasy-pills-worldwide","25":"product_tag-real-green-apple-ecstasy-pillsprice","26":"product_tag-real-green-apple-ecstasy-pillss","27":"product_tag-shop-real-green-apple-ecstasy-pills","28":"product_tag-top-quality","29":"product_tag-where-to-buy-real-green-apple-ecstasy-pills","30":"product_tag-where-to-order-real-green-apple-ecstasy-pills","31":"product_tag-wholesale-real-green-apple-ecstasy-pills","32":"desktop-align-left","33":"tablet-align-left","34":"mobile-align-left","35":"ast-product-gallery-layout-horizontal","36":"ast-product-gallery-with-no-image","37":"ast-product-single-variable","38":"ast-product-tabs-layout-horizontal","39":"ast-qv-on-image","41":"first","42":"instock","43":"shipping-taxable","44":"purchasable","45":"product-type-variable"},"yoast_head":"<!-- This site is optimized with the Yoast SEO plugin v25.9 - https:\/\/yoast.com\/wordpress\/plugins\/seo\/ -->\n<title>Order Real Green Apple Ecstasy Pills Online @ Best Price | LG<\/title>\n<meta name=\"description\" content=\"If you want to buy real green apple ecstasy pills online and looking for a reliable online shop, then buy here. We offer only high-quality real green apple ecstasy pills for sale at an affordable price. Order Real Green Apple Ecstasy Pills Now!\" \/>\n<meta name=\"robots\" content=\"index, follow, max-snippet:-1, max-image-preview:large, max-video-preview:-1\" \/>\n<link rel=\"canonical\" href=\"https:\/\/legitgrams.com\/es\/producto\/pastillas-reales-de-extasis-de-manzana-verde\/\" \/>\n<meta property=\"og:locale\" content=\"es_ES\" \/>\n<meta property=\"og:type\" content=\"article\" \/>\n<meta property=\"og:title\" content=\"Order Real Green Apple Ecstasy Pills Online @ Best Price | LG\" \/>\n<meta property=\"og:description\" content=\"If you want to buy real green apple ecstasy pills online and looking for a reliable online shop, then buy here. We offer only high-quality real green apple ecstasy pills for sale at an affordable price. Order Real Green Apple Ecstasy Pills Now!\" \/>\n<meta property=\"og:url\" content=\"https:\/\/legitgrams.com\/es\/producto\/pastillas-reales-de-extasis-de-manzana-verde\/\" \/>\n<meta property=\"og:site_name\" content=\"Legit Grams\" \/>\n<meta property=\"article:modified_time\" content=\"2025-04-03T04:59:34+00:00\" \/>\n<meta property=\"og:image\" content=\"https:\/\/legitgrams.com\/wp-content\/uploads\/2024\/09\/order-real-green-apple-ecstasy-pills-online.jpg\" \/>\n\t<meta property=\"og:image:width\" content=\"600\" \/>\n\t<meta property=\"og:image:height\" content=\"600\" \/>\n\t<meta property=\"og:image:type\" content=\"image\/jpeg\" \/>\n<meta name=\"twitter:card\" content=\"summary_large_image\" \/>\n<meta name=\"twitter:label1\" content=\"Tiempo de lectura\" \/>\n\t<meta name=\"twitter:data1\" content=\"3 minutos\" \/>\n<script type=\"application\/ld+json\" class=\"yoast-schema-graph\">{\"@context\":\"https:\/\/schema.org\",\"@graph\":[{\"@type\":\"WebPage\",\"@id\":\"https:\/\/legitgrams.com\/product\/real-green-apple-ecstasy-pills\/\",\"url\":\"https:\/\/legitgrams.com\/product\/real-green-apple-ecstasy-pills\/\",\"name\":\"Order Real Green Apple Ecstasy Pills Online @ Best Price | LG\",\"isPartOf\":{\"@id\":\"https:\/\/legitgrams.com\/#website\"},\"primaryImageOfPage\":{\"@id\":\"https:\/\/legitgrams.com\/product\/real-green-apple-ecstasy-pills\/#primaryimage\"},\"image\":{\"@id\":\"https:\/\/legitgrams.com\/product\/real-green-apple-ecstasy-pills\/#primaryimage\"},\"thumbnailUrl\":\"https:\/\/legitgrams.com\/wp-content\/uploads\/2024\/09\/order-real-green-apple-ecstasy-pills-online.jpg\",\"datePublished\":\"2024-09-22T08:18:05+00:00\",\"dateModified\":\"2025-04-03T04:59:34+00:00\",\"description\":\"If you want to buy real green apple ecstasy pills online and looking for a reliable online shop, then buy here. We offer only high-quality real green apple ecstasy pills for sale at an affordable price. Order Real Green Apple Ecstasy Pills Now!\",\"breadcrumb\":{\"@id\":\"https:\/\/legitgrams.com\/product\/real-green-apple-ecstasy-pills\/#breadcrumb\"},\"inLanguage\":\"es\",\"potentialAction\":[{\"@type\":\"ReadAction\",\"target\":[\"https:\/\/legitgrams.com\/product\/real-green-apple-ecstasy-pills\/\"]}]},{\"@type\":\"ImageObject\",\"inLanguage\":\"es\",\"@id\":\"https:\/\/legitgrams.com\/product\/real-green-apple-ecstasy-pills\/#primaryimage\",\"url\":\"https:\/\/legitgrams.com\/wp-content\/uploads\/2024\/09\/order-real-green-apple-ecstasy-pills-online.jpg\",\"contentUrl\":\"https:\/\/legitgrams.com\/wp-content\/uploads\/2024\/09\/order-real-green-apple-ecstasy-pills-online.jpg\",\"width\":600,\"height\":600,\"caption\":\"Real Green Apple Ecstasy Pills for Sale\"},{\"@type\":\"BreadcrumbList\",\"@id\":\"https:\/\/legitgrams.com\/product\/real-green-apple-ecstasy-pills\/#breadcrumb\",\"itemListElement\":[{\"@type\":\"ListItem\",\"position\":1,\"name\":\"Home\",\"item\":\"https:\/\/legitgrams.com\/\"},{\"@type\":\"ListItem\",\"position\":2,\"name\":\"Shop\",\"item\":\"https:\/\/legitgrams.com\/shop\/\"},{\"@type\":\"ListItem\",\"position\":3,\"name\":\"Buy Real Green Apple Ecstasy Pills Online\"}]},{\"@type\":\"WebSite\",\"@id\":\"https:\/\/legitgrams.com\/#website\",\"url\":\"https:\/\/legitgrams.com\/\",\"name\":\"Legit Grams\",\"description\":\"My WordPress Blog\",\"publisher\":{\"@id\":\"https:\/\/legitgrams.com\/#organization\"},\"potentialAction\":[{\"@type\":\"SearchAction\",\"target\":{\"@type\":\"EntryPoint\",\"urlTemplate\":\"https:\/\/legitgrams.com\/?s={search_term_string}\"},\"query-input\":{\"@type\":\"PropertyValueSpecification\",\"valueRequired\":true,\"valueName\":\"search_term_string\"}}],\"inLanguage\":\"es\"},{\"@type\":\"Organization\",\"@id\":\"https:\/\/legitgrams.com\/#organization\",\"name\":\"Legit Grams\",\"url\":\"https:\/\/legitgrams.com\/\",\"logo\":{\"@type\":\"ImageObject\",\"inLanguage\":\"es\",\"@id\":\"https:\/\/legitgrams.com\/#\/schema\/logo\/image\/\",\"url\":\"https:\/\/legitgrams.com\/wp-content\/uploads\/2024\/09\/main-logo.png\",\"contentUrl\":\"https:\/\/legitgrams.com\/wp-content\/uploads\/2024\/09\/main-logo.png\",\"width\":270,\"height\":75,\"caption\":\"Legit Grams\"},\"image\":{\"@id\":\"https:\/\/legitgrams.com\/#\/schema\/logo\/image\/\"}}]}<\/script>\n<!-- \/ Yoast SEO plugin. -->","yoast_head_json":{"title":"Orden Real Green Apple \u00e9xtasis p\u00edldoras en l\u00ednea @ Mejor Precio | LG","description":"Si quiere comprar pastillas de \u00e9xtasis de manzana verde reales en l\u00ednea y busca una tienda en l\u00ednea fiable, entonces compre aqu\u00ed. Ofrecemos s\u00f3lo de alta calidad real de manzana verde pastillas de \u00e9xtasis para la venta a un precio asequible. \u00a1Pida ya pastillas de \u00e9xtasis de manzana verde real!","robots":{"index":"index","follow":"follow","max-snippet":"max-snippet:-1","max-image-preview":"max-image-preview:large","max-video-preview":"max-video-preview:-1"},"canonical":"https:\/\/legitgrams.com\/es\/producto\/pastillas-reales-de-extasis-de-manzana-verde\/","og_locale":"es_ES","og_type":"article","og_title":"Order Real Green Apple Ecstasy Pills Online @ Best Price | LG","og_description":"If you want to buy real green apple ecstasy pills online and looking for a reliable online shop, then buy here. We offer only high-quality real green apple ecstasy pills for sale at an affordable price. Order Real Green Apple Ecstasy Pills Now!","og_url":"https:\/\/legitgrams.com\/es\/producto\/pastillas-reales-de-extasis-de-manzana-verde\/","og_site_name":"Legit Grams","article_modified_time":"2025-04-03T04:59:34+00:00","og_image":[{"width":600,"height":600,"url":"https:\/\/legitgrams.com\/wp-content\/uploads\/2024\/09\/order-real-green-apple-ecstasy-pills-online.jpg","type":"image\/jpeg"}],"twitter_card":"summary_large_image","twitter_misc":{"Tiempo de lectura":"3 minutos"},"schema":{"@context":"https:\/\/schema.org","@graph":[{"@type":"WebPage","@id":"https:\/\/legitgrams.com\/product\/real-green-apple-ecstasy-pills\/","url":"https:\/\/legitgrams.com\/product\/real-green-apple-ecstasy-pills\/","name":"Orden Real Green Apple \u00e9xtasis p\u00edldoras en l\u00ednea @ Mejor Precio | LG","isPartOf":{"@id":"https:\/\/legitgrams.com\/#website"},"primaryImageOfPage":{"@id":"https:\/\/legitgrams.com\/product\/real-green-apple-ecstasy-pills\/#primaryimage"},"image":{"@id":"https:\/\/legitgrams.com\/product\/real-green-apple-ecstasy-pills\/#primaryimage"},"thumbnailUrl":"https:\/\/legitgrams.com\/wp-content\/uploads\/2024\/09\/order-real-green-apple-ecstasy-pills-online.jpg","datePublished":"2024-09-22T08:18:05+00:00","dateModified":"2025-04-03T04:59:34+00:00","description":"Si quiere comprar pastillas de \u00e9xtasis de manzana verde reales en l\u00ednea y busca una tienda en l\u00ednea fiable, entonces compre aqu\u00ed. Ofrecemos s\u00f3lo de alta calidad real de manzana verde pastillas de \u00e9xtasis para la venta a un precio asequible. \u00a1Pida ya pastillas de \u00e9xtasis de manzana verde real!","breadcrumb":{"@id":"https:\/\/legitgrams.com\/product\/real-green-apple-ecstasy-pills\/#breadcrumb"},"inLanguage":"es","potentialAction":[{"@type":"ReadAction","target":["https:\/\/legitgrams.com\/product\/real-green-apple-ecstasy-pills\/"]}]},{"@type":"ImageObject","inLanguage":"es","@id":"https:\/\/legitgrams.com\/product\/real-green-apple-ecstasy-pills\/#primaryimage","url":"https:\/\/legitgrams.com\/wp-content\/uploads\/2024\/09\/order-real-green-apple-ecstasy-pills-online.jpg","contentUrl":"https:\/\/legitgrams.com\/wp-content\/uploads\/2024\/09\/order-real-green-apple-ecstasy-pills-online.jpg","width":600,"height":600,"caption":"Real Green Apple Ecstasy Pills for Sale"},{"@type":"BreadcrumbList","@id":"https:\/\/legitgrams.com\/product\/real-green-apple-ecstasy-pills\/#breadcrumb","itemListElement":[{"@type":"ListItem","position":1,"name":"Home","item":"https:\/\/legitgrams.com\/"},{"@type":"ListItem","position":2,"name":"Shop","item":"https:\/\/legitgrams.com\/shop\/"},{"@type":"ListItem","position":3,"name":"Buy Real Green Apple Ecstasy Pills Online"}]},{"@type":"WebSite","@id":"https:\/\/legitgrams.com\/#website","url":"https:\/\/legitgrams.com\/","name":"Gramos leg\u00edtimos","description":"Mi blog de WordPress","publisher":{"@id":"https:\/\/legitgrams.com\/#organization"},"potentialAction":[{"@type":"SearchAction","target":{"@type":"EntryPoint","urlTemplate":"https:\/\/legitgrams.com\/?s={search_term_string}"},"query-input":{"@type":"PropertyValueSpecification","valueRequired":true,"valueName":"search_term_string"}}],"inLanguage":"es"},{"@type":"Organization","@id":"https:\/\/legitgrams.com\/#organization","name":"Gramos leg\u00edtimos","url":"https:\/\/legitgrams.com\/","logo":{"@type":"ImageObject","inLanguage":"es","@id":"https:\/\/legitgrams.com\/#\/schema\/logo\/image\/","url":"https:\/\/legitgrams.com\/wp-content\/uploads\/2024\/09\/main-logo.png","contentUrl":"https:\/\/legitgrams.com\/wp-content\/uploads\/2024\/09\/main-logo.png","width":270,"height":75,"caption":"Legit Grams"},"image":{"@id":"https:\/\/legitgrams.com\/#\/schema\/logo\/image\/"}}]}},"uagb_featured_image_src":{"full":["https:\/\/legitgrams.com\/wp-content\/uploads\/2024\/09\/order-real-green-apple-ecstasy-pills-online.jpg",600,600,false],"thumbnail":["https:\/\/legitgrams.com\/wp-content\/uploads\/2024\/09\/order-real-green-apple-ecstasy-pills-online-150x150.jpg",150,150,true],"medium":["https:\/\/legitgrams.com\/wp-content\/uploads\/2024\/09\/order-real-green-apple-ecstasy-pills-online-300x300.jpg",300,300,true],"medium_large":["https:\/\/legitgrams.com\/wp-content\/uploads\/2024\/09\/order-real-green-apple-ecstasy-pills-online.jpg",600,600,false],"large":["https:\/\/legitgrams.com\/wp-content\/uploads\/2024\/09\/order-real-green-apple-ecstasy-pills-online.jpg",600,600,false],"1536x1536":["https:\/\/legitgrams.com\/wp-content\/uploads\/2024\/09\/order-real-green-apple-ecstasy-pills-online.jpg",600,600,false],"2048x2048":["https:\/\/legitgrams.com\/wp-content\/uploads\/2024\/09\/order-real-green-apple-ecstasy-pills-online.jpg",600,600,false],"trp-custom-language-flag":["https:\/\/legitgrams.com\/wp-content\/uploads\/2024\/09\/order-real-green-apple-ecstasy-pills-online-12x12.jpg",12,12,true],"woocommerce_thumbnail":["https:\/\/legitgrams.com\/wp-content\/uploads\/2024\/09\/order-real-green-apple-ecstasy-pills-online-300x300.jpg",300,300,true],"woocommerce_single":["https:\/\/legitgrams.com\/wp-content\/uploads\/2024\/09\/order-real-green-apple-ecstasy-pills-online.jpg",600,600,false],"woocommerce_gallery_thumbnail":["https:\/\/legitgrams.com\/wp-content\/uploads\/2024\/09\/order-real-green-apple-ecstasy-pills-online-100x100.jpg",100,100,true]},"uagb_author_info":{"display_name":"cokeblog18","author_link":"https:\/\/legitgrams.com\/es\/author\/"},"uagb_comment_info":0,"uagb_excerpt":"Purchase of Genuine Green Apple Ecstasy Pills Online I hope this axiom has made you famous. According to the proverb, &#8220;An apple a day keeps the specialist at bay.&#8221; Given all of the health advantages of eating apples, this diet aphorism may not be entirely inaccurate. Some of the health advantages of eating green apples&hellip;","_links":{"self":[{"href":"https:\/\/legitgrams.com\/es\/wp-json\/wp\/v2\/product\/4273","targetHints":{"allow":["GET"]}}],"collection":[{"href":"https:\/\/legitgrams.com\/es\/wp-json\/wp\/v2\/product"}],"about":[{"href":"https:\/\/legitgrams.com\/es\/wp-json\/wp\/v2\/types\/product"}],"replies":[{"embeddable":true,"href":"https:\/\/legitgrams.com\/es\/wp-json\/wp\/v2\/comments?post=4273"}],"wp:featuredmedia":[{"embeddable":true,"href":"https:\/\/legitgrams.com\/es\/wp-json\/wp\/v2\/media\/5203"}],"wp:attachment":[{"href":"https:\/\/legitgrams.com\/es\/wp-json\/wp\/v2\/media?parent=4273"}],"wp:term":[{"taxonomy":"product_brand","embeddable":true,"href":"https:\/\/legitgrams.com\/es\/wp-json\/wp\/v2\/product_brand?post=4273"},{"taxonomy":"product_cat","embeddable":true,"href":"https:\/\/legitgrams.com\/es\/wp-json\/wp\/v2\/product_cat?post=4273"},{"taxonomy":"product_tag","embeddable":true,"href":"https:\/\/legitgrams.com\/es\/wp-json\/wp\/v2\/product_tag?post=4273"}],"curies":[{"name":"wp","href":"https:\/\/api.w.org\/{rel}","templated":true}]}}