{"id":4276,"date":"2024-09-22T08:21:57","date_gmt":"2024-09-22T08:21:57","guid":{"rendered":"https:\/\/legitgrams.com\/?post_type=product&#038;p=4276"},"modified":"2025-01-15T05:16:01","modified_gmt":"2025-01-15T05:16:01","slug":"pastillas-de-extasis-tesla-de-calidad-real","status":"publish","type":"product","link":"https:\/\/legitgrams.com\/es\/producto\/pastillas-de-extasis-tesla-de-calidad-real\/","title":{"rendered":"pastillas de \u00e9xtasis Tesla de calidad real"},"content":{"rendered":"<h2>Compre pastillas de \u00e9xtasis Tesla aut\u00e9nticas y de alta calidad en l\u00ednea.<br \/>\n\u00bfQu\u00e9 es el \u00e9xtasis?<\/h2>\n<p>La sustancia psicoactiva sint\u00e9tica \u00e9xtasis (MDMA, 3,4-metilendioximetanfetamina) comparte similitudes qu\u00edmicas con el estimulante metanfetamina y el alucin\u00f3geno mescalina. Las cualidades psicod\u00e9licas y estimulantes de esta sustancia ilegal provocan distorsiones temporales y perceptivas, un aumento del placer ante los est\u00edmulos t\u00e1ctiles y un efecto estimulante. <a href=\"https:\/\/legitgrams.com\/es\/\">LegitGrams<\/a><\/p>\n<p>Comprar genuina <a href=\"https:\/\/legitgrams.com\/es\/producto\/pastillas-de-extasis-tesla-de-calidad-real\/\">Pastillas de \u00e9xtasis Tesla<\/a> online: comprar pastillas de \u00e9xtasis, comprar pastillas de \u00e9xtasis Tesla aut\u00e9nticas, comprar pastillas de \u00e9xtasis Tesla aut\u00e9nticas online, \u00bfD\u00f3nde puedo comprar pastillas de \u00e9xtasis Tesla aut\u00e9nticas? \u00bfD\u00f3nde puedo comprar pastillas de \u00e9xtasis Tesla aut\u00e9nticas a la venta? \u00bfD\u00f3nde puedo comprar \u00e9xtasis online? \u00bfD\u00f3nde puedo comprar? <a href=\"https:\/\/en.wikipedia.org\/wiki\/Ecstasy\">pastillas de \u00e9xtasis Tesla de calidad real<\/a> \u00bfSe venden en Estados Unidos, Canad\u00e1 y el Reino Unido? \u00bfD\u00f3nde puedo comprarlas en l\u00ednea? \u00bfD\u00f3nde puedo encontrar proveedores? Entrega segura A\u00fan puedes conseguir pastillas de \u00e9xtasis de calidad genuina de Tesla. Adem\u00e1s, puedes aprender a pedir pastillas de \u00e9xtasis Tesla genuinas y de alta calidad, si son legales en Canad\u00e1 y si son legales en Estados Unidos.<\/p>\n<h2><\/h2>\n<h2><\/h2>\n<p>&nbsp;<\/p>","protected":false},"excerpt":{"rendered":"<p>Purchase authentic, high-quality Tesla ecstasy pills online. What is ecstasy? The synthetic psychoactive substance ecstasy (MDMA, 3,4 methylenedioxymethamphetamine) shares chemical similarities with the stimulant methamphetamine and the hallucinogen mescaline. Temporal and perceptional distortions, an increase in the enjoyment of tactile stimuli, and a stimulant impact are all caused by this illegal substance&#8217;s psychedelic and stimulant &hellip;<\/p>\n<p class=\"read-more\"> <a class=\"\" href=\"https:\/\/legitgrams.com\/es\/producto\/pastillas-de-extasis-tesla-de-calidad-real\/\"> <span class=\"screen-reader-text\">pastillas de \u00e9xtasis Tesla de calidad real<\/span> Leer m\u00e1s \"<\/a><\/p>","protected":false},"featured_media":5199,"comment_status":"open","ping_status":"closed","template":"","meta":{"_uag_custom_page_level_css":"","site-sidebar-layout":"default","site-content-layout":"default","ast-global-header-display":"","ast-main-header-display":"","ast-hfb-above-header-display":"","ast-hfb-below-header-display":"","ast-hfb-mobile-header-display":"","site-post-title":"","ast-breadcrumbs-content":"","ast-featured-img":"","footer-sml-layout":"","theme-transparent-header-meta":"default","adv-header-id-meta":"","stick-header-meta":"default","header-above-stick-meta":"","header-main-stick-meta":"","header-below-stick-meta":"","_joinchat":[]},"product_brand":[],"product_cat":[596],"product_tag":[1223,1213,617,1205,1220,1217,1212,1210,1222,1204,1207,1215,1206,1208,1218,1225,1226,1224,1216,1221,1219,625,1211,1214,1209],"class_list":{"0":"post-4276","1":"product","2":"type-product","3":"status-publish","4":"has-post-thumbnail","6":"product_cat-ecstasy-pills-mdma","7":"product_tag-best-cheap-price-real-quality-tesla-ecstasy-pills","8":"product_tag-best-place-to-buy-real-quality-tesla-ecstasy-pills","9":"product_tag-bulk-online","10":"product_tag-buy-real-quality-tesla-ecstasy-pills","11":"product_tag-cheap-real-quality-tesla-ecstasy-pills","12":"product_tag-high-quality-real-quality-tesla-ecstasy-pills","13":"product_tag-how-to-buy-real-quality-tesla-ecstasy-pills","14":"product_tag-order-real-quality-tesla-ecstasy-pills","15":"product_tag-purcharse-real-quality-tesla-ecstasy-pills","16":"product_tag-real-quality-tesla-ecstasy-pills","17":"product_tag-real-quality-tesla-ecstasy-pills-for-sale","18":"product_tag-real-quality-tesla-ecstasy-pills-legally","19":"product_tag-real-quality-tesla-ecstasy-pills-online","20":"product_tag-real-quality-tesla-ecstasy-pills-real-quality-tesla-ecstasy-pills-supplier","21":"product_tag-real-quality-tesla-ecstasy-pills-store","22":"product_tag-real-quality-tesla-ecstasy-pills-use","23":"product_tag-real-quality-tesla-ecstasy-pills-wiki","24":"product_tag-real-quality-tesla-ecstasy-pills-worldwide","25":"product_tag-real-quality-tesla-ecstasy-pillsprice","26":"product_tag-real-quality-tesla-ecstasy-pillss","27":"product_tag-shop-real-quality-tesla-ecstasy-pills","28":"product_tag-top-quality","29":"product_tag-where-to-buy-real-quality-tesla-ecstasy-pills","30":"product_tag-where-to-order-real-quality-tesla-ecstasy-pills","31":"product_tag-wholesale-real-quality-tesla-ecstasy-pills","32":"desktop-align-left","33":"tablet-align-left","34":"mobile-align-left","35":"ast-product-gallery-layout-horizontal","36":"ast-product-gallery-with-no-image","37":"ast-product-single-variable","38":"ast-product-tabs-layout-horizontal","39":"ast-qv-on-image","41":"first","42":"instock","43":"shipping-taxable","44":"purchasable","45":"product-type-variable"},"yoast_head":"<!-- This site is optimized with the Yoast SEO plugin v25.9 - https:\/\/yoast.com\/wordpress\/plugins\/seo\/ -->\n<title>Buy Real Quality Tesla ecstasy Pills Online @ Best Price | LG<\/title>\n<meta name=\"description\" content=\"Explore our online store for real quality tesla ecstasy pills for sale, offering high-quality real quality tesla ecstasy pills. Buy real quality tesla ecstasy pills online. order now!\" \/>\n<meta name=\"robots\" content=\"index, follow, max-snippet:-1, max-image-preview:large, max-video-preview:-1\" \/>\n<link rel=\"canonical\" href=\"https:\/\/legitgrams.com\/es\/producto\/pastillas-de-extasis-tesla-de-calidad-real\/\" \/>\n<meta property=\"og:locale\" content=\"es_ES\" \/>\n<meta property=\"og:type\" content=\"article\" \/>\n<meta property=\"og:title\" content=\"Buy Real Quality Tesla ecstasy Pills Online @ Best Price | LG\" \/>\n<meta property=\"og:description\" content=\"Explore our online store for real quality tesla ecstasy pills for sale, offering high-quality real quality tesla ecstasy pills. Buy real quality tesla ecstasy pills online. order now!\" \/>\n<meta property=\"og:url\" content=\"https:\/\/legitgrams.com\/es\/producto\/pastillas-de-extasis-tesla-de-calidad-real\/\" \/>\n<meta property=\"og:site_name\" content=\"Legit Grams\" \/>\n<meta property=\"article:modified_time\" content=\"2025-01-15T05:16:01+00:00\" \/>\n<meta property=\"og:image\" content=\"https:\/\/legitgrams.com\/wp-content\/uploads\/2024\/09\/buy-real-quality-tesla-ecstasy-pills-online.jpg\" \/>\n\t<meta property=\"og:image:width\" content=\"600\" \/>\n\t<meta property=\"og:image:height\" content=\"600\" \/>\n\t<meta property=\"og:image:type\" content=\"image\/jpeg\" \/>\n<meta name=\"twitter:card\" content=\"summary_large_image\" \/>\n<meta name=\"twitter:label1\" content=\"Tiempo de lectura\" \/>\n\t<meta name=\"twitter:data1\" content=\"2 minutos\" \/>\n<script type=\"application\/ld+json\" class=\"yoast-schema-graph\">{\"@context\":\"https:\/\/schema.org\",\"@graph\":[{\"@type\":\"WebPage\",\"@id\":\"https:\/\/legitgrams.com\/product\/real-quality-tesla-ecstasy-pills\/\",\"url\":\"https:\/\/legitgrams.com\/product\/real-quality-tesla-ecstasy-pills\/\",\"name\":\"Buy Real Quality Tesla ecstasy Pills Online @ Best Price | LG\",\"isPartOf\":{\"@id\":\"https:\/\/legitgrams.com\/#website\"},\"primaryImageOfPage\":{\"@id\":\"https:\/\/legitgrams.com\/product\/real-quality-tesla-ecstasy-pills\/#primaryimage\"},\"image\":{\"@id\":\"https:\/\/legitgrams.com\/product\/real-quality-tesla-ecstasy-pills\/#primaryimage\"},\"thumbnailUrl\":\"https:\/\/legitgrams.com\/wp-content\/uploads\/2024\/09\/buy-real-quality-tesla-ecstasy-pills-online.jpg\",\"datePublished\":\"2024-09-22T08:21:57+00:00\",\"dateModified\":\"2025-01-15T05:16:01+00:00\",\"description\":\"Explore our online store for real quality tesla ecstasy pills for sale, offering high-quality real quality tesla ecstasy pills. Buy real quality tesla ecstasy pills online. order now!\",\"breadcrumb\":{\"@id\":\"https:\/\/legitgrams.com\/product\/real-quality-tesla-ecstasy-pills\/#breadcrumb\"},\"inLanguage\":\"es\",\"potentialAction\":[{\"@type\":\"ReadAction\",\"target\":[\"https:\/\/legitgrams.com\/product\/real-quality-tesla-ecstasy-pills\/\"]}]},{\"@type\":\"ImageObject\",\"inLanguage\":\"es\",\"@id\":\"https:\/\/legitgrams.com\/product\/real-quality-tesla-ecstasy-pills\/#primaryimage\",\"url\":\"https:\/\/legitgrams.com\/wp-content\/uploads\/2024\/09\/buy-real-quality-tesla-ecstasy-pills-online.jpg\",\"contentUrl\":\"https:\/\/legitgrams.com\/wp-content\/uploads\/2024\/09\/buy-real-quality-tesla-ecstasy-pills-online.jpg\",\"width\":600,\"height\":600,\"caption\":\"real quality Tesla ecstasy pills for Sale\"},{\"@type\":\"BreadcrumbList\",\"@id\":\"https:\/\/legitgrams.com\/product\/real-quality-tesla-ecstasy-pills\/#breadcrumb\",\"itemListElement\":[{\"@type\":\"ListItem\",\"position\":1,\"name\":\"Home\",\"item\":\"https:\/\/legitgrams.com\/\"},{\"@type\":\"ListItem\",\"position\":2,\"name\":\"Shop\",\"item\":\"https:\/\/legitgrams.com\/shop\/\"},{\"@type\":\"ListItem\",\"position\":3,\"name\":\"real quality Tesla ecstasy pills\"}]},{\"@type\":\"WebSite\",\"@id\":\"https:\/\/legitgrams.com\/#website\",\"url\":\"https:\/\/legitgrams.com\/\",\"name\":\"Legit Grams\",\"description\":\"My WordPress Blog\",\"publisher\":{\"@id\":\"https:\/\/legitgrams.com\/#organization\"},\"potentialAction\":[{\"@type\":\"SearchAction\",\"target\":{\"@type\":\"EntryPoint\",\"urlTemplate\":\"https:\/\/legitgrams.com\/?s={search_term_string}\"},\"query-input\":{\"@type\":\"PropertyValueSpecification\",\"valueRequired\":true,\"valueName\":\"search_term_string\"}}],\"inLanguage\":\"es\"},{\"@type\":\"Organization\",\"@id\":\"https:\/\/legitgrams.com\/#organization\",\"name\":\"Legit Grams\",\"url\":\"https:\/\/legitgrams.com\/\",\"logo\":{\"@type\":\"ImageObject\",\"inLanguage\":\"es\",\"@id\":\"https:\/\/legitgrams.com\/#\/schema\/logo\/image\/\",\"url\":\"https:\/\/legitgrams.com\/wp-content\/uploads\/2024\/09\/main-logo.png\",\"contentUrl\":\"https:\/\/legitgrams.com\/wp-content\/uploads\/2024\/09\/main-logo.png\",\"width\":270,\"height\":75,\"caption\":\"Legit Grams\"},\"image\":{\"@id\":\"https:\/\/legitgrams.com\/#\/schema\/logo\/image\/\"}}]}<\/script>\n<!-- \/ Yoast SEO plugin. -->","yoast_head_json":{"title":"Comprar verdadera calidad Tesla \u00e9xtasis p\u00edldoras en l\u00ednea @ Mejor Precio | LG","description":"Explore nuestra tienda en l\u00ednea para comprar pastillas de \u00e9xtasis Tesla de calidad real, que ofrece pastillas de \u00e9xtasis Tesla de alta calidad. Compre pastillas de \u00e9xtasis Tesla de calidad real en l\u00ednea. \u00a1Ordene ahora!","robots":{"index":"index","follow":"follow","max-snippet":"max-snippet:-1","max-image-preview":"max-image-preview:large","max-video-preview":"max-video-preview:-1"},"canonical":"https:\/\/legitgrams.com\/es\/producto\/pastillas-de-extasis-tesla-de-calidad-real\/","og_locale":"es_ES","og_type":"article","og_title":"Buy Real Quality Tesla ecstasy Pills Online @ Best Price | LG","og_description":"Explore our online store for real quality tesla ecstasy pills for sale, offering high-quality real quality tesla ecstasy pills. Buy real quality tesla ecstasy pills online. order now!","og_url":"https:\/\/legitgrams.com\/es\/producto\/pastillas-de-extasis-tesla-de-calidad-real\/","og_site_name":"Legit Grams","article_modified_time":"2025-01-15T05:16:01+00:00","og_image":[{"width":600,"height":600,"url":"https:\/\/legitgrams.com\/wp-content\/uploads\/2024\/09\/buy-real-quality-tesla-ecstasy-pills-online.jpg","type":"image\/jpeg"}],"twitter_card":"summary_large_image","twitter_misc":{"Tiempo de lectura":"2 minutos"},"schema":{"@context":"https:\/\/schema.org","@graph":[{"@type":"WebPage","@id":"https:\/\/legitgrams.com\/product\/real-quality-tesla-ecstasy-pills\/","url":"https:\/\/legitgrams.com\/product\/real-quality-tesla-ecstasy-pills\/","name":"Comprar verdadera calidad Tesla \u00e9xtasis p\u00edldoras en l\u00ednea @ Mejor Precio | LG","isPartOf":{"@id":"https:\/\/legitgrams.com\/#website"},"primaryImageOfPage":{"@id":"https:\/\/legitgrams.com\/product\/real-quality-tesla-ecstasy-pills\/#primaryimage"},"image":{"@id":"https:\/\/legitgrams.com\/product\/real-quality-tesla-ecstasy-pills\/#primaryimage"},"thumbnailUrl":"https:\/\/legitgrams.com\/wp-content\/uploads\/2024\/09\/buy-real-quality-tesla-ecstasy-pills-online.jpg","datePublished":"2024-09-22T08:21:57+00:00","dateModified":"2025-01-15T05:16:01+00:00","description":"Explore nuestra tienda en l\u00ednea para comprar pastillas de \u00e9xtasis Tesla de calidad real, que ofrece pastillas de \u00e9xtasis Tesla de alta calidad. Compre pastillas de \u00e9xtasis Tesla de calidad real en l\u00ednea. \u00a1Ordene ahora!","breadcrumb":{"@id":"https:\/\/legitgrams.com\/product\/real-quality-tesla-ecstasy-pills\/#breadcrumb"},"inLanguage":"es","potentialAction":[{"@type":"ReadAction","target":["https:\/\/legitgrams.com\/product\/real-quality-tesla-ecstasy-pills\/"]}]},{"@type":"ImageObject","inLanguage":"es","@id":"https:\/\/legitgrams.com\/product\/real-quality-tesla-ecstasy-pills\/#primaryimage","url":"https:\/\/legitgrams.com\/wp-content\/uploads\/2024\/09\/buy-real-quality-tesla-ecstasy-pills-online.jpg","contentUrl":"https:\/\/legitgrams.com\/wp-content\/uploads\/2024\/09\/buy-real-quality-tesla-ecstasy-pills-online.jpg","width":600,"height":600,"caption":"real quality Tesla ecstasy pills for Sale"},{"@type":"BreadcrumbList","@id":"https:\/\/legitgrams.com\/product\/real-quality-tesla-ecstasy-pills\/#breadcrumb","itemListElement":[{"@type":"ListItem","position":1,"name":"Home","item":"https:\/\/legitgrams.com\/"},{"@type":"ListItem","position":2,"name":"Shop","item":"https:\/\/legitgrams.com\/shop\/"},{"@type":"ListItem","position":3,"name":"real quality Tesla ecstasy pills"}]},{"@type":"WebSite","@id":"https:\/\/legitgrams.com\/#website","url":"https:\/\/legitgrams.com\/","name":"Gramos leg\u00edtimos","description":"Mi blog de WordPress","publisher":{"@id":"https:\/\/legitgrams.com\/#organization"},"potentialAction":[{"@type":"SearchAction","target":{"@type":"EntryPoint","urlTemplate":"https:\/\/legitgrams.com\/?s={search_term_string}"},"query-input":{"@type":"PropertyValueSpecification","valueRequired":true,"valueName":"search_term_string"}}],"inLanguage":"es"},{"@type":"Organization","@id":"https:\/\/legitgrams.com\/#organization","name":"Gramos leg\u00edtimos","url":"https:\/\/legitgrams.com\/","logo":{"@type":"ImageObject","inLanguage":"es","@id":"https:\/\/legitgrams.com\/#\/schema\/logo\/image\/","url":"https:\/\/legitgrams.com\/wp-content\/uploads\/2024\/09\/main-logo.png","contentUrl":"https:\/\/legitgrams.com\/wp-content\/uploads\/2024\/09\/main-logo.png","width":270,"height":75,"caption":"Legit Grams"},"image":{"@id":"https:\/\/legitgrams.com\/#\/schema\/logo\/image\/"}}]}},"uagb_featured_image_src":{"full":["https:\/\/legitgrams.com\/wp-content\/uploads\/2024\/09\/buy-real-quality-tesla-ecstasy-pills-online.jpg",600,600,false],"thumbnail":["https:\/\/legitgrams.com\/wp-content\/uploads\/2024\/09\/buy-real-quality-tesla-ecstasy-pills-online-150x150.jpg",150,150,true],"medium":["https:\/\/legitgrams.com\/wp-content\/uploads\/2024\/09\/buy-real-quality-tesla-ecstasy-pills-online-300x300.jpg",300,300,true],"medium_large":["https:\/\/legitgrams.com\/wp-content\/uploads\/2024\/09\/buy-real-quality-tesla-ecstasy-pills-online.jpg",600,600,false],"large":["https:\/\/legitgrams.com\/wp-content\/uploads\/2024\/09\/buy-real-quality-tesla-ecstasy-pills-online.jpg",600,600,false],"1536x1536":["https:\/\/legitgrams.com\/wp-content\/uploads\/2024\/09\/buy-real-quality-tesla-ecstasy-pills-online.jpg",600,600,false],"2048x2048":["https:\/\/legitgrams.com\/wp-content\/uploads\/2024\/09\/buy-real-quality-tesla-ecstasy-pills-online.jpg",600,600,false],"trp-custom-language-flag":["https:\/\/legitgrams.com\/wp-content\/uploads\/2024\/09\/buy-real-quality-tesla-ecstasy-pills-online-12x12.jpg",12,12,true],"woocommerce_thumbnail":["https:\/\/legitgrams.com\/wp-content\/uploads\/2024\/09\/buy-real-quality-tesla-ecstasy-pills-online-300x300.jpg",300,300,true],"woocommerce_single":["https:\/\/legitgrams.com\/wp-content\/uploads\/2024\/09\/buy-real-quality-tesla-ecstasy-pills-online.jpg",600,600,false],"woocommerce_gallery_thumbnail":["https:\/\/legitgrams.com\/wp-content\/uploads\/2024\/09\/buy-real-quality-tesla-ecstasy-pills-online-100x100.jpg",100,100,true]},"uagb_author_info":{"display_name":"cokeblog18","author_link":"https:\/\/legitgrams.com\/es\/author\/"},"uagb_comment_info":0,"uagb_excerpt":"Purchase authentic, high-quality Tesla ecstasy pills online. What is ecstasy? The synthetic psychoactive substance ecstasy (MDMA, 3,4 methylenedioxymethamphetamine) shares chemical similarities with the stimulant methamphetamine and the hallucinogen mescaline. Temporal and perceptional distortions, an increase in the enjoyment of tactile stimuli, and a stimulant impact are all caused by this illegal substance&#8217;s psychedelic and stimulant&hellip;","_links":{"self":[{"href":"https:\/\/legitgrams.com\/es\/wp-json\/wp\/v2\/product\/4276","targetHints":{"allow":["GET"]}}],"collection":[{"href":"https:\/\/legitgrams.com\/es\/wp-json\/wp\/v2\/product"}],"about":[{"href":"https:\/\/legitgrams.com\/es\/wp-json\/wp\/v2\/types\/product"}],"replies":[{"embeddable":true,"href":"https:\/\/legitgrams.com\/es\/wp-json\/wp\/v2\/comments?post=4276"}],"wp:featuredmedia":[{"embeddable":true,"href":"https:\/\/legitgrams.com\/es\/wp-json\/wp\/v2\/media\/5199"}],"wp:attachment":[{"href":"https:\/\/legitgrams.com\/es\/wp-json\/wp\/v2\/media?parent=4276"}],"wp:term":[{"taxonomy":"product_brand","embeddable":true,"href":"https:\/\/legitgrams.com\/es\/wp-json\/wp\/v2\/product_brand?post=4276"},{"taxonomy":"product_cat","embeddable":true,"href":"https:\/\/legitgrams.com\/es\/wp-json\/wp\/v2\/product_cat?post=4276"},{"taxonomy":"product_tag","embeddable":true,"href":"https:\/\/legitgrams.com\/es\/wp-json\/wp\/v2\/product_tag?post=4276"}],"curies":[{"name":"wp","href":"https:\/\/api.w.org\/{rel}","templated":true}]}}