{"id":4278,"date":"2024-09-22T08:24:50","date_gmt":"2024-09-22T08:24:50","guid":{"rendered":"https:\/\/legitgrams.com\/?post_type=product&#038;p=4278"},"modified":"2025-04-02T16:50:53","modified_gmt":"2025-04-02T16:50:53","slug":"pablo-escobar-pastillas-de-extasis","status":"publish","type":"product","link":"https:\/\/legitgrams.com\/es\/producto\/pablo-escobar-pastillas-de-extasis\/","title":{"rendered":"Comprar pastillas de \u00e9xtasis Pablo Escobar Online"},"content":{"rendered":"<h2>Comprar pastillas de \u00e9xtasis de Pablo Escobar en l\u00ednea<\/h2>\n<h3>\u00bfQu\u00e9 es el \u00e9xtasis?<\/h3>\n<p>Qu\u00edmicamente, el estimulante metanfetamina y el alucin\u00f3geno mescalina son similares a la droga psicoactiva sint\u00e9tica \u00e9xtasis (MDMA, 3,4 metilendioximetanfetamina). Esta sustancia il\u00edcita tiene propiedades psicod\u00e9licas y estimulantes, provocando distorsiones temporales y perceptivas, un aumento del placer de los est\u00edmulos t\u00e1ctiles y un efecto estimulante. <a href=\"https:\/\/legitgrams.com\/es\/\">LegitGrams<\/a><\/p>\n<p><a href=\"https:\/\/www.bing.com\/search?q=Buy%20Pablo%20Escobar%20ecstasy%20pills%20Online&amp;qs=n&amp;form=QBRE&amp;sp=-1&amp;lq=0&amp;pq=buy%20pablo%20escobar%20ecstasy%20pills%20online&amp;sc=0-38&amp;sk=&amp;cvid=93C4A42C32D148BB8F7F602D109316FB&amp;ghsh=0&amp;ghacc=0&amp;ghpl=\">purchase Ecstasy pills<\/a>, purchase <a href=\"https:\/\/legitgrams.com\/es\/producto\/pablo-escobar-pastillas-de-extasis\/\">Pablo Escobar ecstasy<\/a> pastillas, comprar pastillas de \u00e9xtasis de Pablo Escobar online, \u00bfD\u00f3nde puedo comprar? <a href=\"https:\/\/www.google.com\/search?q=Comprar+pastillas+de+xtasis+de+Pablo+Escobar+en+lnea&amp;sca_esv=eddefdb7b92e7545&amp;sxsrf=AHTn8zq8cbTkZPCOc3opNNJm1iCYaSsdYA1743616891276&amp;ei=e3vtZ4LREPWZ0PEPqbLLsQU&amp;ved=0ahUKEwjC-raL97mMAxX1DDQIHSnZMlYQ4dUDCBA&amp;uact=5&amp;oq=Comprar+pastillas+de+xtasis+de+Pablo+Escobar+en+lnea&amp;gs_lp=Egxnd3Mtd2l6LXNlcnAiOENvbXByYXIgcGFzdGlsbGFzIGRlIMOpeHRhc2lzIGRlIFBhYmxvIEVzY29iYXIgZW4gbMOtbmVhMgUQIRigATIFECEYoAFIuAlQhwRYhwRwAXgAkAEAmAGZA6ABmQOqAQM0LTG4AQPIAQD4AQL4AQGYAgGgAp8DmAMAiAYBkgcDNC0xoAeJA7IHAzQtMbgHnwM&amp;sclient=gws-wiz-serp\">Pablo Escobar pastillas de \u00e9xtasis<\/a> \u00bfEn l\u00ednea? Quiero comprar pastillas de \u00e9xtasis de Pablo Escobar en l\u00ednea, pero \u00bfd\u00f3nde puedo comprarlas? Quiero comprar pastillas de \u00e9xtasis de Pablo Escobar en l\u00ednea en EE. UU., Canad\u00e1 y el Reino Unido. Comprar en l\u00ednea, proveedores, entrega segura. Las pastillas de \u00e9xtasis de Pablo Escobar todav\u00eda est\u00e1n disponibles. \u00bfEs legal comprar pastillas de \u00e9xtasis de Pablo Escobar en Estados Unidos? \u00bfC\u00f3mo puedo adquirirlas? <a href=\"https:\/\/duckduckgo.com\/?q=Comprar+pastillas+de+xtasis+de+Pablo+Escobar+en+lnea&amp;t=h_&amp;ia=web\">Pablo Escobar pastillas de \u00e9xtasis<\/a>\u00bfLas pastillas de \u00e9xtasis est\u00e1n hechas por? <a href=\"https:\/\/en.wikipedia.org\/wiki\/Pablo_Escobar\">Pablo Escobar<\/a> \u00bfEs legal en Canad\u00e1?<\/p>","protected":false},"excerpt":{"rendered":"<p>Purchase Pablo Escobar ecstasy pills Online What is ecstasy? Chemically, the stimulant methamphetamine and the hallucinogen mescaline are similar to the synthetic psychoactive drug ecstasy (MDMA, 3,4 methylenedioxymethamphetamine). This illicit substance has psychedelic and stimulant properties, causing temporal and perceptional distortions, a boost in the pleasure of tactile stimuli, and a stimulant effect. LegitGrams purchase &hellip;<\/p>\n<p class=\"read-more\"> <a class=\"\" href=\"https:\/\/legitgrams.com\/es\/producto\/pablo-escobar-pastillas-de-extasis\/\"> <span class=\"screen-reader-text\">Comprar pastillas de \u00e9xtasis Pablo Escobar Online<\/span> Leer m\u00e1s \"<\/a><\/p>","protected":false},"featured_media":5197,"comment_status":"open","ping_status":"closed","template":"","meta":{"_uag_custom_page_level_css":"","site-sidebar-layout":"default","site-content-layout":"default","ast-global-header-display":"","ast-main-header-display":"","ast-hfb-above-header-display":"","ast-hfb-below-header-display":"","ast-hfb-mobile-header-display":"","site-post-title":"","ast-breadcrumbs-content":"","ast-featured-img":"","footer-sml-layout":"","theme-transparent-header-meta":"default","adv-header-id-meta":"","stick-header-meta":"default","header-above-stick-meta":"","header-main-stick-meta":"","header-below-stick-meta":"","_joinchat":[]},"product_brand":[],"product_cat":[596],"product_tag":[1154,1144,617,1136,1151,1148,1143,1141,1135,1138,1146,1137,1139,1149,1156,1157,1155,1147,1152,1153,1150,625,1142,1145,1140],"class_list":{"0":"post-4278","1":"product","2":"type-product","3":"status-publish","4":"has-post-thumbnail","6":"product_cat-ecstasy-pills-mdma","7":"product_tag-best-cheap-price-pablo-escobar-ecstasy-pills","8":"product_tag-best-place-to-buy-pablo-escobar-ecstasy-pills","9":"product_tag-bulk-online","10":"product_tag-buy-pablo-escobar-ecstasy-pills","11":"product_tag-cheap-pablo-escobar-ecstasy-pills","12":"product_tag-high-quality-pablo-escobar-ecstasy-pills","13":"product_tag-how-to-buy-pablo-escobar-ecstasy-pills","14":"product_tag-order-pablo-escobar-ecstasy-pills","15":"product_tag-pablo-escobar-ecstasy-pills","16":"product_tag-pablo-escobar-ecstasy-pills-for-sale","17":"product_tag-pablo-escobar-ecstasy-pills-legally","18":"product_tag-pablo-escobar-ecstasy-pills-online","19":"product_tag-pablo-escobar-ecstasy-pills-pablo-escobar-ecstasy-pills-supplier","20":"product_tag-pablo-escobar-ecstasy-pills-store","21":"product_tag-pablo-escobar-ecstasy-pills-use","22":"product_tag-pablo-escobar-ecstasy-pills-wiki","23":"product_tag-pablo-escobar-ecstasy-pills-worldwide","24":"product_tag-pablo-escobar-ecstasy-pillsprice","25":"product_tag-pablo-escobar-ecstasy-pillss","26":"product_tag-purcharse-pablo-escobar-ecstasy-pills","27":"product_tag-shop-pablo-escobar-ecstasy-pills","28":"product_tag-top-quality","29":"product_tag-where-to-buy-pablo-escobar-ecstasy-pills","30":"product_tag-where-to-order-pablo-escobar-ecstasy-pills","31":"product_tag-wholesale-pablo-escobar-ecstasy-pills","32":"desktop-align-left","33":"tablet-align-left","34":"mobile-align-left","35":"ast-product-gallery-layout-horizontal","36":"ast-product-gallery-with-no-image","37":"ast-product-single-variable","38":"ast-product-tabs-layout-horizontal","39":"ast-qv-on-image","41":"first","42":"instock","43":"shipping-taxable","44":"purchasable","45":"product-type-variable"},"yoast_head":"<!-- This site is optimized with the Yoast SEO plugin v25.9 - https:\/\/yoast.com\/wordpress\/plugins\/seo\/ -->\n<title>Pablo Escobar ecstasy pills for Sale - Buy Pablo Escobar Pills<\/title>\n<meta name=\"description\" content=\"You can get in touch with our Legitgrams store and buy pablo escobar ecstasy pills online. We have pablo escobar ecstasy pills for sale at cheap prices.\" \/>\n<meta name=\"robots\" content=\"index, follow, max-snippet:-1, max-image-preview:large, max-video-preview:-1\" \/>\n<link rel=\"canonical\" href=\"https:\/\/legitgrams.com\/es\/producto\/pablo-escobar-pastillas-de-extasis\/\" \/>\n<meta property=\"og:locale\" content=\"es_ES\" \/>\n<meta property=\"og:type\" content=\"article\" \/>\n<meta property=\"og:title\" content=\"Pablo Escobar ecstasy pills for Sale - Buy Pablo Escobar Pills\" \/>\n<meta property=\"og:description\" content=\"You can get in touch with our Legitgrams store and buy pablo escobar ecstasy pills online. We have pablo escobar ecstasy pills for sale at cheap prices.\" \/>\n<meta property=\"og:url\" content=\"https:\/\/legitgrams.com\/es\/producto\/pablo-escobar-pastillas-de-extasis\/\" \/>\n<meta property=\"og:site_name\" content=\"Legit Grams\" \/>\n<meta property=\"article:modified_time\" content=\"2025-04-02T16:50:53+00:00\" \/>\n<meta property=\"og:image\" content=\"https:\/\/legitgrams.com\/wp-content\/uploads\/2024\/09\/buy-pablo-escobar-ecstasy-pills-online.jpg\" \/>\n\t<meta property=\"og:image:width\" content=\"600\" \/>\n\t<meta property=\"og:image:height\" content=\"600\" \/>\n\t<meta property=\"og:image:type\" content=\"image\/jpeg\" \/>\n<meta name=\"twitter:card\" content=\"summary_large_image\" \/>\n<meta name=\"twitter:label1\" content=\"Tiempo de lectura\" \/>\n\t<meta name=\"twitter:data1\" content=\"1 minuto\" \/>\n<script type=\"application\/ld+json\" class=\"yoast-schema-graph\">{\"@context\":\"https:\/\/schema.org\",\"@graph\":[{\"@type\":\"WebPage\",\"@id\":\"https:\/\/legitgrams.com\/product\/pablo-escobar-ecstasy-pills\/\",\"url\":\"https:\/\/legitgrams.com\/product\/pablo-escobar-ecstasy-pills\/\",\"name\":\"Pablo Escobar ecstasy pills for Sale - Buy Pablo Escobar Pills\",\"isPartOf\":{\"@id\":\"https:\/\/legitgrams.com\/#website\"},\"primaryImageOfPage\":{\"@id\":\"https:\/\/legitgrams.com\/product\/pablo-escobar-ecstasy-pills\/#primaryimage\"},\"image\":{\"@id\":\"https:\/\/legitgrams.com\/product\/pablo-escobar-ecstasy-pills\/#primaryimage\"},\"thumbnailUrl\":\"https:\/\/legitgrams.com\/wp-content\/uploads\/2024\/09\/buy-pablo-escobar-ecstasy-pills-online.jpg\",\"datePublished\":\"2024-09-22T08:24:50+00:00\",\"dateModified\":\"2025-04-02T16:50:53+00:00\",\"description\":\"You can get in touch with our Legitgrams store and buy pablo escobar ecstasy pills online. We have pablo escobar ecstasy pills for sale at cheap prices.\",\"breadcrumb\":{\"@id\":\"https:\/\/legitgrams.com\/product\/pablo-escobar-ecstasy-pills\/#breadcrumb\"},\"inLanguage\":\"es\",\"potentialAction\":[{\"@type\":\"ReadAction\",\"target\":[\"https:\/\/legitgrams.com\/product\/pablo-escobar-ecstasy-pills\/\"]}]},{\"@type\":\"ImageObject\",\"inLanguage\":\"es\",\"@id\":\"https:\/\/legitgrams.com\/product\/pablo-escobar-ecstasy-pills\/#primaryimage\",\"url\":\"https:\/\/legitgrams.com\/wp-content\/uploads\/2024\/09\/buy-pablo-escobar-ecstasy-pills-online.jpg\",\"contentUrl\":\"https:\/\/legitgrams.com\/wp-content\/uploads\/2024\/09\/buy-pablo-escobar-ecstasy-pills-online.jpg\",\"width\":600,\"height\":600,\"caption\":\"buy-pablo-escobar-ecstasy-pills-online\"},{\"@type\":\"BreadcrumbList\",\"@id\":\"https:\/\/legitgrams.com\/product\/pablo-escobar-ecstasy-pills\/#breadcrumb\",\"itemListElement\":[{\"@type\":\"ListItem\",\"position\":1,\"name\":\"Home\",\"item\":\"https:\/\/legitgrams.com\/\"},{\"@type\":\"ListItem\",\"position\":2,\"name\":\"Shop\",\"item\":\"https:\/\/legitgrams.com\/shop\/\"},{\"@type\":\"ListItem\",\"position\":3,\"name\":\"Buy Pablo Escobar ecstasy pills Online\"}]},{\"@type\":\"WebSite\",\"@id\":\"https:\/\/legitgrams.com\/#website\",\"url\":\"https:\/\/legitgrams.com\/\",\"name\":\"Legit Grams\",\"description\":\"My WordPress Blog\",\"publisher\":{\"@id\":\"https:\/\/legitgrams.com\/#organization\"},\"potentialAction\":[{\"@type\":\"SearchAction\",\"target\":{\"@type\":\"EntryPoint\",\"urlTemplate\":\"https:\/\/legitgrams.com\/?s={search_term_string}\"},\"query-input\":{\"@type\":\"PropertyValueSpecification\",\"valueRequired\":true,\"valueName\":\"search_term_string\"}}],\"inLanguage\":\"es\"},{\"@type\":\"Organization\",\"@id\":\"https:\/\/legitgrams.com\/#organization\",\"name\":\"Legit Grams\",\"url\":\"https:\/\/legitgrams.com\/\",\"logo\":{\"@type\":\"ImageObject\",\"inLanguage\":\"es\",\"@id\":\"https:\/\/legitgrams.com\/#\/schema\/logo\/image\/\",\"url\":\"https:\/\/legitgrams.com\/wp-content\/uploads\/2024\/09\/main-logo.png\",\"contentUrl\":\"https:\/\/legitgrams.com\/wp-content\/uploads\/2024\/09\/main-logo.png\",\"width\":270,\"height\":75,\"caption\":\"Legit Grams\"},\"image\":{\"@id\":\"https:\/\/legitgrams.com\/#\/schema\/logo\/image\/\"}}]}<\/script>\n<!-- \/ Yoast SEO plugin. -->","yoast_head_json":{"title":"Pastillas de \u00e9xtasis de Pablo Escobar en venta - Comprar pastillas de Pablo Escobar","description":"Puede ponerse en contacto con nuestra tienda Legitgrams y comprar pastillas de \u00e9xtasis pablo escobar online. Tenemos pablo escobar pastillas de \u00e9xtasis a la venta a precios baratos.","robots":{"index":"index","follow":"follow","max-snippet":"max-snippet:-1","max-image-preview":"max-image-preview:large","max-video-preview":"max-video-preview:-1"},"canonical":"https:\/\/legitgrams.com\/es\/producto\/pablo-escobar-pastillas-de-extasis\/","og_locale":"es_ES","og_type":"article","og_title":"Pablo Escobar ecstasy pills for Sale - Buy Pablo Escobar Pills","og_description":"You can get in touch with our Legitgrams store and buy pablo escobar ecstasy pills online. We have pablo escobar ecstasy pills for sale at cheap prices.","og_url":"https:\/\/legitgrams.com\/es\/producto\/pablo-escobar-pastillas-de-extasis\/","og_site_name":"Legit Grams","article_modified_time":"2025-04-02T16:50:53+00:00","og_image":[{"width":600,"height":600,"url":"https:\/\/legitgrams.com\/wp-content\/uploads\/2024\/09\/buy-pablo-escobar-ecstasy-pills-online.jpg","type":"image\/jpeg"}],"twitter_card":"summary_large_image","twitter_misc":{"Tiempo de lectura":"1 minuto"},"schema":{"@context":"https:\/\/schema.org","@graph":[{"@type":"WebPage","@id":"https:\/\/legitgrams.com\/product\/pablo-escobar-ecstasy-pills\/","url":"https:\/\/legitgrams.com\/product\/pablo-escobar-ecstasy-pills\/","name":"Pastillas de \u00e9xtasis de Pablo Escobar en venta - Comprar pastillas de Pablo Escobar","isPartOf":{"@id":"https:\/\/legitgrams.com\/#website"},"primaryImageOfPage":{"@id":"https:\/\/legitgrams.com\/product\/pablo-escobar-ecstasy-pills\/#primaryimage"},"image":{"@id":"https:\/\/legitgrams.com\/product\/pablo-escobar-ecstasy-pills\/#primaryimage"},"thumbnailUrl":"https:\/\/legitgrams.com\/wp-content\/uploads\/2024\/09\/buy-pablo-escobar-ecstasy-pills-online.jpg","datePublished":"2024-09-22T08:24:50+00:00","dateModified":"2025-04-02T16:50:53+00:00","description":"Puede ponerse en contacto con nuestra tienda Legitgrams y comprar pastillas de \u00e9xtasis pablo escobar online. Tenemos pablo escobar pastillas de \u00e9xtasis a la venta a precios baratos.","breadcrumb":{"@id":"https:\/\/legitgrams.com\/product\/pablo-escobar-ecstasy-pills\/#breadcrumb"},"inLanguage":"es","potentialAction":[{"@type":"ReadAction","target":["https:\/\/legitgrams.com\/product\/pablo-escobar-ecstasy-pills\/"]}]},{"@type":"ImageObject","inLanguage":"es","@id":"https:\/\/legitgrams.com\/product\/pablo-escobar-ecstasy-pills\/#primaryimage","url":"https:\/\/legitgrams.com\/wp-content\/uploads\/2024\/09\/buy-pablo-escobar-ecstasy-pills-online.jpg","contentUrl":"https:\/\/legitgrams.com\/wp-content\/uploads\/2024\/09\/buy-pablo-escobar-ecstasy-pills-online.jpg","width":600,"height":600,"caption":"buy-pablo-escobar-ecstasy-pills-online"},{"@type":"BreadcrumbList","@id":"https:\/\/legitgrams.com\/product\/pablo-escobar-ecstasy-pills\/#breadcrumb","itemListElement":[{"@type":"ListItem","position":1,"name":"Home","item":"https:\/\/legitgrams.com\/"},{"@type":"ListItem","position":2,"name":"Shop","item":"https:\/\/legitgrams.com\/shop\/"},{"@type":"ListItem","position":3,"name":"Buy Pablo Escobar ecstasy pills Online"}]},{"@type":"WebSite","@id":"https:\/\/legitgrams.com\/#website","url":"https:\/\/legitgrams.com\/","name":"Gramos leg\u00edtimos","description":"Mi blog de WordPress","publisher":{"@id":"https:\/\/legitgrams.com\/#organization"},"potentialAction":[{"@type":"SearchAction","target":{"@type":"EntryPoint","urlTemplate":"https:\/\/legitgrams.com\/?s={search_term_string}"},"query-input":{"@type":"PropertyValueSpecification","valueRequired":true,"valueName":"search_term_string"}}],"inLanguage":"es"},{"@type":"Organization","@id":"https:\/\/legitgrams.com\/#organization","name":"Gramos leg\u00edtimos","url":"https:\/\/legitgrams.com\/","logo":{"@type":"ImageObject","inLanguage":"es","@id":"https:\/\/legitgrams.com\/#\/schema\/logo\/image\/","url":"https:\/\/legitgrams.com\/wp-content\/uploads\/2024\/09\/main-logo.png","contentUrl":"https:\/\/legitgrams.com\/wp-content\/uploads\/2024\/09\/main-logo.png","width":270,"height":75,"caption":"Legit Grams"},"image":{"@id":"https:\/\/legitgrams.com\/#\/schema\/logo\/image\/"}}]}},"uagb_featured_image_src":{"full":["https:\/\/legitgrams.com\/wp-content\/uploads\/2024\/09\/buy-pablo-escobar-ecstasy-pills-online.jpg",600,600,false],"thumbnail":["https:\/\/legitgrams.com\/wp-content\/uploads\/2024\/09\/buy-pablo-escobar-ecstasy-pills-online-150x150.jpg",150,150,true],"medium":["https:\/\/legitgrams.com\/wp-content\/uploads\/2024\/09\/buy-pablo-escobar-ecstasy-pills-online-300x300.jpg",300,300,true],"medium_large":["https:\/\/legitgrams.com\/wp-content\/uploads\/2024\/09\/buy-pablo-escobar-ecstasy-pills-online.jpg",600,600,false],"large":["https:\/\/legitgrams.com\/wp-content\/uploads\/2024\/09\/buy-pablo-escobar-ecstasy-pills-online.jpg",600,600,false],"1536x1536":["https:\/\/legitgrams.com\/wp-content\/uploads\/2024\/09\/buy-pablo-escobar-ecstasy-pills-online.jpg",600,600,false],"2048x2048":["https:\/\/legitgrams.com\/wp-content\/uploads\/2024\/09\/buy-pablo-escobar-ecstasy-pills-online.jpg",600,600,false],"trp-custom-language-flag":["https:\/\/legitgrams.com\/wp-content\/uploads\/2024\/09\/buy-pablo-escobar-ecstasy-pills-online-12x12.jpg",12,12,true],"woocommerce_thumbnail":["https:\/\/legitgrams.com\/wp-content\/uploads\/2024\/09\/buy-pablo-escobar-ecstasy-pills-online-300x300.jpg",300,300,true],"woocommerce_single":["https:\/\/legitgrams.com\/wp-content\/uploads\/2024\/09\/buy-pablo-escobar-ecstasy-pills-online.jpg",600,600,false],"woocommerce_gallery_thumbnail":["https:\/\/legitgrams.com\/wp-content\/uploads\/2024\/09\/buy-pablo-escobar-ecstasy-pills-online-100x100.jpg",100,100,true]},"uagb_author_info":{"display_name":"cokeblog18","author_link":"https:\/\/legitgrams.com\/es\/author\/"},"uagb_comment_info":0,"uagb_excerpt":"Purchase Pablo Escobar ecstasy pills Online What is ecstasy? Chemically, the stimulant methamphetamine and the hallucinogen mescaline are similar to the synthetic psychoactive drug ecstasy (MDMA, 3,4 methylenedioxymethamphetamine). This illicit substance has psychedelic and stimulant properties, causing temporal and perceptional distortions, a boost in the pleasure of tactile stimuli, and a stimulant effect. LegitGrams purchase&hellip;","_links":{"self":[{"href":"https:\/\/legitgrams.com\/es\/wp-json\/wp\/v2\/product\/4278","targetHints":{"allow":["GET"]}}],"collection":[{"href":"https:\/\/legitgrams.com\/es\/wp-json\/wp\/v2\/product"}],"about":[{"href":"https:\/\/legitgrams.com\/es\/wp-json\/wp\/v2\/types\/product"}],"replies":[{"embeddable":true,"href":"https:\/\/legitgrams.com\/es\/wp-json\/wp\/v2\/comments?post=4278"}],"wp:featuredmedia":[{"embeddable":true,"href":"https:\/\/legitgrams.com\/es\/wp-json\/wp\/v2\/media\/5197"}],"wp:attachment":[{"href":"https:\/\/legitgrams.com\/es\/wp-json\/wp\/v2\/media?parent=4278"}],"wp:term":[{"taxonomy":"product_brand","embeddable":true,"href":"https:\/\/legitgrams.com\/es\/wp-json\/wp\/v2\/product_brand?post=4278"},{"taxonomy":"product_cat","embeddable":true,"href":"https:\/\/legitgrams.com\/es\/wp-json\/wp\/v2\/product_cat?post=4278"},{"taxonomy":"product_tag","embeddable":true,"href":"https:\/\/legitgrams.com\/es\/wp-json\/wp\/v2\/product_tag?post=4278"}],"curies":[{"name":"wp","href":"https:\/\/api.w.org\/{rel}","templated":true}]}}