{"id":4281,"date":"2024-09-22T08:38:03","date_gmt":"2024-09-22T08:38:03","guid":{"rendered":"https:\/\/legitgrams.com\/?post_type=product&#038;p=4281"},"modified":"2025-01-14T05:18:45","modified_gmt":"2025-01-14T05:18:45","slug":"pastillas-de-extasis-green-star","status":"publish","type":"product","link":"https:\/\/legitgrams.com\/es\/producto\/pastillas-de-extasis-green-star\/","title":{"rendered":"Pastillas de \u00e9xtasis Green Star"},"content":{"rendered":"<h2>Compra de pastillas de \u00e9xtasis Green Star en l\u00ednea<\/h2>\n<p>En 1912, <a href=\"https:\/\/legitgrams.com\/es\/producto\/pastillas-de-extasis-green-star\/\">Luz verde \u00c9xtasis\u00a0\u00a0<\/a> La primera vez que se introdujo fue en colaboraci\u00f3n con la farmac\u00e9utica Merck. Se le dio el nombre de \u201cMDMA\u201d debido a su estructura distintiva. En 1953, las Fuerzas Armadas de los Estados Unidos la emplearon por primera vez en ejercicios de guerra mental. En la d\u00e9cada de 1960, se recet\u00f3 una vez m\u00e1s como una forma de \u201creducir las inhibiciones\u201d en la psicoterapia.1 No fue hasta la d\u00e9cada de 1970 que la MDMA se utiliz\u00f3 como medicina social.<\/p>\n<p>A mediados de los a\u00f1os 1980, el MDMA se comercializaba como \u201cla cosa m\u00e1s efervescente en el mundo de la b\u00fasqueda de diversi\u00f3n a trav\u00e9s de la ciencia\u201d y como la \u201cdroga de moda\u201d para las fiestas de larga duraci\u00f3n. En 1984, el MDMA todav\u00eda era legal y se vend\u00eda bajo el nombre de \u201cDelight\u201d, pero en 1985, las preocupaciones de seguridad hab\u00edan obligado a imponer restricciones a la distribuci\u00f3n de la droga. <a href=\"https:\/\/en.wikipedia.org\/wiki\/Ecstasy\">\u00a0<\/a><a href=\"https:\/\/legitgrams.com\/es\/\">LegitGrams<\/a><\/p>\n<p>Luz verde Para quienes padecen trastorno de estr\u00e9s postraum\u00e1tico (TEPT), el \u00e9xtasis puede ser beneficioso. Muchos pacientes tienen dificultades para hablar de los acontecimientos angustiantes que provocaron sus problemas. Una perspectiva es que la alegr\u00eda puede ayudar a las personas a lidiar con estas heridas.<\/p>\n<p>A pesar de no ser un investigador ni un experto en la materia, Doblin, de 50 a\u00f1os, ha consumido la droga con frecuencia y en grandes cantidades, por lo que tiene un conocimiento general sobre ella. \u201cHa hecho una enorme contribuci\u00f3n a mi vida\u201d, dijo. Ha reconocido haber difundido la idea de que Rapture y las drogas psicod\u00e9licas ten\u00edan efectos significativos en la salud mental a lo largo de los a\u00f1os.<\/p>\n<p>Si ha estado buscando una empresa que le pueda ofrecer los mejores productos, ha llegado al lugar correcto. Puede seleccionar las mejores opciones en nuestra base debido a la alta calidad de nuestros art\u00edculos, lo que nos ayudar\u00e1 a ganar su confianza y construir una relaci\u00f3n sincera. Si realiza su pedido hoy, Green Star Ecstasy se entregar\u00e1 en su hogar dentro de los pr\u00f3ximos cinco d\u00edas h\u00e1biles.<\/p>\n<p>\u00bfD\u00f3nde puedo encontrar pastillas de \u00e9xtasis Green Star online? Comprar <a href=\"https:\/\/en.wikipedia.org\/wiki\/Ecstasy\">\u00c9xtasis<\/a> pastillas, comprar pastillas de \u00e9xtasis Green Star y comprar \u00e9xtasis Green Star en l\u00ednea. \u00bfD\u00f3nde puedo encontrar pastillas de \u00e9xtasis a la venta en l\u00ednea? \u00bfD\u00f3nde puedo adquirir pastillas de \u00e9xtasis Green Star en EE. UU., Canad\u00e1 y el Reino Unido? \u00bfD\u00f3nde puedo comprarlas en l\u00ednea? \u00bfCu\u00e1les son los proveedores? \u00bfC\u00f3mo puedo obtener una entrega segura? todav\u00eda accesible. Puede averiguar si son legales en Canad\u00e1, d\u00f3nde obtenerlas en l\u00ednea y si son legales en los Estados Unidos.<\/p>\n<p>&nbsp;<\/p>\n<p><a href=\"https:\/\/en.wikipedia.org\/wiki\/Ecstasy\">\u00a0\u00a0<\/a><\/p>","protected":false},"excerpt":{"rendered":"<p>Online Green Star Ecstasy Pill Purchase In 1912, Green light Ecstacy\u00a0\u00a0 was first introduced by Merck&#8217;s pharmaceutical collaboration. It was given the name &#8220;MDMA&#8221; because to its distinct structure. In 1953, the United States Armed Forces employed it for the first time in mental warfare exercises. In the 1960s, it was once more prescribed as &hellip;<\/p>\n<p class=\"read-more\"> <a class=\"\" href=\"https:\/\/legitgrams.com\/es\/producto\/pastillas-de-extasis-green-star\/\"> <span class=\"screen-reader-text\">Pastillas de \u00e9xtasis Green Star<\/span> Leer m\u00e1s \"<\/a><\/p>","protected":false},"featured_media":5196,"comment_status":"open","ping_status":"closed","template":"","meta":{"_uag_custom_page_level_css":"","site-sidebar-layout":"default","site-content-layout":"default","ast-global-header-display":"","ast-main-header-display":"","ast-hfb-above-header-display":"","ast-hfb-below-header-display":"","ast-hfb-mobile-header-display":"","site-post-title":"","ast-breadcrumbs-content":"","ast-featured-img":"","footer-sml-layout":"","theme-transparent-header-meta":"default","adv-header-id-meta":"","stick-header-meta":"default","header-above-stick-meta":"","header-main-stick-meta":"","header-below-stick-meta":"","_joinchat":[]},"product_brand":[],"product_cat":[596],"product_tag":[1131,1121,617,1113,1128,1112,1115,1116,1123,1114,1126,1133,1134,1132,1124,1129,1125,1120,1118,1130,1127,625,1119,1122,1117],"class_list":{"0":"post-4281","1":"product","2":"type-product","3":"status-publish","4":"has-post-thumbnail","6":"product_cat-ecstasy-pills-mdma","7":"product_tag-best-cheap-price-green-star-ecstasy-pills","8":"product_tag-best-place-to-buy-green-star-ecstasy-pills","9":"product_tag-bulk-online","10":"product_tag-buy-green-star-ecstasy-pills","11":"product_tag-cheap-green-star-ecstasy-pills","12":"product_tag-green-star-ecstasy-pills","13":"product_tag-green-star-ecstasy-pills-for-sale","14":"product_tag-green-star-ecstasy-pills-green-star-ecstasy-pills-supplier","15":"product_tag-green-star-ecstasy-pills-legally","16":"product_tag-green-star-ecstasy-pills-online","17":"product_tag-green-star-ecstasy-pills-store","18":"product_tag-green-star-ecstasy-pills-use","19":"product_tag-green-star-ecstasy-pills-wiki","20":"product_tag-green-star-ecstasy-pills-worldwide","21":"product_tag-green-star-ecstasy-pillsprice","22":"product_tag-green-star-ecstasy-pillss","23":"product_tag-high-quality-green-star-ecstasy-pills","24":"product_tag-how-to-buy-green-star-ecstasy-pills","25":"product_tag-order-green-star-ecstasy-pills","26":"product_tag-purcharse-green-star-ecstasy-pills","27":"product_tag-shop-green-star-ecstasy-pills","28":"product_tag-top-quality","29":"product_tag-where-to-buy-green-star-ecstasy-pills","30":"product_tag-where-to-order-green-star-ecstasy-pills","31":"product_tag-wholesale-green-star-ecstasy-pills","32":"desktop-align-left","33":"tablet-align-left","34":"mobile-align-left","35":"ast-product-gallery-layout-horizontal","36":"ast-product-gallery-with-no-image","37":"ast-product-single-variable","38":"ast-product-tabs-layout-horizontal","39":"ast-qv-on-image","41":"first","42":"instock","43":"featured","44":"shipping-taxable","45":"purchasable","46":"product-type-variable"},"yoast_head":"<!-- This site is optimized with the Yoast SEO plugin v25.9 - https:\/\/yoast.com\/wordpress\/plugins\/seo\/ -->\n<title>Green Star Ecstasy Pills for Sale - Order Green Star Ecstasy Pills<\/title>\n<meta name=\"description\" content=\"You can buy green star ecstasy pills online at the best prices from our online store. We have cheap and high-quality green star ecstasy pills for sale and providing worldwide delivery. You can order from anytime, anywhere.\" \/>\n<meta name=\"robots\" content=\"index, follow, max-snippet:-1, max-image-preview:large, max-video-preview:-1\" \/>\n<link rel=\"canonical\" href=\"https:\/\/legitgrams.com\/es\/producto\/pastillas-de-extasis-green-star\/\" \/>\n<meta property=\"og:locale\" content=\"es_ES\" \/>\n<meta property=\"og:type\" content=\"article\" \/>\n<meta property=\"og:title\" content=\"Green Star Ecstasy Pills for Sale - Order Green Star Ecstasy Pills\" \/>\n<meta property=\"og:description\" content=\"You can buy green star ecstasy pills online at the best prices from our online store. We have cheap and high-quality green star ecstasy pills for sale and providing worldwide delivery. You can order from anytime, anywhere.\" \/>\n<meta property=\"og:url\" content=\"https:\/\/legitgrams.com\/es\/producto\/pastillas-de-extasis-green-star\/\" \/>\n<meta property=\"og:site_name\" content=\"Legit Grams\" \/>\n<meta property=\"article:modified_time\" content=\"2025-01-14T05:18:45+00:00\" \/>\n<meta property=\"og:image\" content=\"https:\/\/legitgrams.com\/wp-content\/uploads\/2024\/09\/buy-green-star-ecstasy-pills-online.jpg\" \/>\n\t<meta property=\"og:image:width\" content=\"600\" \/>\n\t<meta property=\"og:image:height\" content=\"600\" \/>\n\t<meta property=\"og:image:type\" content=\"image\/jpeg\" \/>\n<meta name=\"twitter:card\" content=\"summary_large_image\" \/>\n<meta name=\"twitter:label1\" content=\"Tiempo de lectura\" \/>\n\t<meta name=\"twitter:data1\" content=\"2 minutos\" \/>\n<script type=\"application\/ld+json\" class=\"yoast-schema-graph\">{\"@context\":\"https:\/\/schema.org\",\"@graph\":[{\"@type\":\"WebPage\",\"@id\":\"https:\/\/legitgrams.com\/product\/green-star-ecstasy-pills\/\",\"url\":\"https:\/\/legitgrams.com\/product\/green-star-ecstasy-pills\/\",\"name\":\"Green Star Ecstasy Pills for Sale - Order Green Star Ecstasy Pills\",\"isPartOf\":{\"@id\":\"https:\/\/legitgrams.com\/#website\"},\"primaryImageOfPage\":{\"@id\":\"https:\/\/legitgrams.com\/product\/green-star-ecstasy-pills\/#primaryimage\"},\"image\":{\"@id\":\"https:\/\/legitgrams.com\/product\/green-star-ecstasy-pills\/#primaryimage\"},\"thumbnailUrl\":\"https:\/\/legitgrams.com\/wp-content\/uploads\/2024\/09\/buy-green-star-ecstasy-pills-online.jpg\",\"datePublished\":\"2024-09-22T08:38:03+00:00\",\"dateModified\":\"2025-01-14T05:18:45+00:00\",\"description\":\"You can buy green star ecstasy pills online at the best prices from our online store. We have cheap and high-quality green star ecstasy pills for sale and providing worldwide delivery. You can order from anytime, anywhere.\",\"breadcrumb\":{\"@id\":\"https:\/\/legitgrams.com\/product\/green-star-ecstasy-pills\/#breadcrumb\"},\"inLanguage\":\"es\",\"potentialAction\":[{\"@type\":\"ReadAction\",\"target\":[\"https:\/\/legitgrams.com\/product\/green-star-ecstasy-pills\/\"]}]},{\"@type\":\"ImageObject\",\"inLanguage\":\"es\",\"@id\":\"https:\/\/legitgrams.com\/product\/green-star-ecstasy-pills\/#primaryimage\",\"url\":\"https:\/\/legitgrams.com\/wp-content\/uploads\/2024\/09\/buy-green-star-ecstasy-pills-online.jpg\",\"contentUrl\":\"https:\/\/legitgrams.com\/wp-content\/uploads\/2024\/09\/buy-green-star-ecstasy-pills-online.jpg\",\"width\":600,\"height\":600,\"caption\":\"Green Star Ecstasy Pills for Sale\"},{\"@type\":\"BreadcrumbList\",\"@id\":\"https:\/\/legitgrams.com\/product\/green-star-ecstasy-pills\/#breadcrumb\",\"itemListElement\":[{\"@type\":\"ListItem\",\"position\":1,\"name\":\"Home\",\"item\":\"https:\/\/legitgrams.com\/\"},{\"@type\":\"ListItem\",\"position\":2,\"name\":\"Shop\",\"item\":\"https:\/\/legitgrams.com\/shop\/\"},{\"@type\":\"ListItem\",\"position\":3,\"name\":\"Green Star Ecstasy Pills\"}]},{\"@type\":\"WebSite\",\"@id\":\"https:\/\/legitgrams.com\/#website\",\"url\":\"https:\/\/legitgrams.com\/\",\"name\":\"Legit Grams\",\"description\":\"My WordPress Blog\",\"publisher\":{\"@id\":\"https:\/\/legitgrams.com\/#organization\"},\"potentialAction\":[{\"@type\":\"SearchAction\",\"target\":{\"@type\":\"EntryPoint\",\"urlTemplate\":\"https:\/\/legitgrams.com\/?s={search_term_string}\"},\"query-input\":{\"@type\":\"PropertyValueSpecification\",\"valueRequired\":true,\"valueName\":\"search_term_string\"}}],\"inLanguage\":\"es\"},{\"@type\":\"Organization\",\"@id\":\"https:\/\/legitgrams.com\/#organization\",\"name\":\"Legit Grams\",\"url\":\"https:\/\/legitgrams.com\/\",\"logo\":{\"@type\":\"ImageObject\",\"inLanguage\":\"es\",\"@id\":\"https:\/\/legitgrams.com\/#\/schema\/logo\/image\/\",\"url\":\"https:\/\/legitgrams.com\/wp-content\/uploads\/2024\/09\/main-logo.png\",\"contentUrl\":\"https:\/\/legitgrams.com\/wp-content\/uploads\/2024\/09\/main-logo.png\",\"width\":270,\"height\":75,\"caption\":\"Legit Grams\"},\"image\":{\"@id\":\"https:\/\/legitgrams.com\/#\/schema\/logo\/image\/\"}}]}<\/script>\n<!-- \/ Yoast SEO plugin. -->","yoast_head_json":{"title":"Pastillas de \u00e9xtasis Green Star a la venta: compre pastillas de \u00e9xtasis Green Star","description":"Puede comprar pastillas de \u00e9xtasis Green Star en l\u00ednea a los mejores precios en nuestra tienda en l\u00ednea. Tenemos pastillas de \u00e9xtasis Green Star baratas y de alta calidad a la venta y ofrecemos entregas a nivel mundial. Puede realizar pedidos en cualquier momento y en cualquier lugar.","robots":{"index":"index","follow":"follow","max-snippet":"max-snippet:-1","max-image-preview":"max-image-preview:large","max-video-preview":"max-video-preview:-1"},"canonical":"https:\/\/legitgrams.com\/es\/producto\/pastillas-de-extasis-green-star\/","og_locale":"es_ES","og_type":"article","og_title":"Green Star Ecstasy Pills for Sale - Order Green Star Ecstasy Pills","og_description":"You can buy green star ecstasy pills online at the best prices from our online store. We have cheap and high-quality green star ecstasy pills for sale and providing worldwide delivery. You can order from anytime, anywhere.","og_url":"https:\/\/legitgrams.com\/es\/producto\/pastillas-de-extasis-green-star\/","og_site_name":"Legit Grams","article_modified_time":"2025-01-14T05:18:45+00:00","og_image":[{"width":600,"height":600,"url":"https:\/\/legitgrams.com\/wp-content\/uploads\/2024\/09\/buy-green-star-ecstasy-pills-online.jpg","type":"image\/jpeg"}],"twitter_card":"summary_large_image","twitter_misc":{"Tiempo de lectura":"2 minutos"},"schema":{"@context":"https:\/\/schema.org","@graph":[{"@type":"WebPage","@id":"https:\/\/legitgrams.com\/product\/green-star-ecstasy-pills\/","url":"https:\/\/legitgrams.com\/product\/green-star-ecstasy-pills\/","name":"Pastillas de \u00e9xtasis Green Star a la venta: compre pastillas de \u00e9xtasis Green Star","isPartOf":{"@id":"https:\/\/legitgrams.com\/#website"},"primaryImageOfPage":{"@id":"https:\/\/legitgrams.com\/product\/green-star-ecstasy-pills\/#primaryimage"},"image":{"@id":"https:\/\/legitgrams.com\/product\/green-star-ecstasy-pills\/#primaryimage"},"thumbnailUrl":"https:\/\/legitgrams.com\/wp-content\/uploads\/2024\/09\/buy-green-star-ecstasy-pills-online.jpg","datePublished":"2024-09-22T08:38:03+00:00","dateModified":"2025-01-14T05:18:45+00:00","description":"Puede comprar pastillas de \u00e9xtasis Green Star en l\u00ednea a los mejores precios en nuestra tienda en l\u00ednea. Tenemos pastillas de \u00e9xtasis Green Star baratas y de alta calidad a la venta y ofrecemos entregas a nivel mundial. Puede realizar pedidos en cualquier momento y en cualquier lugar.","breadcrumb":{"@id":"https:\/\/legitgrams.com\/product\/green-star-ecstasy-pills\/#breadcrumb"},"inLanguage":"es","potentialAction":[{"@type":"ReadAction","target":["https:\/\/legitgrams.com\/product\/green-star-ecstasy-pills\/"]}]},{"@type":"ImageObject","inLanguage":"es","@id":"https:\/\/legitgrams.com\/product\/green-star-ecstasy-pills\/#primaryimage","url":"https:\/\/legitgrams.com\/wp-content\/uploads\/2024\/09\/buy-green-star-ecstasy-pills-online.jpg","contentUrl":"https:\/\/legitgrams.com\/wp-content\/uploads\/2024\/09\/buy-green-star-ecstasy-pills-online.jpg","width":600,"height":600,"caption":"Green Star Ecstasy Pills for Sale"},{"@type":"BreadcrumbList","@id":"https:\/\/legitgrams.com\/product\/green-star-ecstasy-pills\/#breadcrumb","itemListElement":[{"@type":"ListItem","position":1,"name":"Home","item":"https:\/\/legitgrams.com\/"},{"@type":"ListItem","position":2,"name":"Shop","item":"https:\/\/legitgrams.com\/shop\/"},{"@type":"ListItem","position":3,"name":"Green Star Ecstasy Pills"}]},{"@type":"WebSite","@id":"https:\/\/legitgrams.com\/#website","url":"https:\/\/legitgrams.com\/","name":"Gramos leg\u00edtimos","description":"Mi blog de WordPress","publisher":{"@id":"https:\/\/legitgrams.com\/#organization"},"potentialAction":[{"@type":"SearchAction","target":{"@type":"EntryPoint","urlTemplate":"https:\/\/legitgrams.com\/?s={search_term_string}"},"query-input":{"@type":"PropertyValueSpecification","valueRequired":true,"valueName":"search_term_string"}}],"inLanguage":"es"},{"@type":"Organization","@id":"https:\/\/legitgrams.com\/#organization","name":"Gramos leg\u00edtimos","url":"https:\/\/legitgrams.com\/","logo":{"@type":"ImageObject","inLanguage":"es","@id":"https:\/\/legitgrams.com\/#\/schema\/logo\/image\/","url":"https:\/\/legitgrams.com\/wp-content\/uploads\/2024\/09\/main-logo.png","contentUrl":"https:\/\/legitgrams.com\/wp-content\/uploads\/2024\/09\/main-logo.png","width":270,"height":75,"caption":"Legit Grams"},"image":{"@id":"https:\/\/legitgrams.com\/#\/schema\/logo\/image\/"}}]}},"uagb_featured_image_src":{"full":["https:\/\/legitgrams.com\/wp-content\/uploads\/2024\/09\/buy-green-star-ecstasy-pills-online.jpg",600,600,false],"thumbnail":["https:\/\/legitgrams.com\/wp-content\/uploads\/2024\/09\/buy-green-star-ecstasy-pills-online-150x150.jpg",150,150,true],"medium":["https:\/\/legitgrams.com\/wp-content\/uploads\/2024\/09\/buy-green-star-ecstasy-pills-online-300x300.jpg",300,300,true],"medium_large":["https:\/\/legitgrams.com\/wp-content\/uploads\/2024\/09\/buy-green-star-ecstasy-pills-online.jpg",600,600,false],"large":["https:\/\/legitgrams.com\/wp-content\/uploads\/2024\/09\/buy-green-star-ecstasy-pills-online.jpg",600,600,false],"1536x1536":["https:\/\/legitgrams.com\/wp-content\/uploads\/2024\/09\/buy-green-star-ecstasy-pills-online.jpg",600,600,false],"2048x2048":["https:\/\/legitgrams.com\/wp-content\/uploads\/2024\/09\/buy-green-star-ecstasy-pills-online.jpg",600,600,false],"trp-custom-language-flag":["https:\/\/legitgrams.com\/wp-content\/uploads\/2024\/09\/buy-green-star-ecstasy-pills-online-12x12.jpg",12,12,true],"woocommerce_thumbnail":["https:\/\/legitgrams.com\/wp-content\/uploads\/2024\/09\/buy-green-star-ecstasy-pills-online-300x300.jpg",300,300,true],"woocommerce_single":["https:\/\/legitgrams.com\/wp-content\/uploads\/2024\/09\/buy-green-star-ecstasy-pills-online.jpg",600,600,false],"woocommerce_gallery_thumbnail":["https:\/\/legitgrams.com\/wp-content\/uploads\/2024\/09\/buy-green-star-ecstasy-pills-online-100x100.jpg",100,100,true]},"uagb_author_info":{"display_name":"cokeblog18","author_link":"https:\/\/legitgrams.com\/es\/author\/"},"uagb_comment_info":0,"uagb_excerpt":"Online Green Star Ecstasy Pill Purchase In 1912, Green light Ecstacy\u00a0\u00a0 was first introduced by Merck&#8217;s pharmaceutical collaboration. It was given the name &#8220;MDMA&#8221; because to its distinct structure. In 1953, the United States Armed Forces employed it for the first time in mental warfare exercises. In the 1960s, it was once more prescribed as&hellip;","_links":{"self":[{"href":"https:\/\/legitgrams.com\/es\/wp-json\/wp\/v2\/product\/4281","targetHints":{"allow":["GET"]}}],"collection":[{"href":"https:\/\/legitgrams.com\/es\/wp-json\/wp\/v2\/product"}],"about":[{"href":"https:\/\/legitgrams.com\/es\/wp-json\/wp\/v2\/types\/product"}],"replies":[{"embeddable":true,"href":"https:\/\/legitgrams.com\/es\/wp-json\/wp\/v2\/comments?post=4281"}],"wp:featuredmedia":[{"embeddable":true,"href":"https:\/\/legitgrams.com\/es\/wp-json\/wp\/v2\/media\/5196"}],"wp:attachment":[{"href":"https:\/\/legitgrams.com\/es\/wp-json\/wp\/v2\/media?parent=4281"}],"wp:term":[{"taxonomy":"product_brand","embeddable":true,"href":"https:\/\/legitgrams.com\/es\/wp-json\/wp\/v2\/product_brand?post=4281"},{"taxonomy":"product_cat","embeddable":true,"href":"https:\/\/legitgrams.com\/es\/wp-json\/wp\/v2\/product_cat?post=4281"},{"taxonomy":"product_tag","embeddable":true,"href":"https:\/\/legitgrams.com\/es\/wp-json\/wp\/v2\/product_tag?post=4281"}],"curies":[{"name":"wp","href":"https:\/\/api.w.org\/{rel}","templated":true}]}}