{"id":4292,"date":"2024-09-22T09:38:00","date_gmt":"2024-09-22T09:38:00","guid":{"rendered":"https:\/\/legitgrams.com\/?post_type=product&#038;p=4292"},"modified":"2026-02-28T13:41:42","modified_gmt":"2026-02-28T13:41:42","slug":"pastillas-de-extasis-superman-azul","status":"publish","type":"product","link":"https:\/\/legitgrams.com\/es\/producto\/pastillas-de-extasis-superman-azul\/","title":{"rendered":"Acquista pillole di ecstasy Blue Superman online"},"content":{"rendered":"<h2>En venta: Pastillas de \u00e9xtasis Blue Superman<\/h2>\n<p>El color es azul.<\/p>\n<p>Dimensiones: 353 mg<\/p>\n<h3>Euforia: \u00bfQu\u00e9 es?<\/h3>\n<p>La sustancia psicoactiva sint\u00e9tica \u00e9xtasis (<a href=\"https:\/\/en.wikipedia.org\/wiki\/MDMA\">MDMA<\/a>La 3,4-metilendioximetanfetamina (MED) comparte similitudes qu\u00edmicas con el estimulante metanfetamina y el alucin\u00f3geno mescalina. Las cualidades psicod\u00e9licas y estimulantes de esta sustancia ilegal provocan distorsiones temporales y perceptivas, un aumento del disfrute de los est\u00edmulos t\u00e1ctiles y un efecto estimulante. <a href=\"https:\/\/legitgrams.com\/es\/\">LegitGrams<\/a><\/p>\n<p><a href=\"https:\/\/legitgrams.com\/es\/producto\/pastillas-de-extasis-superman-azul\/\">\u00c9xtasis de Superman azul en l\u00ednea<\/a>: D\u00f3nde comprar pastillas de \u00e9xtasis Blue Superman, D\u00f3nde comprar pastillas de \u00e9xtasis Blue Superman en l\u00ednea, D\u00f3nde comprar pastillas de \u00e9xtasis Blue Superman, Venta de pastillas de \u00e9xtasis Blue Superman, D\u00f3nde comprar pastillas de \u00e9xtasis Blue Superman, Venta de pastillas de \u00e9xtasis Blue Superman en EE. UU., Canad\u00e1 y el Reino Unido, Compras en l\u00ednea, proveedores, entrega segura, Todav\u00eda hay pastillas de \u00e9xtasis Blue Superman disponibles. \u00bfEs aceptable comprar pastillas de \u00e9xtasis Blue Superman en los Estados Unidos? \u00bfC\u00f3mo puedo realizar un pedido de pastillas de \u00e9xtasis Blue Superman? \u00bfSon legales las pastillas de \u00e9xtasis Blue Superman en Canad\u00e1?<\/p>","protected":false},"excerpt":{"rendered":"<p>For Sale: Blue Superman ecstasy pills The color is blue. Dimensions: 353 mg Euphoria: What is it? The synthetic psychoactive substance ecstasy (MDMA, 3,4 methylenedioxymethamphetamine) shares chemical similarities with the stimulant methamphetamine and the hallucinogen mescaline. Temporal and perceptional distortions, an increase in the enjoyment of tactile stimuli, and a stimulant impact are all caused &hellip;<\/p>\n<p class=\"read-more\"> <a class=\"\" href=\"https:\/\/legitgrams.com\/es\/producto\/pastillas-de-extasis-superman-azul\/\"> <span class=\"screen-reader-text\">Acquista pillole di ecstasy Blue Superman online<\/span> Leer m\u00e1s \"<\/a><\/p>","protected":false},"featured_media":5191,"comment_status":"open","ping_status":"closed","template":"","meta":{"_uag_custom_page_level_css":"","site-sidebar-layout":"default","site-content-layout":"default","ast-global-header-display":"","ast-main-header-display":"","ast-hfb-above-header-display":"","ast-hfb-below-header-display":"","ast-hfb-mobile-header-display":"","site-post-title":"","ast-breadcrumbs-content":"","ast-featured-img":"","footer-sml-layout":"","theme-transparent-header-meta":"default","adv-header-id-meta":"","stick-header-meta":"default","header-above-stick-meta":"","header-main-stick-meta":"","header-below-stick-meta":"","_joinchat":[]},"product_brand":[],"product_cat":[596],"product_tag":[1039,1029,1020,1024,1023,1031,1022,1034,1041,1042,1040,1032,1037,617,1021,1036,1033,1028,1026,1038,1035,625,1027,1030,1025],"class_list":{"0":"post-4292","1":"product","2":"type-product","3":"status-publish","4":"has-post-thumbnail","6":"product_cat-ecstasy-pills-mdma","7":"product_tag-best-cheap-price-blue-superman-ecstasy-pills","8":"product_tag-best-place-to-buy-blue-superman-ecstasy-pills","9":"product_tag-blue-superman-ecstasy-pills","10":"product_tag-blue-superman-ecstasy-pills-blue-superman-ecstasy-pills-supplier","11":"product_tag-blue-superman-ecstasy-pills-for-sale","12":"product_tag-blue-superman-ecstasy-pills-legally","13":"product_tag-blue-superman-ecstasy-pills-online","14":"product_tag-blue-superman-ecstasy-pills-store","15":"product_tag-blue-superman-ecstasy-pills-use","16":"product_tag-blue-superman-ecstasy-pills-wiki","17":"product_tag-blue-superman-ecstasy-pills-worldwide","18":"product_tag-blue-superman-ecstasy-pillsprice","19":"product_tag-blue-superman-ecstasy-pillss","20":"product_tag-bulk-online","21":"product_tag-buy-blue-superman-ecstasy-pills","22":"product_tag-cheap-blue-superman-ecstasy-pills","23":"product_tag-high-quality-blue-superman-ecstasy-pills","24":"product_tag-how-to-buy-blue-superman-ecstasy-pills","25":"product_tag-order-blue-superman-ecstasy-pills","26":"product_tag-purcharse-blue-superman-ecstasy-pills","27":"product_tag-shop-blue-superman-ecstasy-pills","28":"product_tag-top-quality","29":"product_tag-where-to-buy-blue-superman-ecstasy-pills","30":"product_tag-where-to-order-blue-superman-ecstasy-pills","31":"product_tag-wholesale-blue-superman-ecstasy-pills","32":"desktop-align-left","33":"tablet-align-left","34":"mobile-align-left","35":"ast-product-gallery-layout-horizontal","36":"ast-product-gallery-with-no-image","37":"ast-product-single-variable","38":"ast-product-tabs-layout-horizontal","39":"ast-qv-on-image","41":"first","42":"instock","43":"shipping-taxable","44":"purchasable","45":"product-type-variable"},"yoast_head":"<!-- This site is optimized with the Yoast SEO plugin v25.9 - https:\/\/yoast.com\/wordpress\/plugins\/seo\/ -->\n<title>Buy Blue Superman Ecstasy Pills Online at Best Price | LegitGrams<\/title>\n<meta name=\"description\" content=\"Are you looking for blue superman ecstasy pills for sale online? LegitGrams is a leading store where you can buy blue superman ecstasy pills online. Shop today and don&#039;t miss out!\" \/>\n<meta name=\"robots\" content=\"index, follow, max-snippet:-1, max-image-preview:large, max-video-preview:-1\" \/>\n<link rel=\"canonical\" href=\"https:\/\/legitgrams.com\/es\/producto\/pastillas-de-extasis-superman-azul\/\" \/>\n<meta property=\"og:locale\" content=\"es_ES\" \/>\n<meta property=\"og:type\" content=\"article\" \/>\n<meta property=\"og:title\" content=\"Buy Blue Superman Ecstasy Pills Online at Best Price | LegitGrams\" \/>\n<meta property=\"og:description\" content=\"Are you looking for blue superman ecstasy pills for sale online? LegitGrams is a leading store where you can buy blue superman ecstasy pills online. Shop today and don&#039;t miss out!\" \/>\n<meta property=\"og:url\" content=\"https:\/\/legitgrams.com\/es\/producto\/pastillas-de-extasis-superman-azul\/\" \/>\n<meta property=\"og:site_name\" content=\"Legit Grams\" \/>\n<meta property=\"article:modified_time\" content=\"2026-02-28T13:41:42+00:00\" \/>\n<meta property=\"og:image\" content=\"https:\/\/legitgrams.com\/wp-content\/uploads\/2024\/09\/buy-blue-superman-ecstasy-pills-online.jpg\" \/>\n\t<meta property=\"og:image:width\" content=\"600\" \/>\n\t<meta property=\"og:image:height\" content=\"600\" \/>\n\t<meta property=\"og:image:type\" content=\"image\/jpeg\" \/>\n<meta name=\"twitter:card\" content=\"summary_large_image\" \/>\n<meta name=\"twitter:label1\" content=\"Tiempo de lectura\" \/>\n\t<meta name=\"twitter:data1\" content=\"1 minuto\" \/>\n<script type=\"application\/ld+json\" class=\"yoast-schema-graph\">{\"@context\":\"https:\/\/schema.org\",\"@graph\":[{\"@type\":\"WebPage\",\"@id\":\"https:\/\/legitgrams.com\/product\/blue-superman-ecstasy-pills\/\",\"url\":\"https:\/\/legitgrams.com\/product\/blue-superman-ecstasy-pills\/\",\"name\":\"Buy Blue Superman Ecstasy Pills Online at Best Price | LegitGrams\",\"isPartOf\":{\"@id\":\"https:\/\/legitgrams.com\/#website\"},\"primaryImageOfPage\":{\"@id\":\"https:\/\/legitgrams.com\/product\/blue-superman-ecstasy-pills\/#primaryimage\"},\"image\":{\"@id\":\"https:\/\/legitgrams.com\/product\/blue-superman-ecstasy-pills\/#primaryimage\"},\"thumbnailUrl\":\"https:\/\/legitgrams.com\/wp-content\/uploads\/2024\/09\/buy-blue-superman-ecstasy-pills-online.jpg\",\"datePublished\":\"2024-09-22T09:38:00+00:00\",\"dateModified\":\"2026-02-28T13:41:42+00:00\",\"description\":\"Are you looking for blue superman ecstasy pills for sale online? LegitGrams is a leading store where you can buy blue superman ecstasy pills online. Shop today and don't miss out!\",\"breadcrumb\":{\"@id\":\"https:\/\/legitgrams.com\/product\/blue-superman-ecstasy-pills\/#breadcrumb\"},\"inLanguage\":\"es\",\"potentialAction\":[{\"@type\":\"ReadAction\",\"target\":[\"https:\/\/legitgrams.com\/product\/blue-superman-ecstasy-pills\/\"]}]},{\"@type\":\"ImageObject\",\"inLanguage\":\"es\",\"@id\":\"https:\/\/legitgrams.com\/product\/blue-superman-ecstasy-pills\/#primaryimage\",\"url\":\"https:\/\/legitgrams.com\/wp-content\/uploads\/2024\/09\/buy-blue-superman-ecstasy-pills-online.jpg\",\"contentUrl\":\"https:\/\/legitgrams.com\/wp-content\/uploads\/2024\/09\/buy-blue-superman-ecstasy-pills-online.jpg\",\"width\":600,\"height\":600,\"caption\":\"Blue Superman ecstasy pills for Sale\"},{\"@type\":\"BreadcrumbList\",\"@id\":\"https:\/\/legitgrams.com\/product\/blue-superman-ecstasy-pills\/#breadcrumb\",\"itemListElement\":[{\"@type\":\"ListItem\",\"position\":1,\"name\":\"Home\",\"item\":\"https:\/\/legitgrams.com\/\"},{\"@type\":\"ListItem\",\"position\":2,\"name\":\"Shop\",\"item\":\"https:\/\/legitgrams.com\/shop\/\"},{\"@type\":\"ListItem\",\"position\":3,\"name\":\"Buy Blue Superman Ecstasy Pills Online\"}]},{\"@type\":\"WebSite\",\"@id\":\"https:\/\/legitgrams.com\/#website\",\"url\":\"https:\/\/legitgrams.com\/\",\"name\":\"Legit Grams\",\"description\":\"My WordPress Blog\",\"publisher\":{\"@id\":\"https:\/\/legitgrams.com\/#organization\"},\"potentialAction\":[{\"@type\":\"SearchAction\",\"target\":{\"@type\":\"EntryPoint\",\"urlTemplate\":\"https:\/\/legitgrams.com\/?s={search_term_string}\"},\"query-input\":{\"@type\":\"PropertyValueSpecification\",\"valueRequired\":true,\"valueName\":\"search_term_string\"}}],\"inLanguage\":\"es\"},{\"@type\":\"Organization\",\"@id\":\"https:\/\/legitgrams.com\/#organization\",\"name\":\"Legit Grams\",\"url\":\"https:\/\/legitgrams.com\/\",\"logo\":{\"@type\":\"ImageObject\",\"inLanguage\":\"es\",\"@id\":\"https:\/\/legitgrams.com\/#\/schema\/logo\/image\/\",\"url\":\"https:\/\/legitgrams.com\/wp-content\/uploads\/2024\/09\/main-logo.png\",\"contentUrl\":\"https:\/\/legitgrams.com\/wp-content\/uploads\/2024\/09\/main-logo.png\",\"width\":270,\"height\":75,\"caption\":\"Legit Grams\"},\"image\":{\"@id\":\"https:\/\/legitgrams.com\/#\/schema\/logo\/image\/\"}}]}<\/script>\n<!-- \/ Yoast SEO plugin. -->","yoast_head_json":{"title":"Comprar pastillas de \u00e9xtasis Blue Superman en l\u00ednea al mejor precio | LegitGrams","description":"\u00bfEst\u00e1 buscando pastillas de \u00e9xtasis Blue Superman a la venta en l\u00ednea? LegitGrams es una tienda l\u00edder donde puedes comprar pastillas de \u00e9xtasis blue superman online. \u00a1Compre hoy y no se lo pierda!","robots":{"index":"index","follow":"follow","max-snippet":"max-snippet:-1","max-image-preview":"max-image-preview:large","max-video-preview":"max-video-preview:-1"},"canonical":"https:\/\/legitgrams.com\/es\/producto\/pastillas-de-extasis-superman-azul\/","og_locale":"es_ES","og_type":"article","og_title":"Buy Blue Superman Ecstasy Pills Online at Best Price | LegitGrams","og_description":"Are you looking for blue superman ecstasy pills for sale online? LegitGrams is a leading store where you can buy blue superman ecstasy pills online. Shop today and don't miss out!","og_url":"https:\/\/legitgrams.com\/es\/producto\/pastillas-de-extasis-superman-azul\/","og_site_name":"Legit Grams","article_modified_time":"2026-02-28T13:41:42+00:00","og_image":[{"width":600,"height":600,"url":"https:\/\/legitgrams.com\/wp-content\/uploads\/2024\/09\/buy-blue-superman-ecstasy-pills-online.jpg","type":"image\/jpeg"}],"twitter_card":"summary_large_image","twitter_misc":{"Tiempo de lectura":"1 minuto"},"schema":{"@context":"https:\/\/schema.org","@graph":[{"@type":"WebPage","@id":"https:\/\/legitgrams.com\/product\/blue-superman-ecstasy-pills\/","url":"https:\/\/legitgrams.com\/product\/blue-superman-ecstasy-pills\/","name":"Comprar pastillas de \u00e9xtasis Blue Superman en l\u00ednea al mejor precio | LegitGrams","isPartOf":{"@id":"https:\/\/legitgrams.com\/#website"},"primaryImageOfPage":{"@id":"https:\/\/legitgrams.com\/product\/blue-superman-ecstasy-pills\/#primaryimage"},"image":{"@id":"https:\/\/legitgrams.com\/product\/blue-superman-ecstasy-pills\/#primaryimage"},"thumbnailUrl":"https:\/\/legitgrams.com\/wp-content\/uploads\/2024\/09\/buy-blue-superman-ecstasy-pills-online.jpg","datePublished":"2024-09-22T09:38:00+00:00","dateModified":"2026-02-28T13:41:42+00:00","description":"\u00bfEst\u00e1 buscando pastillas de \u00e9xtasis Blue Superman a la venta en l\u00ednea? LegitGrams es una tienda l\u00edder donde puedes comprar pastillas de \u00e9xtasis blue superman online. \u00a1Compre hoy y no se lo pierda!","breadcrumb":{"@id":"https:\/\/legitgrams.com\/product\/blue-superman-ecstasy-pills\/#breadcrumb"},"inLanguage":"es","potentialAction":[{"@type":"ReadAction","target":["https:\/\/legitgrams.com\/product\/blue-superman-ecstasy-pills\/"]}]},{"@type":"ImageObject","inLanguage":"es","@id":"https:\/\/legitgrams.com\/product\/blue-superman-ecstasy-pills\/#primaryimage","url":"https:\/\/legitgrams.com\/wp-content\/uploads\/2024\/09\/buy-blue-superman-ecstasy-pills-online.jpg","contentUrl":"https:\/\/legitgrams.com\/wp-content\/uploads\/2024\/09\/buy-blue-superman-ecstasy-pills-online.jpg","width":600,"height":600,"caption":"Blue Superman ecstasy pills for Sale"},{"@type":"BreadcrumbList","@id":"https:\/\/legitgrams.com\/product\/blue-superman-ecstasy-pills\/#breadcrumb","itemListElement":[{"@type":"ListItem","position":1,"name":"Home","item":"https:\/\/legitgrams.com\/"},{"@type":"ListItem","position":2,"name":"Shop","item":"https:\/\/legitgrams.com\/shop\/"},{"@type":"ListItem","position":3,"name":"Buy Blue Superman Ecstasy Pills Online"}]},{"@type":"WebSite","@id":"https:\/\/legitgrams.com\/#website","url":"https:\/\/legitgrams.com\/","name":"Gramos leg\u00edtimos","description":"Mi blog de WordPress","publisher":{"@id":"https:\/\/legitgrams.com\/#organization"},"potentialAction":[{"@type":"SearchAction","target":{"@type":"EntryPoint","urlTemplate":"https:\/\/legitgrams.com\/?s={search_term_string}"},"query-input":{"@type":"PropertyValueSpecification","valueRequired":true,"valueName":"search_term_string"}}],"inLanguage":"es"},{"@type":"Organization","@id":"https:\/\/legitgrams.com\/#organization","name":"Gramos leg\u00edtimos","url":"https:\/\/legitgrams.com\/","logo":{"@type":"ImageObject","inLanguage":"es","@id":"https:\/\/legitgrams.com\/#\/schema\/logo\/image\/","url":"https:\/\/legitgrams.com\/wp-content\/uploads\/2024\/09\/main-logo.png","contentUrl":"https:\/\/legitgrams.com\/wp-content\/uploads\/2024\/09\/main-logo.png","width":270,"height":75,"caption":"Legit Grams"},"image":{"@id":"https:\/\/legitgrams.com\/#\/schema\/logo\/image\/"}}]}},"uagb_featured_image_src":{"full":["https:\/\/legitgrams.com\/wp-content\/uploads\/2024\/09\/buy-blue-superman-ecstasy-pills-online.jpg",600,600,false],"thumbnail":["https:\/\/legitgrams.com\/wp-content\/uploads\/2024\/09\/buy-blue-superman-ecstasy-pills-online-150x150.jpg",150,150,true],"medium":["https:\/\/legitgrams.com\/wp-content\/uploads\/2024\/09\/buy-blue-superman-ecstasy-pills-online-300x300.jpg",300,300,true],"medium_large":["https:\/\/legitgrams.com\/wp-content\/uploads\/2024\/09\/buy-blue-superman-ecstasy-pills-online.jpg",600,600,false],"large":["https:\/\/legitgrams.com\/wp-content\/uploads\/2024\/09\/buy-blue-superman-ecstasy-pills-online.jpg",600,600,false],"1536x1536":["https:\/\/legitgrams.com\/wp-content\/uploads\/2024\/09\/buy-blue-superman-ecstasy-pills-online.jpg",600,600,false],"2048x2048":["https:\/\/legitgrams.com\/wp-content\/uploads\/2024\/09\/buy-blue-superman-ecstasy-pills-online.jpg",600,600,false],"trp-custom-language-flag":["https:\/\/legitgrams.com\/wp-content\/uploads\/2024\/09\/buy-blue-superman-ecstasy-pills-online-12x12.jpg",12,12,true],"woocommerce_thumbnail":["https:\/\/legitgrams.com\/wp-content\/uploads\/2024\/09\/buy-blue-superman-ecstasy-pills-online-300x300.jpg",300,300,true],"woocommerce_single":["https:\/\/legitgrams.com\/wp-content\/uploads\/2024\/09\/buy-blue-superman-ecstasy-pills-online.jpg",600,600,false],"woocommerce_gallery_thumbnail":["https:\/\/legitgrams.com\/wp-content\/uploads\/2024\/09\/buy-blue-superman-ecstasy-pills-online-100x100.jpg",100,100,true]},"uagb_author_info":{"display_name":"cokeblog18","author_link":"https:\/\/legitgrams.com\/es\/author\/"},"uagb_comment_info":0,"uagb_excerpt":"For Sale: Blue Superman ecstasy pills The color is blue. Dimensions: 353 mg Euphoria: What is it? The synthetic psychoactive substance ecstasy (MDMA, 3,4 methylenedioxymethamphetamine) shares chemical similarities with the stimulant methamphetamine and the hallucinogen mescaline. Temporal and perceptional distortions, an increase in the enjoyment of tactile stimuli, and a stimulant impact are all caused&hellip;","_links":{"self":[{"href":"https:\/\/legitgrams.com\/es\/wp-json\/wp\/v2\/product\/4292","targetHints":{"allow":["GET"]}}],"collection":[{"href":"https:\/\/legitgrams.com\/es\/wp-json\/wp\/v2\/product"}],"about":[{"href":"https:\/\/legitgrams.com\/es\/wp-json\/wp\/v2\/types\/product"}],"replies":[{"embeddable":true,"href":"https:\/\/legitgrams.com\/es\/wp-json\/wp\/v2\/comments?post=4292"}],"wp:featuredmedia":[{"embeddable":true,"href":"https:\/\/legitgrams.com\/es\/wp-json\/wp\/v2\/media\/5191"}],"wp:attachment":[{"href":"https:\/\/legitgrams.com\/es\/wp-json\/wp\/v2\/media?parent=4292"}],"wp:term":[{"taxonomy":"product_brand","embeddable":true,"href":"https:\/\/legitgrams.com\/es\/wp-json\/wp\/v2\/product_brand?post=4292"},{"taxonomy":"product_cat","embeddable":true,"href":"https:\/\/legitgrams.com\/es\/wp-json\/wp\/v2\/product_cat?post=4292"},{"taxonomy":"product_tag","embeddable":true,"href":"https:\/\/legitgrams.com\/es\/wp-json\/wp\/v2\/product_tag?post=4292"}],"curies":[{"name":"wp","href":"https:\/\/api.w.org\/{rel}","templated":true}]}}