{"id":4294,"date":"2024-09-22T09:52:35","date_gmt":"2024-09-22T09:52:35","guid":{"rendered":"https:\/\/legitgrams.com\/?post_type=product&#038;p=4294"},"modified":"2026-02-28T13:44:25","modified_gmt":"2026-02-28T13:44:25","slug":"pastillas-de-extasis-blue-dolphin","status":"publish","type":"product","link":"https:\/\/legitgrams.com\/es\/producto\/pastillas-de-extasis-blue-dolphin\/","title":{"rendered":"Comprar pastillas de \u00e9xtasis Blue Dolphin en l\u00ednea"},"content":{"rendered":"<h2>Comprar pastillas de \u00e9xtasis Blue Dolphin en l\u00ednea<\/h2>\n<p>El \u00e9xtasis fue creado por primera vez por la compa\u00f1\u00eda farmac\u00e9utica Merck en 1912. Se le dio el nombre de \u201cMDMA\u201d debido a su estructura distintiva. En 1953, las Fuerzas Armadas de los EE. UU. lo utilizaron por primera vez en pruebas de activaci\u00f3n mental. En la d\u00e9cada de 1960, se utiliz\u00f3 nuevamente durante un per\u00edodo limitado como m\u00e9todo terap\u00e9utico para \u201creducir las inhibiciones\u201d.1. El MDMA no gan\u00f3 popularidad como droga de reuni\u00f3n hasta la d\u00e9cada de 1970.<\/p>\n<p>A mediados de la d\u00e9cada de 1980, <a href=\"https:\/\/en.wikipedia.org\/wiki\/MDMA\">MDMA<\/a> El \u00e9xtasis fue creado por primera vez por la compa\u00f1\u00eda farmac\u00e9utica Merck en 1912. Se le dio el nombre de \u201cMDMA\u201d debido a su estructura distintiva. En 1953, las Fuerzas Armadas de los EE. UU. lo utilizaron por primera vez en pruebas de activaci\u00f3n mental. En la d\u00e9cada de 1960, se utiliz\u00f3 nuevamente durante un per\u00edodo limitado como m\u00e9todo terap\u00e9utico para \u201creducir las inhibiciones\u201d.1. El MDMA no gan\u00f3 popularidad como droga de reuni\u00f3n hasta la d\u00e9cada de 1970.<\/p>\n<h3>El \u00e9xtasis del delf\u00edn azul<\/h3>\n<p><a href=\"https:\/\/legitgrams.com\/es\/producto\/pastillas-de-extasis-blue-dolphin\/\">Doblin<\/a>, de cincuenta a\u00f1os, no est\u00e1 realmente preparado, es incapaz y no se controla; tiene un alto nivel de responsabilidad relacionada con las drogas debido a su consumo severo de drogas. Seg\u00fan sus palabras, \"ha mejorado mucho mi vida\". Recientemente ha aceptado la idea de que la alegr\u00eda y otros estimulantes tienen criterios fundamentales de \u00e9xito.<\/p>\n<p>Si realmente est\u00e1 buscando una organizaci\u00f3n que pueda ofrecerle productos de la mejor calidad, est\u00e1 en el lugar correcto. Debido a la variedad de nuestros productos, puede seleccionar las mejores opciones en nuestra base para entablar una relaci\u00f3n y ganar su confianza. Blue Dolphin Ecstasy se entregar\u00e1 en su casa en cinco d\u00edas h\u00e1biles si ingresa sus ventas hoy. Blue dolphin bliss<\/p>\n<p>El \u00e9xtasis fue creado por primera vez por la compa\u00f1\u00eda farmac\u00e9utica Merck en 1912. Se le dio el nombre de \u201cMDMA\u201d debido a su estructura distintiva. En 1953, las Fuerzas Armadas de los Estados Unidos lo emplearon por primera vez en pruebas de compromiso mental. En la d\u00e9cada de 1960, se utiliz\u00f3 brevemente una vez m\u00e1s como t\u00e9cnica de psicoterapia para \u201creducir las inhibiciones\u201d. 1 El MDMA no se hizo popular hasta la d\u00e9cada de 1970.<\/p>\n<h3>Un remedio popular para las fiestas.<\/h3>\n<p>A mediados de los a\u00f1os 1980, el MDMA se comercializaba como \u201cla sustancia m\u00e1s espumosa de la t\u00e9cnica, con la misi\u00f3n de complacer a trav\u00e9s de la ciencia\u201d y como la \u201csoluci\u00f3n\u201d para las fiestas que duraban. Aunque el MDMA todav\u00eda era una droga importante en 1984 y se vend\u00eda bajo el nombre de \u201cJoy\u201d, las preocupaciones de seguridad hab\u00edan limitado su distribuci\u00f3n en 1985. <a href=\"https:\/\/legitgrams.com\/es\/\">LegitGrams<\/a><\/p>\n<p>Drogas del delf\u00edn azul, \u00e9xtasis del delf\u00edn azul y medicamentos derivados del delf\u00edn azul<\/p>\n<h3>Tonalidad azul Medidas: 295 mg<\/h3>\n<p>Las pastillas de \u00e9xtasis Blue Dolphin est\u00e1n disponibles para comprar en l\u00ednea. En Estados Unidos, Canad\u00e1, el Reino Unido y otros pa\u00edses, se venden pastillas de \u00e9xtasis Blue Dolphin. Los proveedores proporcionan pastillas de \u00e9xtasis Blue Dolphin, que se entregan de forma segura. Las pastillas de \u00e9xtasis Blue Dolphin todav\u00eda est\u00e1n disponibles. Adem\u00e1s, puede averiguar si son legales en Canad\u00e1, c\u00f3mo pedirlas y si son legales en los Estados Unidos.<\/p>","protected":false},"excerpt":{"rendered":"<p>Buy Blue Dolphin Ecstasy Pills Online Ecstasy was first created by the Merck drug relationship in 1912. It was given the name &#8220;MDMA&#8221; because to its distinct structure. In 1953, the US Armed Forces employed it for the first time in mental engagement tests. In the 1960s, it was utilized once more for a limited &hellip;<\/p>\n<p class=\"read-more\"> <a class=\"\" href=\"https:\/\/legitgrams.com\/es\/producto\/pastillas-de-extasis-blue-dolphin\/\"> <span class=\"screen-reader-text\">Comprar pastillas de \u00e9xtasis Blue Dolphin en l\u00ednea<\/span> Leer m\u00e1s \"<\/a><\/p>","protected":false},"featured_media":5189,"comment_status":"open","ping_status":"closed","template":"","meta":{"_uag_custom_page_level_css":"","site-sidebar-layout":"default","site-content-layout":"default","ast-global-header-display":"","ast-main-header-display":"","ast-hfb-above-header-display":"","ast-hfb-below-header-display":"","ast-hfb-mobile-header-display":"","site-post-title":"","ast-breadcrumbs-content":"","ast-featured-img":"","footer-sml-layout":"","theme-transparent-header-meta":"default","adv-header-id-meta":"","stick-header-meta":"default","header-above-stick-meta":"","header-main-stick-meta":"","header-below-stick-meta":"","_joinchat":[]},"product_brand":[],"product_cat":[596],"product_tag":[993,983,974,978,977,985,976,988,995,996,994,986,991,617,975,990,987,982,980,992,989,625,981,984,979],"class_list":{"0":"post-4294","1":"product","2":"type-product","3":"status-publish","4":"has-post-thumbnail","6":"product_cat-ecstasy-pills-mdma","7":"product_tag-best-cheap-price-blue-dolphin-ecstasy-pills","8":"product_tag-best-place-to-buy-blue-dolphin-ecstasy-pills","9":"product_tag-blue-dolphin-ecstasy-pills","10":"product_tag-blue-dolphin-ecstasy-pills-blue-dolphin-ecstasy-pills-supplier","11":"product_tag-blue-dolphin-ecstasy-pills-for-sale","12":"product_tag-blue-dolphin-ecstasy-pills-legally","13":"product_tag-blue-dolphin-ecstasy-pills-online","14":"product_tag-blue-dolphin-ecstasy-pills-store","15":"product_tag-blue-dolphin-ecstasy-pills-use","16":"product_tag-blue-dolphin-ecstasy-pills-wiki","17":"product_tag-blue-dolphin-ecstasy-pills-worldwide","18":"product_tag-blue-dolphin-ecstasy-pillsprice","19":"product_tag-blue-dolphin-ecstasy-pillss","20":"product_tag-bulk-online","21":"product_tag-buy-blue-dolphin-ecstasy-pills","22":"product_tag-cheap-blue-dolphin-ecstasy-pills","23":"product_tag-high-quality-blue-dolphin-ecstasy-pills","24":"product_tag-how-to-buy-blue-dolphin-ecstasy-pills","25":"product_tag-order-blue-dolphin-ecstasy-pills","26":"product_tag-purcharse-blue-dolphin-ecstasy-pills","27":"product_tag-shop-blue-dolphin-ecstasy-pills","28":"product_tag-top-quality","29":"product_tag-where-to-buy-blue-dolphin-ecstasy-pills","30":"product_tag-where-to-order-blue-dolphin-ecstasy-pills","31":"product_tag-wholesale-blue-dolphin-ecstasy-pills","32":"desktop-align-left","33":"tablet-align-left","34":"mobile-align-left","35":"ast-product-gallery-layout-horizontal","36":"ast-product-gallery-with-no-image","37":"ast-product-single-variable","38":"ast-product-tabs-layout-horizontal","39":"ast-qv-on-image","41":"first","42":"instock","43":"shipping-taxable","44":"purchasable","45":"product-type-variable"},"yoast_head":"<!-- This site is optimized with the Yoast SEO plugin v25.9 - https:\/\/yoast.com\/wordpress\/plugins\/seo\/ -->\n<title>Blue Dolphin Ecstasy Pills for Sale Online - Order Blue Dolphin<\/title>\n<meta name=\"description\" content=\"Buy blue dolphin ecstasy pills online conveniently and securely, with a straightforward order process. Just place an order today for blue dolphin ecstasy pills for sale!\" \/>\n<meta name=\"robots\" content=\"index, follow, max-snippet:-1, max-image-preview:large, max-video-preview:-1\" \/>\n<link rel=\"canonical\" href=\"https:\/\/legitgrams.com\/es\/producto\/pastillas-de-extasis-blue-dolphin\/\" \/>\n<meta property=\"og:locale\" content=\"es_ES\" \/>\n<meta property=\"og:type\" content=\"article\" \/>\n<meta property=\"og:title\" content=\"Blue Dolphin Ecstasy Pills for Sale Online - Order Blue Dolphin\" \/>\n<meta property=\"og:description\" content=\"Buy blue dolphin ecstasy pills online conveniently and securely, with a straightforward order process. Just place an order today for blue dolphin ecstasy pills for sale!\" \/>\n<meta property=\"og:url\" content=\"https:\/\/legitgrams.com\/es\/producto\/pastillas-de-extasis-blue-dolphin\/\" \/>\n<meta property=\"og:site_name\" content=\"Legit Grams\" \/>\n<meta property=\"article:modified_time\" content=\"2026-02-28T13:44:25+00:00\" \/>\n<meta property=\"og:image\" content=\"https:\/\/legitgrams.com\/wp-content\/uploads\/2024\/09\/buy-blue-dolphin-ecstasy-pills-online.jpg\" \/>\n\t<meta property=\"og:image:width\" content=\"600\" \/>\n\t<meta property=\"og:image:height\" content=\"600\" \/>\n\t<meta property=\"og:image:type\" content=\"image\/jpeg\" \/>\n<meta name=\"twitter:card\" content=\"summary_large_image\" \/>\n<meta name=\"twitter:label1\" content=\"Tiempo de lectura\" \/>\n\t<meta name=\"twitter:data1\" content=\"3 minutos\" \/>\n<script type=\"application\/ld+json\" class=\"yoast-schema-graph\">{\"@context\":\"https:\/\/schema.org\",\"@graph\":[{\"@type\":\"WebPage\",\"@id\":\"https:\/\/legitgrams.com\/product\/blue-dolphin-ecstasy-pills\/\",\"url\":\"https:\/\/legitgrams.com\/product\/blue-dolphin-ecstasy-pills\/\",\"name\":\"Blue Dolphin Ecstasy Pills for Sale Online - Order Blue Dolphin\",\"isPartOf\":{\"@id\":\"https:\/\/legitgrams.com\/#website\"},\"primaryImageOfPage\":{\"@id\":\"https:\/\/legitgrams.com\/product\/blue-dolphin-ecstasy-pills\/#primaryimage\"},\"image\":{\"@id\":\"https:\/\/legitgrams.com\/product\/blue-dolphin-ecstasy-pills\/#primaryimage\"},\"thumbnailUrl\":\"https:\/\/legitgrams.com\/wp-content\/uploads\/2024\/09\/buy-blue-dolphin-ecstasy-pills-online.jpg\",\"datePublished\":\"2024-09-22T09:52:35+00:00\",\"dateModified\":\"2026-02-28T13:44:25+00:00\",\"description\":\"Buy blue dolphin ecstasy pills online conveniently and securely, with a straightforward order process. Just place an order today for blue dolphin ecstasy pills for sale!\",\"breadcrumb\":{\"@id\":\"https:\/\/legitgrams.com\/product\/blue-dolphin-ecstasy-pills\/#breadcrumb\"},\"inLanguage\":\"es\",\"potentialAction\":[{\"@type\":\"ReadAction\",\"target\":[\"https:\/\/legitgrams.com\/product\/blue-dolphin-ecstasy-pills\/\"]}]},{\"@type\":\"ImageObject\",\"inLanguage\":\"es\",\"@id\":\"https:\/\/legitgrams.com\/product\/blue-dolphin-ecstasy-pills\/#primaryimage\",\"url\":\"https:\/\/legitgrams.com\/wp-content\/uploads\/2024\/09\/buy-blue-dolphin-ecstasy-pills-online.jpg\",\"contentUrl\":\"https:\/\/legitgrams.com\/wp-content\/uploads\/2024\/09\/buy-blue-dolphin-ecstasy-pills-online.jpg\",\"width\":600,\"height\":600,\"caption\":\"Blue Dolphin Ecstasy Pills for Sale\"},{\"@type\":\"BreadcrumbList\",\"@id\":\"https:\/\/legitgrams.com\/product\/blue-dolphin-ecstasy-pills\/#breadcrumb\",\"itemListElement\":[{\"@type\":\"ListItem\",\"position\":1,\"name\":\"Home\",\"item\":\"https:\/\/legitgrams.com\/\"},{\"@type\":\"ListItem\",\"position\":2,\"name\":\"Shop\",\"item\":\"https:\/\/legitgrams.com\/shop\/\"},{\"@type\":\"ListItem\",\"position\":3,\"name\":\"Buy Blue Dolphin Ecstasy Pills Online\"}]},{\"@type\":\"WebSite\",\"@id\":\"https:\/\/legitgrams.com\/#website\",\"url\":\"https:\/\/legitgrams.com\/\",\"name\":\"Legit Grams\",\"description\":\"My WordPress Blog\",\"publisher\":{\"@id\":\"https:\/\/legitgrams.com\/#organization\"},\"potentialAction\":[{\"@type\":\"SearchAction\",\"target\":{\"@type\":\"EntryPoint\",\"urlTemplate\":\"https:\/\/legitgrams.com\/?s={search_term_string}\"},\"query-input\":{\"@type\":\"PropertyValueSpecification\",\"valueRequired\":true,\"valueName\":\"search_term_string\"}}],\"inLanguage\":\"es\"},{\"@type\":\"Organization\",\"@id\":\"https:\/\/legitgrams.com\/#organization\",\"name\":\"Legit Grams\",\"url\":\"https:\/\/legitgrams.com\/\",\"logo\":{\"@type\":\"ImageObject\",\"inLanguage\":\"es\",\"@id\":\"https:\/\/legitgrams.com\/#\/schema\/logo\/image\/\",\"url\":\"https:\/\/legitgrams.com\/wp-content\/uploads\/2024\/09\/main-logo.png\",\"contentUrl\":\"https:\/\/legitgrams.com\/wp-content\/uploads\/2024\/09\/main-logo.png\",\"width\":270,\"height\":75,\"caption\":\"Legit Grams\"},\"image\":{\"@id\":\"https:\/\/legitgrams.com\/#\/schema\/logo\/image\/\"}}]}<\/script>\n<!-- \/ Yoast SEO plugin. -->","yoast_head_json":{"title":"Venta de pastillas de \u00e9xtasis Blue Dolphin en l\u00ednea - Pedir Blue Dolphin","description":"Compre pastillas de \u00e9xtasis Blue Dolphin en l\u00ednea de forma c\u00f3moda y segura, con un sencillo proceso de pedido. \u00a1Simplemente haga un pedido hoy de pastillas de \u00e9xtasis blue dolphin a la venta!","robots":{"index":"index","follow":"follow","max-snippet":"max-snippet:-1","max-image-preview":"max-image-preview:large","max-video-preview":"max-video-preview:-1"},"canonical":"https:\/\/legitgrams.com\/es\/producto\/pastillas-de-extasis-blue-dolphin\/","og_locale":"es_ES","og_type":"article","og_title":"Blue Dolphin Ecstasy Pills for Sale Online - Order Blue Dolphin","og_description":"Buy blue dolphin ecstasy pills online conveniently and securely, with a straightforward order process. Just place an order today for blue dolphin ecstasy pills for sale!","og_url":"https:\/\/legitgrams.com\/es\/producto\/pastillas-de-extasis-blue-dolphin\/","og_site_name":"Legit Grams","article_modified_time":"2026-02-28T13:44:25+00:00","og_image":[{"width":600,"height":600,"url":"https:\/\/legitgrams.com\/wp-content\/uploads\/2024\/09\/buy-blue-dolphin-ecstasy-pills-online.jpg","type":"image\/jpeg"}],"twitter_card":"summary_large_image","twitter_misc":{"Tiempo de lectura":"3 minutos"},"schema":{"@context":"https:\/\/schema.org","@graph":[{"@type":"WebPage","@id":"https:\/\/legitgrams.com\/product\/blue-dolphin-ecstasy-pills\/","url":"https:\/\/legitgrams.com\/product\/blue-dolphin-ecstasy-pills\/","name":"Venta de pastillas de \u00e9xtasis Blue Dolphin en l\u00ednea - Pedir Blue Dolphin","isPartOf":{"@id":"https:\/\/legitgrams.com\/#website"},"primaryImageOfPage":{"@id":"https:\/\/legitgrams.com\/product\/blue-dolphin-ecstasy-pills\/#primaryimage"},"image":{"@id":"https:\/\/legitgrams.com\/product\/blue-dolphin-ecstasy-pills\/#primaryimage"},"thumbnailUrl":"https:\/\/legitgrams.com\/wp-content\/uploads\/2024\/09\/buy-blue-dolphin-ecstasy-pills-online.jpg","datePublished":"2024-09-22T09:52:35+00:00","dateModified":"2026-02-28T13:44:25+00:00","description":"Compre pastillas de \u00e9xtasis Blue Dolphin en l\u00ednea de forma c\u00f3moda y segura, con un sencillo proceso de pedido. \u00a1Simplemente haga un pedido hoy de pastillas de \u00e9xtasis blue dolphin a la venta!","breadcrumb":{"@id":"https:\/\/legitgrams.com\/product\/blue-dolphin-ecstasy-pills\/#breadcrumb"},"inLanguage":"es","potentialAction":[{"@type":"ReadAction","target":["https:\/\/legitgrams.com\/product\/blue-dolphin-ecstasy-pills\/"]}]},{"@type":"ImageObject","inLanguage":"es","@id":"https:\/\/legitgrams.com\/product\/blue-dolphin-ecstasy-pills\/#primaryimage","url":"https:\/\/legitgrams.com\/wp-content\/uploads\/2024\/09\/buy-blue-dolphin-ecstasy-pills-online.jpg","contentUrl":"https:\/\/legitgrams.com\/wp-content\/uploads\/2024\/09\/buy-blue-dolphin-ecstasy-pills-online.jpg","width":600,"height":600,"caption":"Blue Dolphin Ecstasy Pills for Sale"},{"@type":"BreadcrumbList","@id":"https:\/\/legitgrams.com\/product\/blue-dolphin-ecstasy-pills\/#breadcrumb","itemListElement":[{"@type":"ListItem","position":1,"name":"Home","item":"https:\/\/legitgrams.com\/"},{"@type":"ListItem","position":2,"name":"Shop","item":"https:\/\/legitgrams.com\/shop\/"},{"@type":"ListItem","position":3,"name":"Buy Blue Dolphin Ecstasy Pills Online"}]},{"@type":"WebSite","@id":"https:\/\/legitgrams.com\/#website","url":"https:\/\/legitgrams.com\/","name":"Gramos leg\u00edtimos","description":"Mi blog de WordPress","publisher":{"@id":"https:\/\/legitgrams.com\/#organization"},"potentialAction":[{"@type":"SearchAction","target":{"@type":"EntryPoint","urlTemplate":"https:\/\/legitgrams.com\/?s={search_term_string}"},"query-input":{"@type":"PropertyValueSpecification","valueRequired":true,"valueName":"search_term_string"}}],"inLanguage":"es"},{"@type":"Organization","@id":"https:\/\/legitgrams.com\/#organization","name":"Gramos leg\u00edtimos","url":"https:\/\/legitgrams.com\/","logo":{"@type":"ImageObject","inLanguage":"es","@id":"https:\/\/legitgrams.com\/#\/schema\/logo\/image\/","url":"https:\/\/legitgrams.com\/wp-content\/uploads\/2024\/09\/main-logo.png","contentUrl":"https:\/\/legitgrams.com\/wp-content\/uploads\/2024\/09\/main-logo.png","width":270,"height":75,"caption":"Legit Grams"},"image":{"@id":"https:\/\/legitgrams.com\/#\/schema\/logo\/image\/"}}]}},"uagb_featured_image_src":{"full":["https:\/\/legitgrams.com\/wp-content\/uploads\/2024\/09\/buy-blue-dolphin-ecstasy-pills-online.jpg",600,600,false],"thumbnail":["https:\/\/legitgrams.com\/wp-content\/uploads\/2024\/09\/buy-blue-dolphin-ecstasy-pills-online-150x150.jpg",150,150,true],"medium":["https:\/\/legitgrams.com\/wp-content\/uploads\/2024\/09\/buy-blue-dolphin-ecstasy-pills-online-300x300.jpg",300,300,true],"medium_large":["https:\/\/legitgrams.com\/wp-content\/uploads\/2024\/09\/buy-blue-dolphin-ecstasy-pills-online.jpg",600,600,false],"large":["https:\/\/legitgrams.com\/wp-content\/uploads\/2024\/09\/buy-blue-dolphin-ecstasy-pills-online.jpg",600,600,false],"1536x1536":["https:\/\/legitgrams.com\/wp-content\/uploads\/2024\/09\/buy-blue-dolphin-ecstasy-pills-online.jpg",600,600,false],"2048x2048":["https:\/\/legitgrams.com\/wp-content\/uploads\/2024\/09\/buy-blue-dolphin-ecstasy-pills-online.jpg",600,600,false],"trp-custom-language-flag":["https:\/\/legitgrams.com\/wp-content\/uploads\/2024\/09\/buy-blue-dolphin-ecstasy-pills-online-12x12.jpg",12,12,true],"woocommerce_thumbnail":["https:\/\/legitgrams.com\/wp-content\/uploads\/2024\/09\/buy-blue-dolphin-ecstasy-pills-online-300x300.jpg",300,300,true],"woocommerce_single":["https:\/\/legitgrams.com\/wp-content\/uploads\/2024\/09\/buy-blue-dolphin-ecstasy-pills-online.jpg",600,600,false],"woocommerce_gallery_thumbnail":["https:\/\/legitgrams.com\/wp-content\/uploads\/2024\/09\/buy-blue-dolphin-ecstasy-pills-online-100x100.jpg",100,100,true]},"uagb_author_info":{"display_name":"cokeblog18","author_link":"https:\/\/legitgrams.com\/es\/author\/"},"uagb_comment_info":0,"uagb_excerpt":"Buy Blue Dolphin Ecstasy Pills Online Ecstasy was first created by the Merck drug relationship in 1912. It was given the name &#8220;MDMA&#8221; because to its distinct structure. In 1953, the US Armed Forces employed it for the first time in mental engagement tests. In the 1960s, it was utilized once more for a limited&hellip;","_links":{"self":[{"href":"https:\/\/legitgrams.com\/es\/wp-json\/wp\/v2\/product\/4294","targetHints":{"allow":["GET"]}}],"collection":[{"href":"https:\/\/legitgrams.com\/es\/wp-json\/wp\/v2\/product"}],"about":[{"href":"https:\/\/legitgrams.com\/es\/wp-json\/wp\/v2\/types\/product"}],"replies":[{"embeddable":true,"href":"https:\/\/legitgrams.com\/es\/wp-json\/wp\/v2\/comments?post=4294"}],"wp:featuredmedia":[{"embeddable":true,"href":"https:\/\/legitgrams.com\/es\/wp-json\/wp\/v2\/media\/5189"}],"wp:attachment":[{"href":"https:\/\/legitgrams.com\/es\/wp-json\/wp\/v2\/media?parent=4294"}],"wp:term":[{"taxonomy":"product_brand","embeddable":true,"href":"https:\/\/legitgrams.com\/es\/wp-json\/wp\/v2\/product_brand?post=4294"},{"taxonomy":"product_cat","embeddable":true,"href":"https:\/\/legitgrams.com\/es\/wp-json\/wp\/v2\/product_cat?post=4294"},{"taxonomy":"product_tag","embeddable":true,"href":"https:\/\/legitgrams.com\/es\/wp-json\/wp\/v2\/product_tag?post=4294"}],"curies":[{"name":"wp","href":"https:\/\/api.w.org\/{rel}","templated":true}]}}