{"id":4297,"date":"2024-09-22T09:54:59","date_gmt":"2024-09-22T09:54:59","guid":{"rendered":"https:\/\/legitgrams.com\/?post_type=product&#038;p=4297"},"modified":"2025-01-13T09:44:15","modified_gmt":"2025-01-13T09:44:15","slug":"pastillas-de-extasis-de-240-mg","status":"publish","type":"product","link":"https:\/\/legitgrams.com\/es\/producto\/pastillas-de-extasis-de-240-mg\/","title":{"rendered":"pastillas de \u00e9xtasis de 240 mg"},"content":{"rendered":"<h2>En venta: Barras de pastillas de \u00e9xtasis de 240 mg<\/h2>\n<p>La mayor\u00eda de los consumidores de MDMA lo consumen en forma de c\u00e1psulas o tabletas (polvo de especias), mientras que otros lo toman en forma l\u00edquida o en tabletas. Como abreviatura de \u201cmol\u00e9cula\u201d, el nombre com\u00fan de Molly a menudo se refiere a lo que en realidad es la forma de polvo cristalino \u201cpuro\u201d de MDMA, que generalmente se vende en c\u00e1psulas. Pero las personas que compran <a href=\"https:\/\/legitgrams.com\/es\/\">LegitGrams<\/a><\/p>\n<p>Los polvos o c\u00e1psulas, comercializados bajo el nombre de Molly, a menudo contienen otros ingredientes como sal o catinonas sint\u00e9ticas (a menudo llamadas \u201ctubs\u201d).<\/p>\n<p><a href=\"https:\/\/legitgrams.com\/es\/producto\/pastillas-de-extasis-de-240-mg\/\">Comprar 240 mg<\/a> Barras de MDMA y pastillas de \u00e9xtasis en l\u00ednea: comprar pastillas de MDMA, comprar MDMA de 240 mg, comprar MDMA de 240 mg en l\u00ednea, \u00bfD\u00f3nde puedo comprar? <a href=\"https:\/\/en.wikipedia.org\/wiki\/Bars\">bares<\/a> \u00bfPastillas de \u00e9xtasis de 240 mg?, \u00bfd\u00f3nde puedo comprar pastillas de \u00e9xtasis de 240 mg en venta?, \u00bfd\u00f3nde puedo comprar \u00e9xtasis en l\u00ednea?, pastillas de \u00e9xtasis de 240 miligramos disponibles para comprar, proveedores, entrega segura y venta en EE. UU., Canad\u00e1 y el Reino Unido. Las tabletas de \u00e9xtasis con 240 mg a\u00fan est\u00e1n disponibles. \u00bfEs legal comprar pastillas de \u00e9xtasis de 240 mg en l\u00ednea en EE. UU.? \u00bfC\u00f3mo puedo obtener pastillas de \u00e9xtasis de 240 mg en barras? \u00bfSon legales las barras que contienen \u00e9xtasis de 240 mg en Canad\u00e1?<\/p>\n<p>&nbsp;<\/p>","protected":false},"excerpt":{"rendered":"<p>For Sale: Bars of 240 mg ecstasy tablets The majority of MDMA users consume it as capsules or tablets (spices powder), while some others take it in liquid or tablet form. As a shorthand for &#8220;molecule,&#8221; Molly&#8217;s common name often refers to what is actually MDMA&#8217;s &#8220;pure&#8221; crystalline powder form, which is usually sold as &hellip;<\/p>\n<p class=\"read-more\"> <a class=\"\" href=\"https:\/\/legitgrams.com\/es\/producto\/pastillas-de-extasis-de-240-mg\/\"> <span class=\"screen-reader-text\">pastillas de \u00e9xtasis de 240 mg<\/span> Leer m\u00e1s \"<\/a><\/p>","protected":false},"featured_media":5188,"comment_status":"open","ping_status":"closed","template":"","meta":{"_uag_custom_page_level_css":"","site-sidebar-layout":"default","site-content-layout":"default","ast-global-header-display":"","ast-main-header-display":"","ast-hfb-above-header-display":"","ast-hfb-below-header-display":"","ast-hfb-mobile-header-display":"","site-post-title":"","ast-breadcrumbs-content":"","ast-featured-img":"","footer-sml-layout":"","theme-transparent-header-meta":"default","adv-header-id-meta":"","stick-header-meta":"default","header-above-stick-meta":"","header-main-stick-meta":"","header-below-stick-meta":"","_joinchat":[]},"product_brand":[],"product_cat":[596],"product_tag":[928,932,931,939,930,942,949,950,948,940,945,947,937,617,929,944,941,936,934,946,943,625,935,938,933],"class_list":{"0":"post-4297","1":"product","2":"type-product","3":"status-publish","4":"has-post-thumbnail","6":"product_cat-ecstasy-pills-mdma","7":"product_tag-bars-240mg-ecstasy-pills","8":"product_tag-bars-240mg-ecstasy-pills-bars-240mg-ecstasy-pills-supplier","9":"product_tag-bars-240mg-ecstasy-pills-for-sale","10":"product_tag-bars-240mg-ecstasy-pills-legally","11":"product_tag-bars-240mg-ecstasy-pills-online","12":"product_tag-bars-240mg-ecstasy-pills-store","13":"product_tag-bars-240mg-ecstasy-pills-use","14":"product_tag-bars-240mg-ecstasy-pills-wiki","15":"product_tag-bars-240mg-ecstasy-pills-worldwide","16":"product_tag-bars-240mg-ecstasy-pillsprice","17":"product_tag-bars-240mg-ecstasy-pillss","18":"product_tag-best-cheap-price-bars-240mg-ecstasy-pills","19":"product_tag-best-place-to-buy-bars-240mg-ecstasy-pills","20":"product_tag-bulk-online","21":"product_tag-buy-bars-240mg-ecstasy-pills","22":"product_tag-cheap-bars-240mg-ecstasy-pills","23":"product_tag-high-quality-bars-240mg-ecstasy-pills","24":"product_tag-how-to-buy-bars-240mg-ecstasy-pills","25":"product_tag-order-bars-240mg-ecstasy-pills","26":"product_tag-purcharse-bars-240mg-ecstasy-pills","27":"product_tag-shop-bars-240mg-ecstasy-pills","28":"product_tag-top-quality","29":"product_tag-where-to-buy-bars-240mg-ecstasy-pills","30":"product_tag-where-to-order-bars-240mg-ecstasy-pills","31":"product_tag-wholesale-bars-240mg-ecstasy-pills","32":"desktop-align-left","33":"tablet-align-left","34":"mobile-align-left","35":"ast-product-gallery-layout-horizontal","36":"ast-product-gallery-with-no-image","37":"ast-product-single-variable","38":"ast-product-tabs-layout-horizontal","39":"ast-qv-on-image","41":"first","42":"instock","43":"shipping-taxable","44":"purchasable","45":"product-type-variable"},"yoast_head":"<!-- This site is optimized with the Yoast SEO plugin v25.9 - https:\/\/yoast.com\/wordpress\/plugins\/seo\/ -->\n<title>Bars 240mg Ecstasy Pills for Sale - Buy Bars Ecstasy Online<\/title>\n<meta name=\"description\" content=\"You can get in touch with our Legitgrams store and buy bars 240mg ecstasy pills online. We have bars 240mg ecstasy pills for sale at cheap price. Get yours at your place right away!\" \/>\n<meta name=\"robots\" content=\"index, follow, max-snippet:-1, max-image-preview:large, max-video-preview:-1\" \/>\n<link rel=\"canonical\" href=\"https:\/\/legitgrams.com\/es\/producto\/pastillas-de-extasis-de-240-mg\/\" \/>\n<meta property=\"og:locale\" content=\"es_ES\" \/>\n<meta property=\"og:type\" content=\"article\" \/>\n<meta property=\"og:title\" content=\"Bars 240mg Ecstasy Pills for Sale - Buy Bars Ecstasy Online\" \/>\n<meta property=\"og:description\" content=\"You can get in touch with our Legitgrams store and buy bars 240mg ecstasy pills online. We have bars 240mg ecstasy pills for sale at cheap price. Get yours at your place right away!\" \/>\n<meta property=\"og:url\" content=\"https:\/\/legitgrams.com\/es\/producto\/pastillas-de-extasis-de-240-mg\/\" \/>\n<meta property=\"og:site_name\" content=\"Legit Grams\" \/>\n<meta property=\"article:modified_time\" content=\"2025-01-13T09:44:15+00:00\" \/>\n<meta property=\"og:image\" content=\"https:\/\/legitgrams.com\/wp-content\/uploads\/2024\/09\/buy-bars-240mg-ecstasy-pills-online.jpg\" \/>\n\t<meta property=\"og:image:width\" content=\"600\" \/>\n\t<meta property=\"og:image:height\" content=\"600\" \/>\n\t<meta property=\"og:image:type\" content=\"image\/jpeg\" \/>\n<meta name=\"twitter:card\" content=\"summary_large_image\" \/>\n<meta name=\"twitter:label1\" content=\"Tiempo de lectura\" \/>\n\t<meta name=\"twitter:data1\" content=\"2 minutos\" \/>\n<script type=\"application\/ld+json\" class=\"yoast-schema-graph\">{\"@context\":\"https:\/\/schema.org\",\"@graph\":[{\"@type\":\"WebPage\",\"@id\":\"https:\/\/legitgrams.com\/product\/bars-240mg-ecstasy-pills\/\",\"url\":\"https:\/\/legitgrams.com\/product\/bars-240mg-ecstasy-pills\/\",\"name\":\"Bars 240mg Ecstasy Pills for Sale - Buy Bars Ecstasy Online\",\"isPartOf\":{\"@id\":\"https:\/\/legitgrams.com\/#website\"},\"primaryImageOfPage\":{\"@id\":\"https:\/\/legitgrams.com\/product\/bars-240mg-ecstasy-pills\/#primaryimage\"},\"image\":{\"@id\":\"https:\/\/legitgrams.com\/product\/bars-240mg-ecstasy-pills\/#primaryimage\"},\"thumbnailUrl\":\"https:\/\/legitgrams.com\/wp-content\/uploads\/2024\/09\/buy-bars-240mg-ecstasy-pills-online.jpg\",\"datePublished\":\"2024-09-22T09:54:59+00:00\",\"dateModified\":\"2025-01-13T09:44:15+00:00\",\"description\":\"You can get in touch with our Legitgrams store and buy bars 240mg ecstasy pills online. We have bars 240mg ecstasy pills for sale at cheap price. Get yours at your place right away!\",\"breadcrumb\":{\"@id\":\"https:\/\/legitgrams.com\/product\/bars-240mg-ecstasy-pills\/#breadcrumb\"},\"inLanguage\":\"es\",\"potentialAction\":[{\"@type\":\"ReadAction\",\"target\":[\"https:\/\/legitgrams.com\/product\/bars-240mg-ecstasy-pills\/\"]}]},{\"@type\":\"ImageObject\",\"inLanguage\":\"es\",\"@id\":\"https:\/\/legitgrams.com\/product\/bars-240mg-ecstasy-pills\/#primaryimage\",\"url\":\"https:\/\/legitgrams.com\/wp-content\/uploads\/2024\/09\/buy-bars-240mg-ecstasy-pills-online.jpg\",\"contentUrl\":\"https:\/\/legitgrams.com\/wp-content\/uploads\/2024\/09\/buy-bars-240mg-ecstasy-pills-online.jpg\",\"width\":600,\"height\":600,\"caption\":\"Bars 240mg ecstasy pills for Sale\"},{\"@type\":\"BreadcrumbList\",\"@id\":\"https:\/\/legitgrams.com\/product\/bars-240mg-ecstasy-pills\/#breadcrumb\",\"itemListElement\":[{\"@type\":\"ListItem\",\"position\":1,\"name\":\"Home\",\"item\":\"https:\/\/legitgrams.com\/\"},{\"@type\":\"ListItem\",\"position\":2,\"name\":\"Shop\",\"item\":\"https:\/\/legitgrams.com\/shop\/\"},{\"@type\":\"ListItem\",\"position\":3,\"name\":\"bars 240mg ecstasy pills\"}]},{\"@type\":\"WebSite\",\"@id\":\"https:\/\/legitgrams.com\/#website\",\"url\":\"https:\/\/legitgrams.com\/\",\"name\":\"Legit Grams\",\"description\":\"My WordPress Blog\",\"publisher\":{\"@id\":\"https:\/\/legitgrams.com\/#organization\"},\"potentialAction\":[{\"@type\":\"SearchAction\",\"target\":{\"@type\":\"EntryPoint\",\"urlTemplate\":\"https:\/\/legitgrams.com\/?s={search_term_string}\"},\"query-input\":{\"@type\":\"PropertyValueSpecification\",\"valueRequired\":true,\"valueName\":\"search_term_string\"}}],\"inLanguage\":\"es\"},{\"@type\":\"Organization\",\"@id\":\"https:\/\/legitgrams.com\/#organization\",\"name\":\"Legit Grams\",\"url\":\"https:\/\/legitgrams.com\/\",\"logo\":{\"@type\":\"ImageObject\",\"inLanguage\":\"es\",\"@id\":\"https:\/\/legitgrams.com\/#\/schema\/logo\/image\/\",\"url\":\"https:\/\/legitgrams.com\/wp-content\/uploads\/2024\/09\/main-logo.png\",\"contentUrl\":\"https:\/\/legitgrams.com\/wp-content\/uploads\/2024\/09\/main-logo.png\",\"width\":270,\"height\":75,\"caption\":\"Legit Grams\"},\"image\":{\"@id\":\"https:\/\/legitgrams.com\/#\/schema\/logo\/image\/\"}}]}<\/script>\n<!-- \/ Yoast SEO plugin. -->","yoast_head_json":{"title":"Pastillas de \u00e9xtasis Bars de 240 mg a la venta: compre pastillas de \u00e9xtasis Bars en l\u00ednea","description":"Puede ponerse en contacto con nuestra tienda Legitgrams y comprar barras 240mg pastillas de \u00e9xtasis en l\u00ednea. Tenemos barras 240mg pastillas de \u00e9xtasis para la venta a precio barato. \u00a1Obtenga el suyo en su lugar de inmediato!","robots":{"index":"index","follow":"follow","max-snippet":"max-snippet:-1","max-image-preview":"max-image-preview:large","max-video-preview":"max-video-preview:-1"},"canonical":"https:\/\/legitgrams.com\/es\/producto\/pastillas-de-extasis-de-240-mg\/","og_locale":"es_ES","og_type":"article","og_title":"Bars 240mg Ecstasy Pills for Sale - Buy Bars Ecstasy Online","og_description":"You can get in touch with our Legitgrams store and buy bars 240mg ecstasy pills online. We have bars 240mg ecstasy pills for sale at cheap price. Get yours at your place right away!","og_url":"https:\/\/legitgrams.com\/es\/producto\/pastillas-de-extasis-de-240-mg\/","og_site_name":"Legit Grams","article_modified_time":"2025-01-13T09:44:15+00:00","og_image":[{"width":600,"height":600,"url":"https:\/\/legitgrams.com\/wp-content\/uploads\/2024\/09\/buy-bars-240mg-ecstasy-pills-online.jpg","type":"image\/jpeg"}],"twitter_card":"summary_large_image","twitter_misc":{"Tiempo de lectura":"2 minutos"},"schema":{"@context":"https:\/\/schema.org","@graph":[{"@type":"WebPage","@id":"https:\/\/legitgrams.com\/product\/bars-240mg-ecstasy-pills\/","url":"https:\/\/legitgrams.com\/product\/bars-240mg-ecstasy-pills\/","name":"Pastillas de \u00e9xtasis Bars de 240 mg a la venta: compre pastillas de \u00e9xtasis Bars en l\u00ednea","isPartOf":{"@id":"https:\/\/legitgrams.com\/#website"},"primaryImageOfPage":{"@id":"https:\/\/legitgrams.com\/product\/bars-240mg-ecstasy-pills\/#primaryimage"},"image":{"@id":"https:\/\/legitgrams.com\/product\/bars-240mg-ecstasy-pills\/#primaryimage"},"thumbnailUrl":"https:\/\/legitgrams.com\/wp-content\/uploads\/2024\/09\/buy-bars-240mg-ecstasy-pills-online.jpg","datePublished":"2024-09-22T09:54:59+00:00","dateModified":"2025-01-13T09:44:15+00:00","description":"Puede ponerse en contacto con nuestra tienda Legitgrams y comprar barras 240mg pastillas de \u00e9xtasis en l\u00ednea. Tenemos barras 240mg pastillas de \u00e9xtasis para la venta a precio barato. \u00a1Obtenga el suyo en su lugar de inmediato!","breadcrumb":{"@id":"https:\/\/legitgrams.com\/product\/bars-240mg-ecstasy-pills\/#breadcrumb"},"inLanguage":"es","potentialAction":[{"@type":"ReadAction","target":["https:\/\/legitgrams.com\/product\/bars-240mg-ecstasy-pills\/"]}]},{"@type":"ImageObject","inLanguage":"es","@id":"https:\/\/legitgrams.com\/product\/bars-240mg-ecstasy-pills\/#primaryimage","url":"https:\/\/legitgrams.com\/wp-content\/uploads\/2024\/09\/buy-bars-240mg-ecstasy-pills-online.jpg","contentUrl":"https:\/\/legitgrams.com\/wp-content\/uploads\/2024\/09\/buy-bars-240mg-ecstasy-pills-online.jpg","width":600,"height":600,"caption":"Bars 240mg ecstasy pills for Sale"},{"@type":"BreadcrumbList","@id":"https:\/\/legitgrams.com\/product\/bars-240mg-ecstasy-pills\/#breadcrumb","itemListElement":[{"@type":"ListItem","position":1,"name":"Home","item":"https:\/\/legitgrams.com\/"},{"@type":"ListItem","position":2,"name":"Shop","item":"https:\/\/legitgrams.com\/shop\/"},{"@type":"ListItem","position":3,"name":"bars 240mg ecstasy pills"}]},{"@type":"WebSite","@id":"https:\/\/legitgrams.com\/#website","url":"https:\/\/legitgrams.com\/","name":"Gramos leg\u00edtimos","description":"Mi blog de WordPress","publisher":{"@id":"https:\/\/legitgrams.com\/#organization"},"potentialAction":[{"@type":"SearchAction","target":{"@type":"EntryPoint","urlTemplate":"https:\/\/legitgrams.com\/?s={search_term_string}"},"query-input":{"@type":"PropertyValueSpecification","valueRequired":true,"valueName":"search_term_string"}}],"inLanguage":"es"},{"@type":"Organization","@id":"https:\/\/legitgrams.com\/#organization","name":"Gramos leg\u00edtimos","url":"https:\/\/legitgrams.com\/","logo":{"@type":"ImageObject","inLanguage":"es","@id":"https:\/\/legitgrams.com\/#\/schema\/logo\/image\/","url":"https:\/\/legitgrams.com\/wp-content\/uploads\/2024\/09\/main-logo.png","contentUrl":"https:\/\/legitgrams.com\/wp-content\/uploads\/2024\/09\/main-logo.png","width":270,"height":75,"caption":"Legit Grams"},"image":{"@id":"https:\/\/legitgrams.com\/#\/schema\/logo\/image\/"}}]}},"uagb_featured_image_src":{"full":["https:\/\/legitgrams.com\/wp-content\/uploads\/2024\/09\/buy-bars-240mg-ecstasy-pills-online.jpg",600,600,false],"thumbnail":["https:\/\/legitgrams.com\/wp-content\/uploads\/2024\/09\/buy-bars-240mg-ecstasy-pills-online-150x150.jpg",150,150,true],"medium":["https:\/\/legitgrams.com\/wp-content\/uploads\/2024\/09\/buy-bars-240mg-ecstasy-pills-online-300x300.jpg",300,300,true],"medium_large":["https:\/\/legitgrams.com\/wp-content\/uploads\/2024\/09\/buy-bars-240mg-ecstasy-pills-online.jpg",600,600,false],"large":["https:\/\/legitgrams.com\/wp-content\/uploads\/2024\/09\/buy-bars-240mg-ecstasy-pills-online.jpg",600,600,false],"1536x1536":["https:\/\/legitgrams.com\/wp-content\/uploads\/2024\/09\/buy-bars-240mg-ecstasy-pills-online.jpg",600,600,false],"2048x2048":["https:\/\/legitgrams.com\/wp-content\/uploads\/2024\/09\/buy-bars-240mg-ecstasy-pills-online.jpg",600,600,false],"trp-custom-language-flag":["https:\/\/legitgrams.com\/wp-content\/uploads\/2024\/09\/buy-bars-240mg-ecstasy-pills-online-12x12.jpg",12,12,true],"woocommerce_thumbnail":["https:\/\/legitgrams.com\/wp-content\/uploads\/2024\/09\/buy-bars-240mg-ecstasy-pills-online-300x300.jpg",300,300,true],"woocommerce_single":["https:\/\/legitgrams.com\/wp-content\/uploads\/2024\/09\/buy-bars-240mg-ecstasy-pills-online.jpg",600,600,false],"woocommerce_gallery_thumbnail":["https:\/\/legitgrams.com\/wp-content\/uploads\/2024\/09\/buy-bars-240mg-ecstasy-pills-online-100x100.jpg",100,100,true]},"uagb_author_info":{"display_name":"cokeblog18","author_link":"https:\/\/legitgrams.com\/es\/author\/"},"uagb_comment_info":0,"uagb_excerpt":"For Sale: Bars of 240 mg ecstasy tablets The majority of MDMA users consume it as capsules or tablets (spices powder), while some others take it in liquid or tablet form. As a shorthand for &#8220;molecule,&#8221; Molly&#8217;s common name often refers to what is actually MDMA&#8217;s &#8220;pure&#8221; crystalline powder form, which is usually sold as&hellip;","_links":{"self":[{"href":"https:\/\/legitgrams.com\/es\/wp-json\/wp\/v2\/product\/4297","targetHints":{"allow":["GET"]}}],"collection":[{"href":"https:\/\/legitgrams.com\/es\/wp-json\/wp\/v2\/product"}],"about":[{"href":"https:\/\/legitgrams.com\/es\/wp-json\/wp\/v2\/types\/product"}],"replies":[{"embeddable":true,"href":"https:\/\/legitgrams.com\/es\/wp-json\/wp\/v2\/comments?post=4297"}],"wp:featuredmedia":[{"embeddable":true,"href":"https:\/\/legitgrams.com\/es\/wp-json\/wp\/v2\/media\/5188"}],"wp:attachment":[{"href":"https:\/\/legitgrams.com\/es\/wp-json\/wp\/v2\/media?parent=4297"}],"wp:term":[{"taxonomy":"product_brand","embeddable":true,"href":"https:\/\/legitgrams.com\/es\/wp-json\/wp\/v2\/product_brand?post=4297"},{"taxonomy":"product_cat","embeddable":true,"href":"https:\/\/legitgrams.com\/es\/wp-json\/wp\/v2\/product_cat?post=4297"},{"taxonomy":"product_tag","embeddable":true,"href":"https:\/\/legitgrams.com\/es\/wp-json\/wp\/v2\/product_tag?post=4297"}],"curies":[{"name":"wp","href":"https:\/\/api.w.org\/{rel}","templated":true}]}}