{"id":4298,"date":"2024-09-22T10:06:49","date_gmt":"2024-09-22T10:06:49","guid":{"rendered":"https:\/\/legitgrams.com\/?post_type=product&#038;p=4298"},"modified":"2026-02-28T13:24:26","modified_gmt":"2026-02-28T13:24:26","slug":"heroina-marron-99-pura","status":"publish","type":"product","link":"https:\/\/legitgrams.com\/es\/producto\/heroina-marron-99-pura\/","title":{"rendered":"Compre hero\u00edna marr\u00f3n 99% pura en l\u00ednea"},"content":{"rendered":"<h2>Compre hero\u00edna marr\u00f3n 99% pura en l\u00ednea<\/h2>\n<p>Puedes conseguir <a href=\"https:\/\/legitgrams.com\/es\/producto\/heroina-marron-99-pura\/\">hero\u00edna marr\u00f3n<\/a> De nosotros, tenemos la mejor hero\u00edna del mundo. Ofrecemos a los revendedores la oportunidad de comprar az\u00facar morena en grandes cantidades en l\u00ednea.<\/p>\n<h3>utilizado para promocionar la hero\u00edna blanca<\/h3>\n<p>Se utiliza como medicina para el entretenimiento porque produce euforia. El antrop\u00f3logo Michael Hagar fue el primero en llamar a la hero\u00edna \u201cla droga perfecta en cualquier forma\u201d. La tolerancia se desarrolla r\u00e1pidamente para lograr el mismo efecto en dosis mayores. Debido a sus diferentes efectos reportados, se dice que es m\u00e1s popular entre los consumidores de drogas que la morfina. <a href=\"https:\/\/legitgrams.com\/es\/\">LegitGrams<\/a><\/p>\n<p>Se utiliza como medicina para el entretenimiento porque produce euforia. El antrop\u00f3logo Michael Hagar fue el primero en llamar a la hero\u00edna \u201cla droga perfecta en cualquier forma\u201d. La tolerancia se desarrolla r\u00e1pidamente para lograr el mismo efecto en dosis mayores. Debido a sus diferentes efectos reportados, se dice que es m\u00e1s popular entre los consumidores de drogas que la morfina.<\/p>\n<p>Comprar 60% marr\u00f3n pura <a href=\"https:\/\/en.wikipedia.org\/wiki\/Heroin\">Hero\u00edna<\/a> En l\u00ednea D\u00f3nde comprar hero\u00edna marr\u00f3n 60% pura, D\u00f3nde comprar hero\u00edna marr\u00f3n 60% pura a la venta, D\u00f3nde comprar hero\u00edna marr\u00f3n 60% pura a la venta en Estados Unidos, Canad\u00e1 y el Reino Unido, D\u00f3nde comprar hero\u00edna marr\u00f3n 60% pura, D\u00f3nde comprar hero\u00edna marr\u00f3n 60% pura a la venta, Comprar en l\u00ednea, Proveedores, Entrega segura, Todav\u00eda hay hero\u00edna marr\u00f3n 60% pura accesible. En los Estados Unidos, \u00bfes legal comprar hero\u00edna marr\u00f3n 60% pura? \u00bfCu\u00e1l es el proceso para pedir hero\u00edna marr\u00f3n 60% pura? \u00bfEs legal consumir hero\u00edna marr\u00f3n 60% pura en Canad\u00e1?<\/p>","protected":false},"excerpt":{"rendered":"<p>Buy Brown Heroin 99% Pure Online You can get brown heroin from us; we have the best heroin in the world. We give resellers the opportunity to buy brown sugar in large quantities online. used to promote white heroin It is used as a medicine for entertainment because it creates exhilaration. Anthropologist Michael Hagar was &hellip;<\/p>\n<p class=\"read-more\"> <a class=\"\" href=\"https:\/\/legitgrams.com\/es\/producto\/heroina-marron-99-pura\/\"> <span class=\"screen-reader-text\">Compre hero\u00edna marr\u00f3n 99% pura en l\u00ednea<\/span> Leer m\u00e1s \"<\/a><\/p>","protected":false},"featured_media":5336,"comment_status":"open","ping_status":"closed","template":"","meta":{"_uag_custom_page_level_css":"","site-sidebar-layout":"default","site-content-layout":"default","ast-global-header-display":"","ast-main-header-display":"","ast-hfb-above-header-display":"","ast-hfb-below-header-display":"","ast-hfb-mobile-header-display":"","site-post-title":"","ast-breadcrumbs-content":"","ast-featured-img":"","footer-sml-layout":"","theme-transparent-header-meta":"default","adv-header-id-meta":"","stick-header-meta":"default","header-above-stick-meta":"","header-main-stick-meta":"","header-below-stick-meta":"","_joinchat":[]},"product_brand":[],"product_cat":[601],"product_tag":[781,771,761,785,773,768,783,784,782,765,764,763,774,779,776,617,762,778,775,770,767,780,777,625,769,772,766],"class_list":{"0":"post-4298","1":"product","2":"type-product","3":"status-publish","4":"has-post-thumbnail","6":"product_cat-heroine","7":"product_tag-best-cheap-price-brown-heroin-99-pure","8":"product_tag-best-place-to-buy-brown-heroin-99-pure","9":"product_tag-brown-heroin-99-pure","10":"product_tag-brown-heroin-99-pure-for-sale","11":"product_tag-brown-heroin-99-pure-legally","12":"product_tag-brown-heroin-99-pure-online","13":"product_tag-brown-heroin-99-pure-use","14":"product_tag-brown-heroin-99-pure-wiki","15":"product_tag-brown-heroin-99-pure-worldwide","16":"product_tag-brown-heroin-99-purebrown-heroin-99-puresupplier","17":"product_tag-brown-heroin-99-purefor-sale","18":"product_tag-brown-heroin-99-pureonline","19":"product_tag-brown-heroin-99-pureprice","20":"product_tag-brown-heroin-99-pures","21":"product_tag-brown-heroin-99-purestore","22":"product_tag-bulk-online","23":"product_tag-buy-brown-heroin-99-pure","24":"product_tag-cheap-brown-heroin-99-pure","25":"product_tag-high-quality-brown-heroin-99-pure","26":"product_tag-how-to-buy-brown-heroin-99-pure","27":"product_tag-order-brown-heroin-99-pure","28":"product_tag-purcharse-brown-heroin-99-pure","29":"product_tag-shop-brown-heroin-99-pure","30":"product_tag-top-quality","31":"product_tag-where-to-buy-brown-heroin-99-pure","32":"product_tag-where-to-order-brown-heroin-99-pure","33":"product_tag-wholesale-brown-heroin-99-pure","34":"desktop-align-left","35":"tablet-align-left","36":"mobile-align-left","37":"ast-product-gallery-layout-horizontal","38":"ast-product-gallery-with-no-image","39":"ast-product-single-variable","40":"ast-product-tabs-layout-horizontal","41":"ast-qv-on-image","43":"first","44":"instock","45":"featured","46":"shipping-taxable","47":"purchasable","48":"product-type-variable","49":"has-default-attributes"},"yoast_head":"<!-- This site is optimized with the Yoast SEO plugin v25.9 - https:\/\/yoast.com\/wordpress\/plugins\/seo\/ -->\n<title>Brown Heroin for Sale - Buy Brown Heroin 99% Pure Online<\/title>\n<meta name=\"description\" content=\"Do you want to buy brown heroin online at an affordable price? LegitGrams is a leading place where you can get high-qualitty brown heroin for sale. Order Today!\" \/>\n<meta name=\"robots\" content=\"index, follow, max-snippet:-1, max-image-preview:large, max-video-preview:-1\" \/>\n<link rel=\"canonical\" href=\"https:\/\/legitgrams.com\/es\/producto\/heroina-marron-99-pura\/\" \/>\n<meta property=\"og:locale\" content=\"es_ES\" \/>\n<meta property=\"og:type\" content=\"article\" \/>\n<meta property=\"og:title\" content=\"Brown Heroin for Sale - Buy Brown Heroin 99% Pure Online\" \/>\n<meta property=\"og:description\" content=\"Do you want to buy brown heroin online at an affordable price? LegitGrams is a leading place where you can get high-qualitty brown heroin for sale. Order Today!\" \/>\n<meta property=\"og:url\" content=\"https:\/\/legitgrams.com\/es\/producto\/heroina-marron-99-pura\/\" \/>\n<meta property=\"og:site_name\" content=\"Legit Grams\" \/>\n<meta property=\"article:modified_time\" content=\"2026-02-28T13:24:26+00:00\" \/>\n<meta property=\"og:image\" content=\"https:\/\/legitgrams.com\/wp-content\/uploads\/2024\/09\/Brown-Heroin-99-pure.jpg\" \/>\n\t<meta property=\"og:image:width\" content=\"600\" \/>\n\t<meta property=\"og:image:height\" content=\"600\" \/>\n\t<meta property=\"og:image:type\" content=\"image\/jpeg\" \/>\n<meta name=\"twitter:card\" content=\"summary_large_image\" \/>\n<meta name=\"twitter:label1\" content=\"Tiempo de lectura\" \/>\n\t<meta name=\"twitter:data1\" content=\"2 minutos\" \/>\n<script type=\"application\/ld+json\" class=\"yoast-schema-graph\">{\"@context\":\"https:\/\/schema.org\",\"@graph\":[{\"@type\":\"WebPage\",\"@id\":\"https:\/\/legitgrams.com\/product\/brown-heroin-99-pure\/\",\"url\":\"https:\/\/legitgrams.com\/product\/brown-heroin-99-pure\/\",\"name\":\"Brown Heroin for Sale - Buy Brown Heroin 99% Pure Online\",\"isPartOf\":{\"@id\":\"https:\/\/legitgrams.com\/#website\"},\"primaryImageOfPage\":{\"@id\":\"https:\/\/legitgrams.com\/product\/brown-heroin-99-pure\/#primaryimage\"},\"image\":{\"@id\":\"https:\/\/legitgrams.com\/product\/brown-heroin-99-pure\/#primaryimage\"},\"thumbnailUrl\":\"https:\/\/legitgrams.com\/wp-content\/uploads\/2024\/09\/Brown-Heroin-99-pure.jpg\",\"datePublished\":\"2024-09-22T10:06:49+00:00\",\"dateModified\":\"2026-02-28T13:24:26+00:00\",\"description\":\"Do you want to buy brown heroin online at an affordable price? LegitGrams is a leading place where you can get high-qualitty brown heroin for sale. Order Today!\",\"breadcrumb\":{\"@id\":\"https:\/\/legitgrams.com\/product\/brown-heroin-99-pure\/#breadcrumb\"},\"inLanguage\":\"es\",\"potentialAction\":[{\"@type\":\"ReadAction\",\"target\":[\"https:\/\/legitgrams.com\/product\/brown-heroin-99-pure\/\"]}]},{\"@type\":\"ImageObject\",\"inLanguage\":\"es\",\"@id\":\"https:\/\/legitgrams.com\/product\/brown-heroin-99-pure\/#primaryimage\",\"url\":\"https:\/\/legitgrams.com\/wp-content\/uploads\/2024\/09\/Brown-Heroin-99-pure.jpg\",\"contentUrl\":\"https:\/\/legitgrams.com\/wp-content\/uploads\/2024\/09\/Brown-Heroin-99-pure.jpg\",\"width\":600,\"height\":600,\"caption\":\"Brown Heroin 99% Pure for Sale\"},{\"@type\":\"BreadcrumbList\",\"@id\":\"https:\/\/legitgrams.com\/product\/brown-heroin-99-pure\/#breadcrumb\",\"itemListElement\":[{\"@type\":\"ListItem\",\"position\":1,\"name\":\"Home\",\"item\":\"https:\/\/legitgrams.com\/\"},{\"@type\":\"ListItem\",\"position\":2,\"name\":\"Shop\",\"item\":\"https:\/\/legitgrams.com\/shop\/\"},{\"@type\":\"ListItem\",\"position\":3,\"name\":\"Buy Brown Heroin 99% Pure Online\"}]},{\"@type\":\"WebSite\",\"@id\":\"https:\/\/legitgrams.com\/#website\",\"url\":\"https:\/\/legitgrams.com\/\",\"name\":\"Legit Grams\",\"description\":\"My WordPress Blog\",\"publisher\":{\"@id\":\"https:\/\/legitgrams.com\/#organization\"},\"potentialAction\":[{\"@type\":\"SearchAction\",\"target\":{\"@type\":\"EntryPoint\",\"urlTemplate\":\"https:\/\/legitgrams.com\/?s={search_term_string}\"},\"query-input\":{\"@type\":\"PropertyValueSpecification\",\"valueRequired\":true,\"valueName\":\"search_term_string\"}}],\"inLanguage\":\"es\"},{\"@type\":\"Organization\",\"@id\":\"https:\/\/legitgrams.com\/#organization\",\"name\":\"Legit Grams\",\"url\":\"https:\/\/legitgrams.com\/\",\"logo\":{\"@type\":\"ImageObject\",\"inLanguage\":\"es\",\"@id\":\"https:\/\/legitgrams.com\/#\/schema\/logo\/image\/\",\"url\":\"https:\/\/legitgrams.com\/wp-content\/uploads\/2024\/09\/main-logo.png\",\"contentUrl\":\"https:\/\/legitgrams.com\/wp-content\/uploads\/2024\/09\/main-logo.png\",\"width\":270,\"height\":75,\"caption\":\"Legit Grams\"},\"image\":{\"@id\":\"https:\/\/legitgrams.com\/#\/schema\/logo\/image\/\"}}]}<\/script>\n<!-- \/ Yoast SEO plugin. -->","yoast_head_json":{"title":"Hero\u00edna Marr\u00f3n en Venta - Comprar Hero\u00edna Marr\u00f3n 99% Pura Online","description":"\u00bfDesea comprar hero\u00edna marr\u00f3n en l\u00ednea a un precio asequible? LegitGrams es un lugar l\u00edder donde se puede obtener de alta calidad hero\u00edna marr\u00f3n para la venta. \u00a1Haga su pedido hoy mismo!","robots":{"index":"index","follow":"follow","max-snippet":"max-snippet:-1","max-image-preview":"max-image-preview:large","max-video-preview":"max-video-preview:-1"},"canonical":"https:\/\/legitgrams.com\/es\/producto\/heroina-marron-99-pura\/","og_locale":"es_ES","og_type":"article","og_title":"Brown Heroin for Sale - Buy Brown Heroin 99% Pure Online","og_description":"Do you want to buy brown heroin online at an affordable price? LegitGrams is a leading place where you can get high-qualitty brown heroin for sale. Order Today!","og_url":"https:\/\/legitgrams.com\/es\/producto\/heroina-marron-99-pura\/","og_site_name":"Legit Grams","article_modified_time":"2026-02-28T13:24:26+00:00","og_image":[{"width":600,"height":600,"url":"https:\/\/legitgrams.com\/wp-content\/uploads\/2024\/09\/Brown-Heroin-99-pure.jpg","type":"image\/jpeg"}],"twitter_card":"summary_large_image","twitter_misc":{"Tiempo de lectura":"2 minutos"},"schema":{"@context":"https:\/\/schema.org","@graph":[{"@type":"WebPage","@id":"https:\/\/legitgrams.com\/product\/brown-heroin-99-pure\/","url":"https:\/\/legitgrams.com\/product\/brown-heroin-99-pure\/","name":"Hero\u00edna Marr\u00f3n en Venta - Comprar Hero\u00edna Marr\u00f3n 99% Pura Online","isPartOf":{"@id":"https:\/\/legitgrams.com\/#website"},"primaryImageOfPage":{"@id":"https:\/\/legitgrams.com\/product\/brown-heroin-99-pure\/#primaryimage"},"image":{"@id":"https:\/\/legitgrams.com\/product\/brown-heroin-99-pure\/#primaryimage"},"thumbnailUrl":"https:\/\/legitgrams.com\/wp-content\/uploads\/2024\/09\/Brown-Heroin-99-pure.jpg","datePublished":"2024-09-22T10:06:49+00:00","dateModified":"2026-02-28T13:24:26+00:00","description":"\u00bfDesea comprar hero\u00edna marr\u00f3n en l\u00ednea a un precio asequible? LegitGrams es un lugar l\u00edder donde se puede obtener de alta calidad hero\u00edna marr\u00f3n para la venta. \u00a1Haga su pedido hoy mismo!","breadcrumb":{"@id":"https:\/\/legitgrams.com\/product\/brown-heroin-99-pure\/#breadcrumb"},"inLanguage":"es","potentialAction":[{"@type":"ReadAction","target":["https:\/\/legitgrams.com\/product\/brown-heroin-99-pure\/"]}]},{"@type":"ImageObject","inLanguage":"es","@id":"https:\/\/legitgrams.com\/product\/brown-heroin-99-pure\/#primaryimage","url":"https:\/\/legitgrams.com\/wp-content\/uploads\/2024\/09\/Brown-Heroin-99-pure.jpg","contentUrl":"https:\/\/legitgrams.com\/wp-content\/uploads\/2024\/09\/Brown-Heroin-99-pure.jpg","width":600,"height":600,"caption":"Brown Heroin 99% Pure for Sale"},{"@type":"BreadcrumbList","@id":"https:\/\/legitgrams.com\/product\/brown-heroin-99-pure\/#breadcrumb","itemListElement":[{"@type":"ListItem","position":1,"name":"Home","item":"https:\/\/legitgrams.com\/"},{"@type":"ListItem","position":2,"name":"Shop","item":"https:\/\/legitgrams.com\/shop\/"},{"@type":"ListItem","position":3,"name":"Buy Brown Heroin 99% Pure Online"}]},{"@type":"WebSite","@id":"https:\/\/legitgrams.com\/#website","url":"https:\/\/legitgrams.com\/","name":"Gramos leg\u00edtimos","description":"Mi blog de WordPress","publisher":{"@id":"https:\/\/legitgrams.com\/#organization"},"potentialAction":[{"@type":"SearchAction","target":{"@type":"EntryPoint","urlTemplate":"https:\/\/legitgrams.com\/?s={search_term_string}"},"query-input":{"@type":"PropertyValueSpecification","valueRequired":true,"valueName":"search_term_string"}}],"inLanguage":"es"},{"@type":"Organization","@id":"https:\/\/legitgrams.com\/#organization","name":"Gramos leg\u00edtimos","url":"https:\/\/legitgrams.com\/","logo":{"@type":"ImageObject","inLanguage":"es","@id":"https:\/\/legitgrams.com\/#\/schema\/logo\/image\/","url":"https:\/\/legitgrams.com\/wp-content\/uploads\/2024\/09\/main-logo.png","contentUrl":"https:\/\/legitgrams.com\/wp-content\/uploads\/2024\/09\/main-logo.png","width":270,"height":75,"caption":"Legit Grams"},"image":{"@id":"https:\/\/legitgrams.com\/#\/schema\/logo\/image\/"}}]}},"uagb_featured_image_src":{"full":["https:\/\/legitgrams.com\/wp-content\/uploads\/2024\/09\/Brown-Heroin-99-pure.jpg",600,600,false],"thumbnail":["https:\/\/legitgrams.com\/wp-content\/uploads\/2024\/09\/Brown-Heroin-99-pure-150x150.jpg",150,150,true],"medium":["https:\/\/legitgrams.com\/wp-content\/uploads\/2024\/09\/Brown-Heroin-99-pure-300x300.jpg",300,300,true],"medium_large":["https:\/\/legitgrams.com\/wp-content\/uploads\/2024\/09\/Brown-Heroin-99-pure.jpg",600,600,false],"large":["https:\/\/legitgrams.com\/wp-content\/uploads\/2024\/09\/Brown-Heroin-99-pure.jpg",600,600,false],"1536x1536":["https:\/\/legitgrams.com\/wp-content\/uploads\/2024\/09\/Brown-Heroin-99-pure.jpg",600,600,false],"2048x2048":["https:\/\/legitgrams.com\/wp-content\/uploads\/2024\/09\/Brown-Heroin-99-pure.jpg",600,600,false],"trp-custom-language-flag":["https:\/\/legitgrams.com\/wp-content\/uploads\/2024\/09\/Brown-Heroin-99-pure-12x12.jpg",12,12,true],"woocommerce_thumbnail":["https:\/\/legitgrams.com\/wp-content\/uploads\/2024\/09\/Brown-Heroin-99-pure-300x300.jpg",300,300,true],"woocommerce_single":["https:\/\/legitgrams.com\/wp-content\/uploads\/2024\/09\/Brown-Heroin-99-pure.jpg",600,600,false],"woocommerce_gallery_thumbnail":["https:\/\/legitgrams.com\/wp-content\/uploads\/2024\/09\/Brown-Heroin-99-pure-100x100.jpg",100,100,true]},"uagb_author_info":{"display_name":"cokeblog18","author_link":"https:\/\/legitgrams.com\/es\/author\/"},"uagb_comment_info":1,"uagb_excerpt":"Buy Brown Heroin 99% Pure Online You can get brown heroin from us; we have the best heroin in the world. We give resellers the opportunity to buy brown sugar in large quantities online. used to promote white heroin It is used as a medicine for entertainment because it creates exhilaration. Anthropologist Michael Hagar was&hellip;","_links":{"self":[{"href":"https:\/\/legitgrams.com\/es\/wp-json\/wp\/v2\/product\/4298","targetHints":{"allow":["GET"]}}],"collection":[{"href":"https:\/\/legitgrams.com\/es\/wp-json\/wp\/v2\/product"}],"about":[{"href":"https:\/\/legitgrams.com\/es\/wp-json\/wp\/v2\/types\/product"}],"replies":[{"embeddable":true,"href":"https:\/\/legitgrams.com\/es\/wp-json\/wp\/v2\/comments?post=4298"}],"wp:featuredmedia":[{"embeddable":true,"href":"https:\/\/legitgrams.com\/es\/wp-json\/wp\/v2\/media\/5336"}],"wp:attachment":[{"href":"https:\/\/legitgrams.com\/es\/wp-json\/wp\/v2\/media?parent=4298"}],"wp:term":[{"taxonomy":"product_brand","embeddable":true,"href":"https:\/\/legitgrams.com\/es\/wp-json\/wp\/v2\/product_brand?post=4298"},{"taxonomy":"product_cat","embeddable":true,"href":"https:\/\/legitgrams.com\/es\/wp-json\/wp\/v2\/product_cat?post=4298"},{"taxonomy":"product_tag","embeddable":true,"href":"https:\/\/legitgrams.com\/es\/wp-json\/wp\/v2\/product_tag?post=4298"}],"curies":[{"name":"wp","href":"https:\/\/api.w.org\/{rel}","templated":true}]}}