{"id":4303,"date":"2024-09-22T10:00:31","date_gmt":"2024-09-22T10:00:31","guid":{"rendered":"https:\/\/legitgrams.com\/?post_type=product&#038;p=4303"},"modified":"2026-02-28T13:43:37","modified_gmt":"2026-02-28T13:43:37","slug":"alfa-pvp","status":"publish","type":"product","link":"https:\/\/legitgrams.com\/es\/producto\/alfa-pvp\/","title":{"rendered":"Comprar Alpha PVP en l\u00ednea"},"content":{"rendered":"<h2>Comprar Alpha PVP en l\u00ednea<\/h2>\n<p><a href=\"https:\/\/legitgrams.com\/es\/producto\/alfa-pvp\/\">Alfa-PVP<\/a> es un estimulante sint\u00e9tico que se utiliza en medicina para tratar una serie de dolencias. La alfa se coloc\u00f3 en la categor\u00eda de catinona, que respalda a los medicamentos. La alfa PVP se desarroll\u00f3 primero como una droga de dise\u00f1o. Ahora la gente la usa ampliamente por diversas razones, incluido el alivio del dolor. Este estimulante sint\u00e9tico est\u00e1 destinado a saciar el apetito de los drogadictos. Cuarenta a\u00f1os despu\u00e9s de que se lanzara su primer producto en 2000, se hizo muy conocido. Ni siquiera un peque\u00f1o grupo de personas lo us\u00f3 a lo largo de los a\u00f1os, que es lo m\u00e1s importante que hay que tener en cuenta. Sin embargo, se ha vuelto tan popular desde el a\u00f1o 2000 que aproximadamente el 70% de las personas en el planeta lo est\u00e1n usando actualmente.<\/p>\n<p>La causa del uso generalizado de las sustancias psicod\u00e9licas Alpha-PVP<\/p>\n<h3>\u00bfEn qu\u00e9 ubicaci\u00f3n puedo comprar PvP? PvP alfa<\/h3>\n<p>La alfa-PVP es un prof\u00e1rmaco com\u00fan y es una de las clases m\u00e1s utilizadas. Los principales factores que contribuyen a su popularidad son su potente potencia y su naturaleza de acci\u00f3n r\u00e1pida. Produce sus efectos al afectar directamente al sistema nervioso central, al igual que otros estimulantes.<\/p>\n<p>Pero para realizar las tareas deseadas, act\u00faa r\u00e1pidamente y libera hormonas espec\u00edficas. La alfa-PVP a veces se considera un estimulante del sistema nervioso central debido a la forma en que act\u00faa.<\/p>\n<p>La alfa-PVP tambi\u00e9n ayuda a la mente humana a controlar las emociones actuales como la felicidad, la tristeza o el dolor. Este f\u00e1rmaco facilita la imagen mental de un lugar de trabajo normal. Normalmente sin ning\u00fan problema. De esta forma, la alfa-PVP se utiliza para aliviar cualquier tipo de shock.<\/p>\n<p>La gente usa esta prodroga en discotecas y pubs, pero tambi\u00e9n se usa \u00fanicamente cuando los m\u00e9dicos la prescriben para ciertas dolencias. <a href=\"https:\/\/legitgrams.com\/es\/\">LegitGrams<\/a><\/p>\n<p>Los m\u00e9dicos utilizan medicamentos derivados de la alfa-PVP para tratar a los pacientes. El objetivo principal es tratar la depresi\u00f3n y la ansiedad.<\/p>\n<p>El aumento diario del consumo de Alpha-PVP se puede atribuir a varios factores, incluidos los siguientes: su popularidad est\u00e1 aumentando en ambos \u00e1mbitos de la vida.<\/p>\n<h3>C\u00f3mo comprar A-PVP de forma segura: una descripci\u00f3n general<\/h3>\n<p>El nombre qu\u00edmico completo es <a href=\"https:\/\/en.wikipedia.org\/wiki\/-Pyrrolidinopentiophenone\">alfa-pirrolidinopentiofenona<\/a>1-Fenil-2-(1-pirrolidinil)-1-pentanona es el nombre sistem\u00e1tico de la IUPAC.F\u00f3rmula molecular: C15H21NO; Masa molecular: 231,333 g\/mol; N\u00famero CAS: 14530-33-7; N\u00famero de ara\u00f1a qu\u00edmica: 9324063.<\/p>\n<p>Compre a-PVP genuino en l\u00ednea, El qu\u00edmico estimulante \u03b1-pirrolidinopentiofenona tambi\u00e9n se conoce como alfa-pirrolidinovalerofenona, \u03b1-PVP, alfa-PVP, O-2387 y \u03b2-cetona-prolintano. la d\u00e9cada de 1960, est\u00e1 vinculado a la pirovalerona y es el an\u00e1logo cet\u00f3nico del prolintano.<\/p>\n<p>Nuestra tienda en Internet trabaja con Alpha-PVP en gran medida. Puede comprar los productos que desee a precios muy asequibles. Adem\u00e1s, nuestros servicios de entrega en l\u00ednea le garantizar\u00e1n que recibir\u00e1 los productos a tiempo.<\/p>\n<p>Alpha-PVP Online: Alpha-PVP Online: Alpha-PVP Online: Alpha-PVP Online: Alpha-PVP Online: Alpha-PVP Online, Alpha-PVP Online, Alpha-PVP Online, Alpha-PVP Online, Alpha-PVP Online, Alpha-PVP Online, Alpha-PVP Online, Alpha-PVP Online, Alpha-PVP Online, Alpha-PVP Online, Alpha-PVP en EE. UU., Compra, En l\u00ednea, Proveedores, Entrega segura, Canad\u00e1, Reino Unido A\u00fan puedes acceder a Alpha-PVP. C\u00f3mo se pide Alpha-PVP \u00bfPuedo obtener Alpha-PVP en l\u00ednea en EE. UU. y es legal en Canad\u00e1?<\/p>\n<p>&nbsp;<\/p>","protected":false},"excerpt":{"rendered":"<p>Buy Alpha PVP Online Alpha-PVP is a synthetic stimulant used in medicine to treat a number of ailments. Alpha was placed in the cathinone category, which supports medicines. Alpha PVP was first developed as a designer drug. People now use it extensively for a variety of reasons, including pain alleviation. This synthetic stimulant is intended &hellip;<\/p>\n<p class=\"read-more\"> <a class=\"\" href=\"https:\/\/legitgrams.com\/es\/producto\/alfa-pvp\/\"> <span class=\"screen-reader-text\">Comprar Alpha PVP en l\u00ednea<\/span> Leer m\u00e1s \"<\/a><\/p>","protected":false},"featured_media":5267,"comment_status":"open","ping_status":"closed","template":"","meta":{"_uag_custom_page_level_css":"","site-sidebar-layout":"default","site-content-layout":"default","ast-global-header-display":"","ast-main-header-display":"","ast-hfb-above-header-display":"","ast-hfb-below-header-display":"","ast-hfb-mobile-header-display":"","site-post-title":"","ast-breadcrumbs-content":"","ast-featured-img":"","footer-sml-layout":"","theme-transparent-header-meta":"default","adv-header-id-meta":"","stick-header-meta":"default","header-above-stick-meta":"","header-main-stick-meta":"","header-below-stick-meta":"","_joinchat":[]},"product_brand":[],"product_cat":[600],"product_tag":[882,886,885,893,884,896,903,904,902,894,899,901,891,617,883,898,895,890,888,900,897,625,889,892,887],"class_list":{"0":"post-4303","1":"product","2":"type-product","3":"status-publish","4":"has-post-thumbnail","6":"product_cat-research-chemicals-and-bath-salt","7":"product_tag-alpha-pvp","8":"product_tag-alpha-pvp-alpha-pvp-supplier","9":"product_tag-alpha-pvp-for-sale","10":"product_tag-alpha-pvp-legally","11":"product_tag-alpha-pvp-online","12":"product_tag-alpha-pvp-store","13":"product_tag-alpha-pvp-use","14":"product_tag-alpha-pvp-wiki","15":"product_tag-alpha-pvp-worldwide","16":"product_tag-alpha-pvpprice","17":"product_tag-alpha-pvps","18":"product_tag-best-cheap-price-alpha-pvp","19":"product_tag-best-place-to-buy-alpha-pvp","20":"product_tag-bulk-online","21":"product_tag-buy-alpha-pvp","22":"product_tag-cheap-alpha-pvp","23":"product_tag-high-quality-alpha-pvp","24":"product_tag-how-to-buy-alpha-pvp","25":"product_tag-order-alpha-pvp","26":"product_tag-purcharse-alpha-pvp","27":"product_tag-shop-alpha-pvp","28":"product_tag-top-quality","29":"product_tag-where-to-buy-alpha-pvp","30":"product_tag-where-to-order-alpha-pvp","31":"product_tag-wholesale-alpha-pvp","32":"desktop-align-left","33":"tablet-align-left","34":"mobile-align-left","35":"ast-product-gallery-layout-horizontal","36":"ast-product-gallery-with-no-image","37":"ast-product-single-variable","38":"ast-product-tabs-layout-horizontal","39":"ast-qv-on-image","41":"first","42":"instock","43":"shipping-taxable","44":"purchasable","45":"product-type-variable"},"yoast_head":"<!-- This site is optimized with the Yoast SEO plugin v25.9 - https:\/\/yoast.com\/wordpress\/plugins\/seo\/ -->\n<title>Alpha PVP for Sale - Order Alpha PVP Online - Buy Alpha PVP<\/title>\n<meta name=\"description\" content=\"Alpha PVP for sale is now easily available at our online store. You can connect directly with our LegitGrams store and buy Alpha PVP online at the best price. Shop Today!\" \/>\n<meta name=\"robots\" content=\"index, follow, max-snippet:-1, max-image-preview:large, max-video-preview:-1\" \/>\n<link rel=\"canonical\" href=\"https:\/\/legitgrams.com\/es\/producto\/alfa-pvp\/\" \/>\n<meta property=\"og:locale\" content=\"es_ES\" \/>\n<meta property=\"og:type\" content=\"article\" \/>\n<meta property=\"og:title\" content=\"Alpha PVP for Sale - Order Alpha PVP Online - Buy Alpha PVP\" \/>\n<meta property=\"og:description\" content=\"Alpha PVP for sale is now easily available at our online store. You can connect directly with our LegitGrams store and buy Alpha PVP online at the best price. Shop Today!\" \/>\n<meta property=\"og:url\" content=\"https:\/\/legitgrams.com\/es\/producto\/alfa-pvp\/\" \/>\n<meta property=\"og:site_name\" content=\"Legit Grams\" \/>\n<meta property=\"article:modified_time\" content=\"2026-02-28T13:43:37+00:00\" \/>\n<meta property=\"og:image\" content=\"https:\/\/legitgrams.com\/wp-content\/uploads\/2024\/09\/Alpha-pvp-online.jpg\" \/>\n\t<meta property=\"og:image:width\" content=\"600\" \/>\n\t<meta property=\"og:image:height\" content=\"600\" \/>\n\t<meta property=\"og:image:type\" content=\"image\/jpeg\" \/>\n<meta name=\"twitter:card\" content=\"summary_large_image\" \/>\n<meta name=\"twitter:label1\" content=\"Tiempo de lectura\" \/>\n\t<meta name=\"twitter:data1\" content=\"3 minutos\" \/>\n<script type=\"application\/ld+json\" class=\"yoast-schema-graph\">{\"@context\":\"https:\/\/schema.org\",\"@graph\":[{\"@type\":\"WebPage\",\"@id\":\"https:\/\/legitgrams.com\/product\/alpha-pvp\/\",\"url\":\"https:\/\/legitgrams.com\/product\/alpha-pvp\/\",\"name\":\"Alpha PVP for Sale - Order Alpha PVP Online - Buy Alpha PVP\",\"isPartOf\":{\"@id\":\"https:\/\/legitgrams.com\/#website\"},\"primaryImageOfPage\":{\"@id\":\"https:\/\/legitgrams.com\/product\/alpha-pvp\/#primaryimage\"},\"image\":{\"@id\":\"https:\/\/legitgrams.com\/product\/alpha-pvp\/#primaryimage\"},\"thumbnailUrl\":\"https:\/\/legitgrams.com\/wp-content\/uploads\/2024\/09\/Alpha-pvp-online.jpg\",\"datePublished\":\"2024-09-22T10:00:31+00:00\",\"dateModified\":\"2026-02-28T13:43:37+00:00\",\"description\":\"Alpha PVP for sale is now easily available at our online store. You can connect directly with our LegitGrams store and buy Alpha PVP online at the best price. Shop Today!\",\"breadcrumb\":{\"@id\":\"https:\/\/legitgrams.com\/product\/alpha-pvp\/#breadcrumb\"},\"inLanguage\":\"es\",\"potentialAction\":[{\"@type\":\"ReadAction\",\"target\":[\"https:\/\/legitgrams.com\/product\/alpha-pvp\/\"]}]},{\"@type\":\"ImageObject\",\"inLanguage\":\"es\",\"@id\":\"https:\/\/legitgrams.com\/product\/alpha-pvp\/#primaryimage\",\"url\":\"https:\/\/legitgrams.com\/wp-content\/uploads\/2024\/09\/Alpha-pvp-online.jpg\",\"contentUrl\":\"https:\/\/legitgrams.com\/wp-content\/uploads\/2024\/09\/Alpha-pvp-online.jpg\",\"width\":600,\"height\":600,\"caption\":\"Alpha PVP for Sale\"},{\"@type\":\"BreadcrumbList\",\"@id\":\"https:\/\/legitgrams.com\/product\/alpha-pvp\/#breadcrumb\",\"itemListElement\":[{\"@type\":\"ListItem\",\"position\":1,\"name\":\"Home\",\"item\":\"https:\/\/legitgrams.com\/\"},{\"@type\":\"ListItem\",\"position\":2,\"name\":\"Shop\",\"item\":\"https:\/\/legitgrams.com\/shop\/\"},{\"@type\":\"ListItem\",\"position\":3,\"name\":\"Buy Alpha PVP Online\"}]},{\"@type\":\"WebSite\",\"@id\":\"https:\/\/legitgrams.com\/#website\",\"url\":\"https:\/\/legitgrams.com\/\",\"name\":\"Legit Grams\",\"description\":\"My WordPress Blog\",\"publisher\":{\"@id\":\"https:\/\/legitgrams.com\/#organization\"},\"potentialAction\":[{\"@type\":\"SearchAction\",\"target\":{\"@type\":\"EntryPoint\",\"urlTemplate\":\"https:\/\/legitgrams.com\/?s={search_term_string}\"},\"query-input\":{\"@type\":\"PropertyValueSpecification\",\"valueRequired\":true,\"valueName\":\"search_term_string\"}}],\"inLanguage\":\"es\"},{\"@type\":\"Organization\",\"@id\":\"https:\/\/legitgrams.com\/#organization\",\"name\":\"Legit Grams\",\"url\":\"https:\/\/legitgrams.com\/\",\"logo\":{\"@type\":\"ImageObject\",\"inLanguage\":\"es\",\"@id\":\"https:\/\/legitgrams.com\/#\/schema\/logo\/image\/\",\"url\":\"https:\/\/legitgrams.com\/wp-content\/uploads\/2024\/09\/main-logo.png\",\"contentUrl\":\"https:\/\/legitgrams.com\/wp-content\/uploads\/2024\/09\/main-logo.png\",\"width\":270,\"height\":75,\"caption\":\"Legit Grams\"},\"image\":{\"@id\":\"https:\/\/legitgrams.com\/#\/schema\/logo\/image\/\"}}]}<\/script>\n<!-- \/ Yoast SEO plugin. -->","yoast_head_json":{"title":"Alpha PVP en venta - Comprar Alpha PVP en l\u00ednea - Comprar Alpha PVP","description":"Alpha PVP a la venta est\u00e1 ahora f\u00e1cilmente disponible en nuestra tienda en l\u00ednea. Puede conectarse directamente con nuestra tienda LegitGrams y comprar Alpha PVP en l\u00ednea al mejor precio. \u00a1Compre hoy mismo!","robots":{"index":"index","follow":"follow","max-snippet":"max-snippet:-1","max-image-preview":"max-image-preview:large","max-video-preview":"max-video-preview:-1"},"canonical":"https:\/\/legitgrams.com\/es\/producto\/alfa-pvp\/","og_locale":"es_ES","og_type":"article","og_title":"Alpha PVP for Sale - Order Alpha PVP Online - Buy Alpha PVP","og_description":"Alpha PVP for sale is now easily available at our online store. You can connect directly with our LegitGrams store and buy Alpha PVP online at the best price. Shop Today!","og_url":"https:\/\/legitgrams.com\/es\/producto\/alfa-pvp\/","og_site_name":"Legit Grams","article_modified_time":"2026-02-28T13:43:37+00:00","og_image":[{"width":600,"height":600,"url":"https:\/\/legitgrams.com\/wp-content\/uploads\/2024\/09\/Alpha-pvp-online.jpg","type":"image\/jpeg"}],"twitter_card":"summary_large_image","twitter_misc":{"Tiempo de lectura":"3 minutos"},"schema":{"@context":"https:\/\/schema.org","@graph":[{"@type":"WebPage","@id":"https:\/\/legitgrams.com\/product\/alpha-pvp\/","url":"https:\/\/legitgrams.com\/product\/alpha-pvp\/","name":"Alpha PVP en venta - Comprar Alpha PVP en l\u00ednea - Comprar Alpha PVP","isPartOf":{"@id":"https:\/\/legitgrams.com\/#website"},"primaryImageOfPage":{"@id":"https:\/\/legitgrams.com\/product\/alpha-pvp\/#primaryimage"},"image":{"@id":"https:\/\/legitgrams.com\/product\/alpha-pvp\/#primaryimage"},"thumbnailUrl":"https:\/\/legitgrams.com\/wp-content\/uploads\/2024\/09\/Alpha-pvp-online.jpg","datePublished":"2024-09-22T10:00:31+00:00","dateModified":"2026-02-28T13:43:37+00:00","description":"Alpha PVP a la venta est\u00e1 ahora f\u00e1cilmente disponible en nuestra tienda en l\u00ednea. Puede conectarse directamente con nuestra tienda LegitGrams y comprar Alpha PVP en l\u00ednea al mejor precio. \u00a1Compre hoy mismo!","breadcrumb":{"@id":"https:\/\/legitgrams.com\/product\/alpha-pvp\/#breadcrumb"},"inLanguage":"es","potentialAction":[{"@type":"ReadAction","target":["https:\/\/legitgrams.com\/product\/alpha-pvp\/"]}]},{"@type":"ImageObject","inLanguage":"es","@id":"https:\/\/legitgrams.com\/product\/alpha-pvp\/#primaryimage","url":"https:\/\/legitgrams.com\/wp-content\/uploads\/2024\/09\/Alpha-pvp-online.jpg","contentUrl":"https:\/\/legitgrams.com\/wp-content\/uploads\/2024\/09\/Alpha-pvp-online.jpg","width":600,"height":600,"caption":"Alpha PVP for Sale"},{"@type":"BreadcrumbList","@id":"https:\/\/legitgrams.com\/product\/alpha-pvp\/#breadcrumb","itemListElement":[{"@type":"ListItem","position":1,"name":"Home","item":"https:\/\/legitgrams.com\/"},{"@type":"ListItem","position":2,"name":"Shop","item":"https:\/\/legitgrams.com\/shop\/"},{"@type":"ListItem","position":3,"name":"Buy Alpha PVP Online"}]},{"@type":"WebSite","@id":"https:\/\/legitgrams.com\/#website","url":"https:\/\/legitgrams.com\/","name":"Gramos leg\u00edtimos","description":"Mi blog de WordPress","publisher":{"@id":"https:\/\/legitgrams.com\/#organization"},"potentialAction":[{"@type":"SearchAction","target":{"@type":"EntryPoint","urlTemplate":"https:\/\/legitgrams.com\/?s={search_term_string}"},"query-input":{"@type":"PropertyValueSpecification","valueRequired":true,"valueName":"search_term_string"}}],"inLanguage":"es"},{"@type":"Organization","@id":"https:\/\/legitgrams.com\/#organization","name":"Gramos leg\u00edtimos","url":"https:\/\/legitgrams.com\/","logo":{"@type":"ImageObject","inLanguage":"es","@id":"https:\/\/legitgrams.com\/#\/schema\/logo\/image\/","url":"https:\/\/legitgrams.com\/wp-content\/uploads\/2024\/09\/main-logo.png","contentUrl":"https:\/\/legitgrams.com\/wp-content\/uploads\/2024\/09\/main-logo.png","width":270,"height":75,"caption":"Legit Grams"},"image":{"@id":"https:\/\/legitgrams.com\/#\/schema\/logo\/image\/"}}]}},"uagb_featured_image_src":{"full":["https:\/\/legitgrams.com\/wp-content\/uploads\/2024\/09\/Alpha-pvp-online.jpg",600,600,false],"thumbnail":["https:\/\/legitgrams.com\/wp-content\/uploads\/2024\/09\/Alpha-pvp-online-150x150.jpg",150,150,true],"medium":["https:\/\/legitgrams.com\/wp-content\/uploads\/2024\/09\/Alpha-pvp-online-300x300.jpg",300,300,true],"medium_large":["https:\/\/legitgrams.com\/wp-content\/uploads\/2024\/09\/Alpha-pvp-online.jpg",600,600,false],"large":["https:\/\/legitgrams.com\/wp-content\/uploads\/2024\/09\/Alpha-pvp-online.jpg",600,600,false],"1536x1536":["https:\/\/legitgrams.com\/wp-content\/uploads\/2024\/09\/Alpha-pvp-online.jpg",600,600,false],"2048x2048":["https:\/\/legitgrams.com\/wp-content\/uploads\/2024\/09\/Alpha-pvp-online.jpg",600,600,false],"trp-custom-language-flag":["https:\/\/legitgrams.com\/wp-content\/uploads\/2024\/09\/Alpha-pvp-online-12x12.jpg",12,12,true],"woocommerce_thumbnail":["https:\/\/legitgrams.com\/wp-content\/uploads\/2024\/09\/Alpha-pvp-online-300x300.jpg",300,300,true],"woocommerce_single":["https:\/\/legitgrams.com\/wp-content\/uploads\/2024\/09\/Alpha-pvp-online.jpg",600,600,false],"woocommerce_gallery_thumbnail":["https:\/\/legitgrams.com\/wp-content\/uploads\/2024\/09\/Alpha-pvp-online-100x100.jpg",100,100,true]},"uagb_author_info":{"display_name":"cokeblog18","author_link":"https:\/\/legitgrams.com\/es\/author\/"},"uagb_comment_info":0,"uagb_excerpt":"Buy Alpha PVP Online Alpha-PVP is a synthetic stimulant used in medicine to treat a number of ailments. Alpha was placed in the cathinone category, which supports medicines. Alpha PVP was first developed as a designer drug. People now use it extensively for a variety of reasons, including pain alleviation. This synthetic stimulant is intended&hellip;","_links":{"self":[{"href":"https:\/\/legitgrams.com\/es\/wp-json\/wp\/v2\/product\/4303","targetHints":{"allow":["GET"]}}],"collection":[{"href":"https:\/\/legitgrams.com\/es\/wp-json\/wp\/v2\/product"}],"about":[{"href":"https:\/\/legitgrams.com\/es\/wp-json\/wp\/v2\/types\/product"}],"replies":[{"embeddable":true,"href":"https:\/\/legitgrams.com\/es\/wp-json\/wp\/v2\/comments?post=4303"}],"wp:featuredmedia":[{"embeddable":true,"href":"https:\/\/legitgrams.com\/es\/wp-json\/wp\/v2\/media\/5267"}],"wp:attachment":[{"href":"https:\/\/legitgrams.com\/es\/wp-json\/wp\/v2\/media?parent=4303"}],"wp:term":[{"taxonomy":"product_brand","embeddable":true,"href":"https:\/\/legitgrams.com\/es\/wp-json\/wp\/v2\/product_brand?post=4303"},{"taxonomy":"product_cat","embeddable":true,"href":"https:\/\/legitgrams.com\/es\/wp-json\/wp\/v2\/product_cat?post=4303"},{"taxonomy":"product_tag","embeddable":true,"href":"https:\/\/legitgrams.com\/es\/wp-json\/wp\/v2\/product_tag?post=4303"}],"curies":[{"name":"wp","href":"https:\/\/api.w.org\/{rel}","templated":true}]}}