{"id":4309,"date":"2024-09-22T10:19:12","date_gmt":"2024-09-22T10:19:12","guid":{"rendered":"https:\/\/legitgrams.com\/?post_type=product&#038;p=4309"},"modified":"2026-02-26T12:31:36","modified_gmt":"2026-02-26T12:31:36","slug":"volkswagen-cocaina-90-pure","status":"publish","type":"product","link":"https:\/\/legitgrams.com\/es\/producto\/volkswagen-cocaina-90-pure\/","title":{"rendered":"Buy Volkswagen Cocaine 90% pure Online"},"content":{"rendered":"<h2>Comprar Coca\u00edna Volkswagen en l\u00ednea<\/h2>\n<p>Casi el 70-90% de coca\u00edna pura constituye los componentes de la coca\u00edna Volkswagen. Se encuentra entre las variedades de coca\u00edna que suelen encontrarse en el mundo actual. En muchas circunstancias, esta coca\u00edna funciona como bloqueador o analg\u00e9sico.<\/p>\n<p>Una de las sustancias psicotr\u00f3picas m\u00e1s utilizadas tanto en contextos m\u00e9dicos como no m\u00e9dicos es <a href=\"https:\/\/en.wikipedia.org\/wiki\/Volkswagen\">Volkswagen<\/a> coca\u00edna. En determinadas situaciones, la coca\u00edna Volkswagen tambi\u00e9n tiene propiedades estimulantes. Por esta raz\u00f3n, se emplea en la producci\u00f3n de diversos productos farmac\u00e9uticos y medicamentos.<\/p>\n<h3>C\u00f3mo funciona Volkswagen Coca\u00edna<\/h3>\n<p>Aunque la cantidad de coca\u00edna pura en cada variedad var\u00eda, ciertas variedades de coca\u00edna son m\u00e1s beneficiosas que otras. La coca\u00edna Volkswagen tambi\u00e9n es bastante beneficiosa para el cuerpo humano de diversas maneras.<\/p>\n<p>Este material extremadamente puro se utiliza para un trabajo preciso y r\u00e1pido. Esta coca\u00edna afecta inmediatamente al sistema nervioso central. Ciertas hormonas qu\u00edmicas que se utilizan para reducir el dolor son estimuladas por esta coca\u00edna.<\/p>\n<p>Tambi\u00e9n mejora la liberaci\u00f3n de determinados neurotransmisores del cerebro. Sin embargo, en ciertos casos, tambi\u00e9n libera sustancias qu\u00edmicas por s\u00ed sola para controlar el dolor. Dado que funciona como relajante, el dolor de cualquier tipo puede disminuir. Como resultado, las personas experimentan un alivio de su dolor. <a href=\"https:\/\/legitgrams.com\/es\/\">LegitGrams<\/a><\/p>\n<p>Este pro-f\u00e1rmaco tambi\u00e9n puede utilizarse para resolver el problema del insomnio. Su contenido contiene una peque\u00f1a cantidad de medicamentos que inducen el sue\u00f1o.<\/p>\n<p>La coca\u00edna Volkswagen no s\u00f3lo se receta, sino que tambi\u00e9n se utiliza con muchos fines en clubes de baile por personas normales. Los consumidores afirman sentirse m\u00e1s alerta y vivaces tras consumir este medicamento, pero s\u00f3lo temporalmente.<\/p>\n<p>La coca\u00edna Volkswagen es una droga muy pura, lo que significa que su consumo prolongado podr\u00eda ser perjudicial para la salud. Por lo tanto, s\u00f3lo debe utilizarse de acuerdo con lo que el cuerpo humano necesita.<\/p>\n<p>Volkswagen coca\u00edna tambi\u00e9n est\u00e1 disponible para su compra a un precio muy asequible en nuestra tienda web. Con nuestro servicio de env\u00edo, podr\u00e1 recibir su art\u00edculo r\u00e1pidamente. Nuestros qu\u00edmicos se han asegurado de que las condiciones de almacenamiento son de un tipo que no puede cambiar su pureza debido a cualquier factor.<\/p>\n<p><a href=\"https:\/\/legitgrams.com\/es\/producto\/volkswagen-cocaina-90-pure\/\">Comprar coca\u00edna VW en l\u00ednea<\/a> 90% Puro - Comprar VW Coca\u00edna, Comprar VW Coca\u00edna Online 90% Puro, Comprar VW Coca\u00edna Online, Donde Comprar VW Coca\u00edna Online 90% Puro, Donde Comprar VW Coca\u00edna Online 90% Puro, Comprar VW Coca\u00edna Online 90% Puro, Comprar VW Coca\u00edna Online 90% Puro, Comprar VW Coca\u00edna Online, D\u00f3nde Comprar VW Coca\u00edna Online, Comprar VW Coca\u00edna Online 90% Puro a la Venta en EE.UU., Canad\u00e1, Reino Unido, Comprar, Online, Proveedores, Entrega Segura, 90% Puro Volkswagen Coca\u00edna todav\u00eda est\u00e1 disponible en l\u00ednea. \u00bfEs legal comprar 90% pura Volkswagen Coca\u00edna Online en los Estados Unidos? \u00bfC\u00f3mo puedo realizar un pedido de 90% pura Volkswagen Coca\u00edna en l\u00ednea? \u00bfEs legal comprar 90% pura Volkswagen Coca\u00edna en l\u00ednea en Canad\u00e1?<\/p>","protected":false},"excerpt":{"rendered":"<p>Purchase Volkswagen Cocaine Online Nearly 70\u201390% pure cocaine makes up Volkswagen cocaine&#8217;s components. It is ranked among the varieties of cocaine that are typically found in today&#8217;s world. In many circumstances, this cocaine works as a blocker or a pain reliever. One of the most psychotropic substances utilized in both medical and non-medical contexts is &hellip;<\/p>\n<p class=\"read-more\"> <a class=\"\" href=\"https:\/\/legitgrams.com\/es\/producto\/volkswagen-cocaina-90-pure\/\"> <span class=\"screen-reader-text\">Buy Volkswagen Cocaine 90% pure Online<\/span> Leer m\u00e1s \"<\/a><\/p>","protected":false},"featured_media":5332,"comment_status":"open","ping_status":"closed","template":"","meta":{"_uag_custom_page_level_css":"","site-sidebar-layout":"default","site-content-layout":"default","ast-global-header-display":"","ast-main-header-display":"","ast-hfb-above-header-display":"","ast-hfb-below-header-display":"","ast-hfb-mobile-header-display":"","site-post-title":"","ast-breadcrumbs-content":"","ast-featured-img":"","footer-sml-layout":"","theme-transparent-header-meta":"default","adv-header-id-meta":"","stick-header-meta":"default","header-above-stick-meta":"","header-main-stick-meta":"","header-below-stick-meta":"","_joinchat":[]},"product_brand":[],"product_cat":[70],"product_tag":[970,960,617,952,967,964,959,957,969,966,625,951,954,962,953,965,972,955,973,971,963,968,958,961,956],"class_list":{"0":"post-4309","1":"product","2":"type-product","3":"status-publish","4":"has-post-thumbnail","6":"product_cat-cocaine","7":"product_tag-best-cheap-price-volkswagen-cocaine-90-pure","8":"product_tag-best-place-to-buy-volkswagen-cocaine-90-pure","9":"product_tag-bulk-online","10":"product_tag-buy-volkswagen-cocaine-90-pure","11":"product_tag-cheap-volkswagen-cocaine-90-pure","12":"product_tag-high-quality-volkswagen-cocaine-90-pure","13":"product_tag-how-to-buy-volkswagen-cocaine-90-pure","14":"product_tag-order-volkswagen-cocaine-90-pure","15":"product_tag-purcharse-volkswagen-cocaine-90-pure","16":"product_tag-shop-volkswagen-cocaine-90-pure","17":"product_tag-top-quality","18":"product_tag-volkswagen-cocaine-90-pure","19":"product_tag-volkswagen-cocaine-90-pure-for-sale","20":"product_tag-volkswagen-cocaine-90-pure-legally","21":"product_tag-volkswagen-cocaine-90-pure-online","22":"product_tag-volkswagen-cocaine-90-pure-store","23":"product_tag-volkswagen-cocaine-90-pure-use","24":"product_tag-volkswagen-cocaine-90-pure-volkswagen-cocaine-90-pure-supplier","25":"product_tag-volkswagen-cocaine-90-pure-wiki","26":"product_tag-volkswagen-cocaine-90-pure-worldwide","27":"product_tag-volkswagen-cocaine-90-pureprice","28":"product_tag-volkswagen-cocaine-90-pures","29":"product_tag-where-to-buy-volkswagen-cocaine-90-pure","30":"product_tag-where-to-order-volkswagen-cocaine-90-pure","31":"product_tag-wholesale-volkswagen-cocaine-90-pure","32":"desktop-align-left","33":"tablet-align-left","34":"mobile-align-left","35":"ast-product-gallery-layout-horizontal","36":"ast-product-gallery-with-no-image","37":"ast-product-single-variable","38":"ast-product-tabs-layout-horizontal","39":"ast-qv-on-image","41":"first","42":"instock","43":"shipping-taxable","44":"purchasable","45":"product-type-variable"},"yoast_head":"<!-- This site is optimized with the Yoast SEO plugin v25.9 - https:\/\/yoast.com\/wordpress\/plugins\/seo\/ -->\n<title>Volkswagen Cocaine for Sale - Buy Volkswagen Cocaine Online<\/title>\n<meta name=\"description\" content=\"Looking to further your research? buy volkswagen cocaine 90% pure conveniently and securely online, with a straightforward ordering process for volkswagen cocaine powder for sale.\" \/>\n<meta name=\"robots\" content=\"index, follow, max-snippet:-1, max-image-preview:large, max-video-preview:-1\" \/>\n<link rel=\"canonical\" href=\"https:\/\/legitgrams.com\/es\/producto\/volkswagen-cocaina-90-pure\/\" \/>\n<meta property=\"og:locale\" content=\"es_ES\" \/>\n<meta property=\"og:type\" content=\"article\" \/>\n<meta property=\"og:title\" content=\"Volkswagen Cocaine for Sale - Buy Volkswagen Cocaine Online\" \/>\n<meta property=\"og:description\" content=\"Looking to further your research? buy volkswagen cocaine 90% pure conveniently and securely online, with a straightforward ordering process for volkswagen cocaine powder for sale.\" \/>\n<meta property=\"og:url\" content=\"https:\/\/legitgrams.com\/es\/producto\/volkswagen-cocaina-90-pure\/\" \/>\n<meta property=\"og:site_name\" content=\"Legit Grams\" \/>\n<meta property=\"article:modified_time\" content=\"2026-02-26T12:31:36+00:00\" \/>\n<meta property=\"og:image\" content=\"https:\/\/legitgrams.com\/wp-content\/uploads\/2024\/09\/buy-volkswagen-cocaine-online-90-pure-1.jpg\" \/>\n\t<meta property=\"og:image:width\" content=\"600\" \/>\n\t<meta property=\"og:image:height\" content=\"600\" \/>\n\t<meta property=\"og:image:type\" content=\"image\/jpeg\" \/>\n<meta name=\"twitter:card\" content=\"summary_large_image\" \/>\n<meta name=\"twitter:label1\" content=\"Tiempo de lectura\" \/>\n\t<meta name=\"twitter:data1\" content=\"3 minutos\" \/>\n<script type=\"application\/ld+json\" class=\"yoast-schema-graph\">{\"@context\":\"https:\/\/schema.org\",\"@graph\":[{\"@type\":\"WebPage\",\"@id\":\"https:\/\/legitgrams.com\/product\/volkswagen-cocaine-90-pure\/\",\"url\":\"https:\/\/legitgrams.com\/product\/volkswagen-cocaine-90-pure\/\",\"name\":\"Volkswagen Cocaine for Sale - Buy Volkswagen Cocaine Online\",\"isPartOf\":{\"@id\":\"https:\/\/legitgrams.com\/#website\"},\"primaryImageOfPage\":{\"@id\":\"https:\/\/legitgrams.com\/product\/volkswagen-cocaine-90-pure\/#primaryimage\"},\"image\":{\"@id\":\"https:\/\/legitgrams.com\/product\/volkswagen-cocaine-90-pure\/#primaryimage\"},\"thumbnailUrl\":\"https:\/\/legitgrams.com\/wp-content\/uploads\/2024\/09\/buy-volkswagen-cocaine-online-90-pure-1.jpg\",\"datePublished\":\"2024-09-22T10:19:12+00:00\",\"dateModified\":\"2026-02-26T12:31:36+00:00\",\"description\":\"Looking to further your research? buy volkswagen cocaine 90% pure conveniently and securely online, with a straightforward ordering process for volkswagen cocaine powder for sale.\",\"breadcrumb\":{\"@id\":\"https:\/\/legitgrams.com\/product\/volkswagen-cocaine-90-pure\/#breadcrumb\"},\"inLanguage\":\"es\",\"potentialAction\":[{\"@type\":\"ReadAction\",\"target\":[\"https:\/\/legitgrams.com\/product\/volkswagen-cocaine-90-pure\/\"]}]},{\"@type\":\"ImageObject\",\"inLanguage\":\"es\",\"@id\":\"https:\/\/legitgrams.com\/product\/volkswagen-cocaine-90-pure\/#primaryimage\",\"url\":\"https:\/\/legitgrams.com\/wp-content\/uploads\/2024\/09\/buy-volkswagen-cocaine-online-90-pure-1.jpg\",\"contentUrl\":\"https:\/\/legitgrams.com\/wp-content\/uploads\/2024\/09\/buy-volkswagen-cocaine-online-90-pure-1.jpg\",\"width\":600,\"height\":600,\"caption\":\"Volkswagen Cocaine for Sale\"},{\"@type\":\"BreadcrumbList\",\"@id\":\"https:\/\/legitgrams.com\/product\/volkswagen-cocaine-90-pure\/#breadcrumb\",\"itemListElement\":[{\"@type\":\"ListItem\",\"position\":1,\"name\":\"Home\",\"item\":\"https:\/\/legitgrams.com\/\"},{\"@type\":\"ListItem\",\"position\":2,\"name\":\"Shop\",\"item\":\"https:\/\/legitgrams.com\/shop\/\"},{\"@type\":\"ListItem\",\"position\":3,\"name\":\"Buy Volkswagen Cocaine 90% pure Online\"}]},{\"@type\":\"WebSite\",\"@id\":\"https:\/\/legitgrams.com\/#website\",\"url\":\"https:\/\/legitgrams.com\/\",\"name\":\"Legit Grams\",\"description\":\"My WordPress Blog\",\"publisher\":{\"@id\":\"https:\/\/legitgrams.com\/#organization\"},\"potentialAction\":[{\"@type\":\"SearchAction\",\"target\":{\"@type\":\"EntryPoint\",\"urlTemplate\":\"https:\/\/legitgrams.com\/?s={search_term_string}\"},\"query-input\":{\"@type\":\"PropertyValueSpecification\",\"valueRequired\":true,\"valueName\":\"search_term_string\"}}],\"inLanguage\":\"es\"},{\"@type\":\"Organization\",\"@id\":\"https:\/\/legitgrams.com\/#organization\",\"name\":\"Legit Grams\",\"url\":\"https:\/\/legitgrams.com\/\",\"logo\":{\"@type\":\"ImageObject\",\"inLanguage\":\"es\",\"@id\":\"https:\/\/legitgrams.com\/#\/schema\/logo\/image\/\",\"url\":\"https:\/\/legitgrams.com\/wp-content\/uploads\/2024\/09\/main-logo.png\",\"contentUrl\":\"https:\/\/legitgrams.com\/wp-content\/uploads\/2024\/09\/main-logo.png\",\"width\":270,\"height\":75,\"caption\":\"Legit Grams\"},\"image\":{\"@id\":\"https:\/\/legitgrams.com\/#\/schema\/logo\/image\/\"}}]}<\/script>\n<!-- \/ Yoast SEO plugin. -->","yoast_head_json":{"title":"Venta de coca\u00edna Volkswagen: compre coca\u00edna Volkswagen en l\u00ednea","description":"comprar volkswagen cocaina 90% pura c\u00f3modamente y de forma segura en l\u00ednea, con un sencillo proceso de pedido de volkswagen cocaina en polvo para la venta.","robots":{"index":"index","follow":"follow","max-snippet":"max-snippet:-1","max-image-preview":"max-image-preview:large","max-video-preview":"max-video-preview:-1"},"canonical":"https:\/\/legitgrams.com\/es\/producto\/volkswagen-cocaina-90-pure\/","og_locale":"es_ES","og_type":"article","og_title":"Volkswagen Cocaine for Sale - Buy Volkswagen Cocaine Online","og_description":"Looking to further your research? buy volkswagen cocaine 90% pure conveniently and securely online, with a straightforward ordering process for volkswagen cocaine powder for sale.","og_url":"https:\/\/legitgrams.com\/es\/producto\/volkswagen-cocaina-90-pure\/","og_site_name":"Legit Grams","article_modified_time":"2026-02-26T12:31:36+00:00","og_image":[{"width":600,"height":600,"url":"https:\/\/legitgrams.com\/wp-content\/uploads\/2024\/09\/buy-volkswagen-cocaine-online-90-pure-1.jpg","type":"image\/jpeg"}],"twitter_card":"summary_large_image","twitter_misc":{"Tiempo de lectura":"3 minutos"},"schema":{"@context":"https:\/\/schema.org","@graph":[{"@type":"WebPage","@id":"https:\/\/legitgrams.com\/product\/volkswagen-cocaine-90-pure\/","url":"https:\/\/legitgrams.com\/product\/volkswagen-cocaine-90-pure\/","name":"Venta de coca\u00edna Volkswagen: compre coca\u00edna Volkswagen en l\u00ednea","isPartOf":{"@id":"https:\/\/legitgrams.com\/#website"},"primaryImageOfPage":{"@id":"https:\/\/legitgrams.com\/product\/volkswagen-cocaine-90-pure\/#primaryimage"},"image":{"@id":"https:\/\/legitgrams.com\/product\/volkswagen-cocaine-90-pure\/#primaryimage"},"thumbnailUrl":"https:\/\/legitgrams.com\/wp-content\/uploads\/2024\/09\/buy-volkswagen-cocaine-online-90-pure-1.jpg","datePublished":"2024-09-22T10:19:12+00:00","dateModified":"2026-02-26T12:31:36+00:00","description":"comprar volkswagen cocaina 90% pura c\u00f3modamente y de forma segura en l\u00ednea, con un sencillo proceso de pedido de volkswagen cocaina en polvo para la venta.","breadcrumb":{"@id":"https:\/\/legitgrams.com\/product\/volkswagen-cocaine-90-pure\/#breadcrumb"},"inLanguage":"es","potentialAction":[{"@type":"ReadAction","target":["https:\/\/legitgrams.com\/product\/volkswagen-cocaine-90-pure\/"]}]},{"@type":"ImageObject","inLanguage":"es","@id":"https:\/\/legitgrams.com\/product\/volkswagen-cocaine-90-pure\/#primaryimage","url":"https:\/\/legitgrams.com\/wp-content\/uploads\/2024\/09\/buy-volkswagen-cocaine-online-90-pure-1.jpg","contentUrl":"https:\/\/legitgrams.com\/wp-content\/uploads\/2024\/09\/buy-volkswagen-cocaine-online-90-pure-1.jpg","width":600,"height":600,"caption":"Volkswagen Cocaine for Sale"},{"@type":"BreadcrumbList","@id":"https:\/\/legitgrams.com\/product\/volkswagen-cocaine-90-pure\/#breadcrumb","itemListElement":[{"@type":"ListItem","position":1,"name":"Home","item":"https:\/\/legitgrams.com\/"},{"@type":"ListItem","position":2,"name":"Shop","item":"https:\/\/legitgrams.com\/shop\/"},{"@type":"ListItem","position":3,"name":"Buy Volkswagen Cocaine 90% pure Online"}]},{"@type":"WebSite","@id":"https:\/\/legitgrams.com\/#website","url":"https:\/\/legitgrams.com\/","name":"Gramos leg\u00edtimos","description":"Mi blog de WordPress","publisher":{"@id":"https:\/\/legitgrams.com\/#organization"},"potentialAction":[{"@type":"SearchAction","target":{"@type":"EntryPoint","urlTemplate":"https:\/\/legitgrams.com\/?s={search_term_string}"},"query-input":{"@type":"PropertyValueSpecification","valueRequired":true,"valueName":"search_term_string"}}],"inLanguage":"es"},{"@type":"Organization","@id":"https:\/\/legitgrams.com\/#organization","name":"Gramos leg\u00edtimos","url":"https:\/\/legitgrams.com\/","logo":{"@type":"ImageObject","inLanguage":"es","@id":"https:\/\/legitgrams.com\/#\/schema\/logo\/image\/","url":"https:\/\/legitgrams.com\/wp-content\/uploads\/2024\/09\/main-logo.png","contentUrl":"https:\/\/legitgrams.com\/wp-content\/uploads\/2024\/09\/main-logo.png","width":270,"height":75,"caption":"Legit Grams"},"image":{"@id":"https:\/\/legitgrams.com\/#\/schema\/logo\/image\/"}}]}},"uagb_featured_image_src":{"full":["https:\/\/legitgrams.com\/wp-content\/uploads\/2024\/09\/buy-volkswagen-cocaine-online-90-pure-1.jpg",600,600,false],"thumbnail":["https:\/\/legitgrams.com\/wp-content\/uploads\/2024\/09\/buy-volkswagen-cocaine-online-90-pure-1-150x150.jpg",150,150,true],"medium":["https:\/\/legitgrams.com\/wp-content\/uploads\/2024\/09\/buy-volkswagen-cocaine-online-90-pure-1-300x300.jpg",300,300,true],"medium_large":["https:\/\/legitgrams.com\/wp-content\/uploads\/2024\/09\/buy-volkswagen-cocaine-online-90-pure-1.jpg",600,600,false],"large":["https:\/\/legitgrams.com\/wp-content\/uploads\/2024\/09\/buy-volkswagen-cocaine-online-90-pure-1.jpg",600,600,false],"1536x1536":["https:\/\/legitgrams.com\/wp-content\/uploads\/2024\/09\/buy-volkswagen-cocaine-online-90-pure-1.jpg",600,600,false],"2048x2048":["https:\/\/legitgrams.com\/wp-content\/uploads\/2024\/09\/buy-volkswagen-cocaine-online-90-pure-1.jpg",600,600,false],"trp-custom-language-flag":["https:\/\/legitgrams.com\/wp-content\/uploads\/2024\/09\/buy-volkswagen-cocaine-online-90-pure-1-12x12.jpg",12,12,true],"woocommerce_thumbnail":["https:\/\/legitgrams.com\/wp-content\/uploads\/2024\/09\/buy-volkswagen-cocaine-online-90-pure-1-300x300.jpg",300,300,true],"woocommerce_single":["https:\/\/legitgrams.com\/wp-content\/uploads\/2024\/09\/buy-volkswagen-cocaine-online-90-pure-1.jpg",600,600,false],"woocommerce_gallery_thumbnail":["https:\/\/legitgrams.com\/wp-content\/uploads\/2024\/09\/buy-volkswagen-cocaine-online-90-pure-1-100x100.jpg",100,100,true]},"uagb_author_info":{"display_name":"cokeblog18","author_link":"https:\/\/legitgrams.com\/es\/author\/"},"uagb_comment_info":0,"uagb_excerpt":"Purchase Volkswagen Cocaine Online Nearly 70\u201390% pure cocaine makes up Volkswagen cocaine&#8217;s components. It is ranked among the varieties of cocaine that are typically found in today&#8217;s world. In many circumstances, this cocaine works as a blocker or a pain reliever. One of the most psychotropic substances utilized in both medical and non-medical contexts is&hellip;","_links":{"self":[{"href":"https:\/\/legitgrams.com\/es\/wp-json\/wp\/v2\/product\/4309","targetHints":{"allow":["GET"]}}],"collection":[{"href":"https:\/\/legitgrams.com\/es\/wp-json\/wp\/v2\/product"}],"about":[{"href":"https:\/\/legitgrams.com\/es\/wp-json\/wp\/v2\/types\/product"}],"replies":[{"embeddable":true,"href":"https:\/\/legitgrams.com\/es\/wp-json\/wp\/v2\/comments?post=4309"}],"wp:featuredmedia":[{"embeddable":true,"href":"https:\/\/legitgrams.com\/es\/wp-json\/wp\/v2\/media\/5332"}],"wp:attachment":[{"href":"https:\/\/legitgrams.com\/es\/wp-json\/wp\/v2\/media?parent=4309"}],"wp:term":[{"taxonomy":"product_brand","embeddable":true,"href":"https:\/\/legitgrams.com\/es\/wp-json\/wp\/v2\/product_brand?post=4309"},{"taxonomy":"product_cat","embeddable":true,"href":"https:\/\/legitgrams.com\/es\/wp-json\/wp\/v2\/product_cat?post=4309"},{"taxonomy":"product_tag","embeddable":true,"href":"https:\/\/legitgrams.com\/es\/wp-json\/wp\/v2\/product_tag?post=4309"}],"curies":[{"name":"wp","href":"https:\/\/api.w.org\/{rel}","templated":true}]}}