{"id":4310,"date":"2024-09-22T10:20:55","date_gmt":"2024-09-22T10:20:55","guid":{"rendered":"https:\/\/legitgrams.com\/?post_type=product&#038;p=4310"},"modified":"2026-02-26T12:28:36","modified_gmt":"2026-02-26T12:28:36","slug":"buy-colombian-cocaine-96-pure-online","status":"publish","type":"product","link":"https:\/\/legitgrams.com\/es\/producto\/buy-colombian-cocaine-96-pure-online\/","title":{"rendered":"Buy Colombian Cocaine 96% Pure Online"},"content":{"rendered":"<h2>Compra Coca\u00edna Colombiana Pura al 96% en L\u00ednea<\/h2>\n<p>La coca\u00edna colombiana es uno de los tipos de coca\u00edna m\u00e1s conocidos y ventajosos que existen en el mundo. Uno de los pa\u00edses que suministra la coca\u00edna m\u00e1s pura del mundo es Colombia.<\/p>\n<p>En Colombia, la primera coca\u00edna se produjo entre 1960 y 1970. En aquella \u00e9poca, no exist\u00eda ning\u00fan m\u00e9todo legal para producir coca\u00edna en Estados Unidos. El sitio <a href=\"https:\/\/legitgrams.com\/es\/producto\/buy-colombian-cocaine-96-pure-online\/\">Colombianos<\/a> comenz\u00f3 a fertilizar las plantas que produc\u00edan el tipo m\u00e1s puro de coca\u00edna.<\/p>\n<p>Empezaron a vender coca\u00edna a precios muy asequibles en todo el mundo. Debido a las numerosas aplicaciones de la coca\u00edna y a su pureza, mucha gente la compraba.<\/p>\n<p>Uno de los tipos de coca\u00edna m\u00e1s puros del mundo es la <a href=\"https:\/\/en.wikipedia.org\/wiki\/Cocaine\">Coca\u00edna colombiana-96<\/a> pura. Su enorme potencial para actuar sobre el cuerpo humano se debe a su pureza. Tambi\u00e9n act\u00faa sobre el sistema nervioso central para proporcionar los efectos deseados, al igual que otros tipos de coca\u00edna.<\/p>\n<p>Sin embargo, act\u00faa mucho m\u00e1s r\u00e1pidamente que otros tipos de coca\u00edna. Permite que el cuerpo se descomprima borrando los problemas de la vida. Permite que el cuerpo adquiera el tipo de sue\u00f1o adecuado que calma la mente.<\/p>\n<p>Los m\u00e9dicos tambi\u00e9n emplean la coca\u00edna-96 colombiana pura combin\u00e1ndola con diversas sustancias beneficiosas para la salud humana. La gente la utiliza para tratar diversas enfermedades, como la ansiedad y la desesperaci\u00f3n. <a href=\"https:\/\/legitgrams.com\/es\/\">LegitGrams<\/a><\/p>\n<p>Tambi\u00e9n se utiliza para aliviar molestias de cualquier tipo. Se trata de dolores que pueden ser consecuencia de enfermedades cr\u00f3nicas o de incidentes repentinos. Para encontrar un remedio, los m\u00e9dicos recetan este medicamento como medicina. El uso generalizado de la Coca\u00edna-96 colombiana puede atribuirse a estas caracter\u00edsticas.<\/p>\n<p>Nos ocupamos de una amplia variedad de pro-drogas, productos farmac\u00e9uticos y medicamentos en nuestra tienda online. Adem\u00e1s, vendemos coca\u00edna-96 colombiana pura a precios extremadamente competitivos. Adem\u00e1s, proporcionamos el env\u00edo r\u00e1pido de mercanc\u00edas de nuestra tienda. Las mejores sales de ba\u00f1o K2 tambi\u00e9n est\u00e1n disponibles aqu\u00ed.<\/p>","protected":false},"excerpt":{"rendered":"<p>Purchase 96% Pure Colombian Cocaine Online Colombian cocaine is one of the most well-known and advantageous types of cocaine available worldwide. One of the countries that supplies the most pure cocaine in the world is Colombia. In Colombia, the first cocaine was produced between 1960 and 1970. At the time, there was no legal method &hellip;<\/p>\n<p class=\"read-more\"> <a class=\"\" href=\"https:\/\/legitgrams.com\/es\/producto\/buy-colombian-cocaine-96-pure-online\/\"> <span class=\"screen-reader-text\">Buy Colombian Cocaine 96% Pure Online<\/span> Leer m\u00e1s \"<\/a><\/p>","protected":false},"featured_media":5331,"comment_status":"open","ping_status":"closed","template":"","meta":{"_uag_custom_page_level_css":"","site-sidebar-layout":"default","site-content-layout":"default","ast-global-header-display":"","ast-main-header-display":"","ast-hfb-above-header-display":"","ast-hfb-below-header-display":"","ast-hfb-mobile-header-display":"","site-post-title":"","ast-breadcrumbs-content":"","ast-featured-img":"","footer-sml-layout":"","theme-transparent-header-meta":"default","adv-header-id-meta":"","stick-header-meta":"default","header-above-stick-meta":"","header-main-stick-meta":"","header-below-stick-meta":"","_joinchat":[]},"product_brand":[],"product_cat":[70],"product_tag":[706,696,617,687,703,700,695,692,705,686,710,698,693,708,709,707,689,688,699,690,704,701,702,625,694,697,691],"class_list":{"0":"post-4310","1":"product","2":"type-product","3":"status-publish","4":"has-post-thumbnail","6":"product_cat-cocaine","7":"product_tag-best-cheap-price-pure-colombian-cocaine-96-pure","8":"product_tag-best-place-to-buy-pure-colombian-cocaine-96-pure","9":"product_tag-bulk-online","10":"product_tag-buy-pure-colombian-cocaine-96-pure","11":"product_tag-cheap-pure-colombian-cocaine-96-pure","12":"product_tag-high-quality-pure-colombian-cocaine-96-pure","13":"product_tag-how-to-buy-pure-colombian-cocaine-96-pure","14":"product_tag-order-pure-colombian-cocaine-96-pure","15":"product_tag-purcharse-pure-colombian-cocaine-96-pure","16":"product_tag-pure-colombian-cocaine-96-pure","17":"product_tag-pure-colombian-cocaine-96-pure-for-sale","18":"product_tag-pure-colombian-cocaine-96-pure-legally","19":"product_tag-pure-colombian-cocaine-96-pure-online","20":"product_tag-pure-colombian-cocaine-96-pure-use","21":"product_tag-pure-colombian-cocaine-96-pure-wiki","22":"product_tag-pure-colombian-cocaine-96-pure-worldwide","23":"product_tag-pure-colombian-cocaine-96-purefor-sale","24":"product_tag-pure-colombian-cocaine-96-pureonline","25":"product_tag-pure-colombian-cocaine-96-pureprice","26":"product_tag-pure-colombian-cocaine-96-purepure-colombian-cocaine-96-puresupplier","27":"product_tag-pure-colombian-cocaine-96-pures","28":"product_tag-pure-colombian-cocaine-96-purestore","29":"product_tag-shop-pure-colombian-cocaine-96-pure","30":"product_tag-top-quality","31":"product_tag-where-to-buy-pure-colombian-cocaine-96-pure","32":"product_tag-where-to-order-pure-colombian-cocaine-96-pure","33":"product_tag-wholesale-pure-colombian-cocaine-96-pure","34":"desktop-align-left","35":"tablet-align-left","36":"mobile-align-left","37":"ast-product-gallery-layout-horizontal","38":"ast-product-gallery-with-no-image","39":"ast-product-single-variable","40":"ast-product-tabs-layout-horizontal","41":"ast-qv-on-image","43":"first","44":"instock","45":"shipping-taxable","46":"purchasable","47":"product-type-variable"},"yoast_head":"<!-- This site is optimized with the Yoast SEO plugin v25.9 - https:\/\/yoast.com\/wordpress\/plugins\/seo\/ -->\n<title>Buy Colombian Cocaine Online @ Best Price | LegitGrams<\/title>\n<meta name=\"description\" content=\"Looking to buy colombian cocaine online? Discover a seamless platform at our online store where you can buy pure colombian cocaine , ensuring top-grade quality for your research needs.\" \/>\n<meta name=\"robots\" content=\"index, follow, max-snippet:-1, max-image-preview:large, max-video-preview:-1\" \/>\n<link rel=\"canonical\" href=\"https:\/\/legitgrams.com\/es\/producto\/buy-colombian-cocaine-96-pure-online\/\" \/>\n<meta property=\"og:locale\" content=\"es_ES\" \/>\n<meta property=\"og:type\" content=\"article\" \/>\n<meta property=\"og:title\" content=\"Buy Colombian Cocaine Online @ Best Price | LegitGrams\" \/>\n<meta property=\"og:description\" content=\"Looking to buy colombian cocaine online? Discover a seamless platform at our online store where you can buy pure colombian cocaine , ensuring top-grade quality for your research needs.\" \/>\n<meta property=\"og:url\" content=\"https:\/\/legitgrams.com\/es\/producto\/buy-colombian-cocaine-96-pure-online\/\" \/>\n<meta property=\"og:site_name\" content=\"Legit Grams\" \/>\n<meta property=\"article:modified_time\" content=\"2026-02-26T12:28:36+00:00\" \/>\n<meta property=\"og:image\" content=\"https:\/\/legitgrams.com\/wp-content\/uploads\/2024\/09\/Buy-Columbian-cocaine-96-pure.jpg\" \/>\n\t<meta property=\"og:image:width\" content=\"600\" \/>\n\t<meta property=\"og:image:height\" content=\"600\" \/>\n\t<meta property=\"og:image:type\" content=\"image\/jpeg\" \/>\n<meta name=\"twitter:card\" content=\"summary_large_image\" \/>\n<meta name=\"twitter:label1\" content=\"Tiempo de lectura\" \/>\n\t<meta name=\"twitter:data1\" content=\"2 minutos\" \/>\n<script type=\"application\/ld+json\" class=\"yoast-schema-graph\">{\"@context\":\"https:\/\/schema.org\",\"@graph\":[{\"@type\":\"WebPage\",\"@id\":\"https:\/\/legitgrams.com\/product\/buy-colombian-cocaine-96-pure-online\/\",\"url\":\"https:\/\/legitgrams.com\/product\/buy-colombian-cocaine-96-pure-online\/\",\"name\":\"Buy Colombian Cocaine Online @ Best Price | LegitGrams\",\"isPartOf\":{\"@id\":\"https:\/\/legitgrams.com\/#website\"},\"primaryImageOfPage\":{\"@id\":\"https:\/\/legitgrams.com\/product\/buy-colombian-cocaine-96-pure-online\/#primaryimage\"},\"image\":{\"@id\":\"https:\/\/legitgrams.com\/product\/buy-colombian-cocaine-96-pure-online\/#primaryimage\"},\"thumbnailUrl\":\"https:\/\/legitgrams.com\/wp-content\/uploads\/2024\/09\/Buy-Columbian-cocaine-96-pure.jpg\",\"datePublished\":\"2024-09-22T10:20:55+00:00\",\"dateModified\":\"2026-02-26T12:28:36+00:00\",\"description\":\"Looking to buy colombian cocaine online? Discover a seamless platform at our online store where you can buy pure colombian cocaine , ensuring top-grade quality for your research needs.\",\"breadcrumb\":{\"@id\":\"https:\/\/legitgrams.com\/product\/buy-colombian-cocaine-96-pure-online\/#breadcrumb\"},\"inLanguage\":\"es\",\"potentialAction\":[{\"@type\":\"ReadAction\",\"target\":[\"https:\/\/legitgrams.com\/product\/buy-colombian-cocaine-96-pure-online\/\"]}]},{\"@type\":\"ImageObject\",\"inLanguage\":\"es\",\"@id\":\"https:\/\/legitgrams.com\/product\/buy-colombian-cocaine-96-pure-online\/#primaryimage\",\"url\":\"https:\/\/legitgrams.com\/wp-content\/uploads\/2024\/09\/Buy-Columbian-cocaine-96-pure.jpg\",\"contentUrl\":\"https:\/\/legitgrams.com\/wp-content\/uploads\/2024\/09\/Buy-Columbian-cocaine-96-pure.jpg\",\"width\":600,\"height\":600,\"caption\":\"Buy Colombian Cocaine 96% Pure Online\"},{\"@type\":\"BreadcrumbList\",\"@id\":\"https:\/\/legitgrams.com\/product\/buy-colombian-cocaine-96-pure-online\/#breadcrumb\",\"itemListElement\":[{\"@type\":\"ListItem\",\"position\":1,\"name\":\"Home\",\"item\":\"https:\/\/legitgrams.com\/\"},{\"@type\":\"ListItem\",\"position\":2,\"name\":\"Shop\",\"item\":\"https:\/\/legitgrams.com\/shop\/\"},{\"@type\":\"ListItem\",\"position\":3,\"name\":\"Buy Colombian Cocaine 96% Pure Online\"}]},{\"@type\":\"WebSite\",\"@id\":\"https:\/\/legitgrams.com\/#website\",\"url\":\"https:\/\/legitgrams.com\/\",\"name\":\"Legit Grams\",\"description\":\"My WordPress Blog\",\"publisher\":{\"@id\":\"https:\/\/legitgrams.com\/#organization\"},\"potentialAction\":[{\"@type\":\"SearchAction\",\"target\":{\"@type\":\"EntryPoint\",\"urlTemplate\":\"https:\/\/legitgrams.com\/?s={search_term_string}\"},\"query-input\":{\"@type\":\"PropertyValueSpecification\",\"valueRequired\":true,\"valueName\":\"search_term_string\"}}],\"inLanguage\":\"es\"},{\"@type\":\"Organization\",\"@id\":\"https:\/\/legitgrams.com\/#organization\",\"name\":\"Legit Grams\",\"url\":\"https:\/\/legitgrams.com\/\",\"logo\":{\"@type\":\"ImageObject\",\"inLanguage\":\"es\",\"@id\":\"https:\/\/legitgrams.com\/#\/schema\/logo\/image\/\",\"url\":\"https:\/\/legitgrams.com\/wp-content\/uploads\/2024\/09\/main-logo.png\",\"contentUrl\":\"https:\/\/legitgrams.com\/wp-content\/uploads\/2024\/09\/main-logo.png\",\"width\":270,\"height\":75,\"caption\":\"Legit Grams\"},\"image\":{\"@id\":\"https:\/\/legitgrams.com\/#\/schema\/logo\/image\/\"}}]}<\/script>\n<!-- \/ Yoast SEO plugin. -->","yoast_head_json":{"title":"Comprar Coca\u00edna Colombiana Online al Mejor Precio | LegitGrams","description":"\u00bfQuieres comprar coca\u00edna colombiana online? Descubra una plataforma sin fisuras en nuestra tienda online donde se puede comprar coca\u00edna colombiana pura , lo que garantiza la calidad de primera calidad para sus necesidades de investigaci\u00f3n.","robots":{"index":"index","follow":"follow","max-snippet":"max-snippet:-1","max-image-preview":"max-image-preview:large","max-video-preview":"max-video-preview:-1"},"canonical":"https:\/\/legitgrams.com\/es\/producto\/buy-colombian-cocaine-96-pure-online\/","og_locale":"es_ES","og_type":"article","og_title":"Buy Colombian Cocaine Online @ Best Price | LegitGrams","og_description":"Looking to buy colombian cocaine online? Discover a seamless platform at our online store where you can buy pure colombian cocaine , ensuring top-grade quality for your research needs.","og_url":"https:\/\/legitgrams.com\/es\/producto\/buy-colombian-cocaine-96-pure-online\/","og_site_name":"Legit Grams","article_modified_time":"2026-02-26T12:28:36+00:00","og_image":[{"width":600,"height":600,"url":"https:\/\/legitgrams.com\/wp-content\/uploads\/2024\/09\/Buy-Columbian-cocaine-96-pure.jpg","type":"image\/jpeg"}],"twitter_card":"summary_large_image","twitter_misc":{"Tiempo de lectura":"2 minutos"},"schema":{"@context":"https:\/\/schema.org","@graph":[{"@type":"WebPage","@id":"https:\/\/legitgrams.com\/product\/buy-colombian-cocaine-96-pure-online\/","url":"https:\/\/legitgrams.com\/product\/buy-colombian-cocaine-96-pure-online\/","name":"Comprar Coca\u00edna Colombiana Online al Mejor Precio | LegitGrams","isPartOf":{"@id":"https:\/\/legitgrams.com\/#website"},"primaryImageOfPage":{"@id":"https:\/\/legitgrams.com\/product\/buy-colombian-cocaine-96-pure-online\/#primaryimage"},"image":{"@id":"https:\/\/legitgrams.com\/product\/buy-colombian-cocaine-96-pure-online\/#primaryimage"},"thumbnailUrl":"https:\/\/legitgrams.com\/wp-content\/uploads\/2024\/09\/Buy-Columbian-cocaine-96-pure.jpg","datePublished":"2024-09-22T10:20:55+00:00","dateModified":"2026-02-26T12:28:36+00:00","description":"\u00bfQuieres comprar coca\u00edna colombiana online? Descubra una plataforma sin fisuras en nuestra tienda online donde se puede comprar coca\u00edna colombiana pura , lo que garantiza la calidad de primera calidad para sus necesidades de investigaci\u00f3n.","breadcrumb":{"@id":"https:\/\/legitgrams.com\/product\/buy-colombian-cocaine-96-pure-online\/#breadcrumb"},"inLanguage":"es","potentialAction":[{"@type":"ReadAction","target":["https:\/\/legitgrams.com\/product\/buy-colombian-cocaine-96-pure-online\/"]}]},{"@type":"ImageObject","inLanguage":"es","@id":"https:\/\/legitgrams.com\/product\/buy-colombian-cocaine-96-pure-online\/#primaryimage","url":"https:\/\/legitgrams.com\/wp-content\/uploads\/2024\/09\/Buy-Columbian-cocaine-96-pure.jpg","contentUrl":"https:\/\/legitgrams.com\/wp-content\/uploads\/2024\/09\/Buy-Columbian-cocaine-96-pure.jpg","width":600,"height":600,"caption":"Buy Colombian Cocaine 96% Pure Online"},{"@type":"BreadcrumbList","@id":"https:\/\/legitgrams.com\/product\/buy-colombian-cocaine-96-pure-online\/#breadcrumb","itemListElement":[{"@type":"ListItem","position":1,"name":"Home","item":"https:\/\/legitgrams.com\/"},{"@type":"ListItem","position":2,"name":"Shop","item":"https:\/\/legitgrams.com\/shop\/"},{"@type":"ListItem","position":3,"name":"Buy Colombian Cocaine 96% Pure Online"}]},{"@type":"WebSite","@id":"https:\/\/legitgrams.com\/#website","url":"https:\/\/legitgrams.com\/","name":"Gramos leg\u00edtimos","description":"Mi blog de WordPress","publisher":{"@id":"https:\/\/legitgrams.com\/#organization"},"potentialAction":[{"@type":"SearchAction","target":{"@type":"EntryPoint","urlTemplate":"https:\/\/legitgrams.com\/?s={search_term_string}"},"query-input":{"@type":"PropertyValueSpecification","valueRequired":true,"valueName":"search_term_string"}}],"inLanguage":"es"},{"@type":"Organization","@id":"https:\/\/legitgrams.com\/#organization","name":"Gramos leg\u00edtimos","url":"https:\/\/legitgrams.com\/","logo":{"@type":"ImageObject","inLanguage":"es","@id":"https:\/\/legitgrams.com\/#\/schema\/logo\/image\/","url":"https:\/\/legitgrams.com\/wp-content\/uploads\/2024\/09\/main-logo.png","contentUrl":"https:\/\/legitgrams.com\/wp-content\/uploads\/2024\/09\/main-logo.png","width":270,"height":75,"caption":"Legit Grams"},"image":{"@id":"https:\/\/legitgrams.com\/#\/schema\/logo\/image\/"}}]}},"uagb_featured_image_src":{"full":["https:\/\/legitgrams.com\/wp-content\/uploads\/2024\/09\/Buy-Columbian-cocaine-96-pure.jpg",600,600,false],"thumbnail":["https:\/\/legitgrams.com\/wp-content\/uploads\/2024\/09\/Buy-Columbian-cocaine-96-pure-150x150.jpg",150,150,true],"medium":["https:\/\/legitgrams.com\/wp-content\/uploads\/2024\/09\/Buy-Columbian-cocaine-96-pure-300x300.jpg",300,300,true],"medium_large":["https:\/\/legitgrams.com\/wp-content\/uploads\/2024\/09\/Buy-Columbian-cocaine-96-pure.jpg",600,600,false],"large":["https:\/\/legitgrams.com\/wp-content\/uploads\/2024\/09\/Buy-Columbian-cocaine-96-pure.jpg",600,600,false],"1536x1536":["https:\/\/legitgrams.com\/wp-content\/uploads\/2024\/09\/Buy-Columbian-cocaine-96-pure.jpg",600,600,false],"2048x2048":["https:\/\/legitgrams.com\/wp-content\/uploads\/2024\/09\/Buy-Columbian-cocaine-96-pure.jpg",600,600,false],"trp-custom-language-flag":["https:\/\/legitgrams.com\/wp-content\/uploads\/2024\/09\/Buy-Columbian-cocaine-96-pure-12x12.jpg",12,12,true],"woocommerce_thumbnail":["https:\/\/legitgrams.com\/wp-content\/uploads\/2024\/09\/Buy-Columbian-cocaine-96-pure-300x300.jpg",300,300,true],"woocommerce_single":["https:\/\/legitgrams.com\/wp-content\/uploads\/2024\/09\/Buy-Columbian-cocaine-96-pure.jpg",600,600,false],"woocommerce_gallery_thumbnail":["https:\/\/legitgrams.com\/wp-content\/uploads\/2024\/09\/Buy-Columbian-cocaine-96-pure-100x100.jpg",100,100,true]},"uagb_author_info":{"display_name":"cokeblog18","author_link":"https:\/\/legitgrams.com\/es\/author\/"},"uagb_comment_info":0,"uagb_excerpt":"Purchase 96% Pure Colombian Cocaine Online Colombian cocaine is one of the most well-known and advantageous types of cocaine available worldwide. One of the countries that supplies the most pure cocaine in the world is Colombia. In Colombia, the first cocaine was produced between 1960 and 1970. At the time, there was no legal method&hellip;","_links":{"self":[{"href":"https:\/\/legitgrams.com\/es\/wp-json\/wp\/v2\/product\/4310","targetHints":{"allow":["GET"]}}],"collection":[{"href":"https:\/\/legitgrams.com\/es\/wp-json\/wp\/v2\/product"}],"about":[{"href":"https:\/\/legitgrams.com\/es\/wp-json\/wp\/v2\/types\/product"}],"replies":[{"embeddable":true,"href":"https:\/\/legitgrams.com\/es\/wp-json\/wp\/v2\/comments?post=4310"}],"wp:featuredmedia":[{"embeddable":true,"href":"https:\/\/legitgrams.com\/es\/wp-json\/wp\/v2\/media\/5331"}],"wp:attachment":[{"href":"https:\/\/legitgrams.com\/es\/wp-json\/wp\/v2\/media?parent=4310"}],"wp:term":[{"taxonomy":"product_brand","embeddable":true,"href":"https:\/\/legitgrams.com\/es\/wp-json\/wp\/v2\/product_brand?post=4310"},{"taxonomy":"product_cat","embeddable":true,"href":"https:\/\/legitgrams.com\/es\/wp-json\/wp\/v2\/product_cat?post=4310"},{"taxonomy":"product_tag","embeddable":true,"href":"https:\/\/legitgrams.com\/es\/wp-json\/wp\/v2\/product_tag?post=4310"}],"curies":[{"name":"wp","href":"https:\/\/api.w.org\/{rel}","templated":true}]}}