{"id":4311,"date":"2024-09-22T10:16:26","date_gmt":"2024-09-22T10:16:26","guid":{"rendered":"https:\/\/legitgrams.com\/?post_type=product&#038;p=4311"},"modified":"2025-01-13T09:45:18","modified_gmt":"2025-01-13T09:45:18","slug":"bio-cocaina-86","status":"publish","type":"product","link":"https:\/\/legitgrams.com\/es\/producto\/bio-cocaina-86\/","title":{"rendered":"Bio Coca\u00edna 86%"},"content":{"rendered":"<h2>En venta: 86% Bio-Coca\u00edna<\/h2>\n<p>La coca\u00edna es un estimulante muy fuerte que se utiliza para dar a las personas una estructura mental distintiva y seductora. La biococa\u00edna facilita que la mente humana perciba los sucesos cotidianos. La biococa\u00edna afecta directamente al sistema nervioso central, al igual que otros estimulantes.<\/p>\n<p>El uso de este estimulante mejora algunas sustancias qu\u00edmicas. La biococa\u00edna tambi\u00e9n se vende y se compra en todo el mundo bajo la marca Coca-Cola. Adem\u00e1s de ser un medicamento, tambi\u00e9n se utiliza en la producci\u00f3n de varios productos farmac\u00e9uticos. La salud de las personas puede beneficiarse enormemente de estas drogas. <a href=\"https:\/\/legitgrams.com\/es\/producto\/bio-cocaina-86\/\">Coca\u00edna<\/a> ocupa el segundo lugar entre los estupefacientes m\u00e1s consumidos.<\/p>\n<p>La coca\u00edna biol\u00f3gica 86 es una de las formas m\u00e1s puras de coca\u00edna que se pueden encontrar de forma qu\u00edmica y natural. La coca\u00edna biol\u00f3gica se utiliza como componente de numerosos productos farmac\u00e9uticos debido a sus propiedades \u00fanicas, incluida su capacidad de actuar r\u00e1pidamente. Es una droga muy potente dise\u00f1ada para reducir los efectos psicol\u00f3gicos del shock. Esto sugiere que la coca\u00edna biol\u00f3gica 86 se utiliza para ayudar a la mente a controlar emociones err\u00e1ticas como la alegr\u00eda o la tristeza. La mente humana tambi\u00e9n funciona con normalidad en estas condiciones. Tambi\u00e9n se utiliza para proporcionar un sue\u00f1o tranquilo e ininterrumpido. Quienes consumen esta coca\u00edna dicen que se sienten relajados y felices.<\/p>\n<p>Sin receta, Bio <a href=\"https:\/\/en.wikipedia.org\/wiki\/Cocaine\">Coca\u00edna<\/a>El -86 tambi\u00e9n se utiliza en bares y discotecas para vivir plenamente estas festividades. Esta droga es utilizada por las personas para relajarse despu\u00e9s de superar obst\u00e1culos en la vida. Tambi\u00e9n se aplica para reducir o erradicar la depresi\u00f3n transitoria en la mente de las personas. Ocupa el segundo lugar en la lista de las drogas m\u00e1s utilizadas debido a las cualidades mencionadas anteriormente. <a href=\"https:\/\/legitgrams.com\/es\/\">LegitGrams<\/a><\/p>\n<p>En determinadas circunstancias, la Bio Coca\u00edna-86 es indudablemente muy beneficiosa para el cuerpo humano; pero su uso excesivo puede tener efectos perjudiciales para el bienestar f\u00edsico y emocional. Si se consume en exceso, puede provocar insomnio. Por lo tanto, solo debe utilizarse de acuerdo con las necesidades del cuerpo humano.<\/p>\n<p>Se puede inyectar o inhalar Bio Cocaine-86 directamente en una vena. Todo el mundo puede conseguirla f\u00e1cilmente en la tienda online. Tambi\u00e9n vendemos Bio Cocaine-86 a precios muy asequibles a trav\u00e9s de nuestra tienda online. Con nuestro servicio de entrega online, recibir\u00e1s tu art\u00edculo con gran rapidez.<\/p>\n<p>Pida Bio-Coca\u00edna 86%: Compre Bio-Coca\u00edna, Compre Coca\u00edna 86%, Compre Bio-Coca\u00edna en l\u00ednea, D\u00f3nde comprar Bio Coca\u00edna 86%, Bio Coca\u00edna 86% a la venta, Compre Coca\u00edna en l\u00ednea, D\u00f3nde comprar Bio Coca\u00edna 86% a la venta en EE. UU., Canad\u00e1 y el Reino Unido, Compre en l\u00ednea, Proveedores, Entrega segura, Bio Coca\u00edna 86% todav\u00eda est\u00e1 disponible; \u00bfes legal en los Estados Unidos? \u00bfBio Coca\u00edna 86% est\u00e1 disponible en l\u00ednea? \u00bfCu\u00e1l es el proceso para pedir Bio Coca\u00edna 86%? \u00bfEs legal en Canad\u00e1?<\/p>","protected":false},"excerpt":{"rendered":"<p>For Sale: 86% Bio-Cocaine Cocaine is a very strong stimulant that is used to give people a distinctive and seductive mental structure. Bio Cocaine makes it easier for the human mind to perceive everyday occurrences. Bio cocaine affects the central nervous system directly, much like other stimulants do. The use of this stimulant improves some &hellip;<\/p>\n<p class=\"read-more\"> <a class=\"\" href=\"https:\/\/legitgrams.com\/es\/producto\/bio-cocaina-86\/\"> <span class=\"screen-reader-text\">Bio Coca\u00edna 86%<\/span> Leer m\u00e1s \"<\/a><\/p>","protected":false},"featured_media":5328,"comment_status":"open","ping_status":"closed","template":"","meta":{"_uag_custom_page_level_css":"","site-sidebar-layout":"default","site-content-layout":"default","ast-global-header-display":"","ast-main-header-display":"","ast-hfb-above-header-display":"","ast-hfb-below-header-display":"","ast-hfb-mobile-header-display":"","site-post-title":"","ast-breadcrumbs-content":"","ast-featured-img":"","footer-sml-layout":"","theme-transparent-header-meta":"default","adv-header-id-meta":"","stick-header-meta":"default","header-above-stick-meta":"","header-main-stick-meta":"","header-below-stick-meta":"","_joinchat":[]},"product_brand":[],"product_cat":[70],"product_tag":[731,721,711,735,723,718,733,734,732,715,714,713,724,729,726,617,712,728,725,720,717,730,727,625,719,722,716],"class_list":{"0":"post-4311","1":"product","2":"type-product","3":"status-publish","4":"has-post-thumbnail","6":"product_cat-cocaine","7":"product_tag-best-cheap-price-bio-cocaine-86","8":"product_tag-best-place-to-buy-bio-cocaine-86","9":"product_tag-bio-cocaine-86","10":"product_tag-bio-cocaine-86-for-sale","11":"product_tag-bio-cocaine-86-legally","12":"product_tag-bio-cocaine-86-online","13":"product_tag-bio-cocaine-86-use","14":"product_tag-bio-cocaine-86-wiki","15":"product_tag-bio-cocaine-86-worldwide","16":"product_tag-bio-cocaine-86bio-cocaine-86supplier","17":"product_tag-bio-cocaine-86for-sale","18":"product_tag-bio-cocaine-86online","19":"product_tag-bio-cocaine-86price","20":"product_tag-bio-cocaine-86s","21":"product_tag-bio-cocaine-86store","22":"product_tag-bulk-online","23":"product_tag-buy-bio-cocaine-86","24":"product_tag-cheap-bio-cocaine-86","25":"product_tag-high-quality-bio-cocaine-86","26":"product_tag-how-to-buy-bio-cocaine-86","27":"product_tag-order-bio-cocaine-86","28":"product_tag-purcharse-bio-cocaine-86","29":"product_tag-shop-bio-cocaine-86","30":"product_tag-top-quality","31":"product_tag-where-to-buy-bio-cocaine-86","32":"product_tag-where-to-order-bio-cocaine-86","33":"product_tag-wholesale-bio-cocaine-86","34":"desktop-align-left","35":"tablet-align-left","36":"mobile-align-left","37":"ast-product-gallery-layout-horizontal","38":"ast-product-gallery-with-no-image","39":"ast-product-single-variable","40":"ast-product-tabs-layout-horizontal","41":"ast-qv-on-image","43":"first","44":"instock","45":"shipping-taxable","46":"purchasable","47":"product-type-variable"},"yoast_head":"<!-- This site is optimized with the Yoast SEO plugin v25.9 - https:\/\/yoast.com\/wordpress\/plugins\/seo\/ -->\n<title>Bio Cocaine for Sale - Buy Bio Cocaine Online @ Cheap Price<\/title>\n<meta name=\"description\" content=\"You can get bio cocaine for sale at our store and get it at your doorstep without any hassle. We will help you to buy Bbio cocaine online. Get Fast Delivery when you order bio cocaine online!\" \/>\n<meta name=\"robots\" content=\"index, follow, max-snippet:-1, max-image-preview:large, max-video-preview:-1\" \/>\n<link rel=\"canonical\" href=\"https:\/\/legitgrams.com\/es\/producto\/bio-cocaina-86\/\" \/>\n<meta property=\"og:locale\" content=\"es_ES\" \/>\n<meta property=\"og:type\" content=\"article\" \/>\n<meta property=\"og:title\" content=\"Bio Cocaine for Sale - Buy Bio Cocaine Online @ Cheap Price\" \/>\n<meta property=\"og:description\" content=\"You can get bio cocaine for sale at our store and get it at your doorstep without any hassle. We will help you to buy Bbio cocaine online. Get Fast Delivery when you order bio cocaine online!\" \/>\n<meta property=\"og:url\" content=\"https:\/\/legitgrams.com\/es\/producto\/bio-cocaina-86\/\" \/>\n<meta property=\"og:site_name\" content=\"Legit Grams\" \/>\n<meta property=\"article:modified_time\" content=\"2025-01-13T09:45:18+00:00\" \/>\n<meta property=\"og:image\" content=\"https:\/\/legitgrams.com\/wp-content\/uploads\/2024\/09\/Buy-Bio-Cocaine.jpg\" \/>\n\t<meta property=\"og:image:width\" content=\"600\" \/>\n\t<meta property=\"og:image:height\" content=\"600\" \/>\n\t<meta property=\"og:image:type\" content=\"image\/jpeg\" \/>\n<meta name=\"twitter:card\" content=\"summary_large_image\" \/>\n<meta name=\"twitter:label1\" content=\"Tiempo de lectura\" \/>\n\t<meta name=\"twitter:data1\" content=\"3 minutos\" \/>\n<script type=\"application\/ld+json\" class=\"yoast-schema-graph\">{\"@context\":\"https:\/\/schema.org\",\"@graph\":[{\"@type\":\"WebPage\",\"@id\":\"https:\/\/legitgrams.com\/product\/bio-cocaine-86\/\",\"url\":\"https:\/\/legitgrams.com\/product\/bio-cocaine-86\/\",\"name\":\"Bio Cocaine for Sale - Buy Bio Cocaine Online @ Cheap Price\",\"isPartOf\":{\"@id\":\"https:\/\/legitgrams.com\/#website\"},\"primaryImageOfPage\":{\"@id\":\"https:\/\/legitgrams.com\/product\/bio-cocaine-86\/#primaryimage\"},\"image\":{\"@id\":\"https:\/\/legitgrams.com\/product\/bio-cocaine-86\/#primaryimage\"},\"thumbnailUrl\":\"https:\/\/legitgrams.com\/wp-content\/uploads\/2024\/09\/Buy-Bio-Cocaine.jpg\",\"datePublished\":\"2024-09-22T10:16:26+00:00\",\"dateModified\":\"2025-01-13T09:45:18+00:00\",\"description\":\"You can get bio cocaine for sale at our store and get it at your doorstep without any hassle. We will help you to buy Bbio cocaine online. Get Fast Delivery when you order bio cocaine online!\",\"breadcrumb\":{\"@id\":\"https:\/\/legitgrams.com\/product\/bio-cocaine-86\/#breadcrumb\"},\"inLanguage\":\"es\",\"potentialAction\":[{\"@type\":\"ReadAction\",\"target\":[\"https:\/\/legitgrams.com\/product\/bio-cocaine-86\/\"]}]},{\"@type\":\"ImageObject\",\"inLanguage\":\"es\",\"@id\":\"https:\/\/legitgrams.com\/product\/bio-cocaine-86\/#primaryimage\",\"url\":\"https:\/\/legitgrams.com\/wp-content\/uploads\/2024\/09\/Buy-Bio-Cocaine.jpg\",\"contentUrl\":\"https:\/\/legitgrams.com\/wp-content\/uploads\/2024\/09\/Buy-Bio-Cocaine.jpg\",\"width\":600,\"height\":600,\"caption\":\"Bio Cocaine 86% for Sale\"},{\"@type\":\"BreadcrumbList\",\"@id\":\"https:\/\/legitgrams.com\/product\/bio-cocaine-86\/#breadcrumb\",\"itemListElement\":[{\"@type\":\"ListItem\",\"position\":1,\"name\":\"Home\",\"item\":\"https:\/\/legitgrams.com\/\"},{\"@type\":\"ListItem\",\"position\":2,\"name\":\"Shop\",\"item\":\"https:\/\/legitgrams.com\/shop\/\"},{\"@type\":\"ListItem\",\"position\":3,\"name\":\"Bio Cocaine 86%\"}]},{\"@type\":\"WebSite\",\"@id\":\"https:\/\/legitgrams.com\/#website\",\"url\":\"https:\/\/legitgrams.com\/\",\"name\":\"Legit Grams\",\"description\":\"My WordPress Blog\",\"publisher\":{\"@id\":\"https:\/\/legitgrams.com\/#organization\"},\"potentialAction\":[{\"@type\":\"SearchAction\",\"target\":{\"@type\":\"EntryPoint\",\"urlTemplate\":\"https:\/\/legitgrams.com\/?s={search_term_string}\"},\"query-input\":{\"@type\":\"PropertyValueSpecification\",\"valueRequired\":true,\"valueName\":\"search_term_string\"}}],\"inLanguage\":\"es\"},{\"@type\":\"Organization\",\"@id\":\"https:\/\/legitgrams.com\/#organization\",\"name\":\"Legit Grams\",\"url\":\"https:\/\/legitgrams.com\/\",\"logo\":{\"@type\":\"ImageObject\",\"inLanguage\":\"es\",\"@id\":\"https:\/\/legitgrams.com\/#\/schema\/logo\/image\/\",\"url\":\"https:\/\/legitgrams.com\/wp-content\/uploads\/2024\/09\/main-logo.png\",\"contentUrl\":\"https:\/\/legitgrams.com\/wp-content\/uploads\/2024\/09\/main-logo.png\",\"width\":270,\"height\":75,\"caption\":\"Legit Grams\"},\"image\":{\"@id\":\"https:\/\/legitgrams.com\/#\/schema\/logo\/image\/\"}}]}<\/script>\n<!-- \/ Yoast SEO plugin. -->","yoast_head_json":{"title":"Bio Cocaine for Sale - Buy Bio Cocaine Online @ Cheap Price","description":"Usted puede conseguir bio coca\u00edna a la venta en nuestra tienda y recibirlo en su puerta sin ning\u00fan tipo de molestia. Le ayudaremos a comprar bio coca\u00edna en l\u00ednea. \u00a1Obtenga entrega r\u00e1pida al ordenar bio coca\u00edna en l\u00ednea!","robots":{"index":"index","follow":"follow","max-snippet":"max-snippet:-1","max-image-preview":"max-image-preview:large","max-video-preview":"max-video-preview:-1"},"canonical":"https:\/\/legitgrams.com\/es\/producto\/bio-cocaina-86\/","og_locale":"es_ES","og_type":"article","og_title":"Bio Cocaine for Sale - Buy Bio Cocaine Online @ Cheap Price","og_description":"You can get bio cocaine for sale at our store and get it at your doorstep without any hassle. We will help you to buy Bbio cocaine online. Get Fast Delivery when you order bio cocaine online!","og_url":"https:\/\/legitgrams.com\/es\/producto\/bio-cocaina-86\/","og_site_name":"Legit Grams","article_modified_time":"2025-01-13T09:45:18+00:00","og_image":[{"width":600,"height":600,"url":"https:\/\/legitgrams.com\/wp-content\/uploads\/2024\/09\/Buy-Bio-Cocaine.jpg","type":"image\/jpeg"}],"twitter_card":"summary_large_image","twitter_misc":{"Tiempo de lectura":"3 minutos"},"schema":{"@context":"https:\/\/schema.org","@graph":[{"@type":"WebPage","@id":"https:\/\/legitgrams.com\/product\/bio-cocaine-86\/","url":"https:\/\/legitgrams.com\/product\/bio-cocaine-86\/","name":"Bio Cocaine for Sale - Buy Bio Cocaine Online @ Cheap Price","isPartOf":{"@id":"https:\/\/legitgrams.com\/#website"},"primaryImageOfPage":{"@id":"https:\/\/legitgrams.com\/product\/bio-cocaine-86\/#primaryimage"},"image":{"@id":"https:\/\/legitgrams.com\/product\/bio-cocaine-86\/#primaryimage"},"thumbnailUrl":"https:\/\/legitgrams.com\/wp-content\/uploads\/2024\/09\/Buy-Bio-Cocaine.jpg","datePublished":"2024-09-22T10:16:26+00:00","dateModified":"2025-01-13T09:45:18+00:00","description":"Usted puede conseguir bio coca\u00edna a la venta en nuestra tienda y recibirlo en su puerta sin ning\u00fan tipo de molestia. Le ayudaremos a comprar bio coca\u00edna en l\u00ednea. \u00a1Obtenga entrega r\u00e1pida al ordenar bio coca\u00edna en l\u00ednea!","breadcrumb":{"@id":"https:\/\/legitgrams.com\/product\/bio-cocaine-86\/#breadcrumb"},"inLanguage":"es","potentialAction":[{"@type":"ReadAction","target":["https:\/\/legitgrams.com\/product\/bio-cocaine-86\/"]}]},{"@type":"ImageObject","inLanguage":"es","@id":"https:\/\/legitgrams.com\/product\/bio-cocaine-86\/#primaryimage","url":"https:\/\/legitgrams.com\/wp-content\/uploads\/2024\/09\/Buy-Bio-Cocaine.jpg","contentUrl":"https:\/\/legitgrams.com\/wp-content\/uploads\/2024\/09\/Buy-Bio-Cocaine.jpg","width":600,"height":600,"caption":"Bio Cocaine 86% for Sale"},{"@type":"BreadcrumbList","@id":"https:\/\/legitgrams.com\/product\/bio-cocaine-86\/#breadcrumb","itemListElement":[{"@type":"ListItem","position":1,"name":"Home","item":"https:\/\/legitgrams.com\/"},{"@type":"ListItem","position":2,"name":"Shop","item":"https:\/\/legitgrams.com\/shop\/"},{"@type":"ListItem","position":3,"name":"Bio Cocaine 86%"}]},{"@type":"WebSite","@id":"https:\/\/legitgrams.com\/#website","url":"https:\/\/legitgrams.com\/","name":"Gramos leg\u00edtimos","description":"Mi blog de WordPress","publisher":{"@id":"https:\/\/legitgrams.com\/#organization"},"potentialAction":[{"@type":"SearchAction","target":{"@type":"EntryPoint","urlTemplate":"https:\/\/legitgrams.com\/?s={search_term_string}"},"query-input":{"@type":"PropertyValueSpecification","valueRequired":true,"valueName":"search_term_string"}}],"inLanguage":"es"},{"@type":"Organization","@id":"https:\/\/legitgrams.com\/#organization","name":"Gramos leg\u00edtimos","url":"https:\/\/legitgrams.com\/","logo":{"@type":"ImageObject","inLanguage":"es","@id":"https:\/\/legitgrams.com\/#\/schema\/logo\/image\/","url":"https:\/\/legitgrams.com\/wp-content\/uploads\/2024\/09\/main-logo.png","contentUrl":"https:\/\/legitgrams.com\/wp-content\/uploads\/2024\/09\/main-logo.png","width":270,"height":75,"caption":"Legit Grams"},"image":{"@id":"https:\/\/legitgrams.com\/#\/schema\/logo\/image\/"}}]}},"uagb_featured_image_src":{"full":["https:\/\/legitgrams.com\/wp-content\/uploads\/2024\/09\/Buy-Bio-Cocaine.jpg",600,600,false],"thumbnail":["https:\/\/legitgrams.com\/wp-content\/uploads\/2024\/09\/Buy-Bio-Cocaine-150x150.jpg",150,150,true],"medium":["https:\/\/legitgrams.com\/wp-content\/uploads\/2024\/09\/Buy-Bio-Cocaine-300x300.jpg",300,300,true],"medium_large":["https:\/\/legitgrams.com\/wp-content\/uploads\/2024\/09\/Buy-Bio-Cocaine.jpg",600,600,false],"large":["https:\/\/legitgrams.com\/wp-content\/uploads\/2024\/09\/Buy-Bio-Cocaine.jpg",600,600,false],"1536x1536":["https:\/\/legitgrams.com\/wp-content\/uploads\/2024\/09\/Buy-Bio-Cocaine.jpg",600,600,false],"2048x2048":["https:\/\/legitgrams.com\/wp-content\/uploads\/2024\/09\/Buy-Bio-Cocaine.jpg",600,600,false],"trp-custom-language-flag":["https:\/\/legitgrams.com\/wp-content\/uploads\/2024\/09\/Buy-Bio-Cocaine-12x12.jpg",12,12,true],"woocommerce_thumbnail":["https:\/\/legitgrams.com\/wp-content\/uploads\/2024\/09\/Buy-Bio-Cocaine-300x300.jpg",300,300,true],"woocommerce_single":["https:\/\/legitgrams.com\/wp-content\/uploads\/2024\/09\/Buy-Bio-Cocaine.jpg",600,600,false],"woocommerce_gallery_thumbnail":["https:\/\/legitgrams.com\/wp-content\/uploads\/2024\/09\/Buy-Bio-Cocaine-100x100.jpg",100,100,true]},"uagb_author_info":{"display_name":"cokeblog18","author_link":"https:\/\/legitgrams.com\/es\/author\/"},"uagb_comment_info":0,"uagb_excerpt":"For Sale: 86% Bio-Cocaine Cocaine is a very strong stimulant that is used to give people a distinctive and seductive mental structure. Bio Cocaine makes it easier for the human mind to perceive everyday occurrences. Bio cocaine affects the central nervous system directly, much like other stimulants do. The use of this stimulant improves some&hellip;","_links":{"self":[{"href":"https:\/\/legitgrams.com\/es\/wp-json\/wp\/v2\/product\/4311","targetHints":{"allow":["GET"]}}],"collection":[{"href":"https:\/\/legitgrams.com\/es\/wp-json\/wp\/v2\/product"}],"about":[{"href":"https:\/\/legitgrams.com\/es\/wp-json\/wp\/v2\/types\/product"}],"replies":[{"embeddable":true,"href":"https:\/\/legitgrams.com\/es\/wp-json\/wp\/v2\/comments?post=4311"}],"wp:featuredmedia":[{"embeddable":true,"href":"https:\/\/legitgrams.com\/es\/wp-json\/wp\/v2\/media\/5328"}],"wp:attachment":[{"href":"https:\/\/legitgrams.com\/es\/wp-json\/wp\/v2\/media?parent=4311"}],"wp:term":[{"taxonomy":"product_brand","embeddable":true,"href":"https:\/\/legitgrams.com\/es\/wp-json\/wp\/v2\/product_brand?post=4311"},{"taxonomy":"product_cat","embeddable":true,"href":"https:\/\/legitgrams.com\/es\/wp-json\/wp\/v2\/product_cat?post=4311"},{"taxonomy":"product_tag","embeddable":true,"href":"https:\/\/legitgrams.com\/es\/wp-json\/wp\/v2\/product_tag?post=4311"}],"curies":[{"name":"wp","href":"https:\/\/api.w.org\/{rel}","templated":true}]}}