{"id":4312,"date":"2024-09-22T10:14:12","date_gmt":"2024-09-22T10:14:12","guid":{"rendered":"https:\/\/legitgrams.com\/?post_type=product&#038;p=4312"},"modified":"2026-04-20T00:11:37","modified_gmt":"2026-04-20T00:11:37","slug":"cristales-puros-de-mdma","status":"publish","type":"product","link":"https:\/\/legitgrams.com\/es\/producto\/cristales-puros-de-mdma\/","title":{"rendered":"Compre cristales de MDMA puros en l\u00ednea"},"content":{"rendered":"<h2>Comprar cristales de MDMA puros en l\u00ednea<\/h2>\n<p>Comprar <a href=\"https:\/\/en.wikipedia.org\/wiki\/MDMA\">MDMA<\/a> online (negociado 3,4-metilendioxi-metanfetamina) es una sustancia psicoactiva clasificada como anfetamina y sustituto de la metilendioxifenetilamina. Se utiliza principalmente por sus efectos euf\u00f3ricos y simp\u00e1ticos. Farmacia: Comprar MDMA Polvo Puro La MDMA funciona como un inhibidor de la recaptaci\u00f3n y un agente liberador de serotonina, norepinefrina y dopamina.<\/p>\n<h3>Comprar MDMA en polvo online<\/h3>\n<p class=\"translation-block\">El nombre \u201c\u00e9xtasis\u201d (abreviado como \u201cE\u201d, \u201cX\u201d o \u201cXTC\u201d), que se usa com\u00fanmente para referirse al MDMA que se ofrece en l\u00ednea, generalmente denota la forma de tableta, aunque tambi\u00e9n puede aludir a la posibilidad de un suplemento falso. En el Reino Unido, la frase \u201cMandy for sale\u201d y en los EE. UU., \u201cMolly for sale\u201d, se refieren al MDMA en forma de polvo cristalino que est\u00e1 en gran parte libre de aditivos falsos. A veces, el t\u00e9rmino \u201cMolly\u201d se refiere a la compra de MDMA puro o metilona, \u200b\u200bla compra de mefedrona, polvo de MDMA genuino, MDPV en l\u00ednea o cualquier otra clase de sustancias farmacol\u00f3gicas conocidas como sales de ba\u00f1o.[14] <a href=\"https:\/\/legitgrams.com\/es\/\" target=\"_self\">LegitGrams<\/a><\/p>\n<p>Compra pura <a href=\"https:\/\/legitgrams.com\/es\/producto\/cristales-puros-de-mdma\/\">Cristales de MDMA<\/a> online: comprar cristales puros de MDMA, comprar cristales puros de MDMA en USA, comprar cristales puros de MDMA online USA Donde Comprar Cristales Puros de MDMA Online, Donde Comprar Cristales Puros de MDMA en USA, Canada, UK, Comprar, Online, Proveedores, Entrega Segura, Donde Comprar Cristales Puros de MDMA, Cristales Puros de MDMA en Venta, Cristales Puros de MDMA en Venta Cerca de Mi, Comprar Cristales Puros de MDMA Online, Todavia hay cristales puros de MDMA disponibles. \u00bfEs legal comprar cristales puros de MDMA en los Estados Unidos? \u00bfC\u00f3mo puedo hacer un pedido de cristales puros de MDMA?<\/p>","protected":false},"excerpt":{"rendered":"<p>Purchase pure MDMA Crystals online Purchase MDMA online (negotiated 3,4-methylenedioxy-methamphetamine) is a psychoactive substance classified as an amphetamine and methylenedioxyphenethylamine replacement. It is mainly utilized for its euphoric and sympathetic effects. Pharmacy: Purchase MDMA Pure Powder MDMA functions as a reuptake inhibitor and a serotonin, norepinephrine, and dopamine releasing agent. Purchase MDMA powder online The &hellip;<\/p>\n<p class=\"read-more\"> <a class=\"\" href=\"https:\/\/legitgrams.com\/es\/producto\/cristales-puros-de-mdma\/\"> <span class=\"screen-reader-text\">Compre cristales de MDMA puros en l\u00ednea<\/span> Leer m\u00e1s \"<\/a><\/p>","protected":false},"featured_media":5300,"comment_status":"open","ping_status":"closed","template":"","meta":{"_uag_custom_page_level_css":"","site-sidebar-layout":"default","site-content-layout":"default","ast-global-header-display":"","ast-main-header-display":"","ast-hfb-above-header-display":"","ast-hfb-below-header-display":"","ast-hfb-mobile-header-display":"","site-post-title":"","ast-breadcrumbs-content":"","ast-featured-img":"","footer-sml-layout":"","theme-transparent-header-meta":"default","adv-header-id-meta":"","stick-header-meta":"default","header-above-stick-meta":"","header-main-stick-meta":"","header-below-stick-meta":"","_joinchat":[]},"product_brand":[],"product_cat":[600],"product_tag":[756,746,617,737,753,750,745,742,755,736,760,748,743,758,759,757,739,738,749,740,754,751,752,625,744,747,741],"class_list":{"0":"post-4312","1":"product","2":"type-product","3":"status-publish","4":"has-post-thumbnail","6":"product_cat-research-chemicals-and-bath-salt","7":"product_tag-best-cheap-price-pure-mdma-crystals","8":"product_tag-best-place-to-buy-pure-mdma-crystals","9":"product_tag-bulk-online","10":"product_tag-buy-pure-mdma-crystals","11":"product_tag-cheap-pure-mdma-crystals","12":"product_tag-high-quality-pure-mdma-crystals","13":"product_tag-how-to-buy-pure-mdma-crystals","14":"product_tag-order-pure-mdma-crystals","15":"product_tag-purcharse-pure-mdma-crystals","16":"product_tag-pure-mdma-crystals","17":"product_tag-pure-mdma-crystals-for-sale","18":"product_tag-pure-mdma-crystals-legally","19":"product_tag-pure-mdma-crystals-online","20":"product_tag-pure-mdma-crystals-use","21":"product_tag-pure-mdma-crystals-wiki","22":"product_tag-pure-mdma-crystals-worldwide","23":"product_tag-pure-mdma-crystalsfor-sale","24":"product_tag-pure-mdma-crystalsonline","25":"product_tag-pure-mdma-crystalsprice","26":"product_tag-pure-mdma-crystalspure-mdma-crystalssupplier","27":"product_tag-pure-mdma-crystalss","28":"product_tag-pure-mdma-crystalsstore","29":"product_tag-shop-pure-mdma-crystals","30":"product_tag-top-quality","31":"product_tag-where-to-buy-pure-mdma-crystals","32":"product_tag-where-to-order-pure-mdma-crystals","33":"product_tag-wholesale-pure-mdma-crystals","34":"desktop-align-left","35":"tablet-align-left","36":"mobile-align-left","37":"ast-product-gallery-layout-horizontal","38":"ast-product-gallery-with-no-image","39":"ast-product-single-variable","40":"ast-product-tabs-layout-horizontal","41":"ast-qv-on-image","43":"first","44":"instock","45":"shipping-taxable","46":"purchasable","47":"product-type-variable"},"yoast_head":"<!-- This site is optimized with the Yoast SEO plugin v25.9 - https:\/\/yoast.com\/wordpress\/plugins\/seo\/ -->\n<title>MDMA Crystals for Sale - Buy MDMA Crystals Online | LegitGrams<\/title>\n<meta name=\"description\" content=\"Explore our online store for pure mdma crystals for sale, offering high-quality mdma crystals. Buy mdma crystals online securely and embark on your research journey with confidence. Place your order now!\" \/>\n<meta name=\"robots\" content=\"index, follow, max-snippet:-1, max-image-preview:large, max-video-preview:-1\" \/>\n<link rel=\"canonical\" href=\"https:\/\/legitgrams.com\/es\/producto\/cristales-puros-de-mdma\/\" \/>\n<meta property=\"og:locale\" content=\"es_ES\" \/>\n<meta property=\"og:type\" content=\"article\" \/>\n<meta property=\"og:title\" content=\"MDMA Crystals for Sale - Buy MDMA Crystals Online | LegitGrams\" \/>\n<meta property=\"og:description\" content=\"Explore our online store for pure mdma crystals for sale, offering high-quality mdma crystals. Buy mdma crystals online securely and embark on your research journey with confidence. Place your order now!\" \/>\n<meta property=\"og:url\" content=\"https:\/\/legitgrams.com\/es\/producto\/cristales-puros-de-mdma\/\" \/>\n<meta property=\"og:site_name\" content=\"Legit Grams\" \/>\n<meta property=\"article:modified_time\" content=\"2026-04-20T00:11:37+00:00\" \/>\n<meta property=\"og:image\" content=\"https:\/\/legitgrams.com\/wp-content\/uploads\/2024\/09\/MDMA-crystal.jpg\" \/>\n\t<meta property=\"og:image:width\" content=\"600\" \/>\n\t<meta property=\"og:image:height\" content=\"399\" \/>\n\t<meta property=\"og:image:type\" content=\"image\/jpeg\" \/>\n<meta name=\"twitter:card\" content=\"summary_large_image\" \/>\n<meta name=\"twitter:label1\" content=\"Tiempo de lectura\" \/>\n\t<meta name=\"twitter:data1\" content=\"2 minutos\" \/>\n<script type=\"application\/ld+json\" class=\"yoast-schema-graph\">{\"@context\":\"https:\/\/schema.org\",\"@graph\":[{\"@type\":\"WebPage\",\"@id\":\"https:\/\/legitgrams.com\/product\/pure-mdma-crystals\/\",\"url\":\"https:\/\/legitgrams.com\/product\/pure-mdma-crystals\/\",\"name\":\"MDMA Crystals for Sale - Buy MDMA Crystals Online | LegitGrams\",\"isPartOf\":{\"@id\":\"https:\/\/legitgrams.com\/#website\"},\"primaryImageOfPage\":{\"@id\":\"https:\/\/legitgrams.com\/product\/pure-mdma-crystals\/#primaryimage\"},\"image\":{\"@id\":\"https:\/\/legitgrams.com\/product\/pure-mdma-crystals\/#primaryimage\"},\"thumbnailUrl\":\"https:\/\/legitgrams.com\/wp-content\/uploads\/2024\/09\/MDMA-crystal.jpg\",\"datePublished\":\"2024-09-22T10:14:12+00:00\",\"dateModified\":\"2026-04-20T00:11:37+00:00\",\"description\":\"Explore our online store for pure mdma crystals for sale, offering high-quality mdma crystals. Buy mdma crystals online securely and embark on your research journey with confidence. Place your order now!\",\"breadcrumb\":{\"@id\":\"https:\/\/legitgrams.com\/product\/pure-mdma-crystals\/#breadcrumb\"},\"inLanguage\":\"es\",\"potentialAction\":[{\"@type\":\"ReadAction\",\"target\":[\"https:\/\/legitgrams.com\/product\/pure-mdma-crystals\/\"]}]},{\"@type\":\"ImageObject\",\"inLanguage\":\"es\",\"@id\":\"https:\/\/legitgrams.com\/product\/pure-mdma-crystals\/#primaryimage\",\"url\":\"https:\/\/legitgrams.com\/wp-content\/uploads\/2024\/09\/MDMA-crystal.jpg\",\"contentUrl\":\"https:\/\/legitgrams.com\/wp-content\/uploads\/2024\/09\/MDMA-crystal.jpg\",\"width\":600,\"height\":399,\"caption\":\"pure MDMA Crystals for Sale\"},{\"@type\":\"BreadcrumbList\",\"@id\":\"https:\/\/legitgrams.com\/product\/pure-mdma-crystals\/#breadcrumb\",\"itemListElement\":[{\"@type\":\"ListItem\",\"position\":1,\"name\":\"Home\",\"item\":\"https:\/\/legitgrams.com\/\"},{\"@type\":\"ListItem\",\"position\":2,\"name\":\"Shop\",\"item\":\"https:\/\/legitgrams.com\/shop\/\"},{\"@type\":\"ListItem\",\"position\":3,\"name\":\"Buy Pure MDMA Crystals Online\"}]},{\"@type\":\"WebSite\",\"@id\":\"https:\/\/legitgrams.com\/#website\",\"url\":\"https:\/\/legitgrams.com\/\",\"name\":\"Legit Grams\",\"description\":\"My WordPress Blog\",\"publisher\":{\"@id\":\"https:\/\/legitgrams.com\/#organization\"},\"potentialAction\":[{\"@type\":\"SearchAction\",\"target\":{\"@type\":\"EntryPoint\",\"urlTemplate\":\"https:\/\/legitgrams.com\/?s={search_term_string}\"},\"query-input\":{\"@type\":\"PropertyValueSpecification\",\"valueRequired\":true,\"valueName\":\"search_term_string\"}}],\"inLanguage\":\"es\"},{\"@type\":\"Organization\",\"@id\":\"https:\/\/legitgrams.com\/#organization\",\"name\":\"Legit Grams\",\"url\":\"https:\/\/legitgrams.com\/\",\"logo\":{\"@type\":\"ImageObject\",\"inLanguage\":\"es\",\"@id\":\"https:\/\/legitgrams.com\/#\/schema\/logo\/image\/\",\"url\":\"https:\/\/legitgrams.com\/wp-content\/uploads\/2024\/09\/main-logo.png\",\"contentUrl\":\"https:\/\/legitgrams.com\/wp-content\/uploads\/2024\/09\/main-logo.png\",\"width\":270,\"height\":75,\"caption\":\"Legit Grams\"},\"image\":{\"@id\":\"https:\/\/legitgrams.com\/#\/schema\/logo\/image\/\"}}]}<\/script>\n<!-- \/ Yoast SEO plugin. -->","yoast_head_json":{"title":"Venta de cristales de MDMA - Comprar cristales de MDMA en l\u00ednea | LegitGrams","description":"Explore nuestra tienda online de cristales mdma puros en venta, que ofrece cristales mdma de alta calidad. Compre cristales mdma en l\u00ednea de forma segura y emprenda su viaje de investigaci\u00f3n con confianza. \u00a1Haga su pedido ahora!","robots":{"index":"index","follow":"follow","max-snippet":"max-snippet:-1","max-image-preview":"max-image-preview:large","max-video-preview":"max-video-preview:-1"},"canonical":"https:\/\/legitgrams.com\/es\/producto\/cristales-puros-de-mdma\/","og_locale":"es_ES","og_type":"article","og_title":"MDMA Crystals for Sale - Buy MDMA Crystals Online | LegitGrams","og_description":"Explore our online store for pure mdma crystals for sale, offering high-quality mdma crystals. Buy mdma crystals online securely and embark on your research journey with confidence. Place your order now!","og_url":"https:\/\/legitgrams.com\/es\/producto\/cristales-puros-de-mdma\/","og_site_name":"Legit Grams","article_modified_time":"2026-04-20T00:11:37+00:00","og_image":[{"width":600,"height":399,"url":"https:\/\/legitgrams.com\/wp-content\/uploads\/2024\/09\/MDMA-crystal.jpg","type":"image\/jpeg"}],"twitter_card":"summary_large_image","twitter_misc":{"Tiempo de lectura":"2 minutos"},"schema":{"@context":"https:\/\/schema.org","@graph":[{"@type":"WebPage","@id":"https:\/\/legitgrams.com\/product\/pure-mdma-crystals\/","url":"https:\/\/legitgrams.com\/product\/pure-mdma-crystals\/","name":"Venta de cristales de MDMA - Comprar cristales de MDMA en l\u00ednea | LegitGrams","isPartOf":{"@id":"https:\/\/legitgrams.com\/#website"},"primaryImageOfPage":{"@id":"https:\/\/legitgrams.com\/product\/pure-mdma-crystals\/#primaryimage"},"image":{"@id":"https:\/\/legitgrams.com\/product\/pure-mdma-crystals\/#primaryimage"},"thumbnailUrl":"https:\/\/legitgrams.com\/wp-content\/uploads\/2024\/09\/MDMA-crystal.jpg","datePublished":"2024-09-22T10:14:12+00:00","dateModified":"2026-04-20T00:11:37+00:00","description":"Explore nuestra tienda online de cristales mdma puros en venta, que ofrece cristales mdma de alta calidad. Compre cristales mdma en l\u00ednea de forma segura y emprenda su viaje de investigaci\u00f3n con confianza. \u00a1Haga su pedido ahora!","breadcrumb":{"@id":"https:\/\/legitgrams.com\/product\/pure-mdma-crystals\/#breadcrumb"},"inLanguage":"es","potentialAction":[{"@type":"ReadAction","target":["https:\/\/legitgrams.com\/product\/pure-mdma-crystals\/"]}]},{"@type":"ImageObject","inLanguage":"es","@id":"https:\/\/legitgrams.com\/product\/pure-mdma-crystals\/#primaryimage","url":"https:\/\/legitgrams.com\/wp-content\/uploads\/2024\/09\/MDMA-crystal.jpg","contentUrl":"https:\/\/legitgrams.com\/wp-content\/uploads\/2024\/09\/MDMA-crystal.jpg","width":600,"height":399,"caption":"pure MDMA Crystals for Sale"},{"@type":"BreadcrumbList","@id":"https:\/\/legitgrams.com\/product\/pure-mdma-crystals\/#breadcrumb","itemListElement":[{"@type":"ListItem","position":1,"name":"Home","item":"https:\/\/legitgrams.com\/"},{"@type":"ListItem","position":2,"name":"Shop","item":"https:\/\/legitgrams.com\/shop\/"},{"@type":"ListItem","position":3,"name":"Buy Pure MDMA Crystals Online"}]},{"@type":"WebSite","@id":"https:\/\/legitgrams.com\/#website","url":"https:\/\/legitgrams.com\/","name":"Gramos leg\u00edtimos","description":"Mi blog de WordPress","publisher":{"@id":"https:\/\/legitgrams.com\/#organization"},"potentialAction":[{"@type":"SearchAction","target":{"@type":"EntryPoint","urlTemplate":"https:\/\/legitgrams.com\/?s={search_term_string}"},"query-input":{"@type":"PropertyValueSpecification","valueRequired":true,"valueName":"search_term_string"}}],"inLanguage":"es"},{"@type":"Organization","@id":"https:\/\/legitgrams.com\/#organization","name":"Gramos leg\u00edtimos","url":"https:\/\/legitgrams.com\/","logo":{"@type":"ImageObject","inLanguage":"es","@id":"https:\/\/legitgrams.com\/#\/schema\/logo\/image\/","url":"https:\/\/legitgrams.com\/wp-content\/uploads\/2024\/09\/main-logo.png","contentUrl":"https:\/\/legitgrams.com\/wp-content\/uploads\/2024\/09\/main-logo.png","width":270,"height":75,"caption":"Legit Grams"},"image":{"@id":"https:\/\/legitgrams.com\/#\/schema\/logo\/image\/"}}]}},"uagb_featured_image_src":{"full":["https:\/\/legitgrams.com\/wp-content\/uploads\/2024\/09\/MDMA-crystal.jpg",600,399,false],"thumbnail":["https:\/\/legitgrams.com\/wp-content\/uploads\/2024\/09\/MDMA-crystal-150x150.jpg",150,150,true],"medium":["https:\/\/legitgrams.com\/wp-content\/uploads\/2024\/09\/MDMA-crystal-300x200.jpg",300,200,true],"medium_large":["https:\/\/legitgrams.com\/wp-content\/uploads\/2024\/09\/MDMA-crystal.jpg",600,399,false],"large":["https:\/\/legitgrams.com\/wp-content\/uploads\/2024\/09\/MDMA-crystal.jpg",600,399,false],"1536x1536":["https:\/\/legitgrams.com\/wp-content\/uploads\/2024\/09\/MDMA-crystal.jpg",600,399,false],"2048x2048":["https:\/\/legitgrams.com\/wp-content\/uploads\/2024\/09\/MDMA-crystal.jpg",600,399,false],"trp-custom-language-flag":["https:\/\/legitgrams.com\/wp-content\/uploads\/2024\/09\/MDMA-crystal-18x12.jpg",18,12,true],"woocommerce_thumbnail":["https:\/\/legitgrams.com\/wp-content\/uploads\/2024\/09\/MDMA-crystal-300x300.jpg",300,300,true],"woocommerce_single":["https:\/\/legitgrams.com\/wp-content\/uploads\/2024\/09\/MDMA-crystal.jpg",600,399,false],"woocommerce_gallery_thumbnail":["https:\/\/legitgrams.com\/wp-content\/uploads\/2024\/09\/MDMA-crystal-100x100.jpg",100,100,true]},"uagb_author_info":{"display_name":"cokeblog18","author_link":"https:\/\/legitgrams.com\/es\/author\/"},"uagb_comment_info":1,"uagb_excerpt":"Purchase pure MDMA Crystals online Purchase MDMA online (negotiated 3,4-methylenedioxy-methamphetamine) is a psychoactive substance classified as an amphetamine and methylenedioxyphenethylamine replacement. It is mainly utilized for its euphoric and sympathetic effects. Pharmacy: Purchase MDMA Pure Powder MDMA functions as a reuptake inhibitor and a serotonin, norepinephrine, and dopamine releasing agent. Purchase MDMA powder online The&hellip;","_links":{"self":[{"href":"https:\/\/legitgrams.com\/es\/wp-json\/wp\/v2\/product\/4312","targetHints":{"allow":["GET"]}}],"collection":[{"href":"https:\/\/legitgrams.com\/es\/wp-json\/wp\/v2\/product"}],"about":[{"href":"https:\/\/legitgrams.com\/es\/wp-json\/wp\/v2\/types\/product"}],"replies":[{"embeddable":true,"href":"https:\/\/legitgrams.com\/es\/wp-json\/wp\/v2\/comments?post=4312"}],"wp:featuredmedia":[{"embeddable":true,"href":"https:\/\/legitgrams.com\/es\/wp-json\/wp\/v2\/media\/5300"}],"wp:attachment":[{"href":"https:\/\/legitgrams.com\/es\/wp-json\/wp\/v2\/media?parent=4312"}],"wp:term":[{"taxonomy":"product_brand","embeddable":true,"href":"https:\/\/legitgrams.com\/es\/wp-json\/wp\/v2\/product_brand?post=4312"},{"taxonomy":"product_cat","embeddable":true,"href":"https:\/\/legitgrams.com\/es\/wp-json\/wp\/v2\/product_cat?post=4312"},{"taxonomy":"product_tag","embeddable":true,"href":"https:\/\/legitgrams.com\/es\/wp-json\/wp\/v2\/product_tag?post=4312"}],"curies":[{"name":"wp","href":"https:\/\/api.w.org\/{rel}","templated":true}]}}