{"id":2900,"date":"2024-04-01T10:28:41","date_gmt":"2024-04-01T10:28:41","guid":{"rendered":"https:\/\/unkrautmarkt.com\/coke\/?post_type=product&#038;p=2900"},"modified":"2025-12-03T12:51:34","modified_gmt":"2025-12-03T12:51:34","slug":"le-crack","status":"publish","type":"product","link":"https:\/\/legitgrams.com\/fr\/produit\/le-crack\/","title":{"rendered":"Acheter du crack en ligne"},"content":{"rendered":"<h2>Trouvez LegitGrams, le meilleur endroit pour acheter du crack<\/h2>\n<p>We at LegitGrams take pleasure in being your discreet and dependable online supplier for <a href=\"https:\/\/www.bing.com\/search?q=Crack%20Cocaine&amp;qs=n&amp;form=QBRE&amp;sp=-1&amp;lq=0&amp;pq=crack%20cocaine&amp;sc=13-13&amp;sk=&amp;cvid=3C606F73694F47B39F153354DFF4D638&amp;ghsh=0&amp;ghacc=0&amp;ghpl=\">crack de qualit\u00e9 sup\u00e9rieure<\/a>Chez LegitGrams, nous sommes heureux d'\u00eatre votre fournisseur en ligne discret et fiable de crack de qualit\u00e9 sup\u00e9rieure. Nous offrons une exp\u00e9rience de commande fluide et garantissons une livraison rapide \u00e0 votre porte, tout en maintenant un engagement envers le bonheur et la s\u00e9curit\u00e9 des clients.<\/p>\n<h3>Raisons de choisir LegitGrams pour vos besoins en crack<\/h3>\n<p>Vous pouvez \u00eatre s\u00fbr d'obtenir un produit de haute qualit\u00e9 qui a \u00e9t\u00e9 soigneusement s\u00e9lectionn\u00e9 et test\u00e9 lorsque vous achetez du crack en ligne sur LegitGrams. Chaque lot de <a href=\"https:\/\/en.wikipedia.org\/wiki\/Crack_cocaine\">le crack<\/a> nous proposons \u00e0 la vente en ligne des produits r\u00e9pondant \u00e0 des crit\u00e8res stricts en raison de notre engagement envers la qualit\u00e9, vous offrant une tranquillit\u00e9 d'esprit \u00e0 chaque transaction.<\/p>\n<h3>Comment acheter du crack authentique de Grams<\/h3>\n<p>It&#8217;s simple to <a href=\"https:\/\/www.google.com\/search?q=Crack+Cocaine&amp;num=10&amp;sca_esv=1a2a07081c7891bb&amp;rlz=1C1RXQR_enIN1098IN1098&amp;sxsrf=AHTn8zoZAj4uBbafcvRtFJ7TyQpac-TeIA%3A1741161873220&amp;ei=kQXIZ-qUDbSNseMPlqvJkQY&amp;ved=0ahUKEwiqocy3vfKLAxW0RmwGHZZVMmIQ4dUDCBA&amp;uact=5&amp;oq=Crack+Cocaine&amp;gs_lp=Egxnd3Mtd2l6LXNlcnAiDUNyYWNrIENvY2FpbmUyChAjGIAEGCcYigUyBRAAGIAEMgUQLhiABDIFEAAYgAQyBRAAGIAEMgUQABiABDIIEAAYgAQYxwMyChAAGIAEGBQYhwIyBRAAGIAEMgUQABiABEj3CFCiBViiBXABeACQAQCYAdYBoAHWAaoBAzItMbgBA8gBAPgBAvgBAZgCAaAC4AGYAwCIBgGSBwMyLTGgB7MJ&amp;sclient=gws-wiz-serp\">order crack cocaine<\/a> from LegitGrams. It&#8217;s simple and quick to order crack cocaine from <a href=\"https:\/\/legitgrams.com\/fr\/\">LegitGrams<\/a>. Parcourez simplement notre inventaire et mettez les articles que vous souhaitez dans votre panier. Pour votre commodit\u00e9, nous acceptons plusieurs modes de paiement et notre processus de paiement s\u00e9curis\u00e9 garantit la confidentialit\u00e9 de vos informations.<\/p>\n<h3>Les avantages des achats de crack en ligne<\/h3>\n<p>Vous b\u00e9n\u00e9ficiez de nombreux avantages lorsque vous d\u00e9cidez d'acheter du crack en ligne sur LegitGrams :<\/p>\n<p>Commodit\u00e9 : Passez votre commande depuis le confort de votre domicile et \u00e9vitez les tracas li\u00e9s au d\u00e9placement dans les magasins.<br \/>\nEmballage discret : Nos emballages sont con\u00e7us pour \u00eatre non marqu\u00e9s et discrets, car nous reconnaissons l\u2019importance de la confidentialit\u00e9.<br \/>\nQuality Control: To ensure potency and purity, our <a href=\"https:\/\/duckduckgo.com\/?q=Crack+Cocaine&amp;t=h_&amp;ia=web\">le crack<\/a> is put through a rigorous testing process.<br \/>\nLivraison rapide : Nous travaillons dur pour traiter et envoyer les commandes le plus rapidement possible afin que vous puissiez recevoir vos affaires dans les meilleurs d\u00e9lais.<\/p>\n<h3>D\u00e9couvrez notre s\u00e9lection d'articles \u00e0 base de crack<\/h3>\n<p>Pour r\u00e9pondre \u00e0 vos demandes et \u00e0 vos go\u00fbts uniques, Legit Grams propose une large gamme de <a href=\"https:\/\/legitgrams.com\/fr\/produit\/le-crack\/\">Crack Coca\u00efne<\/a> itens. Oferecemos op\u00e7\u00f5es para atender \u00e0s necessidades de cada cliente, independentemente de sua pot\u00eancia ou quantidade preferida.<\/p>\n<h3>Comment passer une commande de crack sur LegitGrams<\/h3>\n<p>Use these easy steps to place an order for <a href=\"https:\/\/duckduckgo.com\/?q=Crack+Cocaine&amp;t=h_&amp;ia=web\">Crack Coca\u00efne<\/a> de LegitGrams :<\/p>\n<ul>\n<li>Regardez et choisissez les choses que vous voulez.<\/li>\n<li>Apr\u00e8s avoir ajout\u00e9 les articles \u00e0 votre panier, passez \u00e0 la caisse.<\/li>\n<li>Entrez vos informations de paiement et d'exp\u00e9dition.<\/li>\n<li>Terminez simplement votre commande et nous nous occupons du reste !<\/li>\n<\/ul>\n<h3>Faites confiance \u00e0 LegitGrams pour acheter du crack<\/h3>\n<p>LegitGrams is your go-to resource for purchasing <a href=\"https:\/\/www.google.com\/search?q=Crack+Cocaine&amp;num=10&amp;sca_esv=1a2a07081c7891bb&amp;rlz=1C1RXQR_enIN1098IN1098&amp;sxsrf=AHTn8zoZAj4uBbafcvRtFJ7TyQpac-TeIA%3A1741161873220&amp;ei=kQXIZ-qUDbSNseMPlqvJkQY&amp;ved=0ahUKEwiqocy3vfKLAxW0RmwGHZZVMmIQ4dUDCBA&amp;uact=5&amp;oq=Crack+Cocaine&amp;gs_lp=Egxnd3Mtd2l6LXNlcnAiDUNyYWNrIENvY2FpbmUyChAjGIAEGCcYigUyBRAAGIAEMgUQLhiABDIFEAAYgAQyBRAAGIAEMgUQABiABDIIEAAYgAQYxwMyChAAGIAEGBQYhwIyBRAAGIAEMgUQABiABEj3CFCiBViiBXABeACQAQCYAdYBoAHWAaoBAzItMbgBA8gBAPgBAvgBAZgCAaAC4AGYAwCIBgGSBwMyLTGgB7MJ&amp;sclient=gws-wiz-serp\">crack cocaine online<\/a>LegitGrams est votre ressource de r\u00e9f\u00e9rence pour l'achat de crack en ligne. Nous nous distinguons en tant que fournisseur fiable du secteur gr\u00e2ce \u00e0 notre d\u00e9vouement \u00e0 la qualit\u00e9, \u00e0 la confidentialit\u00e9 et \u00e0 la satisfaction du client. D\u00e9couvrez \u00e0 quel point il est facile d'acheter chez nous d\u00e8s maintenant !<\/p>\n<p>&nbsp;<\/p>\n<p>&nbsp;<\/p>","protected":false},"excerpt":{"rendered":"<p>Find LegitGrams, the Best Place to Buy Crack Cocaine We at LegitGrams take pleasure in being your discreet and dependable online supplier for premium crack cocaine. We provide a smooth ordering experience and guarantee timely delivery to your door, all while maintaining a dedication to customer happiness and safety. Reasons to Select LegitGrams for Your &hellip;<\/p>\n<p class=\"read-more\"> <a class=\"\" href=\"https:\/\/legitgrams.com\/fr\/produit\/le-crack\/\"> <span class=\"screen-reader-text\">Acheter du crack en ligne<\/span> Lire la suite \"<\/a><\/p>","protected":false},"featured_media":2911,"comment_status":"open","ping_status":"closed","template":"","meta":{"_uag_custom_page_level_css":"","site-sidebar-layout":"default","site-content-layout":"default","ast-global-header-display":"","ast-main-header-display":"","ast-hfb-above-header-display":"","ast-hfb-below-header-display":"","ast-hfb-mobile-header-display":"","site-post-title":"","ast-breadcrumbs-content":"","ast-featured-img":"","footer-sml-layout":"","theme-transparent-header-meta":"default","adv-header-id-meta":"","stick-header-meta":"default","header-above-stick-meta":"","header-main-stick-meta":"","header-below-stick-meta":"","_joinchat":[]},"product_brand":[],"product_cat":[70],"product_tag":[71,72,73,74,75,76,77,78,79,80,81,82,83,84,85,86],"class_list":{"0":"post-2900","1":"product","2":"type-product","3":"status-publish","4":"has-post-thumbnail","6":"product_cat-cocaine","7":"product_tag-benefits-of-crack-cocaine","8":"product_tag-best-place-to-order-crack-cocaine","9":"product_tag-buy-crack-cocaine-legally","10":"product_tag-buy-crack-cocaine-online-australia","11":"product_tag-buy-crack-cocaine-online-near-me","12":"product_tag-buy-crack-cocaine-online-usa","13":"product_tag-cheap-crack-cocaine","14":"product_tag-crack-cocaine-for-sale","15":"product_tag-crack-cocaine-price","16":"product_tag-crack-cocaine-wholesale","17":"product_tag-how-can-i-get-the-best-crack-cocaine","18":"product_tag-how-to-order-crack-cocaine","19":"product_tag-legit-crack-cocaine-online","20":"product_tag-what-is-crack-cocaine","21":"product_tag-where-can-i-buy-crack-cocaine","22":"product_tag-where-to-buy-crack-cocaine","23":"desktop-align-left","24":"tablet-align-left","25":"mobile-align-left","26":"ast-product-gallery-layout-horizontal","27":"ast-product-gallery-with-no-image","28":"ast-product-single-variable","29":"ast-product-tabs-layout-horizontal","30":"ast-qv-on-image","32":"first","33":"instock","34":"featured","35":"shipping-taxable","36":"purchasable","37":"product-type-variable"},"yoast_head":"<!-- This site is optimized with the Yoast SEO plugin v25.9 - https:\/\/yoast.com\/wordpress\/plugins\/seo\/ -->\n<title>Crack Cocaine for Sale - Buy Crack Cocaine Online | LG<\/title>\n<meta name=\"description\" content=\"You can get in touch with our online store and buy Crack Cocaine online. We have Crack Cocaine for sale at cheap prices. Get yours at your place right away!\" \/>\n<meta name=\"robots\" content=\"index, follow, max-snippet:-1, max-image-preview:large, max-video-preview:-1\" \/>\n<link rel=\"canonical\" href=\"https:\/\/legitgrams.com\/fr\/produit\/le-crack\/\" \/>\n<meta property=\"og:locale\" content=\"fr_FR\" \/>\n<meta property=\"og:type\" content=\"article\" \/>\n<meta property=\"og:title\" content=\"Crack Cocaine for Sale - Buy Crack Cocaine Online | LG\" \/>\n<meta property=\"og:description\" content=\"You can get in touch with our online store and buy Crack Cocaine online. We have Crack Cocaine for sale at cheap prices. Get yours at your place right away!\" \/>\n<meta property=\"og:url\" content=\"https:\/\/legitgrams.com\/fr\/produit\/le-crack\/\" \/>\n<meta property=\"og:site_name\" content=\"Legit Grams\" \/>\n<meta property=\"article:modified_time\" content=\"2025-12-03T12:51:34+00:00\" \/>\n<meta property=\"og:image\" content=\"https:\/\/legitgrams.com\/wp-content\/uploads\/2024\/04\/crack-cocaine.jpg\" \/>\n\t<meta property=\"og:image:width\" content=\"600\" \/>\n\t<meta property=\"og:image:height\" content=\"600\" \/>\n\t<meta property=\"og:image:type\" content=\"image\/jpeg\" \/>\n<meta name=\"twitter:card\" content=\"summary_large_image\" \/>\n<meta name=\"twitter:label1\" content=\"Dur\u00e9e de lecture est.\" \/>\n\t<meta name=\"twitter:data1\" content=\"3 minutes\" \/>\n<script type=\"application\/ld+json\" class=\"yoast-schema-graph\">{\"@context\":\"https:\/\/schema.org\",\"@graph\":[{\"@type\":\"WebPage\",\"@id\":\"https:\/\/legitgrams.com\/product\/crack-cocaine\/\",\"url\":\"https:\/\/legitgrams.com\/product\/crack-cocaine\/\",\"name\":\"Crack Cocaine for Sale - Buy Crack Cocaine Online | LG\",\"isPartOf\":{\"@id\":\"https:\/\/legitgrams.com\/#website\"},\"primaryImageOfPage\":{\"@id\":\"https:\/\/legitgrams.com\/product\/crack-cocaine\/#primaryimage\"},\"image\":{\"@id\":\"https:\/\/legitgrams.com\/product\/crack-cocaine\/#primaryimage\"},\"thumbnailUrl\":\"https:\/\/legitgrams.com\/wp-content\/uploads\/2024\/04\/crack-cocaine.jpg\",\"datePublished\":\"2024-04-01T10:28:41+00:00\",\"dateModified\":\"2025-12-03T12:51:34+00:00\",\"description\":\"You can get in touch with our online store and buy Crack Cocaine online. We have Crack Cocaine for sale at cheap prices. Get yours at your place right away!\",\"breadcrumb\":{\"@id\":\"https:\/\/legitgrams.com\/product\/crack-cocaine\/#breadcrumb\"},\"inLanguage\":\"fr-BE\",\"potentialAction\":[{\"@type\":\"ReadAction\",\"target\":[\"https:\/\/legitgrams.com\/product\/crack-cocaine\/\"]}]},{\"@type\":\"ImageObject\",\"inLanguage\":\"fr-BE\",\"@id\":\"https:\/\/legitgrams.com\/product\/crack-cocaine\/#primaryimage\",\"url\":\"https:\/\/legitgrams.com\/wp-content\/uploads\/2024\/04\/crack-cocaine.jpg\",\"contentUrl\":\"https:\/\/legitgrams.com\/wp-content\/uploads\/2024\/04\/crack-cocaine.jpg\",\"width\":600,\"height\":600,\"caption\":\"Crack Cocaine for Sale\"},{\"@type\":\"BreadcrumbList\",\"@id\":\"https:\/\/legitgrams.com\/product\/crack-cocaine\/#breadcrumb\",\"itemListElement\":[{\"@type\":\"ListItem\",\"position\":1,\"name\":\"Home\",\"item\":\"https:\/\/legitgrams.com\/\"},{\"@type\":\"ListItem\",\"position\":2,\"name\":\"Shop\",\"item\":\"https:\/\/legitgrams.com\/shop\/\"},{\"@type\":\"ListItem\",\"position\":3,\"name\":\"Buy Crack Cocaine Online\"}]},{\"@type\":\"WebSite\",\"@id\":\"https:\/\/legitgrams.com\/#website\",\"url\":\"https:\/\/legitgrams.com\/\",\"name\":\"Legit Grams\",\"description\":\"My WordPress Blog\",\"publisher\":{\"@id\":\"https:\/\/legitgrams.com\/#organization\"},\"potentialAction\":[{\"@type\":\"SearchAction\",\"target\":{\"@type\":\"EntryPoint\",\"urlTemplate\":\"https:\/\/legitgrams.com\/?s={search_term_string}\"},\"query-input\":{\"@type\":\"PropertyValueSpecification\",\"valueRequired\":true,\"valueName\":\"search_term_string\"}}],\"inLanguage\":\"fr-BE\"},{\"@type\":\"Organization\",\"@id\":\"https:\/\/legitgrams.com\/#organization\",\"name\":\"Legit Grams\",\"url\":\"https:\/\/legitgrams.com\/\",\"logo\":{\"@type\":\"ImageObject\",\"inLanguage\":\"fr-BE\",\"@id\":\"https:\/\/legitgrams.com\/#\/schema\/logo\/image\/\",\"url\":\"https:\/\/legitgrams.com\/wp-content\/uploads\/2024\/09\/main-logo.png\",\"contentUrl\":\"https:\/\/legitgrams.com\/wp-content\/uploads\/2024\/09\/main-logo.png\",\"width\":270,\"height\":75,\"caption\":\"Legit Grams\"},\"image\":{\"@id\":\"https:\/\/legitgrams.com\/#\/schema\/logo\/image\/\"}}]}<\/script>\n<!-- \/ Yoast SEO plugin. -->","yoast_head_json":{"title":"Crack Cocaine for Sale - Buy Crack Cocaine Online | LG","description":"Vous pouvez contacter notre magasin en ligne et acheter du Crack Cocaine en ligne. Nous avons du Crack Coca\u00efne \u00e0 vendre \u00e0 des prix bon march\u00e9. Obtenez le v\u00f4tre \u00e0 votre place imm\u00e9diatement !","robots":{"index":"index","follow":"follow","max-snippet":"max-snippet:-1","max-image-preview":"max-image-preview:large","max-video-preview":"max-video-preview:-1"},"canonical":"https:\/\/legitgrams.com\/fr\/produit\/le-crack\/","og_locale":"fr_FR","og_type":"article","og_title":"Crack Cocaine for Sale - Buy Crack Cocaine Online | LG","og_description":"You can get in touch with our online store and buy Crack Cocaine online. We have Crack Cocaine for sale at cheap prices. Get yours at your place right away!","og_url":"https:\/\/legitgrams.com\/fr\/produit\/le-crack\/","og_site_name":"Legit Grams","article_modified_time":"2025-12-03T12:51:34+00:00","og_image":[{"width":600,"height":600,"url":"https:\/\/legitgrams.com\/wp-content\/uploads\/2024\/04\/crack-cocaine.jpg","type":"image\/jpeg"}],"twitter_card":"summary_large_image","twitter_misc":{"Dur\u00e9e de lecture est.":"3 minutes"},"schema":{"@context":"https:\/\/schema.org","@graph":[{"@type":"WebPage","@id":"https:\/\/legitgrams.com\/product\/crack-cocaine\/","url":"https:\/\/legitgrams.com\/product\/crack-cocaine\/","name":"Crack Cocaine for Sale - Buy Crack Cocaine Online | LG","isPartOf":{"@id":"https:\/\/legitgrams.com\/#website"},"primaryImageOfPage":{"@id":"https:\/\/legitgrams.com\/product\/crack-cocaine\/#primaryimage"},"image":{"@id":"https:\/\/legitgrams.com\/product\/crack-cocaine\/#primaryimage"},"thumbnailUrl":"https:\/\/legitgrams.com\/wp-content\/uploads\/2024\/04\/crack-cocaine.jpg","datePublished":"2024-04-01T10:28:41+00:00","dateModified":"2025-12-03T12:51:34+00:00","description":"Vous pouvez contacter notre magasin en ligne et acheter du Crack Cocaine en ligne. Nous avons du Crack Coca\u00efne \u00e0 vendre \u00e0 des prix bon march\u00e9. Obtenez le v\u00f4tre \u00e0 votre place imm\u00e9diatement !","breadcrumb":{"@id":"https:\/\/legitgrams.com\/product\/crack-cocaine\/#breadcrumb"},"inLanguage":"fr-BE","potentialAction":[{"@type":"ReadAction","target":["https:\/\/legitgrams.com\/product\/crack-cocaine\/"]}]},{"@type":"ImageObject","inLanguage":"fr-BE","@id":"https:\/\/legitgrams.com\/product\/crack-cocaine\/#primaryimage","url":"https:\/\/legitgrams.com\/wp-content\/uploads\/2024\/04\/crack-cocaine.jpg","contentUrl":"https:\/\/legitgrams.com\/wp-content\/uploads\/2024\/04\/crack-cocaine.jpg","width":600,"height":600,"caption":"Crack Cocaine for Sale"},{"@type":"BreadcrumbList","@id":"https:\/\/legitgrams.com\/product\/crack-cocaine\/#breadcrumb","itemListElement":[{"@type":"ListItem","position":1,"name":"Home","item":"https:\/\/legitgrams.com\/"},{"@type":"ListItem","position":2,"name":"Shop","item":"https:\/\/legitgrams.com\/shop\/"},{"@type":"ListItem","position":3,"name":"Buy Crack Cocaine Online"}]},{"@type":"WebSite","@id":"https:\/\/legitgrams.com\/#website","url":"https:\/\/legitgrams.com\/","name":"Les grammes l\u00e9gitimes","description":"Mon blog WordPress","publisher":{"@id":"https:\/\/legitgrams.com\/#organization"},"potentialAction":[{"@type":"SearchAction","target":{"@type":"EntryPoint","urlTemplate":"https:\/\/legitgrams.com\/?s={search_term_string}"},"query-input":{"@type":"PropertyValueSpecification","valueRequired":true,"valueName":"search_term_string"}}],"inLanguage":"fr-BE"},{"@type":"Organization","@id":"https:\/\/legitgrams.com\/#organization","name":"Les grammes l\u00e9gitimes","url":"https:\/\/legitgrams.com\/","logo":{"@type":"ImageObject","inLanguage":"fr-BE","@id":"https:\/\/legitgrams.com\/#\/schema\/logo\/image\/","url":"https:\/\/legitgrams.com\/wp-content\/uploads\/2024\/09\/main-logo.png","contentUrl":"https:\/\/legitgrams.com\/wp-content\/uploads\/2024\/09\/main-logo.png","width":270,"height":75,"caption":"Legit Grams"},"image":{"@id":"https:\/\/legitgrams.com\/#\/schema\/logo\/image\/"}}]}},"uagb_featured_image_src":{"full":["https:\/\/legitgrams.com\/wp-content\/uploads\/2024\/04\/crack-cocaine.jpg",600,600,false],"thumbnail":["https:\/\/legitgrams.com\/wp-content\/uploads\/2024\/04\/crack-cocaine-150x150.jpg",150,150,true],"medium":["https:\/\/legitgrams.com\/wp-content\/uploads\/2024\/04\/crack-cocaine-300x300.jpg",300,300,true],"medium_large":["https:\/\/legitgrams.com\/wp-content\/uploads\/2024\/04\/crack-cocaine.jpg",600,600,false],"large":["https:\/\/legitgrams.com\/wp-content\/uploads\/2024\/04\/crack-cocaine.jpg",600,600,false],"1536x1536":["https:\/\/legitgrams.com\/wp-content\/uploads\/2024\/04\/crack-cocaine.jpg",600,600,false],"2048x2048":["https:\/\/legitgrams.com\/wp-content\/uploads\/2024\/04\/crack-cocaine.jpg",600,600,false],"trp-custom-language-flag":["https:\/\/legitgrams.com\/wp-content\/uploads\/2024\/04\/crack-cocaine.jpg",12,12,false],"woocommerce_thumbnail":["https:\/\/legitgrams.com\/wp-content\/uploads\/2024\/04\/crack-cocaine-300x300.jpg",300,300,true],"woocommerce_single":["https:\/\/legitgrams.com\/wp-content\/uploads\/2024\/04\/crack-cocaine.jpg",600,600,false],"woocommerce_gallery_thumbnail":["https:\/\/legitgrams.com\/wp-content\/uploads\/2024\/04\/crack-cocaine-100x100.jpg",100,100,true]},"uagb_author_info":{"display_name":"cokeblog18","author_link":"https:\/\/legitgrams.com\/fr\/author\/"},"uagb_comment_info":2,"uagb_excerpt":"Find LegitGrams, the Best Place to Buy Crack Cocaine We at LegitGrams take pleasure in being your discreet and dependable online supplier for premium crack cocaine. We provide a smooth ordering experience and guarantee timely delivery to your door, all while maintaining a dedication to customer happiness and safety. Reasons to Select LegitGrams for Your&hellip;","_links":{"self":[{"href":"https:\/\/legitgrams.com\/fr\/wp-json\/wp\/v2\/product\/2900","targetHints":{"allow":["GET"]}}],"collection":[{"href":"https:\/\/legitgrams.com\/fr\/wp-json\/wp\/v2\/product"}],"about":[{"href":"https:\/\/legitgrams.com\/fr\/wp-json\/wp\/v2\/types\/product"}],"replies":[{"embeddable":true,"href":"https:\/\/legitgrams.com\/fr\/wp-json\/wp\/v2\/comments?post=2900"}],"wp:featuredmedia":[{"embeddable":true,"href":"https:\/\/legitgrams.com\/fr\/wp-json\/wp\/v2\/media\/2911"}],"wp:attachment":[{"href":"https:\/\/legitgrams.com\/fr\/wp-json\/wp\/v2\/media?parent=2900"}],"wp:term":[{"taxonomy":"product_brand","embeddable":true,"href":"https:\/\/legitgrams.com\/fr\/wp-json\/wp\/v2\/product_brand?post=2900"},{"taxonomy":"product_cat","embeddable":true,"href":"https:\/\/legitgrams.com\/fr\/wp-json\/wp\/v2\/product_cat?post=2900"},{"taxonomy":"product_tag","embeddable":true,"href":"https:\/\/legitgrams.com\/fr\/wp-json\/wp\/v2\/product_tag?post=2900"}],"curies":[{"name":"wp","href":"https:\/\/api.w.org\/{rel}","templated":true}]}}