{"id":2901,"date":"2024-04-01T10:28:41","date_gmt":"2024-04-01T10:28:41","guid":{"rendered":"https:\/\/unkrautmarkt.com\/coke\/?post_type=product&#038;p=2901"},"modified":"2025-03-08T05:06:33","modified_gmt":"2025-03-08T05:06:33","slug":"bolivie-cocaine","status":"publish","type":"product","link":"https:\/\/legitgrams.com\/fr\/produit\/bolivie-cocaine\/","title":{"rendered":"Acheter de la coca\u00efne de Bolivie en ligne"},"content":{"rendered":"<h2>D\u00e9couvrez la coca\u00efne bolivienne premium de LegitGrams en vente en ligne<\/h2>\n<p>Salutations de LegitGrams, le meilleur endroit pour acheter de la haute qualit\u00e9 <a href=\"https:\/\/legitgrams.com\/fr\/produit\/bolivie-cocaine\/\">Bolivian cocaine<\/a> online. We take pride in providing the <a href=\"https:\/\/www.bing.com\/search?q=Buy+Bolivia+Cocaine+Online&amp;qs=n&amp;form=QBRE&amp;sp=-1&amp;lq=0&amp;pq=buy+bolivia+cocaine+online&amp;sc=0-26&amp;sk=&amp;cvid=3C7E3A246BB7401697476B8CC6058BB9&amp;ghsh=0&amp;ghacc=0&amp;ghpl=\">highest quality cocaine for sale<\/a>en ligne. Nous sommes fiers de proposer \u00e0 la vente de la coca\u00efne de la plus haute qualit\u00e9, en veillant \u00e0 ce que nos clients estim\u00e9s b\u00e9n\u00e9ficient d'une exp\u00e9rience d'achat fluide et priv\u00e9e. Notre plateforme r\u00e9pond \u00e0 tous vos besoins en coca\u00efne en Bolivie, que vous soyez un acheteur expert ou novice.<\/p>\n<h3>Pourquoi opter pour des grammes l\u00e9gitimes de coca\u00efne en provenance de Bolivie\u00a0?<\/h3>\n<p>Pour un certain nombre de raisons, <a href=\"https:\/\/legitgrams.com\/fr\/\">LegitGrams<\/a> is the greatest location to <a href=\"https:\/\/www.bing.com\/search?q=Buy+Bolivia+Cocaine+Online&amp;qs=n&amp;form=QBRE&amp;sp=-1&amp;lq=0&amp;pq=buy+bolivia+cocaine+online&amp;sc=0-26&amp;sk=&amp;cvid=3C7E3A246BB7401697476B8CC6058BB9&amp;ghsh=0&amp;ghacc=0&amp;ghpl=\">purchase Bolivian cocaine online<\/a>.<\/p>\n<p>Superior Products: We acquire our <a href=\"https:\/\/www.google.com\/search?q=Buy+Bolivia+Cocaine+Online&amp;num=10&amp;sca_esv=1a2a07081c7891bb&amp;rlz=1C1RXQR_enIN1098IN1098&amp;sxsrf=AHTn8zqpFfaaMcBhZ3pIfCYgJThID_meGA%3A1741341363421&amp;ei=s8LKZ5K6GeKWnesP7ZLziQQ&amp;ved=0ahUKEwjS35iL2veLAxViS2cHHW3JPEEQ4dUDCBA&amp;uact=5&amp;oq=Buy+Bolivia+Cocaine+Online&amp;gs_lp=Egxnd3Mtd2l6LXNlcnAiGkJ1eSBCb2xpdmlhIENvY2FpbmUgT25saW5lSLkIUIMEWIMEcAJ4AJABAJgBtwGgAbcBqgEDMC4xuAEDyAEA-AEC-AEBmAICoAIMwgILEAAYgAQYsAMYogTCAggQABiwAxjvBZgDAIgGAZAGApIHATKgB80B&amp;sclient=gws-wiz-serp\">Bolivian cocaine<\/a> from reliable vendors, ensuring that every purchase is of the highest caliber.<br \/>\nAchats en ligne s\u00e9curis\u00e9s : gr\u00e2ce \u00e0 nos canaux de paiement en ligne s\u00e9curis\u00e9s, vous pouvez \u00eatre tranquille en sachant que vos transactions sont s\u00e9curis\u00e9es.<br \/>\nEmballage discret : Nous savons \u00e0 quel point la confidentialit\u00e9 est importante. Pour garantir l'anonymat pendant le processus d'exp\u00e9dition, nous emballons discr\u00e8tement votre coca\u00efne bolivienne. <a href=\"https:\/\/www.google.com\/search?q=Buy+Bolivia+Cocaine+Online&amp;num=10&amp;sca_esv=1a2a07081c7891bb&amp;rlz=1C1RXQR_enIN1098IN1098&amp;sxsrf=AHTn8zqpFfaaMcBhZ3pIfCYgJThID_meGA%3A1741341363421&amp;ei=s8LKZ5K6GeKWnesP7ZLziQQ&amp;ved=0ahUKEwjS35iL2veLAxViS2cHHW3JPEEQ4dUDCBA&amp;uact=5&amp;oq=Buy+Bolivia+Cocaine+Online&amp;gs_lp=Egxnd3Mtd2l6LXNlcnAiGkJ1eSBCb2xpdmlhIENvY2FpbmUgT25saW5lSLkIUIMEWIMEcAJ4AJABAJgBtwGgAbcBqgEDMC4xuAEDyAEA-AEC-AEBmAICoAIMwgILEAAYgAQYsAMYogTCAggQABiwAxjvBZgDAIgGAZAGApIHATKgB80B&amp;sclient=gws-wiz-serp\">Bolivian cocaine<\/a>.<br \/>\nDe nombreux choix : Parcourez une vari\u00e9t\u00e9 de produits de coca\u00efne boliviens pour choisir celui qui correspond le mieux \u00e0 vos besoins et \u00e0 vos go\u00fbts.<\/p>\n<h3>LegitGrams propose de la coca\u00efne bolivienne \u00e0 la vente en ligne.<\/h3>\n<p>Are you trying to <a href=\"https:\/\/duckduckgo.com\/?q=Buy+Bolivia+Cocaine+Online&amp;t=h_&amp;ia=web\">purchase Bolivian cocaine online<\/a>Vous essayez d'acheter de la coca\u00efne bolivienne en ligne ? LegitGrams est le seul endroit o\u00f9 chercher. Il suffit de quelques clics pour parcourir, choisir et commander votre coca\u00efne bolivienne pr\u00e9f\u00e9r\u00e9e gr\u00e2ce \u00e0 notre portail convivial. Nous la fournissons sous forme de poudre et de cristal, selon votre pr\u00e9f\u00e9rence.<\/p>\n<h3>Comment acheter de la coca\u00efne en Bolivie avec LegitGrams<\/h3>\n<p>The procedure for purchasing <a href=\"https:\/\/duckduckgo.com\/?q=Buy+Bolivia+Cocaine+Online&amp;t=h_&amp;ia=web\">Bolivian cocaine<\/a> from LegitGrams is simple. To get started, take these easy steps:<\/p>\n<p>Parcourez notre collection : Parcourez notre large s\u00e9lection de produits de coca\u00efne boliviens et<\/p>\n<p>Parcourez notre collection : choisissez le <a href=\"https:\/\/en.wikipedia.org\/wiki\/Coca_in_Bolivia\">Bolivie Coca\u00efne<\/a> des produits qui piquent votre int\u00e9r\u00eat parmi notre large s\u00e9lection.<br \/>\nMettez dans votre panier : Mettez les articles que vous avez s\u00e9lectionn\u00e9s dans votre panier et passez \u00e0 la caisse.<br \/>\nPaiement s\u00e9curis\u00e9 : s\u00e9lectionnez une option de paiement et indiquez vos informations de livraison. Vous pouvez \u00eatre s\u00fbr que notre proc\u00e9dure de paiement est simple et s\u00e9curis\u00e9e.<br \/>\nRecevez votre commande : Apr\u00e8s avoir confirm\u00e9 votre commande, vous pouvez vous d\u00e9tendre pendant que nous emballons et transportons discr\u00e8tement votre coca\u00efne bolivienne jusqu'\u00e0 votre domicile.<\/p>\n<h3>Achetez de la coca\u00efne bolivienne en ligne d\u00e8s maintenant<\/h3>\n<p>\u00cates-vous pr\u00eat \u00e0 essayer la meilleure coca\u00efne bolivienne disponible en ligne ? Commandez d\u00e8s maintenant sur LegitGrams pour profiter de la qualit\u00e9 sup\u00e9rieure et du bonheur que nos produits procurent. Gr\u00e2ce \u00e0 notre proc\u00e9dure de commande simple et \u00e0 notre excellent service client, l'achat de coca\u00efne bolivienne n'est qu'\u00e0 un clic.<\/p>\n<p>Notre objectif chez LegitGrams est de vous offrir les meilleurs produits et services de coca\u00efne bolivienne. D\u00e9couvrez un monde de qualit\u00e9, de fiabilit\u00e9 et de confidentialit\u00e9 lorsque vous achetez de la coca\u00efne bolivienne en ligne chez nous. Nous sommes la meilleure option pour tous vos besoins en coca\u00efne bolivienne puisque nous accordons la priorit\u00e9 \u00e0 votre satisfaction.<\/p>","protected":false},"excerpt":{"rendered":"<p>Check Out LegitGrams&#8217; Premium Bolivian Cocaine for Sale Online Greetings from LegitGrams, the best place to buy high-quality Bolivian cocaine online. We take pride in providing the highest quality cocaine for sale, making sure that our esteemed clients have a smooth and private buying experience. Our platform meets all of your Bolivia cocaine needs, regardless &hellip;<\/p>\n<p class=\"read-more\"> <a class=\"\" href=\"https:\/\/legitgrams.com\/fr\/produit\/bolivie-cocaine\/\"> <span class=\"screen-reader-text\">Acheter de la coca\u00efne de Bolivie en ligne<\/span> Lire la suite \"<\/a><\/p>","protected":false},"featured_media":2912,"comment_status":"open","ping_status":"closed","template":"","meta":{"_uag_custom_page_level_css":"","site-sidebar-layout":"default","site-content-layout":"default","ast-global-header-display":"","ast-main-header-display":"","ast-hfb-above-header-display":"","ast-hfb-below-header-display":"","ast-hfb-mobile-header-display":"","site-post-title":"","ast-breadcrumbs-content":"","ast-featured-img":"","footer-sml-layout":"","theme-transparent-header-meta":"default","adv-header-id-meta":"","stick-header-meta":"default","header-above-stick-meta":"","header-main-stick-meta":"","header-below-stick-meta":"","_joinchat":[]},"product_brand":[],"product_cat":[70],"product_tag":[87,88,89,90,91,92,93,94,95,96,97,98,99,100,101,102],"class_list":{"0":"post-2901","1":"product","2":"type-product","3":"status-publish","4":"has-post-thumbnail","6":"product_cat-cocaine","7":"product_tag-benefits-of-bolivia-cocaine","8":"product_tag-best-place-to-order-bolivia-cocaine","9":"product_tag-bolivia-cocaine-for-sale","10":"product_tag-bolivia-cocaine-price","11":"product_tag-bolivia-cocaine-wholesale","12":"product_tag-buy-bolivia-cocaine-legally","13":"product_tag-buy-bolivia-cocaine-online-australia","14":"product_tag-buy-bolivia-cocaine-online-near-me","15":"product_tag-buy-bolivia-cocaine-online-usa","16":"product_tag-cheap-bolivia-cocaine","17":"product_tag-how-can-i-get-the-best-bolivia-cocaine","18":"product_tag-how-to-order-bolivia-cocaine","19":"product_tag-legit-bolivia-cocaine-online","20":"product_tag-what-is-bolivia-cocaine","21":"product_tag-where-can-i-buy-bolivia-cocaine","22":"product_tag-where-to-buy-bolivia-cocaine","23":"desktop-align-left","24":"tablet-align-left","25":"mobile-align-left","26":"ast-product-gallery-layout-horizontal","27":"ast-product-gallery-with-no-image","28":"ast-product-single-variable","29":"ast-product-tabs-layout-horizontal","30":"ast-qv-on-image","32":"first","33":"instock","34":"shipping-taxable","35":"purchasable","36":"product-type-variable"},"yoast_head":"<!-- This site is optimized with the Yoast SEO plugin v25.9 - https:\/\/yoast.com\/wordpress\/plugins\/seo\/ -->\n<title>Buy Bolivia Cocaine Online - Bolivia Cocaine for Sale | LegitGrams<\/title>\n<meta name=\"description\" content=\"Looking for best cocaine store to buy Bolivia Cocaine online? Cokebricks.com is a leading supplier of Bolivia Cocaine. Order Bolivia Cocaine Powder Now!\" \/>\n<meta name=\"robots\" content=\"index, follow, max-snippet:-1, max-image-preview:large, max-video-preview:-1\" \/>\n<link rel=\"canonical\" href=\"https:\/\/legitgrams.com\/fr\/produit\/bolivie-cocaine\/\" \/>\n<meta property=\"og:locale\" content=\"fr_FR\" \/>\n<meta property=\"og:type\" content=\"article\" \/>\n<meta property=\"og:title\" content=\"Buy Bolivia Cocaine Online - Bolivia Cocaine for Sale | LegitGrams\" \/>\n<meta property=\"og:description\" content=\"Looking for best cocaine store to buy Bolivia Cocaine online? Cokebricks.com is a leading supplier of Bolivia Cocaine. Order Bolivia Cocaine Powder Now!\" \/>\n<meta property=\"og:url\" content=\"https:\/\/legitgrams.com\/fr\/produit\/bolivie-cocaine\/\" \/>\n<meta property=\"og:site_name\" content=\"Legit Grams\" \/>\n<meta property=\"article:modified_time\" content=\"2025-03-08T05:06:33+00:00\" \/>\n<meta property=\"og:image\" content=\"https:\/\/legitgrams.com\/wp-content\/uploads\/2024\/04\/bolivia-cocaine.jpg\" \/>\n\t<meta property=\"og:image:width\" content=\"600\" \/>\n\t<meta property=\"og:image:height\" content=\"600\" \/>\n\t<meta property=\"og:image:type\" content=\"image\/jpeg\" \/>\n<meta name=\"twitter:card\" content=\"summary_large_image\" \/>\n<meta name=\"twitter:label1\" content=\"Dur\u00e9e de lecture est.\" \/>\n\t<meta name=\"twitter:data1\" content=\"3 minutes\" \/>\n<script type=\"application\/ld+json\" class=\"yoast-schema-graph\">{\"@context\":\"https:\/\/schema.org\",\"@graph\":[{\"@type\":\"WebPage\",\"@id\":\"https:\/\/legitgrams.com\/product\/bolivia-cocaine\/\",\"url\":\"https:\/\/legitgrams.com\/product\/bolivia-cocaine\/\",\"name\":\"Buy Bolivia Cocaine Online - Bolivia Cocaine for Sale | LegitGrams\",\"isPartOf\":{\"@id\":\"https:\/\/legitgrams.com\/#website\"},\"primaryImageOfPage\":{\"@id\":\"https:\/\/legitgrams.com\/product\/bolivia-cocaine\/#primaryimage\"},\"image\":{\"@id\":\"https:\/\/legitgrams.com\/product\/bolivia-cocaine\/#primaryimage\"},\"thumbnailUrl\":\"https:\/\/legitgrams.com\/wp-content\/uploads\/2024\/04\/bolivia-cocaine.jpg\",\"datePublished\":\"2024-04-01T10:28:41+00:00\",\"dateModified\":\"2025-03-08T05:06:33+00:00\",\"description\":\"Looking for best cocaine store to buy Bolivia Cocaine online? Cokebricks.com is a leading supplier of Bolivia Cocaine. Order Bolivia Cocaine Powder Now!\",\"breadcrumb\":{\"@id\":\"https:\/\/legitgrams.com\/product\/bolivia-cocaine\/#breadcrumb\"},\"inLanguage\":\"fr-BE\",\"potentialAction\":[{\"@type\":\"ReadAction\",\"target\":[\"https:\/\/legitgrams.com\/product\/bolivia-cocaine\/\"]}]},{\"@type\":\"ImageObject\",\"inLanguage\":\"fr-BE\",\"@id\":\"https:\/\/legitgrams.com\/product\/bolivia-cocaine\/#primaryimage\",\"url\":\"https:\/\/legitgrams.com\/wp-content\/uploads\/2024\/04\/bolivia-cocaine.jpg\",\"contentUrl\":\"https:\/\/legitgrams.com\/wp-content\/uploads\/2024\/04\/bolivia-cocaine.jpg\",\"width\":600,\"height\":600,\"caption\":\"Bolivia Cocaine for Sale\"},{\"@type\":\"BreadcrumbList\",\"@id\":\"https:\/\/legitgrams.com\/product\/bolivia-cocaine\/#breadcrumb\",\"itemListElement\":[{\"@type\":\"ListItem\",\"position\":1,\"name\":\"Home\",\"item\":\"https:\/\/legitgrams.com\/\"},{\"@type\":\"ListItem\",\"position\":2,\"name\":\"Shop\",\"item\":\"https:\/\/legitgrams.com\/shop\/\"},{\"@type\":\"ListItem\",\"position\":3,\"name\":\"Buy Bolivia Cocaine Online\"}]},{\"@type\":\"WebSite\",\"@id\":\"https:\/\/legitgrams.com\/#website\",\"url\":\"https:\/\/legitgrams.com\/\",\"name\":\"Legit Grams\",\"description\":\"My WordPress Blog\",\"publisher\":{\"@id\":\"https:\/\/legitgrams.com\/#organization\"},\"potentialAction\":[{\"@type\":\"SearchAction\",\"target\":{\"@type\":\"EntryPoint\",\"urlTemplate\":\"https:\/\/legitgrams.com\/?s={search_term_string}\"},\"query-input\":{\"@type\":\"PropertyValueSpecification\",\"valueRequired\":true,\"valueName\":\"search_term_string\"}}],\"inLanguage\":\"fr-BE\"},{\"@type\":\"Organization\",\"@id\":\"https:\/\/legitgrams.com\/#organization\",\"name\":\"Legit Grams\",\"url\":\"https:\/\/legitgrams.com\/\",\"logo\":{\"@type\":\"ImageObject\",\"inLanguage\":\"fr-BE\",\"@id\":\"https:\/\/legitgrams.com\/#\/schema\/logo\/image\/\",\"url\":\"https:\/\/legitgrams.com\/wp-content\/uploads\/2024\/09\/main-logo.png\",\"contentUrl\":\"https:\/\/legitgrams.com\/wp-content\/uploads\/2024\/09\/main-logo.png\",\"width\":270,\"height\":75,\"caption\":\"Legit Grams\"},\"image\":{\"@id\":\"https:\/\/legitgrams.com\/#\/schema\/logo\/image\/\"}}]}<\/script>\n<!-- \/ Yoast SEO plugin. -->","yoast_head_json":{"title":"Acheter Coca\u00efne Bolivie en ligne - Bolivie Coca\u00efne \u00e0 vendre | LegitGrams","description":"Vous cherchez le meilleur magasin de coca\u00efne pour acheter de la Coca\u00efne de Bolivie en ligne ? Cokebricks.com est un fournisseur majeur de Coca\u00efne de Bolivie. Commandez la poudre de coca\u00efne de Bolivie maintenant !","robots":{"index":"index","follow":"follow","max-snippet":"max-snippet:-1","max-image-preview":"max-image-preview:large","max-video-preview":"max-video-preview:-1"},"canonical":"https:\/\/legitgrams.com\/fr\/produit\/bolivie-cocaine\/","og_locale":"fr_FR","og_type":"article","og_title":"Buy Bolivia Cocaine Online - Bolivia Cocaine for Sale | LegitGrams","og_description":"Looking for best cocaine store to buy Bolivia Cocaine online? Cokebricks.com is a leading supplier of Bolivia Cocaine. Order Bolivia Cocaine Powder Now!","og_url":"https:\/\/legitgrams.com\/fr\/produit\/bolivie-cocaine\/","og_site_name":"Legit Grams","article_modified_time":"2025-03-08T05:06:33+00:00","og_image":[{"width":600,"height":600,"url":"https:\/\/legitgrams.com\/wp-content\/uploads\/2024\/04\/bolivia-cocaine.jpg","type":"image\/jpeg"}],"twitter_card":"summary_large_image","twitter_misc":{"Dur\u00e9e de lecture est.":"3 minutes"},"schema":{"@context":"https:\/\/schema.org","@graph":[{"@type":"WebPage","@id":"https:\/\/legitgrams.com\/product\/bolivia-cocaine\/","url":"https:\/\/legitgrams.com\/product\/bolivia-cocaine\/","name":"Acheter Coca\u00efne Bolivie en ligne - Bolivie Coca\u00efne \u00e0 vendre | LegitGrams","isPartOf":{"@id":"https:\/\/legitgrams.com\/#website"},"primaryImageOfPage":{"@id":"https:\/\/legitgrams.com\/product\/bolivia-cocaine\/#primaryimage"},"image":{"@id":"https:\/\/legitgrams.com\/product\/bolivia-cocaine\/#primaryimage"},"thumbnailUrl":"https:\/\/legitgrams.com\/wp-content\/uploads\/2024\/04\/bolivia-cocaine.jpg","datePublished":"2024-04-01T10:28:41+00:00","dateModified":"2025-03-08T05:06:33+00:00","description":"Vous cherchez le meilleur magasin de coca\u00efne pour acheter de la Coca\u00efne de Bolivie en ligne ? Cokebricks.com est un fournisseur majeur de Coca\u00efne de Bolivie. Commandez la poudre de coca\u00efne de Bolivie maintenant !","breadcrumb":{"@id":"https:\/\/legitgrams.com\/product\/bolivia-cocaine\/#breadcrumb"},"inLanguage":"fr-BE","potentialAction":[{"@type":"ReadAction","target":["https:\/\/legitgrams.com\/product\/bolivia-cocaine\/"]}]},{"@type":"ImageObject","inLanguage":"fr-BE","@id":"https:\/\/legitgrams.com\/product\/bolivia-cocaine\/#primaryimage","url":"https:\/\/legitgrams.com\/wp-content\/uploads\/2024\/04\/bolivia-cocaine.jpg","contentUrl":"https:\/\/legitgrams.com\/wp-content\/uploads\/2024\/04\/bolivia-cocaine.jpg","width":600,"height":600,"caption":"Bolivia Cocaine for Sale"},{"@type":"BreadcrumbList","@id":"https:\/\/legitgrams.com\/product\/bolivia-cocaine\/#breadcrumb","itemListElement":[{"@type":"ListItem","position":1,"name":"Home","item":"https:\/\/legitgrams.com\/"},{"@type":"ListItem","position":2,"name":"Shop","item":"https:\/\/legitgrams.com\/shop\/"},{"@type":"ListItem","position":3,"name":"Buy Bolivia Cocaine Online"}]},{"@type":"WebSite","@id":"https:\/\/legitgrams.com\/#website","url":"https:\/\/legitgrams.com\/","name":"Les grammes l\u00e9gitimes","description":"Mon blog WordPress","publisher":{"@id":"https:\/\/legitgrams.com\/#organization"},"potentialAction":[{"@type":"SearchAction","target":{"@type":"EntryPoint","urlTemplate":"https:\/\/legitgrams.com\/?s={search_term_string}"},"query-input":{"@type":"PropertyValueSpecification","valueRequired":true,"valueName":"search_term_string"}}],"inLanguage":"fr-BE"},{"@type":"Organization","@id":"https:\/\/legitgrams.com\/#organization","name":"Les grammes l\u00e9gitimes","url":"https:\/\/legitgrams.com\/","logo":{"@type":"ImageObject","inLanguage":"fr-BE","@id":"https:\/\/legitgrams.com\/#\/schema\/logo\/image\/","url":"https:\/\/legitgrams.com\/wp-content\/uploads\/2024\/09\/main-logo.png","contentUrl":"https:\/\/legitgrams.com\/wp-content\/uploads\/2024\/09\/main-logo.png","width":270,"height":75,"caption":"Legit Grams"},"image":{"@id":"https:\/\/legitgrams.com\/#\/schema\/logo\/image\/"}}]}},"uagb_featured_image_src":{"full":["https:\/\/legitgrams.com\/wp-content\/uploads\/2024\/04\/bolivia-cocaine.jpg",600,600,false],"thumbnail":["https:\/\/legitgrams.com\/wp-content\/uploads\/2024\/04\/bolivia-cocaine-150x150.jpg",150,150,true],"medium":["https:\/\/legitgrams.com\/wp-content\/uploads\/2024\/04\/bolivia-cocaine-300x300.jpg",300,300,true],"medium_large":["https:\/\/legitgrams.com\/wp-content\/uploads\/2024\/04\/bolivia-cocaine.jpg",600,600,false],"large":["https:\/\/legitgrams.com\/wp-content\/uploads\/2024\/04\/bolivia-cocaine.jpg",600,600,false],"1536x1536":["https:\/\/legitgrams.com\/wp-content\/uploads\/2024\/04\/bolivia-cocaine.jpg",600,600,false],"2048x2048":["https:\/\/legitgrams.com\/wp-content\/uploads\/2024\/04\/bolivia-cocaine.jpg",600,600,false],"trp-custom-language-flag":["https:\/\/legitgrams.com\/wp-content\/uploads\/2024\/04\/bolivia-cocaine.jpg",12,12,false],"woocommerce_thumbnail":["https:\/\/legitgrams.com\/wp-content\/uploads\/2024\/04\/bolivia-cocaine-300x300.jpg",300,300,true],"woocommerce_single":["https:\/\/legitgrams.com\/wp-content\/uploads\/2024\/04\/bolivia-cocaine.jpg",600,600,false],"woocommerce_gallery_thumbnail":["https:\/\/legitgrams.com\/wp-content\/uploads\/2024\/04\/bolivia-cocaine-100x100.jpg",100,100,true]},"uagb_author_info":{"display_name":"cokeblog18","author_link":"https:\/\/legitgrams.com\/fr\/author\/"},"uagb_comment_info":11,"uagb_excerpt":"Check Out LegitGrams&#8217; Premium Bolivian Cocaine for Sale Online Greetings from LegitGrams, the best place to buy high-quality Bolivian cocaine online. We take pride in providing the highest quality cocaine for sale, making sure that our esteemed clients have a smooth and private buying experience. Our platform meets all of your Bolivia cocaine needs, regardless&hellip;","_links":{"self":[{"href":"https:\/\/legitgrams.com\/fr\/wp-json\/wp\/v2\/product\/2901","targetHints":{"allow":["GET"]}}],"collection":[{"href":"https:\/\/legitgrams.com\/fr\/wp-json\/wp\/v2\/product"}],"about":[{"href":"https:\/\/legitgrams.com\/fr\/wp-json\/wp\/v2\/types\/product"}],"replies":[{"embeddable":true,"href":"https:\/\/legitgrams.com\/fr\/wp-json\/wp\/v2\/comments?post=2901"}],"wp:featuredmedia":[{"embeddable":true,"href":"https:\/\/legitgrams.com\/fr\/wp-json\/wp\/v2\/media\/2912"}],"wp:attachment":[{"href":"https:\/\/legitgrams.com\/fr\/wp-json\/wp\/v2\/media?parent=2901"}],"wp:term":[{"taxonomy":"product_brand","embeddable":true,"href":"https:\/\/legitgrams.com\/fr\/wp-json\/wp\/v2\/product_brand?post=2901"},{"taxonomy":"product_cat","embeddable":true,"href":"https:\/\/legitgrams.com\/fr\/wp-json\/wp\/v2\/product_cat?post=2901"},{"taxonomy":"product_tag","embeddable":true,"href":"https:\/\/legitgrams.com\/fr\/wp-json\/wp\/v2\/product_tag?post=2901"}],"curies":[{"name":"wp","href":"https:\/\/api.w.org\/{rel}","templated":true}]}}