{"id":2927,"date":"2024-04-01T10:28:54","date_gmt":"2024-04-01T10:28:54","guid":{"rendered":"https:\/\/unkrautmarkt.com\/coke\/?post_type=product&#038;p=2927"},"modified":"2025-01-14T09:55:36","modified_gmt":"2025-01-14T09:55:36","slug":"cocaine-mexicaine","status":"publish","type":"product","link":"https:\/\/legitgrams.com\/fr\/produit\/cocaine-mexicaine\/","title":{"rendered":"Coca\u00efne mexicaine"},"content":{"rendered":"<h2>Coca\u00efne mexicaine de qualit\u00e9 sup\u00e9rieure disponible \u00e0 l'achat en ligne<\/h2>\n<p>LegitGrams est un d\u00e9taillant en ligne fiable de produits de haute qualit\u00e9 <strong><a href=\"https:\/\/en.wikipedia.org\/wiki\/Mexican_Coke\">Mexicain<\/a> <a href=\"https:\/\/en.wikipedia.org\/wiki\/Cocaine\">Coca\u00efne<\/a><\/strong>. Notre sp\u00e9cialit\u00e9 est d\u2019offrir \u00e0 nos clients des articles de coca\u00efne de premi\u00e8re qualit\u00e9 tout en garantissant un environnement d\u2019achat s\u00fbr et s\u00e9curis\u00e9. Vous \u00eates au bon endroit si vous souhaitez acheter de la coca\u00efne mexicaine en ligne.<\/p>\n<h3>Pourquoi nous choisir pour la coca\u00efne du Mexique\u00a0?<\/h3>\n<p>Seul le <a href=\"https:\/\/legitgrams.com\/fr\/produit\/cocaine-mexicaine\/\"><strong>acheter de la coca\u00efne mexicaine en ligne<\/strong><\/a> est disponible \u00e0 l'achat sur LegitGrams. Nous obtenons nos produits aupr\u00e8s de fournisseurs fiables, garantissant leur puissance et leur puret\u00e9. Vous pouvez \u00eatre s\u00fbr d'obtenir un produit haut de gamme qui r\u00e9pond aux exigences de qualit\u00e9 les plus \u00e9lev\u00e9es lorsque vous achetez de la coca\u00efne mexicaine en ligne chez nous.<\/p>\n<p style=\"text-align: justify;\"><strong>Notre s\u00e9lection de produits<\/strong><\/p>\n<p style=\"text-align: justify;\">Nous proposons une large gamme de produits \u00e0 base de coca\u00efne mexicaine pour r\u00e9pondre \u00e0 tous les besoins. Que vous achetiez pour la premi\u00e8re fois ou que vous soyez un consommateur chevronn\u00e9, notre s\u00e9lection a quelque chose \u00e0 offrir \u00e0 chacun. Des briques de coca\u00efne pure \u00e0 la poudre, nous avons tout ce qu'il faut. Nos produits sont soumis \u00e0 des tests rigoureux pour en garantir la puret\u00e9 et la qualit\u00e9, ce qui vous permet d'acheter en toute tranquillit\u00e9.<\/p>\n<p style=\"text-align: justify;\"><strong>Comment acheter de la coca\u00efne mexicaine en ligne<\/strong><\/p>\n<p style=\"text-align: justify;\"><strong>Commander de la coca\u00efne mexicaine en ligne<\/strong> de LegitGrams est facile et pratique. Il vous suffit de s\u00e9lectionner les produits que vous souhaitez et de les ajouter \u00e0 votre panier. Notre processus de paiement s\u00e9curis\u00e9 garantit que vos informations personnelles sont gard\u00e9es en s\u00e9curit\u00e9 \u00e0 tout moment. Une fois votre commande pass\u00e9e, nous l'emballons et l'exp\u00e9dions discr\u00e8tement jusqu'\u00e0 votre porte, pour une livraison sans souci.<\/p>\n<p style=\"text-align: justify;\"><strong>O\u00f9 acheter de la coca\u00efne mexicaine<\/strong><\/p>\n<p style=\"text-align: justify;\">Lorsqu'il s'agit de trouver le <strong>Meilleur endroit pour acheter de la coca\u00efne mexicaine<\/strong>ne cherchez pas plus loin que <a href=\"https:\/\/legitgrams.com\/fr\/\">LegitGrams<\/a>. Nous avons acquis une r\u00e9putation d'excellence dans le secteur, gr\u00e2ce \u00e0 notre engagement en faveur de la qualit\u00e9 et de la satisfaction des clients. Nos clients fid\u00e8les nous font confiance pour leurs besoins en coca\u00efne et nous nous effor\u00e7ons de d\u00e9passer leurs attentes \u00e0 chaque commande.<\/p>\n<p style=\"text-align: justify;\"><strong>Avantages des achats chez nous<\/strong><\/p>\n<p style=\"text-align: justify;\">Lorsque vous <strong>Acheter de la coca\u00efne mexicaine <\/strong>de LegitGrams, vous b\u00e9n\u00e9ficiez de plusieurs avantages, notamment<\/p>\n<ul style=\"text-align: justify;\">\n<li>Des produits de premi\u00e8re qualit\u00e9<\/li>\n<li>Emballage et exp\u00e9dition discrets<\/li>\n<li>Transactions en ligne s\u00e9curis\u00e9es<\/li>\n<li>Excellent service \u00e0 la client\u00e8le<\/li>\n<li>Livraison rapide et fiable<\/li>\n<\/ul>\n<p style=\"text-align: justify;\">Si vous \u00eates pr\u00eat \u00e0 d\u00e9couvrir le meilleur de la coca\u00efne mexicaine, commandez chez LegitGrams d\u00e8s aujourd'hui. Notre engagement en faveur de la qualit\u00e9, de la s\u00e9curit\u00e9 et de la satisfaction du client fait de nous le premier choix pour les acheteurs cherchant \u00e0 <strong>acheter de la coca\u00efne en ligne<\/strong>. Ne vous contentez pas de ce qu'il y a de mieux - choisissez LegitGrams pour tous vos besoins en coca\u00efne mexicaine. <strong>Commander de la coca\u00efne mexicaine <\/strong>maintenant et profiter d'une exp\u00e9rience d'achat sup\u00e9rieure.<\/p>","protected":false},"excerpt":{"rendered":"<p>Premium Mexican Cocaine Available for Purchase Online LegitGrams is a reliable online retailer of high-quality Mexican Cocaine. Our specialty is offering our clients premium cocaine items while guaranteeing a secure and safe shopping environment. You&#8217;ve come to the correct spot if you&#8217;re wanting to purchase Mexican cocaine online. Why Pick Us for Cocaine from Mexico? &hellip;<\/p>\n<p class=\"read-more\"> <a class=\"\" href=\"https:\/\/legitgrams.com\/fr\/produit\/cocaine-mexicaine\/\"> <span class=\"screen-reader-text\">Coca\u00efne mexicaine<\/span> Lire la suite \"<\/a><\/p>","protected":false},"featured_media":2943,"comment_status":"open","ping_status":"closed","template":"","meta":{"_uag_custom_page_level_css":"","site-sidebar-layout":"default","site-content-layout":"default","ast-global-header-display":"","ast-main-header-display":"","ast-hfb-above-header-display":"","ast-hfb-below-header-display":"","ast-hfb-mobile-header-display":"","site-post-title":"","ast-breadcrumbs-content":"","ast-featured-img":"","footer-sml-layout":"","theme-transparent-header-meta":"default","adv-header-id-meta":"","stick-header-meta":"default","header-above-stick-meta":"","header-main-stick-meta":"","header-below-stick-meta":"","_joinchat":[]},"product_brand":[],"product_cat":[70],"product_tag":[103,104,105,106,107,108,109,110,111,112,113,114,115,116,117,118],"class_list":{"0":"post-2927","1":"product","2":"type-product","3":"status-publish","4":"has-post-thumbnail","6":"product_cat-cocaine","7":"product_tag-benefits-of-mexican-cocaine","8":"product_tag-best-place-to-order-mexican-cocaine","9":"product_tag-buy-mexican-cocaine-legally","10":"product_tag-buy-mexican-cocaine-online-australia","11":"product_tag-buy-mexican-cocaine-online-near-me","12":"product_tag-buy-mexican-cocaine-online-usa","13":"product_tag-cheap-mexican-cocaine","14":"product_tag-how-can-i-get-the-best-mexican-cocaine","15":"product_tag-how-to-order-mexican-cocaine","16":"product_tag-legit-mexican-cocaine-online","17":"product_tag-mexican-cocaine-for-sale","18":"product_tag-mexican-cocaine-price","19":"product_tag-mexican-cocaine-wholesale","20":"product_tag-what-is-mexican-cocaine","21":"product_tag-where-can-i-buy-mexican-cocaine","22":"product_tag-where-to-buy-mexican-cocaine","23":"desktop-align-left","24":"tablet-align-left","25":"mobile-align-left","26":"ast-product-gallery-layout-horizontal","27":"ast-product-gallery-with-no-image","28":"ast-product-single-variable","29":"ast-product-tabs-layout-horizontal","30":"ast-qv-on-image","32":"first","33":"instock","34":"shipping-taxable","35":"purchasable","36":"product-type-variable"},"yoast_head":"<!-- This site is optimized with the Yoast SEO plugin v25.9 - https:\/\/yoast.com\/wordpress\/plugins\/seo\/ -->\n<title>Mexican Cocaine for Sale - Order Mexican Cocaine Online | LG<\/title>\n<meta name=\"description\" content=\"Explore our online store for Mexican Cocaine for sale, offering high-quality Mexican Cocaine. Buy Mexican Cocaine online securely and embark on your research journey with confidence.\" \/>\n<meta name=\"robots\" content=\"index, follow, max-snippet:-1, max-image-preview:large, max-video-preview:-1\" \/>\n<link rel=\"canonical\" href=\"https:\/\/legitgrams.com\/fr\/produit\/cocaine-mexicaine\/\" \/>\n<meta property=\"og:locale\" content=\"fr_FR\" \/>\n<meta property=\"og:type\" content=\"article\" \/>\n<meta property=\"og:title\" content=\"Mexican Cocaine for Sale - Order Mexican Cocaine Online | LG\" \/>\n<meta property=\"og:description\" content=\"Explore our online store for Mexican Cocaine for sale, offering high-quality Mexican Cocaine. Buy Mexican Cocaine online securely and embark on your research journey with confidence.\" \/>\n<meta property=\"og:url\" content=\"https:\/\/legitgrams.com\/fr\/produit\/cocaine-mexicaine\/\" \/>\n<meta property=\"og:site_name\" content=\"Legit Grams\" \/>\n<meta property=\"article:modified_time\" content=\"2025-01-14T09:55:36+00:00\" \/>\n<meta property=\"og:image\" content=\"https:\/\/legitgrams.com\/wp-content\/uploads\/2024\/04\/mexican-cocaine.jpg\" \/>\n\t<meta property=\"og:image:width\" content=\"600\" \/>\n\t<meta property=\"og:image:height\" content=\"600\" \/>\n\t<meta property=\"og:image:type\" content=\"image\/jpeg\" \/>\n<meta name=\"twitter:card\" content=\"summary_large_image\" \/>\n<meta name=\"twitter:label1\" content=\"Dur\u00e9e de lecture est.\" \/>\n\t<meta name=\"twitter:data1\" content=\"2 minutes\" \/>\n<script type=\"application\/ld+json\" class=\"yoast-schema-graph\">{\"@context\":\"https:\/\/schema.org\",\"@graph\":[{\"@type\":\"WebPage\",\"@id\":\"https:\/\/legitgrams.com\/product\/mexican-cocaine\/\",\"url\":\"https:\/\/legitgrams.com\/product\/mexican-cocaine\/\",\"name\":\"Mexican Cocaine for Sale - Order Mexican Cocaine Online | LG\",\"isPartOf\":{\"@id\":\"https:\/\/legitgrams.com\/#website\"},\"primaryImageOfPage\":{\"@id\":\"https:\/\/legitgrams.com\/product\/mexican-cocaine\/#primaryimage\"},\"image\":{\"@id\":\"https:\/\/legitgrams.com\/product\/mexican-cocaine\/#primaryimage\"},\"thumbnailUrl\":\"https:\/\/legitgrams.com\/wp-content\/uploads\/2024\/04\/mexican-cocaine.jpg\",\"datePublished\":\"2024-04-01T10:28:54+00:00\",\"dateModified\":\"2025-01-14T09:55:36+00:00\",\"description\":\"Explore our online store for Mexican Cocaine for sale, offering high-quality Mexican Cocaine. Buy Mexican Cocaine online securely and embark on your research journey with confidence.\",\"breadcrumb\":{\"@id\":\"https:\/\/legitgrams.com\/product\/mexican-cocaine\/#breadcrumb\"},\"inLanguage\":\"fr-BE\",\"potentialAction\":[{\"@type\":\"ReadAction\",\"target\":[\"https:\/\/legitgrams.com\/product\/mexican-cocaine\/\"]}]},{\"@type\":\"ImageObject\",\"inLanguage\":\"fr-BE\",\"@id\":\"https:\/\/legitgrams.com\/product\/mexican-cocaine\/#primaryimage\",\"url\":\"https:\/\/legitgrams.com\/wp-content\/uploads\/2024\/04\/mexican-cocaine.jpg\",\"contentUrl\":\"https:\/\/legitgrams.com\/wp-content\/uploads\/2024\/04\/mexican-cocaine.jpg\",\"width\":600,\"height\":600,\"caption\":\"Mexican Cocaine for Sale\"},{\"@type\":\"BreadcrumbList\",\"@id\":\"https:\/\/legitgrams.com\/product\/mexican-cocaine\/#breadcrumb\",\"itemListElement\":[{\"@type\":\"ListItem\",\"position\":1,\"name\":\"Home\",\"item\":\"https:\/\/legitgrams.com\/\"},{\"@type\":\"ListItem\",\"position\":2,\"name\":\"Shop\",\"item\":\"https:\/\/legitgrams.com\/shop\/\"},{\"@type\":\"ListItem\",\"position\":3,\"name\":\"Mexican Cocaine\"}]},{\"@type\":\"WebSite\",\"@id\":\"https:\/\/legitgrams.com\/#website\",\"url\":\"https:\/\/legitgrams.com\/\",\"name\":\"Legit Grams\",\"description\":\"My WordPress Blog\",\"publisher\":{\"@id\":\"https:\/\/legitgrams.com\/#organization\"},\"potentialAction\":[{\"@type\":\"SearchAction\",\"target\":{\"@type\":\"EntryPoint\",\"urlTemplate\":\"https:\/\/legitgrams.com\/?s={search_term_string}\"},\"query-input\":{\"@type\":\"PropertyValueSpecification\",\"valueRequired\":true,\"valueName\":\"search_term_string\"}}],\"inLanguage\":\"fr-BE\"},{\"@type\":\"Organization\",\"@id\":\"https:\/\/legitgrams.com\/#organization\",\"name\":\"Legit Grams\",\"url\":\"https:\/\/legitgrams.com\/\",\"logo\":{\"@type\":\"ImageObject\",\"inLanguage\":\"fr-BE\",\"@id\":\"https:\/\/legitgrams.com\/#\/schema\/logo\/image\/\",\"url\":\"https:\/\/legitgrams.com\/wp-content\/uploads\/2024\/09\/main-logo.png\",\"contentUrl\":\"https:\/\/legitgrams.com\/wp-content\/uploads\/2024\/09\/main-logo.png\",\"width\":270,\"height\":75,\"caption\":\"Legit Grams\"},\"image\":{\"@id\":\"https:\/\/legitgrams.com\/#\/schema\/logo\/image\/\"}}]}<\/script>\n<!-- \/ Yoast SEO plugin. -->","yoast_head_json":{"title":"Mexican Cocaine for Sale - Order Mexican Cocaine Online | LG","description":"Explorez notre boutique en ligne de Coca\u00efne mexicaine \u00e0 vendre, offrant de la Coca\u00efne mexicaine de haute qualit\u00e9. Achetez de la coca\u00efne mexicaine en ligne en toute s\u00e9curit\u00e9 et entamez votre recherche en toute confiance.","robots":{"index":"index","follow":"follow","max-snippet":"max-snippet:-1","max-image-preview":"max-image-preview:large","max-video-preview":"max-video-preview:-1"},"canonical":"https:\/\/legitgrams.com\/fr\/produit\/cocaine-mexicaine\/","og_locale":"fr_FR","og_type":"article","og_title":"Mexican Cocaine for Sale - Order Mexican Cocaine Online | LG","og_description":"Explore our online store for Mexican Cocaine for sale, offering high-quality Mexican Cocaine. Buy Mexican Cocaine online securely and embark on your research journey with confidence.","og_url":"https:\/\/legitgrams.com\/fr\/produit\/cocaine-mexicaine\/","og_site_name":"Legit Grams","article_modified_time":"2025-01-14T09:55:36+00:00","og_image":[{"width":600,"height":600,"url":"https:\/\/legitgrams.com\/wp-content\/uploads\/2024\/04\/mexican-cocaine.jpg","type":"image\/jpeg"}],"twitter_card":"summary_large_image","twitter_misc":{"Dur\u00e9e de lecture est.":"2 minutes"},"schema":{"@context":"https:\/\/schema.org","@graph":[{"@type":"WebPage","@id":"https:\/\/legitgrams.com\/product\/mexican-cocaine\/","url":"https:\/\/legitgrams.com\/product\/mexican-cocaine\/","name":"Mexican Cocaine for Sale - Order Mexican Cocaine Online | LG","isPartOf":{"@id":"https:\/\/legitgrams.com\/#website"},"primaryImageOfPage":{"@id":"https:\/\/legitgrams.com\/product\/mexican-cocaine\/#primaryimage"},"image":{"@id":"https:\/\/legitgrams.com\/product\/mexican-cocaine\/#primaryimage"},"thumbnailUrl":"https:\/\/legitgrams.com\/wp-content\/uploads\/2024\/04\/mexican-cocaine.jpg","datePublished":"2024-04-01T10:28:54+00:00","dateModified":"2025-01-14T09:55:36+00:00","description":"Explorez notre boutique en ligne de Coca\u00efne mexicaine \u00e0 vendre, offrant de la Coca\u00efne mexicaine de haute qualit\u00e9. Achetez de la coca\u00efne mexicaine en ligne en toute s\u00e9curit\u00e9 et entamez votre recherche en toute confiance.","breadcrumb":{"@id":"https:\/\/legitgrams.com\/product\/mexican-cocaine\/#breadcrumb"},"inLanguage":"fr-BE","potentialAction":[{"@type":"ReadAction","target":["https:\/\/legitgrams.com\/product\/mexican-cocaine\/"]}]},{"@type":"ImageObject","inLanguage":"fr-BE","@id":"https:\/\/legitgrams.com\/product\/mexican-cocaine\/#primaryimage","url":"https:\/\/legitgrams.com\/wp-content\/uploads\/2024\/04\/mexican-cocaine.jpg","contentUrl":"https:\/\/legitgrams.com\/wp-content\/uploads\/2024\/04\/mexican-cocaine.jpg","width":600,"height":600,"caption":"Mexican Cocaine for Sale"},{"@type":"BreadcrumbList","@id":"https:\/\/legitgrams.com\/product\/mexican-cocaine\/#breadcrumb","itemListElement":[{"@type":"ListItem","position":1,"name":"Home","item":"https:\/\/legitgrams.com\/"},{"@type":"ListItem","position":2,"name":"Shop","item":"https:\/\/legitgrams.com\/shop\/"},{"@type":"ListItem","position":3,"name":"Mexican Cocaine"}]},{"@type":"WebSite","@id":"https:\/\/legitgrams.com\/#website","url":"https:\/\/legitgrams.com\/","name":"Les grammes l\u00e9gitimes","description":"Mon blog WordPress","publisher":{"@id":"https:\/\/legitgrams.com\/#organization"},"potentialAction":[{"@type":"SearchAction","target":{"@type":"EntryPoint","urlTemplate":"https:\/\/legitgrams.com\/?s={search_term_string}"},"query-input":{"@type":"PropertyValueSpecification","valueRequired":true,"valueName":"search_term_string"}}],"inLanguage":"fr-BE"},{"@type":"Organization","@id":"https:\/\/legitgrams.com\/#organization","name":"Les grammes l\u00e9gitimes","url":"https:\/\/legitgrams.com\/","logo":{"@type":"ImageObject","inLanguage":"fr-BE","@id":"https:\/\/legitgrams.com\/#\/schema\/logo\/image\/","url":"https:\/\/legitgrams.com\/wp-content\/uploads\/2024\/09\/main-logo.png","contentUrl":"https:\/\/legitgrams.com\/wp-content\/uploads\/2024\/09\/main-logo.png","width":270,"height":75,"caption":"Legit Grams"},"image":{"@id":"https:\/\/legitgrams.com\/#\/schema\/logo\/image\/"}}]}},"uagb_featured_image_src":{"full":["https:\/\/legitgrams.com\/wp-content\/uploads\/2024\/04\/mexican-cocaine.jpg",600,600,false],"thumbnail":["https:\/\/legitgrams.com\/wp-content\/uploads\/2024\/04\/mexican-cocaine-150x150.jpg",150,150,true],"medium":["https:\/\/legitgrams.com\/wp-content\/uploads\/2024\/04\/mexican-cocaine-300x300.jpg",300,300,true],"medium_large":["https:\/\/legitgrams.com\/wp-content\/uploads\/2024\/04\/mexican-cocaine.jpg",600,600,false],"large":["https:\/\/legitgrams.com\/wp-content\/uploads\/2024\/04\/mexican-cocaine.jpg",600,600,false],"1536x1536":["https:\/\/legitgrams.com\/wp-content\/uploads\/2024\/04\/mexican-cocaine.jpg",600,600,false],"2048x2048":["https:\/\/legitgrams.com\/wp-content\/uploads\/2024\/04\/mexican-cocaine.jpg",600,600,false],"trp-custom-language-flag":["https:\/\/legitgrams.com\/wp-content\/uploads\/2024\/04\/mexican-cocaine.jpg",12,12,false],"woocommerce_thumbnail":["https:\/\/legitgrams.com\/wp-content\/uploads\/2024\/04\/mexican-cocaine-300x300.jpg",300,300,true],"woocommerce_single":["https:\/\/legitgrams.com\/wp-content\/uploads\/2024\/04\/mexican-cocaine.jpg",600,600,false],"woocommerce_gallery_thumbnail":["https:\/\/legitgrams.com\/wp-content\/uploads\/2024\/04\/mexican-cocaine-100x100.jpg",100,100,true]},"uagb_author_info":{"display_name":"cokeblog18","author_link":"https:\/\/legitgrams.com\/fr\/author\/"},"uagb_comment_info":0,"uagb_excerpt":"Premium Mexican Cocaine Available for Purchase Online LegitGrams is a reliable online retailer of high-quality Mexican Cocaine. Our specialty is offering our clients premium cocaine items while guaranteeing a secure and safe shopping environment. You&#8217;ve come to the correct spot if you&#8217;re wanting to purchase Mexican cocaine online. Why Pick Us for Cocaine from Mexico?&hellip;","_links":{"self":[{"href":"https:\/\/legitgrams.com\/fr\/wp-json\/wp\/v2\/product\/2927","targetHints":{"allow":["GET"]}}],"collection":[{"href":"https:\/\/legitgrams.com\/fr\/wp-json\/wp\/v2\/product"}],"about":[{"href":"https:\/\/legitgrams.com\/fr\/wp-json\/wp\/v2\/types\/product"}],"replies":[{"embeddable":true,"href":"https:\/\/legitgrams.com\/fr\/wp-json\/wp\/v2\/comments?post=2927"}],"wp:featuredmedia":[{"embeddable":true,"href":"https:\/\/legitgrams.com\/fr\/wp-json\/wp\/v2\/media\/2943"}],"wp:attachment":[{"href":"https:\/\/legitgrams.com\/fr\/wp-json\/wp\/v2\/media?parent=2927"}],"wp:term":[{"taxonomy":"product_brand","embeddable":true,"href":"https:\/\/legitgrams.com\/fr\/wp-json\/wp\/v2\/product_brand?post=2927"},{"taxonomy":"product_cat","embeddable":true,"href":"https:\/\/legitgrams.com\/fr\/wp-json\/wp\/v2\/product_cat?post=2927"},{"taxonomy":"product_tag","embeddable":true,"href":"https:\/\/legitgrams.com\/fr\/wp-json\/wp\/v2\/product_tag?post=2927"}],"curies":[{"name":"wp","href":"https:\/\/api.w.org\/{rel}","templated":true}]}}