{"id":3238,"date":"2024-08-03T05:18:04","date_gmt":"2024-08-03T05:18:04","guid":{"rendered":"https:\/\/cokebricks.com\/?post_type=product&#038;p=3238"},"modified":"2025-06-12T22:12:50","modified_gmt":"2025-06-12T22:12:50","slug":"cocaine","status":"publish","type":"product","link":"https:\/\/legitgrams.com\/fr\/produit\/cocaine\/","title":{"rendered":"Acheter de la coca\u00efne en ligne"},"content":{"rendered":"<h2>Acheter de la coca\u00efne en ligne | Acheter de la coca\u00efne<\/h2>\n<p>comparable \u00e0 <a href=\"https:\/\/www.bing.com\/search?q=Buy%20Cocaine%20Online&amp;qs=n&amp;form=QBRE&amp;sp=-1&amp;lq=0&amp;pq=buy%20cocaine%20online&amp;sc=0-18&amp;sk=&amp;cvid=86F7F7051BA84E1292A6DAB3B2741B31&amp;ghsh=0&amp;ghacc=0&amp;ghpl=\">coca\u00efne synth\u00e9tique<\/a> <a href=\"https:\/\/legitgrams.com\/fr\/produit\/cocaine\/\">Coca\u00efne<\/a> est une substance d\u00e9riv\u00e9e du tropane. L'effet inhibiteur de la recapture de la dopamine de l'achat de coca\u00efne en ligne est l\u00e9g\u00e8rement sup\u00e9rieur \u00e0 celui de <a href=\"https:\/\/www.bing.com\/search?q=Buy%20Cocaine%20Online&amp;qs=n&amp;form=QBRE&amp;sp=-1&amp;lq=0&amp;pq=buy%20cocaine%20online&amp;sc=0-18&amp;sk=&amp;cvid=86F7F7051BA84E1292A6DAB3B2741B31&amp;ghsh=0&amp;ghacc=0&amp;ghpl=\">coca\u00efne<\/a> par rapport \u00e0 des m\u00e9dicaments comme le d\u00e9riv\u00e9 similaire de la coca\u00efne CFT et son analogue 2\u2032-hydroxy salicylm\u00e9thylecgonine. <a href=\"https:\/\/legitgrams.com\/fr\/\">LegitGrams<\/a><\/p>\n<h3>premier d\u00e9taillant en ligne de poudre de coca\u00efne<\/h3>\n<p><a href=\"https:\/\/en.wikipedia.org\/wiki\/Cocaine\">Coca\u00efne<\/a>, l'analogue de la coca\u00efne, provient du tropane. <a href=\"https:\/\/www.google.com\/search?q=Buy+Cocaine+Online&amp;num=10&amp;sca_esv=1a2a07081c7891bb&amp;rlz=1C1RXQR_enIN1098IN1098&amp;sxsrf=AHTn8zrenf0jcvJL5iPn9PqlCgfWAW7sMg%3A1742187579792&amp;ei=O6zXZ96EMIqK4-EPkIOF6Qk&amp;ved=0ahUKEwiejs2-qpCMAxUKxTgGHZBBIZ0Q4dUDCBA&amp;uact=5&amp;oq=Buy+Cocaine+Online&amp;gs_lp=Egxnd3Mtd2l6LXNlcnAiEkJ1eSBDb2NhaW5lIE9ubGluZUiwB1CFBFiFBHADeACQAQCYAaIBoAGiAaoBAzAuMbgBA8gBAPgBAvgBAZgCA6ACDMICCBAAGLADGO8FwgILEAAYgAQYsAMYogSYAwCIBgGQBgKSBwEzoAdG&amp;sclient=gws-wiz-serp\">Coca\u00efne<\/a> , l'analogue de la coca\u00efne, provient du tropane. La coca\u00efne a un profil pharmacologique significativement diff\u00e9rent dans les tests sur les animaux car c'est un inhibiteur beaucoup plus puissant de la recapture de la s\u00e9rotonine que la coca\u00efne, mais elle n'est que marginalement plus efficace que la coca\u00efne en tant qu'inhibiteur de la recapture de la dopamine. Cela contraste avec des compos\u00e9s comparables comme le d\u00e9riv\u00e9 analogue de la coca\u00efne CFT et son homologue 2'-hydroxy salicylm\u00e9thyle. <a href=\"https:\/\/www.google.com\/search?q=Buy+Cocaine+Online&amp;num=10&amp;sca_esv=1a2a07081c7891bb&amp;rlz=1C1RXQR_enIN1098IN1098&amp;sxsrf=AHTn8zrenf0jcvJL5iPn9PqlCgfWAW7sMg%3A1742187579792&amp;ei=O6zXZ96EMIqK4-EPkIOF6Qk&amp;ved=0ahUKEwiejs2-qpCMAxUKxTgGHZBBIZ0Q4dUDCBA&amp;uact=5&amp;oq=Buy+Cocaine+Online&amp;gs_lp=Egxnd3Mtd2l6LXNlcnAiEkJ1eSBDb2NhaW5lIE9ubGluZUiwB1CFBFiFBHADeACQAQCYAaIBoAGiAaoBAzAuMbgBA8gBAPgBAvgBAZgCA6ACDMICCBAAGLADGO8FwgILEAAYgAQYsAMYogSYAwCIBgGQBgKSBwEzoAdG&amp;sclient=gws-wiz-serp\">Coca\u00efne<\/a> derivative CFT and the 2\u2032-hydroxy counterpart salicylmethy lecgonine.<\/p>\n<p>We provide excellent <a href=\"https:\/\/duckduckgo.com\/?q=Buy+Cocaine+Online&amp;t=h_&amp;ia=web\">produits chimiques de recherche<\/a>Nous fournissons d'excellents produits chimiques de recherche. Nos substances sont toutes enti\u00e8rement standardis\u00e9es. Avec un niveau de puret\u00e9 de %, elles peuvent \u00eatre utilis\u00e9es \u00e0 des fins personnelles et de recherche. Pour les commandes plus importantes, nous proposons des prix et des avantages fantastiques. Nous sommes en mesure de proposer nos produits chimiques de recherche \u00e0 des prix incroyablement abordables puisque nous avons un acc\u00e8s direct \u00e0 une installation de production. Nous exp\u00e9dions en Am\u00e9rique du Sud, en Europe, en Australie et aux \u00c9tats-Unis. Nous proposons la plupart, voire la totalit\u00e9, des compos\u00e9s les plus utilis\u00e9s disponibles. <a href=\"https:\/\/duckduckgo.com\/?q=Buy+Cocaine+Online&amp;t=h_&amp;ia=web\">carry<\/a> la plupart, sinon la totalit\u00e9, des compos\u00e9s les plus utilis\u00e9s disponibles.<\/p>\n<p>&nbsp;<\/p>","protected":false},"excerpt":{"rendered":"<p>Purchase Cocaine Online | Buy Cocaine comparable to synthetic cocaine Cocaine is one substance derived from tropane. The dopamine reuptake inhibitory action of purchase cocaine online is only slightly higher than that of cocaine when compared to medications like the similar cocaine derivative CFT and its 2\u2032-hydroxy analog salicylmethylecgonine. LegitGrams top online retailer of cocaine &hellip;<\/p>\n<p class=\"read-more\"> <a class=\"\" href=\"https:\/\/legitgrams.com\/fr\/produit\/cocaine\/\"> <span class=\"screen-reader-text\">Acheter de la coca\u00efne en ligne<\/span> Lire la suite \"<\/a><\/p>","protected":false},"featured_media":3248,"comment_status":"open","ping_status":"closed","template":"","meta":{"_uag_custom_page_level_css":"","site-sidebar-layout":"default","site-content-layout":"default","ast-global-header-display":"","ast-main-header-display":"","ast-hfb-above-header-display":"","ast-hfb-below-header-display":"","ast-hfb-mobile-header-display":"","site-post-title":"","ast-breadcrumbs-content":"","ast-featured-img":"","footer-sml-layout":"","theme-transparent-header-meta":"default","adv-header-id-meta":"","stick-header-meta":"default","header-above-stick-meta":"","header-main-stick-meta":"","header-below-stick-meta":"","_joinchat":[]},"product_brand":[],"product_cat":[70],"product_tag":[589,590,592,591,593,594],"class_list":{"0":"post-3238","1":"product","2":"type-product","3":"status-publish","4":"has-post-thumbnail","6":"product_cat-cocaine","7":"product_tag-buy-cocaine","8":"product_tag-buy-cocaine-online","9":"product_tag-cocaine-cannabinoids-for-sale","10":"product_tag-cocaine-for-sale","11":"product_tag-cocaine-for-sale-online","12":"product_tag-cocaine-powder-for-sale","13":"desktop-align-left","14":"tablet-align-left","15":"mobile-align-left","16":"ast-product-gallery-layout-horizontal","17":"ast-product-gallery-with-no-image","18":"ast-product-single-variable","19":"ast-product-tabs-layout-horizontal","20":"ast-qv-on-image","22":"first","23":"instock","24":"shipping-taxable","25":"purchasable","26":"product-type-variable"},"yoast_head":"<!-- This site is optimized with the Yoast SEO plugin v25.9 - https:\/\/yoast.com\/wordpress\/plugins\/seo\/ -->\n<title>Cocaine for Sale - Order Cocaine Powder Online at Best Price<\/title>\n<meta name=\"description\" content=\"Our online Legitgrams store has the best quality Cocaine Powder for sale. If you want to buy Cocaine Powder online, then we can help you from all ends. Order today!\" \/>\n<meta name=\"robots\" content=\"index, follow, max-snippet:-1, max-image-preview:large, max-video-preview:-1\" \/>\n<link rel=\"canonical\" href=\"https:\/\/legitgrams.com\/fr\/produit\/cocaine\/\" \/>\n<meta property=\"og:locale\" content=\"fr_FR\" \/>\n<meta property=\"og:type\" content=\"article\" \/>\n<meta property=\"og:title\" content=\"Cocaine for Sale - Order Cocaine Powder Online at Best Price\" \/>\n<meta property=\"og:description\" content=\"Our online Legitgrams store has the best quality Cocaine Powder for sale. If you want to buy Cocaine Powder online, then we can help you from all ends. Order today!\" \/>\n<meta property=\"og:url\" content=\"https:\/\/legitgrams.com\/fr\/produit\/cocaine\/\" \/>\n<meta property=\"og:site_name\" content=\"Legit Grams\" \/>\n<meta property=\"article:modified_time\" content=\"2025-06-12T22:12:50+00:00\" \/>\n<meta property=\"og:image\" content=\"https:\/\/legitgrams.com\/wp-content\/uploads\/2024\/08\/cocaine.gif\" \/>\n\t<meta property=\"og:image:width\" content=\"600\" \/>\n\t<meta property=\"og:image:height\" content=\"600\" \/>\n\t<meta property=\"og:image:type\" content=\"image\/gif\" \/>\n<meta name=\"twitter:card\" content=\"summary_large_image\" \/>\n<meta name=\"twitter:label1\" content=\"Dur\u00e9e de lecture est.\" \/>\n\t<meta name=\"twitter:data1\" content=\"2 minutes\" \/>\n<script type=\"application\/ld+json\" class=\"yoast-schema-graph\">{\"@context\":\"https:\/\/schema.org\",\"@graph\":[{\"@type\":\"WebPage\",\"@id\":\"https:\/\/legitgrams.com\/product\/cocaine\/\",\"url\":\"https:\/\/legitgrams.com\/product\/cocaine\/\",\"name\":\"Cocaine for Sale - Order Cocaine Powder Online at Best Price\",\"isPartOf\":{\"@id\":\"https:\/\/legitgrams.com\/#website\"},\"primaryImageOfPage\":{\"@id\":\"https:\/\/legitgrams.com\/product\/cocaine\/#primaryimage\"},\"image\":{\"@id\":\"https:\/\/legitgrams.com\/product\/cocaine\/#primaryimage\"},\"thumbnailUrl\":\"https:\/\/legitgrams.com\/wp-content\/uploads\/2024\/08\/cocaine.gif\",\"datePublished\":\"2024-08-03T05:18:04+00:00\",\"dateModified\":\"2025-06-12T22:12:50+00:00\",\"description\":\"Our online Legitgrams store has the best quality Cocaine Powder for sale. If you want to buy Cocaine Powder online, then we can help you from all ends. Order today!\",\"breadcrumb\":{\"@id\":\"https:\/\/legitgrams.com\/product\/cocaine\/#breadcrumb\"},\"inLanguage\":\"fr-BE\",\"potentialAction\":[{\"@type\":\"ReadAction\",\"target\":[\"https:\/\/legitgrams.com\/product\/cocaine\/\"]}]},{\"@type\":\"ImageObject\",\"inLanguage\":\"fr-BE\",\"@id\":\"https:\/\/legitgrams.com\/product\/cocaine\/#primaryimage\",\"url\":\"https:\/\/legitgrams.com\/wp-content\/uploads\/2024\/08\/cocaine.gif\",\"contentUrl\":\"https:\/\/legitgrams.com\/wp-content\/uploads\/2024\/08\/cocaine.gif\",\"width\":600,\"height\":600,\"caption\":\"Cocaine for Sale\"},{\"@type\":\"BreadcrumbList\",\"@id\":\"https:\/\/legitgrams.com\/product\/cocaine\/#breadcrumb\",\"itemListElement\":[{\"@type\":\"ListItem\",\"position\":1,\"name\":\"Home\",\"item\":\"https:\/\/legitgrams.com\/\"},{\"@type\":\"ListItem\",\"position\":2,\"name\":\"Shop\",\"item\":\"https:\/\/legitgrams.com\/shop\/\"},{\"@type\":\"ListItem\",\"position\":3,\"name\":\"Buy Cocaine Online\"}]},{\"@type\":\"WebSite\",\"@id\":\"https:\/\/legitgrams.com\/#website\",\"url\":\"https:\/\/legitgrams.com\/\",\"name\":\"Legit Grams\",\"description\":\"My WordPress Blog\",\"publisher\":{\"@id\":\"https:\/\/legitgrams.com\/#organization\"},\"potentialAction\":[{\"@type\":\"SearchAction\",\"target\":{\"@type\":\"EntryPoint\",\"urlTemplate\":\"https:\/\/legitgrams.com\/?s={search_term_string}\"},\"query-input\":{\"@type\":\"PropertyValueSpecification\",\"valueRequired\":true,\"valueName\":\"search_term_string\"}}],\"inLanguage\":\"fr-BE\"},{\"@type\":\"Organization\",\"@id\":\"https:\/\/legitgrams.com\/#organization\",\"name\":\"Legit Grams\",\"url\":\"https:\/\/legitgrams.com\/\",\"logo\":{\"@type\":\"ImageObject\",\"inLanguage\":\"fr-BE\",\"@id\":\"https:\/\/legitgrams.com\/#\/schema\/logo\/image\/\",\"url\":\"https:\/\/legitgrams.com\/wp-content\/uploads\/2024\/09\/main-logo.png\",\"contentUrl\":\"https:\/\/legitgrams.com\/wp-content\/uploads\/2024\/09\/main-logo.png\",\"width\":270,\"height\":75,\"caption\":\"Legit Grams\"},\"image\":{\"@id\":\"https:\/\/legitgrams.com\/#\/schema\/logo\/image\/\"}}]}<\/script>\n<!-- \/ Yoast SEO plugin. -->","yoast_head_json":{"title":"Coca\u00efne for Sale - Commander de la poudre de coca\u00efne en ligne au meilleur prix","description":"Notre magasin en ligne Legitgrams dispose de la meilleure qualit\u00e9 de poudre de coca\u00efne \u00e0 vendre. Si vous voulez acheter de la poudre de coca\u00efne en ligne, nous pouvons vous aider \u00e0 tous les niveaux. Commandez d\u00e8s aujourd'hui !","robots":{"index":"index","follow":"follow","max-snippet":"max-snippet:-1","max-image-preview":"max-image-preview:large","max-video-preview":"max-video-preview:-1"},"canonical":"https:\/\/legitgrams.com\/fr\/produit\/cocaine\/","og_locale":"fr_FR","og_type":"article","og_title":"Cocaine for Sale - Order Cocaine Powder Online at Best Price","og_description":"Our online Legitgrams store has the best quality Cocaine Powder for sale. If you want to buy Cocaine Powder online, then we can help you from all ends. Order today!","og_url":"https:\/\/legitgrams.com\/fr\/produit\/cocaine\/","og_site_name":"Legit Grams","article_modified_time":"2025-06-12T22:12:50+00:00","og_image":[{"width":600,"height":600,"url":"https:\/\/legitgrams.com\/wp-content\/uploads\/2024\/08\/cocaine.gif","type":"image\/gif"}],"twitter_card":"summary_large_image","twitter_misc":{"Dur\u00e9e de lecture est.":"2 minutes"},"schema":{"@context":"https:\/\/schema.org","@graph":[{"@type":"WebPage","@id":"https:\/\/legitgrams.com\/product\/cocaine\/","url":"https:\/\/legitgrams.com\/product\/cocaine\/","name":"Coca\u00efne for Sale - Commander de la poudre de coca\u00efne en ligne au meilleur prix","isPartOf":{"@id":"https:\/\/legitgrams.com\/#website"},"primaryImageOfPage":{"@id":"https:\/\/legitgrams.com\/product\/cocaine\/#primaryimage"},"image":{"@id":"https:\/\/legitgrams.com\/product\/cocaine\/#primaryimage"},"thumbnailUrl":"https:\/\/legitgrams.com\/wp-content\/uploads\/2024\/08\/cocaine.gif","datePublished":"2024-08-03T05:18:04+00:00","dateModified":"2025-06-12T22:12:50+00:00","description":"Notre magasin en ligne Legitgrams dispose de la meilleure qualit\u00e9 de poudre de coca\u00efne \u00e0 vendre. Si vous voulez acheter de la poudre de coca\u00efne en ligne, nous pouvons vous aider \u00e0 tous les niveaux. Commandez d\u00e8s aujourd'hui !","breadcrumb":{"@id":"https:\/\/legitgrams.com\/product\/cocaine\/#breadcrumb"},"inLanguage":"fr-BE","potentialAction":[{"@type":"ReadAction","target":["https:\/\/legitgrams.com\/product\/cocaine\/"]}]},{"@type":"ImageObject","inLanguage":"fr-BE","@id":"https:\/\/legitgrams.com\/product\/cocaine\/#primaryimage","url":"https:\/\/legitgrams.com\/wp-content\/uploads\/2024\/08\/cocaine.gif","contentUrl":"https:\/\/legitgrams.com\/wp-content\/uploads\/2024\/08\/cocaine.gif","width":600,"height":600,"caption":"Cocaine for Sale"},{"@type":"BreadcrumbList","@id":"https:\/\/legitgrams.com\/product\/cocaine\/#breadcrumb","itemListElement":[{"@type":"ListItem","position":1,"name":"Home","item":"https:\/\/legitgrams.com\/"},{"@type":"ListItem","position":2,"name":"Shop","item":"https:\/\/legitgrams.com\/shop\/"},{"@type":"ListItem","position":3,"name":"Buy Cocaine Online"}]},{"@type":"WebSite","@id":"https:\/\/legitgrams.com\/#website","url":"https:\/\/legitgrams.com\/","name":"Les grammes l\u00e9gitimes","description":"Mon blog WordPress","publisher":{"@id":"https:\/\/legitgrams.com\/#organization"},"potentialAction":[{"@type":"SearchAction","target":{"@type":"EntryPoint","urlTemplate":"https:\/\/legitgrams.com\/?s={search_term_string}"},"query-input":{"@type":"PropertyValueSpecification","valueRequired":true,"valueName":"search_term_string"}}],"inLanguage":"fr-BE"},{"@type":"Organization","@id":"https:\/\/legitgrams.com\/#organization","name":"Les grammes l\u00e9gitimes","url":"https:\/\/legitgrams.com\/","logo":{"@type":"ImageObject","inLanguage":"fr-BE","@id":"https:\/\/legitgrams.com\/#\/schema\/logo\/image\/","url":"https:\/\/legitgrams.com\/wp-content\/uploads\/2024\/09\/main-logo.png","contentUrl":"https:\/\/legitgrams.com\/wp-content\/uploads\/2024\/09\/main-logo.png","width":270,"height":75,"caption":"Legit Grams"},"image":{"@id":"https:\/\/legitgrams.com\/#\/schema\/logo\/image\/"}}]}},"uagb_featured_image_src":{"full":["https:\/\/legitgrams.com\/wp-content\/uploads\/2024\/08\/cocaine.gif",600,600,false],"thumbnail":["https:\/\/legitgrams.com\/wp-content\/uploads\/2024\/08\/cocaine-150x150.gif",150,150,true],"medium":["https:\/\/legitgrams.com\/wp-content\/uploads\/2024\/08\/cocaine-300x300.gif",300,300,true],"medium_large":["https:\/\/legitgrams.com\/wp-content\/uploads\/2024\/08\/cocaine.gif",600,600,false],"large":["https:\/\/legitgrams.com\/wp-content\/uploads\/2024\/08\/cocaine.gif",600,600,false],"1536x1536":["https:\/\/legitgrams.com\/wp-content\/uploads\/2024\/08\/cocaine.gif",600,600,false],"2048x2048":["https:\/\/legitgrams.com\/wp-content\/uploads\/2024\/08\/cocaine.gif",600,600,false],"trp-custom-language-flag":["https:\/\/legitgrams.com\/wp-content\/uploads\/2024\/08\/cocaine-12x12.gif",12,12,true],"woocommerce_thumbnail":["https:\/\/legitgrams.com\/wp-content\/uploads\/2024\/08\/cocaine-300x300.gif",300,300,true],"woocommerce_single":["https:\/\/legitgrams.com\/wp-content\/uploads\/2024\/08\/cocaine.gif",600,600,false],"woocommerce_gallery_thumbnail":["https:\/\/legitgrams.com\/wp-content\/uploads\/2024\/08\/cocaine-100x100.gif",100,100,true]},"uagb_author_info":{"display_name":"cokeblog18","author_link":"https:\/\/legitgrams.com\/fr\/author\/"},"uagb_comment_info":2,"uagb_excerpt":"Purchase Cocaine Online | Buy Cocaine comparable to synthetic cocaine Cocaine is one substance derived from tropane. The dopamine reuptake inhibitory action of purchase cocaine online is only slightly higher than that of cocaine when compared to medications like the similar cocaine derivative CFT and its 2\u2032-hydroxy analog salicylmethylecgonine. LegitGrams top online retailer of cocaine&hellip;","_links":{"self":[{"href":"https:\/\/legitgrams.com\/fr\/wp-json\/wp\/v2\/product\/3238","targetHints":{"allow":["GET"]}}],"collection":[{"href":"https:\/\/legitgrams.com\/fr\/wp-json\/wp\/v2\/product"}],"about":[{"href":"https:\/\/legitgrams.com\/fr\/wp-json\/wp\/v2\/types\/product"}],"replies":[{"embeddable":true,"href":"https:\/\/legitgrams.com\/fr\/wp-json\/wp\/v2\/comments?post=3238"}],"wp:featuredmedia":[{"embeddable":true,"href":"https:\/\/legitgrams.com\/fr\/wp-json\/wp\/v2\/media\/3248"}],"wp:attachment":[{"href":"https:\/\/legitgrams.com\/fr\/wp-json\/wp\/v2\/media?parent=3238"}],"wp:term":[{"taxonomy":"product_brand","embeddable":true,"href":"https:\/\/legitgrams.com\/fr\/wp-json\/wp\/v2\/product_brand?post=3238"},{"taxonomy":"product_cat","embeddable":true,"href":"https:\/\/legitgrams.com\/fr\/wp-json\/wp\/v2\/product_cat?post=3238"},{"taxonomy":"product_tag","embeddable":true,"href":"https:\/\/legitgrams.com\/fr\/wp-json\/wp\/v2\/product_tag?post=3238"}],"curies":[{"name":"wp","href":"https:\/\/api.w.org\/{rel}","templated":true}]}}