{"id":3242,"date":"2024-08-03T05:18:29","date_gmt":"2024-08-03T05:18:29","guid":{"rendered":"https:\/\/cokebricks.com\/?post_type=product&#038;p=3242"},"modified":"2026-01-10T19:28:10","modified_gmt":"2026-01-10T19:28:10","slug":"2fdck-acheter","status":"publish","type":"product","link":"https:\/\/legitgrams.com\/fr\/produit\/2fdck-acheter\/","title":{"rendered":"Acheter 2FDCK en ligne"},"content":{"rendered":"<h2>2-FDCK \u00e0 vendre chez Legit Grams<\/h2>\n<p>2fdck L'anesth\u00e9sique dissociatif 2-Fl-2\u2032-Oxo-PCM est \u00e9galement connu sous le nom de <a href=\"https:\/\/www.bing.com\/search?q=Buy+2FDCK+Online&amp;qs=n&amp;form=QBRE&amp;sp=-1&amp;lq=0&amp;pq=buy+2fdck+online&amp;sc=9-16&amp;sk=&amp;cvid=BD886A1EC0CB4EF78CCB3246D62CFD6A&amp;ghsh=0&amp;ghacc=0&amp;ghpl=\">Acheter de la fluorok\u00e9tamine, 2-FDCK<\/a>L'anesth\u00e9sique dissociatif 2-Fl-2\u2032-Oxo-PCM est \u00e9galement connu sous le nom de Buy, Fluoroketamine, 2-FDCK et 2-Fl-2\u2032-Oxo-PCM. Il s'agit de l'analogue \u00e0 base de fluor de la k\u00e9tamine, mais sans l'atome de chlore. Achetez 2-FDCK en ligne.<\/p>\n<p>Membre de la classe des arylcyclohexylamines, le 2-Fl-2\u2032-Oxo-PCM est un m\u00e9dicament dissociatif unique \u00e9galement connu sous le nom de 2-Fluorodeschloroketamine, <a href=\"https:\/\/legitgrams.com\/fr\/produit\/2fdck-acheter\/\">2-FDCK<\/a>, and, confusingly, 2-Fluroketamine, Buy <a href=\"https:\/\/en.wikipedia.org\/wiki\/2-Fluorodeschloroketamine\">2-Fluoroketamine<\/a> Online, and <a href=\"https:\/\/www.bing.com\/search?q=Buy+2FDCK+Online&amp;qs=n&amp;form=QBRE&amp;sp=-1&amp;lq=0&amp;pq=buy+2fdck+online&amp;sc=9-16&amp;sk=&amp;cvid=BD886A1EC0CB4EF78CCB3246D62CFD6A&amp;ghsh=0&amp;ghacc=0&amp;ghpl=\">2-FDCK<\/a>.<\/p>\n<p>Chemically, ketamine and <a href=\"https:\/\/www.google.com\/search?q=Buy+2FDCK+Online&amp;num=10&amp;sca_esv=1a2a07081c7891bb&amp;rlz=1C1RXQR_enIN1098IN1098&amp;sxsrf=AHTn8zoNTtLUdktkaf6nHYqZzywnu5dG8Q%3A1741251659724&amp;ei=S2TJZ_P0K8i_juMPg4GL4Q8&amp;ved=0ahUKEwizxpH1i_WLAxXIn2MGHYPAIvwQ4dUDCBA&amp;uact=5&amp;oq=Buy+2FDCK+Online&amp;gs_lp=Egxnd3Mtd2l6LXNlcnAiEEJ1eSAyRkRDSyBPbmxpbmVItgdQqANYqANwAngAkAEAmAGXAaABlwGqAQMwLjG4AQPIAQD4AQL4AQGYAgCgAgCYAwCIBgGSBwCgB0Q&amp;sclient=gws-wiz-serp\">deschloroketamine are linked (DCK)<\/a>. Although there are little studies on it, it is thought to function as an antagonist of NMDA receptors. Arylcyclohexylamines have a structure with <a href=\"https:\/\/www.google.com\/search?q=Buy+2FDCK+Online&amp;num=10&amp;sca_esv=1a2a07081c7891bb&amp;rlz=1C1RXQR_enIN1098IN1098&amp;sxsrf=AHTn8zoNTtLUdktkaf6nHYqZzywnu5dG8Q%3A1741251659724&amp;ei=S2TJZ_P0K8i_juMPg4GL4Q8&amp;ved=0ahUKEwizxpH1i_WLAxXIn2MGHYPAIvwQ4dUDCBA&amp;uact=5&amp;oq=Buy+2FDCK+Online&amp;gs_lp=Egxnd3Mtd2l6LXNlcnAiEEJ1eSAyRkRDSyBPbmxpbmVItgdQqANYqANwAngAkAEAmAGXAaABlwGqAQMwLjG4AQPIAQD4AQL4AQGYAgCgAgCYAwCIBgGSBwCgB0Q&amp;sclient=gws-wiz-serp\">2-FDCK<\/a>, which is based on the bonding of an amine group and an aromatic ring to a cyclohexane ring.<\/p>\n<p>Your greatest option for <a href=\"https:\/\/www.google.com\/search?q=Buy+2FDCK+Online&amp;num=10&amp;sca_esv=1a2a07081c7891bb&amp;rlz=1C1RXQR_enIN1098IN1098&amp;sxsrf=AHTn8zoNTtLUdktkaf6nHYqZzywnu5dG8Q%3A1741251659724&amp;ei=S2TJZ_P0K8i_juMPg4GL4Q8&amp;ved=0ahUKEwizxpH1i_WLAxXIn2MGHYPAIvwQ4dUDCBA&amp;uact=5&amp;oq=Buy+2FDCK+Online&amp;gs_lp=Egxnd3Mtd2l6LXNlcnAiEEJ1eSAyRkRDSyBPbmxpbmVItgdQqANYqANwAngAkAEAmAGXAaABlwGqAQMwLjG4AQPIAQD4AQL4AQGYAgCgAgCYAwCIBgGSBwCgB0Q&amp;sclient=gws-wiz-serp\">purchasing 2-FDCK online<\/a> is <a href=\"https:\/\/legitgrams.com\/fr\/\">LegitGrams<\/a>!<\/p>\n<h3>Quelle est la proc\u00e9dure d'achat de 2fdck ?<\/h3>\n<p>Notre interface utilisateur est facile \u00e0 utiliser et incroyablement r\u00e9active.<\/p>\n<h3>Comment proc\u00e9der pour acheter 2fdck ?<\/h3>\n<p>Notre interface utilisateur est incroyablement rapide, facile \u00e0 utiliser et efficace. Nous livrons dans tous les pays, permettant ainsi \u00e0 chacun d'acheter nos produits partout dans le monde. Forts de nombreuses ann\u00e9es d'exp\u00e9rience dans l'industrie chimique, nous sommes un fournisseur fiable et digne de confiance. <a href=\"https:\/\/duckduckgo.com\/?q=Buy+2FDCK+Online&amp;t=h_&amp;ia=web\">2FDCK<\/a>. Simply sign in, look for the item, add it to your cart, and finish the checkout procedure. Just give us the information we need, such as your address or the location where you want it sent, and we&#8217;ll securely send it there while completing the required transaction. Purchase 2fdck in the US.<\/p>\n<h3>Quel est l'\u00e2ge id\u00e9al pour acheter des produits 2fdck en ligne ?<\/h3>\n<p>Pour <a href=\"https:\/\/duckduckgo.com\/?q=Buy+2FDCK+Online&amp;t=h_&amp;ia=web\">purchase 2fdck online<\/a>, you must be at least eighteen years old.<\/p>\n<p>Le service d'assistance est disponible pour vous aider et r\u00e9pondre \u00e0 vos demandes 24 heures sur 24, tous les jours de la semaine. Achetez 2fdck \u00e0 un prix r\u00e9duit.s<\/p>\n<h3>Quels sont les avantages de 2fdck ?<\/h3>\n<p>peut aider \u00e0 r\u00e9duire momentan\u00e9ment le stress, l\u2019anxi\u00e9t\u00e9 et la d\u00e9pression.<br \/>\nIt helps prevent suicide because it acts immediately.<\/p>\n<p>beneficial for boosting neuroplasticity<\/p>\n<h3>Quelles sont les cons\u00e9quences de 2fdck ?<\/h3>\n<p>S\u2019il est utilis\u00e9 fr\u00e9quemment, il pourrait devenir neurotoxique.<\/p>\n<p>pourrait nuire \u00e0 votre m\u00e9moire si vous l\u2019utilisez fr\u00e9quemment ou de mani\u00e8re persistante.<\/p>\n<p>pourrait nuire \u00e0 vos reins.<\/p>\n<p>2. The accessibility of FDCK<\/p>\n<p>Pour obtenir le meilleur 2-FDCK \u00e0 vendre, choisissez entre 500 mg, 1 mg, 2 mg, 5 mg, 10 mg, 20 mg et 50 mg.<\/p>\n<p>Conditions of storage for 2-FDCK<\/p>\n<p>Upon receipt of your 2-FDCK item,<\/p>\n<p>Keep your 2-FDCK item away of direct sunlight, dry, and between 20 and 25 degrees Celsius after it arrives.<\/p>\n<p>degrees Celsius. It is advised to use a vacuum sealing mechanism to maintain the highest possible 2-FDCK quality. If you have any questions, don&#8217;t be afraid to contact us.<\/p>\n<p>Keeping your 2-FDCK in check<\/p>\n<p>The use of great caution is strongly advised when handling your 2-FDCK hydrochloride. Think of wearing an FFP-2 mask or gloves.<\/p>\n<h3>O\u00f9 est-il l\u00e9gal d'acheter du 2-FDCK en ligne ?<\/h3>\n<p>Nous avons des substances de recherche comme le 2-FDCK sur notre site Web Coke Bricks. Chacune de nos ressources de recherche est examin\u00e9e et test\u00e9e avant d'\u00eatre mise en vente. Pour notre 2-FDCK, il n'existe aucun autre moyen de garantir la meilleure qualit\u00e9 possible.<\/p>\n<p>N'h\u00e9sitez pas \u00e0 nous contacter si vous avez besoin d'aide ou de r\u00e9sultats suppl\u00e9mentaires, n'h\u00e9sitez pas \u00e0 nous contacter. 2. Nous proposons des versions buvard et pastilles de plusieurs autres compos\u00e9s de recherche, mais nous ne proposons que de la poudre FDCK.<\/p>\n<p>Nous proposons une large gamme de produits hautement efficaces pour r\u00e9pondre \u00e0 vos besoins en produits chimiques de recherche. Depuis notre lancement, nous avons continu\u00e9 \u00e0 occuper notre position de fournisseur de premier plan sur le march\u00e9. Remplissez votre commande 2-FDCK en ligne pour garantir que vous recevrez votre colis dans les plus brefs d\u00e9lais.<\/p>\n<h3>Pourquoi acheter 2fdck LegitGrams ?<\/h3>\n<p>Nous ne fournissons que les meilleurs produits disponibles et nos prix sont comp\u00e9titifs. Nous offrons \u00e9galement un excellent service client et nous sommes toujours l\u00e0 pour vous aider en cas de probl\u00e8me ou pour r\u00e9pondre \u00e0 vos questions. Achetez l\u00e9galement le produit chimique de recherche 2fdck en ligne.<\/p>\n<p>Contactez-nous d\u00e8s maintenant et dites-nous comment nous pouvons vous aider si vous avez encore des doutes. Nous serons ravis de r\u00e9pondre \u00e0 toutes vos questions.<\/p>\n<p>&nbsp;<\/p>\n<p>&nbsp;<\/p>\n<p>&nbsp;<\/p>\n<p>&nbsp;<\/p>\n<p>&nbsp;<\/p>","protected":false},"excerpt":{"rendered":"<p>2-FDCK @ Legit Grams for Sale 2fdck The dissociative anesthetic 2-Fl-2\u2032-Oxo-PCM is also known as Buy Fluoroketamine, 2-FDCK, and 2-Fl-2\u2032-Oxo-PCM. It is ketamine&#8217;s fluorine-based analog, however without the chlorine atom. Purchase 2-FDCK online. Member of the arylcyclohexylamine class, 2-Fl-2\u2032-Oxo-PCM is a unique dissociative medication that is also known as 2-Fluorodeschloroketamine, 2-FDCK, and, confusingly, 2-Fluroketamine, Buy &hellip;<\/p>\n<p class=\"read-more\"> <a class=\"\" href=\"https:\/\/legitgrams.com\/fr\/produit\/2fdck-acheter\/\"> <span class=\"screen-reader-text\">Acheter 2FDCK en ligne<\/span> Lire la suite \"<\/a><\/p>","protected":false},"featured_media":3250,"comment_status":"open","ping_status":"closed","template":"","meta":{"_uag_custom_page_level_css":"","site-sidebar-layout":"default","site-content-layout":"default","ast-global-header-display":"","ast-main-header-display":"","ast-hfb-above-header-display":"","ast-hfb-below-header-display":"","ast-hfb-mobile-header-display":"","site-post-title":"","ast-breadcrumbs-content":"","ast-featured-img":"","footer-sml-layout":"","theme-transparent-header-meta":"default","adv-header-id-meta":"","stick-header-meta":"default","header-above-stick-meta":"","header-main-stick-meta":"","header-below-stick-meta":"","_joinchat":[]},"product_brand":[],"product_cat":[190],"product_tag":[558,559,560,561,562,563,564,565,566,567,568,569,570,571,572,573],"class_list":{"0":"post-3242","1":"product","2":"type-product","3":"status-publish","4":"has-post-thumbnail","6":"product_cat-cannabinoids","7":"product_tag-2-fdck-australia","8":"product_tag-2-fdck-canada","9":"product_tag-2-fdck-for-sale-brazil","10":"product_tag-2-fdck-germany","11":"product_tag-2-fdck-mexico","12":"product_tag-2-fdck-russia","13":"product_tag-2-fdck-uk","14":"product_tag-2-fdck-usa","15":"product_tag-2-fluorodeschloroketamine","16":"product_tag-2fdck","17":"product_tag-best-ketamine-dispensary","18":"product_tag-buy-2fdck","19":"product_tag-buy-2fdck-2-fluorodeschloroketamine","20":"product_tag-buy-ketamine-online","21":"product_tag-for-sale-2-fdck","22":"product_tag-ketamine-for-sale","23":"desktop-align-left","24":"tablet-align-left","25":"mobile-align-left","26":"ast-product-gallery-layout-horizontal","27":"ast-product-gallery-with-no-image","28":"ast-product-single-variable","29":"ast-product-tabs-layout-horizontal","30":"ast-qv-on-image","32":"first","33":"instock","34":"featured","35":"shipping-taxable","36":"purchasable","37":"product-type-variable"},"yoast_head":"<!-- This site is optimized with the Yoast SEO plugin v25.9 - https:\/\/yoast.com\/wordpress\/plugins\/seo\/ -->\n<title>2-FDCK for Sale - Buy 2-FDCK Crystal Online | LegitGrams<\/title>\n<meta name=\"description\" content=\"If you wish to buy 2-FDCK crystal online our LegitGrams store can help. We have 2-FDCK for sale at the best rates here. Save More on 2-FDCK with our latest promotions. Shop Now!\" \/>\n<meta name=\"robots\" content=\"index, follow, max-snippet:-1, max-image-preview:large, max-video-preview:-1\" \/>\n<link rel=\"canonical\" href=\"https:\/\/legitgrams.com\/fr\/produit\/2fdck-acheter\/\" \/>\n<meta property=\"og:locale\" content=\"fr_FR\" \/>\n<meta property=\"og:type\" content=\"article\" \/>\n<meta property=\"og:title\" content=\"2-FDCK for Sale - Buy 2-FDCK Crystal Online | LegitGrams\" \/>\n<meta property=\"og:description\" content=\"If you wish to buy 2-FDCK crystal online our LegitGrams store can help. We have 2-FDCK for sale at the best rates here. Save More on 2-FDCK with our latest promotions. Shop Now!\" \/>\n<meta property=\"og:url\" content=\"https:\/\/legitgrams.com\/fr\/produit\/2fdck-acheter\/\" \/>\n<meta property=\"og:site_name\" content=\"Legit Grams\" \/>\n<meta property=\"article:modified_time\" content=\"2026-01-10T19:28:10+00:00\" \/>\n<meta property=\"og:image\" content=\"https:\/\/legitgrams.com\/wp-content\/uploads\/2024\/08\/2fdck-new.gif\" \/>\n\t<meta property=\"og:image:width\" content=\"600\" \/>\n\t<meta property=\"og:image:height\" content=\"600\" \/>\n\t<meta property=\"og:image:type\" content=\"image\/gif\" \/>\n<meta name=\"twitter:card\" content=\"summary_large_image\" \/>\n<meta name=\"twitter:label1\" content=\"Dur\u00e9e de lecture est.\" \/>\n\t<meta name=\"twitter:data1\" content=\"4 minutes\" \/>\n<script type=\"application\/ld+json\" class=\"yoast-schema-graph\">{\"@context\":\"https:\/\/schema.org\",\"@graph\":[{\"@type\":\"WebPage\",\"@id\":\"https:\/\/legitgrams.com\/product\/2fdck\/\",\"url\":\"https:\/\/legitgrams.com\/product\/2fdck\/\",\"name\":\"2-FDCK for Sale - Buy 2-FDCK Crystal Online | LegitGrams\",\"isPartOf\":{\"@id\":\"https:\/\/legitgrams.com\/#website\"},\"primaryImageOfPage\":{\"@id\":\"https:\/\/legitgrams.com\/product\/2fdck\/#primaryimage\"},\"image\":{\"@id\":\"https:\/\/legitgrams.com\/product\/2fdck\/#primaryimage\"},\"thumbnailUrl\":\"https:\/\/legitgrams.com\/wp-content\/uploads\/2024\/08\/2fdck-new.gif\",\"datePublished\":\"2024-08-03T05:18:29+00:00\",\"dateModified\":\"2026-01-10T19:28:10+00:00\",\"description\":\"If you wish to buy 2-FDCK crystal online our LegitGrams store can help. We have 2-FDCK for sale at the best rates here. Save More on 2-FDCK with our latest promotions. Shop Now!\",\"breadcrumb\":{\"@id\":\"https:\/\/legitgrams.com\/product\/2fdck\/#breadcrumb\"},\"inLanguage\":\"fr-BE\",\"potentialAction\":[{\"@type\":\"ReadAction\",\"target\":[\"https:\/\/legitgrams.com\/product\/2fdck\/\"]}]},{\"@type\":\"ImageObject\",\"inLanguage\":\"fr-BE\",\"@id\":\"https:\/\/legitgrams.com\/product\/2fdck\/#primaryimage\",\"url\":\"https:\/\/legitgrams.com\/wp-content\/uploads\/2024\/08\/2fdck-new.gif\",\"contentUrl\":\"https:\/\/legitgrams.com\/wp-content\/uploads\/2024\/08\/2fdck-new.gif\",\"width\":600,\"height\":600,\"caption\":\"2-FDCK for Sale\"},{\"@type\":\"BreadcrumbList\",\"@id\":\"https:\/\/legitgrams.com\/product\/2fdck\/#breadcrumb\",\"itemListElement\":[{\"@type\":\"ListItem\",\"position\":1,\"name\":\"Home\",\"item\":\"https:\/\/legitgrams.com\/\"},{\"@type\":\"ListItem\",\"position\":2,\"name\":\"Shop\",\"item\":\"https:\/\/legitgrams.com\/shop\/\"},{\"@type\":\"ListItem\",\"position\":3,\"name\":\"Buy 2FDCK Online\"}]},{\"@type\":\"WebSite\",\"@id\":\"https:\/\/legitgrams.com\/#website\",\"url\":\"https:\/\/legitgrams.com\/\",\"name\":\"Legit Grams\",\"description\":\"My WordPress Blog\",\"publisher\":{\"@id\":\"https:\/\/legitgrams.com\/#organization\"},\"potentialAction\":[{\"@type\":\"SearchAction\",\"target\":{\"@type\":\"EntryPoint\",\"urlTemplate\":\"https:\/\/legitgrams.com\/?s={search_term_string}\"},\"query-input\":{\"@type\":\"PropertyValueSpecification\",\"valueRequired\":true,\"valueName\":\"search_term_string\"}}],\"inLanguage\":\"fr-BE\"},{\"@type\":\"Organization\",\"@id\":\"https:\/\/legitgrams.com\/#organization\",\"name\":\"Legit Grams\",\"url\":\"https:\/\/legitgrams.com\/\",\"logo\":{\"@type\":\"ImageObject\",\"inLanguage\":\"fr-BE\",\"@id\":\"https:\/\/legitgrams.com\/#\/schema\/logo\/image\/\",\"url\":\"https:\/\/legitgrams.com\/wp-content\/uploads\/2024\/09\/main-logo.png\",\"contentUrl\":\"https:\/\/legitgrams.com\/wp-content\/uploads\/2024\/09\/main-logo.png\",\"width\":270,\"height\":75,\"caption\":\"Legit Grams\"},\"image\":{\"@id\":\"https:\/\/legitgrams.com\/#\/schema\/logo\/image\/\"}}]}<\/script>\n<!-- \/ Yoast SEO plugin. -->","yoast_head_json":{"title":"2-FDCK \u00e0 vendre - Acheter 2-FDCK Crystal en ligne | LegitGrams","description":"Si vous souhaitez acheter du cristal 2-FDCK en ligne, notre boutique LegitGrams peut vous aider. Nous avons 2-FDCK en vente aux meilleurs prix ici. \u00c9conomisez plus sur 2-FDCK avec nos derni\u00e8res promotions. Achetez maintenant !","robots":{"index":"index","follow":"follow","max-snippet":"max-snippet:-1","max-image-preview":"max-image-preview:large","max-video-preview":"max-video-preview:-1"},"canonical":"https:\/\/legitgrams.com\/fr\/produit\/2fdck-acheter\/","og_locale":"fr_FR","og_type":"article","og_title":"2-FDCK for Sale - Buy 2-FDCK Crystal Online | LegitGrams","og_description":"If you wish to buy 2-FDCK crystal online our LegitGrams store can help. We have 2-FDCK for sale at the best rates here. Save More on 2-FDCK with our latest promotions. Shop Now!","og_url":"https:\/\/legitgrams.com\/fr\/produit\/2fdck-acheter\/","og_site_name":"Legit Grams","article_modified_time":"2026-01-10T19:28:10+00:00","og_image":[{"width":600,"height":600,"url":"https:\/\/legitgrams.com\/wp-content\/uploads\/2024\/08\/2fdck-new.gif","type":"image\/gif"}],"twitter_card":"summary_large_image","twitter_misc":{"Dur\u00e9e de lecture est.":"4 minutes"},"schema":{"@context":"https:\/\/schema.org","@graph":[{"@type":"WebPage","@id":"https:\/\/legitgrams.com\/product\/2fdck\/","url":"https:\/\/legitgrams.com\/product\/2fdck\/","name":"2-FDCK \u00e0 vendre - Acheter 2-FDCK Crystal en ligne | LegitGrams","isPartOf":{"@id":"https:\/\/legitgrams.com\/#website"},"primaryImageOfPage":{"@id":"https:\/\/legitgrams.com\/product\/2fdck\/#primaryimage"},"image":{"@id":"https:\/\/legitgrams.com\/product\/2fdck\/#primaryimage"},"thumbnailUrl":"https:\/\/legitgrams.com\/wp-content\/uploads\/2024\/08\/2fdck-new.gif","datePublished":"2024-08-03T05:18:29+00:00","dateModified":"2026-01-10T19:28:10+00:00","description":"Si vous souhaitez acheter du cristal 2-FDCK en ligne, notre boutique LegitGrams peut vous aider. Nous avons 2-FDCK en vente aux meilleurs prix ici. \u00c9conomisez plus sur 2-FDCK avec nos derni\u00e8res promotions. Achetez maintenant !","breadcrumb":{"@id":"https:\/\/legitgrams.com\/product\/2fdck\/#breadcrumb"},"inLanguage":"fr-BE","potentialAction":[{"@type":"ReadAction","target":["https:\/\/legitgrams.com\/product\/2fdck\/"]}]},{"@type":"ImageObject","inLanguage":"fr-BE","@id":"https:\/\/legitgrams.com\/product\/2fdck\/#primaryimage","url":"https:\/\/legitgrams.com\/wp-content\/uploads\/2024\/08\/2fdck-new.gif","contentUrl":"https:\/\/legitgrams.com\/wp-content\/uploads\/2024\/08\/2fdck-new.gif","width":600,"height":600,"caption":"2-FDCK for Sale"},{"@type":"BreadcrumbList","@id":"https:\/\/legitgrams.com\/product\/2fdck\/#breadcrumb","itemListElement":[{"@type":"ListItem","position":1,"name":"Home","item":"https:\/\/legitgrams.com\/"},{"@type":"ListItem","position":2,"name":"Shop","item":"https:\/\/legitgrams.com\/shop\/"},{"@type":"ListItem","position":3,"name":"Buy 2FDCK Online"}]},{"@type":"WebSite","@id":"https:\/\/legitgrams.com\/#website","url":"https:\/\/legitgrams.com\/","name":"Les grammes l\u00e9gitimes","description":"Mon blog WordPress","publisher":{"@id":"https:\/\/legitgrams.com\/#organization"},"potentialAction":[{"@type":"SearchAction","target":{"@type":"EntryPoint","urlTemplate":"https:\/\/legitgrams.com\/?s={search_term_string}"},"query-input":{"@type":"PropertyValueSpecification","valueRequired":true,"valueName":"search_term_string"}}],"inLanguage":"fr-BE"},{"@type":"Organization","@id":"https:\/\/legitgrams.com\/#organization","name":"Les grammes l\u00e9gitimes","url":"https:\/\/legitgrams.com\/","logo":{"@type":"ImageObject","inLanguage":"fr-BE","@id":"https:\/\/legitgrams.com\/#\/schema\/logo\/image\/","url":"https:\/\/legitgrams.com\/wp-content\/uploads\/2024\/09\/main-logo.png","contentUrl":"https:\/\/legitgrams.com\/wp-content\/uploads\/2024\/09\/main-logo.png","width":270,"height":75,"caption":"Legit Grams"},"image":{"@id":"https:\/\/legitgrams.com\/#\/schema\/logo\/image\/"}}]}},"uagb_featured_image_src":{"full":["https:\/\/legitgrams.com\/wp-content\/uploads\/2024\/08\/2fdck-new.gif",600,600,false],"thumbnail":["https:\/\/legitgrams.com\/wp-content\/uploads\/2024\/08\/2fdck-new-150x150.gif",150,150,true],"medium":["https:\/\/legitgrams.com\/wp-content\/uploads\/2024\/08\/2fdck-new-300x300.gif",300,300,true],"medium_large":["https:\/\/legitgrams.com\/wp-content\/uploads\/2024\/08\/2fdck-new.gif",600,600,false],"large":["https:\/\/legitgrams.com\/wp-content\/uploads\/2024\/08\/2fdck-new.gif",600,600,false],"1536x1536":["https:\/\/legitgrams.com\/wp-content\/uploads\/2024\/08\/2fdck-new.gif",600,600,false],"2048x2048":["https:\/\/legitgrams.com\/wp-content\/uploads\/2024\/08\/2fdck-new.gif",600,600,false],"trp-custom-language-flag":["https:\/\/legitgrams.com\/wp-content\/uploads\/2024\/08\/2fdck-new-12x12.gif",12,12,true],"woocommerce_thumbnail":["https:\/\/legitgrams.com\/wp-content\/uploads\/2024\/08\/2fdck-new-300x300.gif",300,300,true],"woocommerce_single":["https:\/\/legitgrams.com\/wp-content\/uploads\/2024\/08\/2fdck-new.gif",600,600,false],"woocommerce_gallery_thumbnail":["https:\/\/legitgrams.com\/wp-content\/uploads\/2024\/08\/2fdck-new-100x100.gif",100,100,true]},"uagb_author_info":{"display_name":"cokeblog18","author_link":"https:\/\/legitgrams.com\/fr\/author\/"},"uagb_comment_info":2,"uagb_excerpt":"2-FDCK @ Legit Grams for Sale 2fdck The dissociative anesthetic 2-Fl-2\u2032-Oxo-PCM is also known as Buy Fluoroketamine, 2-FDCK, and 2-Fl-2\u2032-Oxo-PCM. It is ketamine&#8217;s fluorine-based analog, however without the chlorine atom. Purchase 2-FDCK online. Member of the arylcyclohexylamine class, 2-Fl-2\u2032-Oxo-PCM is a unique dissociative medication that is also known as 2-Fluorodeschloroketamine, 2-FDCK, and, confusingly, 2-Fluroketamine, Buy&hellip;","_links":{"self":[{"href":"https:\/\/legitgrams.com\/fr\/wp-json\/wp\/v2\/product\/3242","targetHints":{"allow":["GET"]}}],"collection":[{"href":"https:\/\/legitgrams.com\/fr\/wp-json\/wp\/v2\/product"}],"about":[{"href":"https:\/\/legitgrams.com\/fr\/wp-json\/wp\/v2\/types\/product"}],"replies":[{"embeddable":true,"href":"https:\/\/legitgrams.com\/fr\/wp-json\/wp\/v2\/comments?post=3242"}],"wp:featuredmedia":[{"embeddable":true,"href":"https:\/\/legitgrams.com\/fr\/wp-json\/wp\/v2\/media\/3250"}],"wp:attachment":[{"href":"https:\/\/legitgrams.com\/fr\/wp-json\/wp\/v2\/media?parent=3242"}],"wp:term":[{"taxonomy":"product_brand","embeddable":true,"href":"https:\/\/legitgrams.com\/fr\/wp-json\/wp\/v2\/product_brand?post=3242"},{"taxonomy":"product_cat","embeddable":true,"href":"https:\/\/legitgrams.com\/fr\/wp-json\/wp\/v2\/product_cat?post=3242"},{"taxonomy":"product_tag","embeddable":true,"href":"https:\/\/legitgrams.com\/fr\/wp-json\/wp\/v2\/product_tag?post=3242"}],"curies":[{"name":"wp","href":"https:\/\/api.w.org\/{rel}","templated":true}]}}