{"id":3244,"date":"2024-08-03T05:18:51","date_gmt":"2024-08-03T05:18:51","guid":{"rendered":"https:\/\/cokebricks.com\/?post_type=product&#038;p=3244"},"modified":"2025-01-15T05:34:47","modified_gmt":"2025-01-15T05:34:47","slug":"sergent-78","status":"publish","type":"product","link":"https:\/\/legitgrams.com\/fr\/produit\/sergent-78\/","title":{"rendered":"Sgt-78"},"content":{"rendered":"<h2>Achetez SGT-78 EN LIGNE<\/h2>\n<p>Acheter SGT-78 sur internet. Le SGT-78 est l'un des cannabino\u00efdes dont la sp\u00e9cificit\u00e9 est relativement faible. N\u00e9anmoins, chez les sujets test\u00e9s, ils sont de puissants agonistes des r\u00e9cepteurs CB1 et CB2.<\/p>\n<p>Chimiquement parlant, <a href=\"https:\/\/legitgrams.com\/fr\/produit\/sergent-78\/\">SGT-78<\/a> est comparable \u00e0 <a href=\"https:\/\/en.wikipedia.org\/wiki\/CUMYL-4CN-BINACA\">5F-Cumyl-PINACA<\/a> \u00e0 l'exception de la cha\u00eene alkyle qui se termine par un groupe cyano. On ne sait pas exactement quelle quantit\u00e9 de cette substance peut se transformer en cyanure chez les sujets vivants.<\/p>\n<p>S'il est conserv\u00e9 correctement, ce produit devrait conserver toute sa puissance pendant au moins deux ans. Il doit \u00eatre conserv\u00e9 dans un endroit frais et sec. Profil de drogue du cannabis l\u00e9gal.<\/p>\n<p>Cette substance n'est pas destin\u00e9e \u00e0 \u00eatre ing\u00e9r\u00e9e par l'homme. En outre, elle ne doit pas \u00eatre manipul\u00e9e par des personnes inexp\u00e9riment\u00e9es ou sans l'\u00e9quipement de s\u00e9curit\u00e9 n\u00e9cessaire. Elle est propos\u00e9e exclusivement pour un usage en laboratoire en tant que produit chimique de recherche. <a href=\"https:\/\/legitgrams.com\/fr\/\">LegitGrams<\/a><\/p>\n<h3>Acheter SGT-78 Scientific en ligne<\/h3>\n<p>Dans une publication r\u00e9cente parue dans \"Boondocks in Pharmacology\", des chercheurs ont examin\u00e9 les effets du SGT-78 sur des souris. Ils ont d\u00e9couvert qu'il peut avoir des effets convulsifs et provoquer une r\u00e9action hypothermique parce qu'il se lie fortement aux r\u00e9cepteurs CB1. Les experts ont \u00e9mis l'hypoth\u00e8se que ces effets se produisaient \u00e0 une concentration inf\u00e9rieure \u00e0 celle de n'importe quel autre cannabino\u00efde synth\u00e9tique, ce qui indique que le SGT-78 a une puissance particuli\u00e8rement \u00e9lev\u00e9e dans le syst\u00e8me endocannabino\u00efde.<\/p>\n<p>&nbsp;<\/p>","protected":false},"excerpt":{"rendered":"<p>Purchase SGT-78 ONLINE Purchase SGT-78 via the internet. SGT-78 is one of the cannabinoids with a relatively low specificity. Nonetheless, in test subjects, they are potent agonists of both CB1 and CB2 receptors. Chemically speaking, SGT-78 is comparable to 5F-Cumyl-PINACA with the exception that the alkyl chain ends in a cyano group. It is unclear &hellip;<\/p>\n<p class=\"read-more\"> <a class=\"\" href=\"https:\/\/legitgrams.com\/fr\/produit\/sergent-78\/\"> <span class=\"screen-reader-text\">Sgt-78<\/span> Lire la suite \"<\/a><\/p>","protected":false},"featured_media":3255,"comment_status":"open","ping_status":"closed","template":"","meta":{"_uag_custom_page_level_css":"","site-sidebar-layout":"default","site-content-layout":"default","ast-global-header-display":"","ast-main-header-display":"","ast-hfb-above-header-display":"","ast-hfb-below-header-display":"","ast-hfb-mobile-header-display":"","site-post-title":"","ast-breadcrumbs-content":"","ast-featured-img":"","footer-sml-layout":"","theme-transparent-header-meta":"default","adv-header-id-meta":"","stick-header-meta":"default","header-above-stick-meta":"","header-main-stick-meta":"","header-below-stick-meta":"","_joinchat":[]},"product_brand":[],"product_cat":[190],"product_tag":[488,489,490,435,491,465,466,237,461,467],"class_list":{"0":"post-3244","1":"product","2":"type-product","3":"status-publish","4":"has-post-thumbnail","6":"product_cat-cannabinoids","7":"product_tag-4-cyano-cumyl-butinaca-effects","8":"product_tag-4-cyano-cumyl-butinaca-drug-test","9":"product_tag-4cn-binaca-adb","10":"product_tag-4f-mdmb-binaca","11":"product_tag-5f-mdmb-2201-cannabinoid","12":"product_tag-5f-cumyl-p7aica","13":"product_tag-5f-cumyl-pinaca","14":"product_tag-5f-mdmb-2201","15":"product_tag-5f-mdmb-2201-cayman","16":"product_tag-cumyl-cb-pinaca","17":"desktop-align-left","18":"tablet-align-left","19":"mobile-align-left","20":"ast-product-gallery-layout-horizontal","21":"ast-product-gallery-with-no-image","22":"ast-product-single-variable","23":"ast-product-tabs-layout-horizontal","24":"ast-qv-on-image","26":"first","27":"instock","28":"shipping-taxable","29":"purchasable","30":"product-type-variable"},"yoast_head":"<!-- This site is optimized with the Yoast SEO plugin v25.9 - https:\/\/yoast.com\/wordpress\/plugins\/seo\/ -->\n<title>Sgt-78 Powder for Sale - Buy Sgt-78 Online with Fastest Shipping<\/title>\n<meta name=\"description\" content=\"If you want to buy Sgt-78 powder online and looking for a reliable online store, then buy here. We offer only high-quality Sgt-78 for sale at an affordable price. Order Sgt-78 Now!\" \/>\n<meta name=\"robots\" content=\"index, follow, max-snippet:-1, max-image-preview:large, max-video-preview:-1\" \/>\n<link rel=\"canonical\" href=\"https:\/\/legitgrams.com\/fr\/produit\/sergent-78\/\" \/>\n<meta property=\"og:locale\" content=\"fr_FR\" \/>\n<meta property=\"og:type\" content=\"article\" \/>\n<meta property=\"og:title\" content=\"Sgt-78 Powder for Sale - Buy Sgt-78 Online with Fastest Shipping\" \/>\n<meta property=\"og:description\" content=\"If you want to buy Sgt-78 powder online and looking for a reliable online store, then buy here. We offer only high-quality Sgt-78 for sale at an affordable price. Order Sgt-78 Now!\" \/>\n<meta property=\"og:url\" content=\"https:\/\/legitgrams.com\/fr\/produit\/sergent-78\/\" \/>\n<meta property=\"og:site_name\" content=\"Legit Grams\" \/>\n<meta property=\"article:modified_time\" content=\"2025-01-15T05:34:47+00:00\" \/>\n<meta property=\"og:image\" content=\"https:\/\/legitgrams.com\/wp-content\/uploads\/2024\/08\/Sgt-78.gif\" \/>\n\t<meta property=\"og:image:width\" content=\"600\" \/>\n\t<meta property=\"og:image:height\" content=\"600\" \/>\n\t<meta property=\"og:image:type\" content=\"image\/gif\" \/>\n<meta name=\"twitter:card\" content=\"summary_large_image\" \/>\n<meta name=\"twitter:label1\" content=\"Dur\u00e9e de lecture est.\" \/>\n\t<meta name=\"twitter:data1\" content=\"2 minutes\" \/>\n<script type=\"application\/ld+json\" class=\"yoast-schema-graph\">{\"@context\":\"https:\/\/schema.org\",\"@graph\":[{\"@type\":\"WebPage\",\"@id\":\"https:\/\/legitgrams.com\/product\/sgt-78\/\",\"url\":\"https:\/\/legitgrams.com\/product\/sgt-78\/\",\"name\":\"Sgt-78 Powder for Sale - Buy Sgt-78 Online with Fastest Shipping\",\"isPartOf\":{\"@id\":\"https:\/\/legitgrams.com\/#website\"},\"primaryImageOfPage\":{\"@id\":\"https:\/\/legitgrams.com\/product\/sgt-78\/#primaryimage\"},\"image\":{\"@id\":\"https:\/\/legitgrams.com\/product\/sgt-78\/#primaryimage\"},\"thumbnailUrl\":\"https:\/\/legitgrams.com\/wp-content\/uploads\/2024\/08\/Sgt-78.gif\",\"datePublished\":\"2024-08-03T05:18:51+00:00\",\"dateModified\":\"2025-01-15T05:34:47+00:00\",\"description\":\"If you want to buy Sgt-78 powder online and looking for a reliable online store, then buy here. We offer only high-quality Sgt-78 for sale at an affordable price. Order Sgt-78 Now!\",\"breadcrumb\":{\"@id\":\"https:\/\/legitgrams.com\/product\/sgt-78\/#breadcrumb\"},\"inLanguage\":\"fr-BE\",\"potentialAction\":[{\"@type\":\"ReadAction\",\"target\":[\"https:\/\/legitgrams.com\/product\/sgt-78\/\"]}]},{\"@type\":\"ImageObject\",\"inLanguage\":\"fr-BE\",\"@id\":\"https:\/\/legitgrams.com\/product\/sgt-78\/#primaryimage\",\"url\":\"https:\/\/legitgrams.com\/wp-content\/uploads\/2024\/08\/Sgt-78.gif\",\"contentUrl\":\"https:\/\/legitgrams.com\/wp-content\/uploads\/2024\/08\/Sgt-78.gif\",\"width\":600,\"height\":600,\"caption\":\"Sgt-78 Powder for Sale\"},{\"@type\":\"BreadcrumbList\",\"@id\":\"https:\/\/legitgrams.com\/product\/sgt-78\/#breadcrumb\",\"itemListElement\":[{\"@type\":\"ListItem\",\"position\":1,\"name\":\"Home\",\"item\":\"https:\/\/legitgrams.com\/\"},{\"@type\":\"ListItem\",\"position\":2,\"name\":\"Shop\",\"item\":\"https:\/\/legitgrams.com\/shop\/\"},{\"@type\":\"ListItem\",\"position\":3,\"name\":\"Sgt-78\"}]},{\"@type\":\"WebSite\",\"@id\":\"https:\/\/legitgrams.com\/#website\",\"url\":\"https:\/\/legitgrams.com\/\",\"name\":\"Legit Grams\",\"description\":\"My WordPress Blog\",\"publisher\":{\"@id\":\"https:\/\/legitgrams.com\/#organization\"},\"potentialAction\":[{\"@type\":\"SearchAction\",\"target\":{\"@type\":\"EntryPoint\",\"urlTemplate\":\"https:\/\/legitgrams.com\/?s={search_term_string}\"},\"query-input\":{\"@type\":\"PropertyValueSpecification\",\"valueRequired\":true,\"valueName\":\"search_term_string\"}}],\"inLanguage\":\"fr-BE\"},{\"@type\":\"Organization\",\"@id\":\"https:\/\/legitgrams.com\/#organization\",\"name\":\"Legit Grams\",\"url\":\"https:\/\/legitgrams.com\/\",\"logo\":{\"@type\":\"ImageObject\",\"inLanguage\":\"fr-BE\",\"@id\":\"https:\/\/legitgrams.com\/#\/schema\/logo\/image\/\",\"url\":\"https:\/\/legitgrams.com\/wp-content\/uploads\/2024\/09\/main-logo.png\",\"contentUrl\":\"https:\/\/legitgrams.com\/wp-content\/uploads\/2024\/09\/main-logo.png\",\"width\":270,\"height\":75,\"caption\":\"Legit Grams\"},\"image\":{\"@id\":\"https:\/\/legitgrams.com\/#\/schema\/logo\/image\/\"}}]}<\/script>\n<!-- \/ Yoast SEO plugin. -->","yoast_head_json":{"title":"Sgt-78 Powder for Sale - Buy Sgt-78 Online with Fastest Shipping","description":"Si vous voulez acheter de la poudre Sgt-78 en ligne et que vous cherchez un magasin en ligne fiable, alors achetez ici. Nous proposons uniquement de la poudre Sgt-78 de haute qualit\u00e9 \u00e0 un prix abordable. Commandez Sgt-78 maintenant !","robots":{"index":"index","follow":"follow","max-snippet":"max-snippet:-1","max-image-preview":"max-image-preview:large","max-video-preview":"max-video-preview:-1"},"canonical":"https:\/\/legitgrams.com\/fr\/produit\/sergent-78\/","og_locale":"fr_FR","og_type":"article","og_title":"Sgt-78 Powder for Sale - Buy Sgt-78 Online with Fastest Shipping","og_description":"If you want to buy Sgt-78 powder online and looking for a reliable online store, then buy here. We offer only high-quality Sgt-78 for sale at an affordable price. Order Sgt-78 Now!","og_url":"https:\/\/legitgrams.com\/fr\/produit\/sergent-78\/","og_site_name":"Legit Grams","article_modified_time":"2025-01-15T05:34:47+00:00","og_image":[{"width":600,"height":600,"url":"https:\/\/legitgrams.com\/wp-content\/uploads\/2024\/08\/Sgt-78.gif","type":"image\/gif"}],"twitter_card":"summary_large_image","twitter_misc":{"Dur\u00e9e de lecture est.":"2 minutes"},"schema":{"@context":"https:\/\/schema.org","@graph":[{"@type":"WebPage","@id":"https:\/\/legitgrams.com\/product\/sgt-78\/","url":"https:\/\/legitgrams.com\/product\/sgt-78\/","name":"Sgt-78 Powder for Sale - Buy Sgt-78 Online with Fastest Shipping","isPartOf":{"@id":"https:\/\/legitgrams.com\/#website"},"primaryImageOfPage":{"@id":"https:\/\/legitgrams.com\/product\/sgt-78\/#primaryimage"},"image":{"@id":"https:\/\/legitgrams.com\/product\/sgt-78\/#primaryimage"},"thumbnailUrl":"https:\/\/legitgrams.com\/wp-content\/uploads\/2024\/08\/Sgt-78.gif","datePublished":"2024-08-03T05:18:51+00:00","dateModified":"2025-01-15T05:34:47+00:00","description":"Si vous voulez acheter de la poudre Sgt-78 en ligne et que vous cherchez un magasin en ligne fiable, alors achetez ici. Nous proposons uniquement de la poudre Sgt-78 de haute qualit\u00e9 \u00e0 un prix abordable. Commandez Sgt-78 maintenant !","breadcrumb":{"@id":"https:\/\/legitgrams.com\/product\/sgt-78\/#breadcrumb"},"inLanguage":"fr-BE","potentialAction":[{"@type":"ReadAction","target":["https:\/\/legitgrams.com\/product\/sgt-78\/"]}]},{"@type":"ImageObject","inLanguage":"fr-BE","@id":"https:\/\/legitgrams.com\/product\/sgt-78\/#primaryimage","url":"https:\/\/legitgrams.com\/wp-content\/uploads\/2024\/08\/Sgt-78.gif","contentUrl":"https:\/\/legitgrams.com\/wp-content\/uploads\/2024\/08\/Sgt-78.gif","width":600,"height":600,"caption":"Sgt-78 Powder for Sale"},{"@type":"BreadcrumbList","@id":"https:\/\/legitgrams.com\/product\/sgt-78\/#breadcrumb","itemListElement":[{"@type":"ListItem","position":1,"name":"Home","item":"https:\/\/legitgrams.com\/"},{"@type":"ListItem","position":2,"name":"Shop","item":"https:\/\/legitgrams.com\/shop\/"},{"@type":"ListItem","position":3,"name":"Sgt-78"}]},{"@type":"WebSite","@id":"https:\/\/legitgrams.com\/#website","url":"https:\/\/legitgrams.com\/","name":"Les grammes l\u00e9gitimes","description":"Mon blog WordPress","publisher":{"@id":"https:\/\/legitgrams.com\/#organization"},"potentialAction":[{"@type":"SearchAction","target":{"@type":"EntryPoint","urlTemplate":"https:\/\/legitgrams.com\/?s={search_term_string}"},"query-input":{"@type":"PropertyValueSpecification","valueRequired":true,"valueName":"search_term_string"}}],"inLanguage":"fr-BE"},{"@type":"Organization","@id":"https:\/\/legitgrams.com\/#organization","name":"Les grammes l\u00e9gitimes","url":"https:\/\/legitgrams.com\/","logo":{"@type":"ImageObject","inLanguage":"fr-BE","@id":"https:\/\/legitgrams.com\/#\/schema\/logo\/image\/","url":"https:\/\/legitgrams.com\/wp-content\/uploads\/2024\/09\/main-logo.png","contentUrl":"https:\/\/legitgrams.com\/wp-content\/uploads\/2024\/09\/main-logo.png","width":270,"height":75,"caption":"Legit Grams"},"image":{"@id":"https:\/\/legitgrams.com\/#\/schema\/logo\/image\/"}}]}},"uagb_featured_image_src":{"full":["https:\/\/legitgrams.com\/wp-content\/uploads\/2024\/08\/Sgt-78.gif",600,600,false],"thumbnail":["https:\/\/legitgrams.com\/wp-content\/uploads\/2024\/08\/Sgt-78-150x150.gif",150,150,true],"medium":["https:\/\/legitgrams.com\/wp-content\/uploads\/2024\/08\/Sgt-78-300x300.gif",300,300,true],"medium_large":["https:\/\/legitgrams.com\/wp-content\/uploads\/2024\/08\/Sgt-78.gif",600,600,false],"large":["https:\/\/legitgrams.com\/wp-content\/uploads\/2024\/08\/Sgt-78.gif",600,600,false],"1536x1536":["https:\/\/legitgrams.com\/wp-content\/uploads\/2024\/08\/Sgt-78.gif",600,600,false],"2048x2048":["https:\/\/legitgrams.com\/wp-content\/uploads\/2024\/08\/Sgt-78.gif",600,600,false],"trp-custom-language-flag":["https:\/\/legitgrams.com\/wp-content\/uploads\/2024\/08\/Sgt-78-12x12.gif",12,12,true],"woocommerce_thumbnail":["https:\/\/legitgrams.com\/wp-content\/uploads\/2024\/08\/Sgt-78-300x300.gif",300,300,true],"woocommerce_single":["https:\/\/legitgrams.com\/wp-content\/uploads\/2024\/08\/Sgt-78.gif",600,600,false],"woocommerce_gallery_thumbnail":["https:\/\/legitgrams.com\/wp-content\/uploads\/2024\/08\/Sgt-78-100x100.gif",100,100,true]},"uagb_author_info":{"display_name":"cokeblog18","author_link":"https:\/\/legitgrams.com\/fr\/author\/"},"uagb_comment_info":0,"uagb_excerpt":"Purchase SGT-78 ONLINE Purchase SGT-78 via the internet. SGT-78 is one of the cannabinoids with a relatively low specificity. Nonetheless, in test subjects, they are potent agonists of both CB1 and CB2 receptors. Chemically speaking, SGT-78 is comparable to 5F-Cumyl-PINACA with the exception that the alkyl chain ends in a cyano group. It is unclear&hellip;","_links":{"self":[{"href":"https:\/\/legitgrams.com\/fr\/wp-json\/wp\/v2\/product\/3244","targetHints":{"allow":["GET"]}}],"collection":[{"href":"https:\/\/legitgrams.com\/fr\/wp-json\/wp\/v2\/product"}],"about":[{"href":"https:\/\/legitgrams.com\/fr\/wp-json\/wp\/v2\/types\/product"}],"replies":[{"embeddable":true,"href":"https:\/\/legitgrams.com\/fr\/wp-json\/wp\/v2\/comments?post=3244"}],"wp:featuredmedia":[{"embeddable":true,"href":"https:\/\/legitgrams.com\/fr\/wp-json\/wp\/v2\/media\/3255"}],"wp:attachment":[{"href":"https:\/\/legitgrams.com\/fr\/wp-json\/wp\/v2\/media?parent=3244"}],"wp:term":[{"taxonomy":"product_brand","embeddable":true,"href":"https:\/\/legitgrams.com\/fr\/wp-json\/wp\/v2\/product_brand?post=3244"},{"taxonomy":"product_cat","embeddable":true,"href":"https:\/\/legitgrams.com\/fr\/wp-json\/wp\/v2\/product_cat?post=3244"},{"taxonomy":"product_tag","embeddable":true,"href":"https:\/\/legitgrams.com\/fr\/wp-json\/wp\/v2\/product_tag?post=3244"}],"curies":[{"name":"wp","href":"https:\/\/api.w.org\/{rel}","templated":true}]}}