{"id":3247,"date":"2024-08-03T05:18:49","date_gmt":"2024-08-03T05:18:49","guid":{"rendered":"https:\/\/cokebricks.com\/?post_type=product&#038;p=3247"},"modified":"2025-03-17T04:36:38","modified_gmt":"2025-03-17T04:36:38","slug":"sgt-151","status":"publish","type":"product","link":"https:\/\/legitgrams.com\/fr\/produit\/sgt-151\/","title":{"rendered":"Acheter Sgt-151 en ligne"},"content":{"rendered":"<h2>Achetez le SGT-151 en ligne<\/h2>\n<p>Les cannabino\u00efdes synth\u00e9tiques (SC) sont de nouveaux produits chimiques psychoactifs qui imitent les effets du cannabis. Des marchands en ligne vendaient ces produits, qui comprenaient des m\u00e9langes d'herbes vaporis\u00e9s de SC. Depuis lors, une multitude de variantes chimiques des SC sont apparues dans le monde entier en raison de leur production dans des laboratoires clandestins, souvent bas\u00e9e sur des recherches et des brevets pharmaceutiques. Il est donc devenu plus difficile pour les autorit\u00e9s de r\u00e9glementer ces produits chimiques. <a href=\"https:\/\/legitgrams.com\/fr\/\">LegitGrams<\/a> variety of extraordinarily potent chemicals known as &#8220;<a href=\"https:\/\/www.bing.com\/search?q=Buy%20Sgt-151%20Online&amp;qs=n&amp;form=QBRE&amp;sp=-1&amp;lq=0&amp;pq=buy%20sgt-151%20online&amp;sc=9-18&amp;sk=&amp;cvid=9A42AFAE1BC54234A82FA3D684AB8AAB&amp;ghsh=0&amp;ghacc=0&amp;ghpl=\">SGT<\/a>\u00ab\u00a0Les compos\u00e9s cumyliques\u00a0\u00bb, cr\u00e9\u00e9s conform\u00e9ment \u00e0 la demande de brevet de Bowden et Williamson, sont disponibles depuis quelques ann\u00e9es. Ce qui distingue ces m\u00e9dicaments est un substituant cumyle li\u00e9 \u00e0 une structure indole, indazole ou azaindole. L'un des premiers compos\u00e9s cumyliques, <a href=\"https:\/\/www.google.com\/search?q=Buy+Sgt-151+Online&amp;num=10&amp;sca_esv=1a2a07081c7891bb&amp;rlz=1C1RXQR_enIN1098IN1098&amp;sxsrf=AHTn8zozopuRtgtJ1GCXXwqm1AjGq_ZVNg%3A1742184133595&amp;ei=xZ7XZ7P3I8mO4-EPy871oAY&amp;ved=0ahUKEwjz7anTnZCMAxVJxzgGHUtnHWQQ4dUDCBA&amp;uact=5&amp;oq=Buy+Sgt-151+Online&amp;gs_lp=Egxnd3Mtd2l6LXNlcnAiEkJ1eSBTZ3QtMTUxIE9ubGluZTIEECMYJzIIEAAYgAQYogQyBRAAGO8FMgUQABjvBTIFEAAY7wVI4QdQuwRYuwRwA3gAkAEAmAGiAaABogGqAQMwLjG4AQPIAQD4AQL4AQGYAgGgAqwBmAMAiAYBkgcDMC4xoAfeAw&amp;sclient=gws-wiz-serp\">CUMYL-PEGACLONE<\/a>, a \u00e9t\u00e9 montr\u00e9 comme \u00e9tant vendu sous. ]. Le but de cette enqu\u00eate est de d\u00e9terminer ce que contient exactement un <a href=\"https:\/\/www.bing.com\/search?q=Buy%20Sgt-151%20Online&amp;qs=n&amp;form=QBRE&amp;sp=-1&amp;lq=0&amp;pq=buy%20sgt-151%20online&amp;sc=9-18&amp;sk=&amp;cvid=9A42AFAE1BC54234A82FA3D684AB8AAB&amp;ghsh=0&amp;ghacc=0&amp;ghpl=\">SGT-151<\/a> bo\u00eete commercialis\u00e9e en ligne comme un \u00ab produit chimique de recherche \u00bb. <a href=\"https:\/\/legitgrams.com\/fr\/produit\/sgt-151\/\">Acheter SGT-151 en ligne<\/a><\/p>\n<p>The mass spectra of the <a href=\"https:\/\/www.google.com\/search?q=Buy+Sgt-151+Online&amp;num=10&amp;sca_esv=1a2a07081c7891bb&amp;rlz=1C1RXQR_enIN1098IN1098&amp;sxsrf=AHTn8zozopuRtgtJ1GCXXwqm1AjGq_ZVNg%3A1742184133595&amp;ei=xZ7XZ7P3I8mO4-EPy871oAY&amp;ved=0ahUKEwjz7anTnZCMAxVJxzgGHUtnHWQQ4dUDCBA&amp;uact=5&amp;oq=Buy+Sgt-151+Online&amp;gs_lp=Egxnd3Mtd2l6LXNlcnAiEkJ1eSBTZ3QtMTUxIE9ubGluZTIEECMYJzIIEAAYgAQYogQyBRAAGO8FMgUQABjvBTIFEAAY7wVI4QdQuwRYuwRwA3gAkAEAmAGiAaABogGqAQMwLjG4AQPIAQD4AQL4AQGYAgGgAqwBmAMAiAYBkgcDMC4xoAfeAw&amp;sclient=gws-wiz-serp\">cannabinoid<\/a> ont \u00e9t\u00e9 utilis\u00e9s pour l'identification \u00e0 l'aide de la base de donn\u00e9es Cayman (Chemical C. Cayman Spectral Library, Vol. v08302018). En utilisant un <a href=\"https:\/\/duckduckgo.com\/?q=Buy+Sgt-151+Online&amp;t=h_&amp;ia=web\">MEGA-5 MS<\/a> Sur une colonne capillaire (0,25 \u00b5m, 0,32 mm, 30 m), le mat\u00e9riau a \u00e9t\u00e9 examin\u00e9 par GC\/MS. L'analyse chromatographique a \u00e9t\u00e9 r\u00e9alis\u00e9e selon les param\u00e8tres suivants\u00a0: <a href=\"https:\/\/www.google.com\/search?q=Buy+Sgt-151+Online&amp;num=10&amp;sca_esv=1a2a07081c7891bb&amp;rlz=1C1RXQR_enIN1098IN1098&amp;sxsrf=AHTn8zozopuRtgtJ1GCXXwqm1AjGq_ZVNg%3A1742184133595&amp;ei=xZ7XZ7P3I8mO4-EPy871oAY&amp;ved=0ahUKEwjz7anTnZCMAxVJxzgGHUtnHWQQ4dUDCBA&amp;uact=5&amp;oq=Buy+Sgt-151+Online&amp;gs_lp=Egxnd3Mtd2l6LXNlcnAiEkJ1eSBTZ3QtMTUxIE9ubGluZTIEECMYJzIIEAAYgAQYogQyBRAAGO8FMgUQABjvBTIFEAAY7wVI4QdQuwRYuwRwA3gAkAEAmAGiAaABogGqAQMwLjG4AQPIAQD4AQL4AQGYAgGgAqwBmAMAiAYBkgcDMC4xoAfeAw&amp;sclient=gws-wiz-serp\">280\u00b0C<\/a>, use splitless injection with a 1 \u00b5L injection volume. The oven was started at <a href=\"https:\/\/duckduckgo.com\/?q=Buy+Sgt-151+Online&amp;t=h_&amp;ia=web\">100\u00b0C<\/a> Les spectres de masse du cannabino\u00efde ont \u00e9t\u00e9 utilis\u00e9s pour l'identifier \u00e0 l'aide de la base de donn\u00e9es Cayman (Chemical C. Cayman Spectral Library, vol. v08302018). En utilisant une colonne capillaire MEGA-5 MS (0,25 \u00b5m, 0,32 mm, 30 m), le mat\u00e9riau a \u00e9t\u00e9 examin\u00e9 par GC\/MS. L'analyse chromatographique a \u00e9t\u00e9 r\u00e9alis\u00e9e en utilisant les param\u00e8tres suivants : A 280\u00b0C, injection sans fractionnement avec un volume d'injection de 1 \u00b5l. Le four a \u00e9t\u00e9 d\u00e9marr\u00e9 \u00e0 100\u00b0C et maintenu pendant 3 minutes avant d'\u00eatre augment\u00e9 \u00e0 310\u00b0C \u00e0 une vitesse de 30\u00b0C par minute. Les conditions de MS \u00e9taient les suivantes : Apr\u00e8s avoir ajust\u00e9 l'\u00e9nergie d'ionisation \u00e0 70 eV, la gamme du mode de balayage de l'acquisition \u00e9tait de 30 \u00e0 450. Dans ce cas, le gaz de transport \u00e9tait de l'h\u00e9lium. La clart\u00e9 a \u00e9t\u00e9 purifi\u00e9e \u00e0 l'aide d'un programme HPLC\/DAD. en tandem avec une colonne qui a subi un changement de phase. La phase mobile consistait en un syst\u00e8me de gradient de solvant avec (A) 5% 10 mM d'ammoniaque et (B) 95% d'ac\u00e9tonitrile, ajust\u00e9 pour une r\u00e9solution optimale. <a href=\"https:\/\/en.wikipedia.org\/wiki\/CUMYL-PEGACLONE\">SGT-151<\/a><\/p>\n<p>&nbsp;<\/p>\n<p>&nbsp;<\/p>","protected":false},"excerpt":{"rendered":"<p>Purchase SGT-151 Online Synthetic cannabinoids (SCs) are novel psychoactive chemicals that mimic the effects of cannabis. Online merchants were selling these products, which included herbal blends sprayed with SCs. Since then, a flood of chemical variations of SCs have been occurring globally due to their production in clandestine laboratories, which is frequently based on pharmaceutical &hellip;<\/p>\n<p class=\"read-more\"> <a class=\"\" href=\"https:\/\/legitgrams.com\/fr\/produit\/sgt-151\/\"> <span class=\"screen-reader-text\">Acheter Sgt-151 en ligne<\/span> Lire la suite \"<\/a><\/p>","protected":false},"featured_media":3254,"comment_status":"open","ping_status":"closed","template":"","meta":{"_uag_custom_page_level_css":"","site-sidebar-layout":"default","site-content-layout":"default","ast-global-header-display":"","ast-main-header-display":"","ast-hfb-above-header-display":"","ast-hfb-below-header-display":"","ast-hfb-mobile-header-display":"","site-post-title":"","ast-breadcrumbs-content":"","ast-featured-img":"","footer-sml-layout":"","theme-transparent-header-meta":"default","adv-header-id-meta":"","stick-header-meta":"default","header-above-stick-meta":"","header-main-stick-meta":"","header-below-stick-meta":"","_joinchat":[]},"product_brand":[],"product_cat":[190],"product_tag":[484,485,486,487,476,477,478,479,480,481,482,483],"class_list":{"0":"post-3247","1":"product","2":"type-product","3":"status-publish","4":"has-post-thumbnail","6":"product_cat-cannabinoids","7":"product_tag-sgt-151-cannabinoids","8":"product_tag-sgt-151-cannabinoids-for-sale","9":"product_tag-sgt-151-cannabinoids-reddit","10":"product_tag-sgt-151-chemical","11":"product_tag-sgt-151-powder-australia","12":"product_tag-sgt-151-powder-canada","13":"product_tag-sgt-151-powder-greece","14":"product_tag-sgt-151-powder-kuwait","15":"product_tag-sgt-151-powder-review","16":"product_tag-sgt-151-powder-spain","17":"product_tag-sgt-151-powder-uk","18":"product_tag-sgt-151-powder-usa","19":"desktop-align-left","20":"tablet-align-left","21":"mobile-align-left","22":"ast-product-gallery-layout-horizontal","23":"ast-product-gallery-with-no-image","24":"ast-product-single-variable","25":"ast-product-tabs-layout-horizontal","26":"ast-qv-on-image","28":"first","29":"instock","30":"shipping-taxable","31":"purchasable","32":"product-type-variable"},"yoast_head":"<!-- This site is optimized with the Yoast SEO plugin v25.9 - https:\/\/yoast.com\/wordpress\/plugins\/seo\/ -->\n<title>Sgt-151 Powder for sale - Order Sgt-151 Online with Fast Shipping!<\/title>\n<meta name=\"description\" content=\"Explore our online store for Sgt-151 powder for sale, offering high-quality Sgt-151 online securely and embark on your research journey with confidence. Place your order now!\" \/>\n<meta name=\"robots\" content=\"index, follow, max-snippet:-1, max-image-preview:large, max-video-preview:-1\" \/>\n<link rel=\"canonical\" href=\"https:\/\/legitgrams.com\/fr\/produit\/sgt-151\/\" \/>\n<meta property=\"og:locale\" content=\"fr_FR\" \/>\n<meta property=\"og:type\" content=\"article\" \/>\n<meta property=\"og:title\" content=\"Sgt-151 Powder for sale - Order Sgt-151 Online with Fast Shipping!\" \/>\n<meta property=\"og:description\" content=\"Explore our online store for Sgt-151 powder for sale, offering high-quality Sgt-151 online securely and embark on your research journey with confidence. Place your order now!\" \/>\n<meta property=\"og:url\" content=\"https:\/\/legitgrams.com\/fr\/produit\/sgt-151\/\" \/>\n<meta property=\"og:site_name\" content=\"Legit Grams\" \/>\n<meta property=\"article:modified_time\" content=\"2025-03-17T04:36:38+00:00\" \/>\n<meta property=\"og:image\" content=\"https:\/\/legitgrams.com\/wp-content\/uploads\/2024\/08\/Sgt-151.gif\" \/>\n\t<meta property=\"og:image:width\" content=\"600\" \/>\n\t<meta property=\"og:image:height\" content=\"600\" \/>\n\t<meta property=\"og:image:type\" content=\"image\/gif\" \/>\n<meta name=\"twitter:card\" content=\"summary_large_image\" \/>\n<meta name=\"twitter:label1\" content=\"Dur\u00e9e de lecture est.\" \/>\n\t<meta name=\"twitter:data1\" content=\"2 minutes\" \/>\n<script type=\"application\/ld+json\" class=\"yoast-schema-graph\">{\"@context\":\"https:\/\/schema.org\",\"@graph\":[{\"@type\":\"WebPage\",\"@id\":\"https:\/\/legitgrams.com\/product\/sgt-151\/\",\"url\":\"https:\/\/legitgrams.com\/product\/sgt-151\/\",\"name\":\"Sgt-151 Powder for sale - Order Sgt-151 Online with Fast Shipping!\",\"isPartOf\":{\"@id\":\"https:\/\/legitgrams.com\/#website\"},\"primaryImageOfPage\":{\"@id\":\"https:\/\/legitgrams.com\/product\/sgt-151\/#primaryimage\"},\"image\":{\"@id\":\"https:\/\/legitgrams.com\/product\/sgt-151\/#primaryimage\"},\"thumbnailUrl\":\"https:\/\/legitgrams.com\/wp-content\/uploads\/2024\/08\/Sgt-151.gif\",\"datePublished\":\"2024-08-03T05:18:49+00:00\",\"dateModified\":\"2025-03-17T04:36:38+00:00\",\"description\":\"Explore our online store for Sgt-151 powder for sale, offering high-quality Sgt-151 online securely and embark on your research journey with confidence. Place your order now!\",\"breadcrumb\":{\"@id\":\"https:\/\/legitgrams.com\/product\/sgt-151\/#breadcrumb\"},\"inLanguage\":\"fr-BE\",\"potentialAction\":[{\"@type\":\"ReadAction\",\"target\":[\"https:\/\/legitgrams.com\/product\/sgt-151\/\"]}]},{\"@type\":\"ImageObject\",\"inLanguage\":\"fr-BE\",\"@id\":\"https:\/\/legitgrams.com\/product\/sgt-151\/#primaryimage\",\"url\":\"https:\/\/legitgrams.com\/wp-content\/uploads\/2024\/08\/Sgt-151.gif\",\"contentUrl\":\"https:\/\/legitgrams.com\/wp-content\/uploads\/2024\/08\/Sgt-151.gif\",\"width\":600,\"height\":600,\"caption\":\"Sgt-151 Powder for sale\"},{\"@type\":\"BreadcrumbList\",\"@id\":\"https:\/\/legitgrams.com\/product\/sgt-151\/#breadcrumb\",\"itemListElement\":[{\"@type\":\"ListItem\",\"position\":1,\"name\":\"Home\",\"item\":\"https:\/\/legitgrams.com\/\"},{\"@type\":\"ListItem\",\"position\":2,\"name\":\"Shop\",\"item\":\"https:\/\/legitgrams.com\/shop\/\"},{\"@type\":\"ListItem\",\"position\":3,\"name\":\"Buy Sgt-151 Online\"}]},{\"@type\":\"WebSite\",\"@id\":\"https:\/\/legitgrams.com\/#website\",\"url\":\"https:\/\/legitgrams.com\/\",\"name\":\"Legit Grams\",\"description\":\"My WordPress Blog\",\"publisher\":{\"@id\":\"https:\/\/legitgrams.com\/#organization\"},\"potentialAction\":[{\"@type\":\"SearchAction\",\"target\":{\"@type\":\"EntryPoint\",\"urlTemplate\":\"https:\/\/legitgrams.com\/?s={search_term_string}\"},\"query-input\":{\"@type\":\"PropertyValueSpecification\",\"valueRequired\":true,\"valueName\":\"search_term_string\"}}],\"inLanguage\":\"fr-BE\"},{\"@type\":\"Organization\",\"@id\":\"https:\/\/legitgrams.com\/#organization\",\"name\":\"Legit Grams\",\"url\":\"https:\/\/legitgrams.com\/\",\"logo\":{\"@type\":\"ImageObject\",\"inLanguage\":\"fr-BE\",\"@id\":\"https:\/\/legitgrams.com\/#\/schema\/logo\/image\/\",\"url\":\"https:\/\/legitgrams.com\/wp-content\/uploads\/2024\/09\/main-logo.png\",\"contentUrl\":\"https:\/\/legitgrams.com\/wp-content\/uploads\/2024\/09\/main-logo.png\",\"width\":270,\"height\":75,\"caption\":\"Legit Grams\"},\"image\":{\"@id\":\"https:\/\/legitgrams.com\/#\/schema\/logo\/image\/\"}}]}<\/script>\n<!-- \/ Yoast SEO plugin. -->","yoast_head_json":{"title":"Sgt-151 Powder for sale - Commandez Sgt-151 en ligne avec livraison rapide !","description":"Explorez notre magasin en ligne pour la poudre Sgt-151 \u00e0 vendre, offrant un Sgt-151 de haute qualit\u00e9 en ligne en toute s\u00e9curit\u00e9 et embarquez pour votre voyage de recherche en toute confiance. Passez votre commande maintenant !","robots":{"index":"index","follow":"follow","max-snippet":"max-snippet:-1","max-image-preview":"max-image-preview:large","max-video-preview":"max-video-preview:-1"},"canonical":"https:\/\/legitgrams.com\/fr\/produit\/sgt-151\/","og_locale":"fr_FR","og_type":"article","og_title":"Sgt-151 Powder for sale - Order Sgt-151 Online with Fast Shipping!","og_description":"Explore our online store for Sgt-151 powder for sale, offering high-quality Sgt-151 online securely and embark on your research journey with confidence. Place your order now!","og_url":"https:\/\/legitgrams.com\/fr\/produit\/sgt-151\/","og_site_name":"Legit Grams","article_modified_time":"2025-03-17T04:36:38+00:00","og_image":[{"width":600,"height":600,"url":"https:\/\/legitgrams.com\/wp-content\/uploads\/2024\/08\/Sgt-151.gif","type":"image\/gif"}],"twitter_card":"summary_large_image","twitter_misc":{"Dur\u00e9e de lecture est.":"2 minutes"},"schema":{"@context":"https:\/\/schema.org","@graph":[{"@type":"WebPage","@id":"https:\/\/legitgrams.com\/product\/sgt-151\/","url":"https:\/\/legitgrams.com\/product\/sgt-151\/","name":"Sgt-151 Powder for sale - Commandez Sgt-151 en ligne avec livraison rapide !","isPartOf":{"@id":"https:\/\/legitgrams.com\/#website"},"primaryImageOfPage":{"@id":"https:\/\/legitgrams.com\/product\/sgt-151\/#primaryimage"},"image":{"@id":"https:\/\/legitgrams.com\/product\/sgt-151\/#primaryimage"},"thumbnailUrl":"https:\/\/legitgrams.com\/wp-content\/uploads\/2024\/08\/Sgt-151.gif","datePublished":"2024-08-03T05:18:49+00:00","dateModified":"2025-03-17T04:36:38+00:00","description":"Explorez notre magasin en ligne pour la poudre Sgt-151 \u00e0 vendre, offrant un Sgt-151 de haute qualit\u00e9 en ligne en toute s\u00e9curit\u00e9 et embarquez pour votre voyage de recherche en toute confiance. Passez votre commande maintenant !","breadcrumb":{"@id":"https:\/\/legitgrams.com\/product\/sgt-151\/#breadcrumb"},"inLanguage":"fr-BE","potentialAction":[{"@type":"ReadAction","target":["https:\/\/legitgrams.com\/product\/sgt-151\/"]}]},{"@type":"ImageObject","inLanguage":"fr-BE","@id":"https:\/\/legitgrams.com\/product\/sgt-151\/#primaryimage","url":"https:\/\/legitgrams.com\/wp-content\/uploads\/2024\/08\/Sgt-151.gif","contentUrl":"https:\/\/legitgrams.com\/wp-content\/uploads\/2024\/08\/Sgt-151.gif","width":600,"height":600,"caption":"Sgt-151 Powder for sale"},{"@type":"BreadcrumbList","@id":"https:\/\/legitgrams.com\/product\/sgt-151\/#breadcrumb","itemListElement":[{"@type":"ListItem","position":1,"name":"Home","item":"https:\/\/legitgrams.com\/"},{"@type":"ListItem","position":2,"name":"Shop","item":"https:\/\/legitgrams.com\/shop\/"},{"@type":"ListItem","position":3,"name":"Buy Sgt-151 Online"}]},{"@type":"WebSite","@id":"https:\/\/legitgrams.com\/#website","url":"https:\/\/legitgrams.com\/","name":"Les grammes l\u00e9gitimes","description":"Mon blog WordPress","publisher":{"@id":"https:\/\/legitgrams.com\/#organization"},"potentialAction":[{"@type":"SearchAction","target":{"@type":"EntryPoint","urlTemplate":"https:\/\/legitgrams.com\/?s={search_term_string}"},"query-input":{"@type":"PropertyValueSpecification","valueRequired":true,"valueName":"search_term_string"}}],"inLanguage":"fr-BE"},{"@type":"Organization","@id":"https:\/\/legitgrams.com\/#organization","name":"Les grammes l\u00e9gitimes","url":"https:\/\/legitgrams.com\/","logo":{"@type":"ImageObject","inLanguage":"fr-BE","@id":"https:\/\/legitgrams.com\/#\/schema\/logo\/image\/","url":"https:\/\/legitgrams.com\/wp-content\/uploads\/2024\/09\/main-logo.png","contentUrl":"https:\/\/legitgrams.com\/wp-content\/uploads\/2024\/09\/main-logo.png","width":270,"height":75,"caption":"Legit Grams"},"image":{"@id":"https:\/\/legitgrams.com\/#\/schema\/logo\/image\/"}}]}},"uagb_featured_image_src":{"full":["https:\/\/legitgrams.com\/wp-content\/uploads\/2024\/08\/Sgt-151.gif",600,600,false],"thumbnail":["https:\/\/legitgrams.com\/wp-content\/uploads\/2024\/08\/Sgt-151-150x150.gif",150,150,true],"medium":["https:\/\/legitgrams.com\/wp-content\/uploads\/2024\/08\/Sgt-151-300x300.gif",300,300,true],"medium_large":["https:\/\/legitgrams.com\/wp-content\/uploads\/2024\/08\/Sgt-151.gif",600,600,false],"large":["https:\/\/legitgrams.com\/wp-content\/uploads\/2024\/08\/Sgt-151.gif",600,600,false],"1536x1536":["https:\/\/legitgrams.com\/wp-content\/uploads\/2024\/08\/Sgt-151.gif",600,600,false],"2048x2048":["https:\/\/legitgrams.com\/wp-content\/uploads\/2024\/08\/Sgt-151.gif",600,600,false],"trp-custom-language-flag":["https:\/\/legitgrams.com\/wp-content\/uploads\/2024\/08\/Sgt-151-12x12.gif",12,12,true],"woocommerce_thumbnail":["https:\/\/legitgrams.com\/wp-content\/uploads\/2024\/08\/Sgt-151-300x300.gif",300,300,true],"woocommerce_single":["https:\/\/legitgrams.com\/wp-content\/uploads\/2024\/08\/Sgt-151.gif",600,600,false],"woocommerce_gallery_thumbnail":["https:\/\/legitgrams.com\/wp-content\/uploads\/2024\/08\/Sgt-151-100x100.gif",100,100,true]},"uagb_author_info":{"display_name":"cokeblog18","author_link":"https:\/\/legitgrams.com\/fr\/author\/"},"uagb_comment_info":0,"uagb_excerpt":"Purchase SGT-151 Online Synthetic cannabinoids (SCs) are novel psychoactive chemicals that mimic the effects of cannabis. Online merchants were selling these products, which included herbal blends sprayed with SCs. Since then, a flood of chemical variations of SCs have been occurring globally due to their production in clandestine laboratories, which is frequently based on pharmaceutical&hellip;","_links":{"self":[{"href":"https:\/\/legitgrams.com\/fr\/wp-json\/wp\/v2\/product\/3247","targetHints":{"allow":["GET"]}}],"collection":[{"href":"https:\/\/legitgrams.com\/fr\/wp-json\/wp\/v2\/product"}],"about":[{"href":"https:\/\/legitgrams.com\/fr\/wp-json\/wp\/v2\/types\/product"}],"replies":[{"embeddable":true,"href":"https:\/\/legitgrams.com\/fr\/wp-json\/wp\/v2\/comments?post=3247"}],"wp:featuredmedia":[{"embeddable":true,"href":"https:\/\/legitgrams.com\/fr\/wp-json\/wp\/v2\/media\/3254"}],"wp:attachment":[{"href":"https:\/\/legitgrams.com\/fr\/wp-json\/wp\/v2\/media?parent=3247"}],"wp:term":[{"taxonomy":"product_brand","embeddable":true,"href":"https:\/\/legitgrams.com\/fr\/wp-json\/wp\/v2\/product_brand?post=3247"},{"taxonomy":"product_cat","embeddable":true,"href":"https:\/\/legitgrams.com\/fr\/wp-json\/wp\/v2\/product_cat?post=3247"},{"taxonomy":"product_tag","embeddable":true,"href":"https:\/\/legitgrams.com\/fr\/wp-json\/wp\/v2\/product_tag?post=3247"}],"curies":[{"name":"wp","href":"https:\/\/api.w.org\/{rel}","templated":true}]}}