{"id":3261,"date":"2024-08-03T05:26:55","date_gmt":"2024-08-03T05:26:55","guid":{"rendered":"https:\/\/cokebricks.com\/?post_type=product&#038;p=3261"},"modified":"2025-01-13T08:09:28","modified_gmt":"2025-01-13T08:09:28","slug":"ajouter-b","status":"publish","type":"product","link":"https:\/\/legitgrams.com\/fr\/produit\/ajouter-b\/","title":{"rendered":"ADD-B"},"content":{"rendered":"<h2>\u00c0 vendre : ADD-B<\/h2>\n<p><a href=\"https:\/\/legitgrams.com\/fr\/produit\/ajouter-b\/\">ADD-B<\/a> peut \u00eatre achet\u00e9 en ligne. Il s'agit d'un cannabis synth\u00e9tique qui est structurellement cat\u00e9goris\u00e9 et utilis\u00e9 comme norme de r\u00e9f\u00e9rence dans les analyses. On ne sait pas quelles sont les propri\u00e9t\u00e9s physiologiques et toxicologiques de ce produit chimique. 4. Le cyanure de CUMYL-BUTINACA est class\u00e9 comme substance de l'annexe I aux \u00c9tats-Unis. Ce gadget est destin\u00e9 \u00e0 \u00eatre utilis\u00e9 dans des applications de recherche et de criminalistique.<\/p>\n<p>Utilisation : L'ADD-B est principalement utilis\u00e9 \u00e0 des fins de recherche et n'est pas destin\u00e9 \u00e0 la consommation humaine ou animale.<\/p>\n<h3>Achetez ADD-B en ligne.<\/h3>\n<p><a href=\"https:\/\/en.wikipedia.org\/wiki\/ADB\">ADD-B<\/a> est un cannabis synth\u00e9tique. Il fait partie de la famille des cannabino\u00efdes indazoles, plus pr\u00e9cis\u00e9ment de la sous-classe connue sous le nom d'indazole-3-carboxamide. Il est \u00e9troitement li\u00e9 \u00e0 une classe de compos\u00e9s apparent\u00e9s d\u00e9velopp\u00e9s par Pfizer en 2009. Ceux-ci \u00e9taient initialement d\u00e9velopp\u00e9s comme analg\u00e9siques. Il s'agit d'un agoniste CB1 puissant, similaire \u00e0 la plupart des cannabino\u00efdes synth\u00e9tiques qui contiennent des indazoles. Les statistiques officielles sont peu nombreuses, bien que l'exp\u00e9rience anecdotique sugg\u00e8re une dose active aussi faible que 1\/10e de milligramme. Achetez ADD-B en ligne.<\/p>\n<h3>L'utilisation de CN-BINACA-ADB est autoris\u00e9e.<\/h3>\n<p>Il convient de noter qu'aucune juridiction reconnue ne reconna\u00eet l'ADD-B comme un m\u00e9dicament, une th\u00e9rapie ou un compl\u00e9ment alimentaire. Il ne doit jamais \u00eatre utilis\u00e9 dans des exp\u00e9riences chimiques in vivo ni consomm\u00e9 par des humains ; il n'est disponible que pour \u00eatre utilis\u00e9 comme produit chimique de recherche. Il n'est disponible que pour l'\u00e9talonnage d'\u00e9chantillons et la recherche in vitro. <a href=\"https:\/\/legitgrams.com\/fr\/\">LegitGrams<\/a><\/p>","protected":false},"excerpt":{"rendered":"<p>For Sale: ADD-B ADD-B can be bought online. It is a synthetic cannabis that is structurally categorized and used as a reference standard in analysis. It is unknown what the physiological and toxicological properties of this chemical are. 4. Cyan CUMYL-BUTINACA is categorized as a Schedule I substance in the United States. This gadget is &hellip;<\/p>\n<p class=\"read-more\"> <a class=\"\" href=\"https:\/\/legitgrams.com\/fr\/produit\/ajouter-b\/\"> <span class=\"screen-reader-text\">ADD-B<\/span> Lire la suite \"<\/a><\/p>","protected":false},"featured_media":3273,"comment_status":"open","ping_status":"closed","template":"","meta":{"_uag_custom_page_level_css":"","site-sidebar-layout":"default","site-content-layout":"default","ast-global-header-display":"","ast-main-header-display":"","ast-hfb-above-header-display":"","ast-hfb-below-header-display":"","ast-hfb-mobile-header-display":"","site-post-title":"","ast-breadcrumbs-content":"","ast-featured-img":"","footer-sml-layout":"","theme-transparent-header-meta":"default","adv-header-id-meta":"","stick-header-meta":"default","header-above-stick-meta":"","header-main-stick-meta":"","header-below-stick-meta":"","_joinchat":[]},"product_brand":[],"product_cat":[190],"product_tag":[545,544,543,546,547,541,542],"class_list":{"0":"post-3261","1":"product","2":"type-product","3":"status-publish","4":"has-post-thumbnail","6":"product_cat-cannabinoids","7":"product_tag-add-b-cannabinoids-for-sale","8":"product_tag-add-b-crystals-for-sale","9":"product_tag-add-b-for-sale","10":"product_tag-add-b-for-sale-online","11":"product_tag-add-b-powder-for-sale","12":"product_tag-buy-add-b","13":"product_tag-buy-add-b-online","14":"desktop-align-left","15":"tablet-align-left","16":"mobile-align-left","17":"ast-product-gallery-layout-horizontal","18":"ast-product-gallery-with-no-image","19":"ast-product-single-variable","20":"ast-product-tabs-layout-horizontal","21":"ast-qv-on-image","23":"first","24":"instock","25":"shipping-taxable","26":"purchasable","27":"product-type-variable"},"yoast_head":"<!-- This site is optimized with the Yoast SEO plugin v25.9 - https:\/\/yoast.com\/wordpress\/plugins\/seo\/ -->\n<title>ADD-B for Sale - Order ADD-B Powder Online | LegitGrams<\/title>\n<meta name=\"description\" content=\"You can get add-b for sale at the best rates from our online store LegitGrams. We are here to help you buy add-b online. Order Today with Discreet Delivery!\" \/>\n<meta name=\"robots\" content=\"index, follow, max-snippet:-1, max-image-preview:large, max-video-preview:-1\" \/>\n<link rel=\"canonical\" href=\"https:\/\/legitgrams.com\/fr\/produit\/ajouter-b\/\" \/>\n<meta property=\"og:locale\" content=\"fr_FR\" \/>\n<meta property=\"og:type\" content=\"article\" \/>\n<meta property=\"og:title\" content=\"ADD-B for Sale - Order ADD-B Powder Online | LegitGrams\" \/>\n<meta property=\"og:description\" content=\"You can get add-b for sale at the best rates from our online store LegitGrams. We are here to help you buy add-b online. Order Today with Discreet Delivery!\" \/>\n<meta property=\"og:url\" content=\"https:\/\/legitgrams.com\/fr\/produit\/ajouter-b\/\" \/>\n<meta property=\"og:site_name\" content=\"Legit Grams\" \/>\n<meta property=\"article:modified_time\" content=\"2025-01-13T08:09:28+00:00\" \/>\n<meta property=\"og:image\" content=\"https:\/\/legitgrams.com\/wp-content\/uploads\/2024\/08\/Add-b.gif\" \/>\n\t<meta property=\"og:image:width\" content=\"600\" \/>\n\t<meta property=\"og:image:height\" content=\"600\" \/>\n\t<meta property=\"og:image:type\" content=\"image\/gif\" \/>\n<meta name=\"twitter:card\" content=\"summary_large_image\" \/>\n<meta name=\"twitter:label1\" content=\"Dur\u00e9e de lecture est.\" \/>\n\t<meta name=\"twitter:data1\" content=\"2 minutes\" \/>\n<script type=\"application\/ld+json\" class=\"yoast-schema-graph\">{\"@context\":\"https:\/\/schema.org\",\"@graph\":[{\"@type\":\"WebPage\",\"@id\":\"https:\/\/legitgrams.com\/product\/add-b\/\",\"url\":\"https:\/\/legitgrams.com\/product\/add-b\/\",\"name\":\"ADD-B for Sale - Order ADD-B Powder Online | LegitGrams\",\"isPartOf\":{\"@id\":\"https:\/\/legitgrams.com\/#website\"},\"primaryImageOfPage\":{\"@id\":\"https:\/\/legitgrams.com\/product\/add-b\/#primaryimage\"},\"image\":{\"@id\":\"https:\/\/legitgrams.com\/product\/add-b\/#primaryimage\"},\"thumbnailUrl\":\"https:\/\/legitgrams.com\/wp-content\/uploads\/2024\/08\/Add-b.gif\",\"datePublished\":\"2024-08-03T05:26:55+00:00\",\"dateModified\":\"2025-01-13T08:09:28+00:00\",\"description\":\"You can get add-b for sale at the best rates from our online store LegitGrams. We are here to help you buy add-b online. Order Today with Discreet Delivery!\",\"breadcrumb\":{\"@id\":\"https:\/\/legitgrams.com\/product\/add-b\/#breadcrumb\"},\"inLanguage\":\"fr-BE\",\"potentialAction\":[{\"@type\":\"ReadAction\",\"target\":[\"https:\/\/legitgrams.com\/product\/add-b\/\"]}]},{\"@type\":\"ImageObject\",\"inLanguage\":\"fr-BE\",\"@id\":\"https:\/\/legitgrams.com\/product\/add-b\/#primaryimage\",\"url\":\"https:\/\/legitgrams.com\/wp-content\/uploads\/2024\/08\/Add-b.gif\",\"contentUrl\":\"https:\/\/legitgrams.com\/wp-content\/uploads\/2024\/08\/Add-b.gif\",\"width\":600,\"height\":600,\"caption\":\"ADD-B for Sale\"},{\"@type\":\"BreadcrumbList\",\"@id\":\"https:\/\/legitgrams.com\/product\/add-b\/#breadcrumb\",\"itemListElement\":[{\"@type\":\"ListItem\",\"position\":1,\"name\":\"Home\",\"item\":\"https:\/\/legitgrams.com\/\"},{\"@type\":\"ListItem\",\"position\":2,\"name\":\"Shop\",\"item\":\"https:\/\/legitgrams.com\/shop\/\"},{\"@type\":\"ListItem\",\"position\":3,\"name\":\"ADD-B\"}]},{\"@type\":\"WebSite\",\"@id\":\"https:\/\/legitgrams.com\/#website\",\"url\":\"https:\/\/legitgrams.com\/\",\"name\":\"Legit Grams\",\"description\":\"My WordPress Blog\",\"publisher\":{\"@id\":\"https:\/\/legitgrams.com\/#organization\"},\"potentialAction\":[{\"@type\":\"SearchAction\",\"target\":{\"@type\":\"EntryPoint\",\"urlTemplate\":\"https:\/\/legitgrams.com\/?s={search_term_string}\"},\"query-input\":{\"@type\":\"PropertyValueSpecification\",\"valueRequired\":true,\"valueName\":\"search_term_string\"}}],\"inLanguage\":\"fr-BE\"},{\"@type\":\"Organization\",\"@id\":\"https:\/\/legitgrams.com\/#organization\",\"name\":\"Legit Grams\",\"url\":\"https:\/\/legitgrams.com\/\",\"logo\":{\"@type\":\"ImageObject\",\"inLanguage\":\"fr-BE\",\"@id\":\"https:\/\/legitgrams.com\/#\/schema\/logo\/image\/\",\"url\":\"https:\/\/legitgrams.com\/wp-content\/uploads\/2024\/09\/main-logo.png\",\"contentUrl\":\"https:\/\/legitgrams.com\/wp-content\/uploads\/2024\/09\/main-logo.png\",\"width\":270,\"height\":75,\"caption\":\"Legit Grams\"},\"image\":{\"@id\":\"https:\/\/legitgrams.com\/#\/schema\/logo\/image\/\"}}]}<\/script>\n<!-- \/ Yoast SEO plugin. -->","yoast_head_json":{"title":"ADD-B for Sale - Order ADD-B Powder Online | LegitGrams","description":"Vous pouvez obtenir add-b pour la vente aux meilleurs taux de notre magasin en ligne LegitGrams. Nous sommes l\u00e0 pour vous aider \u00e0 acheter add-b en ligne. Commandez aujourd'hui avec une livraison discr\u00e8te !","robots":{"index":"index","follow":"follow","max-snippet":"max-snippet:-1","max-image-preview":"max-image-preview:large","max-video-preview":"max-video-preview:-1"},"canonical":"https:\/\/legitgrams.com\/fr\/produit\/ajouter-b\/","og_locale":"fr_FR","og_type":"article","og_title":"ADD-B for Sale - Order ADD-B Powder Online | LegitGrams","og_description":"You can get add-b for sale at the best rates from our online store LegitGrams. We are here to help you buy add-b online. Order Today with Discreet Delivery!","og_url":"https:\/\/legitgrams.com\/fr\/produit\/ajouter-b\/","og_site_name":"Legit Grams","article_modified_time":"2025-01-13T08:09:28+00:00","og_image":[{"width":600,"height":600,"url":"https:\/\/legitgrams.com\/wp-content\/uploads\/2024\/08\/Add-b.gif","type":"image\/gif"}],"twitter_card":"summary_large_image","twitter_misc":{"Dur\u00e9e de lecture est.":"2 minutes"},"schema":{"@context":"https:\/\/schema.org","@graph":[{"@type":"WebPage","@id":"https:\/\/legitgrams.com\/product\/add-b\/","url":"https:\/\/legitgrams.com\/product\/add-b\/","name":"ADD-B for Sale - Order ADD-B Powder Online | LegitGrams","isPartOf":{"@id":"https:\/\/legitgrams.com\/#website"},"primaryImageOfPage":{"@id":"https:\/\/legitgrams.com\/product\/add-b\/#primaryimage"},"image":{"@id":"https:\/\/legitgrams.com\/product\/add-b\/#primaryimage"},"thumbnailUrl":"https:\/\/legitgrams.com\/wp-content\/uploads\/2024\/08\/Add-b.gif","datePublished":"2024-08-03T05:26:55+00:00","dateModified":"2025-01-13T08:09:28+00:00","description":"Vous pouvez obtenir add-b pour la vente aux meilleurs taux de notre magasin en ligne LegitGrams. Nous sommes l\u00e0 pour vous aider \u00e0 acheter add-b en ligne. Commandez aujourd'hui avec une livraison discr\u00e8te !","breadcrumb":{"@id":"https:\/\/legitgrams.com\/product\/add-b\/#breadcrumb"},"inLanguage":"fr-BE","potentialAction":[{"@type":"ReadAction","target":["https:\/\/legitgrams.com\/product\/add-b\/"]}]},{"@type":"ImageObject","inLanguage":"fr-BE","@id":"https:\/\/legitgrams.com\/product\/add-b\/#primaryimage","url":"https:\/\/legitgrams.com\/wp-content\/uploads\/2024\/08\/Add-b.gif","contentUrl":"https:\/\/legitgrams.com\/wp-content\/uploads\/2024\/08\/Add-b.gif","width":600,"height":600,"caption":"ADD-B for Sale"},{"@type":"BreadcrumbList","@id":"https:\/\/legitgrams.com\/product\/add-b\/#breadcrumb","itemListElement":[{"@type":"ListItem","position":1,"name":"Home","item":"https:\/\/legitgrams.com\/"},{"@type":"ListItem","position":2,"name":"Shop","item":"https:\/\/legitgrams.com\/shop\/"},{"@type":"ListItem","position":3,"name":"ADD-B"}]},{"@type":"WebSite","@id":"https:\/\/legitgrams.com\/#website","url":"https:\/\/legitgrams.com\/","name":"Les grammes l\u00e9gitimes","description":"Mon blog WordPress","publisher":{"@id":"https:\/\/legitgrams.com\/#organization"},"potentialAction":[{"@type":"SearchAction","target":{"@type":"EntryPoint","urlTemplate":"https:\/\/legitgrams.com\/?s={search_term_string}"},"query-input":{"@type":"PropertyValueSpecification","valueRequired":true,"valueName":"search_term_string"}}],"inLanguage":"fr-BE"},{"@type":"Organization","@id":"https:\/\/legitgrams.com\/#organization","name":"Les grammes l\u00e9gitimes","url":"https:\/\/legitgrams.com\/","logo":{"@type":"ImageObject","inLanguage":"fr-BE","@id":"https:\/\/legitgrams.com\/#\/schema\/logo\/image\/","url":"https:\/\/legitgrams.com\/wp-content\/uploads\/2024\/09\/main-logo.png","contentUrl":"https:\/\/legitgrams.com\/wp-content\/uploads\/2024\/09\/main-logo.png","width":270,"height":75,"caption":"Legit Grams"},"image":{"@id":"https:\/\/legitgrams.com\/#\/schema\/logo\/image\/"}}]}},"uagb_featured_image_src":{"full":["https:\/\/legitgrams.com\/wp-content\/uploads\/2024\/08\/Add-b.gif",600,600,false],"thumbnail":["https:\/\/legitgrams.com\/wp-content\/uploads\/2024\/08\/Add-b-150x150.gif",150,150,true],"medium":["https:\/\/legitgrams.com\/wp-content\/uploads\/2024\/08\/Add-b-300x300.gif",300,300,true],"medium_large":["https:\/\/legitgrams.com\/wp-content\/uploads\/2024\/08\/Add-b.gif",600,600,false],"large":["https:\/\/legitgrams.com\/wp-content\/uploads\/2024\/08\/Add-b.gif",600,600,false],"1536x1536":["https:\/\/legitgrams.com\/wp-content\/uploads\/2024\/08\/Add-b.gif",600,600,false],"2048x2048":["https:\/\/legitgrams.com\/wp-content\/uploads\/2024\/08\/Add-b.gif",600,600,false],"trp-custom-language-flag":["https:\/\/legitgrams.com\/wp-content\/uploads\/2024\/08\/Add-b-12x12.gif",12,12,true],"woocommerce_thumbnail":["https:\/\/legitgrams.com\/wp-content\/uploads\/2024\/08\/Add-b-300x300.gif",300,300,true],"woocommerce_single":["https:\/\/legitgrams.com\/wp-content\/uploads\/2024\/08\/Add-b.gif",600,600,false],"woocommerce_gallery_thumbnail":["https:\/\/legitgrams.com\/wp-content\/uploads\/2024\/08\/Add-b-100x100.gif",100,100,true]},"uagb_author_info":{"display_name":"cokeblog18","author_link":"https:\/\/legitgrams.com\/fr\/author\/"},"uagb_comment_info":0,"uagb_excerpt":"For Sale: ADD-B ADD-B can be bought online. It is a synthetic cannabis that is structurally categorized and used as a reference standard in analysis. It is unknown what the physiological and toxicological properties of this chemical are. 4. Cyan CUMYL-BUTINACA is categorized as a Schedule I substance in the United States. This gadget is&hellip;","_links":{"self":[{"href":"https:\/\/legitgrams.com\/fr\/wp-json\/wp\/v2\/product\/3261","targetHints":{"allow":["GET"]}}],"collection":[{"href":"https:\/\/legitgrams.com\/fr\/wp-json\/wp\/v2\/product"}],"about":[{"href":"https:\/\/legitgrams.com\/fr\/wp-json\/wp\/v2\/types\/product"}],"replies":[{"embeddable":true,"href":"https:\/\/legitgrams.com\/fr\/wp-json\/wp\/v2\/comments?post=3261"}],"wp:featuredmedia":[{"embeddable":true,"href":"https:\/\/legitgrams.com\/fr\/wp-json\/wp\/v2\/media\/3273"}],"wp:attachment":[{"href":"https:\/\/legitgrams.com\/fr\/wp-json\/wp\/v2\/media?parent=3261"}],"wp:term":[{"taxonomy":"product_brand","embeddable":true,"href":"https:\/\/legitgrams.com\/fr\/wp-json\/wp\/v2\/product_brand?post=3261"},{"taxonomy":"product_cat","embeddable":true,"href":"https:\/\/legitgrams.com\/fr\/wp-json\/wp\/v2\/product_cat?post=3261"},{"taxonomy":"product_tag","embeddable":true,"href":"https:\/\/legitgrams.com\/fr\/wp-json\/wp\/v2\/product_tag?post=3261"}],"curies":[{"name":"wp","href":"https:\/\/api.w.org\/{rel}","templated":true}]}}