{"id":3263,"date":"2024-08-03T05:27:05","date_gmt":"2024-08-03T05:27:05","guid":{"rendered":"https:\/\/cokebricks.com\/?post_type=product&#038;p=3263"},"modified":"2025-01-11T11:42:59","modified_gmt":"2025-01-11T11:42:59","slug":"5cladb","status":"publish","type":"product","link":"https:\/\/legitgrams.com\/fr\/produit\/5cladb\/","title":{"rendered":"5cladb"},"content":{"rendered":"<h2>Achetez 5CLADB en ligne sur LegitGrams.<\/h2>\n<p>Le cannabino\u00efde synth\u00e9tique 5-cl-adb-a (MDMB-4en-P) poss\u00e8de un noyau indazole et un alc\u00e8ne terminal dans sa cha\u00eene lat\u00e9rale. Il partage une structure avec <a href=\"https:\/\/legitgrams.com\/fr\/produit\/5cladb\/\">5F-MDMB-PINACA (5F-ADB)<\/a>. Il est de nature chirale. M\u00eame lorsque les \u00e9nantiom\u00e8res n\u2019ont pas \u00e9t\u00e9 s\u00e9par\u00e9s en laboratoire, l\u2019\u00e9nantiom\u00e8re S a \u00e9t\u00e9 d\u00e9tect\u00e9 dans des \u00e9chantillons. Le Comit\u00e9 d\u2019experts de l\u2019OMS sur la pharmacod\u00e9pendance n\u2019a pas encore \u00e9valu\u00e9 le produit chimique, et il ne se transforme pas facilement en d\u2019autres substances interdites. Pour les achats de 5-cl-adb-a effectu\u00e9s en ligne, contactez imm\u00e9diatement Coke Bricks !<\/p>\n<h3>Quelles sont les voies d\u2019administration du MDMB-4en-P (5-cl-adb-a) ?<\/h3>\n<p>Consommation par tabagisme La pulv\u00e9risation du produit chimique sur la mati\u00e8re v\u00e9g\u00e9tale ou son vaporisation apr\u00e8s pr\u00e9paration semble \u00eatre le moyen le plus probable de l'administrer sous forme liquide. 5-cl-adb-a (MDMB-4en-P) chez l'homme. Il a \u00e9t\u00e9 d\u00e9couvert dans des produits li\u00e9s au tabac saisis. Par cons\u00e9quent, la dose requise pour produire des effets pharmacologiques chez l'homme est inconnue. Avec le 5-cl-adb-a (MDMB-4en-P), nous sommes disponibles \u00e0 l'achat chez Legit Cannabinoids. Commandez maintenant !<\/p>\n<h3>Quelles sont les propri\u00e9t\u00e9s du 5-cl-adb-a (MDMB-4en-P) ?<\/h3>\n<p><a href=\"https:\/\/en.wikipedia.org\/wiki\/MDMB-4en-PINACA\">5-cl-adb-a (MDMB-4en-P)<\/a> et de nombreux autres cannabino\u00efdes synth\u00e9tiques subissent un m\u00e9tabolisme important. La drogue m\u00e8re a \u00e9t\u00e9 d\u00e9tect\u00e9e dans des tests d'urine r\u00e9els, contrairement \u00e0 certains autres cannabino\u00efdes synth\u00e9tiques <a href=\"https:\/\/legitgrams.com\/fr\/\">LegitGrams<\/a>. Le 5-cl-adb-a (MDMB-4en-P) s'est av\u00e9r\u00e9 \u00eatre le m\u00e9tabolite le plus courant dans les microsomes h\u00e9patiques humains, les h\u00e9patocytes et les \u00e9chantillons d'urine r\u00e9els. La valeur Ki du 5-cl-adb-a (MDMB-4en-P) par rapport aux r\u00e9cepteurs cannabino\u00efdes humains de type 1 (hCB1) est de 3,26 nM. De plus, il s'agit d'un agoniste puissant et complet qui r\u00e9duit l'accumulation d'ad\u00e9nosine monophosphate cyclique (AMPc) induite par la forskoline (EC50 = 0,33 nM).<\/p>","protected":false},"excerpt":{"rendered":"<p>Purchase 5CLADB online at LegitGrams. The synthetic cannabinoid 5-cl-adb-a (MDMB-4en-P) has an indazole core and a terminal alkene in its side chain. It shares a structure with 5F-MDMB-PINACA (5F-ADB). It is chiral in nature. Even when the enantiomers haven&#8217;t been separated in a laboratory, the S-enantiomer has been detected in samples. The WHO Expert Committee &hellip;<\/p>\n<p class=\"read-more\"> <a class=\"\" href=\"https:\/\/legitgrams.com\/fr\/produit\/5cladb\/\"> <span class=\"screen-reader-text\">5cladb<\/span> Lire la suite \"<\/a><\/p>","protected":false},"featured_media":5531,"comment_status":"open","ping_status":"closed","template":"","meta":{"_uag_custom_page_level_css":"","site-sidebar-layout":"default","site-content-layout":"default","ast-global-header-display":"","ast-main-header-display":"","ast-hfb-above-header-display":"","ast-hfb-below-header-display":"","ast-hfb-mobile-header-display":"","site-post-title":"","ast-breadcrumbs-content":"","ast-featured-img":"","footer-sml-layout":"","theme-transparent-header-meta":"default","adv-header-id-meta":"","stick-header-meta":"default","header-above-stick-meta":"","header-main-stick-meta":"","header-below-stick-meta":"","_joinchat":[]},"product_brand":[],"product_cat":[190],"product_tag":[459,460,447,237,461,238,239,240,241,242,462],"class_list":{"0":"post-3263","1":"product","2":"type-product","3":"status-publish","4":"has-post-thumbnail","6":"product_cat-cannabinoids","7":"product_tag-5-cl-adb-a","8":"product_tag-5cakb48","9":"product_tag-5f-mdmb-2201-psychonaut","10":"product_tag-5f-mdmb-2201","11":"product_tag-5f-mdmb-2201-cayman","12":"product_tag-5f-mdmb-2201-dosage","13":"product_tag-5f-mdmb-2201-opinie","14":"product_tag-5f-mdmb-2201-reddit","15":"product_tag-5f-mdmb-2201-review","16":"product_tag-5f-mdmb-2201-wiki","17":"product_tag-5fmdmb2201-5f-mdmb-2201-cannabinoid","18":"desktop-align-left","19":"tablet-align-left","20":"mobile-align-left","21":"ast-product-gallery-layout-horizontal","22":"ast-product-gallery-with-no-image","23":"ast-product-single-variable","24":"ast-product-tabs-layout-horizontal","25":"ast-qv-on-image","27":"first","28":"instock","29":"shipping-taxable","30":"purchasable","31":"product-type-variable"},"yoast_head":"<!-- This site is optimized with the Yoast SEO plugin v25.9 - https:\/\/yoast.com\/wordpress\/plugins\/seo\/ -->\n<title>5CLADB for Sale - Buy 5CLADB Powder Online @ Best Price<\/title>\n<meta name=\"description\" content=\"If you wish to buy 5cladb powder online, our online LegitGrams store can help. We have 5cladb for sale at the best rates here. Discover our best-quality 5cladb cannabinoid online!\" \/>\n<meta name=\"robots\" content=\"index, follow, max-snippet:-1, max-image-preview:large, max-video-preview:-1\" \/>\n<link rel=\"canonical\" href=\"https:\/\/legitgrams.com\/fr\/produit\/5cladb\/\" \/>\n<meta property=\"og:locale\" content=\"fr_FR\" \/>\n<meta property=\"og:type\" content=\"article\" \/>\n<meta property=\"og:title\" content=\"5CLADB for Sale - Buy 5CLADB Powder Online @ Best Price\" \/>\n<meta property=\"og:description\" content=\"If you wish to buy 5cladb powder online, our online LegitGrams store can help. We have 5cladb for sale at the best rates here. Discover our best-quality 5cladb cannabinoid online!\" \/>\n<meta property=\"og:url\" content=\"https:\/\/legitgrams.com\/fr\/produit\/5cladb\/\" \/>\n<meta property=\"og:site_name\" content=\"Legit Grams\" \/>\n<meta property=\"article:modified_time\" content=\"2025-01-11T11:42:59+00:00\" \/>\n<meta property=\"og:image\" content=\"https:\/\/legitgrams.com\/wp-content\/uploads\/2024\/08\/5cadb-b-1.gif\" \/>\n\t<meta property=\"og:image:width\" content=\"600\" \/>\n\t<meta property=\"og:image:height\" content=\"600\" \/>\n\t<meta property=\"og:image:type\" content=\"image\/gif\" \/>\n<meta name=\"twitter:card\" content=\"summary_large_image\" \/>\n<meta name=\"twitter:label1\" content=\"Dur\u00e9e de lecture est.\" \/>\n\t<meta name=\"twitter:data1\" content=\"2 minutes\" \/>\n<script type=\"application\/ld+json\" class=\"yoast-schema-graph\">{\"@context\":\"https:\/\/schema.org\",\"@graph\":[{\"@type\":\"WebPage\",\"@id\":\"https:\/\/legitgrams.com\/product\/5cladb\/\",\"url\":\"https:\/\/legitgrams.com\/product\/5cladb\/\",\"name\":\"5CLADB for Sale - Buy 5CLADB Powder Online @ Best Price\",\"isPartOf\":{\"@id\":\"https:\/\/legitgrams.com\/#website\"},\"primaryImageOfPage\":{\"@id\":\"https:\/\/legitgrams.com\/product\/5cladb\/#primaryimage\"},\"image\":{\"@id\":\"https:\/\/legitgrams.com\/product\/5cladb\/#primaryimage\"},\"thumbnailUrl\":\"https:\/\/legitgrams.com\/wp-content\/uploads\/2024\/08\/5cadb-b-1.gif\",\"datePublished\":\"2024-08-03T05:27:05+00:00\",\"dateModified\":\"2025-01-11T11:42:59+00:00\",\"description\":\"If you wish to buy 5cladb powder online, our online LegitGrams store can help. We have 5cladb for sale at the best rates here. Discover our best-quality 5cladb cannabinoid online!\",\"breadcrumb\":{\"@id\":\"https:\/\/legitgrams.com\/product\/5cladb\/#breadcrumb\"},\"inLanguage\":\"fr-BE\",\"potentialAction\":[{\"@type\":\"ReadAction\",\"target\":[\"https:\/\/legitgrams.com\/product\/5cladb\/\"]}]},{\"@type\":\"ImageObject\",\"inLanguage\":\"fr-BE\",\"@id\":\"https:\/\/legitgrams.com\/product\/5cladb\/#primaryimage\",\"url\":\"https:\/\/legitgrams.com\/wp-content\/uploads\/2024\/08\/5cadb-b-1.gif\",\"contentUrl\":\"https:\/\/legitgrams.com\/wp-content\/uploads\/2024\/08\/5cadb-b-1.gif\",\"width\":600,\"height\":600,\"caption\":\"5CLADB for Sale\"},{\"@type\":\"BreadcrumbList\",\"@id\":\"https:\/\/legitgrams.com\/product\/5cladb\/#breadcrumb\",\"itemListElement\":[{\"@type\":\"ListItem\",\"position\":1,\"name\":\"Home\",\"item\":\"https:\/\/legitgrams.com\/\"},{\"@type\":\"ListItem\",\"position\":2,\"name\":\"Shop\",\"item\":\"https:\/\/legitgrams.com\/shop\/\"},{\"@type\":\"ListItem\",\"position\":3,\"name\":\"5cladb\"}]},{\"@type\":\"WebSite\",\"@id\":\"https:\/\/legitgrams.com\/#website\",\"url\":\"https:\/\/legitgrams.com\/\",\"name\":\"Legit Grams\",\"description\":\"My WordPress Blog\",\"publisher\":{\"@id\":\"https:\/\/legitgrams.com\/#organization\"},\"potentialAction\":[{\"@type\":\"SearchAction\",\"target\":{\"@type\":\"EntryPoint\",\"urlTemplate\":\"https:\/\/legitgrams.com\/?s={search_term_string}\"},\"query-input\":{\"@type\":\"PropertyValueSpecification\",\"valueRequired\":true,\"valueName\":\"search_term_string\"}}],\"inLanguage\":\"fr-BE\"},{\"@type\":\"Organization\",\"@id\":\"https:\/\/legitgrams.com\/#organization\",\"name\":\"Legit Grams\",\"url\":\"https:\/\/legitgrams.com\/\",\"logo\":{\"@type\":\"ImageObject\",\"inLanguage\":\"fr-BE\",\"@id\":\"https:\/\/legitgrams.com\/#\/schema\/logo\/image\/\",\"url\":\"https:\/\/legitgrams.com\/wp-content\/uploads\/2024\/09\/main-logo.png\",\"contentUrl\":\"https:\/\/legitgrams.com\/wp-content\/uploads\/2024\/09\/main-logo.png\",\"width\":270,\"height\":75,\"caption\":\"Legit Grams\"},\"image\":{\"@id\":\"https:\/\/legitgrams.com\/#\/schema\/logo\/image\/\"}}]}<\/script>\n<!-- \/ Yoast SEO plugin. -->","yoast_head_json":{"title":"5CLADB for Sale - Acheter 5CLADB Powder Online @ Best Price","description":"Si vous souhaitez acheter de la poudre de 5cladb en ligne, notre magasin en ligne LegitGrams peut vous aider. Nous avons du 5cladb \u00e0 vendre aux meilleurs prix ici. D\u00e9couvrez notre cannabino\u00efde 5cladb de meilleure qualit\u00e9 en ligne !","robots":{"index":"index","follow":"follow","max-snippet":"max-snippet:-1","max-image-preview":"max-image-preview:large","max-video-preview":"max-video-preview:-1"},"canonical":"https:\/\/legitgrams.com\/fr\/produit\/5cladb\/","og_locale":"fr_FR","og_type":"article","og_title":"5CLADB for Sale - Buy 5CLADB Powder Online @ Best Price","og_description":"If you wish to buy 5cladb powder online, our online LegitGrams store can help. We have 5cladb for sale at the best rates here. Discover our best-quality 5cladb cannabinoid online!","og_url":"https:\/\/legitgrams.com\/fr\/produit\/5cladb\/","og_site_name":"Legit Grams","article_modified_time":"2025-01-11T11:42:59+00:00","og_image":[{"width":600,"height":600,"url":"https:\/\/legitgrams.com\/wp-content\/uploads\/2024\/08\/5cadb-b-1.gif","type":"image\/gif"}],"twitter_card":"summary_large_image","twitter_misc":{"Dur\u00e9e de lecture est.":"2 minutes"},"schema":{"@context":"https:\/\/schema.org","@graph":[{"@type":"WebPage","@id":"https:\/\/legitgrams.com\/product\/5cladb\/","url":"https:\/\/legitgrams.com\/product\/5cladb\/","name":"5CLADB for Sale - Acheter 5CLADB Powder Online @ Best Price","isPartOf":{"@id":"https:\/\/legitgrams.com\/#website"},"primaryImageOfPage":{"@id":"https:\/\/legitgrams.com\/product\/5cladb\/#primaryimage"},"image":{"@id":"https:\/\/legitgrams.com\/product\/5cladb\/#primaryimage"},"thumbnailUrl":"https:\/\/legitgrams.com\/wp-content\/uploads\/2024\/08\/5cadb-b-1.gif","datePublished":"2024-08-03T05:27:05+00:00","dateModified":"2025-01-11T11:42:59+00:00","description":"Si vous souhaitez acheter de la poudre de 5cladb en ligne, notre magasin en ligne LegitGrams peut vous aider. Nous avons du 5cladb \u00e0 vendre aux meilleurs prix ici. D\u00e9couvrez notre cannabino\u00efde 5cladb de meilleure qualit\u00e9 en ligne !","breadcrumb":{"@id":"https:\/\/legitgrams.com\/product\/5cladb\/#breadcrumb"},"inLanguage":"fr-BE","potentialAction":[{"@type":"ReadAction","target":["https:\/\/legitgrams.com\/product\/5cladb\/"]}]},{"@type":"ImageObject","inLanguage":"fr-BE","@id":"https:\/\/legitgrams.com\/product\/5cladb\/#primaryimage","url":"https:\/\/legitgrams.com\/wp-content\/uploads\/2024\/08\/5cadb-b-1.gif","contentUrl":"https:\/\/legitgrams.com\/wp-content\/uploads\/2024\/08\/5cadb-b-1.gif","width":600,"height":600,"caption":"5CLADB for Sale"},{"@type":"BreadcrumbList","@id":"https:\/\/legitgrams.com\/product\/5cladb\/#breadcrumb","itemListElement":[{"@type":"ListItem","position":1,"name":"Home","item":"https:\/\/legitgrams.com\/"},{"@type":"ListItem","position":2,"name":"Shop","item":"https:\/\/legitgrams.com\/shop\/"},{"@type":"ListItem","position":3,"name":"5cladb"}]},{"@type":"WebSite","@id":"https:\/\/legitgrams.com\/#website","url":"https:\/\/legitgrams.com\/","name":"Les grammes l\u00e9gitimes","description":"Mon blog WordPress","publisher":{"@id":"https:\/\/legitgrams.com\/#organization"},"potentialAction":[{"@type":"SearchAction","target":{"@type":"EntryPoint","urlTemplate":"https:\/\/legitgrams.com\/?s={search_term_string}"},"query-input":{"@type":"PropertyValueSpecification","valueRequired":true,"valueName":"search_term_string"}}],"inLanguage":"fr-BE"},{"@type":"Organization","@id":"https:\/\/legitgrams.com\/#organization","name":"Les grammes l\u00e9gitimes","url":"https:\/\/legitgrams.com\/","logo":{"@type":"ImageObject","inLanguage":"fr-BE","@id":"https:\/\/legitgrams.com\/#\/schema\/logo\/image\/","url":"https:\/\/legitgrams.com\/wp-content\/uploads\/2024\/09\/main-logo.png","contentUrl":"https:\/\/legitgrams.com\/wp-content\/uploads\/2024\/09\/main-logo.png","width":270,"height":75,"caption":"Legit Grams"},"image":{"@id":"https:\/\/legitgrams.com\/#\/schema\/logo\/image\/"}}]}},"uagb_featured_image_src":{"full":["https:\/\/legitgrams.com\/wp-content\/uploads\/2024\/08\/5cadb-b-1.gif",600,600,false],"thumbnail":["https:\/\/legitgrams.com\/wp-content\/uploads\/2024\/08\/5cadb-b-1-150x150.gif",150,150,true],"medium":["https:\/\/legitgrams.com\/wp-content\/uploads\/2024\/08\/5cadb-b-1-300x300.gif",300,300,true],"medium_large":["https:\/\/legitgrams.com\/wp-content\/uploads\/2024\/08\/5cadb-b-1.gif",600,600,false],"large":["https:\/\/legitgrams.com\/wp-content\/uploads\/2024\/08\/5cadb-b-1.gif",600,600,false],"1536x1536":["https:\/\/legitgrams.com\/wp-content\/uploads\/2024\/08\/5cadb-b-1.gif",600,600,false],"2048x2048":["https:\/\/legitgrams.com\/wp-content\/uploads\/2024\/08\/5cadb-b-1.gif",600,600,false],"trp-custom-language-flag":["https:\/\/legitgrams.com\/wp-content\/uploads\/2024\/08\/5cadb-b-1-12x12.gif",12,12,true],"woocommerce_thumbnail":["https:\/\/legitgrams.com\/wp-content\/uploads\/2024\/08\/5cadb-b-1-300x300.gif",300,300,true],"woocommerce_single":["https:\/\/legitgrams.com\/wp-content\/uploads\/2024\/08\/5cadb-b-1.gif",600,600,false],"woocommerce_gallery_thumbnail":["https:\/\/legitgrams.com\/wp-content\/uploads\/2024\/08\/5cadb-b-1-100x100.gif",100,100,true]},"uagb_author_info":{"display_name":"cokeblog18","author_link":"https:\/\/legitgrams.com\/fr\/author\/"},"uagb_comment_info":0,"uagb_excerpt":"Purchase 5CLADB online at LegitGrams. The synthetic cannabinoid 5-cl-adb-a (MDMB-4en-P) has an indazole core and a terminal alkene in its side chain. It shares a structure with 5F-MDMB-PINACA (5F-ADB). It is chiral in nature. Even when the enantiomers haven&#8217;t been separated in a laboratory, the S-enantiomer has been detected in samples. The WHO Expert Committee&hellip;","_links":{"self":[{"href":"https:\/\/legitgrams.com\/fr\/wp-json\/wp\/v2\/product\/3263","targetHints":{"allow":["GET"]}}],"collection":[{"href":"https:\/\/legitgrams.com\/fr\/wp-json\/wp\/v2\/product"}],"about":[{"href":"https:\/\/legitgrams.com\/fr\/wp-json\/wp\/v2\/types\/product"}],"replies":[{"embeddable":true,"href":"https:\/\/legitgrams.com\/fr\/wp-json\/wp\/v2\/comments?post=3263"}],"wp:featuredmedia":[{"embeddable":true,"href":"https:\/\/legitgrams.com\/fr\/wp-json\/wp\/v2\/media\/5531"}],"wp:attachment":[{"href":"https:\/\/legitgrams.com\/fr\/wp-json\/wp\/v2\/media?parent=3263"}],"wp:term":[{"taxonomy":"product_brand","embeddable":true,"href":"https:\/\/legitgrams.com\/fr\/wp-json\/wp\/v2\/product_brand?post=3263"},{"taxonomy":"product_cat","embeddable":true,"href":"https:\/\/legitgrams.com\/fr\/wp-json\/wp\/v2\/product_cat?post=3263"},{"taxonomy":"product_tag","embeddable":true,"href":"https:\/\/legitgrams.com\/fr\/wp-json\/wp\/v2\/product_tag?post=3263"}],"curies":[{"name":"wp","href":"https:\/\/api.w.org\/{rel}","templated":true}]}}