{"id":3280,"date":"2024-08-03T05:38:32","date_gmt":"2024-08-03T05:38:32","guid":{"rendered":"https:\/\/cokebricks.com\/?post_type=product&#038;p=3280"},"modified":"2025-03-08T05:57:51","modified_gmt":"2025-03-08T05:57:51","slug":"4f-mdma-b","status":"publish","type":"product","link":"https:\/\/legitgrams.com\/fr\/produit\/4f-mdma-b\/","title":{"rendered":"Acheter 4F-MDMB-2201 en ligne"},"content":{"rendered":"<h2>Vendu: 4F-MDMB-2201<\/h2>\n<p>Le cannabino\u00efde synth\u00e9tique <a href=\"https:\/\/legitgrams.com\/fr\/produit\/4f-mdma-b\/\">4F-MDMB-BINACA<\/a>, often referred to as <a href=\"https:\/\/www.bing.com\/search?q=Buy%204F-MDMB-2201%20Online&amp;qs=n&amp;form=QBRE&amp;sp=-1&amp;lq=0&amp;pq=buy%204f-mdmb-2201%20online&amp;sc=0-23&amp;sk=&amp;cvid=EDC4C0DBA04E4F899A8DCB87CE039D4E&amp;ghsh=0&amp;ghacc=0&amp;ghpl=\">MDMB-4F-BINAC<\/a>A, 4F-MDMB-BUTINACA, or <a href=\"https:\/\/www.bing.com\/search?q=Buy%204F-MDMB-2201%20Online&amp;qs=n&amp;form=QBRE&amp;sp=-1&amp;lq=0&amp;pq=buy%204f-mdmb-2201%20online&amp;sc=0-23&amp;sk=&amp;cvid=EDC4C0DBA04E4F899A8DCB87CE039D4E&amp;ghsh=0&amp;ghacc=0&amp;ghpl=\">4F-ADB<\/a>, souvent appel\u00e9 MDMB-4F-BINACA, 4F-MDMB-BUTINACA ou 4F-ADB, est bas\u00e9 sur les indazoles et appartient \u00e0 la famille des indazoles-3-carboxamides. Depuis fin 2018, il est commercialis\u00e9 comme m\u00e9dicament de synth\u00e8se et utilis\u00e9 comme composant actif dans les produits \u00e0 base de cannabis synth\u00e9tique. Bien que sa s\u00e9lectivit\u00e9 pour le r\u00e9cepteur CB1 soit inconnue, le 4F-MDMB-BINACA est un agoniste de ce r\u00e9cepteur (EC50 = 7,39 nM). L'ONUDC a publi\u00e9 des recommandations de classement en d\u00e9cembre 2019 qui placeraient le 4F-MDMB-BINACA dans le tableau II \u00e0 l'\u00e9chelle mondiale. <a href=\"https:\/\/en.wikipedia.org\/\">LegitGrams<\/a><\/p>\n<h3>Acheter de la poudre Acqu\u00e9rir 4F-MDMB-2201.<\/h3>\n<p>GET <a href=\"https:\/\/en.wikipedia.org\/wiki\/4F-MDMB-BINACA\">4F-MDMB-2201<\/a> POWDER Do you want to get <a href=\"https:\/\/www.google.com\/search?q=Buy+4F-MDMB-2201+Online&amp;num=10&amp;sca_esv=1a2a07081c7891bb&amp;rlz=1C1RXQR_enIN1098IN1098&amp;sxsrf=AHTn8zoD4BBHqeM8CnkQWb9glHkkVt9Evg%3A1741413310258&amp;ei=vtvLZ6irD8a8seMPrb-RgAM&amp;ved=0ahUKEwiogo-O5vmLAxVGXmwGHa1fBDAQ4dUDCBI&amp;uact=5&amp;oq=Buy+4F-MDMB-2201+Online&amp;gs_lp=Egxnd3Mtd2l6LXNlcnAiF0J1eSA0Ri1NRE1CLTIyMDEgT25saW5lSMkGUNUCWNUCcAJ4AJABAJgB5wGgAecBqgEDMi0xuAEDyAEA-AEC-AEBmAICoAIUwgILEAAYsAMYogQYiQXCAgsQABiABBiwAxiiBJgDAIgGAZAGBZIHATKgB0s&amp;sclient=gws-wiz-serp\">4F-MDMB-2201 Pulver<\/a> POUDRE Vous souhaitez obtenir de la poudre 4F-MDMB-2201 au meilleur prix ? Rendez-vous chez Coke Bricks pour acheter les m\u00e9dicaments les mieux con\u00e7us.<br \/>\nMDMB-4en PINACA est abr\u00e9g\u00e9 en 4F-MDMB-2201.s <a href=\"https:\/\/www.google.com\/search?q=Buy+4F-MDMB-2201+Online&amp;num=10&amp;sca_esv=1a2a07081c7891bb&amp;rlz=1C1RXQR_enIN1098IN1098&amp;sxsrf=AHTn8zoD4BBHqeM8CnkQWb9glHkkVt9Evg%3A1741413310258&amp;ei=vtvLZ6irD8a8seMPrb-RgAM&amp;ved=0ahUKEwiogo-O5vmLAxVGXmwGHa1fBDAQ4dUDCBI&amp;uact=5&amp;oq=Buy+4F-MDMB-2201+Online&amp;gs_lp=Egxnd3Mtd2l6LXNlcnAiF0J1eSA0Ri1NRE1CLTIyMDEgT25saW5lSMkGUNUCWNUCcAJ4AJABAJgB5wGgAecBqgEDMi0xuAEDyAEA-AEC-AEBmAICoAIUwgILEAAYsAMYogQYiQXCAgsQABiABBiwAxiiBJgDAIgGAZAGBZIHATKgB0s&amp;sclient=gws-wiz-serp\">4F-MDMB-2201<\/a>.<\/p>\n<p>Le cannabino\u00efde synth\u00e9tique \u00e0 base d'indazole 4F-MDMB-2201 est un m\u00e9dicament con\u00e7u depuis 2019.<\/p>\n<p>Le cannabino\u00efde synth\u00e9tique \u00e0 base d'indazole 4F-MDMB-2201 est un m\u00e9dicament con\u00e7u depuis 2019.<\/p>\n<p>Toujours en stock, exp\u00e9di\u00e9 sous un \u00e0 deux jours ouvrables.<\/p>\n<p>Effectuez un paiement s\u00e9curis\u00e9 en utilisant Giropay, Bitcoin ou une carte de cr\u00e9dit.<\/p>\n<h3>Achetez la poudre 4F-MDMB-2201 en toute s\u00e9curit\u00e9.<\/h3>\n<p>Comme nous achetons directement aupr\u00e8s des fabricants, nous pouvons toujours vous promettre les prix les plus bas. Vous pouvez payer en toute s\u00e9curit\u00e9 avec une carte de cr\u00e9dit, Bitcoin ou Giropay dans notre boutique en ligne.<\/p>\n<p>Tout est toujours accessible !<\/p>\n<p>Our website uses SSL encryption.<\/p>\n<p>Le cryptage SSL garantit que les donn\u00e9es sont transmises en toute s\u00e9curit\u00e9 et ne sont jamais consult\u00e9es par des tiers.<\/p>\n<h3>Le cryptage SSL garantit que les donn\u00e9es sont transmises en toute s\u00e9curit\u00e9 et ne sont jamais consult\u00e9es par des tiers.<\/h3>\n<p>Vous pouvez acqu\u00e9rir les meilleurs m\u00e9dicaments de marque du Benelux.<br \/>\nAvec sept ann\u00e9es d\u2019exp\u00e9rience dans l\u2019industrie des drogues de synth\u00e8se, nous sommes en mesure de fournir en permanence des produits de premier ordre.<\/p>\n<p>\u00c9tant donn\u00e9 que tous nos produits peuvent \u00eatre utilis\u00e9s en toute s\u00e9curit\u00e9 dans la recherche, car ils ont tous subi des tests en laboratoire.<\/p>\n<p>\u00c9tant donn\u00e9 que tous nos produits peuvent \u00eatre utilis\u00e9s en toute s\u00e9curit\u00e9 dans la recherche, car ils ont tous subi des tests en laboratoire.<\/p>\n<p>De nombreux d\u00e9taillants sur Internet vendent des drogues de synth\u00e8se, qu\u2019elles soient contrefaites ou de mauvaise qualit\u00e9.<\/p>\n<p>Votre commande sera livr\u00e9e \u00e0 votre domicile rapidement, discr\u00e8tement et en toute s\u00e9curit\u00e9 lorsque vous achetez des m\u00e9dicaments de marque sur Legitgrams !<\/p>\n<h3>OBTENEZ LA POUDRE 4F-MDMB-2201<\/h3>\n<p><a href=\"https:\/\/www.google.com\/search?q=Buy+4F-MDMB-2201+Online&amp;num=10&amp;sca_esv=1a2a07081c7891bb&amp;rlz=1C1RXQR_enIN1098IN1098&amp;sxsrf=AHTn8zoD4BBHqeM8CnkQWb9glHkkVt9Evg%3A1741413310258&amp;ei=vtvLZ6irD8a8seMPrb-RgAM&amp;ved=0ahUKEwiogo-O5vmLAxVGXmwGHa1fBDAQ4dUDCBI&amp;uact=5&amp;oq=Buy+4F-MDMB-2201+Online&amp;gs_lp=Egxnd3Mtd2l6LXNlcnAiF0J1eSA0Ri1NRE1CLTIyMDEgT25saW5lSMkGUNUCWNUCcAJ4AJABAJgB5wGgAecBqgEDMi0xuAEDyAEA-AEC-AEBmAICoAIUwgILEAAYsAMYogQYiQXCAgsQABiABBiwAxiiBJgDAIgGAZAGBZIHATKgB0s&amp;sclient=gws-wiz-serp\">Pulver 4F-MDMB-2201<\/a>, tested in a lab<\/p>\n<p>Lorsque vous recherchez des produits pharmaceutiques de marque, il va sans dire que vous souhaitez vous assurer que les produits sont de la meilleure qualit\u00e9.<\/p>\n<p>Les m\u00e9dicaments sont de la meilleure qualit\u00e9 et sont toujours test\u00e9s en laboratoire.<\/p>\n<p>Travailler avec nous sera un plaisir car nous proposons les meilleures offres sur des produits de haute qualit\u00e9.<\/p>\n<p>Achetez des drogues de synth\u00e8se discr\u00e8tement et l\u00e9galement.<\/p>\n<p>Les drogues de synth\u00e8se sont d\u00e9sormais disponibles l\u00e9galement \u00e0 l\u2019achat en ligne\u00a0!<\/p>\n<p>Needless to mention, it is important to purchase designer drugs from the right place.<br \/>\nEn raison de l\u2019abondance de sites Web peu fiables, vous pourriez obtenir des articles qui pourraient \u00eatre nocifs pour votre sant\u00e9.<\/p>\n<p>For this reason, we suggest that you purchase your designer medications from legitgrams.com.<\/p>\n<p>Legit Grams est depuis longtemps un leader dans la vente de m\u00e9dicaments de marque haut de gamme et compte un large public de clients d\u00e9vou\u00e9s.<\/p>\n<h3>Investir dans des drogues de synth\u00e8se \u00e0 bas prix ?<\/h3>\n<p><a href=\"https:\/\/duckduckgo.com\/?q=Buy+4F-MDMB-2201+Online&amp;t=h_&amp;ia=web\">By purchasing<\/a> En achetant vos produits aupr\u00e8s de l'\u00e9quipe legitgrams, vous pouvez vous offrir la meilleure qualit\u00e9 aux meilleurs prix !<\/p>\n<p>De nombreux clients qui ach\u00e8tent des m\u00e9dicaments de synth\u00e8se dans des pharmacies l\u00e9gitimes reviennent pour en acheter davantage.<\/p>\n<p>Bien entendu, lorsque vous recherchez des drogues de synth\u00e8se, un site Web fiable est essentiel.<\/p>\n<p>pour assurer une livraison dans les d\u00e9lais afin de garantir que les marchandises sont d'une qualit\u00e9 raisonnable et sont livr\u00e9es \u00e0 votre adresse rapidement.<\/p>\n<p>You may be sure that <a href=\"https:\/\/duckduckgo.com\/?q=Buy+4F-MDMB-2201+Online&amp;t=h_&amp;ia=web\">openness<\/a>, safety, and dependability are top priorities for legitgrams.<\/p>\n<h3>Offre pour le 4F-MDMB-2201 en poudre :<\/h3>\n<p>Legitgrams propose g\u00e9n\u00e9ralement des remises incroyables qui vous aideront \u00e0 \u00e9conomiser une somme d'argent importante, telles que :<\/p>\n<p>&nbsp;<\/p>","protected":false},"excerpt":{"rendered":"<p>Sold: 4F-MDMB-2201 The synthetic cannabinoid 4F-MDMB-BINACA, often referred to as MDMB-4F-BINACA, 4F-MDMB-BUTINACA, or 4F-ADB, is based on indazoles and belongs to the indazole-3-carboxamide family. Since late 2018, it has been marketed as a designer medicine and utilized as an active component in synthetic cannabis products. Although its selectivity for the CB1 receptor is unknown, 4F-MDMB-BINACA &hellip;<\/p>\n<p class=\"read-more\"> <a class=\"\" href=\"https:\/\/legitgrams.com\/fr\/produit\/4f-mdma-b\/\"> <span class=\"screen-reader-text\">Acheter 4F-MDMB-2201 en ligne<\/span> Lire la suite \"<\/a><\/p>","protected":false},"featured_media":3290,"comment_status":"open","ping_status":"closed","template":"","meta":{"_uag_custom_page_level_css":"","site-sidebar-layout":"default","site-content-layout":"default","ast-global-header-display":"","ast-main-header-display":"","ast-hfb-above-header-display":"","ast-hfb-below-header-display":"","ast-hfb-mobile-header-display":"","site-post-title":"","ast-breadcrumbs-content":"","ast-featured-img":"","footer-sml-layout":"","theme-transparent-header-meta":"default","adv-header-id-meta":"","stick-header-meta":"default","header-above-stick-meta":"","header-main-stick-meta":"","header-below-stick-meta":"","_joinchat":[]},"product_brand":[],"product_cat":[190],"product_tag":[431,432,433,434,435,436,437,438,439,440,441,442,443],"class_list":{"0":"post-3280","1":"product","2":"type-product","3":"status-publish","4":"has-post-thumbnail","6":"product_cat-cannabinoids","7":"product_tag-4f-mdmb","8":"product_tag-4f-mdmb-2201","9":"product_tag-4f-mdmb-bianca","10":"product_tag-4f-mdmb-bica","11":"product_tag-4f-mdmb-binaca","12":"product_tag-4f-mdmb-binaca-kaufen","13":"product_tag-4f-mdmb-binaca-legal","14":"product_tag-4f-mdmb-binaca-liquid","15":"product_tag-4f-mdmb-binaca-nebenwirkungen","16":"product_tag-4f-mdmb-binaca-side-effects","17":"product_tag-4f-mdmb-binaca-flussigkeit","18":"product_tag-4f-mdmb-butinaca","19":"product_tag-4f-mdmb-pinaca","20":"desktop-align-left","21":"tablet-align-left","22":"mobile-align-left","23":"ast-product-gallery-layout-horizontal","24":"ast-product-gallery-with-no-image","25":"ast-product-single-variable","26":"ast-product-tabs-layout-horizontal","27":"ast-qv-on-image","29":"first","30":"instock","31":"shipping-taxable","32":"purchasable","33":"product-type-variable"},"yoast_head":"<!-- This site is optimized with the Yoast SEO plugin v25.9 - https:\/\/yoast.com\/wordpress\/plugins\/seo\/ -->\n<title>4F-MDMB-2201 for Sale - Order 4F-MDMB-2201 Online<\/title>\n<meta name=\"description\" content=\"If you want to buy 4F-MDMB-2201 powder online and looking for a reliable online shop, then buy here. We offer only 4F-MDMB-2201 for sale. Shop Today!\" \/>\n<meta name=\"robots\" content=\"index, follow, max-snippet:-1, max-image-preview:large, max-video-preview:-1\" \/>\n<link rel=\"canonical\" href=\"https:\/\/legitgrams.com\/fr\/produit\/4f-mdma-b\/\" \/>\n<meta property=\"og:locale\" content=\"fr_FR\" \/>\n<meta property=\"og:type\" content=\"article\" \/>\n<meta property=\"og:title\" content=\"4F-MDMB-2201 for Sale - Order 4F-MDMB-2201 Online\" \/>\n<meta property=\"og:description\" content=\"If you want to buy 4F-MDMB-2201 powder online and looking for a reliable online shop, then buy here. We offer only 4F-MDMB-2201 for sale. Shop Today!\" \/>\n<meta property=\"og:url\" content=\"https:\/\/legitgrams.com\/fr\/produit\/4f-mdma-b\/\" \/>\n<meta property=\"og:site_name\" content=\"Legit Grams\" \/>\n<meta property=\"article:modified_time\" content=\"2025-03-08T05:57:51+00:00\" \/>\n<meta property=\"og:image\" content=\"https:\/\/legitgrams.com\/wp-content\/uploads\/2024\/08\/4f-mdma-b.gif\" \/>\n\t<meta property=\"og:image:width\" content=\"600\" \/>\n\t<meta property=\"og:image:height\" content=\"600\" \/>\n\t<meta property=\"og:image:type\" content=\"image\/gif\" \/>\n<meta name=\"twitter:card\" content=\"summary_large_image\" \/>\n<meta name=\"twitter:label1\" content=\"Dur\u00e9e de lecture est.\" \/>\n\t<meta name=\"twitter:data1\" content=\"3 minutes\" \/>\n<script type=\"application\/ld+json\" class=\"yoast-schema-graph\">{\"@context\":\"https:\/\/schema.org\",\"@graph\":[{\"@type\":\"WebPage\",\"@id\":\"https:\/\/legitgrams.com\/product\/4f-mdma-b\/\",\"url\":\"https:\/\/legitgrams.com\/product\/4f-mdma-b\/\",\"name\":\"4F-MDMB-2201 for Sale - Order 4F-MDMB-2201 Online\",\"isPartOf\":{\"@id\":\"https:\/\/legitgrams.com\/#website\"},\"primaryImageOfPage\":{\"@id\":\"https:\/\/legitgrams.com\/product\/4f-mdma-b\/#primaryimage\"},\"image\":{\"@id\":\"https:\/\/legitgrams.com\/product\/4f-mdma-b\/#primaryimage\"},\"thumbnailUrl\":\"https:\/\/legitgrams.com\/wp-content\/uploads\/2024\/08\/4f-mdma-b.gif\",\"datePublished\":\"2024-08-03T05:38:32+00:00\",\"dateModified\":\"2025-03-08T05:57:51+00:00\",\"description\":\"If you want to buy 4F-MDMB-2201 powder online and looking for a reliable online shop, then buy here. We offer only 4F-MDMB-2201 for sale. Shop Today!\",\"breadcrumb\":{\"@id\":\"https:\/\/legitgrams.com\/product\/4f-mdma-b\/#breadcrumb\"},\"inLanguage\":\"fr-BE\",\"potentialAction\":[{\"@type\":\"ReadAction\",\"target\":[\"https:\/\/legitgrams.com\/product\/4f-mdma-b\/\"]}]},{\"@type\":\"ImageObject\",\"inLanguage\":\"fr-BE\",\"@id\":\"https:\/\/legitgrams.com\/product\/4f-mdma-b\/#primaryimage\",\"url\":\"https:\/\/legitgrams.com\/wp-content\/uploads\/2024\/08\/4f-mdma-b.gif\",\"contentUrl\":\"https:\/\/legitgrams.com\/wp-content\/uploads\/2024\/08\/4f-mdma-b.gif\",\"width\":600,\"height\":600,\"caption\":\"4F-MDMB-2201 for Sale\"},{\"@type\":\"BreadcrumbList\",\"@id\":\"https:\/\/legitgrams.com\/product\/4f-mdma-b\/#breadcrumb\",\"itemListElement\":[{\"@type\":\"ListItem\",\"position\":1,\"name\":\"Home\",\"item\":\"https:\/\/legitgrams.com\/\"},{\"@type\":\"ListItem\",\"position\":2,\"name\":\"Shop\",\"item\":\"https:\/\/legitgrams.com\/shop\/\"},{\"@type\":\"ListItem\",\"position\":3,\"name\":\"Buy 4F-MDMB-2201 Online\"}]},{\"@type\":\"WebSite\",\"@id\":\"https:\/\/legitgrams.com\/#website\",\"url\":\"https:\/\/legitgrams.com\/\",\"name\":\"Legit Grams\",\"description\":\"My WordPress Blog\",\"publisher\":{\"@id\":\"https:\/\/legitgrams.com\/#organization\"},\"potentialAction\":[{\"@type\":\"SearchAction\",\"target\":{\"@type\":\"EntryPoint\",\"urlTemplate\":\"https:\/\/legitgrams.com\/?s={search_term_string}\"},\"query-input\":{\"@type\":\"PropertyValueSpecification\",\"valueRequired\":true,\"valueName\":\"search_term_string\"}}],\"inLanguage\":\"fr-BE\"},{\"@type\":\"Organization\",\"@id\":\"https:\/\/legitgrams.com\/#organization\",\"name\":\"Legit Grams\",\"url\":\"https:\/\/legitgrams.com\/\",\"logo\":{\"@type\":\"ImageObject\",\"inLanguage\":\"fr-BE\",\"@id\":\"https:\/\/legitgrams.com\/#\/schema\/logo\/image\/\",\"url\":\"https:\/\/legitgrams.com\/wp-content\/uploads\/2024\/09\/main-logo.png\",\"contentUrl\":\"https:\/\/legitgrams.com\/wp-content\/uploads\/2024\/09\/main-logo.png\",\"width\":270,\"height\":75,\"caption\":\"Legit Grams\"},\"image\":{\"@id\":\"https:\/\/legitgrams.com\/#\/schema\/logo\/image\/\"}}]}<\/script>\n<!-- \/ Yoast SEO plugin. -->","yoast_head_json":{"title":"4F-MDMB-2201 for Sale - Commander 4F-MDMB-2201 en ligne","description":"Si vous voulez acheter de la poudre 4F-MDMB-2201 en ligne et que vous cherchez une boutique en ligne fiable, alors achetez ici. Nous proposons uniquement la poudre 4F-MDMB-2201 \u00e0 la vente. Achetez aujourd'hui !","robots":{"index":"index","follow":"follow","max-snippet":"max-snippet:-1","max-image-preview":"max-image-preview:large","max-video-preview":"max-video-preview:-1"},"canonical":"https:\/\/legitgrams.com\/fr\/produit\/4f-mdma-b\/","og_locale":"fr_FR","og_type":"article","og_title":"4F-MDMB-2201 for Sale - Order 4F-MDMB-2201 Online","og_description":"If you want to buy 4F-MDMB-2201 powder online and looking for a reliable online shop, then buy here. We offer only 4F-MDMB-2201 for sale. Shop Today!","og_url":"https:\/\/legitgrams.com\/fr\/produit\/4f-mdma-b\/","og_site_name":"Legit Grams","article_modified_time":"2025-03-08T05:57:51+00:00","og_image":[{"width":600,"height":600,"url":"https:\/\/legitgrams.com\/wp-content\/uploads\/2024\/08\/4f-mdma-b.gif","type":"image\/gif"}],"twitter_card":"summary_large_image","twitter_misc":{"Dur\u00e9e de lecture est.":"3 minutes"},"schema":{"@context":"https:\/\/schema.org","@graph":[{"@type":"WebPage","@id":"https:\/\/legitgrams.com\/product\/4f-mdma-b\/","url":"https:\/\/legitgrams.com\/product\/4f-mdma-b\/","name":"4F-MDMB-2201 for Sale - Commander 4F-MDMB-2201 en ligne","isPartOf":{"@id":"https:\/\/legitgrams.com\/#website"},"primaryImageOfPage":{"@id":"https:\/\/legitgrams.com\/product\/4f-mdma-b\/#primaryimage"},"image":{"@id":"https:\/\/legitgrams.com\/product\/4f-mdma-b\/#primaryimage"},"thumbnailUrl":"https:\/\/legitgrams.com\/wp-content\/uploads\/2024\/08\/4f-mdma-b.gif","datePublished":"2024-08-03T05:38:32+00:00","dateModified":"2025-03-08T05:57:51+00:00","description":"Si vous voulez acheter de la poudre 4F-MDMB-2201 en ligne et que vous cherchez une boutique en ligne fiable, alors achetez ici. Nous proposons uniquement la poudre 4F-MDMB-2201 \u00e0 la vente. Achetez aujourd'hui !","breadcrumb":{"@id":"https:\/\/legitgrams.com\/product\/4f-mdma-b\/#breadcrumb"},"inLanguage":"fr-BE","potentialAction":[{"@type":"ReadAction","target":["https:\/\/legitgrams.com\/product\/4f-mdma-b\/"]}]},{"@type":"ImageObject","inLanguage":"fr-BE","@id":"https:\/\/legitgrams.com\/product\/4f-mdma-b\/#primaryimage","url":"https:\/\/legitgrams.com\/wp-content\/uploads\/2024\/08\/4f-mdma-b.gif","contentUrl":"https:\/\/legitgrams.com\/wp-content\/uploads\/2024\/08\/4f-mdma-b.gif","width":600,"height":600,"caption":"4F-MDMB-2201 for Sale"},{"@type":"BreadcrumbList","@id":"https:\/\/legitgrams.com\/product\/4f-mdma-b\/#breadcrumb","itemListElement":[{"@type":"ListItem","position":1,"name":"Home","item":"https:\/\/legitgrams.com\/"},{"@type":"ListItem","position":2,"name":"Shop","item":"https:\/\/legitgrams.com\/shop\/"},{"@type":"ListItem","position":3,"name":"Buy 4F-MDMB-2201 Online"}]},{"@type":"WebSite","@id":"https:\/\/legitgrams.com\/#website","url":"https:\/\/legitgrams.com\/","name":"Les grammes l\u00e9gitimes","description":"Mon blog WordPress","publisher":{"@id":"https:\/\/legitgrams.com\/#organization"},"potentialAction":[{"@type":"SearchAction","target":{"@type":"EntryPoint","urlTemplate":"https:\/\/legitgrams.com\/?s={search_term_string}"},"query-input":{"@type":"PropertyValueSpecification","valueRequired":true,"valueName":"search_term_string"}}],"inLanguage":"fr-BE"},{"@type":"Organization","@id":"https:\/\/legitgrams.com\/#organization","name":"Les grammes l\u00e9gitimes","url":"https:\/\/legitgrams.com\/","logo":{"@type":"ImageObject","inLanguage":"fr-BE","@id":"https:\/\/legitgrams.com\/#\/schema\/logo\/image\/","url":"https:\/\/legitgrams.com\/wp-content\/uploads\/2024\/09\/main-logo.png","contentUrl":"https:\/\/legitgrams.com\/wp-content\/uploads\/2024\/09\/main-logo.png","width":270,"height":75,"caption":"Legit Grams"},"image":{"@id":"https:\/\/legitgrams.com\/#\/schema\/logo\/image\/"}}]}},"uagb_featured_image_src":{"full":["https:\/\/legitgrams.com\/wp-content\/uploads\/2024\/08\/4f-mdma-b.gif",600,600,false],"thumbnail":["https:\/\/legitgrams.com\/wp-content\/uploads\/2024\/08\/4f-mdma-b-150x150.gif",150,150,true],"medium":["https:\/\/legitgrams.com\/wp-content\/uploads\/2024\/08\/4f-mdma-b-300x300.gif",300,300,true],"medium_large":["https:\/\/legitgrams.com\/wp-content\/uploads\/2024\/08\/4f-mdma-b.gif",600,600,false],"large":["https:\/\/legitgrams.com\/wp-content\/uploads\/2024\/08\/4f-mdma-b.gif",600,600,false],"1536x1536":["https:\/\/legitgrams.com\/wp-content\/uploads\/2024\/08\/4f-mdma-b.gif",600,600,false],"2048x2048":["https:\/\/legitgrams.com\/wp-content\/uploads\/2024\/08\/4f-mdma-b.gif",600,600,false],"trp-custom-language-flag":["https:\/\/legitgrams.com\/wp-content\/uploads\/2024\/08\/4f-mdma-b-12x12.gif",12,12,true],"woocommerce_thumbnail":["https:\/\/legitgrams.com\/wp-content\/uploads\/2024\/08\/4f-mdma-b-300x300.gif",300,300,true],"woocommerce_single":["https:\/\/legitgrams.com\/wp-content\/uploads\/2024\/08\/4f-mdma-b.gif",600,600,false],"woocommerce_gallery_thumbnail":["https:\/\/legitgrams.com\/wp-content\/uploads\/2024\/08\/4f-mdma-b-100x100.gif",100,100,true]},"uagb_author_info":{"display_name":"cokeblog18","author_link":"https:\/\/legitgrams.com\/fr\/author\/"},"uagb_comment_info":0,"uagb_excerpt":"Sold: 4F-MDMB-2201 The synthetic cannabinoid 4F-MDMB-BINACA, often referred to as MDMB-4F-BINACA, 4F-MDMB-BUTINACA, or 4F-ADB, is based on indazoles and belongs to the indazole-3-carboxamide family. Since late 2018, it has been marketed as a designer medicine and utilized as an active component in synthetic cannabis products. Although its selectivity for the CB1 receptor is unknown, 4F-MDMB-BINACA&hellip;","_links":{"self":[{"href":"https:\/\/legitgrams.com\/fr\/wp-json\/wp\/v2\/product\/3280","targetHints":{"allow":["GET"]}}],"collection":[{"href":"https:\/\/legitgrams.com\/fr\/wp-json\/wp\/v2\/product"}],"about":[{"href":"https:\/\/legitgrams.com\/fr\/wp-json\/wp\/v2\/types\/product"}],"replies":[{"embeddable":true,"href":"https:\/\/legitgrams.com\/fr\/wp-json\/wp\/v2\/comments?post=3280"}],"wp:featuredmedia":[{"embeddable":true,"href":"https:\/\/legitgrams.com\/fr\/wp-json\/wp\/v2\/media\/3290"}],"wp:attachment":[{"href":"https:\/\/legitgrams.com\/fr\/wp-json\/wp\/v2\/media?parent=3280"}],"wp:term":[{"taxonomy":"product_brand","embeddable":true,"href":"https:\/\/legitgrams.com\/fr\/wp-json\/wp\/v2\/product_brand?post=3280"},{"taxonomy":"product_cat","embeddable":true,"href":"https:\/\/legitgrams.com\/fr\/wp-json\/wp\/v2\/product_cat?post=3280"},{"taxonomy":"product_tag","embeddable":true,"href":"https:\/\/legitgrams.com\/fr\/wp-json\/wp\/v2\/product_tag?post=3280"}],"curies":[{"name":"wp","href":"https:\/\/api.w.org\/{rel}","templated":true}]}}