{"id":3281,"date":"2024-08-03T05:38:50","date_gmt":"2024-08-03T05:38:50","guid":{"rendered":"https:\/\/cokebricks.com\/?post_type=product&#038;p=3281"},"modified":"2025-01-11T10:28:49","modified_gmt":"2025-01-11T10:28:49","slug":"3fpvp","status":"publish","type":"product","link":"https:\/\/legitgrams.com\/fr\/produit\/3fpvp\/","title":{"rendered":"3F-PVP"},"content":{"rendered":"<h2>\u00c0 vendre : 3F-PVP<\/h2>\n<p>3F-PVP <a href=\"https:\/\/legitgrams.com\/fr\/produit\/3fpvp\/\">(3FPVP) CRYSTALS<\/a> sont disponibles chez legitgrams pour r\u00e9pondre \u00e0 tous vos besoins chimiques. L'entreprise s'engage \u00e0 fournir \u00e0 ses clients le meilleur service possible car elle a gagn\u00e9 la confiance de tant de personnes.<\/p>\n<h3>3F-PVP : Expliquez l'\u00e9v\u00e9nement.<\/h3>\n<p>3F-PVP en ligne est un programme l\u00e9gitime de classe de cathinone qui a les m\u00eames caract\u00e9ristiques que A-PHP. 3F-alpha-PVP est le nom chimique du 3F-PVP. La formule du 3f-PVP est C15H20FNO et son poids mol\u00e9culaire est de 249,32.<\/p>\n<p>Une dose de 3F-PVP produit un effet euphorisant mod\u00e9r\u00e9 \u00e0 puissant qui impr\u00e8gne tout le corps. Deuxi\u00e8mement, il peut \u00eatre \u00e9crasant \u00e0 des doses \u00e9lev\u00e9es. Il favorise les activit\u00e9s r\u00e9cr\u00e9atives comme la danse, l'escalade et la course \u00e0 pied.s<\/p>\n<p>Dans certains cas, cela n\u2019est pas possible. une d\u00e9ficience g\u00e9n\u00e9ralis\u00e9e du contr\u00f4le moteur et des troubles graves<\/p>\n<p>Dans certains cas, ce n'est pas possible. Le serrement des m\u00e2choires, les tremblements incontr\u00f4lables du corps et les vibrations provoquent des tremblements importants des mains et un manque g\u00e9n\u00e9ral de contr\u00f4le moteur, ce qui rend difficile, voire souvent impossible, de rester immobile. Malgr\u00e9 le fait que ce m\u00e9dicament ait certains effets secondaires, comme le risque de provoquer un flou temporaire et une d\u00e9ficience visuelle due \u00e0 des secousses oculaires, il est n\u00e9anmoins recommand\u00e9 de toujours consulter votre m\u00e9decin avant de l'utiliser. Achetez 3F-PVP (3FPVP) CRYSTALS en ligne aux \u00c9tats-Unis.<\/p>\n<h3>LE MEILLEUR ENDROIT POUR ACHETER 3F-PVP EN LIGNE<\/h3>\n<p>One of the reputable and trustworthy 3F-PVP online retailers is <a href=\"https:\/\/legitgrams.com\/fr\/\">LegitGrams<\/a>L'entreprise a re\u00e7u de nombreux commentaires positifs de la part de clients qui lui font confiance pour livrer des produits de haute qualit\u00e9.<\/p>\n<h3>ACC\u00c9DEZ AUX CRISTAUX 3F-PVP (3FPVP) EN LIGNE.<\/h3>\n<p>Aper\u00e7u<\/p>\n<p>Vous souhaitez acheter de la poudre de 3F-PVP ou de la 3-fluoro-\u03b1-pyrrolidinovaleroph\u00e9none ? Alors vous \u00eates au bon endroit ! Dans notre boutique en ligne, vous ne trouverez que les meilleures substances de recherche \u00e9valu\u00e9es en laboratoire. Les commandes sont emball\u00e9es discr\u00e8tement et exp\u00e9di\u00e9es dans la journ\u00e9e. De plus, vous pouvez effectuer des paiements rapides et s\u00e9curis\u00e9s avec Bitcoin et d\u2019autres crypto-monnaies.<\/p>\n<h3>O\u00f9 puis-je acheter 3F-PVP ?<\/h3>\n<p>Vous pouvez acheter tous vos produits chimiques de recherche, y compris le meilleur 3F-PVP, dans notre boutique en ligne.<\/p>\n<p>Seuls les laboratoires doivent utiliser cette substance.<\/p>\n<p>Seuls les laboratoires doivent utiliser cette substance.<\/p>\n<p>Veuillez noter que, comme d\u2019autres produits chimiques de recherche, le 3F-PVP est destin\u00e9 uniquement \u00e0 \u00eatre utilis\u00e9 dans la recherche et ne doit pas \u00eatre consomm\u00e9 par les humains, les animaux ou d\u2019autres cr\u00e9atures vivantes.<\/p>\n<p>Conserver dans un endroit sec et frais pour une dur\u00e9e de conservation maximale.<\/p>\n<p>Nous n\u2019autorisons personne de moins de dix-huit ans \u00e0 acheter des substances destin\u00e9es \u00e0 la recherche.<\/p>","protected":false},"excerpt":{"rendered":"<p><b>3-Fluoro-\u03b1-Pyrrolidinoval\u00e9roph\u00e9none<\/b>\u00a0(<b>3F-PVP<\/b>) est une drogue de synth\u00e8se r\u00e9cr\u00e9ative de la famille des cathinones substitu\u00e9es aux effets stimulants, qui est apparue pour la premi\u00e8re fois sur le march\u00e9 illicite aux alentours de 2018<\/p>","protected":false},"featured_media":3292,"comment_status":"open","ping_status":"closed","template":"","meta":{"_uag_custom_page_level_css":"","site-sidebar-layout":"default","site-content-layout":"default","ast-global-header-display":"","ast-main-header-display":"","ast-hfb-above-header-display":"","ast-hfb-below-header-display":"","ast-hfb-mobile-header-display":"","site-post-title":"","ast-breadcrumbs-content":"","ast-featured-img":"","footer-sml-layout":"","theme-transparent-header-meta":"default","adv-header-id-meta":"","stick-header-meta":"default","header-above-stick-meta":"","header-main-stick-meta":"","header-below-stick-meta":"","_joinchat":[]},"product_brand":[],"product_cat":[190],"product_tag":[5641,5645,5644,5652,5643,5653,5655,5662,5663,5661,5658,5660,5650,617,5642,5657,5654,5649,5647,5659,5656,625,5648,5651,5646],"class_list":{"0":"post-3281","1":"product","2":"type-product","3":"status-publish","4":"has-post-thumbnail","6":"product_cat-cannabinoids","7":"product_tag-3f-pvp","8":"product_tag-3f-pvp-3f-pvp-supplier","9":"product_tag-3f-pvp-for-sale","10":"product_tag-3f-pvp-legally","11":"product_tag-3f-pvp-online","12":"product_tag-3f-pvp-price","13":"product_tag-3f-pvp-store","14":"product_tag-3f-pvp-use","15":"product_tag-3f-pvp-wiki","16":"product_tag-3f-pvp-worldwide","17":"product_tag-3f-pvps","18":"product_tag-best-cheap-price-3f-pvp","19":"product_tag-best-place-to-buy-3f-pvp","20":"product_tag-bulk-online","21":"product_tag-buy-3f-pvp","22":"product_tag-cheap-3f-pvp","23":"product_tag-high-quality-3f-pvp","24":"product_tag-how-to-buy-3f-pvp","25":"product_tag-order-3f-pvp","26":"product_tag-purcharse-3f-pvp","27":"product_tag-shop-3f-pvp","28":"product_tag-top-quality","29":"product_tag-where-to-buy-3f-pvp","30":"product_tag-where-to-order-3f-pvp","31":"product_tag-wholesale-3f-pvp","32":"desktop-align-left","33":"tablet-align-left","34":"mobile-align-left","35":"ast-product-gallery-layout-horizontal","36":"ast-product-gallery-with-no-image","37":"ast-product-single-variable","38":"ast-product-tabs-layout-horizontal","39":"ast-qv-on-image","41":"first","42":"instock","43":"shipping-taxable","44":"purchasable","45":"product-type-variable"},"yoast_head":"<!-- This site is optimized with the Yoast SEO plugin v25.9 - https:\/\/yoast.com\/wordpress\/plugins\/seo\/ -->\n<title>3F-PVP for Sale - Order 3F-PVP Online | LegitGrams<\/title>\n<meta name=\"description\" content=\"You can now get 3F-PVP for sale from our cannabinoids store. Our staff will assist you to buy 3F-PVP online at the best prices. Order 3F-PVP online today!\" \/>\n<meta name=\"robots\" content=\"index, follow, max-snippet:-1, max-image-preview:large, max-video-preview:-1\" \/>\n<link rel=\"canonical\" href=\"https:\/\/legitgrams.com\/fr\/produit\/3fpvp\/\" \/>\n<meta property=\"og:locale\" content=\"fr_FR\" \/>\n<meta property=\"og:type\" content=\"article\" \/>\n<meta property=\"og:title\" content=\"3F-PVP for Sale - Order 3F-PVP Online | LegitGrams\" \/>\n<meta property=\"og:description\" content=\"You can now get 3F-PVP for sale from our cannabinoids store. Our staff will assist you to buy 3F-PVP online at the best prices. Order 3F-PVP online today!\" \/>\n<meta property=\"og:url\" content=\"https:\/\/legitgrams.com\/fr\/produit\/3fpvp\/\" \/>\n<meta property=\"og:site_name\" content=\"Legit Grams\" \/>\n<meta property=\"article:modified_time\" content=\"2025-01-11T10:28:49+00:00\" \/>\n<meta property=\"og:image\" content=\"https:\/\/legitgrams.com\/wp-content\/uploads\/2024\/08\/3f-pvp.gif\" \/>\n\t<meta property=\"og:image:width\" content=\"600\" \/>\n\t<meta property=\"og:image:height\" content=\"600\" \/>\n\t<meta property=\"og:image:type\" content=\"image\/gif\" \/>\n<meta name=\"twitter:card\" content=\"summary_large_image\" \/>\n<meta name=\"twitter:label1\" content=\"Dur\u00e9e de lecture est.\" \/>\n\t<meta name=\"twitter:data1\" content=\"2 minutes\" \/>\n<script type=\"application\/ld+json\" class=\"yoast-schema-graph\">{\"@context\":\"https:\/\/schema.org\",\"@graph\":[{\"@type\":\"WebPage\",\"@id\":\"https:\/\/legitgrams.com\/product\/3f-pvp\/\",\"url\":\"https:\/\/legitgrams.com\/product\/3f-pvp\/\",\"name\":\"3F-PVP for Sale - Order 3F-PVP Online | LegitGrams\",\"isPartOf\":{\"@id\":\"https:\/\/legitgrams.com\/#website\"},\"primaryImageOfPage\":{\"@id\":\"https:\/\/legitgrams.com\/product\/3f-pvp\/#primaryimage\"},\"image\":{\"@id\":\"https:\/\/legitgrams.com\/product\/3f-pvp\/#primaryimage\"},\"thumbnailUrl\":\"https:\/\/legitgrams.com\/wp-content\/uploads\/2024\/08\/3f-pvp.gif\",\"datePublished\":\"2024-08-03T05:38:50+00:00\",\"dateModified\":\"2025-01-11T10:28:49+00:00\",\"description\":\"You can now get 3F-PVP for sale from our cannabinoids store. Our staff will assist you to buy 3F-PVP online at the best prices. Order 3F-PVP online today!\",\"breadcrumb\":{\"@id\":\"https:\/\/legitgrams.com\/product\/3f-pvp\/#breadcrumb\"},\"inLanguage\":\"fr-BE\",\"potentialAction\":[{\"@type\":\"ReadAction\",\"target\":[\"https:\/\/legitgrams.com\/product\/3f-pvp\/\"]}]},{\"@type\":\"ImageObject\",\"inLanguage\":\"fr-BE\",\"@id\":\"https:\/\/legitgrams.com\/product\/3f-pvp\/#primaryimage\",\"url\":\"https:\/\/legitgrams.com\/wp-content\/uploads\/2024\/08\/3f-pvp.gif\",\"contentUrl\":\"https:\/\/legitgrams.com\/wp-content\/uploads\/2024\/08\/3f-pvp.gif\",\"width\":600,\"height\":600,\"caption\":\"3F-PVP for Sale\"},{\"@type\":\"BreadcrumbList\",\"@id\":\"https:\/\/legitgrams.com\/product\/3f-pvp\/#breadcrumb\",\"itemListElement\":[{\"@type\":\"ListItem\",\"position\":1,\"name\":\"Home\",\"item\":\"https:\/\/legitgrams.com\/\"},{\"@type\":\"ListItem\",\"position\":2,\"name\":\"Shop\",\"item\":\"https:\/\/legitgrams.com\/shop\/\"},{\"@type\":\"ListItem\",\"position\":3,\"name\":\"3F-PVP\"}]},{\"@type\":\"WebSite\",\"@id\":\"https:\/\/legitgrams.com\/#website\",\"url\":\"https:\/\/legitgrams.com\/\",\"name\":\"Legit Grams\",\"description\":\"My WordPress Blog\",\"publisher\":{\"@id\":\"https:\/\/legitgrams.com\/#organization\"},\"potentialAction\":[{\"@type\":\"SearchAction\",\"target\":{\"@type\":\"EntryPoint\",\"urlTemplate\":\"https:\/\/legitgrams.com\/?s={search_term_string}\"},\"query-input\":{\"@type\":\"PropertyValueSpecification\",\"valueRequired\":true,\"valueName\":\"search_term_string\"}}],\"inLanguage\":\"fr-BE\"},{\"@type\":\"Organization\",\"@id\":\"https:\/\/legitgrams.com\/#organization\",\"name\":\"Legit Grams\",\"url\":\"https:\/\/legitgrams.com\/\",\"logo\":{\"@type\":\"ImageObject\",\"inLanguage\":\"fr-BE\",\"@id\":\"https:\/\/legitgrams.com\/#\/schema\/logo\/image\/\",\"url\":\"https:\/\/legitgrams.com\/wp-content\/uploads\/2024\/09\/main-logo.png\",\"contentUrl\":\"https:\/\/legitgrams.com\/wp-content\/uploads\/2024\/09\/main-logo.png\",\"width\":270,\"height\":75,\"caption\":\"Legit Grams\"},\"image\":{\"@id\":\"https:\/\/legitgrams.com\/#\/schema\/logo\/image\/\"}}]}<\/script>\n<!-- \/ Yoast SEO plugin. -->","yoast_head_json":{"title":"3F-PVP for Sale - Order 3F-PVP Online | LegitGrams","description":"Vous pouvez maintenant obtenir du 3F-PVP en vente dans notre magasin de cannabino\u00efdes. Notre \u00e9quipe vous aidera \u00e0 acheter du 3F-PVP en ligne aux meilleurs prix. Commandez le 3F-PVP en ligne d\u00e8s aujourd'hui !","robots":{"index":"index","follow":"follow","max-snippet":"max-snippet:-1","max-image-preview":"max-image-preview:large","max-video-preview":"max-video-preview:-1"},"canonical":"https:\/\/legitgrams.com\/fr\/produit\/3fpvp\/","og_locale":"fr_FR","og_type":"article","og_title":"3F-PVP for Sale - Order 3F-PVP Online | LegitGrams","og_description":"You can now get 3F-PVP for sale from our cannabinoids store. Our staff will assist you to buy 3F-PVP online at the best prices. Order 3F-PVP online today!","og_url":"https:\/\/legitgrams.com\/fr\/produit\/3fpvp\/","og_site_name":"Legit Grams","article_modified_time":"2025-01-11T10:28:49+00:00","og_image":[{"width":600,"height":600,"url":"https:\/\/legitgrams.com\/wp-content\/uploads\/2024\/08\/3f-pvp.gif","type":"image\/gif"}],"twitter_card":"summary_large_image","twitter_misc":{"Dur\u00e9e de lecture est.":"2 minutes"},"schema":{"@context":"https:\/\/schema.org","@graph":[{"@type":"WebPage","@id":"https:\/\/legitgrams.com\/product\/3f-pvp\/","url":"https:\/\/legitgrams.com\/product\/3f-pvp\/","name":"3F-PVP for Sale - Order 3F-PVP Online | LegitGrams","isPartOf":{"@id":"https:\/\/legitgrams.com\/#website"},"primaryImageOfPage":{"@id":"https:\/\/legitgrams.com\/product\/3f-pvp\/#primaryimage"},"image":{"@id":"https:\/\/legitgrams.com\/product\/3f-pvp\/#primaryimage"},"thumbnailUrl":"https:\/\/legitgrams.com\/wp-content\/uploads\/2024\/08\/3f-pvp.gif","datePublished":"2024-08-03T05:38:50+00:00","dateModified":"2025-01-11T10:28:49+00:00","description":"Vous pouvez maintenant obtenir du 3F-PVP en vente dans notre magasin de cannabino\u00efdes. Notre \u00e9quipe vous aidera \u00e0 acheter du 3F-PVP en ligne aux meilleurs prix. Commandez le 3F-PVP en ligne d\u00e8s aujourd'hui !","breadcrumb":{"@id":"https:\/\/legitgrams.com\/product\/3f-pvp\/#breadcrumb"},"inLanguage":"fr-BE","potentialAction":[{"@type":"ReadAction","target":["https:\/\/legitgrams.com\/product\/3f-pvp\/"]}]},{"@type":"ImageObject","inLanguage":"fr-BE","@id":"https:\/\/legitgrams.com\/product\/3f-pvp\/#primaryimage","url":"https:\/\/legitgrams.com\/wp-content\/uploads\/2024\/08\/3f-pvp.gif","contentUrl":"https:\/\/legitgrams.com\/wp-content\/uploads\/2024\/08\/3f-pvp.gif","width":600,"height":600,"caption":"3F-PVP for Sale"},{"@type":"BreadcrumbList","@id":"https:\/\/legitgrams.com\/product\/3f-pvp\/#breadcrumb","itemListElement":[{"@type":"ListItem","position":1,"name":"Home","item":"https:\/\/legitgrams.com\/"},{"@type":"ListItem","position":2,"name":"Shop","item":"https:\/\/legitgrams.com\/shop\/"},{"@type":"ListItem","position":3,"name":"3F-PVP"}]},{"@type":"WebSite","@id":"https:\/\/legitgrams.com\/#website","url":"https:\/\/legitgrams.com\/","name":"Les grammes l\u00e9gitimes","description":"Mon blog WordPress","publisher":{"@id":"https:\/\/legitgrams.com\/#organization"},"potentialAction":[{"@type":"SearchAction","target":{"@type":"EntryPoint","urlTemplate":"https:\/\/legitgrams.com\/?s={search_term_string}"},"query-input":{"@type":"PropertyValueSpecification","valueRequired":true,"valueName":"search_term_string"}}],"inLanguage":"fr-BE"},{"@type":"Organization","@id":"https:\/\/legitgrams.com\/#organization","name":"Les grammes l\u00e9gitimes","url":"https:\/\/legitgrams.com\/","logo":{"@type":"ImageObject","inLanguage":"fr-BE","@id":"https:\/\/legitgrams.com\/#\/schema\/logo\/image\/","url":"https:\/\/legitgrams.com\/wp-content\/uploads\/2024\/09\/main-logo.png","contentUrl":"https:\/\/legitgrams.com\/wp-content\/uploads\/2024\/09\/main-logo.png","width":270,"height":75,"caption":"Legit Grams"},"image":{"@id":"https:\/\/legitgrams.com\/#\/schema\/logo\/image\/"}}]}},"uagb_featured_image_src":{"full":["https:\/\/legitgrams.com\/wp-content\/uploads\/2024\/08\/3f-pvp.gif",600,600,false],"thumbnail":["https:\/\/legitgrams.com\/wp-content\/uploads\/2024\/08\/3f-pvp-150x150.gif",150,150,true],"medium":["https:\/\/legitgrams.com\/wp-content\/uploads\/2024\/08\/3f-pvp-300x300.gif",300,300,true],"medium_large":["https:\/\/legitgrams.com\/wp-content\/uploads\/2024\/08\/3f-pvp.gif",600,600,false],"large":["https:\/\/legitgrams.com\/wp-content\/uploads\/2024\/08\/3f-pvp.gif",600,600,false],"1536x1536":["https:\/\/legitgrams.com\/wp-content\/uploads\/2024\/08\/3f-pvp.gif",600,600,false],"2048x2048":["https:\/\/legitgrams.com\/wp-content\/uploads\/2024\/08\/3f-pvp.gif",600,600,false],"trp-custom-language-flag":["https:\/\/legitgrams.com\/wp-content\/uploads\/2024\/08\/3f-pvp-12x12.gif",12,12,true],"woocommerce_thumbnail":["https:\/\/legitgrams.com\/wp-content\/uploads\/2024\/08\/3f-pvp-300x300.gif",300,300,true],"woocommerce_single":["https:\/\/legitgrams.com\/wp-content\/uploads\/2024\/08\/3f-pvp.gif",600,600,false],"woocommerce_gallery_thumbnail":["https:\/\/legitgrams.com\/wp-content\/uploads\/2024\/08\/3f-pvp-100x100.gif",100,100,true]},"uagb_author_info":{"display_name":"cokeblog18","author_link":"https:\/\/legitgrams.com\/fr\/author\/"},"uagb_comment_info":0,"uagb_excerpt":"3-Fluoro-\u03b1-Pyrrolidinovalerophenone\u00a0(3F-PVP) is a recreational\u00a0designer drug\u00a0from the\u00a0substituted cathinone\u00a0family with\u00a0stimulant\u00a0effects, which first appeared on the illicit market in around 2018","_links":{"self":[{"href":"https:\/\/legitgrams.com\/fr\/wp-json\/wp\/v2\/product\/3281","targetHints":{"allow":["GET"]}}],"collection":[{"href":"https:\/\/legitgrams.com\/fr\/wp-json\/wp\/v2\/product"}],"about":[{"href":"https:\/\/legitgrams.com\/fr\/wp-json\/wp\/v2\/types\/product"}],"replies":[{"embeddable":true,"href":"https:\/\/legitgrams.com\/fr\/wp-json\/wp\/v2\/comments?post=3281"}],"wp:featuredmedia":[{"embeddable":true,"href":"https:\/\/legitgrams.com\/fr\/wp-json\/wp\/v2\/media\/3292"}],"wp:attachment":[{"href":"https:\/\/legitgrams.com\/fr\/wp-json\/wp\/v2\/media?parent=3281"}],"wp:term":[{"taxonomy":"product_brand","embeddable":true,"href":"https:\/\/legitgrams.com\/fr\/wp-json\/wp\/v2\/product_brand?post=3281"},{"taxonomy":"product_cat","embeddable":true,"href":"https:\/\/legitgrams.com\/fr\/wp-json\/wp\/v2\/product_cat?post=3281"},{"taxonomy":"product_tag","embeddable":true,"href":"https:\/\/legitgrams.com\/fr\/wp-json\/wp\/v2\/product_tag?post=3281"}],"curies":[{"name":"wp","href":"https:\/\/api.w.org\/{rel}","templated":true}]}}