{"id":3284,"date":"2024-08-03T05:40:29","date_gmt":"2024-08-03T05:40:29","guid":{"rendered":"https:\/\/cokebricks.com\/?post_type=product&#038;p=3284"},"modified":"2025-01-15T05:46:44","modified_gmt":"2025-01-15T05:46:44","slug":"thpvp","status":"publish","type":"product","link":"https:\/\/legitgrams.com\/fr\/produit\/thpvp\/","title":{"rendered":"THPHP"},"content":{"rendered":"<h2>Acheter TH-PHP sur Internet<\/h2>\n<p><a href=\"https:\/\/legitgrams.com\/fr\/produit\/thpvp\/\">Acheter TH-PHP<\/a> via l'internet : \u00c9tant donn\u00e9 qu'il n'existe pas d'informations pr\u00e9cises sur la pharmacologie, les effets toxicologiques et l'action biochimique de la th-PHP, sa consommation pourrait \u00eatre nocive pour l'homme. Seules les utilisations l\u00e9gales et scientifiques sont pr\u00e9vues pour l'\u00e9tude des produits chimiques synth\u00e9tiques. Les clients qui ont r\u00e9cemment utilis\u00e9 la th-PHP ont fait part d'exp\u00e9riences passionnantes et exub\u00e9rantes. Ils ont reconnu l'augmentation de l'\u00e9nergie et de l'agitation. Ils se sont r\u00e9v\u00e9l\u00e9s tr\u00e8s agr\u00e9ables et en excellente sant\u00e9. Parmi les autres effets du Th-PHP, on peut citer la bavardage, l'augmentation de la transpiration et la possibilit\u00e9 d'am\u00e9liorer les visions et les voyages mentaux. <a href=\"https:\/\/legitgrams.com\/fr\/\">LegitGrams<\/a><\/p>\n<p>Achat <a href=\"https:\/\/en.wikipedia.org\/wiki\/PHP\">TH-PHP<\/a> \u00e0 un prix raisonnable chez RESEARCH CHEMS. Nous fournissons les meilleurs produits chimiques de recherche et les exp\u00e9dions dans le monde entier. Pour prot\u00e9ger la vie priv\u00e9e et la s\u00e9curit\u00e9 de nos clients, chaque produit est soigneusement emball\u00e9 et exp\u00e9di\u00e9 de mani\u00e8re discr\u00e8te. Nous acceptons plusieurs m\u00e9thodes de paiement s\u00fbres et s\u00e9curis\u00e9es, ainsi que des remises pour les achats en grande quantit\u00e9.<\/p>\n<p>&nbsp;<\/p>","protected":false},"excerpt":{"rendered":"<p>Purchase TH-PHP via the internet Purchase TH-PHP via the internet: Since accurate information regarding the pharmacology, toxicological effects, and biochemical action of th-PHP is not readily available, consuming it could be harmful to humans. Only lawful and scientific uses are intended for study synthetic chemicals. Customers who have recently used th-PHP have shared exciting and &hellip;<\/p>\n<p class=\"read-more\"> <a class=\"\" href=\"https:\/\/legitgrams.com\/fr\/produit\/thpvp\/\"> <span class=\"screen-reader-text\">THPHP<\/span> Lire la suite \"<\/a><\/p>","protected":false},"featured_media":3299,"comment_status":"open","ping_status":"closed","template":"","meta":{"_uag_custom_page_level_css":"","site-sidebar-layout":"default","site-content-layout":"default","ast-global-header-display":"","ast-main-header-display":"","ast-hfb-above-header-display":"","ast-hfb-below-header-display":"","ast-hfb-mobile-header-display":"","site-post-title":"","ast-breadcrumbs-content":"","ast-featured-img":"","footer-sml-layout":"","theme-transparent-header-meta":"default","adv-header-id-meta":"","stick-header-meta":"default","header-above-stick-meta":"","header-main-stick-meta":"","header-below-stick-meta":"","_joinchat":[]},"product_brand":[],"product_cat":[190],"product_tag":[377,378,379,380,369,370,371,372,373,374,375,376],"class_list":{"0":"post-3284","1":"product","2":"type-product","3":"status-publish","4":"has-post-thumbnail","6":"product_cat-cannabinoids","7":"product_tag-thphp-cannabinoids","8":"product_tag-thphp-cannabinoids-for-sale","9":"product_tag-thphp-cannabinoids-reddit","10":"product_tag-thphp-chemical","11":"product_tag-thphp-powder-australia","12":"product_tag-thphp-powder-canada","13":"product_tag-thphp-powder-greece","14":"product_tag-thphp-powder-kuwait","15":"product_tag-thphp-powder-review","16":"product_tag-thphp-powder-spain","17":"product_tag-thphp-powder-uk","18":"product_tag-thphp-powder-usa","19":"desktop-align-left","20":"tablet-align-left","21":"mobile-align-left","22":"ast-product-gallery-layout-horizontal","23":"ast-product-gallery-with-no-image","24":"ast-product-single-variable","25":"ast-product-tabs-layout-horizontal","26":"ast-qv-on-image","28":"first","29":"instock","30":"shipping-taxable","31":"purchasable","32":"product-type-variable"},"yoast_head":"<!-- This site is optimized with the Yoast SEO plugin v25.9 - https:\/\/yoast.com\/wordpress\/plugins\/seo\/ -->\n<title>THPHP for Sale - Buy THPHP Powder Online with Fastest Shipping<\/title>\n<meta name=\"description\" content=\"Find premium thphp powder for sale at our online store, providing a secure platform to buy thphp online with ease, catering to your research needs. Hurry! Limited-time discount on thphp. Shop before it\u2019s gone.\" \/>\n<meta name=\"robots\" content=\"index, follow, max-snippet:-1, max-image-preview:large, max-video-preview:-1\" \/>\n<link rel=\"canonical\" href=\"https:\/\/legitgrams.com\/fr\/produit\/thpvp\/\" \/>\n<meta property=\"og:locale\" content=\"fr_FR\" \/>\n<meta property=\"og:type\" content=\"article\" \/>\n<meta property=\"og:title\" content=\"THPHP for Sale - Buy THPHP Powder Online with Fastest Shipping\" \/>\n<meta property=\"og:description\" content=\"Find premium thphp powder for sale at our online store, providing a secure platform to buy thphp online with ease, catering to your research needs. Hurry! Limited-time discount on thphp. Shop before it\u2019s gone.\" \/>\n<meta property=\"og:url\" content=\"https:\/\/legitgrams.com\/fr\/produit\/thpvp\/\" \/>\n<meta property=\"og:site_name\" content=\"Legit Grams\" \/>\n<meta property=\"article:modified_time\" content=\"2025-01-15T05:46:44+00:00\" \/>\n<meta property=\"og:image\" content=\"https:\/\/legitgrams.com\/wp-content\/uploads\/2024\/08\/Thpvp.gif\" \/>\n\t<meta property=\"og:image:width\" content=\"600\" \/>\n\t<meta property=\"og:image:height\" content=\"600\" \/>\n\t<meta property=\"og:image:type\" content=\"image\/gif\" \/>\n<meta name=\"twitter:card\" content=\"summary_large_image\" \/>\n<meta name=\"twitter:label1\" content=\"Dur\u00e9e de lecture est.\" \/>\n\t<meta name=\"twitter:data1\" content=\"1 minute\" \/>\n<script type=\"application\/ld+json\" class=\"yoast-schema-graph\">{\"@context\":\"https:\/\/schema.org\",\"@graph\":[{\"@type\":\"WebPage\",\"@id\":\"https:\/\/legitgrams.com\/product\/thpvp\/\",\"url\":\"https:\/\/legitgrams.com\/product\/thpvp\/\",\"name\":\"THPHP for Sale - Buy THPHP Powder Online with Fastest Shipping\",\"isPartOf\":{\"@id\":\"https:\/\/legitgrams.com\/#website\"},\"primaryImageOfPage\":{\"@id\":\"https:\/\/legitgrams.com\/product\/thpvp\/#primaryimage\"},\"image\":{\"@id\":\"https:\/\/legitgrams.com\/product\/thpvp\/#primaryimage\"},\"thumbnailUrl\":\"https:\/\/legitgrams.com\/wp-content\/uploads\/2024\/08\/Thpvp.gif\",\"datePublished\":\"2024-08-03T05:40:29+00:00\",\"dateModified\":\"2025-01-15T05:46:44+00:00\",\"description\":\"Find premium thphp powder for sale at our online store, providing a secure platform to buy thphp online with ease, catering to your research needs. Hurry! Limited-time discount on thphp. Shop before it\u2019s gone.\",\"breadcrumb\":{\"@id\":\"https:\/\/legitgrams.com\/product\/thpvp\/#breadcrumb\"},\"inLanguage\":\"fr-BE\",\"potentialAction\":[{\"@type\":\"ReadAction\",\"target\":[\"https:\/\/legitgrams.com\/product\/thpvp\/\"]}]},{\"@type\":\"ImageObject\",\"inLanguage\":\"fr-BE\",\"@id\":\"https:\/\/legitgrams.com\/product\/thpvp\/#primaryimage\",\"url\":\"https:\/\/legitgrams.com\/wp-content\/uploads\/2024\/08\/Thpvp.gif\",\"contentUrl\":\"https:\/\/legitgrams.com\/wp-content\/uploads\/2024\/08\/Thpvp.gif\",\"width\":600,\"height\":600,\"caption\":\"THPHP for Sale\"},{\"@type\":\"BreadcrumbList\",\"@id\":\"https:\/\/legitgrams.com\/product\/thpvp\/#breadcrumb\",\"itemListElement\":[{\"@type\":\"ListItem\",\"position\":1,\"name\":\"Home\",\"item\":\"https:\/\/legitgrams.com\/\"},{\"@type\":\"ListItem\",\"position\":2,\"name\":\"Shop\",\"item\":\"https:\/\/legitgrams.com\/shop\/\"},{\"@type\":\"ListItem\",\"position\":3,\"name\":\"THPHP\"}]},{\"@type\":\"WebSite\",\"@id\":\"https:\/\/legitgrams.com\/#website\",\"url\":\"https:\/\/legitgrams.com\/\",\"name\":\"Legit Grams\",\"description\":\"My WordPress Blog\",\"publisher\":{\"@id\":\"https:\/\/legitgrams.com\/#organization\"},\"potentialAction\":[{\"@type\":\"SearchAction\",\"target\":{\"@type\":\"EntryPoint\",\"urlTemplate\":\"https:\/\/legitgrams.com\/?s={search_term_string}\"},\"query-input\":{\"@type\":\"PropertyValueSpecification\",\"valueRequired\":true,\"valueName\":\"search_term_string\"}}],\"inLanguage\":\"fr-BE\"},{\"@type\":\"Organization\",\"@id\":\"https:\/\/legitgrams.com\/#organization\",\"name\":\"Legit Grams\",\"url\":\"https:\/\/legitgrams.com\/\",\"logo\":{\"@type\":\"ImageObject\",\"inLanguage\":\"fr-BE\",\"@id\":\"https:\/\/legitgrams.com\/#\/schema\/logo\/image\/\",\"url\":\"https:\/\/legitgrams.com\/wp-content\/uploads\/2024\/09\/main-logo.png\",\"contentUrl\":\"https:\/\/legitgrams.com\/wp-content\/uploads\/2024\/09\/main-logo.png\",\"width\":270,\"height\":75,\"caption\":\"Legit Grams\"},\"image\":{\"@id\":\"https:\/\/legitgrams.com\/#\/schema\/logo\/image\/\"}}]}<\/script>\n<!-- \/ Yoast SEO plugin. -->","yoast_head_json":{"title":"THPHP for Sale - Buy THPHP Powder Online with Fastest Shipping","description":"Trouvez de la poudre de thphp de premi\u00e8re qualit\u00e9 \u00e0 vendre dans notre magasin en ligne, fournissant une plateforme s\u00e9curis\u00e9e pour acheter du thphp en ligne avec facilit\u00e9, r\u00e9pondant \u00e0 vos besoins de recherche. Il faut se d\u00e9p\u00eacher ! Remise limit\u00e9e sur thphp. Faites vos achats avant qu'ils ne disparaissent.","robots":{"index":"index","follow":"follow","max-snippet":"max-snippet:-1","max-image-preview":"max-image-preview:large","max-video-preview":"max-video-preview:-1"},"canonical":"https:\/\/legitgrams.com\/fr\/produit\/thpvp\/","og_locale":"fr_FR","og_type":"article","og_title":"THPHP for Sale - Buy THPHP Powder Online with Fastest Shipping","og_description":"Find premium thphp powder for sale at our online store, providing a secure platform to buy thphp online with ease, catering to your research needs. Hurry! Limited-time discount on thphp. Shop before it\u2019s gone.","og_url":"https:\/\/legitgrams.com\/fr\/produit\/thpvp\/","og_site_name":"Legit Grams","article_modified_time":"2025-01-15T05:46:44+00:00","og_image":[{"width":600,"height":600,"url":"https:\/\/legitgrams.com\/wp-content\/uploads\/2024\/08\/Thpvp.gif","type":"image\/gif"}],"twitter_card":"summary_large_image","twitter_misc":{"Dur\u00e9e de lecture est.":"1 minute"},"schema":{"@context":"https:\/\/schema.org","@graph":[{"@type":"WebPage","@id":"https:\/\/legitgrams.com\/product\/thpvp\/","url":"https:\/\/legitgrams.com\/product\/thpvp\/","name":"THPHP for Sale - Buy THPHP Powder Online with Fastest Shipping","isPartOf":{"@id":"https:\/\/legitgrams.com\/#website"},"primaryImageOfPage":{"@id":"https:\/\/legitgrams.com\/product\/thpvp\/#primaryimage"},"image":{"@id":"https:\/\/legitgrams.com\/product\/thpvp\/#primaryimage"},"thumbnailUrl":"https:\/\/legitgrams.com\/wp-content\/uploads\/2024\/08\/Thpvp.gif","datePublished":"2024-08-03T05:40:29+00:00","dateModified":"2025-01-15T05:46:44+00:00","description":"Trouvez de la poudre de thphp de premi\u00e8re qualit\u00e9 \u00e0 vendre dans notre magasin en ligne, fournissant une plateforme s\u00e9curis\u00e9e pour acheter du thphp en ligne avec facilit\u00e9, r\u00e9pondant \u00e0 vos besoins de recherche. Il faut se d\u00e9p\u00eacher ! Remise limit\u00e9e sur thphp. Faites vos achats avant qu'ils ne disparaissent.","breadcrumb":{"@id":"https:\/\/legitgrams.com\/product\/thpvp\/#breadcrumb"},"inLanguage":"fr-BE","potentialAction":[{"@type":"ReadAction","target":["https:\/\/legitgrams.com\/product\/thpvp\/"]}]},{"@type":"ImageObject","inLanguage":"fr-BE","@id":"https:\/\/legitgrams.com\/product\/thpvp\/#primaryimage","url":"https:\/\/legitgrams.com\/wp-content\/uploads\/2024\/08\/Thpvp.gif","contentUrl":"https:\/\/legitgrams.com\/wp-content\/uploads\/2024\/08\/Thpvp.gif","width":600,"height":600,"caption":"THPHP for Sale"},{"@type":"BreadcrumbList","@id":"https:\/\/legitgrams.com\/product\/thpvp\/#breadcrumb","itemListElement":[{"@type":"ListItem","position":1,"name":"Home","item":"https:\/\/legitgrams.com\/"},{"@type":"ListItem","position":2,"name":"Shop","item":"https:\/\/legitgrams.com\/shop\/"},{"@type":"ListItem","position":3,"name":"THPHP"}]},{"@type":"WebSite","@id":"https:\/\/legitgrams.com\/#website","url":"https:\/\/legitgrams.com\/","name":"Les grammes l\u00e9gitimes","description":"Mon blog WordPress","publisher":{"@id":"https:\/\/legitgrams.com\/#organization"},"potentialAction":[{"@type":"SearchAction","target":{"@type":"EntryPoint","urlTemplate":"https:\/\/legitgrams.com\/?s={search_term_string}"},"query-input":{"@type":"PropertyValueSpecification","valueRequired":true,"valueName":"search_term_string"}}],"inLanguage":"fr-BE"},{"@type":"Organization","@id":"https:\/\/legitgrams.com\/#organization","name":"Les grammes l\u00e9gitimes","url":"https:\/\/legitgrams.com\/","logo":{"@type":"ImageObject","inLanguage":"fr-BE","@id":"https:\/\/legitgrams.com\/#\/schema\/logo\/image\/","url":"https:\/\/legitgrams.com\/wp-content\/uploads\/2024\/09\/main-logo.png","contentUrl":"https:\/\/legitgrams.com\/wp-content\/uploads\/2024\/09\/main-logo.png","width":270,"height":75,"caption":"Legit Grams"},"image":{"@id":"https:\/\/legitgrams.com\/#\/schema\/logo\/image\/"}}]}},"uagb_featured_image_src":{"full":["https:\/\/legitgrams.com\/wp-content\/uploads\/2024\/08\/Thpvp.gif",600,600,false],"thumbnail":["https:\/\/legitgrams.com\/wp-content\/uploads\/2024\/08\/Thpvp-150x150.gif",150,150,true],"medium":["https:\/\/legitgrams.com\/wp-content\/uploads\/2024\/08\/Thpvp-300x300.gif",300,300,true],"medium_large":["https:\/\/legitgrams.com\/wp-content\/uploads\/2024\/08\/Thpvp.gif",600,600,false],"large":["https:\/\/legitgrams.com\/wp-content\/uploads\/2024\/08\/Thpvp.gif",600,600,false],"1536x1536":["https:\/\/legitgrams.com\/wp-content\/uploads\/2024\/08\/Thpvp.gif",600,600,false],"2048x2048":["https:\/\/legitgrams.com\/wp-content\/uploads\/2024\/08\/Thpvp.gif",600,600,false],"trp-custom-language-flag":["https:\/\/legitgrams.com\/wp-content\/uploads\/2024\/08\/Thpvp-12x12.gif",12,12,true],"woocommerce_thumbnail":["https:\/\/legitgrams.com\/wp-content\/uploads\/2024\/08\/Thpvp-300x300.gif",300,300,true],"woocommerce_single":["https:\/\/legitgrams.com\/wp-content\/uploads\/2024\/08\/Thpvp.gif",600,600,false],"woocommerce_gallery_thumbnail":["https:\/\/legitgrams.com\/wp-content\/uploads\/2024\/08\/Thpvp-100x100.gif",100,100,true]},"uagb_author_info":{"display_name":"cokeblog18","author_link":"https:\/\/legitgrams.com\/fr\/author\/"},"uagb_comment_info":0,"uagb_excerpt":"Purchase TH-PHP via the internet Purchase TH-PHP via the internet: Since accurate information regarding the pharmacology, toxicological effects, and biochemical action of th-PHP is not readily available, consuming it could be harmful to humans. Only lawful and scientific uses are intended for study synthetic chemicals. Customers who have recently used th-PHP have shared exciting and&hellip;","_links":{"self":[{"href":"https:\/\/legitgrams.com\/fr\/wp-json\/wp\/v2\/product\/3284","targetHints":{"allow":["GET"]}}],"collection":[{"href":"https:\/\/legitgrams.com\/fr\/wp-json\/wp\/v2\/product"}],"about":[{"href":"https:\/\/legitgrams.com\/fr\/wp-json\/wp\/v2\/types\/product"}],"replies":[{"embeddable":true,"href":"https:\/\/legitgrams.com\/fr\/wp-json\/wp\/v2\/comments?post=3284"}],"wp:featuredmedia":[{"embeddable":true,"href":"https:\/\/legitgrams.com\/fr\/wp-json\/wp\/v2\/media\/3299"}],"wp:attachment":[{"href":"https:\/\/legitgrams.com\/fr\/wp-json\/wp\/v2\/media?parent=3284"}],"wp:term":[{"taxonomy":"product_brand","embeddable":true,"href":"https:\/\/legitgrams.com\/fr\/wp-json\/wp\/v2\/product_brand?post=3284"},{"taxonomy":"product_cat","embeddable":true,"href":"https:\/\/legitgrams.com\/fr\/wp-json\/wp\/v2\/product_cat?post=3284"},{"taxonomy":"product_tag","embeddable":true,"href":"https:\/\/legitgrams.com\/fr\/wp-json\/wp\/v2\/product_tag?post=3284"}],"curies":[{"name":"wp","href":"https:\/\/api.w.org\/{rel}","templated":true}]}}