{"id":3285,"date":"2024-08-03T05:38:52","date_gmt":"2024-08-03T05:38:52","guid":{"rendered":"https:\/\/cokebricks.com\/?post_type=product&#038;p=3285"},"modified":"2025-01-14T10:19:07","modified_gmt":"2025-01-14T10:19:07","slug":"neh","status":"publish","type":"product","link":"https:\/\/legitgrams.com\/fr\/produit\/neh\/","title":{"rendered":"NEH"},"content":{"rendered":"<h2>Achetez la poudre NEH en ligne.<\/h2>\n<p>Acheter NEH Powder est un produit chimique de recherche haut de gamme qui peut \u00eatre achet\u00e9 en ligne. Le marchand en ligne r\u00e9put\u00e9 LegitGrams.com propose de la poudre NDH \u00e0 un prix r\u00e9duit.<\/p>\n<p>Avec grand plaisir, Coke Bricks introduit <a href=\"https:\/\/en.wikipedia.org\/wiki\/Neh\">NEH<\/a> qui est fournie uniquement \u00e0 des fins de recherche et ne doit pas \u00eatre utilis\u00e9e pour des diagnostics in vivo, des aliments, des m\u00e9dicaments, des \u00e9quipements m\u00e9dicaux ou des produits cosm\u00e9tiques pour les humains ou les animaux.<\/p>\n<p>Avant d'acheter ce produit, assurez-vous que vous disposez de l'\u00e9quipement n\u00e9cessaire pour manipuler des produits chimiques de recherche et que votre espace de travail est suffisamment ventil\u00e9.<\/p>\n<p>L'\u00e2ge minimum requis pour commander ce produit est de 18 ans.<\/p>\n<p><a href=\"https:\/\/legitgrams.com\/fr\/produit\/neh\/\">Poudre NEH<\/a> est autoris\u00e9 dans le pays dont nous sommes originaires. Il est de votre responsabilit\u00e9 de conna\u00eetre et de respecter les lois de votre pays. Nous n'acceptons aucune responsabilit\u00e9 pour tout acte ou r\u00e9sultat d\u00e9coulant de votre choix d'acheter ou d'utiliser ce produit.<\/p>\n<p><strong>Contexte culturel et historique<\/strong><\/p>\n<p>En novembre 2015, le CCR a re\u00e7u du laboratoire des douanes belges un \u00e9chantillon contenant <a href=\"https:\/\/en.wikipedia.org\/wiki\/Neh\">N-\u00e9thylhex\u00e9drone<\/a>qui a \u00e9t\u00e9 reconnu dans un premier temps. Le CCR l'a d\u00e9couverte dans un \u00e9chantillon fourni par les douanes fran\u00e7aises en janvier 2016. Plus tard, en f\u00e9vrier 2016, des notifications de l'identification de cette substance ont \u00e9t\u00e9 envoy\u00e9es \u00e0 l'OEDT par d'autres pays, dont la Slov\u00e9nie, la Su\u00e8de, les Pays-Bas, la France et la Belgique.<\/p>\n<h3>Chimie<\/h3>\n<p>Une mol\u00e9cule appartenant \u00e0 la classe chimique des cathinones est la n-Ethylhexedrone. La \"cathinone substitu\u00e9e\" est un terme g\u00e9n\u00e9ral d\u00e9signant une vari\u00e9t\u00e9 de compos\u00e9s d\u00e9riv\u00e9s de la cathinone, l'ingr\u00e9dient actif principal du khat. Les composants de base d'une cathinone sont un groupe d'oxyg\u00e8ne li\u00e9 \u00e0 l'atome de carbone b\u00eata et un noyau d'amph\u00e9tamine, qui est un noyau de ph\u00e9n\u00e9thylamine avec un groupe alkyle li\u00e9 \u00e0 l'atome de carbone alpha. Les cathinones sont parfois appel\u00e9es les \u00e9quivalents b\u00eata-c\u00e9tones (\u03b2k) des amph\u00e9tamines (oxyg\u00e8ne \u00e0 double liaison sur l'atome de carbone \u03b2). <a href=\"https:\/\/legitgrams.com\/fr\/\">LegitGrams<\/a><\/p>\n<p>Plus pr\u00e9cis\u00e9ment, il existe trois endroits distincts sur le squelette de la cathinone o\u00f9 des modifications peuvent \u00eatre apport\u00e9es pour cr\u00e9er des centaines de compos\u00e9s diff\u00e9rents, y compris des substituants tels que<\/p>\n<p>soit le groupe amine, soit le carbone alpha, soit le cycle aromatique.<\/p>\n<h3>droguess<\/h3>\n<p>On ne sait pas tr\u00e8s bien comment la n-\u00e9thylhex\u00e9drone et d'autres cathinones substitu\u00e9es affectent la pharmacocin\u00e9tique et la pharmacodynamique humaines. En augmentant les niveaux de cat\u00e9cholamines comme la dopamine, la s\u00e9rotonine et la noradr\u00e9naline au niveau des synapses, les cathinones synth\u00e9tiques, comme les amph\u00e9tamines, fonctionnent comme des stimulants et des sympathomim\u00e9tiques. En bloquant les transporteurs de recapture de monoamine, ces substances peuvent r\u00e9duire la quantit\u00e9 de neurotransmetteurs \u00e9limin\u00e9s des synapses. De plus, elles poss\u00e8dent la capacit\u00e9 d'initier la lib\u00e9ration des r\u00e9serves intracellulaires d'amines biog\u00e8nes.<\/p>\n<p>Les cathinones synth\u00e9tiques ont souvent un taux de p\u00e9n\u00e9tration de la barri\u00e8re h\u00e9mato-enc\u00e9phalique inf\u00e9rieur \u00e0 celui des amph\u00e9tamines en raison de la polarit\u00e9 accrue du groupe b\u00eata-c\u00e9to. Les d\u00e9riv\u00e9s de la pyrrolidine sont plus capables de traverser la barri\u00e8re h\u00e9mato-enc\u00e9phalique que les autres cathinones synth\u00e9tiques en raison de la faible polarit\u00e9 du cycle pyrrolidine. Des \u00e9tudes sur le cycle montrent que les groupes alkyles sont oxyd\u00e9s, le groupe c\u00e9to est r\u00e9duit en hydroxyle et la cathinone est n-d\u00e9m\u00e9thyl\u00e9e, selon l'analyse du m\u00e9tabolisme de la cathinone synth\u00e9tique par les laboratoires pharmaceutiques.<\/p>\n<p>&nbsp;<\/p>","protected":false},"excerpt":{"rendered":"<p>Purchase NEH powder online. Buy NEH Powder is a premium research chemical that can be purchased online. Reputable online merchant LegitGrams.com offers NDH Powder at a discounted price. With great pleasure, Coke Bricks introduces NEH powder, which is provided just for research purposes and should not be used for in vivo diagnostics, food, medication, medical &hellip;<\/p>\n<p class=\"read-more\"> <a class=\"\" href=\"https:\/\/legitgrams.com\/fr\/produit\/neh\/\"> <span class=\"screen-reader-text\">NEH<\/span> Lire la suite \"<\/a><\/p>","protected":false},"featured_media":3294,"comment_status":"open","ping_status":"closed","template":"","meta":{"_uag_custom_page_level_css":"","site-sidebar-layout":"default","site-content-layout":"default","ast-global-header-display":"","ast-main-header-display":"","ast-hfb-above-header-display":"","ast-hfb-below-header-display":"","ast-hfb-mobile-header-display":"","site-post-title":"","ast-breadcrumbs-content":"","ast-featured-img":"","footer-sml-layout":"","theme-transparent-header-meta":"default","adv-header-id-meta":"","stick-header-meta":"default","header-above-stick-meta":"","header-main-stick-meta":"","header-below-stick-meta":"","_joinchat":[]},"product_brand":[],"product_cat":[190],"product_tag":[413,414,415,416,405,406,407,408,409,410,411,412],"class_list":{"0":"post-3285","1":"product","2":"type-product","3":"status-publish","4":"has-post-thumbnail","6":"product_cat-cannabinoids","7":"product_tag-neh-cannabinoids","8":"product_tag-neh-cannabinoids-for-sale","9":"product_tag-neh-cannabinoids-reddit","10":"product_tag-neh-chemical","11":"product_tag-neh-powder-australia","12":"product_tag-neh-powder-canada","13":"product_tag-neh-powder-greece","14":"product_tag-neh-powder-kuwait","15":"product_tag-neh-powder-review","16":"product_tag-neh-powder-spain","17":"product_tag-neh-powder-uk","18":"product_tag-neh-powder-usa","19":"desktop-align-left","20":"tablet-align-left","21":"mobile-align-left","22":"ast-product-gallery-layout-horizontal","23":"ast-product-gallery-with-no-image","24":"ast-product-single-variable","25":"ast-product-tabs-layout-horizontal","26":"ast-qv-on-image","28":"first","29":"instock","30":"shipping-taxable","31":"purchasable","32":"product-type-variable"},"yoast_head":"<!-- This site is optimized with the Yoast SEO plugin v25.9 - https:\/\/yoast.com\/wordpress\/plugins\/seo\/ -->\n<title>NEH for Sale - Order NEH Online with Discreet Shipping | LG<\/title>\n<meta name=\"description\" content=\"Looking to Buy NEH Online? Discover a seamless platform at our online store where you can buy NEH , ensuring top-grade quality for your research needs.\" \/>\n<meta name=\"robots\" content=\"index, follow, max-snippet:-1, max-image-preview:large, max-video-preview:-1\" \/>\n<link rel=\"canonical\" href=\"https:\/\/legitgrams.com\/fr\/produit\/neh\/\" \/>\n<meta property=\"og:locale\" content=\"fr_FR\" \/>\n<meta property=\"og:type\" content=\"article\" \/>\n<meta property=\"og:title\" content=\"NEH for Sale - Order NEH Online with Discreet Shipping | LG\" \/>\n<meta property=\"og:description\" content=\"Looking to Buy NEH Online? Discover a seamless platform at our online store where you can buy NEH , ensuring top-grade quality for your research needs.\" \/>\n<meta property=\"og:url\" content=\"https:\/\/legitgrams.com\/fr\/produit\/neh\/\" \/>\n<meta property=\"og:site_name\" content=\"Legit Grams\" \/>\n<meta property=\"article:modified_time\" content=\"2025-01-14T10:19:07+00:00\" \/>\n<meta property=\"og:image\" content=\"https:\/\/legitgrams.com\/wp-content\/uploads\/2024\/08\/NEH.gif\" \/>\n\t<meta property=\"og:image:width\" content=\"600\" \/>\n\t<meta property=\"og:image:height\" content=\"600\" \/>\n\t<meta property=\"og:image:type\" content=\"image\/gif\" \/>\n<meta name=\"twitter:card\" content=\"summary_large_image\" \/>\n<meta name=\"twitter:label1\" content=\"Dur\u00e9e de lecture est.\" \/>\n\t<meta name=\"twitter:data1\" content=\"3 minutes\" \/>\n<script type=\"application\/ld+json\" class=\"yoast-schema-graph\">{\"@context\":\"https:\/\/schema.org\",\"@graph\":[{\"@type\":\"WebPage\",\"@id\":\"https:\/\/legitgrams.com\/product\/neh\/\",\"url\":\"https:\/\/legitgrams.com\/product\/neh\/\",\"name\":\"NEH for Sale - Order NEH Online with Discreet Shipping | LG\",\"isPartOf\":{\"@id\":\"https:\/\/legitgrams.com\/#website\"},\"primaryImageOfPage\":{\"@id\":\"https:\/\/legitgrams.com\/product\/neh\/#primaryimage\"},\"image\":{\"@id\":\"https:\/\/legitgrams.com\/product\/neh\/#primaryimage\"},\"thumbnailUrl\":\"https:\/\/legitgrams.com\/wp-content\/uploads\/2024\/08\/NEH.gif\",\"datePublished\":\"2024-08-03T05:38:52+00:00\",\"dateModified\":\"2025-01-14T10:19:07+00:00\",\"description\":\"Looking to Buy NEH Online? Discover a seamless platform at our online store where you can buy NEH , ensuring top-grade quality for your research needs.\",\"breadcrumb\":{\"@id\":\"https:\/\/legitgrams.com\/product\/neh\/#breadcrumb\"},\"inLanguage\":\"fr-BE\",\"potentialAction\":[{\"@type\":\"ReadAction\",\"target\":[\"https:\/\/legitgrams.com\/product\/neh\/\"]}]},{\"@type\":\"ImageObject\",\"inLanguage\":\"fr-BE\",\"@id\":\"https:\/\/legitgrams.com\/product\/neh\/#primaryimage\",\"url\":\"https:\/\/legitgrams.com\/wp-content\/uploads\/2024\/08\/NEH.gif\",\"contentUrl\":\"https:\/\/legitgrams.com\/wp-content\/uploads\/2024\/08\/NEH.gif\",\"width\":600,\"height\":600,\"caption\":\"NEH for Sale\"},{\"@type\":\"BreadcrumbList\",\"@id\":\"https:\/\/legitgrams.com\/product\/neh\/#breadcrumb\",\"itemListElement\":[{\"@type\":\"ListItem\",\"position\":1,\"name\":\"Home\",\"item\":\"https:\/\/legitgrams.com\/\"},{\"@type\":\"ListItem\",\"position\":2,\"name\":\"Shop\",\"item\":\"https:\/\/legitgrams.com\/shop\/\"},{\"@type\":\"ListItem\",\"position\":3,\"name\":\"NEH\"}]},{\"@type\":\"WebSite\",\"@id\":\"https:\/\/legitgrams.com\/#website\",\"url\":\"https:\/\/legitgrams.com\/\",\"name\":\"Legit Grams\",\"description\":\"My WordPress Blog\",\"publisher\":{\"@id\":\"https:\/\/legitgrams.com\/#organization\"},\"potentialAction\":[{\"@type\":\"SearchAction\",\"target\":{\"@type\":\"EntryPoint\",\"urlTemplate\":\"https:\/\/legitgrams.com\/?s={search_term_string}\"},\"query-input\":{\"@type\":\"PropertyValueSpecification\",\"valueRequired\":true,\"valueName\":\"search_term_string\"}}],\"inLanguage\":\"fr-BE\"},{\"@type\":\"Organization\",\"@id\":\"https:\/\/legitgrams.com\/#organization\",\"name\":\"Legit Grams\",\"url\":\"https:\/\/legitgrams.com\/\",\"logo\":{\"@type\":\"ImageObject\",\"inLanguage\":\"fr-BE\",\"@id\":\"https:\/\/legitgrams.com\/#\/schema\/logo\/image\/\",\"url\":\"https:\/\/legitgrams.com\/wp-content\/uploads\/2024\/09\/main-logo.png\",\"contentUrl\":\"https:\/\/legitgrams.com\/wp-content\/uploads\/2024\/09\/main-logo.png\",\"width\":270,\"height\":75,\"caption\":\"Legit Grams\"},\"image\":{\"@id\":\"https:\/\/legitgrams.com\/#\/schema\/logo\/image\/\"}}]}<\/script>\n<!-- \/ Yoast SEO plugin. -->","yoast_head_json":{"title":"NEH \u00e0 vendre - Commander NEH en ligne avec livraison discr\u00e8te | LG","description":"Vous cherchez \u00e0 acheter NEH en ligne ? D\u00e9couvrez une plateforme transparente dans notre magasin en ligne o\u00f9 vous pouvez acheter NEH , en garantissant une qualit\u00e9 sup\u00e9rieure pour vos besoins de recherche.","robots":{"index":"index","follow":"follow","max-snippet":"max-snippet:-1","max-image-preview":"max-image-preview:large","max-video-preview":"max-video-preview:-1"},"canonical":"https:\/\/legitgrams.com\/fr\/produit\/neh\/","og_locale":"fr_FR","og_type":"article","og_title":"NEH for Sale - Order NEH Online with Discreet Shipping | LG","og_description":"Looking to Buy NEH Online? Discover a seamless platform at our online store where you can buy NEH , ensuring top-grade quality for your research needs.","og_url":"https:\/\/legitgrams.com\/fr\/produit\/neh\/","og_site_name":"Legit Grams","article_modified_time":"2025-01-14T10:19:07+00:00","og_image":[{"width":600,"height":600,"url":"https:\/\/legitgrams.com\/wp-content\/uploads\/2024\/08\/NEH.gif","type":"image\/gif"}],"twitter_card":"summary_large_image","twitter_misc":{"Dur\u00e9e de lecture est.":"3 minutes"},"schema":{"@context":"https:\/\/schema.org","@graph":[{"@type":"WebPage","@id":"https:\/\/legitgrams.com\/product\/neh\/","url":"https:\/\/legitgrams.com\/product\/neh\/","name":"NEH \u00e0 vendre - Commander NEH en ligne avec livraison discr\u00e8te | LG","isPartOf":{"@id":"https:\/\/legitgrams.com\/#website"},"primaryImageOfPage":{"@id":"https:\/\/legitgrams.com\/product\/neh\/#primaryimage"},"image":{"@id":"https:\/\/legitgrams.com\/product\/neh\/#primaryimage"},"thumbnailUrl":"https:\/\/legitgrams.com\/wp-content\/uploads\/2024\/08\/NEH.gif","datePublished":"2024-08-03T05:38:52+00:00","dateModified":"2025-01-14T10:19:07+00:00","description":"Vous cherchez \u00e0 acheter NEH en ligne ? D\u00e9couvrez une plateforme transparente dans notre magasin en ligne o\u00f9 vous pouvez acheter NEH , en garantissant une qualit\u00e9 sup\u00e9rieure pour vos besoins de recherche.","breadcrumb":{"@id":"https:\/\/legitgrams.com\/product\/neh\/#breadcrumb"},"inLanguage":"fr-BE","potentialAction":[{"@type":"ReadAction","target":["https:\/\/legitgrams.com\/product\/neh\/"]}]},{"@type":"ImageObject","inLanguage":"fr-BE","@id":"https:\/\/legitgrams.com\/product\/neh\/#primaryimage","url":"https:\/\/legitgrams.com\/wp-content\/uploads\/2024\/08\/NEH.gif","contentUrl":"https:\/\/legitgrams.com\/wp-content\/uploads\/2024\/08\/NEH.gif","width":600,"height":600,"caption":"NEH for Sale"},{"@type":"BreadcrumbList","@id":"https:\/\/legitgrams.com\/product\/neh\/#breadcrumb","itemListElement":[{"@type":"ListItem","position":1,"name":"Home","item":"https:\/\/legitgrams.com\/"},{"@type":"ListItem","position":2,"name":"Shop","item":"https:\/\/legitgrams.com\/shop\/"},{"@type":"ListItem","position":3,"name":"NEH"}]},{"@type":"WebSite","@id":"https:\/\/legitgrams.com\/#website","url":"https:\/\/legitgrams.com\/","name":"Les grammes l\u00e9gitimes","description":"Mon blog WordPress","publisher":{"@id":"https:\/\/legitgrams.com\/#organization"},"potentialAction":[{"@type":"SearchAction","target":{"@type":"EntryPoint","urlTemplate":"https:\/\/legitgrams.com\/?s={search_term_string}"},"query-input":{"@type":"PropertyValueSpecification","valueRequired":true,"valueName":"search_term_string"}}],"inLanguage":"fr-BE"},{"@type":"Organization","@id":"https:\/\/legitgrams.com\/#organization","name":"Les grammes l\u00e9gitimes","url":"https:\/\/legitgrams.com\/","logo":{"@type":"ImageObject","inLanguage":"fr-BE","@id":"https:\/\/legitgrams.com\/#\/schema\/logo\/image\/","url":"https:\/\/legitgrams.com\/wp-content\/uploads\/2024\/09\/main-logo.png","contentUrl":"https:\/\/legitgrams.com\/wp-content\/uploads\/2024\/09\/main-logo.png","width":270,"height":75,"caption":"Legit Grams"},"image":{"@id":"https:\/\/legitgrams.com\/#\/schema\/logo\/image\/"}}]}},"uagb_featured_image_src":{"full":["https:\/\/legitgrams.com\/wp-content\/uploads\/2024\/08\/NEH.gif",600,600,false],"thumbnail":["https:\/\/legitgrams.com\/wp-content\/uploads\/2024\/08\/NEH-150x150.gif",150,150,true],"medium":["https:\/\/legitgrams.com\/wp-content\/uploads\/2024\/08\/NEH-300x300.gif",300,300,true],"medium_large":["https:\/\/legitgrams.com\/wp-content\/uploads\/2024\/08\/NEH.gif",600,600,false],"large":["https:\/\/legitgrams.com\/wp-content\/uploads\/2024\/08\/NEH.gif",600,600,false],"1536x1536":["https:\/\/legitgrams.com\/wp-content\/uploads\/2024\/08\/NEH.gif",600,600,false],"2048x2048":["https:\/\/legitgrams.com\/wp-content\/uploads\/2024\/08\/NEH.gif",600,600,false],"trp-custom-language-flag":["https:\/\/legitgrams.com\/wp-content\/uploads\/2024\/08\/NEH-12x12.gif",12,12,true],"woocommerce_thumbnail":["https:\/\/legitgrams.com\/wp-content\/uploads\/2024\/08\/NEH-300x300.gif",300,300,true],"woocommerce_single":["https:\/\/legitgrams.com\/wp-content\/uploads\/2024\/08\/NEH.gif",600,600,false],"woocommerce_gallery_thumbnail":["https:\/\/legitgrams.com\/wp-content\/uploads\/2024\/08\/NEH-100x100.gif",100,100,true]},"uagb_author_info":{"display_name":"cokeblog18","author_link":"https:\/\/legitgrams.com\/fr\/author\/"},"uagb_comment_info":0,"uagb_excerpt":"Purchase NEH powder online. Buy NEH Powder is a premium research chemical that can be purchased online. Reputable online merchant LegitGrams.com offers NDH Powder at a discounted price. With great pleasure, Coke Bricks introduces NEH powder, which is provided just for research purposes and should not be used for in vivo diagnostics, food, medication, medical&hellip;","_links":{"self":[{"href":"https:\/\/legitgrams.com\/fr\/wp-json\/wp\/v2\/product\/3285","targetHints":{"allow":["GET"]}}],"collection":[{"href":"https:\/\/legitgrams.com\/fr\/wp-json\/wp\/v2\/product"}],"about":[{"href":"https:\/\/legitgrams.com\/fr\/wp-json\/wp\/v2\/types\/product"}],"replies":[{"embeddable":true,"href":"https:\/\/legitgrams.com\/fr\/wp-json\/wp\/v2\/comments?post=3285"}],"wp:featuredmedia":[{"embeddable":true,"href":"https:\/\/legitgrams.com\/fr\/wp-json\/wp\/v2\/media\/3294"}],"wp:attachment":[{"href":"https:\/\/legitgrams.com\/fr\/wp-json\/wp\/v2\/media?parent=3285"}],"wp:term":[{"taxonomy":"product_brand","embeddable":true,"href":"https:\/\/legitgrams.com\/fr\/wp-json\/wp\/v2\/product_brand?post=3285"},{"taxonomy":"product_cat","embeddable":true,"href":"https:\/\/legitgrams.com\/fr\/wp-json\/wp\/v2\/product_cat?post=3285"},{"taxonomy":"product_tag","embeddable":true,"href":"https:\/\/legitgrams.com\/fr\/wp-json\/wp\/v2\/product_tag?post=3285"}],"curies":[{"name":"wp","href":"https:\/\/api.w.org\/{rel}","templated":true}]}}