{"id":3286,"date":"2024-08-03T05:38:55","date_gmt":"2024-08-03T05:38:55","guid":{"rendered":"https:\/\/cokebricks.com\/?post_type=product&#038;p=3286"},"modified":"2025-01-14T06:00:18","modified_gmt":"2025-01-14T06:00:18","slug":"hexagone","status":"publish","type":"product","link":"https:\/\/legitgrams.com\/fr\/produit\/hexagone\/","title":{"rendered":"Hexagone"},"content":{"rendered":"<h2>Achat en ligne de HEX (N-Ethylhexedrone)<\/h2>\n<p>La N-\u00e9thylhex\u00e9drone, \u00e9galement connue sous le nom d'\u03b1-\u00e9thylaminocaproph\u00e9none, N-\u00e9thylnorhex\u00e9drone, hex\u00e8ne et NEH, est un m\u00e9dicament stimulant qui appartient \u00e0 la classe des cathinones et dont les valeurs IC50 sont respectivement de 0,0978 et 0,0467 \u03bcM. Elle agit comme un inhibiteur de la recapture de la noradr\u00e9naline et de la dopamine (NDRI). <a href=\"https:\/\/legitgrams.com\/fr\/produit\/hexagone\/\">N-\u00e9thylnorhex\u00e9drone<\/a> a \u00e9t\u00e9 mentionn\u00e9 dans plusieurs brevets d\u00e9pos\u00e9s par Boehringer Ingelheim dans les ann\u00e9es 1960, qui ont contribu\u00e9 \u00e0 cr\u00e9er le m\u00e9dicament plus connu m\u00e9thyl\u00e8nedioxypyroval\u00e9rone (MDPV).<\/p>\n<p>N-Ethylhexedrone vend des produits chimiques de recherche de haute qualit\u00e9 en ligne. Le N-Ethylhexedrone (HEXEN, NEH) est disponible \u00e0 des prix de gros aupr\u00e8s d'un fournisseur fiable sur <a href=\"https:\/\/legitgrams.com\/fr\/\">LegitGrams<\/a>.<\/p>\n<p><a href=\"https:\/\/en.wikipedia.org\/wiki\/Hex\">HEX<\/a>, ou N-Ethylnorhexedrone, est un stimulant qui appartient au groupe des cat\u00e9hinones. Depuis que le m\u00e9dicament a \u00e9t\u00e9 mis sur le march\u00e9 en 2015, les avis des utilisateurs sont le seul moyen de conna\u00eetre son efficacit\u00e9.<\/p>\n<h3>Achetez HEX en ligne.<\/h3>\n<p>La N-\u00e9thylhex\u00e9drone, un stimulant appartenant \u00e0 la classe des cathinones, est \u00e9galement appel\u00e9e hex\u00e8ne, N-\u00e9thylnorhex\u00e9drone, \u03b1-\u00e9thylaminocaproph\u00e9none et NEH. Boehringer Ingelheim a fait r\u00e9f\u00e9rence \u00e0 la N-\u00e9thylhex\u00e9drone dans plusieurs brevets au cours des ann\u00e9es 1960, ce qui a contribu\u00e9 au d\u00e9veloppement du m\u00e9dicament plus connu, la m\u00e9thyl\u00e8nedioxypyroval\u00e9rone (MDPV). La N-\u00e9thylhex\u00e9drone est propos\u00e9e \u00e0 la vente en ligne en tant que drogue de synth\u00e8se depuis le milieu des ann\u00e9es 2010.<\/p>\n<p>La N-\u00e9thylhex\u00e9drone est une mol\u00e9cule de recherche \u00e9galement connue sous le nom de HEX, NEH, a-\u00e9thylaminocaproph\u00e9none et N-\u00e9thylnorhex\u00e9drone.<\/p>\n<p>appartient \u00e0 la cat\u00e9gorie des cathinones.<\/p>\n<h3>Achetez HEX en ligne.<\/h3>\n<p>On pense que son activation est due \u00e0 la propension de l'HEX (N-\u00e9thylhex\u00e9drone ; NEH) en tant qu'inhibiteur de la recapture de la noradr\u00e9naline et de la dopamine (NDRI). est comparable \u00e0 l'hex\u00e9drone en ce sens qu'il poss\u00e8de un groupe \u00e9thyle suppl\u00e9mentaire sur la cha\u00eene carbon\u00e9e contenant de l'azote.<\/p>","protected":false},"excerpt":{"rendered":"<p>Online purchase of HEX (N-Ethylhexedrone) Buy, N-ethylhexedrone, also known as \u03b1-ethylaminocaprophenone, N-ethylnorhexedrone, hexene, and NEH, is a stimulant drug that belongs to the cathinone class and has IC50 values of 0.0978 and 0.0467 \u03bcM, respectively. It works as an NDRI, or norepinephrine-dopamine reuptake inhibitor. N-ethylnorhexedrone was mentioned in several patents filed by Boehringer Ingelheim in &hellip;<\/p>\n<p class=\"read-more\"> <a class=\"\" href=\"https:\/\/legitgrams.com\/fr\/produit\/hexagone\/\"> <span class=\"screen-reader-text\">Hexagone<\/span> Lire la suite \"<\/a><\/p>","protected":false},"featured_media":3295,"comment_status":"open","ping_status":"closed","template":"","meta":{"_uag_custom_page_level_css":"","site-sidebar-layout":"default","site-content-layout":"default","ast-global-header-display":"","ast-main-header-display":"","ast-hfb-above-header-display":"","ast-hfb-below-header-display":"","ast-hfb-mobile-header-display":"","site-post-title":"","ast-breadcrumbs-content":"","ast-featured-img":"","footer-sml-layout":"","theme-transparent-header-meta":"default","adv-header-id-meta":"","stick-header-meta":"default","header-above-stick-meta":"","header-main-stick-meta":"","header-below-stick-meta":"","_joinchat":[]},"product_brand":[],"product_cat":[190],"product_tag":[401,402,403,404,393,394,395,396,397,398,399,400],"class_list":{"0":"post-3286","1":"product","2":"type-product","3":"status-publish","4":"has-post-thumbnail","6":"product_cat-cannabinoids","7":"product_tag-hex-cannabinoids","8":"product_tag-hex-cannabinoids-for-sale","9":"product_tag-hex-cannabinoids-reddit","10":"product_tag-hex-chemical","11":"product_tag-hex-powder-australia","12":"product_tag-hex-powder-canada","13":"product_tag-hex-powder-greece","14":"product_tag-hex-powder-kuwait","15":"product_tag-hex-powder-review","16":"product_tag-hex-powder-spain","17":"product_tag-hex-powder-uk","18":"product_tag-hex-powder-usa","19":"desktop-align-left","20":"tablet-align-left","21":"mobile-align-left","22":"ast-product-gallery-layout-horizontal","23":"ast-product-gallery-with-no-image","24":"ast-product-single-variable","25":"ast-product-tabs-layout-horizontal","26":"ast-qv-on-image","28":"first","29":"instock","30":"shipping-taxable","31":"purchasable","32":"product-type-variable"},"yoast_head":"<!-- This site is optimized with the Yoast SEO plugin v25.9 - https:\/\/yoast.com\/wordpress\/plugins\/seo\/ -->\n<title>Hex for Sale Online - Order Hex Powder - Buy Hex Online | LG<\/title>\n<meta name=\"description\" content=\"Here is the chance to grab Hex Powder for sale at cheap prices. Our online Legitgrams store is selling Hex Powder worldwide. Order to buy Hex Powder online soon!\" \/>\n<meta name=\"robots\" content=\"index, follow, max-snippet:-1, max-image-preview:large, max-video-preview:-1\" \/>\n<link rel=\"canonical\" href=\"https:\/\/legitgrams.com\/fr\/produit\/hexagone\/\" \/>\n<meta property=\"og:locale\" content=\"fr_FR\" \/>\n<meta property=\"og:type\" content=\"article\" \/>\n<meta property=\"og:title\" content=\"Hex for Sale Online - Order Hex Powder - Buy Hex Online | LG\" \/>\n<meta property=\"og:description\" content=\"Here is the chance to grab Hex Powder for sale at cheap prices. Our online Legitgrams store is selling Hex Powder worldwide. Order to buy Hex Powder online soon!\" \/>\n<meta property=\"og:url\" content=\"https:\/\/legitgrams.com\/fr\/produit\/hexagone\/\" \/>\n<meta property=\"og:site_name\" content=\"Legit Grams\" \/>\n<meta property=\"article:modified_time\" content=\"2025-01-14T06:00:18+00:00\" \/>\n<meta property=\"og:image\" content=\"https:\/\/legitgrams.com\/wp-content\/uploads\/2024\/08\/Hex.gif\" \/>\n\t<meta property=\"og:image:width\" content=\"600\" \/>\n\t<meta property=\"og:image:height\" content=\"600\" \/>\n\t<meta property=\"og:image:type\" content=\"image\/gif\" \/>\n<meta name=\"twitter:card\" content=\"summary_large_image\" \/>\n<meta name=\"twitter:label1\" content=\"Dur\u00e9e de lecture est.\" \/>\n\t<meta name=\"twitter:data1\" content=\"2 minutes\" \/>\n<script type=\"application\/ld+json\" class=\"yoast-schema-graph\">{\"@context\":\"https:\/\/schema.org\",\"@graph\":[{\"@type\":\"WebPage\",\"@id\":\"https:\/\/legitgrams.com\/product\/hex\/\",\"url\":\"https:\/\/legitgrams.com\/product\/hex\/\",\"name\":\"Hex for Sale Online - Order Hex Powder - Buy Hex Online | LG\",\"isPartOf\":{\"@id\":\"https:\/\/legitgrams.com\/#website\"},\"primaryImageOfPage\":{\"@id\":\"https:\/\/legitgrams.com\/product\/hex\/#primaryimage\"},\"image\":{\"@id\":\"https:\/\/legitgrams.com\/product\/hex\/#primaryimage\"},\"thumbnailUrl\":\"https:\/\/legitgrams.com\/wp-content\/uploads\/2024\/08\/Hex.gif\",\"datePublished\":\"2024-08-03T05:38:55+00:00\",\"dateModified\":\"2025-01-14T06:00:18+00:00\",\"description\":\"Here is the chance to grab Hex Powder for sale at cheap prices. Our online Legitgrams store is selling Hex Powder worldwide. Order to buy Hex Powder online soon!\",\"breadcrumb\":{\"@id\":\"https:\/\/legitgrams.com\/product\/hex\/#breadcrumb\"},\"inLanguage\":\"fr-BE\",\"potentialAction\":[{\"@type\":\"ReadAction\",\"target\":[\"https:\/\/legitgrams.com\/product\/hex\/\"]}]},{\"@type\":\"ImageObject\",\"inLanguage\":\"fr-BE\",\"@id\":\"https:\/\/legitgrams.com\/product\/hex\/#primaryimage\",\"url\":\"https:\/\/legitgrams.com\/wp-content\/uploads\/2024\/08\/Hex.gif\",\"contentUrl\":\"https:\/\/legitgrams.com\/wp-content\/uploads\/2024\/08\/Hex.gif\",\"width\":600,\"height\":600,\"caption\":\"Hex for Sale Online\"},{\"@type\":\"BreadcrumbList\",\"@id\":\"https:\/\/legitgrams.com\/product\/hex\/#breadcrumb\",\"itemListElement\":[{\"@type\":\"ListItem\",\"position\":1,\"name\":\"Home\",\"item\":\"https:\/\/legitgrams.com\/\"},{\"@type\":\"ListItem\",\"position\":2,\"name\":\"Shop\",\"item\":\"https:\/\/legitgrams.com\/shop\/\"},{\"@type\":\"ListItem\",\"position\":3,\"name\":\"Hex\"}]},{\"@type\":\"WebSite\",\"@id\":\"https:\/\/legitgrams.com\/#website\",\"url\":\"https:\/\/legitgrams.com\/\",\"name\":\"Legit Grams\",\"description\":\"My WordPress Blog\",\"publisher\":{\"@id\":\"https:\/\/legitgrams.com\/#organization\"},\"potentialAction\":[{\"@type\":\"SearchAction\",\"target\":{\"@type\":\"EntryPoint\",\"urlTemplate\":\"https:\/\/legitgrams.com\/?s={search_term_string}\"},\"query-input\":{\"@type\":\"PropertyValueSpecification\",\"valueRequired\":true,\"valueName\":\"search_term_string\"}}],\"inLanguage\":\"fr-BE\"},{\"@type\":\"Organization\",\"@id\":\"https:\/\/legitgrams.com\/#organization\",\"name\":\"Legit Grams\",\"url\":\"https:\/\/legitgrams.com\/\",\"logo\":{\"@type\":\"ImageObject\",\"inLanguage\":\"fr-BE\",\"@id\":\"https:\/\/legitgrams.com\/#\/schema\/logo\/image\/\",\"url\":\"https:\/\/legitgrams.com\/wp-content\/uploads\/2024\/09\/main-logo.png\",\"contentUrl\":\"https:\/\/legitgrams.com\/wp-content\/uploads\/2024\/09\/main-logo.png\",\"width\":270,\"height\":75,\"caption\":\"Legit Grams\"},\"image\":{\"@id\":\"https:\/\/legitgrams.com\/#\/schema\/logo\/image\/\"}}]}<\/script>\n<!-- \/ Yoast SEO plugin. -->","yoast_head_json":{"title":"Hex for Sale Online - Order Hex Powder - Buy Hex Online | LG","description":"Voici l'occasion d'acheter Hex Powder \u00e0 bas prix. Notre magasin en ligne Legitgrams vend Hex Powder dans le monde entier. Commandez pour acheter Hex Powder en ligne bient\u00f4t !","robots":{"index":"index","follow":"follow","max-snippet":"max-snippet:-1","max-image-preview":"max-image-preview:large","max-video-preview":"max-video-preview:-1"},"canonical":"https:\/\/legitgrams.com\/fr\/produit\/hexagone\/","og_locale":"fr_FR","og_type":"article","og_title":"Hex for Sale Online - Order Hex Powder - Buy Hex Online | LG","og_description":"Here is the chance to grab Hex Powder for sale at cheap prices. Our online Legitgrams store is selling Hex Powder worldwide. Order to buy Hex Powder online soon!","og_url":"https:\/\/legitgrams.com\/fr\/produit\/hexagone\/","og_site_name":"Legit Grams","article_modified_time":"2025-01-14T06:00:18+00:00","og_image":[{"width":600,"height":600,"url":"https:\/\/legitgrams.com\/wp-content\/uploads\/2024\/08\/Hex.gif","type":"image\/gif"}],"twitter_card":"summary_large_image","twitter_misc":{"Dur\u00e9e de lecture est.":"2 minutes"},"schema":{"@context":"https:\/\/schema.org","@graph":[{"@type":"WebPage","@id":"https:\/\/legitgrams.com\/product\/hex\/","url":"https:\/\/legitgrams.com\/product\/hex\/","name":"Hex for Sale Online - Order Hex Powder - Buy Hex Online | LG","isPartOf":{"@id":"https:\/\/legitgrams.com\/#website"},"primaryImageOfPage":{"@id":"https:\/\/legitgrams.com\/product\/hex\/#primaryimage"},"image":{"@id":"https:\/\/legitgrams.com\/product\/hex\/#primaryimage"},"thumbnailUrl":"https:\/\/legitgrams.com\/wp-content\/uploads\/2024\/08\/Hex.gif","datePublished":"2024-08-03T05:38:55+00:00","dateModified":"2025-01-14T06:00:18+00:00","description":"Voici l'occasion d'acheter Hex Powder \u00e0 bas prix. Notre magasin en ligne Legitgrams vend Hex Powder dans le monde entier. Commandez pour acheter Hex Powder en ligne bient\u00f4t !","breadcrumb":{"@id":"https:\/\/legitgrams.com\/product\/hex\/#breadcrumb"},"inLanguage":"fr-BE","potentialAction":[{"@type":"ReadAction","target":["https:\/\/legitgrams.com\/product\/hex\/"]}]},{"@type":"ImageObject","inLanguage":"fr-BE","@id":"https:\/\/legitgrams.com\/product\/hex\/#primaryimage","url":"https:\/\/legitgrams.com\/wp-content\/uploads\/2024\/08\/Hex.gif","contentUrl":"https:\/\/legitgrams.com\/wp-content\/uploads\/2024\/08\/Hex.gif","width":600,"height":600,"caption":"Hex for Sale Online"},{"@type":"BreadcrumbList","@id":"https:\/\/legitgrams.com\/product\/hex\/#breadcrumb","itemListElement":[{"@type":"ListItem","position":1,"name":"Home","item":"https:\/\/legitgrams.com\/"},{"@type":"ListItem","position":2,"name":"Shop","item":"https:\/\/legitgrams.com\/shop\/"},{"@type":"ListItem","position":3,"name":"Hex"}]},{"@type":"WebSite","@id":"https:\/\/legitgrams.com\/#website","url":"https:\/\/legitgrams.com\/","name":"Les grammes l\u00e9gitimes","description":"Mon blog WordPress","publisher":{"@id":"https:\/\/legitgrams.com\/#organization"},"potentialAction":[{"@type":"SearchAction","target":{"@type":"EntryPoint","urlTemplate":"https:\/\/legitgrams.com\/?s={search_term_string}"},"query-input":{"@type":"PropertyValueSpecification","valueRequired":true,"valueName":"search_term_string"}}],"inLanguage":"fr-BE"},{"@type":"Organization","@id":"https:\/\/legitgrams.com\/#organization","name":"Les grammes l\u00e9gitimes","url":"https:\/\/legitgrams.com\/","logo":{"@type":"ImageObject","inLanguage":"fr-BE","@id":"https:\/\/legitgrams.com\/#\/schema\/logo\/image\/","url":"https:\/\/legitgrams.com\/wp-content\/uploads\/2024\/09\/main-logo.png","contentUrl":"https:\/\/legitgrams.com\/wp-content\/uploads\/2024\/09\/main-logo.png","width":270,"height":75,"caption":"Legit Grams"},"image":{"@id":"https:\/\/legitgrams.com\/#\/schema\/logo\/image\/"}}]}},"uagb_featured_image_src":{"full":["https:\/\/legitgrams.com\/wp-content\/uploads\/2024\/08\/Hex.gif",600,600,false],"thumbnail":["https:\/\/legitgrams.com\/wp-content\/uploads\/2024\/08\/Hex-150x150.gif",150,150,true],"medium":["https:\/\/legitgrams.com\/wp-content\/uploads\/2024\/08\/Hex-300x300.gif",300,300,true],"medium_large":["https:\/\/legitgrams.com\/wp-content\/uploads\/2024\/08\/Hex.gif",600,600,false],"large":["https:\/\/legitgrams.com\/wp-content\/uploads\/2024\/08\/Hex.gif",600,600,false],"1536x1536":["https:\/\/legitgrams.com\/wp-content\/uploads\/2024\/08\/Hex.gif",600,600,false],"2048x2048":["https:\/\/legitgrams.com\/wp-content\/uploads\/2024\/08\/Hex.gif",600,600,false],"trp-custom-language-flag":["https:\/\/legitgrams.com\/wp-content\/uploads\/2024\/08\/Hex-12x12.gif",12,12,true],"woocommerce_thumbnail":["https:\/\/legitgrams.com\/wp-content\/uploads\/2024\/08\/Hex-300x300.gif",300,300,true],"woocommerce_single":["https:\/\/legitgrams.com\/wp-content\/uploads\/2024\/08\/Hex.gif",600,600,false],"woocommerce_gallery_thumbnail":["https:\/\/legitgrams.com\/wp-content\/uploads\/2024\/08\/Hex-100x100.gif",100,100,true]},"uagb_author_info":{"display_name":"cokeblog18","author_link":"https:\/\/legitgrams.com\/fr\/author\/"},"uagb_comment_info":0,"uagb_excerpt":"Online purchase of HEX (N-Ethylhexedrone) Buy, N-ethylhexedrone, also known as \u03b1-ethylaminocaprophenone, N-ethylnorhexedrone, hexene, and NEH, is a stimulant drug that belongs to the cathinone class and has IC50 values of 0.0978 and 0.0467 \u03bcM, respectively. It works as an NDRI, or norepinephrine-dopamine reuptake inhibitor. N-ethylnorhexedrone was mentioned in several patents filed by Boehringer Ingelheim in&hellip;","_links":{"self":[{"href":"https:\/\/legitgrams.com\/fr\/wp-json\/wp\/v2\/product\/3286","targetHints":{"allow":["GET"]}}],"collection":[{"href":"https:\/\/legitgrams.com\/fr\/wp-json\/wp\/v2\/product"}],"about":[{"href":"https:\/\/legitgrams.com\/fr\/wp-json\/wp\/v2\/types\/product"}],"replies":[{"embeddable":true,"href":"https:\/\/legitgrams.com\/fr\/wp-json\/wp\/v2\/comments?post=3286"}],"wp:featuredmedia":[{"embeddable":true,"href":"https:\/\/legitgrams.com\/fr\/wp-json\/wp\/v2\/media\/3295"}],"wp:attachment":[{"href":"https:\/\/legitgrams.com\/fr\/wp-json\/wp\/v2\/media?parent=3286"}],"wp:term":[{"taxonomy":"product_brand","embeddable":true,"href":"https:\/\/legitgrams.com\/fr\/wp-json\/wp\/v2\/product_brand?post=3286"},{"taxonomy":"product_cat","embeddable":true,"href":"https:\/\/legitgrams.com\/fr\/wp-json\/wp\/v2\/product_cat?post=3286"},{"taxonomy":"product_tag","embeddable":true,"href":"https:\/\/legitgrams.com\/fr\/wp-json\/wp\/v2\/product_tag?post=3286"}],"curies":[{"name":"wp","href":"https:\/\/api.w.org\/{rel}","templated":true}]}}