{"id":3301,"date":"2024-08-03T05:48:33","date_gmt":"2024-08-03T05:48:33","guid":{"rendered":"https:\/\/cokebricks.com\/?post_type=product&#038;p=3301"},"modified":"2025-01-14T04:15:22","modified_gmt":"2025-01-14T04:15:22","slug":"eutylone","status":"publish","type":"product","link":"https:\/\/legitgrams.com\/fr\/produit\/eutylone\/","title":{"rendered":"EUTYLONE"},"content":{"rendered":"<h2>A vendre : Eutylone<\/h2>\n<p>Achetez de l'eutylone en ligne, vous recherchez vraiment un fournisseur fiable <a href=\"https:\/\/legitgrams.com\/fr\/produit\/eutylone\/\">Euthylone<\/a> Vendeur ? Vous \u00eates au bon endroit ! Le meilleur type d'eutylone est disponible \u00e0 l'achat d\u00e8s maintenant. Nous offrons une exp\u00e9dition soign\u00e9e et un emballage discret. L'eutylone, une drogue de planification potentielle, a des caract\u00e9ristiques auxiliaires communes avec la cathinone, la pyroval\u00e9rone et les amph\u00e9tamines. Des effets psychoactifs entactog\u00e8nes ou stimulants sont couramment observ\u00e9s dans ces m\u00e9langes. La criminologie est le but de cet article. <a href=\"https:\/\/legitgrams.com\/fr\/\">LegitGrams<\/a><\/p>\n<h3>Acheter Eutylone en ligne : Vente d'Eutylone<\/h3>\n<p><a href=\"https:\/\/en.wikipedia.org\/wiki\/Eutylone\">Euthylone<\/a>, \u00e0 ne pas confondre avec l\u2019\u00e9thylone, est une nouvelle drogue planificatrice d\u00e9couverte en 1960 et qui fonctionne comme un \u00e9nergisant. La capacit\u00e9 du cerveau humain \u00e0 fonctionner et \u00e0 produire des \u00e9motions positives est souvent renforc\u00e9e par des m\u00e9dicaments de type \u00e9nergisant. En g\u00e9n\u00e9ral, les gens utilisent ces substances \u00e0 des fins r\u00e9cr\u00e9atives et m\u00e9dicales. Cependant, lors de l\u2019utilisation de doses importantes de ces m\u00e9dicaments, une grande prudence est de mise en raison de leur nature addictive. Les experts ont ajout\u00e9 les m\u00e9dicaments de la classe des cathinones et la classe elle-m\u00eame \u00e0 la liste pr\u00e9vue des m\u00e9dicaments qui interdisent leur fabrication et leur utilisation \u00e0 des fins humaines en raison de cette propension \u00e0 l\u2019abus.<\/p>\n<h3>Qu'est-ce que l'Euthylone, le m\u00e9dicament ?<\/h3>\n<p>Les cristaux d'Euthylone destin\u00e9s \u00e0 la vente au d\u00e9tail sont \u00e9galement connus sous le nom de BK EDBP ou N-Ethylbutylone. En raison de sa ressemblance avec le m\u00e9dicament Ethylone, il appartient \u00e0 la classe des cathinones. Le syst\u00e8me nerveux central du corps est affect\u00e9 par le m\u00e9dicament de type \u00e9nergisant Ethylone. Il a g\u00e9n\u00e9ralement une structure translucide et une teinte jaune p\u00e2le. Des proc\u00e9dures orales sont utilis\u00e9es pour organiser le m\u00e9dicament. L'utilisation \u00e0 long terme du m\u00e9dicament peut entra\u00eener une servitude permanente et il existe une forte probabilit\u00e9 d'utilisation compulsive. Le nom synth\u00e9tique du m\u00e9dicament est \u00ab \u03b2-Keto-1, 3-benzodioxolyl-N-ethylbutanamine \u00bb et sa formule mol\u00e9culaire est \u00ab C13H17NO3 \u00bb. La charge subatomique d'Euthylone est de 235,278 g\/mol. Selon les normes de construction des physiciens, l'impeccabilit\u00e9 du joyau Euthylone peut fluctuer, mais dans ses meilleures configurations, elle varie de 97 \u00e0 98 %.<\/p>\n<h3>O\u00f9 acheter<\/h3>\n<p>L'Euthylone est disponible \u00e0 l'achat dans les magasins physiques du monde entier \u00e0 des fins de recherche ou en tant que m\u00e9dicament sur ordonnance aupr\u00e8s de votre m\u00e9decin traitant. Comme ils offrent plus de flexibilit\u00e9 et de simplicit\u00e9 de livraison, il peut \u00e9galement \u00eatre achet\u00e9 aupr\u00e8s de nombreux marchands en ligne. L'Euthylone est disponible dans notre boutique en ligne pour \u00eatre achet\u00e9 par des particuliers, des experts m\u00e9dicaux, des pharmacies et des professionnels du monde entier. Nous pouvons d\u00e9placer nos biens partout dans le monde gr\u00e2ce \u00e0 notre capacit\u00e9 g\u00e9n\u00e9rale \u00e0 les livrer avec pr\u00e9cision. Voici quelques-unes des raisons les plus convaincantes pour lesquelles vous devriez acheter chez nous :<\/p>\n<h3>Eutylone peut \u00eatre achet\u00e9 en ligne.<\/h3>\n<p>Dans la plupart des pays du monde, l'eutylone, qui est disponible \u00e0 la vente, est un m\u00e9dicament r\u00e9serv\u00e9 en raison du risque \u00e9lev\u00e9 de toxicomanie chez les individus. Sa fabrication, sa distribution et son utilisation ill\u00e9gale ont toutes \u00e9t\u00e9 r\u00e9alis\u00e9es ill\u00e9galement et sans l'approbation requise des autorit\u00e9s comp\u00e9tentes.<\/p>","protected":false},"excerpt":{"rendered":"<p>For sale: Eutylone Buy eutylone online, which Are you really looking for a trustworthy Euthylone seller? You&#8217;re in the ideal location! The best type of eutylone is available for purchase right now. We offer careful shipping and inconspicuous packaging. Eutylone, a potential planner drug, has auxiliary highlights in common with cathinone, pyrovalerone, and amphetamines. Entactogenic &hellip;<\/p>\n<p class=\"read-more\"> <a class=\"\" href=\"https:\/\/legitgrams.com\/fr\/produit\/eutylone\/\"> <span class=\"screen-reader-text\">EUTYLONE<\/span> Lire la suite \"<\/a><\/p>","protected":false},"featured_media":3315,"comment_status":"open","ping_status":"closed","template":"","meta":{"_uag_custom_page_level_css":"","site-sidebar-layout":"default","site-content-layout":"default","ast-global-header-display":"","ast-main-header-display":"","ast-hfb-above-header-display":"","ast-hfb-below-header-display":"","ast-hfb-mobile-header-display":"","site-post-title":"","ast-breadcrumbs-content":"","ast-featured-img":"","footer-sml-layout":"","theme-transparent-header-meta":"default","adv-header-id-meta":"","stick-header-meta":"default","header-above-stick-meta":"","header-main-stick-meta":"","header-below-stick-meta":"","_joinchat":[]},"product_brand":[],"product_cat":[190],"product_tag":[353,354,355,356,345,346,347,348,349,350,351,352],"class_list":{"0":"post-3301","1":"product","2":"type-product","3":"status-publish","4":"has-post-thumbnail","6":"product_cat-cannabinoids","7":"product_tag-eutylone-cannabinoids","8":"product_tag-eutylone-cannabinoids-for-sale","9":"product_tag-eutylone-cannabinoids-reddit","10":"product_tag-eutylone-chemical","11":"product_tag-eutylone-powder-australia","12":"product_tag-eutylone-powder-canada","13":"product_tag-eutylone-powder-greece","14":"product_tag-eutylone-powder-kuwait","15":"product_tag-eutylone-powder-review","16":"product_tag-eutylone-powder-spain","17":"product_tag-eutylone-powder-uk","18":"product_tag-eutylone-powder-usa","19":"desktop-align-left","20":"tablet-align-left","21":"mobile-align-left","22":"ast-product-gallery-layout-horizontal","23":"ast-product-gallery-with-no-image","24":"ast-product-single-variable","25":"ast-product-tabs-layout-horizontal","26":"ast-qv-on-image","28":"first","29":"instock","30":"shipping-taxable","31":"purchasable","32":"product-type-variable"},"yoast_head":"<!-- This site is optimized with the Yoast SEO plugin v25.9 - https:\/\/yoast.com\/wordpress\/plugins\/seo\/ -->\n<title>Buy Eutylone Online - Eutylone for Sale | LegitGrams<\/title>\n<meta name=\"description\" content=\"Looking for a reliable source to buy EUTYLONE Powder online? Your search ends here. Order EUTYLONE Powder online from our trusted store and enjoy a seamless buying process tailored for your research needs.\" \/>\n<meta name=\"robots\" content=\"index, follow, max-snippet:-1, max-image-preview:large, max-video-preview:-1\" \/>\n<link rel=\"canonical\" href=\"https:\/\/legitgrams.com\/fr\/produit\/eutylone\/\" \/>\n<meta property=\"og:locale\" content=\"fr_FR\" \/>\n<meta property=\"og:type\" content=\"article\" \/>\n<meta property=\"og:title\" content=\"Buy Eutylone Online - Eutylone for Sale | LegitGrams\" \/>\n<meta property=\"og:description\" content=\"Looking for a reliable source to buy EUTYLONE Powder online? Your search ends here. Order EUTYLONE Powder online from our trusted store and enjoy a seamless buying process tailored for your research needs.\" \/>\n<meta property=\"og:url\" content=\"https:\/\/legitgrams.com\/fr\/produit\/eutylone\/\" \/>\n<meta property=\"og:site_name\" content=\"Legit Grams\" \/>\n<meta property=\"article:modified_time\" content=\"2025-01-14T04:15:22+00:00\" \/>\n<meta property=\"og:image\" content=\"https:\/\/legitgrams.com\/wp-content\/uploads\/2024\/08\/EUTYLONE.gif\" \/>\n\t<meta property=\"og:image:width\" content=\"600\" \/>\n\t<meta property=\"og:image:height\" content=\"600\" \/>\n\t<meta property=\"og:image:type\" content=\"image\/gif\" \/>\n<meta name=\"twitter:card\" content=\"summary_large_image\" \/>\n<meta name=\"twitter:label1\" content=\"Dur\u00e9e de lecture est.\" \/>\n\t<meta name=\"twitter:data1\" content=\"3 minutes\" \/>\n<script type=\"application\/ld+json\" class=\"yoast-schema-graph\">{\"@context\":\"https:\/\/schema.org\",\"@graph\":[{\"@type\":\"WebPage\",\"@id\":\"https:\/\/legitgrams.com\/product\/eutylone\/\",\"url\":\"https:\/\/legitgrams.com\/product\/eutylone\/\",\"name\":\"Buy Eutylone Online - Eutylone for Sale | LegitGrams\",\"isPartOf\":{\"@id\":\"https:\/\/legitgrams.com\/#website\"},\"primaryImageOfPage\":{\"@id\":\"https:\/\/legitgrams.com\/product\/eutylone\/#primaryimage\"},\"image\":{\"@id\":\"https:\/\/legitgrams.com\/product\/eutylone\/#primaryimage\"},\"thumbnailUrl\":\"https:\/\/legitgrams.com\/wp-content\/uploads\/2024\/08\/EUTYLONE.gif\",\"datePublished\":\"2024-08-03T05:48:33+00:00\",\"dateModified\":\"2025-01-14T04:15:22+00:00\",\"description\":\"Looking for a reliable source to buy EUTYLONE Powder online? Your search ends here. Order EUTYLONE Powder online from our trusted store and enjoy a seamless buying process tailored for your research needs.\",\"breadcrumb\":{\"@id\":\"https:\/\/legitgrams.com\/product\/eutylone\/#breadcrumb\"},\"inLanguage\":\"fr-BE\",\"potentialAction\":[{\"@type\":\"ReadAction\",\"target\":[\"https:\/\/legitgrams.com\/product\/eutylone\/\"]}]},{\"@type\":\"ImageObject\",\"inLanguage\":\"fr-BE\",\"@id\":\"https:\/\/legitgrams.com\/product\/eutylone\/#primaryimage\",\"url\":\"https:\/\/legitgrams.com\/wp-content\/uploads\/2024\/08\/EUTYLONE.gif\",\"contentUrl\":\"https:\/\/legitgrams.com\/wp-content\/uploads\/2024\/08\/EUTYLONE.gif\",\"width\":600,\"height\":600,\"caption\":\"Eutylone for sale\"},{\"@type\":\"BreadcrumbList\",\"@id\":\"https:\/\/legitgrams.com\/product\/eutylone\/#breadcrumb\",\"itemListElement\":[{\"@type\":\"ListItem\",\"position\":1,\"name\":\"Home\",\"item\":\"https:\/\/legitgrams.com\/\"},{\"@type\":\"ListItem\",\"position\":2,\"name\":\"Shop\",\"item\":\"https:\/\/legitgrams.com\/shop\/\"},{\"@type\":\"ListItem\",\"position\":3,\"name\":\"EUTYLONE\"}]},{\"@type\":\"WebSite\",\"@id\":\"https:\/\/legitgrams.com\/#website\",\"url\":\"https:\/\/legitgrams.com\/\",\"name\":\"Legit Grams\",\"description\":\"My WordPress Blog\",\"publisher\":{\"@id\":\"https:\/\/legitgrams.com\/#organization\"},\"potentialAction\":[{\"@type\":\"SearchAction\",\"target\":{\"@type\":\"EntryPoint\",\"urlTemplate\":\"https:\/\/legitgrams.com\/?s={search_term_string}\"},\"query-input\":{\"@type\":\"PropertyValueSpecification\",\"valueRequired\":true,\"valueName\":\"search_term_string\"}}],\"inLanguage\":\"fr-BE\"},{\"@type\":\"Organization\",\"@id\":\"https:\/\/legitgrams.com\/#organization\",\"name\":\"Legit Grams\",\"url\":\"https:\/\/legitgrams.com\/\",\"logo\":{\"@type\":\"ImageObject\",\"inLanguage\":\"fr-BE\",\"@id\":\"https:\/\/legitgrams.com\/#\/schema\/logo\/image\/\",\"url\":\"https:\/\/legitgrams.com\/wp-content\/uploads\/2024\/09\/main-logo.png\",\"contentUrl\":\"https:\/\/legitgrams.com\/wp-content\/uploads\/2024\/09\/main-logo.png\",\"width\":270,\"height\":75,\"caption\":\"Legit Grams\"},\"image\":{\"@id\":\"https:\/\/legitgrams.com\/#\/schema\/logo\/image\/\"}}]}<\/script>\n<!-- \/ Yoast SEO plugin. -->","yoast_head_json":{"title":"Buy Eutylone Online - Eutylone for Sale | LegitGrams","description":"Vous cherchez une source fiable pour acheter EUTYLONE Powder en ligne ? Votre recherche s'arr\u00eate ici. Commandez EUTYLONE Powder en ligne sur notre site de confiance et profitez d'un processus d'achat transparent adapt\u00e9 \u00e0 vos besoins de recherche.","robots":{"index":"index","follow":"follow","max-snippet":"max-snippet:-1","max-image-preview":"max-image-preview:large","max-video-preview":"max-video-preview:-1"},"canonical":"https:\/\/legitgrams.com\/fr\/produit\/eutylone\/","og_locale":"fr_FR","og_type":"article","og_title":"Buy Eutylone Online - Eutylone for Sale | LegitGrams","og_description":"Looking for a reliable source to buy EUTYLONE Powder online? Your search ends here. Order EUTYLONE Powder online from our trusted store and enjoy a seamless buying process tailored for your research needs.","og_url":"https:\/\/legitgrams.com\/fr\/produit\/eutylone\/","og_site_name":"Legit Grams","article_modified_time":"2025-01-14T04:15:22+00:00","og_image":[{"width":600,"height":600,"url":"https:\/\/legitgrams.com\/wp-content\/uploads\/2024\/08\/EUTYLONE.gif","type":"image\/gif"}],"twitter_card":"summary_large_image","twitter_misc":{"Dur\u00e9e de lecture est.":"3 minutes"},"schema":{"@context":"https:\/\/schema.org","@graph":[{"@type":"WebPage","@id":"https:\/\/legitgrams.com\/product\/eutylone\/","url":"https:\/\/legitgrams.com\/product\/eutylone\/","name":"Buy Eutylone Online - Eutylone for Sale | LegitGrams","isPartOf":{"@id":"https:\/\/legitgrams.com\/#website"},"primaryImageOfPage":{"@id":"https:\/\/legitgrams.com\/product\/eutylone\/#primaryimage"},"image":{"@id":"https:\/\/legitgrams.com\/product\/eutylone\/#primaryimage"},"thumbnailUrl":"https:\/\/legitgrams.com\/wp-content\/uploads\/2024\/08\/EUTYLONE.gif","datePublished":"2024-08-03T05:48:33+00:00","dateModified":"2025-01-14T04:15:22+00:00","description":"Vous cherchez une source fiable pour acheter EUTYLONE Powder en ligne ? Votre recherche s'arr\u00eate ici. Commandez EUTYLONE Powder en ligne sur notre site de confiance et profitez d'un processus d'achat transparent adapt\u00e9 \u00e0 vos besoins de recherche.","breadcrumb":{"@id":"https:\/\/legitgrams.com\/product\/eutylone\/#breadcrumb"},"inLanguage":"fr-BE","potentialAction":[{"@type":"ReadAction","target":["https:\/\/legitgrams.com\/product\/eutylone\/"]}]},{"@type":"ImageObject","inLanguage":"fr-BE","@id":"https:\/\/legitgrams.com\/product\/eutylone\/#primaryimage","url":"https:\/\/legitgrams.com\/wp-content\/uploads\/2024\/08\/EUTYLONE.gif","contentUrl":"https:\/\/legitgrams.com\/wp-content\/uploads\/2024\/08\/EUTYLONE.gif","width":600,"height":600,"caption":"Eutylone for sale"},{"@type":"BreadcrumbList","@id":"https:\/\/legitgrams.com\/product\/eutylone\/#breadcrumb","itemListElement":[{"@type":"ListItem","position":1,"name":"Home","item":"https:\/\/legitgrams.com\/"},{"@type":"ListItem","position":2,"name":"Shop","item":"https:\/\/legitgrams.com\/shop\/"},{"@type":"ListItem","position":3,"name":"EUTYLONE"}]},{"@type":"WebSite","@id":"https:\/\/legitgrams.com\/#website","url":"https:\/\/legitgrams.com\/","name":"Les grammes l\u00e9gitimes","description":"Mon blog WordPress","publisher":{"@id":"https:\/\/legitgrams.com\/#organization"},"potentialAction":[{"@type":"SearchAction","target":{"@type":"EntryPoint","urlTemplate":"https:\/\/legitgrams.com\/?s={search_term_string}"},"query-input":{"@type":"PropertyValueSpecification","valueRequired":true,"valueName":"search_term_string"}}],"inLanguage":"fr-BE"},{"@type":"Organization","@id":"https:\/\/legitgrams.com\/#organization","name":"Les grammes l\u00e9gitimes","url":"https:\/\/legitgrams.com\/","logo":{"@type":"ImageObject","inLanguage":"fr-BE","@id":"https:\/\/legitgrams.com\/#\/schema\/logo\/image\/","url":"https:\/\/legitgrams.com\/wp-content\/uploads\/2024\/09\/main-logo.png","contentUrl":"https:\/\/legitgrams.com\/wp-content\/uploads\/2024\/09\/main-logo.png","width":270,"height":75,"caption":"Legit Grams"},"image":{"@id":"https:\/\/legitgrams.com\/#\/schema\/logo\/image\/"}}]}},"uagb_featured_image_src":{"full":["https:\/\/legitgrams.com\/wp-content\/uploads\/2024\/08\/EUTYLONE.gif",600,600,false],"thumbnail":["https:\/\/legitgrams.com\/wp-content\/uploads\/2024\/08\/EUTYLONE-150x150.gif",150,150,true],"medium":["https:\/\/legitgrams.com\/wp-content\/uploads\/2024\/08\/EUTYLONE-300x300.gif",300,300,true],"medium_large":["https:\/\/legitgrams.com\/wp-content\/uploads\/2024\/08\/EUTYLONE.gif",600,600,false],"large":["https:\/\/legitgrams.com\/wp-content\/uploads\/2024\/08\/EUTYLONE.gif",600,600,false],"1536x1536":["https:\/\/legitgrams.com\/wp-content\/uploads\/2024\/08\/EUTYLONE.gif",600,600,false],"2048x2048":["https:\/\/legitgrams.com\/wp-content\/uploads\/2024\/08\/EUTYLONE.gif",600,600,false],"trp-custom-language-flag":["https:\/\/legitgrams.com\/wp-content\/uploads\/2024\/08\/EUTYLONE-12x12.gif",12,12,true],"woocommerce_thumbnail":["https:\/\/legitgrams.com\/wp-content\/uploads\/2024\/08\/EUTYLONE-300x300.gif",300,300,true],"woocommerce_single":["https:\/\/legitgrams.com\/wp-content\/uploads\/2024\/08\/EUTYLONE.gif",600,600,false],"woocommerce_gallery_thumbnail":["https:\/\/legitgrams.com\/wp-content\/uploads\/2024\/08\/EUTYLONE-100x100.gif",100,100,true]},"uagb_author_info":{"display_name":"cokeblog18","author_link":"https:\/\/legitgrams.com\/fr\/author\/"},"uagb_comment_info":0,"uagb_excerpt":"For sale: Eutylone Buy eutylone online, which Are you really looking for a trustworthy Euthylone seller? You&#8217;re in the ideal location! The best type of eutylone is available for purchase right now. We offer careful shipping and inconspicuous packaging. Eutylone, a potential planner drug, has auxiliary highlights in common with cathinone, pyrovalerone, and amphetamines. Entactogenic&hellip;","_links":{"self":[{"href":"https:\/\/legitgrams.com\/fr\/wp-json\/wp\/v2\/product\/3301","targetHints":{"allow":["GET"]}}],"collection":[{"href":"https:\/\/legitgrams.com\/fr\/wp-json\/wp\/v2\/product"}],"about":[{"href":"https:\/\/legitgrams.com\/fr\/wp-json\/wp\/v2\/types\/product"}],"replies":[{"embeddable":true,"href":"https:\/\/legitgrams.com\/fr\/wp-json\/wp\/v2\/comments?post=3301"}],"wp:featuredmedia":[{"embeddable":true,"href":"https:\/\/legitgrams.com\/fr\/wp-json\/wp\/v2\/media\/3315"}],"wp:attachment":[{"href":"https:\/\/legitgrams.com\/fr\/wp-json\/wp\/v2\/media?parent=3301"}],"wp:term":[{"taxonomy":"product_brand","embeddable":true,"href":"https:\/\/legitgrams.com\/fr\/wp-json\/wp\/v2\/product_brand?post=3301"},{"taxonomy":"product_cat","embeddable":true,"href":"https:\/\/legitgrams.com\/fr\/wp-json\/wp\/v2\/product_cat?post=3301"},{"taxonomy":"product_tag","embeddable":true,"href":"https:\/\/legitgrams.com\/fr\/wp-json\/wp\/v2\/product_tag?post=3301"}],"curies":[{"name":"wp","href":"https:\/\/api.w.org\/{rel}","templated":true}]}}