{"id":3302,"date":"2024-08-03T05:48:41","date_gmt":"2024-08-03T05:48:41","guid":{"rendered":"https:\/\/cokebricks.com\/?post_type=product&#038;p=3302"},"modified":"2025-01-13T09:16:36","modified_gmt":"2025-01-13T09:16:36","slug":"apvp","status":"publish","type":"product","link":"https:\/\/legitgrams.com\/fr\/produit\/apvp\/","title":{"rendered":"APVP"},"content":{"rendered":"<h2>\u00c0 vendre : A-PVP pur<\/h2>\n<p>Achat 99% Pure <a href=\"https:\/\/legitgrams.com\/fr\/produit\/apvp\/\">A-PVP<\/a> de Nembutal | Achetez de l'A-PVP pur secr\u00e8tement en ligne Achat APVP en ligne : Comme pour le MDPV et les \u00ab sels de bain \u00bb d\u00e9but 2011, Buy a-PVP Crystal Powder Online est un produit chimique relativement nouveau qui suscite beaucoup d'int\u00e9r\u00eat m\u00e9diatique.<\/p>\n<p>Stimulant synth\u00e9tique appartenant aux familles des cathinones et des pyroval\u00e9rones. Achetez de la poudre de cristal a-PVP en ligne. On le nomme \u00e9galement flakka, <a href=\"https:\/\/en.wikipedia.org\/wiki\/-Pyrrolidinopentiophenone\">\u03b1-pyrrolidinopentioph\u00e9none<\/a>, alpha-PVP et A-PVP. Chimiquement parlant, il est similaire \u00e0 d'autres compos\u00e9s de pyroval\u00e9rone, comme le MDPV et les compos\u00e9s de cathinone, qui ont \u00e9t\u00e9 trouv\u00e9s dans la plante de khat d'Afrique de l'Est. Il peut avoir des effets tr\u00e8s similaires \u00e0 ceux de l'amph\u00e9tamine et de la coca\u00efne lorsqu'il est ing\u00e9r\u00e9. Il se pr\u00e9sente g\u00e9n\u00e9ralement sous la forme d'\u00e9normes morceaux de cristal ou de poudre cristalline.<\/p>\n<h3>Achetez de la poudre A-PVP en ligne.<\/h3>\n<p>Achetez des cristaux d'A-PVP en ligne. Similaire aux \u00ab sels de bain \u00bb et au MDPV au d\u00e9but de 2011, la poudre est une substance relativement nouvelle qui est activement surveill\u00e9e par les m\u00e9dias. Elle est couramment produite en grandes quantit\u00e9s en Chine et propos\u00e9e \u00e0 la vente en ligne par des vendeurs en tant que produit chimique de recherche.<\/p>\n<h3>Effets des cristaux Alpha-PVP sur le corps<\/h3>\n<p>Sensations inattendues Une sensation de picotement euphorique mod\u00e9r\u00e9e \u00e0 forte qui impr\u00e8gne tout le corps est connue sous le nom de \u00ab high corporel \u00bb de l'\u03b1-PVP. Des doses plus \u00e9lev\u00e9es peuvent \u00eatre trop difficiles \u00e0 supporter. Cette sensation persiste tout au long de la prise, augmentant progressivement, culminant puis diminuant. <a href=\"https:\/\/legitgrams.com\/fr\/\">LegitGrams<\/a><\/p>\n<p>On pense que l\u2019\u03b1-PVP a des effets b\u00e9n\u00e9fiques sur<\/p>\n<p>les niveaux d'\u00e9nergie physique de l'utilisateur, qui sont<\/p>\n<p>En fait, c'est incroyablement excitant et stimulant. Cela favorise les activit\u00e9s physiques telles que la danse, l'escalade et le jogging.<\/p>\n<h3>A hist\u00f3ria do A-PVP<\/h3>\n<p>Malgr\u00e9 sa d\u00e9couverte r\u00e9cente, l'A-PVP fait l'objet d'enqu\u00eates m\u00e9diatiques et scientifiques depuis 2011. Cela est d\u00fb en grande partie au fait que des personnes en abusent en utilisant ses bienfaits revigorants sans ordonnance ni instructions appropri\u00e9es. L'A-PVP est produite en masse en Chine, bien que sa disponibilit\u00e9 en tant que m\u00e9dicament de recherche soit limit\u00e9e.<\/p>\n<h3>Pourquoi l'A-PVP est-il utilis\u00e9 ?<\/h3>\n<p>L'envie de courir, de danser ou de grimper a \u00e9t\u00e9 associ\u00e9e aux effets \u00e9nergisants de l'A-PVP, largement connu pour ses propri\u00e9t\u00e9s stimulantes. De plus, il a \u00e9t\u00e9 not\u00e9 que les effets de cette prescription obligent les utilisateurs \u00e0 s'engager dans des activit\u00e9s exigeantes ou stimulantes ; cette propension devient plus difficile \u00e0 contrer avec des dosages plus \u00e9lev\u00e9s.<\/p>\n<p>Ces caract\u00e9ristiques ont piqu\u00e9 la curiosit\u00e9 des personnes qui s\u2019adonnent r\u00e9guli\u00e8rement \u00e0 des activit\u00e9s \u00e0 forte consommation d\u2019\u00e9nergie.<\/p>\n<p>Elle peut \u00e9voquer des sentiments de motivation, de gr\u00e9garit\u00e9 et de confiance. Les personnes qui s'entra\u00eenent et font de l'exercice dur ont recours \u00e0 des exercices physiques intenses parce qu'elles d\u00e9sirent fortement participer \u00e0 des activit\u00e9s physiquement exigeantes. Elle vous encourage \u00e9galement \u00e0 boire beaucoup d'eau en raison de ses effets stimulants. Bien que toutes les personnes qui l'utilisent n'aient pas faim, elle peut augmenter l'app\u00e9tit. Les gens l'utilisent pour des raisons non m\u00e9dicales, comme pour stimuler l'ego ou les \u00e9motions, comme on le sait.<\/p>\n<h3>Effets de l\u2019A-PVP<\/h3>\n<p>Les m\u00eames effets peuvent \u00eatre expliqu\u00e9s par les qualit\u00e9s stimulantes du m\u00e9dicament. En cons\u00e9quence, les utilisateurs pr\u00e9sentent un comportement \u00e9nerg\u00e9tique excessif ou compulsif. Parmi les sympt\u00f4mes physiques figurent des membres, un t\u00e9tanos et des tremblements incontr\u00f4lables en raison d'un manque de contr\u00f4le moteur \u00e0 l'\u00e9chelle du corps. De plus, cela peut provoquer des mouvements oculaires involontaires ou des probl\u00e8mes visuels. Dans les cas graves, cela peut entra\u00eener une intoxication \u00e0 l'eau, une perte d'app\u00e9tit et un fort besoin de boire de l'eau. La miction devient difficile en raison du m\u00e9dicament. Une fr\u00e9quence cardiaque \u00e9lev\u00e9e est l'un des effets ind\u00e9sirables et la proximit\u00e9 physique est \u00e9galement intensifi\u00e9e. La transpiration est exacerb\u00e9e par le d\u00e9sir d'une activit\u00e9 physique excessive.<\/p>\n<p>&nbsp;<\/p>","protected":false},"excerpt":{"rendered":"<p>For Sale: Pure A-PVP Purchase 99% Pure A-PVP from Nembutal | Buy Pure A-PVP secretly online Online APVP Purchase: As with MDPV and &#8220;bath salts&#8221; in early 2011, Buy a-PVP Crystal Powder Online is a relatively new chemical that is receiving a lot of media interest. A synthetic stimulant belonging to the cathinone and pyrovalerone &hellip;<\/p>\n<p class=\"read-more\"> <a class=\"\" href=\"https:\/\/legitgrams.com\/fr\/produit\/apvp\/\"> <span class=\"screen-reader-text\">APVP<\/span> Lire la suite \"<\/a><\/p>","protected":false},"featured_media":3316,"comment_status":"open","ping_status":"closed","template":"","meta":{"_uag_custom_page_level_css":"","site-sidebar-layout":"default","site-content-layout":"default","ast-global-header-display":"","ast-main-header-display":"","ast-hfb-above-header-display":"","ast-hfb-below-header-display":"","ast-hfb-mobile-header-display":"","site-post-title":"","ast-breadcrumbs-content":"","ast-featured-img":"","footer-sml-layout":"","theme-transparent-header-meta":"default","adv-header-id-meta":"","stick-header-meta":"default","header-above-stick-meta":"","header-main-stick-meta":"","header-below-stick-meta":"","_joinchat":[]},"product_brand":[],"product_cat":[190],"product_tag":[331,332,333,334,335,336,337,338,339,340,341,342,343,344],"class_list":{"0":"post-3302","1":"product","2":"type-product","3":"status-publish","4":"has-post-thumbnail","6":"product_cat-cannabinoids","7":"product_tag-apvp-crystal-powder","8":"product_tag-beta-pvp-crystals","9":"product_tag-buy-a-pvp","10":"product_tag-buy-a-pvp-flakka","11":"product_tag-buy-apvp-crystals","12":"product_tag-buy-flakka","13":"product_tag-buy-flakka-online","14":"product_tag-flakka","15":"product_tag-how-can-i-buy-alpha-pvp-online-discreetly-russia","16":"product_tag-order-apvp-online","17":"product_tag-what-are-flakka-and-bath-salts","18":"product_tag-what-is-flakka-beta-pvp","19":"product_tag-where-can-i-buy-apvp-crystals-online","20":"product_tag-where-can-i-buy-flakka-khat","21":"desktop-align-left","22":"tablet-align-left","23":"mobile-align-left","24":"ast-product-gallery-layout-horizontal","25":"ast-product-gallery-with-no-image","26":"ast-product-single-variable","27":"ast-product-tabs-layout-horizontal","28":"ast-qv-on-image","30":"first","31":"instock","32":"shipping-taxable","33":"purchasable","34":"product-type-variable"},"yoast_head":"<!-- This site is optimized with the Yoast SEO plugin v25.9 - https:\/\/yoast.com\/wordpress\/plugins\/seo\/ -->\n<title>Get APVP for Sale - Buy APVP Powder Online @ Low Price<\/title>\n<meta name=\"description\" content=\"Your order for APVP for sale is our responsibility. We will take your order to buy APVP powder online into consideration and reach you in a short period. Place bulk orders now!\" \/>\n<meta name=\"robots\" content=\"index, follow, max-snippet:-1, max-image-preview:large, max-video-preview:-1\" \/>\n<link rel=\"canonical\" href=\"https:\/\/legitgrams.com\/fr\/produit\/apvp\/\" \/>\n<meta property=\"og:locale\" content=\"fr_FR\" \/>\n<meta property=\"og:type\" content=\"article\" \/>\n<meta property=\"og:title\" content=\"Get APVP for Sale - Buy APVP Powder Online @ Low Price\" \/>\n<meta property=\"og:description\" content=\"Your order for APVP for sale is our responsibility. We will take your order to buy APVP powder online into consideration and reach you in a short period. Place bulk orders now!\" \/>\n<meta property=\"og:url\" content=\"https:\/\/legitgrams.com\/fr\/produit\/apvp\/\" \/>\n<meta property=\"og:site_name\" content=\"Legit Grams\" \/>\n<meta property=\"article:modified_time\" content=\"2025-01-13T09:16:36+00:00\" \/>\n<meta property=\"og:image\" content=\"https:\/\/legitgrams.com\/wp-content\/uploads\/2024\/08\/APVP.gif\" \/>\n\t<meta property=\"og:image:width\" content=\"600\" \/>\n\t<meta property=\"og:image:height\" content=\"600\" \/>\n\t<meta property=\"og:image:type\" content=\"image\/gif\" \/>\n<meta name=\"twitter:card\" content=\"summary_large_image\" \/>\n<meta name=\"twitter:label1\" content=\"Dur\u00e9e de lecture est.\" \/>\n\t<meta name=\"twitter:data1\" content=\"3 minutes\" \/>\n<script type=\"application\/ld+json\" class=\"yoast-schema-graph\">{\"@context\":\"https:\/\/schema.org\",\"@graph\":[{\"@type\":\"WebPage\",\"@id\":\"https:\/\/legitgrams.com\/product\/apvp\/\",\"url\":\"https:\/\/legitgrams.com\/product\/apvp\/\",\"name\":\"Get APVP for Sale - Buy APVP Powder Online @ Low Price\",\"isPartOf\":{\"@id\":\"https:\/\/legitgrams.com\/#website\"},\"primaryImageOfPage\":{\"@id\":\"https:\/\/legitgrams.com\/product\/apvp\/#primaryimage\"},\"image\":{\"@id\":\"https:\/\/legitgrams.com\/product\/apvp\/#primaryimage\"},\"thumbnailUrl\":\"https:\/\/legitgrams.com\/wp-content\/uploads\/2024\/08\/APVP.gif\",\"datePublished\":\"2024-08-03T05:48:41+00:00\",\"dateModified\":\"2025-01-13T09:16:36+00:00\",\"description\":\"Your order for APVP for sale is our responsibility. We will take your order to buy APVP powder online into consideration and reach you in a short period. Place bulk orders now!\",\"breadcrumb\":{\"@id\":\"https:\/\/legitgrams.com\/product\/apvp\/#breadcrumb\"},\"inLanguage\":\"fr-BE\",\"potentialAction\":[{\"@type\":\"ReadAction\",\"target\":[\"https:\/\/legitgrams.com\/product\/apvp\/\"]}]},{\"@type\":\"ImageObject\",\"inLanguage\":\"fr-BE\",\"@id\":\"https:\/\/legitgrams.com\/product\/apvp\/#primaryimage\",\"url\":\"https:\/\/legitgrams.com\/wp-content\/uploads\/2024\/08\/APVP.gif\",\"contentUrl\":\"https:\/\/legitgrams.com\/wp-content\/uploads\/2024\/08\/APVP.gif\",\"width\":600,\"height\":600,\"caption\":\"Pure A-PVP for Sale\"},{\"@type\":\"BreadcrumbList\",\"@id\":\"https:\/\/legitgrams.com\/product\/apvp\/#breadcrumb\",\"itemListElement\":[{\"@type\":\"ListItem\",\"position\":1,\"name\":\"Home\",\"item\":\"https:\/\/legitgrams.com\/\"},{\"@type\":\"ListItem\",\"position\":2,\"name\":\"Shop\",\"item\":\"https:\/\/legitgrams.com\/shop\/\"},{\"@type\":\"ListItem\",\"position\":3,\"name\":\"APVP\"}]},{\"@type\":\"WebSite\",\"@id\":\"https:\/\/legitgrams.com\/#website\",\"url\":\"https:\/\/legitgrams.com\/\",\"name\":\"Legit Grams\",\"description\":\"My WordPress Blog\",\"publisher\":{\"@id\":\"https:\/\/legitgrams.com\/#organization\"},\"potentialAction\":[{\"@type\":\"SearchAction\",\"target\":{\"@type\":\"EntryPoint\",\"urlTemplate\":\"https:\/\/legitgrams.com\/?s={search_term_string}\"},\"query-input\":{\"@type\":\"PropertyValueSpecification\",\"valueRequired\":true,\"valueName\":\"search_term_string\"}}],\"inLanguage\":\"fr-BE\"},{\"@type\":\"Organization\",\"@id\":\"https:\/\/legitgrams.com\/#organization\",\"name\":\"Legit Grams\",\"url\":\"https:\/\/legitgrams.com\/\",\"logo\":{\"@type\":\"ImageObject\",\"inLanguage\":\"fr-BE\",\"@id\":\"https:\/\/legitgrams.com\/#\/schema\/logo\/image\/\",\"url\":\"https:\/\/legitgrams.com\/wp-content\/uploads\/2024\/09\/main-logo.png\",\"contentUrl\":\"https:\/\/legitgrams.com\/wp-content\/uploads\/2024\/09\/main-logo.png\",\"width\":270,\"height\":75,\"caption\":\"Legit Grams\"},\"image\":{\"@id\":\"https:\/\/legitgrams.com\/#\/schema\/logo\/image\/\"}}]}<\/script>\n<!-- \/ Yoast SEO plugin. -->","yoast_head_json":{"title":"Obtenir APVP for Sale - Acheter APVP Powder Online @ Low Price","description":"Votre commande d'APVP \u00e0 vendre rel\u00e8ve de notre responsabilit\u00e9. Nous prenons en consid\u00e9ration votre commande d'achat de poudre d'APVP en ligne et vous la transmettons dans les plus brefs d\u00e9lais. Passez des commandes group\u00e9es d\u00e8s maintenant !","robots":{"index":"index","follow":"follow","max-snippet":"max-snippet:-1","max-image-preview":"max-image-preview:large","max-video-preview":"max-video-preview:-1"},"canonical":"https:\/\/legitgrams.com\/fr\/produit\/apvp\/","og_locale":"fr_FR","og_type":"article","og_title":"Get APVP for Sale - Buy APVP Powder Online @ Low Price","og_description":"Your order for APVP for sale is our responsibility. We will take your order to buy APVP powder online into consideration and reach you in a short period. Place bulk orders now!","og_url":"https:\/\/legitgrams.com\/fr\/produit\/apvp\/","og_site_name":"Legit Grams","article_modified_time":"2025-01-13T09:16:36+00:00","og_image":[{"width":600,"height":600,"url":"https:\/\/legitgrams.com\/wp-content\/uploads\/2024\/08\/APVP.gif","type":"image\/gif"}],"twitter_card":"summary_large_image","twitter_misc":{"Dur\u00e9e de lecture est.":"3 minutes"},"schema":{"@context":"https:\/\/schema.org","@graph":[{"@type":"WebPage","@id":"https:\/\/legitgrams.com\/product\/apvp\/","url":"https:\/\/legitgrams.com\/product\/apvp\/","name":"Obtenir APVP for Sale - Acheter APVP Powder Online @ Low Price","isPartOf":{"@id":"https:\/\/legitgrams.com\/#website"},"primaryImageOfPage":{"@id":"https:\/\/legitgrams.com\/product\/apvp\/#primaryimage"},"image":{"@id":"https:\/\/legitgrams.com\/product\/apvp\/#primaryimage"},"thumbnailUrl":"https:\/\/legitgrams.com\/wp-content\/uploads\/2024\/08\/APVP.gif","datePublished":"2024-08-03T05:48:41+00:00","dateModified":"2025-01-13T09:16:36+00:00","description":"Votre commande d'APVP \u00e0 vendre rel\u00e8ve de notre responsabilit\u00e9. Nous prenons en consid\u00e9ration votre commande d'achat de poudre d'APVP en ligne et vous la transmettons dans les plus brefs d\u00e9lais. Passez des commandes group\u00e9es d\u00e8s maintenant !","breadcrumb":{"@id":"https:\/\/legitgrams.com\/product\/apvp\/#breadcrumb"},"inLanguage":"fr-BE","potentialAction":[{"@type":"ReadAction","target":["https:\/\/legitgrams.com\/product\/apvp\/"]}]},{"@type":"ImageObject","inLanguage":"fr-BE","@id":"https:\/\/legitgrams.com\/product\/apvp\/#primaryimage","url":"https:\/\/legitgrams.com\/wp-content\/uploads\/2024\/08\/APVP.gif","contentUrl":"https:\/\/legitgrams.com\/wp-content\/uploads\/2024\/08\/APVP.gif","width":600,"height":600,"caption":"Pure A-PVP for Sale"},{"@type":"BreadcrumbList","@id":"https:\/\/legitgrams.com\/product\/apvp\/#breadcrumb","itemListElement":[{"@type":"ListItem","position":1,"name":"Home","item":"https:\/\/legitgrams.com\/"},{"@type":"ListItem","position":2,"name":"Shop","item":"https:\/\/legitgrams.com\/shop\/"},{"@type":"ListItem","position":3,"name":"APVP"}]},{"@type":"WebSite","@id":"https:\/\/legitgrams.com\/#website","url":"https:\/\/legitgrams.com\/","name":"Les grammes l\u00e9gitimes","description":"Mon blog WordPress","publisher":{"@id":"https:\/\/legitgrams.com\/#organization"},"potentialAction":[{"@type":"SearchAction","target":{"@type":"EntryPoint","urlTemplate":"https:\/\/legitgrams.com\/?s={search_term_string}"},"query-input":{"@type":"PropertyValueSpecification","valueRequired":true,"valueName":"search_term_string"}}],"inLanguage":"fr-BE"},{"@type":"Organization","@id":"https:\/\/legitgrams.com\/#organization","name":"Les grammes l\u00e9gitimes","url":"https:\/\/legitgrams.com\/","logo":{"@type":"ImageObject","inLanguage":"fr-BE","@id":"https:\/\/legitgrams.com\/#\/schema\/logo\/image\/","url":"https:\/\/legitgrams.com\/wp-content\/uploads\/2024\/09\/main-logo.png","contentUrl":"https:\/\/legitgrams.com\/wp-content\/uploads\/2024\/09\/main-logo.png","width":270,"height":75,"caption":"Legit Grams"},"image":{"@id":"https:\/\/legitgrams.com\/#\/schema\/logo\/image\/"}}]}},"uagb_featured_image_src":{"full":["https:\/\/legitgrams.com\/wp-content\/uploads\/2024\/08\/APVP.gif",600,600,false],"thumbnail":["https:\/\/legitgrams.com\/wp-content\/uploads\/2024\/08\/APVP-150x150.gif",150,150,true],"medium":["https:\/\/legitgrams.com\/wp-content\/uploads\/2024\/08\/APVP-300x300.gif",300,300,true],"medium_large":["https:\/\/legitgrams.com\/wp-content\/uploads\/2024\/08\/APVP.gif",600,600,false],"large":["https:\/\/legitgrams.com\/wp-content\/uploads\/2024\/08\/APVP.gif",600,600,false],"1536x1536":["https:\/\/legitgrams.com\/wp-content\/uploads\/2024\/08\/APVP.gif",600,600,false],"2048x2048":["https:\/\/legitgrams.com\/wp-content\/uploads\/2024\/08\/APVP.gif",600,600,false],"trp-custom-language-flag":["https:\/\/legitgrams.com\/wp-content\/uploads\/2024\/08\/APVP-12x12.gif",12,12,true],"woocommerce_thumbnail":["https:\/\/legitgrams.com\/wp-content\/uploads\/2024\/08\/APVP-300x300.gif",300,300,true],"woocommerce_single":["https:\/\/legitgrams.com\/wp-content\/uploads\/2024\/08\/APVP.gif",600,600,false],"woocommerce_gallery_thumbnail":["https:\/\/legitgrams.com\/wp-content\/uploads\/2024\/08\/APVP-100x100.gif",100,100,true]},"uagb_author_info":{"display_name":"cokeblog18","author_link":"https:\/\/legitgrams.com\/fr\/author\/"},"uagb_comment_info":0,"uagb_excerpt":"For Sale: Pure A-PVP Purchase 99% Pure A-PVP from Nembutal | Buy Pure A-PVP secretly online Online APVP Purchase: As with MDPV and &#8220;bath salts&#8221; in early 2011, Buy a-PVP Crystal Powder Online is a relatively new chemical that is receiving a lot of media interest. A synthetic stimulant belonging to the cathinone and pyrovalerone&hellip;","_links":{"self":[{"href":"https:\/\/legitgrams.com\/fr\/wp-json\/wp\/v2\/product\/3302","targetHints":{"allow":["GET"]}}],"collection":[{"href":"https:\/\/legitgrams.com\/fr\/wp-json\/wp\/v2\/product"}],"about":[{"href":"https:\/\/legitgrams.com\/fr\/wp-json\/wp\/v2\/types\/product"}],"replies":[{"embeddable":true,"href":"https:\/\/legitgrams.com\/fr\/wp-json\/wp\/v2\/comments?post=3302"}],"wp:featuredmedia":[{"embeddable":true,"href":"https:\/\/legitgrams.com\/fr\/wp-json\/wp\/v2\/media\/3316"}],"wp:attachment":[{"href":"https:\/\/legitgrams.com\/fr\/wp-json\/wp\/v2\/media?parent=3302"}],"wp:term":[{"taxonomy":"product_brand","embeddable":true,"href":"https:\/\/legitgrams.com\/fr\/wp-json\/wp\/v2\/product_brand?post=3302"},{"taxonomy":"product_cat","embeddable":true,"href":"https:\/\/legitgrams.com\/fr\/wp-json\/wp\/v2\/product_cat?post=3302"},{"taxonomy":"product_tag","embeddable":true,"href":"https:\/\/legitgrams.com\/fr\/wp-json\/wp\/v2\/product_tag?post=3302"}],"curies":[{"name":"wp","href":"https:\/\/api.w.org\/{rel}","templated":true}]}}