{"id":3303,"date":"2024-08-03T05:48:45","date_gmt":"2024-08-03T05:48:45","guid":{"rendered":"https:\/\/cokebricks.com\/?post_type=product&#038;p=3303"},"modified":"2026-02-23T11:56:07","modified_gmt":"2026-02-23T11:56:07","slug":"mdma","status":"publish","type":"product","link":"https:\/\/legitgrams.com\/fr\/produit\/mdma\/","title":{"rendered":"Buy MDMA Online"},"content":{"rendered":"<h2>Kryszta\u0142y MDMA do kupienia w Internecie<br \/>\nMDMA : qu'est-ce que c'est ?<\/h2>\n<p>Note: <a href=\"https:\/\/www.bing.com\/search?q=MDMA&amp;qs=n&amp;form=QBRE&amp;sp=-1&amp;ghc=1&amp;lq=0&amp;pq=mdma&amp;sc=12-4&amp;sk=&amp;cvid=9D97401EC942471BA70F3A26D7B93A92&amp;ghsh=0&amp;ghacc=0&amp;ghpl=\">Methenedioxymethamphetamine (MDMA)<\/a> Remarque : La m\u00e9th\u00e8nedioxym\u00e9thamph\u00e9tamine (MDMA) peut ne pas \u00eatre pr\u00e9sente dans les drogues commercialis\u00e9es sous le nom de MDMA (ecstasy) ; elles peuvent plut\u00f4t contenir une combinaison d'amph\u00e9tamine, de param\u00e9thoxyamph\u00e9tamine (PMA), de k\u00e9tamine, de NBOMe, de cathinones synth\u00e9tiques ou d'autres produits chimiques.<\/p>\n<p>M\u00e9thyl\u00e8nedioxym\u00e9thamph\u00e9tamine, ou <a href=\"https:\/\/www.bing.com\/search?q=MDMA&amp;qs=n&amp;form=QBRE&amp;sp=-1&amp;ghc=1&amp;lq=0&amp;pq=mdma&amp;sc=12-4&amp;sk=&amp;cvid=9D97401EC942471BA70F3A26D7B93A92&amp;ghsh=0&amp;ghacc=0&amp;ghpl=\">MDMA<\/a>La m\u00e9thyl\u00e8nedioxym\u00e9thamph\u00e9tamine, ou MDMA, est un empathog\u00e8ne qui renforce le sentiment de chaleur et d\u2019empathie d\u2019une personne ainsi que son sentiment d\u2019acceptation sociale et de connexion avec les autres1.<\/p>\n<p>Ecstasy is another name for <a href=\"https:\/\/www.google.com\/search?q=MDMA&amp;num=10&amp;sca_esv=1a2a07081c7891bb&amp;rlz=1C1RXQR_enIN1098IN1098&amp;sxsrf=AHTn8zoBhguvaRp4lTsLc60MnIthJ0eUtA%3A1741161240483&amp;ei=GAPIZ9CQHfCE4-EP9fjW-A8&amp;ved=0ahUKEwjQ_PCJu_KLAxVwwjgGHXW8Ff8Q4dUDCBA&amp;uact=5&amp;oq=MDMA&amp;gs_lp=Egxnd3Mtd2l6LXNlcnAiBE1ETUEyChAjGIAEGCcYigUyCxAAGIAEGJECGIoFMgsQABiABBiRAhiKBTIKEAAYgAQYFBiHAjIFEAAYgAQyBRAAGIAEMgUQABiABDIFEAAYgAQyBRAAGIAEMgUQABiABEiBB1CoA1ioA3ABeAGQAQCYAbsBoAG7AaoBAzAuMbgBA8gBAPgBAvgBAZgCAaACwwGYAwCIBgGSBwMwLjGgB-gF&amp;sclient=gws-wiz-serp\">MDMA.2.Nevertheless<\/a>, some medications marketed as ecstasy could contain little to no <a href=\"https:\/\/www.google.com\/search?q=MDMA&amp;num=10&amp;sca_esv=1a2a07081c7891bb&amp;rlz=1C1RXQR_enIN1098IN1098&amp;sxsrf=AHTn8zoBhguvaRp4lTsLc60MnIthJ0eUtA%3A1741161240483&amp;ei=GAPIZ9CQHfCE4-EP9fjW-A8&amp;ved=0ahUKEwjQ_PCJu_KLAxVwwjgGHXW8Ff8Q4dUDCBA&amp;uact=5&amp;oq=MDMA&amp;gs_lp=Egxnd3Mtd2l6LXNlcnAiBE1ETUEyChAjGIAEGCcYigUyCxAAGIAEGJECGIoFMgsQABiABBiRAhiKBTIKEAAYgAQYFBiHAjIFEAAYgAQyBRAAGIAEMgUQABiABDIFEAAYgAQyBRAAGIAEMgUQABiABEiBB1CoA1ioA3ABeAGQAQCYAbsBoAG7AaoBAzAuMbgBA8gBAPgBAvgBAZgCAaACwwGYAwCIBgGSBwMwLjGgB-gF&amp;sclient=gws-wiz-serp\">MDMA<\/a>L'ecstasy est un autre nom pour la MDMA. 2. N\u00e9anmoins, certains m\u00e9dicaments commercialis\u00e9s sous le nom d'ecstasy peuvent contenir peu ou pas de MDMA. Au lieu de cela, des \u00ab agents de remplissage \u00bb et d'autres m\u00e9dicaments sont fr\u00e9quemment utilis\u00e9s. Il est donc difficile de pr\u00e9dire si des effets secondaires ou des r\u00e9actions ind\u00e9sirables sont susceptibles de se produire apr\u00e8s l'ingestion de MDMA.<\/p>\n<p><a href=\"https:\/\/legitgrams.com\/fr\/produit\/mdma\/\">MDMA Buy Online<\/a>, autre nom de la 3,4-m\u00e9thyl\u00e8nedioxym\u00e9thamph\u00e9tamine, est une substance psychoactive qui favorise l'empathie et l'ecstasy. La MDMA a \u00e9t\u00e9 initialement d\u00e9velopp\u00e9e comme m\u00e9dicament sur ordonnance pour traiter le syndrome de stress post-traumatique (SSPT). En raison de son utilisation r\u00e9pandue comme drogue de f\u00eate, la MDMA pure, qui est facilement disponible, a gagn\u00e9 en popularit\u00e9 en tant que drogue r\u00e9cr\u00e9ative. Molly et ecstasy sont d'autres noms de la substance. Les cristaux de MDMA, un puissant stimulant qui modifie les niveaux de s\u00e9rotonine dans le cerveau, peuvent \u00eatre achet\u00e9s en ligne. Cela conduit \u00e0 une vitalit\u00e9, une concentration et une satisfaction accrues.<\/p>\n<h3>Achetez du MDMDA en ligne aupr\u00e8s d'un fournisseur de MDMDA r\u00e9put\u00e9, MDMDA Crystals Supplier.<\/h3>\n<p>La substance psychoactive connue sous le nom de m\u00e9thyl\u00e8nedioxym\u00e9thamph\u00e9tamine, ou MDMA, rend les utilisateurs heureux, \u00e9nergiques, empathiques et sociables. Lorsque la MDMA a \u00e9t\u00e9 produite pour la premi\u00e8re fois sous forme de <a href=\"https:\/\/legitgrams.com\/fr\/\">LegitGrams<\/a><\/p>\n<p>La MDMA a \u00e9t\u00e9 d\u00e9velopp\u00e9e en tant que substance chimique de recherche en 1912. N\u00e9anmoins, c\u2019est dans les ann\u00e9es 1970 que la popularit\u00e9 de la MDMA aupr\u00e8s des consommateurs r\u00e9cr\u00e9atifs a commenc\u00e9 \u00e0 augmenter. Aujourd\u2019hui, la MDMA est toujours ill\u00e9gale en vertu de la loi am\u00e9ricaine sur les substances contr\u00f4l\u00e9es.<\/p>\n<h3>Dans quel endroit puis-je acheter de la MDMA ?<\/h3>\n<p>La MDMA est disponible en ligne aupr\u00e8s de plusieurs fournisseurs. <a href=\"https:\/\/duckduckgo.com\/?q=MDMA&amp;t=h_&amp;ia=web\">MDMA<\/a> La MDMA est disponible en ligne aupr\u00e8s de plusieurs fournisseurs. La MDMA est disponible aupr\u00e8s de nos entreprises priv\u00e9es en ligne. Est-il possible d'acheter de la MDMA en ligne sans ordonnance ? Oui, vous pouvez vous procurer de la MDMA en toute discr\u00e9tion et en toute s\u00e9curit\u00e9 en ligne aupr\u00e8s d'un fournisseur fiable comme nous.<\/p>\n<p>Comment puis-je me procurer de la MDMA en ligne sans risque ? Est-il l\u00e9gal d'acheter de la MDMA en ligne ?<\/p>\n<p>Although buying <a href=\"https:\/\/en.wikipedia.org\/wiki\/MDMA\">MDMA<\/a> Bien que la vente en ligne soit l\u00e9gale, vous devez n\u00e9anmoins respecter les lois de votre \u00c9tat. V\u00e9rifiez que vous respectez la loi de votre r\u00e9gion en effectuant une recherche. Dans de nombreuses r\u00e9gions d'Europe, d'Asie, d'Australie et d'Am\u00e9rique du Nord, l'achat de MDMA est l\u00e9gal, bien qu'il soit g\u00e9n\u00e9ralement consid\u00e9r\u00e9 comme ill\u00e9gal dans le monde entier.<\/p>\n<h3>Comment appara\u00eet la MDMA ?<\/h3>\n<p>Bien qu'on puisse \u00e9galement le trouver sous forme de poudre ou de cristal, <a href=\"https:\/\/duckduckgo.com\/?q=MDMA&amp;t=h_&amp;ia=web\">MDMA<\/a> Bien qu'elle puisse \u00e9galement \u00eatre trouv\u00e9e sous forme de poudre ou de cristaux, la MDMA est le plus souvent trouv\u00e9e sous forme de comprim\u00e9s ou de capsules. Les comprim\u00e9s sont disponibles dans une vari\u00e9t\u00e9 de couleurs et de tailles, et ils portent souvent une marque, un embl\u00e8me ou une image. Deux comprim\u00e9s portant le m\u00eame logo ou symbole peuvent avoir des effets diff\u00e9rents lorsqu'ils sont propos\u00e9s sous forme de pilules, car ils peuvent contenir des substances diff\u00e9rentes et provenir de sources diff\u00e9rentes.<\/p>\n<p>Noms alternatifs : Caps, Eckies, E, XTC, pilules, flippers, pingers, bikkies, molly, M&amp;M et ecstasy<\/p>\n<p>&nbsp;<\/p>\n<p>&nbsp;<\/p>\n<h2><\/h2>\n<p>&nbsp;<\/p>","protected":false},"excerpt":{"rendered":"<p>MDMA Crystals for Internet Purchase MDMA: What is it? Note: Methenedioxymethamphetamine (MDMA) may not be present in drugs marketed as MDMA (ecstasy); instead, they may contain a combination of amphetamine, paramethoxyamphetamine (PMA), ketamine, NBOMe, synthetic cathinones, or other chemicals. Methylenedioxymethamphetamine, or MDMA, is an empathogen that heightens a person&#8217;s sense of warmth and empathy as &hellip;<\/p>\n<p class=\"read-more\"> <a class=\"\" href=\"https:\/\/legitgrams.com\/fr\/produit\/mdma\/\"> <span class=\"screen-reader-text\">Buy MDMA Online<\/span> Lire la suite \"<\/a><\/p>","protected":false},"featured_media":3632,"comment_status":"open","ping_status":"closed","template":"","meta":{"_uag_custom_page_level_css":"","site-sidebar-layout":"default","site-content-layout":"default","ast-global-header-display":"","ast-main-header-display":"","ast-hfb-above-header-display":"","ast-hfb-below-header-display":"","ast-hfb-mobile-header-display":"","site-post-title":"","ast-breadcrumbs-content":"","ast-featured-img":"","footer-sml-layout":"","theme-transparent-header-meta":"default","adv-header-id-meta":"","stick-header-meta":"default","header-above-stick-meta":"","header-main-stick-meta":"","header-below-stick-meta":"","_joinchat":[]},"product_brand":[],"product_cat":[190],"product_tag":[323,324,325,326,327,328,329,330],"class_list":{"0":"post-3303","1":"product","2":"type-product","3":"status-publish","4":"has-post-thumbnail","6":"product_cat-cannabinoids","7":"product_tag-buy-mdma-crystals-online","8":"product_tag-mdma-crystals-for-sale","9":"product_tag-mdma-for-sale-australia","10":"product_tag-mdma-for-sale-canada","11":"product_tag-mdma-for-sale-france","12":"product_tag-mdma-for-sale-online","13":"product_tag-mdma-for-sale-uk","14":"product_tag-mdma-for-sale-usa","15":"desktop-align-left","16":"tablet-align-left","17":"mobile-align-left","18":"ast-product-gallery-layout-horizontal","19":"ast-product-gallery-with-no-image","20":"ast-product-single-variable","21":"ast-product-tabs-layout-horizontal","22":"ast-qv-on-image","24":"first","25":"instock","26":"shipping-taxable","27":"purchasable","28":"product-type-variable"},"yoast_head":"<!-- This site is optimized with the Yoast SEO plugin v25.9 - https:\/\/yoast.com\/wordpress\/plugins\/seo\/ -->\n<title>MDMA for Sale - Buy MDMA Online with Fastest Shipping<\/title>\n<meta name=\"description\" content=\"Your order for MDMA for sale is our responsibility. We will take your order to buy MDMA into consideration and reach you in a short period. Place bulk orders now!\" \/>\n<meta name=\"robots\" content=\"index, follow, max-snippet:-1, max-image-preview:large, max-video-preview:-1\" \/>\n<link rel=\"canonical\" href=\"https:\/\/legitgrams.com\/fr\/produit\/mdma\/\" \/>\n<meta property=\"og:locale\" content=\"fr_FR\" \/>\n<meta property=\"og:type\" content=\"article\" \/>\n<meta property=\"og:title\" content=\"MDMA for Sale - Buy MDMA Online with Fastest Shipping\" \/>\n<meta property=\"og:description\" content=\"Your order for MDMA for sale is our responsibility. We will take your order to buy MDMA into consideration and reach you in a short period. Place bulk orders now!\" \/>\n<meta property=\"og:url\" content=\"https:\/\/legitgrams.com\/fr\/produit\/mdma\/\" \/>\n<meta property=\"og:site_name\" content=\"Legit Grams\" \/>\n<meta property=\"article:modified_time\" content=\"2026-02-23T11:56:07+00:00\" \/>\n<meta property=\"og:image\" content=\"https:\/\/legitgrams.com\/wp-content\/uploads\/2024\/08\/mdma.png\" \/>\n\t<meta property=\"og:image:width\" content=\"1200\" \/>\n\t<meta property=\"og:image:height\" content=\"1200\" \/>\n\t<meta property=\"og:image:type\" content=\"image\/png\" \/>\n<meta name=\"twitter:card\" content=\"summary_large_image\" \/>\n<meta name=\"twitter:label1\" content=\"Dur\u00e9e de lecture est.\" \/>\n\t<meta name=\"twitter:data1\" content=\"3 minutes\" \/>\n<script type=\"application\/ld+json\" class=\"yoast-schema-graph\">{\"@context\":\"https:\/\/schema.org\",\"@graph\":[{\"@type\":\"WebPage\",\"@id\":\"https:\/\/legitgrams.com\/product\/mdma\/\",\"url\":\"https:\/\/legitgrams.com\/product\/mdma\/\",\"name\":\"MDMA for Sale - Buy MDMA Online with Fastest Shipping\",\"isPartOf\":{\"@id\":\"https:\/\/legitgrams.com\/#website\"},\"primaryImageOfPage\":{\"@id\":\"https:\/\/legitgrams.com\/product\/mdma\/#primaryimage\"},\"image\":{\"@id\":\"https:\/\/legitgrams.com\/product\/mdma\/#primaryimage\"},\"thumbnailUrl\":\"https:\/\/legitgrams.com\/wp-content\/uploads\/2024\/08\/mdma.png\",\"datePublished\":\"2024-08-03T05:48:45+00:00\",\"dateModified\":\"2026-02-23T11:56:07+00:00\",\"description\":\"Your order for MDMA for sale is our responsibility. We will take your order to buy MDMA into consideration and reach you in a short period. Place bulk orders now!\",\"breadcrumb\":{\"@id\":\"https:\/\/legitgrams.com\/product\/mdma\/#breadcrumb\"},\"inLanguage\":\"fr-BE\",\"potentialAction\":[{\"@type\":\"ReadAction\",\"target\":[\"https:\/\/legitgrams.com\/product\/mdma\/\"]}]},{\"@type\":\"ImageObject\",\"inLanguage\":\"fr-BE\",\"@id\":\"https:\/\/legitgrams.com\/product\/mdma\/#primaryimage\",\"url\":\"https:\/\/legitgrams.com\/wp-content\/uploads\/2024\/08\/mdma.png\",\"contentUrl\":\"https:\/\/legitgrams.com\/wp-content\/uploads\/2024\/08\/mdma.png\",\"width\":1200,\"height\":1200,\"caption\":\"MDMA for Sale\"},{\"@type\":\"BreadcrumbList\",\"@id\":\"https:\/\/legitgrams.com\/product\/mdma\/#breadcrumb\",\"itemListElement\":[{\"@type\":\"ListItem\",\"position\":1,\"name\":\"Home\",\"item\":\"https:\/\/legitgrams.com\/\"},{\"@type\":\"ListItem\",\"position\":2,\"name\":\"Shop\",\"item\":\"https:\/\/legitgrams.com\/shop\/\"},{\"@type\":\"ListItem\",\"position\":3,\"name\":\"Buy MDMA Online\"}]},{\"@type\":\"WebSite\",\"@id\":\"https:\/\/legitgrams.com\/#website\",\"url\":\"https:\/\/legitgrams.com\/\",\"name\":\"Legit Grams\",\"description\":\"My WordPress Blog\",\"publisher\":{\"@id\":\"https:\/\/legitgrams.com\/#organization\"},\"potentialAction\":[{\"@type\":\"SearchAction\",\"target\":{\"@type\":\"EntryPoint\",\"urlTemplate\":\"https:\/\/legitgrams.com\/?s={search_term_string}\"},\"query-input\":{\"@type\":\"PropertyValueSpecification\",\"valueRequired\":true,\"valueName\":\"search_term_string\"}}],\"inLanguage\":\"fr-BE\"},{\"@type\":\"Organization\",\"@id\":\"https:\/\/legitgrams.com\/#organization\",\"name\":\"Legit Grams\",\"url\":\"https:\/\/legitgrams.com\/\",\"logo\":{\"@type\":\"ImageObject\",\"inLanguage\":\"fr-BE\",\"@id\":\"https:\/\/legitgrams.com\/#\/schema\/logo\/image\/\",\"url\":\"https:\/\/legitgrams.com\/wp-content\/uploads\/2024\/09\/main-logo.png\",\"contentUrl\":\"https:\/\/legitgrams.com\/wp-content\/uploads\/2024\/09\/main-logo.png\",\"width\":270,\"height\":75,\"caption\":\"Legit Grams\"},\"image\":{\"@id\":\"https:\/\/legitgrams.com\/#\/schema\/logo\/image\/\"}}]}<\/script>\n<!-- \/ Yoast SEO plugin. -->","yoast_head_json":{"title":"MDMA for Sale - Buy MDMA Online with Fastest Shipping","description":"Votre commande de MDMA \u00e0 vendre est de notre responsabilit\u00e9. Nous prenons en consid\u00e9ration votre commande d'achat de MDMA et vous la transmettons dans les plus brefs d\u00e9lais. Passez des commandes group\u00e9es d\u00e8s maintenant !","robots":{"index":"index","follow":"follow","max-snippet":"max-snippet:-1","max-image-preview":"max-image-preview:large","max-video-preview":"max-video-preview:-1"},"canonical":"https:\/\/legitgrams.com\/fr\/produit\/mdma\/","og_locale":"fr_FR","og_type":"article","og_title":"MDMA for Sale - Buy MDMA Online with Fastest Shipping","og_description":"Your order for MDMA for sale is our responsibility. We will take your order to buy MDMA into consideration and reach you in a short period. Place bulk orders now!","og_url":"https:\/\/legitgrams.com\/fr\/produit\/mdma\/","og_site_name":"Legit Grams","article_modified_time":"2026-02-23T11:56:07+00:00","og_image":[{"width":1200,"height":1200,"url":"https:\/\/legitgrams.com\/wp-content\/uploads\/2024\/08\/mdma.png","type":"image\/png"}],"twitter_card":"summary_large_image","twitter_misc":{"Dur\u00e9e de lecture est.":"3 minutes"},"schema":{"@context":"https:\/\/schema.org","@graph":[{"@type":"WebPage","@id":"https:\/\/legitgrams.com\/product\/mdma\/","url":"https:\/\/legitgrams.com\/product\/mdma\/","name":"MDMA for Sale - Buy MDMA Online with Fastest Shipping","isPartOf":{"@id":"https:\/\/legitgrams.com\/#website"},"primaryImageOfPage":{"@id":"https:\/\/legitgrams.com\/product\/mdma\/#primaryimage"},"image":{"@id":"https:\/\/legitgrams.com\/product\/mdma\/#primaryimage"},"thumbnailUrl":"https:\/\/legitgrams.com\/wp-content\/uploads\/2024\/08\/mdma.png","datePublished":"2024-08-03T05:48:45+00:00","dateModified":"2026-02-23T11:56:07+00:00","description":"Votre commande de MDMA \u00e0 vendre est de notre responsabilit\u00e9. Nous prenons en consid\u00e9ration votre commande d'achat de MDMA et vous la transmettons dans les plus brefs d\u00e9lais. Passez des commandes group\u00e9es d\u00e8s maintenant !","breadcrumb":{"@id":"https:\/\/legitgrams.com\/product\/mdma\/#breadcrumb"},"inLanguage":"fr-BE","potentialAction":[{"@type":"ReadAction","target":["https:\/\/legitgrams.com\/product\/mdma\/"]}]},{"@type":"ImageObject","inLanguage":"fr-BE","@id":"https:\/\/legitgrams.com\/product\/mdma\/#primaryimage","url":"https:\/\/legitgrams.com\/wp-content\/uploads\/2024\/08\/mdma.png","contentUrl":"https:\/\/legitgrams.com\/wp-content\/uploads\/2024\/08\/mdma.png","width":1200,"height":1200,"caption":"MDMA for Sale"},{"@type":"BreadcrumbList","@id":"https:\/\/legitgrams.com\/product\/mdma\/#breadcrumb","itemListElement":[{"@type":"ListItem","position":1,"name":"Home","item":"https:\/\/legitgrams.com\/"},{"@type":"ListItem","position":2,"name":"Shop","item":"https:\/\/legitgrams.com\/shop\/"},{"@type":"ListItem","position":3,"name":"Buy MDMA Online"}]},{"@type":"WebSite","@id":"https:\/\/legitgrams.com\/#website","url":"https:\/\/legitgrams.com\/","name":"Les grammes l\u00e9gitimes","description":"Mon blog WordPress","publisher":{"@id":"https:\/\/legitgrams.com\/#organization"},"potentialAction":[{"@type":"SearchAction","target":{"@type":"EntryPoint","urlTemplate":"https:\/\/legitgrams.com\/?s={search_term_string}"},"query-input":{"@type":"PropertyValueSpecification","valueRequired":true,"valueName":"search_term_string"}}],"inLanguage":"fr-BE"},{"@type":"Organization","@id":"https:\/\/legitgrams.com\/#organization","name":"Les grammes l\u00e9gitimes","url":"https:\/\/legitgrams.com\/","logo":{"@type":"ImageObject","inLanguage":"fr-BE","@id":"https:\/\/legitgrams.com\/#\/schema\/logo\/image\/","url":"https:\/\/legitgrams.com\/wp-content\/uploads\/2024\/09\/main-logo.png","contentUrl":"https:\/\/legitgrams.com\/wp-content\/uploads\/2024\/09\/main-logo.png","width":270,"height":75,"caption":"Legit Grams"},"image":{"@id":"https:\/\/legitgrams.com\/#\/schema\/logo\/image\/"}}]}},"uagb_featured_image_src":{"full":["https:\/\/legitgrams.com\/wp-content\/uploads\/2024\/08\/mdma.png",1200,1200,false],"thumbnail":["https:\/\/legitgrams.com\/wp-content\/uploads\/2024\/08\/mdma-150x150.png",150,150,true],"medium":["https:\/\/legitgrams.com\/wp-content\/uploads\/2024\/08\/mdma-300x300.png",300,300,true],"medium_large":["https:\/\/legitgrams.com\/wp-content\/uploads\/2024\/08\/mdma-768x768.png",768,768,true],"large":["https:\/\/legitgrams.com\/wp-content\/uploads\/2024\/08\/mdma-1024x1024.png",1024,1024,true],"1536x1536":["https:\/\/legitgrams.com\/wp-content\/uploads\/2024\/08\/mdma.png",1200,1200,false],"2048x2048":["https:\/\/legitgrams.com\/wp-content\/uploads\/2024\/08\/mdma.png",1200,1200,false],"trp-custom-language-flag":["https:\/\/legitgrams.com\/wp-content\/uploads\/2024\/08\/mdma-12x12.png",12,12,true],"woocommerce_thumbnail":["https:\/\/legitgrams.com\/wp-content\/uploads\/2024\/08\/mdma-300x300.png",300,300,true],"woocommerce_single":["https:\/\/legitgrams.com\/wp-content\/uploads\/2024\/08\/mdma-600x600.png",600,600,true],"woocommerce_gallery_thumbnail":["https:\/\/legitgrams.com\/wp-content\/uploads\/2024\/08\/mdma-100x100.png",100,100,true]},"uagb_author_info":{"display_name":"cokeblog18","author_link":"https:\/\/legitgrams.com\/fr\/author\/"},"uagb_comment_info":6,"uagb_excerpt":"MDMA Crystals for Internet Purchase MDMA: What is it? Note: Methenedioxymethamphetamine (MDMA) may not be present in drugs marketed as MDMA (ecstasy); instead, they may contain a combination of amphetamine, paramethoxyamphetamine (PMA), ketamine, NBOMe, synthetic cathinones, or other chemicals. Methylenedioxymethamphetamine, or MDMA, is an empathogen that heightens a person&#8217;s sense of warmth and empathy as&hellip;","_links":{"self":[{"href":"https:\/\/legitgrams.com\/fr\/wp-json\/wp\/v2\/product\/3303","targetHints":{"allow":["GET"]}}],"collection":[{"href":"https:\/\/legitgrams.com\/fr\/wp-json\/wp\/v2\/product"}],"about":[{"href":"https:\/\/legitgrams.com\/fr\/wp-json\/wp\/v2\/types\/product"}],"replies":[{"embeddable":true,"href":"https:\/\/legitgrams.com\/fr\/wp-json\/wp\/v2\/comments?post=3303"}],"wp:featuredmedia":[{"embeddable":true,"href":"https:\/\/legitgrams.com\/fr\/wp-json\/wp\/v2\/media\/3632"}],"wp:attachment":[{"href":"https:\/\/legitgrams.com\/fr\/wp-json\/wp\/v2\/media?parent=3303"}],"wp:term":[{"taxonomy":"product_brand","embeddable":true,"href":"https:\/\/legitgrams.com\/fr\/wp-json\/wp\/v2\/product_brand?post=3303"},{"taxonomy":"product_cat","embeddable":true,"href":"https:\/\/legitgrams.com\/fr\/wp-json\/wp\/v2\/product_cat?post=3303"},{"taxonomy":"product_tag","embeddable":true,"href":"https:\/\/legitgrams.com\/fr\/wp-json\/wp\/v2\/product_tag?post=3303"}],"curies":[{"name":"wp","href":"https:\/\/api.w.org\/{rel}","templated":true}]}}