{"id":3304,"date":"2024-08-03T05:48:50","date_gmt":"2024-08-03T05:48:50","guid":{"rendered":"https:\/\/cokebricks.com\/?post_type=product&#038;p=3304"},"modified":"2025-01-14T04:14:23","modified_gmt":"2025-01-14T04:14:23","slug":"eb-bk","status":"publish","type":"product","link":"https:\/\/legitgrams.com\/fr\/produit\/eb-bk\/","title":{"rendered":"EB-BK"},"content":{"rendered":"<h2>For sale: EBK Crystal From Top Suppliers<\/h2>\n<p><a href=\"https:\/\/legitgrams.com\/fr\/produit\/eb-bk\/\">Acheter EBK Crystal en ligne<\/a>, le mat\u00e9riau de recherche le plus connu. Le nouveau stimulant entactog\u00e8ne-cathinone. Les autres noms de la N-\u00e9thylpentylone incluent l'\u00e9thyl\u00e8ne, le bk-EBDP et le k-EBDP.<\/p>\n<p>La cathinone synth\u00e9tique Ethylone, \u00e9galement connue sous le nom de 3,4-m\u00e9thyl\u00e8nedioxy-N-\u00e9thylcathinone ou \u03b2k-MDEA, est associ\u00e9e au cristal EBK. Les qualit\u00e9s stimulantes et empathog\u00e8nes de cette drogue psychoactive sont largement reconnues.<\/p>\n<p>Il est important de garder \u00e0 l\u2019esprit que les r\u00e9glementations locales peuvent limiter la distribution et l\u2019utilisation de substances sp\u00e9cifiques. L\u2019une d\u2019entre elles est EBK Crystals, une cathinone substitu\u00e9e qui partage une relation chimique avec le pentyle. Pour une qualit\u00e9 optimale, achetez des produits chimiques de recherche sur les cristaux EBK en ligne. Nous offrons une livraison dans le monde entier !<\/p>\n<p>Nous sommes un fournisseur avec des installations aux \u00c9tats-Unis et dans l'UE. Le site Web Cannabinoids Delivery USA propose des ventes de produits chimiques. Nous pouvons vous aider si vous \u00eates un assistant de laboratoire, un vendeur, un d\u00e9taillant ou toute autre personne \u00e0 la recherche de produits en vrac <a href=\"https:\/\/en.wikipedia.org\/wiki\/EBK\">EBK<\/a>!<\/p>\n<h3>Applications commerciales et industrielles d\u2019EBK Crystal<\/h3>\n<p>La commande en ligne de cristaux EBK est simple et sans tracas, car elle est l\u00e9gale dans la plupart des r\u00e9gions du pays. Il remplit diverses fonctions et n'est propos\u00e9 \u00e0 la vente qu'\u00e0 des fins de recherche. Il peut \u00eatre utilis\u00e9 pour des diagnostics in vivo par des acheteurs en gros.<\/p>\n<p>Il fonctionne bien, entre autres, dans les produits pharmaceutiques, les aliments, les m\u00e9dicaments, les cosm\u00e9tiques et les \u00e9quipements m\u00e9dicaux. Avant de continuer, assurez-vous que la zone que vous utilisez pour effectuer la commande de produits chimiques EBK en ligne est suffisamment ventil\u00e9e.<\/p>\n<p>\u00c9tant donn\u00e9 que le cristal EBK, parfois d\u00e9sign\u00e9 comme stimulant et ses qualit\u00e9s empathog\u00e8nes, commun\u00e9ment appel\u00e9 \u00e9thylone, le rendent principalement b\u00e9n\u00e9fique \u00e0 des fins r\u00e9cr\u00e9atives. Certains utilisateurs peuvent le rechercher en raison de sa capacit\u00e9 \u00e0 am\u00e9liorer leur humeur ou parce qu'il peut augmenter leur sociabilit\u00e9 et leur empathie.<\/p>\n<p>Il est toutefois important de garder \u00e0 l\u2019esprit que l\u2019utilisation de ces m\u00e9dicaments comporte des risques pour la sant\u00e9 et la r\u00e9putation juridique. De plus, l\u2019Ethylone n\u2019a pas \u00e9t\u00e9 approuv\u00e9e pour des applications m\u00e9dicales ou th\u00e9rapeutiques.<\/p>\n<h3>Achetez EBK Crystal en ligne.<\/h3>\n<p>Acheter EB-Bk en ligne. Toute personne de plus de dix-huit ans peut se procurer en ligne le stimulant chimique sp\u00e9cial, ebk, aupr\u00e8s de Buy Nembutal, un fournisseur en ligne r\u00e9put\u00e9 de produits chimiques de recherche. Il est commercialis\u00e9 comme substitut de la N-\u00e9thylpentylone et est disponible sous forme de gros cristaux. Un autre nom pour cela est l'\u00e9phylone avec bk-EBDP.<\/p>\n<h3>O\u00f9 est utilis\u00e9 Ebk Chemical ?<\/h3>\n<p>\u00c9tant donn\u00e9 que le cristal EBK est l\u00e9gal dans la majorit\u00e9 du pays, vous pouvez l'acheter en ligne sans aucun probl\u00e8me. Il est vendu uniquement \u00e0 des fins de recherche et n'est utilis\u00e9 \u00e0 aucune autre fin. Il peut \u00eatre utilis\u00e9 pour les produits pharmaceutiques, les aliments, les m\u00e9dicaments, les \u00e9quipements m\u00e9dicaux, les cosm\u00e9tiques et les diagnostics in vivo, entre autres applications. Avant de remplir le formulaire de commande en ligne pour les produits chimiques EBK, assurez-vous qu'il y a suffisamment de ventilation dans votre quartier.<\/p>\n<p>Nous avons une solide r\u00e9putation en tant que fournisseur fiable et digne de confiance de produits chimiques de recherche. Nous encourageons les consommateurs potentiels \u00e0 passer commande chez nous en pr\u00e9sentant sur nos sites Web des avis authentiques de clients nouveaux et r\u00e9currents.<\/p>\n<p>Le meilleur et le plus fiable fournisseur de produits chimiques EBK \u00e0 des co\u00fbts abordables est <a href=\"https:\/\/legitgrams.com\/fr\/\">LegitGrams<\/a>Nos produits chimiques eBK de qualit\u00e9 sup\u00e9rieure peuvent \u00eatre exp\u00e9di\u00e9s dans n'importe quel pays du monde, y compris aux \u00c9tats-Unis, en Europe, en Australie et au Canada. En raison de la qualit\u00e9 exceptionnelle de nos produits, nous sommes les meilleurs dans la fabrication et la fourniture de produits chimiques de recherche.<\/p>\n<p>En mati\u00e8re de protection de la vie priv\u00e9e de nos clients, nous prenons grand soin de ne jamais faire de compromis. Nous utilisons la technologie de s\u00e9curit\u00e9 la plus r\u00e9cente dans chaque transaction. Maintenir la satisfaction du client est crucial.<\/p>\n<p>au succ\u00e8s de notre entreprise. Achetez en ligne EBK Crystal, qui subit un processus rigoureux d'\u00e9valuation et de tests avant d'\u00eatre mis sur le march\u00e9. La puret\u00e9 et la qualit\u00e9 du produit sont nos principaux objectifs, et nous ne l\u00e9sinons jamais sur l'un ou l'autre.<\/p>\n<p>Si vous avez des questions ou des probl\u00e8mes, veuillez utiliser notre portail de service client pour nous contacter. Nous nous engageons \u00e0 r\u00e9pondre \u00e0 votre question dans les plus brefs d\u00e9lais. Real Grams<\/p>\n<p>Pour diverses raisons, notamment notre emballage expert, notre exp\u00e9dition rapide et la disponibilit\u00e9 de toutes les quantit\u00e9s de produits, les gens choisissent notre marque parmi les autres. D\u00e8s r\u00e9ception de votre paiement, votre commande sera approuv\u00e9e.<\/p>\n<h3>O\u00f9 puis-je acheter des cristaux EBK en ligne ?<\/h3>\n<p>Apr\u00e8s avoir appris tout ce qu'il y a \u00e0 savoir sur les cristaux EBK, vous vous demandez peut-\u00eatre o\u00f9 les acheter. La bonne nouvelle est que vous pouvez les acheter en ligne sur des sites fiables comme la boutique LegitGrams.com.<\/p>\n<p>Vous pouvez \u00eatre s\u00fbr d'obtenir la meilleure qualit\u00e9, car nous ne traitons que les meilleurs produits et un bon rapport qualit\u00e9-prix lorsque vous achetez chez nous des produits chimiques et des cristaux de qualit\u00e9 laboratoire. Nous sommes une source fiable et s\u00fbre. O\u00f9 puis-je obtenir des cristaux en ligne chez EBK ?<\/p>\n<p>Don&#8217;t forget to take advantage of our current sales and discounts before placing your order! 5C-18.<\/p>\n<p>&nbsp;<\/p>","protected":false},"excerpt":{"rendered":"<p>For sale: EBK Crystal From Top Suppliers Purchase EBK Crystal online, the most well-known research material. The new entactogen-cathinone stimulant. Other names for N-ethylpentylone include ethylene, bk-EBDP, and k-EBDP. The synthetic cathinone Ethylone, also known as 3,4-methylenedioxy-N-ethylcathinone or \u03b2k-MDEA, is associated with EBK crystal. The stimulant and empathogenic qualities of this psychoactive drug are widely &hellip;<\/p>\n<p class=\"read-more\"> <a class=\"\" href=\"https:\/\/legitgrams.com\/fr\/produit\/eb-bk\/\"> <span class=\"screen-reader-text\">EB-BK<\/span> Lire la suite \"<\/a><\/p>","protected":false},"featured_media":3633,"comment_status":"open","ping_status":"closed","template":"","meta":{"_uag_custom_page_level_css":"","site-sidebar-layout":"default","site-content-layout":"default","ast-global-header-display":"","ast-main-header-display":"","ast-hfb-above-header-display":"","ast-hfb-below-header-display":"","ast-hfb-mobile-header-display":"","site-post-title":"","ast-breadcrumbs-content":"","ast-featured-img":"","footer-sml-layout":"","theme-transparent-header-meta":"default","adv-header-id-meta":"","stick-header-meta":"default","header-above-stick-meta":"","header-main-stick-meta":"","header-below-stick-meta":"","_joinchat":[]},"product_brand":[],"product_cat":[190],"product_tag":[319,320,321,322,311,312,313,314,315,316,317,318],"class_list":{"0":"post-3304","1":"product","2":"type-product","3":"status-publish","4":"has-post-thumbnail","6":"product_cat-cannabinoids","7":"product_tag-eb-bk-cannabinoids","8":"product_tag-eb-bk-cannabinoids-for-sale","9":"product_tag-eb-bk-cannabinoids-reddit","10":"product_tag-eb-bk-chemical","11":"product_tag-eb-bk-powder-australia","12":"product_tag-eb-bk-powder-canada","13":"product_tag-eb-bk-powder-greece","14":"product_tag-eb-bk-powder-kuwait","15":"product_tag-eb-bk-powder-review","16":"product_tag-eb-bk-powder-spain","17":"product_tag-eb-bk-powder-uk","18":"product_tag-eb-bk-powder-usa","19":"desktop-align-left","20":"tablet-align-left","21":"mobile-align-left","22":"ast-product-gallery-layout-horizontal","23":"ast-product-gallery-with-no-image","24":"ast-product-single-variable","25":"ast-product-tabs-layout-horizontal","26":"ast-qv-on-image","28":"first","29":"instock","30":"shipping-taxable","31":"purchasable","32":"product-type-variable"},"yoast_head":"<!-- This site is optimized with the Yoast SEO plugin v25.9 - https:\/\/yoast.com\/wordpress\/plugins\/seo\/ -->\n<title>EB-BK for Sale Online - Buy EB-BK with Fastest Shipping<\/title>\n<meta name=\"description\" content=\"Your order for EB-BK for sale is our responsibility. We will take your request to buy EB-BKonline into consideration and reach you in a short period. Place bulk orders now!\" \/>\n<meta name=\"robots\" content=\"index, follow, max-snippet:-1, max-image-preview:large, max-video-preview:-1\" \/>\n<link rel=\"canonical\" href=\"https:\/\/legitgrams.com\/fr\/produit\/eb-bk\/\" \/>\n<meta property=\"og:locale\" content=\"fr_FR\" \/>\n<meta property=\"og:type\" content=\"article\" \/>\n<meta property=\"og:title\" content=\"EB-BK for Sale Online - Buy EB-BK with Fastest Shipping\" \/>\n<meta property=\"og:description\" content=\"Your order for EB-BK for sale is our responsibility. We will take your request to buy EB-BKonline into consideration and reach you in a short period. Place bulk orders now!\" \/>\n<meta property=\"og:url\" content=\"https:\/\/legitgrams.com\/fr\/produit\/eb-bk\/\" \/>\n<meta property=\"og:site_name\" content=\"Legit Grams\" \/>\n<meta property=\"article:modified_time\" content=\"2025-01-14T04:14:23+00:00\" \/>\n<meta property=\"og:image\" content=\"https:\/\/legitgrams.com\/wp-content\/uploads\/2024\/08\/EBK-Crysta.jpg\" \/>\n\t<meta property=\"og:image:width\" content=\"1055\" \/>\n\t<meta property=\"og:image:height\" content=\"1266\" \/>\n\t<meta property=\"og:image:type\" content=\"image\/jpeg\" \/>\n<meta name=\"twitter:card\" content=\"summary_large_image\" \/>\n<meta name=\"twitter:label1\" content=\"Dur\u00e9e de lecture est.\" \/>\n\t<meta name=\"twitter:data1\" content=\"4 minutes\" \/>\n<script type=\"application\/ld+json\" class=\"yoast-schema-graph\">{\"@context\":\"https:\/\/schema.org\",\"@graph\":[{\"@type\":\"WebPage\",\"@id\":\"https:\/\/legitgrams.com\/product\/eb-bk\/\",\"url\":\"https:\/\/legitgrams.com\/product\/eb-bk\/\",\"name\":\"EB-BK for Sale Online - Buy EB-BK with Fastest Shipping\",\"isPartOf\":{\"@id\":\"https:\/\/legitgrams.com\/#website\"},\"primaryImageOfPage\":{\"@id\":\"https:\/\/legitgrams.com\/product\/eb-bk\/#primaryimage\"},\"image\":{\"@id\":\"https:\/\/legitgrams.com\/product\/eb-bk\/#primaryimage\"},\"thumbnailUrl\":\"https:\/\/legitgrams.com\/wp-content\/uploads\/2024\/08\/EBK-Crysta.jpg\",\"datePublished\":\"2024-08-03T05:48:50+00:00\",\"dateModified\":\"2025-01-14T04:14:23+00:00\",\"description\":\"Your order for EB-BK for sale is our responsibility. We will take your request to buy EB-BKonline into consideration and reach you in a short period. Place bulk orders now!\",\"breadcrumb\":{\"@id\":\"https:\/\/legitgrams.com\/product\/eb-bk\/#breadcrumb\"},\"inLanguage\":\"fr-BE\",\"potentialAction\":[{\"@type\":\"ReadAction\",\"target\":[\"https:\/\/legitgrams.com\/product\/eb-bk\/\"]}]},{\"@type\":\"ImageObject\",\"inLanguage\":\"fr-BE\",\"@id\":\"https:\/\/legitgrams.com\/product\/eb-bk\/#primaryimage\",\"url\":\"https:\/\/legitgrams.com\/wp-content\/uploads\/2024\/08\/EBK-Crysta.jpg\",\"contentUrl\":\"https:\/\/legitgrams.com\/wp-content\/uploads\/2024\/08\/EBK-Crysta.jpg\",\"width\":1055,\"height\":1266,\"caption\":\"EBK Crystal for sale\"},{\"@type\":\"BreadcrumbList\",\"@id\":\"https:\/\/legitgrams.com\/product\/eb-bk\/#breadcrumb\",\"itemListElement\":[{\"@type\":\"ListItem\",\"position\":1,\"name\":\"Home\",\"item\":\"https:\/\/legitgrams.com\/\"},{\"@type\":\"ListItem\",\"position\":2,\"name\":\"Shop\",\"item\":\"https:\/\/legitgrams.com\/shop\/\"},{\"@type\":\"ListItem\",\"position\":3,\"name\":\"EB-BK\"}]},{\"@type\":\"WebSite\",\"@id\":\"https:\/\/legitgrams.com\/#website\",\"url\":\"https:\/\/legitgrams.com\/\",\"name\":\"Legit Grams\",\"description\":\"My WordPress Blog\",\"publisher\":{\"@id\":\"https:\/\/legitgrams.com\/#organization\"},\"potentialAction\":[{\"@type\":\"SearchAction\",\"target\":{\"@type\":\"EntryPoint\",\"urlTemplate\":\"https:\/\/legitgrams.com\/?s={search_term_string}\"},\"query-input\":{\"@type\":\"PropertyValueSpecification\",\"valueRequired\":true,\"valueName\":\"search_term_string\"}}],\"inLanguage\":\"fr-BE\"},{\"@type\":\"Organization\",\"@id\":\"https:\/\/legitgrams.com\/#organization\",\"name\":\"Legit Grams\",\"url\":\"https:\/\/legitgrams.com\/\",\"logo\":{\"@type\":\"ImageObject\",\"inLanguage\":\"fr-BE\",\"@id\":\"https:\/\/legitgrams.com\/#\/schema\/logo\/image\/\",\"url\":\"https:\/\/legitgrams.com\/wp-content\/uploads\/2024\/09\/main-logo.png\",\"contentUrl\":\"https:\/\/legitgrams.com\/wp-content\/uploads\/2024\/09\/main-logo.png\",\"width\":270,\"height\":75,\"caption\":\"Legit Grams\"},\"image\":{\"@id\":\"https:\/\/legitgrams.com\/#\/schema\/logo\/image\/\"}}]}<\/script>\n<!-- \/ Yoast SEO plugin. -->","yoast_head_json":{"title":"EB-BK for Sale Online - Buy EB-BK with Fastest Shipping","description":"Votre commande de EB-BK en vente est notre responsabilit\u00e9. Nous prenons en consid\u00e9ration votre demande d'achat de EB-BKonline et nous vous la transmettons dans les plus brefs d\u00e9lais. Passez des commandes group\u00e9es d\u00e8s maintenant !","robots":{"index":"index","follow":"follow","max-snippet":"max-snippet:-1","max-image-preview":"max-image-preview:large","max-video-preview":"max-video-preview:-1"},"canonical":"https:\/\/legitgrams.com\/fr\/produit\/eb-bk\/","og_locale":"fr_FR","og_type":"article","og_title":"EB-BK for Sale Online - Buy EB-BK with Fastest Shipping","og_description":"Your order for EB-BK for sale is our responsibility. We will take your request to buy EB-BKonline into consideration and reach you in a short period. Place bulk orders now!","og_url":"https:\/\/legitgrams.com\/fr\/produit\/eb-bk\/","og_site_name":"Legit Grams","article_modified_time":"2025-01-14T04:14:23+00:00","og_image":[{"width":1055,"height":1266,"url":"https:\/\/legitgrams.com\/wp-content\/uploads\/2024\/08\/EBK-Crysta.jpg","type":"image\/jpeg"}],"twitter_card":"summary_large_image","twitter_misc":{"Dur\u00e9e de lecture est.":"4 minutes"},"schema":{"@context":"https:\/\/schema.org","@graph":[{"@type":"WebPage","@id":"https:\/\/legitgrams.com\/product\/eb-bk\/","url":"https:\/\/legitgrams.com\/product\/eb-bk\/","name":"EB-BK for Sale Online - Buy EB-BK with Fastest Shipping","isPartOf":{"@id":"https:\/\/legitgrams.com\/#website"},"primaryImageOfPage":{"@id":"https:\/\/legitgrams.com\/product\/eb-bk\/#primaryimage"},"image":{"@id":"https:\/\/legitgrams.com\/product\/eb-bk\/#primaryimage"},"thumbnailUrl":"https:\/\/legitgrams.com\/wp-content\/uploads\/2024\/08\/EBK-Crysta.jpg","datePublished":"2024-08-03T05:48:50+00:00","dateModified":"2025-01-14T04:14:23+00:00","description":"Votre commande de EB-BK en vente est notre responsabilit\u00e9. Nous prenons en consid\u00e9ration votre demande d'achat de EB-BKonline et nous vous la transmettons dans les plus brefs d\u00e9lais. Passez des commandes group\u00e9es d\u00e8s maintenant !","breadcrumb":{"@id":"https:\/\/legitgrams.com\/product\/eb-bk\/#breadcrumb"},"inLanguage":"fr-BE","potentialAction":[{"@type":"ReadAction","target":["https:\/\/legitgrams.com\/product\/eb-bk\/"]}]},{"@type":"ImageObject","inLanguage":"fr-BE","@id":"https:\/\/legitgrams.com\/product\/eb-bk\/#primaryimage","url":"https:\/\/legitgrams.com\/wp-content\/uploads\/2024\/08\/EBK-Crysta.jpg","contentUrl":"https:\/\/legitgrams.com\/wp-content\/uploads\/2024\/08\/EBK-Crysta.jpg","width":1055,"height":1266,"caption":"EBK Crystal for sale"},{"@type":"BreadcrumbList","@id":"https:\/\/legitgrams.com\/product\/eb-bk\/#breadcrumb","itemListElement":[{"@type":"ListItem","position":1,"name":"Home","item":"https:\/\/legitgrams.com\/"},{"@type":"ListItem","position":2,"name":"Shop","item":"https:\/\/legitgrams.com\/shop\/"},{"@type":"ListItem","position":3,"name":"EB-BK"}]},{"@type":"WebSite","@id":"https:\/\/legitgrams.com\/#website","url":"https:\/\/legitgrams.com\/","name":"Les grammes l\u00e9gitimes","description":"Mon blog WordPress","publisher":{"@id":"https:\/\/legitgrams.com\/#organization"},"potentialAction":[{"@type":"SearchAction","target":{"@type":"EntryPoint","urlTemplate":"https:\/\/legitgrams.com\/?s={search_term_string}"},"query-input":{"@type":"PropertyValueSpecification","valueRequired":true,"valueName":"search_term_string"}}],"inLanguage":"fr-BE"},{"@type":"Organization","@id":"https:\/\/legitgrams.com\/#organization","name":"Les grammes l\u00e9gitimes","url":"https:\/\/legitgrams.com\/","logo":{"@type":"ImageObject","inLanguage":"fr-BE","@id":"https:\/\/legitgrams.com\/#\/schema\/logo\/image\/","url":"https:\/\/legitgrams.com\/wp-content\/uploads\/2024\/09\/main-logo.png","contentUrl":"https:\/\/legitgrams.com\/wp-content\/uploads\/2024\/09\/main-logo.png","width":270,"height":75,"caption":"Legit Grams"},"image":{"@id":"https:\/\/legitgrams.com\/#\/schema\/logo\/image\/"}}]}},"uagb_featured_image_src":{"full":["https:\/\/legitgrams.com\/wp-content\/uploads\/2024\/08\/EBK-Crysta.jpg",1055,1266,false],"thumbnail":["https:\/\/legitgrams.com\/wp-content\/uploads\/2024\/08\/EBK-Crysta-150x150.jpg",150,150,true],"medium":["https:\/\/legitgrams.com\/wp-content\/uploads\/2024\/08\/EBK-Crysta-250x300.jpg",250,300,true],"medium_large":["https:\/\/legitgrams.com\/wp-content\/uploads\/2024\/08\/EBK-Crysta-768x922.jpg",768,922,true],"large":["https:\/\/legitgrams.com\/wp-content\/uploads\/2024\/08\/EBK-Crysta-853x1024.jpg",853,1024,true],"1536x1536":["https:\/\/legitgrams.com\/wp-content\/uploads\/2024\/08\/EBK-Crysta.jpg",1055,1266,false],"2048x2048":["https:\/\/legitgrams.com\/wp-content\/uploads\/2024\/08\/EBK-Crysta.jpg",1055,1266,false],"trp-custom-language-flag":["https:\/\/legitgrams.com\/wp-content\/uploads\/2024\/08\/EBK-Crysta-10x12.jpg",10,12,true],"woocommerce_thumbnail":["https:\/\/legitgrams.com\/wp-content\/uploads\/2024\/08\/EBK-Crysta-300x300.jpg",300,300,true],"woocommerce_single":["https:\/\/legitgrams.com\/wp-content\/uploads\/2024\/08\/EBK-Crysta-600x720.jpg",600,720,true],"woocommerce_gallery_thumbnail":["https:\/\/legitgrams.com\/wp-content\/uploads\/2024\/08\/EBK-Crysta-100x100.jpg",100,100,true]},"uagb_author_info":{"display_name":"cokeblog18","author_link":"https:\/\/legitgrams.com\/fr\/author\/"},"uagb_comment_info":0,"uagb_excerpt":"For sale: EBK Crystal From Top Suppliers Purchase EBK Crystal online, the most well-known research material. The new entactogen-cathinone stimulant. Other names for N-ethylpentylone include ethylene, bk-EBDP, and k-EBDP. The synthetic cathinone Ethylone, also known as 3,4-methylenedioxy-N-ethylcathinone or \u03b2k-MDEA, is associated with EBK crystal. The stimulant and empathogenic qualities of this psychoactive drug are widely&hellip;","_links":{"self":[{"href":"https:\/\/legitgrams.com\/fr\/wp-json\/wp\/v2\/product\/3304","targetHints":{"allow":["GET"]}}],"collection":[{"href":"https:\/\/legitgrams.com\/fr\/wp-json\/wp\/v2\/product"}],"about":[{"href":"https:\/\/legitgrams.com\/fr\/wp-json\/wp\/v2\/types\/product"}],"replies":[{"embeddable":true,"href":"https:\/\/legitgrams.com\/fr\/wp-json\/wp\/v2\/comments?post=3304"}],"wp:featuredmedia":[{"embeddable":true,"href":"https:\/\/legitgrams.com\/fr\/wp-json\/wp\/v2\/media\/3633"}],"wp:attachment":[{"href":"https:\/\/legitgrams.com\/fr\/wp-json\/wp\/v2\/media?parent=3304"}],"wp:term":[{"taxonomy":"product_brand","embeddable":true,"href":"https:\/\/legitgrams.com\/fr\/wp-json\/wp\/v2\/product_brand?post=3304"},{"taxonomy":"product_cat","embeddable":true,"href":"https:\/\/legitgrams.com\/fr\/wp-json\/wp\/v2\/product_cat?post=3304"},{"taxonomy":"product_tag","embeddable":true,"href":"https:\/\/legitgrams.com\/fr\/wp-json\/wp\/v2\/product_tag?post=3304"}],"curies":[{"name":"wp","href":"https:\/\/api.w.org\/{rel}","templated":true}]}}