{"id":3306,"date":"2024-08-03T05:49:00","date_gmt":"2024-08-03T05:49:00","guid":{"rendered":"https:\/\/cokebricks.com\/?post_type=product&#038;p=3306"},"modified":"2025-01-11T10:29:00","modified_gmt":"2025-01-11T10:29:00","slug":"3brpvp","status":"publish","type":"product","link":"https:\/\/legitgrams.com\/fr\/produit\/3brpvp\/","title":{"rendered":"3Brpvp"},"content":{"rendered":"<h2>Vente de poudre 3Brpvp<\/h2>\n<p>Achat <a href=\"https:\/\/legitgrams.com\/fr\/produit\/3brpvp\/\">3Brpvp Cristaux<\/a> en Europe en ligne. Vente de qualit\u00e9 premium, pure \u00e0 99,5% <a href=\"https:\/\/en.wikipedia.org\/wiki\/3F-PVP\">3BRPVP<\/a> Passez une commande en ligne aupr\u00e8s d'un fournisseur pour obtenir de la poudre de cristal 3BR-PVP (3BRPVP).<\/p>\n<p>Les suggestions typiques de notre part sont les suivantes<\/p>\n<h3>Solides :<\/h3>\n<p>Le produit peut \u00eatre conserv\u00e9 jusqu'\u00e0 six mois apr\u00e8s la date d'exp\u00e9dition si le flacon est conserv\u00e9 correctement ferm\u00e9 et si les consignes de stockage sont respect\u00e9es.<\/p>\n<h3>R\u00c9SULTATS:<\/h3>\n<p>Les solutions m\u00e8res doivent \u00eatre conserv\u00e9es \u00e0 -20\u00b0C ou moins dans des flacons herm\u00e9tiquement ferm\u00e9s et utilis\u00e9es dans le mois suivant leur pr\u00e9paration. Les solutions doivent \u00eatre utilisables et fonctionnelles le jour m\u00eame, si possible. <a href=\"https:\/\/legitgrams.com\/fr\/\">LegitGrams<\/a><\/p>\n<p>Les suggestions typiques de notre part sont les suivantes<\/p>\n<h3>Solides :<\/h3>\n<p>La substance peut \u00eatre conserv\u00e9e jusqu'\u00e0 six mois si le flacon est correctement ferm\u00e9 et si les consignes de stockage sont respect\u00e9es plusieurs mois apr\u00e8s la date d'exp\u00e9dition.<\/p>\n<h3>R\u00c9SULTATS:<\/h3>\n<p>Les solutions m\u00e8res doivent \u00eatre conserv\u00e9es \u00e0 -20\u00b0C ou moins dans des flacons herm\u00e9tiquement ferm\u00e9s et utilis\u00e9es dans le mois suivant leur pr\u00e9paration. Les solutions doivent \u00eatre utilisables et fonctionnelles le jour m\u00eame, si possible.<\/p>","protected":false},"excerpt":{"rendered":"<p>Sale of 3Brpvp Powder Purchase 3Brpvp Crystals in Europe online. Sale of premium quality, 99.5% pure 3BRPVP Place an online order with a supplier to get 3BR-PVP (3BRPVP) Crystal powder. Typical suggestions from us consist of Solids: The product can be stored for up to six months beyond the date of shipment if the vial &hellip;<\/p>\n<p class=\"read-more\"> <a class=\"\" href=\"https:\/\/legitgrams.com\/fr\/produit\/3brpvp\/\"> <span class=\"screen-reader-text\">3Brpvp<\/span> Lire la suite \"<\/a><\/p>","protected":false},"featured_media":3320,"comment_status":"open","ping_status":"closed","template":"","meta":{"_uag_custom_page_level_css":"","site-sidebar-layout":"default","site-content-layout":"default","ast-global-header-display":"","ast-main-header-display":"","ast-hfb-above-header-display":"","ast-hfb-below-header-display":"","ast-hfb-mobile-header-display":"","site-post-title":"","ast-breadcrumbs-content":"","ast-featured-img":"","footer-sml-layout":"","theme-transparent-header-meta":"default","adv-header-id-meta":"","stick-header-meta":"default","header-above-stick-meta":"","header-main-stick-meta":"","header-below-stick-meta":"","_joinchat":[]},"product_brand":[],"product_cat":[190],"product_tag":[295,296,297,298,287,288,289,290,291,292,293,294],"class_list":{"0":"post-3306","1":"product","2":"type-product","3":"status-publish","4":"has-post-thumbnail","6":"product_cat-cannabinoids","7":"product_tag-3brpvp-cannabinoids","8":"product_tag-3brpvp-cannabinoids-for-sale","9":"product_tag-3brpvp-cannabinoids-reddit","10":"product_tag-3brpvp-chemical","11":"product_tag-3brpvp-powder-australia","12":"product_tag-3brpvp-powder-canada","13":"product_tag-3brpvp-powder-greece","14":"product_tag-3brpvp-powder-kuwait","15":"product_tag-3brpvp-powder-review","16":"product_tag-3brpvp-powder-spain","17":"product_tag-3brpvp-powder-uk","18":"product_tag-3brpvp-powder-usa","19":"desktop-align-left","20":"tablet-align-left","21":"mobile-align-left","22":"ast-product-gallery-layout-horizontal","23":"ast-product-gallery-with-no-image","24":"ast-product-single-variable","25":"ast-product-tabs-layout-horizontal","26":"ast-qv-on-image","28":"first","29":"instock","30":"shipping-taxable","31":"purchasable","32":"product-type-variable"},"yoast_head":"<!-- This site is optimized with the Yoast SEO plugin v25.9 - https:\/\/yoast.com\/wordpress\/plugins\/seo\/ -->\n<title>3Brpvp Powder for Sale - Order 3Brpvp Online | LegitGrams<\/title>\n<meta name=\"description\" content=\"You can buy 3Brpvp online at the best price from our online legit store. We have cheap and high-quality 3Brpvp powder for sale and provide worldwide delivery. Shop Today!\" \/>\n<meta name=\"robots\" content=\"index, follow, max-snippet:-1, max-image-preview:large, max-video-preview:-1\" \/>\n<link rel=\"canonical\" href=\"https:\/\/legitgrams.com\/fr\/produit\/3brpvp\/\" \/>\n<meta property=\"og:locale\" content=\"fr_FR\" \/>\n<meta property=\"og:type\" content=\"article\" \/>\n<meta property=\"og:title\" content=\"3Brpvp Powder for Sale - Order 3Brpvp Online | LegitGrams\" \/>\n<meta property=\"og:description\" content=\"You can buy 3Brpvp online at the best price from our online legit store. We have cheap and high-quality 3Brpvp powder for sale and provide worldwide delivery. Shop Today!\" \/>\n<meta property=\"og:url\" content=\"https:\/\/legitgrams.com\/fr\/produit\/3brpvp\/\" \/>\n<meta property=\"og:site_name\" content=\"Legit Grams\" \/>\n<meta property=\"article:modified_time\" content=\"2025-01-11T10:29:00+00:00\" \/>\n<meta property=\"og:image\" content=\"https:\/\/legitgrams.com\/wp-content\/uploads\/2024\/08\/3Brpvp.gif\" \/>\n\t<meta property=\"og:image:width\" content=\"600\" \/>\n\t<meta property=\"og:image:height\" content=\"600\" \/>\n\t<meta property=\"og:image:type\" content=\"image\/gif\" \/>\n<meta name=\"twitter:card\" content=\"summary_large_image\" \/>\n<meta name=\"twitter:label1\" content=\"Dur\u00e9e de lecture est.\" \/>\n\t<meta name=\"twitter:data1\" content=\"1 minute\" \/>\n<script type=\"application\/ld+json\" class=\"yoast-schema-graph\">{\"@context\":\"https:\/\/schema.org\",\"@graph\":[{\"@type\":\"WebPage\",\"@id\":\"https:\/\/legitgrams.com\/product\/3brpvp\/\",\"url\":\"https:\/\/legitgrams.com\/product\/3brpvp\/\",\"name\":\"3Brpvp Powder for Sale - Order 3Brpvp Online | LegitGrams\",\"isPartOf\":{\"@id\":\"https:\/\/legitgrams.com\/#website\"},\"primaryImageOfPage\":{\"@id\":\"https:\/\/legitgrams.com\/product\/3brpvp\/#primaryimage\"},\"image\":{\"@id\":\"https:\/\/legitgrams.com\/product\/3brpvp\/#primaryimage\"},\"thumbnailUrl\":\"https:\/\/legitgrams.com\/wp-content\/uploads\/2024\/08\/3Brpvp.gif\",\"datePublished\":\"2024-08-03T05:49:00+00:00\",\"dateModified\":\"2025-01-11T10:29:00+00:00\",\"description\":\"You can buy 3Brpvp online at the best price from our online legit store. We have cheap and high-quality 3Brpvp powder for sale and provide worldwide delivery. Shop Today!\",\"breadcrumb\":{\"@id\":\"https:\/\/legitgrams.com\/product\/3brpvp\/#breadcrumb\"},\"inLanguage\":\"fr-BE\",\"potentialAction\":[{\"@type\":\"ReadAction\",\"target\":[\"https:\/\/legitgrams.com\/product\/3brpvp\/\"]}]},{\"@type\":\"ImageObject\",\"inLanguage\":\"fr-BE\",\"@id\":\"https:\/\/legitgrams.com\/product\/3brpvp\/#primaryimage\",\"url\":\"https:\/\/legitgrams.com\/wp-content\/uploads\/2024\/08\/3Brpvp.gif\",\"contentUrl\":\"https:\/\/legitgrams.com\/wp-content\/uploads\/2024\/08\/3Brpvp.gif\",\"width\":600,\"height\":600,\"caption\":\"3Brpvp Powder for Sale\"},{\"@type\":\"BreadcrumbList\",\"@id\":\"https:\/\/legitgrams.com\/product\/3brpvp\/#breadcrumb\",\"itemListElement\":[{\"@type\":\"ListItem\",\"position\":1,\"name\":\"Home\",\"item\":\"https:\/\/legitgrams.com\/\"},{\"@type\":\"ListItem\",\"position\":2,\"name\":\"Shop\",\"item\":\"https:\/\/legitgrams.com\/shop\/\"},{\"@type\":\"ListItem\",\"position\":3,\"name\":\"3Brpvp\"}]},{\"@type\":\"WebSite\",\"@id\":\"https:\/\/legitgrams.com\/#website\",\"url\":\"https:\/\/legitgrams.com\/\",\"name\":\"Legit Grams\",\"description\":\"My WordPress Blog\",\"publisher\":{\"@id\":\"https:\/\/legitgrams.com\/#organization\"},\"potentialAction\":[{\"@type\":\"SearchAction\",\"target\":{\"@type\":\"EntryPoint\",\"urlTemplate\":\"https:\/\/legitgrams.com\/?s={search_term_string}\"},\"query-input\":{\"@type\":\"PropertyValueSpecification\",\"valueRequired\":true,\"valueName\":\"search_term_string\"}}],\"inLanguage\":\"fr-BE\"},{\"@type\":\"Organization\",\"@id\":\"https:\/\/legitgrams.com\/#organization\",\"name\":\"Legit Grams\",\"url\":\"https:\/\/legitgrams.com\/\",\"logo\":{\"@type\":\"ImageObject\",\"inLanguage\":\"fr-BE\",\"@id\":\"https:\/\/legitgrams.com\/#\/schema\/logo\/image\/\",\"url\":\"https:\/\/legitgrams.com\/wp-content\/uploads\/2024\/09\/main-logo.png\",\"contentUrl\":\"https:\/\/legitgrams.com\/wp-content\/uploads\/2024\/09\/main-logo.png\",\"width\":270,\"height\":75,\"caption\":\"Legit Grams\"},\"image\":{\"@id\":\"https:\/\/legitgrams.com\/#\/schema\/logo\/image\/\"}}]}<\/script>\n<!-- \/ Yoast SEO plugin. -->","yoast_head_json":{"title":"3Brpvp Powder for Sale - Commander 3Brpvp en ligne | LegitGrams","description":"Vous pouvez acheter 3Brpvp en ligne au meilleur prix dans notre magasin l\u00e9gal en ligne. Nous avons de la poudre de 3Brpvp bon march\u00e9 et de haute qualit\u00e9 \u00e0 vendre et nous fournissons des livraisons dans le monde entier. Achetez aujourd'hui !","robots":{"index":"index","follow":"follow","max-snippet":"max-snippet:-1","max-image-preview":"max-image-preview:large","max-video-preview":"max-video-preview:-1"},"canonical":"https:\/\/legitgrams.com\/fr\/produit\/3brpvp\/","og_locale":"fr_FR","og_type":"article","og_title":"3Brpvp Powder for Sale - Order 3Brpvp Online | LegitGrams","og_description":"You can buy 3Brpvp online at the best price from our online legit store. We have cheap and high-quality 3Brpvp powder for sale and provide worldwide delivery. Shop Today!","og_url":"https:\/\/legitgrams.com\/fr\/produit\/3brpvp\/","og_site_name":"Legit Grams","article_modified_time":"2025-01-11T10:29:00+00:00","og_image":[{"width":600,"height":600,"url":"https:\/\/legitgrams.com\/wp-content\/uploads\/2024\/08\/3Brpvp.gif","type":"image\/gif"}],"twitter_card":"summary_large_image","twitter_misc":{"Dur\u00e9e de lecture est.":"1 minute"},"schema":{"@context":"https:\/\/schema.org","@graph":[{"@type":"WebPage","@id":"https:\/\/legitgrams.com\/product\/3brpvp\/","url":"https:\/\/legitgrams.com\/product\/3brpvp\/","name":"3Brpvp Powder for Sale - Commander 3Brpvp en ligne | LegitGrams","isPartOf":{"@id":"https:\/\/legitgrams.com\/#website"},"primaryImageOfPage":{"@id":"https:\/\/legitgrams.com\/product\/3brpvp\/#primaryimage"},"image":{"@id":"https:\/\/legitgrams.com\/product\/3brpvp\/#primaryimage"},"thumbnailUrl":"https:\/\/legitgrams.com\/wp-content\/uploads\/2024\/08\/3Brpvp.gif","datePublished":"2024-08-03T05:49:00+00:00","dateModified":"2025-01-11T10:29:00+00:00","description":"Vous pouvez acheter 3Brpvp en ligne au meilleur prix dans notre magasin l\u00e9gal en ligne. Nous avons de la poudre de 3Brpvp bon march\u00e9 et de haute qualit\u00e9 \u00e0 vendre et nous fournissons des livraisons dans le monde entier. Achetez aujourd'hui !","breadcrumb":{"@id":"https:\/\/legitgrams.com\/product\/3brpvp\/#breadcrumb"},"inLanguage":"fr-BE","potentialAction":[{"@type":"ReadAction","target":["https:\/\/legitgrams.com\/product\/3brpvp\/"]}]},{"@type":"ImageObject","inLanguage":"fr-BE","@id":"https:\/\/legitgrams.com\/product\/3brpvp\/#primaryimage","url":"https:\/\/legitgrams.com\/wp-content\/uploads\/2024\/08\/3Brpvp.gif","contentUrl":"https:\/\/legitgrams.com\/wp-content\/uploads\/2024\/08\/3Brpvp.gif","width":600,"height":600,"caption":"3Brpvp Powder for Sale"},{"@type":"BreadcrumbList","@id":"https:\/\/legitgrams.com\/product\/3brpvp\/#breadcrumb","itemListElement":[{"@type":"ListItem","position":1,"name":"Home","item":"https:\/\/legitgrams.com\/"},{"@type":"ListItem","position":2,"name":"Shop","item":"https:\/\/legitgrams.com\/shop\/"},{"@type":"ListItem","position":3,"name":"3Brpvp"}]},{"@type":"WebSite","@id":"https:\/\/legitgrams.com\/#website","url":"https:\/\/legitgrams.com\/","name":"Les grammes l\u00e9gitimes","description":"Mon blog WordPress","publisher":{"@id":"https:\/\/legitgrams.com\/#organization"},"potentialAction":[{"@type":"SearchAction","target":{"@type":"EntryPoint","urlTemplate":"https:\/\/legitgrams.com\/?s={search_term_string}"},"query-input":{"@type":"PropertyValueSpecification","valueRequired":true,"valueName":"search_term_string"}}],"inLanguage":"fr-BE"},{"@type":"Organization","@id":"https:\/\/legitgrams.com\/#organization","name":"Les grammes l\u00e9gitimes","url":"https:\/\/legitgrams.com\/","logo":{"@type":"ImageObject","inLanguage":"fr-BE","@id":"https:\/\/legitgrams.com\/#\/schema\/logo\/image\/","url":"https:\/\/legitgrams.com\/wp-content\/uploads\/2024\/09\/main-logo.png","contentUrl":"https:\/\/legitgrams.com\/wp-content\/uploads\/2024\/09\/main-logo.png","width":270,"height":75,"caption":"Legit Grams"},"image":{"@id":"https:\/\/legitgrams.com\/#\/schema\/logo\/image\/"}}]}},"uagb_featured_image_src":{"full":["https:\/\/legitgrams.com\/wp-content\/uploads\/2024\/08\/3Brpvp.gif",600,600,false],"thumbnail":["https:\/\/legitgrams.com\/wp-content\/uploads\/2024\/08\/3Brpvp-150x150.gif",150,150,true],"medium":["https:\/\/legitgrams.com\/wp-content\/uploads\/2024\/08\/3Brpvp-300x300.gif",300,300,true],"medium_large":["https:\/\/legitgrams.com\/wp-content\/uploads\/2024\/08\/3Brpvp.gif",600,600,false],"large":["https:\/\/legitgrams.com\/wp-content\/uploads\/2024\/08\/3Brpvp.gif",600,600,false],"1536x1536":["https:\/\/legitgrams.com\/wp-content\/uploads\/2024\/08\/3Brpvp.gif",600,600,false],"2048x2048":["https:\/\/legitgrams.com\/wp-content\/uploads\/2024\/08\/3Brpvp.gif",600,600,false],"trp-custom-language-flag":["https:\/\/legitgrams.com\/wp-content\/uploads\/2024\/08\/3Brpvp-12x12.gif",12,12,true],"woocommerce_thumbnail":["https:\/\/legitgrams.com\/wp-content\/uploads\/2024\/08\/3Brpvp-300x300.gif",300,300,true],"woocommerce_single":["https:\/\/legitgrams.com\/wp-content\/uploads\/2024\/08\/3Brpvp.gif",600,600,false],"woocommerce_gallery_thumbnail":["https:\/\/legitgrams.com\/wp-content\/uploads\/2024\/08\/3Brpvp-100x100.gif",100,100,true]},"uagb_author_info":{"display_name":"cokeblog18","author_link":"https:\/\/legitgrams.com\/fr\/author\/"},"uagb_comment_info":0,"uagb_excerpt":"Sale of 3Brpvp Powder Purchase 3Brpvp Crystals in Europe online. Sale of premium quality, 99.5% pure 3BRPVP Place an online order with a supplier to get 3BR-PVP (3BRPVP) Crystal powder. Typical suggestions from us consist of Solids: The product can be stored for up to six months beyond the date of shipment if the vial&hellip;","_links":{"self":[{"href":"https:\/\/legitgrams.com\/fr\/wp-json\/wp\/v2\/product\/3306","targetHints":{"allow":["GET"]}}],"collection":[{"href":"https:\/\/legitgrams.com\/fr\/wp-json\/wp\/v2\/product"}],"about":[{"href":"https:\/\/legitgrams.com\/fr\/wp-json\/wp\/v2\/types\/product"}],"replies":[{"embeddable":true,"href":"https:\/\/legitgrams.com\/fr\/wp-json\/wp\/v2\/comments?post=3306"}],"wp:featuredmedia":[{"embeddable":true,"href":"https:\/\/legitgrams.com\/fr\/wp-json\/wp\/v2\/media\/3320"}],"wp:attachment":[{"href":"https:\/\/legitgrams.com\/fr\/wp-json\/wp\/v2\/media?parent=3306"}],"wp:term":[{"taxonomy":"product_brand","embeddable":true,"href":"https:\/\/legitgrams.com\/fr\/wp-json\/wp\/v2\/product_brand?post=3306"},{"taxonomy":"product_cat","embeddable":true,"href":"https:\/\/legitgrams.com\/fr\/wp-json\/wp\/v2\/product_cat?post=3306"},{"taxonomy":"product_tag","embeddable":true,"href":"https:\/\/legitgrams.com\/fr\/wp-json\/wp\/v2\/product_tag?post=3306"}],"curies":[{"name":"wp","href":"https:\/\/api.w.org\/{rel}","templated":true}]}}