{"id":3308,"date":"2024-08-03T05:49:29","date_gmt":"2024-08-03T05:49:29","guid":{"rendered":"https:\/\/cokebricks.com\/?post_type=product&#038;p=3308"},"modified":"2025-01-11T11:46:23","modified_gmt":"2025-01-11T11:46:23","slug":"6clbca","status":"publish","type":"product","link":"https:\/\/legitgrams.com\/fr\/produit\/6clbca\/","title":{"rendered":"6clbca"},"content":{"rendered":"<h2>6cl-adb-a for sale: Purchase 6cladba online in the USA<\/h2>\n<p><a href=\"https:\/\/en.wikipedia.org\/wiki\/Cannabichromenic_acid\">Get 6CLBCA<\/a>. Un nouveau cannabino\u00efde appel\u00e9 6CLADBA, ou 6-CL-ADB-A, a \u00e9t\u00e9 cr\u00e9\u00e9 pour prendre le r\u00f4le du 5-CL-ADB-A. 6CLADBA est reconnu comme une organisation valide par de nombreux pays de l'UE. 6cladba peut \u00eatre achet\u00e9 en ligne et exp\u00e9di\u00e9 n'importe o\u00f9 dans le monde de mani\u00e8re rapide, rentable et s\u00e9curis\u00e9e. 6cladba peut \u00eatre achet\u00e9 en ligne sur <a href=\"https:\/\/legitgrams.com\/fr\/\">LegitGrams.<\/a><\/p>\n<p>Un chimiste a d\u00e9velopp\u00e9 la drogue de synth\u00e8se 6CLADBA, qui poss\u00e8de des effets \u00e0 la fois physiologiques et psychotropes.<\/p>\n<p>What adverse effects <a href=\"https:\/\/legitgrams.com\/fr\/produit\/6clbca\/\">6CLADBA<\/a> may have is unknown.<\/p>\n<p>Les cons\u00e9quences physiologiques et toxicologiques du 6CLADBA n\u2019ont pas \u00e9t\u00e9 \u00e9tudi\u00e9es.<\/p>\n<p>Pour les personnes souhaitant acheter 6cladba en ligne, Legit Cannabinoids est toujours disponible. Passez votre commande d\u00e8s maintenant !<\/p>\n<p>Cons\u00e9quences n\u00e9gatives du 6cl-adb-a<\/p>\n<p>Ce cannabis synth\u00e9tique a \u00e9t\u00e9 cr\u00e9\u00e9 r\u00e9cemment et est disponible \u00e0 l'achat gratuitement. Cependant, nous vous sugg\u00e9rons de vous le procurer aupr\u00e8s d'un fournisseur fiable. Le produit chimique de recherche 6cl-adb-a est fourni par nos soins. Notre objectif est de fournir du cannabis de qualit\u00e9 sup\u00e9rieure \u00e0 un prix \u00e9quitable. Cependant, vous devez \u00eatre conscient des effets ind\u00e9sirables du m\u00e9dicament avant de l'acheter. Le mode d'action pr\u00e9cis de ce nouveau cannabino\u00efde synth\u00e9tique est actuellement inconnu. Vous devez \u00e0 tout prix l'\u00e9viter.<\/p>\n<p>Une enqu\u00eate officielle a r\u00e9v\u00e9l\u00e9 que cette substance peut provoquer une anxi\u00e9t\u00e9 grave, une humeur \u00e9lev\u00e9e, un rythme cardiaque rapide, des naus\u00e9es, une augmentation de l'\u00e9nergie et m\u00eame des pens\u00e9es suicidaires lorsqu'elle est fum\u00e9e ou inhal\u00e9e. Le produit chimique de recherche 6CLADBA est disponible \u00e0 l'achat en ligne aux \u00c9tats-Unis.<\/p>\n<h3>excellent calibre 6CLADBA<\/h3>\n<p>Notre vaste exp\u00e9rience commerciale nous permet de fournir en permanence les meilleurs articles avec un emballage discret et une exp\u00e9dition rapide. Notre entreprise vend des m\u00e9dicaments de marque haut de gamme en ligne. Gr\u00e2ce aux tests de go\u00fbt en laboratoire, tous nos produits peuvent \u00eatre utilis\u00e9s en toute s\u00e9curit\u00e9 dans la recherche. Vous pouvez acheter l\u00e9galement des recherches sur 6CLADBA chez nous car nous sommes une entreprise respectable. Achetez 6CLBCA.<\/p>\n<p>6CLADBA est le plus abordable.<\/p>\n<h3>Quels sont les avantages d\u2019acheter 6CLADBA aupr\u00e8s de vendeurs de cannabis r\u00e9put\u00e9s sur Internet ?<\/h3>\n<p>LegitGrams est un fournisseur mondial de confiance de produits chimiques de recherche. 6CLADBA est l'un des nombreux produits chimiques de recherche que nous vendons. Vous pouvez nous contacter \u00e0 tout moment pour passer votre commande, et nous vous promettons que vous ne serez pas d\u00e9\u00e7u.<\/p>\n<p>6CLADBA est disponible ici \u00e0 un prix raisonnable. Ici, nous ne proposons que des produits haut de gamme \u00e0 la vente. Nous organisons la commande et proposons une exp\u00e9dition discr\u00e8te et s\u00fbre apr\u00e8s avoir re\u00e7u tous les d\u00e9tails de la commande. Tous nos produits sont purs \u00e0 99,9 %.<\/p>\n<p>Nous garantissons que notre boutique en ligne livrera le colis en toute s\u00e9curit\u00e9 et sans endommager les marchandises. Nous assumons l'enti\u00e8re responsabilit\u00e9 des articles jusqu'\u00e0 leur livraison au consommateur. Nous exp\u00e9dions uniquement les mat\u00e9riaux de recherche les plus purs dans tous les pays du monde. Jusqu'\u00e0 pr\u00e9sent, nous avons d\u00e9velopp\u00e9 des relations de travail durables et amicales avec nos clients du monde entier et avons re\u00e7u d'excellents retours de leur part. Mais si vous recherchez un d\u00e9taillant Internet bon march\u00e9 qui vend 6CLADBA, vous \u00eates au bon endroit.<\/p>","protected":false},"excerpt":{"rendered":"<p>6cl-adb-a for sale: Purchase 6cladba online in the USA Get 6CLBCA. A new cannabinoid called 6CLADBA, or 6-CL-ADB-A, has been created to take the role of 5-CL-ADB-A. 6CLADBA is recognized as a valid organization by many EU countries. 6cladba can be purchased online and shipped to any location in the world in a timely, cost-effective, &hellip;<\/p>\n<p class=\"read-more\"> <a class=\"\" href=\"https:\/\/legitgrams.com\/fr\/produit\/6clbca\/\"> <span class=\"screen-reader-text\">6clbca<\/span> Lire la suite \"<\/a><\/p>","protected":false},"featured_media":3325,"comment_status":"open","ping_status":"closed","template":"","meta":{"_uag_custom_page_level_css":"","site-sidebar-layout":"default","site-content-layout":"default","ast-global-header-display":"","ast-main-header-display":"","ast-hfb-above-header-display":"","ast-hfb-below-header-display":"","ast-hfb-mobile-header-display":"","site-post-title":"","ast-breadcrumbs-content":"","ast-featured-img":"","footer-sml-layout":"","theme-transparent-header-meta":"default","adv-header-id-meta":"","stick-header-meta":"default","header-above-stick-meta":"","header-main-stick-meta":"","header-below-stick-meta":"","_joinchat":[]},"product_brand":[],"product_cat":[190],"product_tag":[221,222,223,224,225,226,227,228,229,230,231,232],"class_list":{"0":"post-3308","1":"product","2":"type-product","3":"status-publish","4":"has-post-thumbnail","6":"product_cat-cannabinoids","7":"product_tag-6cladba-powder-australia","8":"product_tag-6cladba-powder-canada","9":"product_tag-6cladba-powder-greece","10":"product_tag-6cladba-powder-kuwait","11":"product_tag-6cladba-powder-review","12":"product_tag-6cladba-powder-spain","13":"product_tag-6cladba-powder-uk","14":"product_tag-6cladba-powder-usa","15":"product_tag-6clbca-cannabinoids","16":"product_tag-6clbca-cannabinoids-for-sale","17":"product_tag-6clbca-cannabinoids-reddit","18":"product_tag-6clbca-chemical","19":"desktop-align-left","20":"tablet-align-left","21":"mobile-align-left","22":"ast-product-gallery-layout-horizontal","23":"ast-product-gallery-with-no-image","24":"ast-product-single-variable","25":"ast-product-tabs-layout-horizontal","26":"ast-qv-on-image","28":"first","29":"instock","30":"shipping-taxable","31":"purchasable","32":"product-type-variable"},"yoast_head":"<!-- This site is optimized with the Yoast SEO plugin v25.9 - https:\/\/yoast.com\/wordpress\/plugins\/seo\/ -->\n<title>Order 6Clbca Powder Online - 6Clbca for Sale - Buy Today Now!<\/title>\n<meta name=\"description\" content=\"At our LegitGrams store, you can get 6clbca for sale at cheap rate. We deal with a-grade quality products only. Buy 6clbca powder online from our store now. Place your order right away!\" \/>\n<meta name=\"robots\" content=\"index, follow, max-snippet:-1, max-image-preview:large, max-video-preview:-1\" \/>\n<link rel=\"canonical\" href=\"https:\/\/legitgrams.com\/fr\/produit\/6clbca\/\" \/>\n<meta property=\"og:locale\" content=\"fr_FR\" \/>\n<meta property=\"og:type\" content=\"article\" \/>\n<meta property=\"og:title\" content=\"Order 6Clbca Powder Online - 6Clbca for Sale - Buy Today Now!\" \/>\n<meta property=\"og:description\" content=\"At our LegitGrams store, you can get 6clbca for sale at cheap rate. We deal with a-grade quality products only. Buy 6clbca powder online from our store now. Place your order right away!\" \/>\n<meta property=\"og:url\" content=\"https:\/\/legitgrams.com\/fr\/produit\/6clbca\/\" \/>\n<meta property=\"og:site_name\" content=\"Legit Grams\" \/>\n<meta property=\"article:modified_time\" content=\"2025-01-11T11:46:23+00:00\" \/>\n<meta property=\"og:image\" content=\"https:\/\/legitgrams.com\/wp-content\/uploads\/2024\/08\/6clbca.gif\" \/>\n\t<meta property=\"og:image:width\" content=\"600\" \/>\n\t<meta property=\"og:image:height\" content=\"600\" \/>\n\t<meta property=\"og:image:type\" content=\"image\/gif\" \/>\n<meta name=\"twitter:card\" content=\"summary_large_image\" \/>\n<meta name=\"twitter:label1\" content=\"Dur\u00e9e de lecture est.\" \/>\n\t<meta name=\"twitter:data1\" content=\"3 minutes\" \/>\n<script type=\"application\/ld+json\" class=\"yoast-schema-graph\">{\"@context\":\"https:\/\/schema.org\",\"@graph\":[{\"@type\":\"WebPage\",\"@id\":\"https:\/\/legitgrams.com\/product\/6clbca\/\",\"url\":\"https:\/\/legitgrams.com\/product\/6clbca\/\",\"name\":\"Order 6Clbca Powder Online - 6Clbca for Sale - Buy Today Now!\",\"isPartOf\":{\"@id\":\"https:\/\/legitgrams.com\/#website\"},\"primaryImageOfPage\":{\"@id\":\"https:\/\/legitgrams.com\/product\/6clbca\/#primaryimage\"},\"image\":{\"@id\":\"https:\/\/legitgrams.com\/product\/6clbca\/#primaryimage\"},\"thumbnailUrl\":\"https:\/\/legitgrams.com\/wp-content\/uploads\/2024\/08\/6clbca.gif\",\"datePublished\":\"2024-08-03T05:49:29+00:00\",\"dateModified\":\"2025-01-11T11:46:23+00:00\",\"description\":\"At our LegitGrams store, you can get 6clbca for sale at cheap rate. We deal with a-grade quality products only. Buy 6clbca powder online from our store now. Place your order right away!\",\"breadcrumb\":{\"@id\":\"https:\/\/legitgrams.com\/product\/6clbca\/#breadcrumb\"},\"inLanguage\":\"fr-BE\",\"potentialAction\":[{\"@type\":\"ReadAction\",\"target\":[\"https:\/\/legitgrams.com\/product\/6clbca\/\"]}]},{\"@type\":\"ImageObject\",\"inLanguage\":\"fr-BE\",\"@id\":\"https:\/\/legitgrams.com\/product\/6clbca\/#primaryimage\",\"url\":\"https:\/\/legitgrams.com\/wp-content\/uploads\/2024\/08\/6clbca.gif\",\"contentUrl\":\"https:\/\/legitgrams.com\/wp-content\/uploads\/2024\/08\/6clbca.gif\",\"width\":600,\"height\":600,\"caption\":\"6Clbca for Sale\"},{\"@type\":\"BreadcrumbList\",\"@id\":\"https:\/\/legitgrams.com\/product\/6clbca\/#breadcrumb\",\"itemListElement\":[{\"@type\":\"ListItem\",\"position\":1,\"name\":\"Home\",\"item\":\"https:\/\/legitgrams.com\/\"},{\"@type\":\"ListItem\",\"position\":2,\"name\":\"Shop\",\"item\":\"https:\/\/legitgrams.com\/shop\/\"},{\"@type\":\"ListItem\",\"position\":3,\"name\":\"6clbca\"}]},{\"@type\":\"WebSite\",\"@id\":\"https:\/\/legitgrams.com\/#website\",\"url\":\"https:\/\/legitgrams.com\/\",\"name\":\"Legit Grams\",\"description\":\"My WordPress Blog\",\"publisher\":{\"@id\":\"https:\/\/legitgrams.com\/#organization\"},\"potentialAction\":[{\"@type\":\"SearchAction\",\"target\":{\"@type\":\"EntryPoint\",\"urlTemplate\":\"https:\/\/legitgrams.com\/?s={search_term_string}\"},\"query-input\":{\"@type\":\"PropertyValueSpecification\",\"valueRequired\":true,\"valueName\":\"search_term_string\"}}],\"inLanguage\":\"fr-BE\"},{\"@type\":\"Organization\",\"@id\":\"https:\/\/legitgrams.com\/#organization\",\"name\":\"Legit Grams\",\"url\":\"https:\/\/legitgrams.com\/\",\"logo\":{\"@type\":\"ImageObject\",\"inLanguage\":\"fr-BE\",\"@id\":\"https:\/\/legitgrams.com\/#\/schema\/logo\/image\/\",\"url\":\"https:\/\/legitgrams.com\/wp-content\/uploads\/2024\/09\/main-logo.png\",\"contentUrl\":\"https:\/\/legitgrams.com\/wp-content\/uploads\/2024\/09\/main-logo.png\",\"width\":270,\"height\":75,\"caption\":\"Legit Grams\"},\"image\":{\"@id\":\"https:\/\/legitgrams.com\/#\/schema\/logo\/image\/\"}}]}<\/script>\n<!-- \/ Yoast SEO plugin. -->","yoast_head_json":{"title":"Commandez de la poudre 6Clbca en ligne - 6Clbca \u00e0 vendre - Achetez aujourd'hui maintenant !","description":"Dans notre magasin LegitGrams, vous pouvez obtenir 6clbca pour la vente \u00e0 un taux bon march\u00e9. Nous ne vendons que des produits de qualit\u00e9 sup\u00e9rieure. Achetez la poudre de 6clbca en ligne dans notre magasin maintenant. Passez votre commande tout de suite !","robots":{"index":"index","follow":"follow","max-snippet":"max-snippet:-1","max-image-preview":"max-image-preview:large","max-video-preview":"max-video-preview:-1"},"canonical":"https:\/\/legitgrams.com\/fr\/produit\/6clbca\/","og_locale":"fr_FR","og_type":"article","og_title":"Order 6Clbca Powder Online - 6Clbca for Sale - Buy Today Now!","og_description":"At our LegitGrams store, you can get 6clbca for sale at cheap rate. We deal with a-grade quality products only. Buy 6clbca powder online from our store now. Place your order right away!","og_url":"https:\/\/legitgrams.com\/fr\/produit\/6clbca\/","og_site_name":"Legit Grams","article_modified_time":"2025-01-11T11:46:23+00:00","og_image":[{"width":600,"height":600,"url":"https:\/\/legitgrams.com\/wp-content\/uploads\/2024\/08\/6clbca.gif","type":"image\/gif"}],"twitter_card":"summary_large_image","twitter_misc":{"Dur\u00e9e de lecture est.":"3 minutes"},"schema":{"@context":"https:\/\/schema.org","@graph":[{"@type":"WebPage","@id":"https:\/\/legitgrams.com\/product\/6clbca\/","url":"https:\/\/legitgrams.com\/product\/6clbca\/","name":"Commandez de la poudre 6Clbca en ligne - 6Clbca \u00e0 vendre - Achetez aujourd'hui maintenant !","isPartOf":{"@id":"https:\/\/legitgrams.com\/#website"},"primaryImageOfPage":{"@id":"https:\/\/legitgrams.com\/product\/6clbca\/#primaryimage"},"image":{"@id":"https:\/\/legitgrams.com\/product\/6clbca\/#primaryimage"},"thumbnailUrl":"https:\/\/legitgrams.com\/wp-content\/uploads\/2024\/08\/6clbca.gif","datePublished":"2024-08-03T05:49:29+00:00","dateModified":"2025-01-11T11:46:23+00:00","description":"Dans notre magasin LegitGrams, vous pouvez obtenir 6clbca pour la vente \u00e0 un taux bon march\u00e9. Nous ne vendons que des produits de qualit\u00e9 sup\u00e9rieure. Achetez la poudre de 6clbca en ligne dans notre magasin maintenant. Passez votre commande tout de suite !","breadcrumb":{"@id":"https:\/\/legitgrams.com\/product\/6clbca\/#breadcrumb"},"inLanguage":"fr-BE","potentialAction":[{"@type":"ReadAction","target":["https:\/\/legitgrams.com\/product\/6clbca\/"]}]},{"@type":"ImageObject","inLanguage":"fr-BE","@id":"https:\/\/legitgrams.com\/product\/6clbca\/#primaryimage","url":"https:\/\/legitgrams.com\/wp-content\/uploads\/2024\/08\/6clbca.gif","contentUrl":"https:\/\/legitgrams.com\/wp-content\/uploads\/2024\/08\/6clbca.gif","width":600,"height":600,"caption":"6Clbca for Sale"},{"@type":"BreadcrumbList","@id":"https:\/\/legitgrams.com\/product\/6clbca\/#breadcrumb","itemListElement":[{"@type":"ListItem","position":1,"name":"Home","item":"https:\/\/legitgrams.com\/"},{"@type":"ListItem","position":2,"name":"Shop","item":"https:\/\/legitgrams.com\/shop\/"},{"@type":"ListItem","position":3,"name":"6clbca"}]},{"@type":"WebSite","@id":"https:\/\/legitgrams.com\/#website","url":"https:\/\/legitgrams.com\/","name":"Les grammes l\u00e9gitimes","description":"Mon blog WordPress","publisher":{"@id":"https:\/\/legitgrams.com\/#organization"},"potentialAction":[{"@type":"SearchAction","target":{"@type":"EntryPoint","urlTemplate":"https:\/\/legitgrams.com\/?s={search_term_string}"},"query-input":{"@type":"PropertyValueSpecification","valueRequired":true,"valueName":"search_term_string"}}],"inLanguage":"fr-BE"},{"@type":"Organization","@id":"https:\/\/legitgrams.com\/#organization","name":"Les grammes l\u00e9gitimes","url":"https:\/\/legitgrams.com\/","logo":{"@type":"ImageObject","inLanguage":"fr-BE","@id":"https:\/\/legitgrams.com\/#\/schema\/logo\/image\/","url":"https:\/\/legitgrams.com\/wp-content\/uploads\/2024\/09\/main-logo.png","contentUrl":"https:\/\/legitgrams.com\/wp-content\/uploads\/2024\/09\/main-logo.png","width":270,"height":75,"caption":"Legit Grams"},"image":{"@id":"https:\/\/legitgrams.com\/#\/schema\/logo\/image\/"}}]}},"uagb_featured_image_src":{"full":["https:\/\/legitgrams.com\/wp-content\/uploads\/2024\/08\/6clbca.gif",600,600,false],"thumbnail":["https:\/\/legitgrams.com\/wp-content\/uploads\/2024\/08\/6clbca-150x150.gif",150,150,true],"medium":["https:\/\/legitgrams.com\/wp-content\/uploads\/2024\/08\/6clbca-300x300.gif",300,300,true],"medium_large":["https:\/\/legitgrams.com\/wp-content\/uploads\/2024\/08\/6clbca.gif",600,600,false],"large":["https:\/\/legitgrams.com\/wp-content\/uploads\/2024\/08\/6clbca.gif",600,600,false],"1536x1536":["https:\/\/legitgrams.com\/wp-content\/uploads\/2024\/08\/6clbca.gif",600,600,false],"2048x2048":["https:\/\/legitgrams.com\/wp-content\/uploads\/2024\/08\/6clbca.gif",600,600,false],"trp-custom-language-flag":["https:\/\/legitgrams.com\/wp-content\/uploads\/2024\/08\/6clbca-12x12.gif",12,12,true],"woocommerce_thumbnail":["https:\/\/legitgrams.com\/wp-content\/uploads\/2024\/08\/6clbca-300x300.gif",300,300,true],"woocommerce_single":["https:\/\/legitgrams.com\/wp-content\/uploads\/2024\/08\/6clbca.gif",600,600,false],"woocommerce_gallery_thumbnail":["https:\/\/legitgrams.com\/wp-content\/uploads\/2024\/08\/6clbca-100x100.gif",100,100,true]},"uagb_author_info":{"display_name":"cokeblog18","author_link":"https:\/\/legitgrams.com\/fr\/author\/"},"uagb_comment_info":0,"uagb_excerpt":"6cl-adb-a for sale: Purchase 6cladba online in the USA Get 6CLBCA. A new cannabinoid called 6CLADBA, or 6-CL-ADB-A, has been created to take the role of 5-CL-ADB-A. 6CLADBA is recognized as a valid organization by many EU countries. 6cladba can be purchased online and shipped to any location in the world in a timely, cost-effective,&hellip;","_links":{"self":[{"href":"https:\/\/legitgrams.com\/fr\/wp-json\/wp\/v2\/product\/3308","targetHints":{"allow":["GET"]}}],"collection":[{"href":"https:\/\/legitgrams.com\/fr\/wp-json\/wp\/v2\/product"}],"about":[{"href":"https:\/\/legitgrams.com\/fr\/wp-json\/wp\/v2\/types\/product"}],"replies":[{"embeddable":true,"href":"https:\/\/legitgrams.com\/fr\/wp-json\/wp\/v2\/comments?post=3308"}],"wp:featuredmedia":[{"embeddable":true,"href":"https:\/\/legitgrams.com\/fr\/wp-json\/wp\/v2\/media\/3325"}],"wp:attachment":[{"href":"https:\/\/legitgrams.com\/fr\/wp-json\/wp\/v2\/media?parent=3308"}],"wp:term":[{"taxonomy":"product_brand","embeddable":true,"href":"https:\/\/legitgrams.com\/fr\/wp-json\/wp\/v2\/product_brand?post=3308"},{"taxonomy":"product_cat","embeddable":true,"href":"https:\/\/legitgrams.com\/fr\/wp-json\/wp\/v2\/product_cat?post=3308"},{"taxonomy":"product_tag","embeddable":true,"href":"https:\/\/legitgrams.com\/fr\/wp-json\/wp\/v2\/product_tag?post=3308"}],"curies":[{"name":"wp","href":"https:\/\/api.w.org\/{rel}","templated":true}]}}