{"id":3313,"date":"2024-08-03T05:49:11","date_gmt":"2024-08-03T05:49:11","guid":{"rendered":"https:\/\/cokebricks.com\/?post_type=product&#038;p=3313"},"modified":"2025-03-08T06:04:40","modified_gmt":"2025-03-08T06:04:40","slug":"isotonitazene","status":"publish","type":"product","link":"https:\/\/legitgrams.com\/fr\/produit\/isotonitazene\/","title":{"rendered":"Acheter Isotonitazene en ligne"},"content":{"rendered":"<h2>Acheter de l'isotonitaz\u00e8ne en ligne<\/h2>\n<p><a href=\"https:\/\/legitgrams.com\/fr\/produit\/isotonitazene\/\">Acheter Isotonitazene<\/a> Le fentanyl est une drogue sp\u00e9ciale qui n\u2019est pas encore ill\u00e9gale. Cependant, le nombre de d\u00e9c\u00e8s a augment\u00e9. De nombreux d\u00e9c\u00e8s aux \u00c9tats-Unis ont \u00e9t\u00e9 li\u00e9s \u00e0 un nouvel opio\u00efde synth\u00e9tique l\u00e9gal, tout aussi mortel que le fentanyl. La d\u00e9couverte d\u2019isotonitaz\u00e8ne dans la cha\u00eene alimentaire nord-am\u00e9ricaine semble confirmer les inqui\u00e9tudes soulev\u00e9es il y a un an quant \u00e0 la possibilit\u00e9 que les drogues de laboratoire \u00e0 l\u2019origine de la crise des opio\u00efdes dans le pays ne soient pas arr\u00eat\u00e9es. <a href=\"https:\/\/www.bing.com\/search?q=Buy%20Isotonitazene%20Online&amp;qs=n&amp;form=QBRE&amp;sp=-1&amp;lq=0&amp;pq=buy%20isotonitazene%20online&amp;sc=0-24&amp;sk=&amp;cvid=C8773ECBD1FF437F900CC7D38DE1EDBA&amp;ghsh=0&amp;ghacc=0&amp;ghpl=\">isotonitaz\u00e8ne<\/a> L\u2019\u00e9volution de l\u2019approvisionnement alimentaire nord-am\u00e9ricain semble confirmer les inqui\u00e9tudes soulev\u00e9es il y a un an selon lesquelles les m\u00e9dicaments fabriqu\u00e9s en laboratoire, \u00e0 l\u2019origine de la crise des opio\u00efdes dans le pays, ne seraient pas stopp\u00e9s.<\/p>\n<h3>O\u00f9 puis-je obtenir Iso Powder en ligne ?<\/h3>\n<p>Selon une annonce r\u00e9cente de Barry K. Logan, scientifique en chef des laboratoires NMS et expert mondial en toxicologie m\u00e9dico-l\u00e9gale, ses coll\u00e8gues ont trouv\u00e9 de l'isotonitaz\u00e8ne, la m\u00eame mol\u00e9cule que le fentanyl, dans des \u00e9chantillons de plus de 200 consommateurs de drogue d\u00e9c\u00e9d\u00e9s dans le Midwest et le Nord-Est. <a href=\"https:\/\/www.bing.com\/search?q=Buy%20Isotonitazene%20Online&amp;qs=n&amp;form=QBRE&amp;sp=-1&amp;lq=0&amp;pq=buy%20isotonitazene%20online&amp;sc=0-24&amp;sk=&amp;cvid=C8773ECBD1FF437F900CC7D38DE1EDBA&amp;ghsh=0&amp;ghacc=0&amp;ghpl=\">isotonitaz\u00e8ne<\/a>, the same molecule as fentanyl, in samples from more than 200 drug users died in the Midwest and Northeast. <a href=\"https:\/\/legitgrams.com\/fr\/\">LegitGrams<\/a><\/p>\n<p>Logan a d\u00e9clar\u00e9 : \"Le nouvel agent le plus courant et le plus largement utilis\u00e9 aux \u00c9tats-Unis est l'isotonitaz\u00e8ne\". <a href=\"https:\/\/duckduckgo.com\/?q=Buy+Isotonitazene+Online&amp;t=h_&amp;ia=web\">isotonitaz\u00e8ne<\/a>.&#8221;<\/p>\n<p>indicates that the number of deaths in the US from <a href=\"https:\/\/duckduckgo.com\/?q=Buy+Isotonitazene+Online&amp;t=h_&amp;ia=web\">isotonitaz\u00e8ne<\/a> has increased from about six during the summer to 40 to 50 every month.<\/p>\n<h3>Achetez des opio\u00efdes synth\u00e9tiques fiables en ligne.<\/h3>\n<p>L\u2019\u00e9quipe de Logan n\u2019a d\u00e9couvert que 12 nouveaux opio\u00efdes aux \u00c9tats-Unis l\u2019ann\u00e9e derni\u00e8re, mais l\u2019isotonitaz\u00e8ne est rapidement devenu c\u00e9l\u00e8bre. \u00ab La substance qui devient de plus en plus populaire est l\u2019isotonitaz\u00e8ne ; nous n\u2019en rencontrons de nouveaux qu\u2019une ou deux fois.<\/p>\n<p>Selon Logan, \u00ab le nouvel agent le plus courant et le plus utilis\u00e9 aux \u00c9tats-Unis est l\u2019isotonitaz\u00e8ne. \u00bb<\/p>\n<p>indicates that the number of deaths in the US from <a href=\"https:\/\/www.google.com\/search?q=Buy+Isotonitazene+Online&amp;num=10&amp;sca_esv=1a2a07081c7891bb&amp;rlz=1C1RXQR_enIN1098IN1098&amp;sxsrf=AHTn8zqRnNcZtkQEK_gLmxgthNuOExdFTw%3A1741413766389&amp;ei=ht3LZ5uqF6qeseMP4Yn5-Ak&amp;ved=0ahUKEwibhc_n5_mLAxUqT2wGHeFEHp8Q4dUDCBI&amp;uact=5&amp;oq=Buy+Isotonitazene+Online&amp;gs_lp=Egxnd3Mtd2l6LXNlcnAiGEJ1eSBJc290b25pdGF6ZW5lIE9ubGluZUilClCkBlikBnADeACQAQCYAagBoAGoAaoBAzAuMbgBA8gBAPgBAvgBAZgCAKACAJgDAIgGAZIHAKAHTA&amp;sclient=gws-wiz-serp\">isotonitaz\u00e8ne<\/a> has increased from about six during the summer to 40 to 50 every month.<\/p>\n<h3>Achetez des opio\u00efdes synth\u00e9tiques fiables en ligne.<\/h3>\n<p>L\u2019\u00e9quipe de Logan n\u2019a d\u00e9couvert que 12 nouveaux opio\u00efdes aux \u00c9tats-Unis l\u2019ann\u00e9e derni\u00e8re, mais <a href=\"https:\/\/en.wikipedia.org\/wiki\/Isotonitazene\">isotonitaz\u00e8ne<\/a> est rapidement devenu c\u00e9l\u00e8bre. \u00ab L\u2019isotonitaz\u00e8ne est la substance la plus fr\u00e9quemment observ\u00e9e ; la plupart des nouvelles n\u2019apparaissent qu\u2019une ou deux fois.<\/p>\n<p>The largest synthetic opioid sold online in Canada is also impacted. In March, <a href=\"https:\/\/www.google.com\/search?q=Buy+Isotonitazene+Online&amp;num=10&amp;sca_esv=1a2a07081c7891bb&amp;rlz=1C1RXQR_enIN1098IN1098&amp;sxsrf=AHTn8zqRnNcZtkQEK_gLmxgthNuOExdFTw%3A1741413766389&amp;ei=ht3LZ5uqF6qeseMP4Yn5-Ak&amp;ved=0ahUKEwibhc_n5_mLAxUqT2wGHeFEHp8Q4dUDCBI&amp;uact=5&amp;oq=Buy+Isotonitazene+Online&amp;gs_lp=Egxnd3Mtd2l6LXNlcnAiGEJ1eSBJc290b25pdGF6ZW5lIE9ubGluZUilClCkBlikBnADeACQAQCYAagBoAGoAaoBAzAuMbgBA8gBAPgBAvgBAZgCAKACAJgDAIgGAZIHAKAHTA&amp;sclient=gws-wiz-serp\">isotonitaz\u00e8ne<\/a> Le plus important opio\u00efde synth\u00e9tique vendu en ligne au Canada est \u00e9galement touch\u00e9. En mars, de l\u2019isotonitaz\u00e8ne a \u00e9t\u00e9 d\u00e9couvert dans 1\u00a0900 m\u00e9dicaments d\u2019ordonnance contrefaits \u00e0 Terre-Neuve et en Nouvelle-\u00c9cosse. Le m\u00e9dicament \u00e9tait formul\u00e9 sous forme de comprim\u00e9s semblables \u00e0 l\u2019hydromorphone. Le Dilaudid, parfois connu sous le nom d\u2019Oxycontin, est un opio\u00efde synth\u00e9tique tr\u00e8s recherch\u00e9.<\/p>\n<h2><\/h2>\n<h2><\/h2>\n<h2><\/h2>\n<p>&nbsp;<\/p>","protected":false},"excerpt":{"rendered":"<p>Purchase Online Isotonitazene Buy Isotonitazene is a special drug that isn&#8217;t yet illegal. However, the number of fatalities has increased. Many deaths in the United States have been linked to a new, legal synthetic opioid that is equally deadly as fentanyl. The discovery of isotonitazene in North America&#8217;s food chain seems to confirm concerns raised &hellip;<\/p>\n<p class=\"read-more\"> <a class=\"\" href=\"https:\/\/legitgrams.com\/fr\/produit\/isotonitazene\/\"> <span class=\"screen-reader-text\">Acheter Isotonitazene en ligne<\/span> Lire la suite \"<\/a><\/p>","protected":false},"featured_media":3322,"comment_status":"open","ping_status":"closed","template":"","meta":{"_uag_custom_page_level_css":"","site-sidebar-layout":"default","site-content-layout":"default","ast-global-header-display":"","ast-main-header-display":"","ast-hfb-above-header-display":"","ast-hfb-below-header-display":"","ast-hfb-mobile-header-display":"","site-post-title":"","ast-breadcrumbs-content":"","ast-featured-img":"","footer-sml-layout":"","theme-transparent-header-meta":"default","adv-header-id-meta":"","stick-header-meta":"default","header-above-stick-meta":"","header-main-stick-meta":"","header-below-stick-meta":"","_joinchat":[]},"product_brand":[],"product_cat":[190],"product_tag":[252,253,254,255,256,257,258,259,260,261,262],"class_list":{"0":"post-3313","1":"product","2":"type-product","3":"status-publish","4":"has-post-thumbnail","6":"product_cat-cannabinoids","7":"product_tag-buy-isotodesnitazene","8":"product_tag-buy-isotodesnitazene-usa","9":"product_tag-for-sale-isotodesnitazene","10":"product_tag-isotodesnitazene","11":"product_tag-isotodesnitazene-for-sale","12":"product_tag-isotodesnitazene-for-sale-online","13":"product_tag-isotodesnitazene-supplier","14":"product_tag-isotodesnitazene-suppliers","15":"product_tag-isotodesnitazene-vendor","16":"product_tag-order-isotodesnitazene-canada","17":"product_tag-where-to-buy-isotodesnitazene-australia","18":"desktop-align-left","19":"tablet-align-left","20":"mobile-align-left","21":"ast-product-gallery-layout-horizontal","22":"ast-product-gallery-with-no-image","23":"ast-product-single-variable","24":"ast-product-tabs-layout-horizontal","25":"ast-qv-on-image","27":"first","28":"instock","29":"shipping-taxable","30":"purchasable","31":"product-type-variable"},"yoast_head":"<!-- This site is optimized with the Yoast SEO plugin v25.9 - https:\/\/yoast.com\/wordpress\/plugins\/seo\/ -->\n<title>Isotonitazene for Sale - Order Isotonitazene Online | LegitGrams<\/title>\n<meta name=\"description\" content=\"You can get in touch with our Legitgrams store and buy Isotonitazen online. We have Isotonitazen for sale at cheap prices. Get yours at your place right away!\" \/>\n<meta name=\"robots\" content=\"index, follow, max-snippet:-1, max-image-preview:large, max-video-preview:-1\" \/>\n<link rel=\"canonical\" href=\"https:\/\/legitgrams.com\/fr\/produit\/isotonitazene\/\" \/>\n<meta property=\"og:locale\" content=\"fr_FR\" \/>\n<meta property=\"og:type\" content=\"article\" \/>\n<meta property=\"og:title\" content=\"Isotonitazene for Sale - Order Isotonitazene Online | LegitGrams\" \/>\n<meta property=\"og:description\" content=\"You can get in touch with our Legitgrams store and buy Isotonitazen online. We have Isotonitazen for sale at cheap prices. Get yours at your place right away!\" \/>\n<meta property=\"og:url\" content=\"https:\/\/legitgrams.com\/fr\/produit\/isotonitazene\/\" \/>\n<meta property=\"og:site_name\" content=\"Legit Grams\" \/>\n<meta property=\"article:modified_time\" content=\"2025-03-08T06:04:40+00:00\" \/>\n<meta property=\"og:image\" content=\"https:\/\/legitgrams.com\/wp-content\/uploads\/2024\/08\/Isotonitazene.gif\" \/>\n\t<meta property=\"og:image:width\" content=\"600\" \/>\n\t<meta property=\"og:image:height\" content=\"600\" \/>\n\t<meta property=\"og:image:type\" content=\"image\/gif\" \/>\n<meta name=\"twitter:card\" content=\"summary_large_image\" \/>\n<meta name=\"twitter:label1\" content=\"Dur\u00e9e de lecture est.\" \/>\n\t<meta name=\"twitter:data1\" content=\"2 minutes\" \/>\n<script type=\"application\/ld+json\" class=\"yoast-schema-graph\">{\"@context\":\"https:\/\/schema.org\",\"@graph\":[{\"@type\":\"WebPage\",\"@id\":\"https:\/\/legitgrams.com\/product\/isotonitazene\/\",\"url\":\"https:\/\/legitgrams.com\/product\/isotonitazene\/\",\"name\":\"Isotonitazene for Sale - Order Isotonitazene Online | LegitGrams\",\"isPartOf\":{\"@id\":\"https:\/\/legitgrams.com\/#website\"},\"primaryImageOfPage\":{\"@id\":\"https:\/\/legitgrams.com\/product\/isotonitazene\/#primaryimage\"},\"image\":{\"@id\":\"https:\/\/legitgrams.com\/product\/isotonitazene\/#primaryimage\"},\"thumbnailUrl\":\"https:\/\/legitgrams.com\/wp-content\/uploads\/2024\/08\/Isotonitazene.gif\",\"datePublished\":\"2024-08-03T05:49:11+00:00\",\"dateModified\":\"2025-03-08T06:04:40+00:00\",\"description\":\"You can get in touch with our Legitgrams store and buy Isotonitazen online. We have Isotonitazen for sale at cheap prices. Get yours at your place right away!\",\"breadcrumb\":{\"@id\":\"https:\/\/legitgrams.com\/product\/isotonitazene\/#breadcrumb\"},\"inLanguage\":\"fr-BE\",\"potentialAction\":[{\"@type\":\"ReadAction\",\"target\":[\"https:\/\/legitgrams.com\/product\/isotonitazene\/\"]}]},{\"@type\":\"ImageObject\",\"inLanguage\":\"fr-BE\",\"@id\":\"https:\/\/legitgrams.com\/product\/isotonitazene\/#primaryimage\",\"url\":\"https:\/\/legitgrams.com\/wp-content\/uploads\/2024\/08\/Isotonitazene.gif\",\"contentUrl\":\"https:\/\/legitgrams.com\/wp-content\/uploads\/2024\/08\/Isotonitazene.gif\",\"width\":600,\"height\":600,\"caption\":\"Isotonitazene for Sale\"},{\"@type\":\"BreadcrumbList\",\"@id\":\"https:\/\/legitgrams.com\/product\/isotonitazene\/#breadcrumb\",\"itemListElement\":[{\"@type\":\"ListItem\",\"position\":1,\"name\":\"Home\",\"item\":\"https:\/\/legitgrams.com\/\"},{\"@type\":\"ListItem\",\"position\":2,\"name\":\"Shop\",\"item\":\"https:\/\/legitgrams.com\/shop\/\"},{\"@type\":\"ListItem\",\"position\":3,\"name\":\"Buy Isotonitazene Online\"}]},{\"@type\":\"WebSite\",\"@id\":\"https:\/\/legitgrams.com\/#website\",\"url\":\"https:\/\/legitgrams.com\/\",\"name\":\"Legit Grams\",\"description\":\"My WordPress Blog\",\"publisher\":{\"@id\":\"https:\/\/legitgrams.com\/#organization\"},\"potentialAction\":[{\"@type\":\"SearchAction\",\"target\":{\"@type\":\"EntryPoint\",\"urlTemplate\":\"https:\/\/legitgrams.com\/?s={search_term_string}\"},\"query-input\":{\"@type\":\"PropertyValueSpecification\",\"valueRequired\":true,\"valueName\":\"search_term_string\"}}],\"inLanguage\":\"fr-BE\"},{\"@type\":\"Organization\",\"@id\":\"https:\/\/legitgrams.com\/#organization\",\"name\":\"Legit Grams\",\"url\":\"https:\/\/legitgrams.com\/\",\"logo\":{\"@type\":\"ImageObject\",\"inLanguage\":\"fr-BE\",\"@id\":\"https:\/\/legitgrams.com\/#\/schema\/logo\/image\/\",\"url\":\"https:\/\/legitgrams.com\/wp-content\/uploads\/2024\/09\/main-logo.png\",\"contentUrl\":\"https:\/\/legitgrams.com\/wp-content\/uploads\/2024\/09\/main-logo.png\",\"width\":270,\"height\":75,\"caption\":\"Legit Grams\"},\"image\":{\"@id\":\"https:\/\/legitgrams.com\/#\/schema\/logo\/image\/\"}}]}<\/script>\n<!-- \/ Yoast SEO plugin. -->","yoast_head_json":{"title":"Isotonitazene for Sale - Order Isotonitazene Online | LegitGrams","description":"Vous pouvez contacter notre magasin Legitgrams et acheter Isotonitazen en ligne. Nous avons des Isotonitazen \u00e0 vendre \u00e0 des prix bon march\u00e9. Obtenez le v\u00f4tre \u00e0 votre place imm\u00e9diatement !","robots":{"index":"index","follow":"follow","max-snippet":"max-snippet:-1","max-image-preview":"max-image-preview:large","max-video-preview":"max-video-preview:-1"},"canonical":"https:\/\/legitgrams.com\/fr\/produit\/isotonitazene\/","og_locale":"fr_FR","og_type":"article","og_title":"Isotonitazene for Sale - Order Isotonitazene Online | LegitGrams","og_description":"You can get in touch with our Legitgrams store and buy Isotonitazen online. We have Isotonitazen for sale at cheap prices. Get yours at your place right away!","og_url":"https:\/\/legitgrams.com\/fr\/produit\/isotonitazene\/","og_site_name":"Legit Grams","article_modified_time":"2025-03-08T06:04:40+00:00","og_image":[{"width":600,"height":600,"url":"https:\/\/legitgrams.com\/wp-content\/uploads\/2024\/08\/Isotonitazene.gif","type":"image\/gif"}],"twitter_card":"summary_large_image","twitter_misc":{"Dur\u00e9e de lecture est.":"2 minutes"},"schema":{"@context":"https:\/\/schema.org","@graph":[{"@type":"WebPage","@id":"https:\/\/legitgrams.com\/product\/isotonitazene\/","url":"https:\/\/legitgrams.com\/product\/isotonitazene\/","name":"Isotonitazene for Sale - Order Isotonitazene Online | LegitGrams","isPartOf":{"@id":"https:\/\/legitgrams.com\/#website"},"primaryImageOfPage":{"@id":"https:\/\/legitgrams.com\/product\/isotonitazene\/#primaryimage"},"image":{"@id":"https:\/\/legitgrams.com\/product\/isotonitazene\/#primaryimage"},"thumbnailUrl":"https:\/\/legitgrams.com\/wp-content\/uploads\/2024\/08\/Isotonitazene.gif","datePublished":"2024-08-03T05:49:11+00:00","dateModified":"2025-03-08T06:04:40+00:00","description":"Vous pouvez contacter notre magasin Legitgrams et acheter Isotonitazen en ligne. Nous avons des Isotonitazen \u00e0 vendre \u00e0 des prix bon march\u00e9. Obtenez le v\u00f4tre \u00e0 votre place imm\u00e9diatement !","breadcrumb":{"@id":"https:\/\/legitgrams.com\/product\/isotonitazene\/#breadcrumb"},"inLanguage":"fr-BE","potentialAction":[{"@type":"ReadAction","target":["https:\/\/legitgrams.com\/product\/isotonitazene\/"]}]},{"@type":"ImageObject","inLanguage":"fr-BE","@id":"https:\/\/legitgrams.com\/product\/isotonitazene\/#primaryimage","url":"https:\/\/legitgrams.com\/wp-content\/uploads\/2024\/08\/Isotonitazene.gif","contentUrl":"https:\/\/legitgrams.com\/wp-content\/uploads\/2024\/08\/Isotonitazene.gif","width":600,"height":600,"caption":"Isotonitazene for Sale"},{"@type":"BreadcrumbList","@id":"https:\/\/legitgrams.com\/product\/isotonitazene\/#breadcrumb","itemListElement":[{"@type":"ListItem","position":1,"name":"Home","item":"https:\/\/legitgrams.com\/"},{"@type":"ListItem","position":2,"name":"Shop","item":"https:\/\/legitgrams.com\/shop\/"},{"@type":"ListItem","position":3,"name":"Buy Isotonitazene Online"}]},{"@type":"WebSite","@id":"https:\/\/legitgrams.com\/#website","url":"https:\/\/legitgrams.com\/","name":"Les grammes l\u00e9gitimes","description":"Mon blog WordPress","publisher":{"@id":"https:\/\/legitgrams.com\/#organization"},"potentialAction":[{"@type":"SearchAction","target":{"@type":"EntryPoint","urlTemplate":"https:\/\/legitgrams.com\/?s={search_term_string}"},"query-input":{"@type":"PropertyValueSpecification","valueRequired":true,"valueName":"search_term_string"}}],"inLanguage":"fr-BE"},{"@type":"Organization","@id":"https:\/\/legitgrams.com\/#organization","name":"Les grammes l\u00e9gitimes","url":"https:\/\/legitgrams.com\/","logo":{"@type":"ImageObject","inLanguage":"fr-BE","@id":"https:\/\/legitgrams.com\/#\/schema\/logo\/image\/","url":"https:\/\/legitgrams.com\/wp-content\/uploads\/2024\/09\/main-logo.png","contentUrl":"https:\/\/legitgrams.com\/wp-content\/uploads\/2024\/09\/main-logo.png","width":270,"height":75,"caption":"Legit Grams"},"image":{"@id":"https:\/\/legitgrams.com\/#\/schema\/logo\/image\/"}}]}},"uagb_featured_image_src":{"full":["https:\/\/legitgrams.com\/wp-content\/uploads\/2024\/08\/Isotonitazene.gif",600,600,false],"thumbnail":["https:\/\/legitgrams.com\/wp-content\/uploads\/2024\/08\/Isotonitazene-150x150.gif",150,150,true],"medium":["https:\/\/legitgrams.com\/wp-content\/uploads\/2024\/08\/Isotonitazene-300x300.gif",300,300,true],"medium_large":["https:\/\/legitgrams.com\/wp-content\/uploads\/2024\/08\/Isotonitazene.gif",600,600,false],"large":["https:\/\/legitgrams.com\/wp-content\/uploads\/2024\/08\/Isotonitazene.gif",600,600,false],"1536x1536":["https:\/\/legitgrams.com\/wp-content\/uploads\/2024\/08\/Isotonitazene.gif",600,600,false],"2048x2048":["https:\/\/legitgrams.com\/wp-content\/uploads\/2024\/08\/Isotonitazene.gif",600,600,false],"trp-custom-language-flag":["https:\/\/legitgrams.com\/wp-content\/uploads\/2024\/08\/Isotonitazene-12x12.gif",12,12,true],"woocommerce_thumbnail":["https:\/\/legitgrams.com\/wp-content\/uploads\/2024\/08\/Isotonitazene-300x300.gif",300,300,true],"woocommerce_single":["https:\/\/legitgrams.com\/wp-content\/uploads\/2024\/08\/Isotonitazene.gif",600,600,false],"woocommerce_gallery_thumbnail":["https:\/\/legitgrams.com\/wp-content\/uploads\/2024\/08\/Isotonitazene-100x100.gif",100,100,true]},"uagb_author_info":{"display_name":"cokeblog18","author_link":"https:\/\/legitgrams.com\/fr\/author\/"},"uagb_comment_info":0,"uagb_excerpt":"Purchase Online Isotonitazene Buy Isotonitazene is a special drug that isn&#8217;t yet illegal. However, the number of fatalities has increased. Many deaths in the United States have been linked to a new, legal synthetic opioid that is equally deadly as fentanyl. The discovery of isotonitazene in North America&#8217;s food chain seems to confirm concerns raised&hellip;","_links":{"self":[{"href":"https:\/\/legitgrams.com\/fr\/wp-json\/wp\/v2\/product\/3313","targetHints":{"allow":["GET"]}}],"collection":[{"href":"https:\/\/legitgrams.com\/fr\/wp-json\/wp\/v2\/product"}],"about":[{"href":"https:\/\/legitgrams.com\/fr\/wp-json\/wp\/v2\/types\/product"}],"replies":[{"embeddable":true,"href":"https:\/\/legitgrams.com\/fr\/wp-json\/wp\/v2\/comments?post=3313"}],"wp:featuredmedia":[{"embeddable":true,"href":"https:\/\/legitgrams.com\/fr\/wp-json\/wp\/v2\/media\/3322"}],"wp:attachment":[{"href":"https:\/\/legitgrams.com\/fr\/wp-json\/wp\/v2\/media?parent=3313"}],"wp:term":[{"taxonomy":"product_brand","embeddable":true,"href":"https:\/\/legitgrams.com\/fr\/wp-json\/wp\/v2\/product_brand?post=3313"},{"taxonomy":"product_cat","embeddable":true,"href":"https:\/\/legitgrams.com\/fr\/wp-json\/wp\/v2\/product_cat?post=3313"},{"taxonomy":"product_tag","embeddable":true,"href":"https:\/\/legitgrams.com\/fr\/wp-json\/wp\/v2\/product_tag?post=3313"}],"curies":[{"name":"wp","href":"https:\/\/api.w.org\/{rel}","templated":true}]}}